{"id":6036,"date":"2023-02-01T13:45:53","date_gmt":"2023-02-01T13:45:53","guid":{"rendered":"https:\/\/moverdb.com\/?page_id=6036"},"modified":"2026-01-08T15:29:19","modified_gmt":"2026-01-08T15:29:19","slug":"stahovanie-spolocnosti-dominican-republic","status":"publish","type":"page","link":"https:\/\/moverdb.com\/sk\/moving-companies\/moving-companies-dominican-republic\/","title":{"rendered":"6 najlep\u0161\u00edch medzin\u00e1rodn\u00fdch s\u0165ahovac\u00edch spolo\u010dnost\u00ed v Dominik\u00e1nskej republike"},"content":{"rendered":"<p>Ak sa s\u0165ahujete domov alebo s\u0165ahujete svoju firmu do Dominik\u00e1nskej republiky alebo z Dominik\u00e1nskej republiky, mo\u017eno h\u013ead\u00e1te pomoc. S\u0165ahovacia alebo premiest\u0148ovacia spolo\u010dnos\u0165 by v\u00e1m mohla pom\u00f4c\u0165 u\u013eah\u010di\u0165 s\u0165ahovanie a zbavi\u0165 v\u00e1s \u010dasti stresu. Ni\u017e\u0161ie sme zostavili zoznam Dominik\u00e1nskej republiky <a href=\"https:\/\/moverdb.com\/sk\/international-removals\/\" data-internallinksmanager029f6b8e52c=\"27\" title=\"36 najlep\u0161\u00edch medzin\u00e1rodn\u00fdch s\u0165ahovac\u00edch spolo\u010dnost\u00ed v Spojenom kr\u00e1\u013eovstve\">s\u0165ahovacie spolo\u010dnosti<\/a> ktor\u00e9 s\u00fa \u010dlenmi <a href=\"https:\/\/moverdb.com\/sk\/iam\/\" data-internallinksmanager029f6b8e52c=\"23\" title=\"Vysvetlenie Medzin\u00e1rodnej asoci\u00e1cie s\u0165ahovate\u013eov (IAM)\">Medzin\u00e1rodn\u00e1 asoci\u00e1cia s\u0165ahovate\u013eov<\/a> (IAM) a\/alebo <a href=\"https:\/\/moverdb.com\/sk\/fidi-faim\/\" data-internallinksmanager029f6b8e52c=\"16\" title=\"Vysvetlenie FIDI a FAIM (FIDI akreditovan\u00fd medzin\u00e1rodn\u00fd prepravca)\">FIDI<\/a> Akreditovan\u00fd medzin\u00e1rodn\u00fd prepravca (FAIM), ktor\u00fd by v\u00e1m mohol pom\u00f4c\u0165.<\/p>\n<div id=\"ez-toc-container\" class=\"ez-toc-v2_0_82_2 ez-toc-wrap-left counter-hierarchy ez-toc-counter ez-toc-transparent ez-toc-container-direction\">\n<div class=\"ez-toc-title-container\">\n<p class=\"ez-toc-title\" style=\"cursor:inherit\">Sekcie<\/p>\n<span class=\"ez-toc-title-toggle\"><a href=\"#\" class=\"ez-toc-pull-right ez-toc-btn ez-toc-btn-xs ez-toc-btn-default ez-toc-toggle\" aria-label=\"Prep\u00ednanie tabu\u013eky obsahu\"><span class=\"ez-toc-js-icon-con\"><span class=\"\"><span class=\"eztoc-hide\" style=\"display:none;\">Prep\u00edna\u010d<\/span><span class=\"ez-toc-icon-toggle-span\"><svg style=\"fill: #999;color:#999\" xmlns=\"http:\/\/www.w3.org\/2000\/svg\" class=\"list-377408\" width=\"20px\" height=\"20px\" viewbox=\"0 0 24 24\" fill=\"none\"><path d=\"M6 6H4v2h2V6zm14 0H8v2h12V6zM4 11h2v2H4v-2zm16 0H8v2h12v-2zM4 16h2v2H4v-2zm16 0H8v2h12v-2z\" fill=\"currentColor\"><\/path><\/svg><svg style=\"fill: #999;color:#999\" class=\"arrow-unsorted-368013\" xmlns=\"http:\/\/www.w3.org\/2000\/svg\" width=\"10px\" height=\"10px\" viewbox=\"0 0 24 24\" version=\"1.2\" baseprofile=\"tiny\"><path d=\"M18.2 9.3l-6.2-6.3-6.2 6.3c-.2.2-.3.4-.3.7s.1.5.3.7c.2.2.4.3.7.3h11c.3 0 .5-.1.7-.3.2-.2.3-.5.3-.7s-.1-.5-.3-.7zM5.8 14.7l6.2 6.3 6.2-6.3c.2-.2.3-.5.3-.7s-.1-.5-.3-.7c-.2-.2-.4-.3-.7-.3h-11c-.3 0-.5.1-.7.3-.2.2-.3.5-.3.7s.1.5.3.7z\"\/><\/svg><\/span><\/span><\/span><\/a><\/span><\/div>\n<nav><ul class='ez-toc-list ez-toc-list-level-1 eztoc-toggle-hide-by-default' ><li class='ez-toc-page-1 ez-toc-heading-level-2'><a class=\"ez-toc-link ez-toc-heading-1\" href=\"https:\/\/moverdb.com\/sk\/moving-companies\/moving-companies-dominican-republic\/#1_International_Packers\" >1. Medzin\u00e1rodn\u00e9 baliarne<\/a><\/li><li class='ez-toc-page-1 ez-toc-heading-level-2'><a class=\"ez-toc-link ez-toc-heading-2\" href=\"https:\/\/moverdb.com\/sk\/moving-companies\/moving-companies-dominican-republic\/#2_Mega_Movers\" >2. Mega Movers<\/a><\/li><li class='ez-toc-page-1 ez-toc-heading-level-2'><a class=\"ez-toc-link ez-toc-heading-3\" href=\"https:\/\/moverdb.com\/sk\/moving-companies\/moving-companies-dominican-republic\/#3_Dominican_International_Moving\" >3. Dominik\u00e1nske medzin\u00e1rodn\u00e9 s\u0165ahovanie<\/a><\/li><li class='ez-toc-page-1 ez-toc-heading-level-2'><a class=\"ez-toc-link ez-toc-heading-4\" href=\"https:\/\/moverdb.com\/sk\/moving-companies\/moving-companies-dominican-republic\/#4_Frank_Leo\" >4. Frank Leo<\/a><\/li><li class='ez-toc-page-1 ez-toc-heading-level-2'><a class=\"ez-toc-link ez-toc-heading-5\" href=\"https:\/\/moverdb.com\/sk\/moving-companies\/moving-companies-dominican-republic\/#5_L_G_International_Movers\" >5. L&amp;G International Movers<\/a><\/li><li class='ez-toc-page-1 ez-toc-heading-level-2'><a class=\"ez-toc-link ez-toc-heading-6\" href=\"https:\/\/moverdb.com\/sk\/moving-companies\/moving-companies-dominican-republic\/#6_Latino_Express\" >6. Latino Express<\/a><\/li><\/ul><\/nav><\/div>\n<h2><span class=\"ez-toc-section\" id=\"1_International_Packers\"><\/span><strong>1. Medzin\u00e1rodn\u00e9 baliarne<\/strong><span class=\"ez-toc-section-end\"><\/span><\/h2>\n<p><img loading=\"lazy\" decoding=\"async\" class=\"alignnone size-full wp-image-5961\" src=\"https:\/\/moverdb.com\/wp-content\/uploads\/International-Packers-international-moving-company.png\" alt=\"Medzin\u00e1rodn\u00e9 Packers medzin\u00e1rodn\u00e9 s\u0165ahovanie spolo\u010dnos\u0165\" width=\"1440\" height=\"683\" data-wp-pid=\"5961\" srcset=\"https:\/\/moverdb.com\/wp-content\/uploads\/International-Packers-international-moving-company.png 1440w, https:\/\/moverdb.com\/wp-content\/uploads\/International-Packers-international-moving-company-300x142.png 300w, https:\/\/moverdb.com\/wp-content\/uploads\/International-Packers-international-moving-company-1024x486.png 1024w, https:\/\/moverdb.com\/wp-content\/uploads\/International-Packers-international-moving-company-18x9.png 18w, https:\/\/moverdb.com\/wp-content\/uploads\/International-Packers-international-moving-company-600x285.png 600w\" sizes=\"auto, (max-width: 1440px) 100vw, 1440px\" \/><\/p>\n<ul>\n<li>N\u00e1rodn\u00e9 presuny<\/li>\n<li>Medzin\u00e1rodn\u00e9 s\u0165ahovanie<\/li>\n<li>S\u0165ahovanie dom\u00e1cnost\u00ed<\/li>\n<li>S\u0165ahovanie firiem<\/li>\n<li>Profesion\u00e1lne baliace slu\u017eby<\/li>\n<li>Coln\u00e1 podpora<\/li>\n<li>Preprava umeleck\u00fdch diel<\/li>\n<li>Preprava dom\u00e1cich zvierat<\/li>\n<li>Poistenie<\/li>\n<li>Skladovacie zariadenia<\/li>\n<\/ul>\n<p>International Packers je spolo\u010dnos\u0165 so s\u00eddlom v Santo Domingu, ktor\u00e1 bola zalo\u017een\u00e1 v roku 1989. Pon\u00faka s\u0165ahovacie a s\u0165ahovacie slu\u017eby vr\u00e1tane \u0161pecializovan\u00fdch slu\u017eieb na s\u0165ahovanie umeleck\u00fdch diel, prepravu dom\u00e1cich zvierat a pren\u00e1jom n\u00e1bytku. Je \u010dlenom IAM s 33-ro\u010dnou trad\u00edciou a je akreditovan\u00e1 organiz\u00e1ciou FIDI.<\/p>\n<p>International Packers pon\u00faka osobn\u00e9 slu\u017eby pre vn\u00fatro\u0161t\u00e1tne a medzin\u00e1rodn\u00e9 s\u0165ahovanie, ktor\u00e9 s\u00fa poskytovan\u00e9 medzin\u00e1rodn\u00fdmi s\u0165ahovac\u00edmi agentmi po celom svete. Poskytuj\u00fa slu\u017eby od dver\u00ed k dver\u00e1m, ktor\u00e9 zah\u0155\u0148aj\u00fa profesion\u00e1lne baliace slu\u017eby na ochranu va\u0161ich vec\u00ed a pon\u00fakaj\u00fa poistn\u00fa ochranu. V pr\u00edpade potreby poskytuj\u00fa aj skladovacie priestory.<\/p>\n<p>Webov\u00e1 lokalita: <a href=\"http:\/\/www.internt-packers.com.do\" target=\"_blank\" rel=\"noopener\">http:\/\/www.internt-packers.com.do<\/a><\/p>\n<h2><span class=\"ez-toc-section\" id=\"2_Mega_Movers\"><\/span><strong>2. Mega Movers<\/strong><span class=\"ez-toc-section-end\"><\/span><\/h2>\n<p><img loading=\"lazy\" decoding=\"async\" class=\"alignnone size-full wp-image-5970\" src=\"https:\/\/moverdb.com\/wp-content\/uploads\/Mega-Movers-international-moving-company.png\" alt=\"Mega Movers medzin\u00e1rodn\u00e9 s\u0165ahovanie spolo\u010dnos\u0165\" width=\"1440\" height=\"677\" data-wp-pid=\"5970\" srcset=\"https:\/\/moverdb.com\/wp-content\/uploads\/Mega-Movers-international-moving-company.png 1440w, https:\/\/moverdb.com\/wp-content\/uploads\/Mega-Movers-international-moving-company-300x141.png 300w, https:\/\/moverdb.com\/wp-content\/uploads\/Mega-Movers-international-moving-company-1024x481.png 1024w, https:\/\/moverdb.com\/wp-content\/uploads\/Mega-Movers-international-moving-company-18x8.png 18w, https:\/\/moverdb.com\/wp-content\/uploads\/Mega-Movers-international-moving-company-600x282.png 600w\" sizes=\"auto, (max-width: 1440px) 100vw, 1440px\" \/><\/p>\n<ul>\n<li>N\u00e1rodn\u00e9 presuny<\/li>\n<li>Medzin\u00e1rodn\u00e9 s\u0165ahovanie<\/li>\n<li>S\u0165ahovanie dom\u00e1cnost\u00ed<\/li>\n<li>S\u0165ahovanie kancel\u00e1ri\u00ed<\/li>\n<li>\u0160pecializuje sa na s\u0165ahovanie zdravotn\u00edckeho vybavenia<\/li>\n<li>Baliace slu\u017eby<\/li>\n<li>Debny na mieru<\/li>\n<li>\u0160pecializovan\u00e9 vybavenie<\/li>\n<li>Vybavenie pre nadrozmern\u00fd a\/alebo nadrozmern\u00fd tovar<\/li>\n<li>Poistenie<\/li>\n<\/ul>\n<p>Mega Movers je rodinn\u00e1 logistick\u00e1 spolo\u010dnos\u0165, ktor\u00e1 p\u00f4sob\u00ed v Dominik\u00e1nskej republike, Portoriku a Karibiku. Pon\u00faka manipul\u00e1ciu so strojmi, projekty na k\u013e\u00fa\u010d, s\u0165ahovanie nadrozmern\u00e9ho\/nadrozmern\u00e9ho tovaru a medzin\u00e1rodn\u00e9 s\u0165ahovanie dom\u00e1cnost\u00ed. Poskytuj\u00fa aj \u0161pecializovan\u00e9 slu\u017eby na s\u0165ahovanie zdravotn\u00edckeho vybavenia v r\u00e1mci Dominik\u00e1nskej republiky. S\u00fa \u010dlenom IAM s trojro\u010dn\u00fdm p\u00f4soben\u00edm.<\/p>\n<p>Spolo\u010dnos\u0165 Mega Movers poskytuje individu\u00e1lne slu\u017eby, ktor\u00e9 zah\u0155\u0148aj\u00fa konzult\u00e1cie a poradenstvo na mieste. Poskytuj\u00fa sk\u00fasen\u00fdch bali\u010dov a nov\u00e9 baliace materi\u00e1ly vr\u00e1tane debien na mieru, ktor\u00e9 si sami vyr\u00e1baj\u00fa. Spolupracuj\u00fa tie\u017e s viac ako 1 000 medzin\u00e1rodn\u00fdmi s\u0165ahovac\u00edmi agent\u00farami po celom svete, aby spolo\u010dne poskytovali slu\u017eby.<\/p>\n<p>Webov\u00e1 lokalita: <a href=\"http:\/\/www.megamovers.co\" target=\"_blank\" rel=\"noopener\">http:\/\/www.megamovers.co<\/a><\/p>\n<h2><span class=\"ez-toc-section\" id=\"3_Dominican_International_Moving\"><\/span><strong>3. Dominik\u00e1nske medzin\u00e1rodn\u00e9 s\u0165ahovanie<\/strong><span class=\"ez-toc-section-end\"><\/span><\/h2>\n<p><img loading=\"lazy\" decoding=\"async\" class=\"alignnone size-full wp-image-5939\" src=\"https:\/\/moverdb.com\/wp-content\/uploads\/Domincan-International-Moving-company.png\" alt=\"Dominik\u00e1nska medzin\u00e1rodn\u00e1 s\u0165ahovacia spolo\u010dnos\u0165\" width=\"1440\" height=\"672\" data-wp-pid=\"5939\" srcset=\"https:\/\/moverdb.com\/wp-content\/uploads\/Domincan-International-Moving-company.png 1440w, https:\/\/moverdb.com\/wp-content\/uploads\/Domincan-International-Moving-company-300x140.png 300w, https:\/\/moverdb.com\/wp-content\/uploads\/Domincan-International-Moving-company-1024x478.png 1024w, https:\/\/moverdb.com\/wp-content\/uploads\/Domincan-International-Moving-company-18x8.png 18w, https:\/\/moverdb.com\/wp-content\/uploads\/Domincan-International-Moving-company-600x280.png 600w\" sizes=\"auto, (max-width: 1440px) 100vw, 1440px\" \/><\/p>\n<ul>\n<li>N\u00e1rodn\u00e9 presuny<\/li>\n<li>Medzin\u00e1rodn\u00e9 s\u0165ahovanie<\/li>\n<li>S\u0165ahovanie do obytn\u00fdch priestorov<\/li>\n<li>Obchodn\u00e9 kroky<\/li>\n<li>Sk\u00fasenosti s manipul\u00e1ciou s citliv\u00fdmi a krehk\u00fdmi predmetmi<\/li>\n<li>Baliace slu\u017eby<\/li>\n<li>Coln\u00e1 podpora<\/li>\n<li>Preprava vozidiel<\/li>\n<li>Premiestnenie dom\u00e1ceho zviera\u0165a<\/li>\n<li>Skladovacie zariadenia<\/li>\n<\/ul>\n<p>Dominik\u00e1nske medzin\u00e1rodn\u00e9 s\u0165ahovanie je <a href=\"https:\/\/moverdb.com\/sk\/moving-companies\/\" data-internallinksmanager029f6b8e52c=\"79\" title=\"Top 25 medzin\u00e1rodn\u00fdch s\u0165ahovac\u00edch spolo\u010dnost\u00ed online\">s\u0165ahovacia spolo\u010dnos\u0165<\/a> so s\u00eddlom v Santo Domingu, ktor\u00e1 pon\u00faka vn\u00fatro\u0161t\u00e1tne a medzin\u00e1rodn\u00e9 s\u0165ahovanie a premiest\u0148ovanie. Pon\u00fakaj\u00fa aj prepravu vozidiel a s\u0165ahovanie dom\u00e1cich zvierat. S\u00fa \u010dlenom IAM a maj\u00fa sie\u0165 kvalifikovan\u00fdch agentov po celom svete, ktor\u00ed pom\u00e1haj\u00fa pri realiz\u00e1cii medzin\u00e1rodn\u00fdch s\u0165ahovan\u00ed.<\/p>\n<p>Dominican International Moving poskytuje komplexn\u00e9 rie\u0161enia s\u0165ahovania, ktor\u00e9 zah\u0155\u0148aj\u00fa bezpe\u010dn\u00e9 zabalenie v\u0161etk\u00fdch va\u0161ich vec\u00ed do \u0161pecializovan\u00fdch obalov, rozobratie n\u00e1bytku a zostavenie invent\u00e1ra. Zabezpe\u010d\u00ed prepravu va\u0161ich vec\u00ed, vybav\u00ed coln\u00e9 po\u017eiadavky, vylo\u017e\u00ed ich a zostav\u00ed n\u00e1bytok.<\/p>\n<p>Webov\u00e1 lokalita: <a href=\"http:\/\/www.dim.do\/\" target=\"_blank\" rel=\"noopener\">http:\/\/www.dim.do\/<\/a><\/p>\n<h2><span class=\"ez-toc-section\" id=\"4_Frank_Leo\"><\/span><strong>4. Frank Leo<\/strong><span class=\"ez-toc-section-end\"><\/span><\/h2>\n<p><img loading=\"lazy\" decoding=\"async\" class=\"alignnone size-full wp-image-5946\" src=\"https:\/\/moverdb.com\/wp-content\/uploads\/Frank-Leo-international-moving-company.png\" alt=\"Frank Leo medzin\u00e1rodn\u00e9 s\u0165ahovanie spolo\u010dnos\u0165\" width=\"1440\" height=\"680\" data-wp-pid=\"5946\" srcset=\"https:\/\/moverdb.com\/wp-content\/uploads\/Frank-Leo-international-moving-company.png 1440w, https:\/\/moverdb.com\/wp-content\/uploads\/Frank-Leo-international-moving-company-300x142.png 300w, https:\/\/moverdb.com\/wp-content\/uploads\/Frank-Leo-international-moving-company-1024x484.png 1024w, https:\/\/moverdb.com\/wp-content\/uploads\/Frank-Leo-international-moving-company-18x9.png 18w, https:\/\/moverdb.com\/wp-content\/uploads\/Frank-Leo-international-moving-company-600x283.png 600w\" sizes=\"auto, (max-width: 1440px) 100vw, 1440px\" \/><\/p>\n<ul>\n<li>N\u00e1rodn\u00e9 presuny<\/li>\n<li>Medzin\u00e1rodn\u00e9 s\u0165ahovanie<\/li>\n<li>Slu\u017eby premiestnenia<\/li>\n<li>S\u0165ahovanie dom\u00e1cnost\u00ed<\/li>\n<li>Komer\u010dn\u00e9 presuny<\/li>\n<li>Pozemn\u00e1, n\u00e1morn\u00e1 a leteck\u00e1 doprava<\/li>\n<li>Coln\u00e9 sprostredkovanie<\/li>\n<li>Doplnkov\u00e9 prepravn\u00e9 slu\u017eby pre vozidl\u00e1 a dom\u00e1ce zvierat\u00e1<\/li>\n<li>Poistenie<\/li>\n<li>Skladovacie zariadenia<\/li>\n<\/ul>\n<p>Frank Leo je logistick\u00e1 a s\u0165ahovacia spolo\u010dnos\u0165 zalo\u017een\u00e1 v Dominik\u00e1nskej republike v roku 1990. Pon\u00faka vn\u00fatro\u0161t\u00e1tne a medzin\u00e1rodn\u00e9 s\u0165ahovacie slu\u017eby, ako aj slu\u017eby v oblasti s\u0165ahovania, ktor\u00e9 v\u00e1m pom\u00f4\u017eu s miestnym poradenstvom a usaden\u00edm sa v novej krajine. S\u00fa \u010dlenom IAM s 32-ro\u010dnou trad\u00edciou.<\/p>\n<p>Frank Leo pon\u00faka rie\u0161enia na mieru pre jednotlivcov, rodiny, firmy a diplomatov. Ich slu\u017eby zah\u0155\u0148aj\u00fa balenie v\u0161etk\u00fdch va\u0161ich vec\u00ed a \u0161peci\u00e1lne balenie staro\u017eitnost\u00ed, umeleck\u00fdch diel a strojov. Zabezpe\u010dia prepravu po s\u00fa\u0161i, po mori alebo letecky a pom\u00f4\u017eu s coln\u00fdm sprostredkovan\u00edm. Poskytuj\u00fa aj slu\u017eby pri s\u0165ahovan\u00ed vozidiel, lod\u00ed, \u013eahk\u00fdch lietadiel, rastl\u00edn a dom\u00e1cich zvierat.<\/p>\n<p>Webov\u00e1 lokalita: <a href=\"http:\/\/www.frankleo.com\" target=\"_blank\" rel=\"noopener\">http:\/\/www.frankleo.com<\/a><\/p>\n<h2><span class=\"ez-toc-section\" id=\"5_L_G_International_Movers\"><\/span><strong>5. L&amp;G International Movers<\/strong><span class=\"ez-toc-section-end\"><\/span><\/h2>\n<p><img loading=\"lazy\" decoding=\"async\" class=\"alignnone size-full wp-image-5965\" src=\"https:\/\/moverdb.com\/wp-content\/uploads\/LG-International-Movers-company.png\" alt=\"Spolo\u010dnos\u0165 L&amp;G International Movers\" width=\"1440\" height=\"676\" data-wp-pid=\"5965\" srcset=\"https:\/\/moverdb.com\/wp-content\/uploads\/LG-International-Movers-company.png 1440w, https:\/\/moverdb.com\/wp-content\/uploads\/LG-International-Movers-company-300x141.png 300w, https:\/\/moverdb.com\/wp-content\/uploads\/LG-International-Movers-company-1024x481.png 1024w, https:\/\/moverdb.com\/wp-content\/uploads\/LG-International-Movers-company-18x8.png 18w, https:\/\/moverdb.com\/wp-content\/uploads\/LG-International-Movers-company-600x282.png 600w\" sizes=\"auto, (max-width: 1440px) 100vw, 1440px\" \/><\/p>\n<ul>\n<li>N\u00e1rodn\u00e9 presuny<\/li>\n<li>Medzin\u00e1rodn\u00e9 s\u0165ahovanie<\/li>\n<li>S\u0165ahovanie do obytn\u00fdch priestorov<\/li>\n<li>Obchodn\u00e9 kroky<\/li>\n<li>Mo\u017enos\u0165 vlastn\u00e9ho balenia<\/li>\n<li>Baliace slu\u017eby<\/li>\n<li>V\u00fdber mo\u017enost\u00ed dopravy<\/li>\n<li>Coln\u00e9 konanie<\/li>\n<li>Automobilov\u00e1 doprava<\/li>\n<li>Skladovacie zariadenia<\/li>\n<\/ul>\n<p>L&amp;G International Movers je spolo\u010dnos\u0165 poskytuj\u00faca logistick\u00e9 a medzin\u00e1rodn\u00e9 s\u0165ahovacie slu\u017eby so s\u00eddlom v Santo Domingu. Zabezpe\u010duje medzin\u00e1rodn\u00e9 s\u0165ahovanie s vyu\u017eit\u00edm svojich partnerov, in\u00fdch s\u0165ahovate\u013eov a prepravcov po celom svete. S\u00fa \u010dlenom IAM a maj\u00fa akredit\u00e1ciu FIDI.<\/p>\n<p>Spolo\u010dnos\u0165 L&amp;G International Movers zabal\u00ed va\u0161e veci pomocou najmodernej\u0161\u00edch techn\u00edk a materi\u00e1lov, alebo si ich m\u00f4\u017eete zabali\u0165 sami. Pon\u00fakaj\u00fa v\u00fdber prepravn\u00fdch slu\u017eieb, medzi ktor\u00e9 patr\u00ed leteck\u00e1 a n\u00e1morn\u00e1 preprava vr\u00e1tane ekonomickej\u0161\u00edch met\u00f3d, ako je napr\u00edklad zbern\u00e1 preprava, pri ktorej m\u00f4\u017eete svoju z\u00e1sielku spoji\u0165 s in\u00fdmi. Pom\u00f4\u017eu v\u00e1m aj s coln\u00fdm odbaven\u00edm.<\/p>\n<p>Webov\u00e1 lokalita: <a href=\"http:\/\/www.lginternationalmovers.com\" target=\"_blank\" rel=\"noopener\">http:\/\/www.lginternationalmovers.com<\/a><\/p>\n<h2><span class=\"ez-toc-section\" id=\"6_Latino_Express\"><\/span><strong>6. Latino Express<\/strong><span class=\"ez-toc-section-end\"><\/span><\/h2>\n<p><img loading=\"lazy\" decoding=\"async\" class=\"alignnone size-full wp-image-5967\" src=\"https:\/\/moverdb.com\/wp-content\/uploads\/Latino-Express-international-moving-company.png\" alt=\"Latino Express medzin\u00e1rodn\u00e9 s\u0165ahovanie spolo\u010dnos\u0165\" width=\"1440\" height=\"665\" data-wp-pid=\"5967\" srcset=\"https:\/\/moverdb.com\/wp-content\/uploads\/Latino-Express-international-moving-company.png 1440w, https:\/\/moverdb.com\/wp-content\/uploads\/Latino-Express-international-moving-company-300x139.png 300w, https:\/\/moverdb.com\/wp-content\/uploads\/Latino-Express-international-moving-company-1024x473.png 1024w, https:\/\/moverdb.com\/wp-content\/uploads\/Latino-Express-international-moving-company-18x8.png 18w, https:\/\/moverdb.com\/wp-content\/uploads\/Latino-Express-international-moving-company-600x277.png 600w\" sizes=\"auto, (max-width: 1440px) 100vw, 1440px\" \/><\/p>\n<ul>\n<li>Vn\u00fatro\u0161t\u00e1tne s\u0165ahovanie<\/li>\n<li>Medzin\u00e1rodn\u00e9 s\u0165ahovanie<\/li>\n<li>Premiestnenie<\/li>\n<li>S\u0165ahovanie dom\u00e1cnost\u00ed<\/li>\n<li>S\u0165ahovanie firiem<\/li>\n<li>Baliace slu\u017eby<\/li>\n<li>Odborne vy\u0161kolen\u00fd person\u00e1l<\/li>\n<li>Coln\u00ed sprostredkovatelia<\/li>\n<li>Pozemn\u00e1, n\u00e1morn\u00e1 a leteck\u00e1 n\u00e1kladn\u00e1 doprava<\/li>\n<li>Rie\u0161enia bezpe\u010dn\u00e9ho ukladania<\/li>\n<\/ul>\n<p>Latino Express je n\u00e1kladn\u00e1 a s\u0165ahovacia spolo\u010dnos\u0165 zalo\u017een\u00e1 v roku 1979, ktor\u00e1 pon\u00faka vn\u00fatro\u0161t\u00e1tne a medzin\u00e1rodn\u00e9 s\u0165ahovacie slu\u017eby, ako aj slu\u017eby v oblasti premiest\u0148ovania. Spolupracuje so sie\u0165ou medzin\u00e1rodn\u00fdch s\u0165ahovac\u00edch spolo\u010dnost\u00ed, ktor\u00e9 pom\u00e1haj\u00fa poskytova\u0165 s\u0165ahovacie slu\u017eby po celom svete. S\u00fa \u010dlenom IAM so 43-ro\u010dnou trad\u00edciou.<\/p>\n<p>Spolo\u010dnos\u0165 Latino Express poskytuje profesion\u00e1lne s\u0165ahovacie slu\u017eby, ktor\u00e9 zah\u0155\u0148aj\u00fa s\u0165ahovanie dom\u00e1cnost\u00ed a firiem. Poskytuj\u00fa baliace slu\u017eby poskytovan\u00e9 vy\u0161kolen\u00fdm person\u00e1lom, ktor\u00fd ochr\u00e1ni va\u0161e veci, a zabezpe\u010dia prepravu po s\u00fa\u0161i, po mori alebo letecky a poskytn\u00fa pomoc pri colnom sprostredkovan\u00ed. V pr\u00edpade potreby pon\u00fakaj\u00fa aj rie\u0161enia bezpe\u010dn\u00e9ho skladovania.<\/p>\n<p>Webov\u00e1 lokalita: <a href=\"http:\/\/www.latinoexpress.com.do\" target=\"_blank\" rel=\"noopener\">http:\/\/www.latinoexpress.com.do<\/a><\/p>","protected":false},"excerpt":{"rendered":"<p>If you are moving home or relocating your business in the Dominican Republic, or to or from the Dominican Republic, you might be looking for some assistance. A moving or relocation company could help ease your move and take away some of the stress. Below we have compiled a list of Dominican Republic removal companies [&hellip;]<\/p>\n","protected":false},"author":4,"featured_media":0,"parent":190,"menu_order":0,"comment_status":"closed","ping_status":"closed","template":"","meta":{"_genesis_hide_title":false,"_genesis_hide_breadcrumbs":false,"_genesis_hide_singular_image":false,"_genesis_hide_footer_widgets":false,"_genesis_custom_body_class":"","_genesis_custom_post_class":"","_genesis_layout":"","footnotes":""},"class_list":{"0":"post-6036","1":"page","2":"type-page","3":"status-publish","5":"entry","6":"has-post-thumbnail"},"_links":{"self":[{"href":"https:\/\/moverdb.com\/sk\/wp-json\/wp\/v2\/pages\/6036","targetHints":{"allow":["GET"]}}],"collection":[{"href":"https:\/\/moverdb.com\/sk\/wp-json\/wp\/v2\/pages"}],"about":[{"href":"https:\/\/moverdb.com\/sk\/wp-json\/wp\/v2\/types\/page"}],"author":[{"embeddable":true,"href":"https:\/\/moverdb.com\/sk\/wp-json\/wp\/v2\/users\/4"}],"replies":[{"embeddable":true,"href":"https:\/\/moverdb.com\/sk\/wp-json\/wp\/v2\/comments?post=6036"}],"version-history":[{"count":1,"href":"https:\/\/moverdb.com\/sk\/wp-json\/wp\/v2\/pages\/6036\/revisions"}],"predecessor-version":[{"id":6037,"href":"https:\/\/moverdb.com\/sk\/wp-json\/wp\/v2\/pages\/6036\/revisions\/6037"}],"up":[{"embeddable":true,"href":"https:\/\/moverdb.com\/sk\/wp-json\/wp\/v2\/pages\/190"}],"wp:attachment":[{"href":"https:\/\/moverdb.com\/sk\/wp-json\/wp\/v2\/media?parent=6036"}],"curies":[{"name":"wp","href":"https:\/\/api.w.org\/{rel}","templated":true}]}}