{"id":6026,"date":"2023-02-01T13:47:16","date_gmt":"2023-02-01T13:47:16","guid":{"rendered":"https:\/\/moverdb.com\/?page_id=6026"},"modified":"2026-01-08T15:29:04","modified_gmt":"2026-01-08T15:29:04","slug":"stahovanie-spolocnosti-ceska-republika","status":"publish","type":"page","link":"https:\/\/moverdb.com\/sk\/moving-companies\/moving-companies-czech-republic\/","title":{"rendered":"5 najlep\u0161\u00edch medzin\u00e1rodn\u00fdch s\u0165ahovac\u00edch spolo\u010dnost\u00ed v \u010ceskej republike"},"content":{"rendered":"<p>S\u0165ahovanie m\u00f4\u017ee by\u0165 stresuj\u00face, a preto mnoh\u00ed \u013eudia vyh\u013ead\u00e1vaj\u00fa pomoc <a href=\"https:\/\/moverdb.com\/sk\/moving-companies\/\" data-internallinksmanager029f6b8e52c=\"79\" title=\"Top 25 medzin\u00e1rodn\u00fdch s\u0165ahovac\u00edch spolo\u010dnost\u00ed online\">s\u0165ahovacia spolo\u010dnos\u0165<\/a> pom\u00f4c\u0165 zmierni\u0165 z\u00e1\u0165a\u017e. \u010ci u\u017e sa s\u0165ahujete sami alebo s\u0165ahujete svoju firmu na miestnej alebo medzin\u00e1rodnej \u00farovni, existuje spolo\u010dnos\u0165, ktor\u00e1 v\u00e1m pom\u00f4\u017ee. Ni\u017e\u0161ie sme zostavili zoznam <a href=\"https:\/\/moverdb.com\/sk\/moving-to-the-czech-republic\/\" data-internallinksmanager029f6b8e52c=\"391\" title=\"S\u0165ahujete sa do \u010ceskej republiky? 2024 N\u00e1klady na b\u00fdvanie a tipy na pres\u0165ahovanie\">\u010cesk\u00e1 republika<\/a> <a href=\"https:\/\/moverdb.com\/sk\/international-removals\/\" data-internallinksmanager029f6b8e52c=\"27\" title=\"36 najlep\u0161\u00edch medzin\u00e1rodn\u00fdch s\u0165ahovac\u00edch spolo\u010dnost\u00ed v Spojenom kr\u00e1\u013eovstve\">s\u0165ahovacie spolo\u010dnosti<\/a> ktor\u00e9 s\u00fa \u010dlenmi <a href=\"https:\/\/moverdb.com\/sk\/iam\/\" data-internallinksmanager029f6b8e52c=\"23\" title=\"Vysvetlenie Medzin\u00e1rodnej asoci\u00e1cie s\u0165ahovate\u013eov (IAM)\">Medzin\u00e1rodn\u00e1 asoci\u00e1cia s\u0165ahovate\u013eov<\/a> (IAM) a\/alebo <a href=\"https:\/\/moverdb.com\/sk\/fidi-faim\/\" data-internallinksmanager029f6b8e52c=\"16\" title=\"Vysvetlenie FIDI a FAIM (FIDI akreditovan\u00fd medzin\u00e1rodn\u00fd prepravca)\">FIDI<\/a> Akreditovan\u00fd medzin\u00e1rodn\u00fd prepravca (FAIM), ktor\u00fd by v\u00e1m mohol pom\u00f4c\u0165.<\/p>\n<div id=\"ez-toc-container\" class=\"ez-toc-v2_0_82_2 ez-toc-wrap-left counter-hierarchy ez-toc-counter ez-toc-transparent ez-toc-container-direction\">\n<div class=\"ez-toc-title-container\">\n<p class=\"ez-toc-title\" style=\"cursor:inherit\">Sekcie<\/p>\n<span class=\"ez-toc-title-toggle\"><a href=\"#\" class=\"ez-toc-pull-right ez-toc-btn ez-toc-btn-xs ez-toc-btn-default ez-toc-toggle\" aria-label=\"Prep\u00ednanie tabu\u013eky obsahu\"><span class=\"ez-toc-js-icon-con\"><span class=\"\"><span class=\"eztoc-hide\" style=\"display:none;\">Prep\u00edna\u010d<\/span><span class=\"ez-toc-icon-toggle-span\"><svg style=\"fill: #999;color:#999\" xmlns=\"http:\/\/www.w3.org\/2000\/svg\" class=\"list-377408\" width=\"20px\" height=\"20px\" viewbox=\"0 0 24 24\" fill=\"none\"><path d=\"M6 6H4v2h2V6zm14 0H8v2h12V6zM4 11h2v2H4v-2zm16 0H8v2h12v-2zM4 16h2v2H4v-2zm16 0H8v2h12v-2z\" fill=\"currentColor\"><\/path><\/svg><svg style=\"fill: #999;color:#999\" class=\"arrow-unsorted-368013\" xmlns=\"http:\/\/www.w3.org\/2000\/svg\" width=\"10px\" height=\"10px\" viewbox=\"0 0 24 24\" version=\"1.2\" baseprofile=\"tiny\"><path d=\"M18.2 9.3l-6.2-6.3-6.2 6.3c-.2.2-.3.4-.3.7s.1.5.3.7c.2.2.4.3.7.3h11c.3 0 .5-.1.7-.3.2-.2.3-.5.3-.7s-.1-.5-.3-.7zM5.8 14.7l6.2 6.3 6.2-6.3c.2-.2.3-.5.3-.7s-.1-.5-.3-.7c-.2-.2-.4-.3-.7-.3h-11c-.3 0-.5.1-.7.3-.2.2-.3.5-.3.7s.1.5.3.7z\"\/><\/svg><\/span><\/span><\/span><\/a><\/span><\/div>\n<nav><ul class='ez-toc-list ez-toc-list-level-1 eztoc-toggle-hide-by-default' ><li class='ez-toc-page-1 ez-toc-heading-level-2'><a class=\"ez-toc-link ez-toc-heading-1\" href=\"https:\/\/moverdb.com\/sk\/moving-companies\/moving-companies-czech-republic\/#1_Santa_Fe_Relocation\" >1. Premiestnenie Santa Fe<\/a><\/li><li class='ez-toc-page-1 ez-toc-heading-level-2'><a class=\"ez-toc-link ez-toc-heading-2\" href=\"https:\/\/moverdb.com\/sk\/moving-companies\/moving-companies-czech-republic\/#2_Voerman_International\" >2. Voerman International<\/a><\/li><li class='ez-toc-page-1 ez-toc-heading-level-2'><a class=\"ez-toc-link ez-toc-heading-3\" href=\"https:\/\/moverdb.com\/sk\/moving-companies\/moving-companies-czech-republic\/#3_Gosselin\" >3. Gosselin<\/a><\/li><li class='ez-toc-page-1 ez-toc-heading-level-2'><a class=\"ez-toc-link ez-toc-heading-4\" href=\"https:\/\/moverdb.com\/sk\/moving-companies\/moving-companies-czech-republic\/#4_KAE_International_Movers\" >4. KAE International Movers<\/a><\/li><li class='ez-toc-page-1 ez-toc-heading-level-2'><a class=\"ez-toc-link ez-toc-heading-5\" href=\"https:\/\/moverdb.com\/sk\/moving-companies\/moving-companies-czech-republic\/#5_Fenix_Shipping\" >5. Doprava spolo\u010dnosti Fenix<\/a><\/li><li class='ez-toc-page-1 ez-toc-heading-level-2'><a class=\"ez-toc-link ez-toc-heading-6\" href=\"https:\/\/moverdb.com\/sk\/moving-companies\/moving-companies-czech-republic\/#Other_Useful_Guides_to_the_Czech_Republic\" >\u010eal\u0161\u00ed u\u017eito\u010dn\u00ed sprievodcovia po \u010ceskej republike<\/a><\/li><\/ul><\/nav><\/div>\n<h2><span class=\"ez-toc-section\" id=\"1_Santa_Fe_Relocation\"><\/span><strong>1. Premiestnenie Santa Fe<\/strong><span class=\"ez-toc-section-end\"><\/span><\/h2>\n<p><img loading=\"lazy\" decoding=\"async\" class=\"alignnone size-full wp-image-6030\" src=\"https:\/\/moverdb.com\/wp-content\/uploads\/Santa-Fe-Relocation-Prague-international-moving-company.png\" alt=\"Santa Fe Relocation Praha medzin\u00e1rodn\u00e9 s\u0165ahovanie spolo\u010dnos\u0165\" width=\"1440\" height=\"683\" data-wp-pid=\"6030\" srcset=\"https:\/\/moverdb.com\/wp-content\/uploads\/Santa-Fe-Relocation-Prague-international-moving-company.png 1440w, https:\/\/moverdb.com\/wp-content\/uploads\/Santa-Fe-Relocation-Prague-international-moving-company-300x142.png 300w, https:\/\/moverdb.com\/wp-content\/uploads\/Santa-Fe-Relocation-Prague-international-moving-company-1024x486.png 1024w, https:\/\/moverdb.com\/wp-content\/uploads\/Santa-Fe-Relocation-Prague-international-moving-company-18x9.png 18w, https:\/\/moverdb.com\/wp-content\/uploads\/Santa-Fe-Relocation-Prague-international-moving-company-600x285.png 600w\" sizes=\"auto, (max-width: 1440px) 100vw, 1440px\" \/><\/p>\n<ul>\n<li>Miestne s\u0165ahovanie<\/li>\n<li>Medzin\u00e1rodn\u00e9 s\u0165ahovanie<\/li>\n<li>S\u0165ahovanie dom\u00e1cnost\u00ed<\/li>\n<li>Premiest\u0148ovanie firiem<\/li>\n<li>Baliace slu\u017eby s pou\u017eit\u00edm vysokokvalitn\u00fdch materi\u00e1lov<\/li>\n<li>Pozemn\u00e1, leteck\u00e1 alebo n\u00e1morn\u00e1 preprava<\/li>\n<li>Coln\u00e9 konanie<\/li>\n<li>Podpora v oblasti v\u00edz a pris\u0165ahovalectva<\/li>\n<li>Preprava dom\u00e1cich zvierat a vozidiel<\/li>\n<li>Kr\u00e1tkodob\u00e9 a\u017e dlhodob\u00e9 skladovacie zariadenia<\/li>\n<\/ul>\n<p>Santa Fe Relocation je medzin\u00e1rodn\u00e1 spolo\u010dnos\u0165 zaoberaj\u00faca sa s\u0165ahovan\u00edm a premiest\u0148ovan\u00edm s pobo\u010dkami v k\u013e\u00fa\u010dov\u00fdch krajin\u00e1ch. Svoju pra\u017esk\u00fa pobo\u010dku otvorila v roku 1992 a pon\u00faka s\u0165ahovanie dom\u00e1cnost\u00ed aj firiem. S\u00fa \u010dlenom IAM s 30-ro\u010dnou trad\u00edciou a s\u00fa akreditovan\u00ed FIDI.<\/p>\n<p>Spolo\u010dnos\u0165 Santa Fe Relocation pon\u00faka konzult\u00e1cie pred s\u0165ahovan\u00edm na mieste, aby pos\u00fadila va\u0161e potreby. Poskytuj\u00fa profesion\u00e1lne baliace slu\u017eby vr\u00e1tane katalogiz\u00e1cie a pou\u017eitia najlep\u0161\u00edch baliacich materi\u00e1lov a techn\u00edk. Zabezpe\u010dia pozemn\u00fa, leteck\u00fa alebo n\u00e1morn\u00fa prepravu s coln\u00fdm odbaven\u00edm. Pon\u00fakaj\u00fa \u010fal\u0161ie slu\u017eby vr\u00e1tane poistenia, skladovania, vyh\u013ead\u00e1vania domov a \u0161k\u00f4l, slu\u017eieb pri us\u00edd\u013eovan\u00ed, prepravy dom\u00e1cich zvierat a vozidiel.<\/p>\n<p>Webov\u00e1 lokalita: <a href=\"https:\/\/www.santaferelo.com\/en\/contact\/our-offices\/czech-republic-prague\/\" target=\"_blank\" rel=\"noopener\">https:\/\/www.santaferelo.com\/en\/contact\/our-offices\/czech-republic-prague\/<\/a><\/p>\n<h2><span class=\"ez-toc-section\" id=\"2_Voerman_International\"><\/span><strong>2. Voerman International<\/strong><span class=\"ez-toc-section-end\"><\/span><\/h2>\n<p><img loading=\"lazy\" decoding=\"async\" class=\"alignnone size-full wp-image-6011\" src=\"https:\/\/moverdb.com\/wp-content\/uploads\/Voerman-international-moving-company.png\" alt=\"Voerman medzin\u00e1rodn\u00e9 s\u0165ahovanie spolo\u010dnos\u0165\" width=\"1440\" height=\"683\" data-wp-pid=\"6011\" srcset=\"https:\/\/moverdb.com\/wp-content\/uploads\/Voerman-international-moving-company.png 1440w, https:\/\/moverdb.com\/wp-content\/uploads\/Voerman-international-moving-company-300x142.png 300w, https:\/\/moverdb.com\/wp-content\/uploads\/Voerman-international-moving-company-1024x486.png 1024w, https:\/\/moverdb.com\/wp-content\/uploads\/Voerman-international-moving-company-18x9.png 18w, https:\/\/moverdb.com\/wp-content\/uploads\/Voerman-international-moving-company-600x285.png 600w\" sizes=\"auto, (max-width: 1440px) 100vw, 1440px\" \/><\/p>\n<ul>\n<li>N\u00e1rodn\u00e9 presuny<\/li>\n<li>Medzin\u00e1rodn\u00e9 s\u0165ahovanie<\/li>\n<li>Slu\u017eby premiestnenia<\/li>\n<li>Imigra\u010dn\u00e1 a v\u00edzov\u00e1 pomoc<\/li>\n<li>Pomoc pri h\u013eadan\u00ed domova a \u0161koly<\/li>\n<li>Preprava vozidiel<\/li>\n<li>Premiestnenie dom\u00e1ceho zviera\u0165a<\/li>\n<li>Poistenie<\/li>\n<li>Kr\u00e1tkodob\u00e9 a\u017e dlhodob\u00e9 skladovanie<\/li>\n<li>Udr\u017eate\u013en\u00e9 pohyby od febru\u00e1ra 2023<\/li>\n<\/ul>\n<p>Voerman International je spolo\u010dnos\u0165 zaoberaj\u00faca sa s\u0165ahovan\u00edm a premiest\u0148ovan\u00edm, ktor\u00e1 p\u00f4sob\u00ed od roku 1986 s kancel\u00e1riami v <a href=\"https:\/\/moverdb.com\/sk\/moving-to-the-netherlands\/\" data-internallinksmanager029f6b8e52c=\"328\" title=\"S\u0165ahujete sa do Holandska? 2026 N\u00e1klady na \u017eivot a tipy na pres\u0165ahovanie\">Holandsko<\/a>, Rusko, \u010cesk\u00e1 republika a <a href=\"https:\/\/moverdb.com\/sk\/moving-to-poland\/\" data-internallinksmanager029f6b8e52c=\"378\" title=\"S\u0165ahovanie do Po\u013eska? 2026 N\u00e1klady na b\u00fdvanie a tipy na pres\u0165ahovanie\">Po\u013esko<\/a>. Pri poskytovan\u00ed slu\u017eieb na celom svete spolupracuj\u00fa s \u010fal\u0161\u00edmi medzin\u00e1rodn\u00fdmi agent\u00farami pre s\u0165ahovanie. S\u00fa \u010dlenom IAM s 26-ro\u010dnou trad\u00edciou, \u010dlenom <a href=\"https:\/\/moverdb.com\/sk\/harmony-relocation-network\/\" data-internallinksmanager029f6b8e52c=\"20\" title=\"Vysvetlenie siete Harmony Relocation Network (HRN)\">Harmony Relocation Network<\/a> a s\u00fa akreditovan\u00e9 FIDI.<\/p>\n<p>Spolo\u010dnos\u0165 Voerman International pon\u00faka komplexn\u00e9 slu\u017eby, ktor\u00e9 zah\u0155\u0148aj\u00fa slu\u017eby pred odchodom a po \u0148om, ako s\u00fa slu\u017eby s\u00favisiace s vyplnen\u00edm dokumentov, imigra\u010dn\u00e1 a v\u00edzov\u00e1 asistencia. Pon\u00fakaj\u00fa tie\u017e slu\u017eby pri us\u00edd\u013eovan\u00ed, pomoc pri h\u013eadan\u00ed domova a \u0161koly, slu\u017eby \u00fadr\u017eb\u00e1ra, kult\u00farne a jazykov\u00e9 vzdel\u00e1vanie.<\/p>\n<p>Webov\u00e1 lokalita: <a href=\"https:\/\/www.voerman.com\/\" target=\"_blank\" rel=\"noopener\">https:\/\/www.voerman.com\/<\/a><\/p>\n<h2><span class=\"ez-toc-section\" id=\"3_Gosselin\"><\/span><strong>3. Gosselin<\/strong><span class=\"ez-toc-section-end\"><\/span><\/h2>\n<p><img loading=\"lazy\" decoding=\"async\" class=\"alignnone size-full wp-image-5954\" src=\"https:\/\/moverdb.com\/wp-content\/uploads\/Gosselin-Czech-Republic-international-moving-company.png\" alt=\"Gosselin \u010cesk\u00e1 republika medzin\u00e1rodn\u00e9 s\u0165ahovanie spolo\u010dnos\u0165\" width=\"1440\" height=\"682\" data-wp-pid=\"5954\" srcset=\"https:\/\/moverdb.com\/wp-content\/uploads\/Gosselin-Czech-Republic-international-moving-company.png 1440w, https:\/\/moverdb.com\/wp-content\/uploads\/Gosselin-Czech-Republic-international-moving-company-300x142.png 300w, https:\/\/moverdb.com\/wp-content\/uploads\/Gosselin-Czech-Republic-international-moving-company-1024x485.png 1024w, https:\/\/moverdb.com\/wp-content\/uploads\/Gosselin-Czech-Republic-international-moving-company-18x9.png 18w, https:\/\/moverdb.com\/wp-content\/uploads\/Gosselin-Czech-Republic-international-moving-company-600x284.png 600w\" sizes=\"auto, (max-width: 1440px) 100vw, 1440px\" \/><\/p>\n<ul>\n<li>Medzin\u00e1rodn\u00e9 s\u0165ahovanie<\/li>\n<li>Slu\u017eby premiestnenia<\/li>\n<li>S\u0165ahovanie dom\u00e1cnost\u00ed<\/li>\n<li>S\u0165ahovanie kancel\u00e1ri\u00ed<\/li>\n<li>Baliace slu\u017eby s pou\u017eit\u00edm prvotriednych materi\u00e1lov<\/li>\n<li>Pozemn\u00e1 alebo n\u00e1morn\u00e1 doprava<\/li>\n<li>Doprava v oblasti v\u00fdtvarn\u00e9ho umenia<\/li>\n<li>Premiestnenie dom\u00e1ceho zviera\u0165a<\/li>\n<li>Preprava vozidiel<\/li>\n<li>Skladovacie zariadenia<\/li>\n<\/ul>\n<p>Spolo\u010dnos\u0165 Gosselin je medzin\u00e1rodn\u00fd poskytovate\u013e s\u0165ahovac\u00edch slu\u017eieb s kancel\u00e1riami po celej Eur\u00f3pe vr\u00e1tane Prahy, ktor\u00fd bol zalo\u017een\u00fd v roku 1992. M\u00e1 tie\u017e partnersk\u00fa sie\u0165 po celom svete, ktor\u00e1 zabezpe\u010duje medzin\u00e1rodn\u00e9 s\u0165ahovanie. Je \u010dlenom IAM s 30-ro\u010dnou trad\u00edciou.<\/p>\n<p>Spolo\u010dnos\u0165 Gosselin pon\u00faka sk\u00fasen\u00fd s\u0165ahovac\u00ed servis, ktor\u00fd dok\u00e1\u017ee prepravi\u0165 dom\u00e1ce potreby, kancel\u00e1rie, motorov\u00e9 vozidl\u00e1, dom\u00e1ce zvierat\u00e1 a v\u00fdtvarn\u00e9 umenie do \u010ceskej republiky aj z nej. Va\u0161e veci zabal\u00ed na vysokej \u00farovni s pou\u017eit\u00edm prvotriednych baliacich materi\u00e1lov. Zabezpe\u010dia prepravu po s\u00fa\u0161i alebo po mori do va\u0161ej cie\u013eovej destin\u00e1cie. Poskytuj\u00fa slu\u017eby jednotlivcom, firm\u00e1m, diplomatom a ve\u013evyslanectv\u00e1m.<\/p>\n<p>Webov\u00e1 lokalita: <a href=\"https:\/\/gosselin-moving.com\/en\/czech-republic\" target=\"_blank\" rel=\"noopener\">https:\/\/gosselin-moving.com\/en\/czech-republic<\/a><\/p>\n<h2><span class=\"ez-toc-section\" id=\"4_KAE_International_Movers\"><\/span><strong>4. KAE International Movers<\/strong><span class=\"ez-toc-section-end\"><\/span><\/h2>\n<p><img loading=\"lazy\" decoding=\"async\" class=\"alignnone size-full wp-image-6028\" src=\"https:\/\/moverdb.com\/wp-content\/uploads\/KAE-International-Movers-international-moving-company.png\" alt=\"KAE International Movers medzin\u00e1rodn\u00e9 s\u0165ahovanie spolo\u010dnos\u0165\" width=\"1440\" height=\"681\" data-wp-pid=\"6028\" srcset=\"https:\/\/moverdb.com\/wp-content\/uploads\/KAE-International-Movers-international-moving-company.png 1440w, https:\/\/moverdb.com\/wp-content\/uploads\/KAE-International-Movers-international-moving-company-300x142.png 300w, https:\/\/moverdb.com\/wp-content\/uploads\/KAE-International-Movers-international-moving-company-1024x484.png 1024w, https:\/\/moverdb.com\/wp-content\/uploads\/KAE-International-Movers-international-moving-company-18x9.png 18w, https:\/\/moverdb.com\/wp-content\/uploads\/KAE-International-Movers-international-moving-company-600x284.png 600w\" sizes=\"auto, (max-width: 1440px) 100vw, 1440px\" \/><\/p>\n<ul>\n<li>N\u00e1rodn\u00e9 presuny<\/li>\n<li>Medzin\u00e1rodn\u00e9 s\u0165ahovanie<\/li>\n<li>S\u0165ahovanie dom\u00e1cnost\u00ed<\/li>\n<li>S\u0165ahovanie kancel\u00e1ri\u00ed<\/li>\n<li>Baliace slu\u017eby<\/li>\n<li>Coln\u00e1 podpora<\/li>\n<li>Poistenie<\/li>\n<li>Doprava v oblasti v\u00fdtvarn\u00e9ho umenia<\/li>\n<li>Preprava vozidiel<\/li>\n<li>Rie\u0161enia na ukladanie<\/li>\n<\/ul>\n<p>Spolo\u010dnos\u0165 KAE International Movers je poskytovate\u013eom s\u0165ahovac\u00edch a premiest\u0148ovac\u00edch slu\u017eieb, ktor\u00fd m\u00e1 pobo\u010dky v \u010ceskej republike a <a href=\"https:\/\/moverdb.com\/sk\/moving-to-greece\/\" data-internallinksmanager029f6b8e52c=\"353\" title=\"S\u0165ahovanie do Gr\u00e9cka? 2026 N\u00e1klady na b\u00fdvanie a tipy na pres\u0165ahovanie\">Gr\u00e9cko<\/a>. Spolupracuj\u00fa s medzin\u00e1rodn\u00fdmi s\u0165ahovac\u00edmi agent\u00farami, ktor\u00e9 poskytuj\u00fa svoje slu\u017eby po celom svete. S\u00fa \u010dlenom IAM s 8-ro\u010dnou trad\u00edciou.<\/p>\n<p>Spolo\u010dnos\u0165 KAE International Movers pon\u00faka \u00favodn\u00fd prieskum na pos\u00fadenie va\u0161ich potrieb a vypracovanie cenovej ponuky. Poskytuj\u00fa profesion\u00e1lne baliace slu\u017eby pre dom\u00e1cnosti a kancel\u00e1rie, ktor\u00e9 ich ochr\u00e1nia a ozna\u010dia na \u00fa\u010dely prepravy po zemi, letecky alebo po mori. Pom\u00f4\u017eu v\u00e1m s coln\u00fdm odbaven\u00edm a vybavovan\u00edm dokumentov. Poskytuj\u00fa aj \u0161pecializovan\u00e9 prepravn\u00e9 slu\u017eby pre v\u00fdtvarn\u00e9 umenie a vozidl\u00e1.<\/p>\n<p>Webov\u00e1 lokalita: <a href=\"http:\/\/www.kaeintlmovers.com\" target=\"_blank\" rel=\"noopener\">http:\/\/www.kaeintlmovers.com<\/a><\/p>\n<h2><span class=\"ez-toc-section\" id=\"5_Fenix_Shipping\"><\/span><strong>5. Doprava spolo\u010dnosti Fenix<\/strong><span class=\"ez-toc-section-end\"><\/span><\/h2>\n<p><img loading=\"lazy\" decoding=\"async\" class=\"alignnone size-full wp-image-6027\" src=\"https:\/\/moverdb.com\/wp-content\/uploads\/Fenix-Shipping-international-moving-company.png\" alt=\"Fenix Shipping medzin\u00e1rodn\u00e9 s\u0165ahovanie spolo\u010dnos\u0165\" width=\"1440\" height=\"683\" data-wp-pid=\"6027\" srcset=\"https:\/\/moverdb.com\/wp-content\/uploads\/Fenix-Shipping-international-moving-company.png 1440w, https:\/\/moverdb.com\/wp-content\/uploads\/Fenix-Shipping-international-moving-company-300x142.png 300w, https:\/\/moverdb.com\/wp-content\/uploads\/Fenix-Shipping-international-moving-company-1024x486.png 1024w, https:\/\/moverdb.com\/wp-content\/uploads\/Fenix-Shipping-international-moving-company-18x9.png 18w, https:\/\/moverdb.com\/wp-content\/uploads\/Fenix-Shipping-international-moving-company-600x285.png 600w\" sizes=\"auto, (max-width: 1440px) 100vw, 1440px\" \/><\/p>\n<ul>\n<li>N\u00e1rodn\u00e9 presuny<\/li>\n<li>Medzin\u00e1rodn\u00e9 s\u0165ahovanie<\/li>\n<li>Slu\u017eby premiestnenia<\/li>\n<li>S\u0165ahovanie dom\u00e1cnost\u00ed<\/li>\n<li>Baliace slu\u017eby<\/li>\n<li>Cestn\u00e1, n\u00e1morn\u00e1 a leteck\u00e1 doprava<\/li>\n<li>Coln\u00e1 podpora<\/li>\n<li>Upratovacie slu\u017eby<\/li>\n<li>Preprava dom\u00e1cich zvierat<\/li>\n<li>Kr\u00e1tkodob\u00e9 a\u017e dlhodob\u00e9 skladovacie zariadenia<\/li>\n<\/ul>\n<p>Fenix Shipping je medzin\u00e1rodn\u00e1 prepravn\u00e1 spolo\u010dnos\u0165 so s\u00eddlom v Prahe, ktor\u00e1 pon\u00faka s\u0165ahovacie slu\u017eby v r\u00e1mci \u010ceskej republiky a do a z \u010ceskej republiky. Pri poskytovan\u00ed svojich medzin\u00e1rodn\u00fdch slu\u017eieb spolupracuje s partnermi z cel\u00e9ho sveta. S\u00fa \u010dlenom IAM so 7-ro\u010dnou trad\u00edciou.<\/p>\n<p>Spolo\u010dnos\u0165 Fenix Shipping pon\u00faka kompletn\u00e9 s\u0165ahovacie slu\u017eby, ktor\u00e9 zah\u0155\u0148aj\u00fa baliace slu\u017eby na ochranu va\u0161ich vec\u00ed, nalo\u017eenie va\u0161ich vec\u00ed a zabezpe\u010denie ich prepravy po s\u00fa\u0161i, po mori alebo letecky. Zabezpe\u010d\u00ed aj coln\u00e9 slu\u017eby a dokumenty na podporu v\u00e1\u0161ho s\u0165ahovania. Ich s\u0165ahovacie slu\u017eby pom\u00e1haj\u00fa aj s upratovan\u00edm a pren\u00e1jmom auta.<\/p>\n<p>Webov\u00e1 lokalita: <a href=\"http:\/\/www.fenixshipping.cz\" target=\"_blank\" rel=\"noopener\">http:\/\/www.fenixshipping.cz<\/a><\/p>\n<h2><span class=\"ez-toc-section\" id=\"Other_Useful_Guides_to_the_Czech_Republic\"><\/span>\u010eal\u0161\u00ed u\u017eito\u010dn\u00ed sprievodcovia po \u010ceskej republike<span class=\"ez-toc-section-end\"><\/span><\/h2>\n<ul>\n<li> <a href=\"https:\/\/moverdb.com\/sk\/moving-to-the-czech-republic\/\">S\u0165ahujete sa do \u010ceskej republiky? 2024 N\u00e1klady na b\u00fdvanie a tipy na pres\u0165ahovanie<\/a><\/li>\n<li> <a href=\"https:\/\/moverdb.com\/sk\/moving-to-the-czech-republic\/best-places-to-live-in-czech-republic\/\">12 najlep\u0161\u00edch miest na \u017eivot v \u010ceskej republike<\/a><\/li>\n<li> <a href=\"https:\/\/moverdb.com\/sk\/?page_id=9648&#038;preview=true\">21 tajomstiev o \u017eivote v \u010ceskej republike, ktor\u00e9 by ste mali vedie\u0165 pred pres\u0165ahovan\u00edm<\/a><\/li>\n<li> <a href=\"https:\/\/moverdb.com\/sk\/kontajnerova-preprava\/ceska-republika\/\">2024 Ceny n\u00e1mornej kontajnerovej prepravy do a z \u010ceskej republiky<\/a><\/li>\n<\/ul>","protected":false},"excerpt":{"rendered":"<p>Moving can be a stressful time which is why many people seek the assistance of a moving company to help ease the burden. Whether you are moving yourself or your business locally or internationally, there is a company that can help. Below we have compiled a list of Czech Republic removal companies that are members [&hellip;]<\/p>\n","protected":false},"author":4,"featured_media":0,"parent":190,"menu_order":0,"comment_status":"closed","ping_status":"closed","template":"","meta":{"_genesis_hide_title":false,"_genesis_hide_breadcrumbs":false,"_genesis_hide_singular_image":false,"_genesis_hide_footer_widgets":false,"_genesis_custom_body_class":"","_genesis_custom_post_class":"","_genesis_layout":"","footnotes":""},"class_list":{"0":"post-6026","1":"page","2":"type-page","3":"status-publish","5":"entry","6":"has-post-thumbnail"},"_links":{"self":[{"href":"https:\/\/moverdb.com\/sk\/wp-json\/wp\/v2\/pages\/6026","targetHints":{"allow":["GET"]}}],"collection":[{"href":"https:\/\/moverdb.com\/sk\/wp-json\/wp\/v2\/pages"}],"about":[{"href":"https:\/\/moverdb.com\/sk\/wp-json\/wp\/v2\/types\/page"}],"author":[{"embeddable":true,"href":"https:\/\/moverdb.com\/sk\/wp-json\/wp\/v2\/users\/4"}],"replies":[{"embeddable":true,"href":"https:\/\/moverdb.com\/sk\/wp-json\/wp\/v2\/comments?post=6026"}],"version-history":[{"count":4,"href":"https:\/\/moverdb.com\/sk\/wp-json\/wp\/v2\/pages\/6026\/revisions"}],"predecessor-version":[{"id":16359,"href":"https:\/\/moverdb.com\/sk\/wp-json\/wp\/v2\/pages\/6026\/revisions\/16359"}],"up":[{"embeddable":true,"href":"https:\/\/moverdb.com\/sk\/wp-json\/wp\/v2\/pages\/190"}],"wp:attachment":[{"href":"https:\/\/moverdb.com\/sk\/wp-json\/wp\/v2\/media?parent=6026"}],"curies":[{"name":"wp","href":"https:\/\/api.w.org\/{rel}","templated":true}]}}