{"id":6024,"date":"2023-02-01T12:30:48","date_gmt":"2023-02-01T12:30:48","guid":{"rendered":"https:\/\/moverdb.com\/?page_id=6024"},"modified":"2026-01-08T15:23:41","modified_gmt":"2026-01-08T15:23:41","slug":"stahovanie-spolocnosti-na-cypre","status":"publish","type":"page","link":"https:\/\/moverdb.com\/sk\/moving-companies\/moving-companies-in-cyprus\/","title":{"rendered":"2 Najlep\u0161ie medzin\u00e1rodn\u00e9 s\u0165ahovacie spolo\u010dnosti na Cypre"},"content":{"rendered":"<p>Ak sa s\u0165ahujete domov v <a href=\"https:\/\/moverdb.com\/sk\/moving-to-cyprus\/\" data-internallinksmanager029f6b8e52c=\"377\" title=\"S\u0165ahovanie na Cyprus? 2026 N\u00e1klady na b\u00fdvanie a tipy na pres\u0165ahovanie\">Cyprus<\/a>alebo sa s\u0165ahujete na Cyprus alebo z Cypru, mo\u017eno budete chcie\u0165 pomoc pri s\u0165ahovan\u00ed od s\u0165ahovacieho alebo <a href=\"https:\/\/moverdb.com\/sk\/relocation-agents\/\" data-internallinksmanager029f6b8e52c=\"1\" title=\"7 d\u00f4vodov, pre\u010do by ste mali pou\u017ei\u0165 agenta pre premiestnenie?\">agent pre s\u0165ahovanie<\/a> ktor\u00e9 v\u00e1s m\u00f4\u017eu zbavi\u0165 stresu. Ni\u017e\u0161ie sme zostavili zoznam Cypru <a href=\"https:\/\/moverdb.com\/sk\/international-removals\/\" data-internallinksmanager029f6b8e52c=\"27\" title=\"36 najlep\u0161\u00edch medzin\u00e1rodn\u00fdch s\u0165ahovac\u00edch spolo\u010dnost\u00ed v Spojenom kr\u00e1\u013eovstve\">s\u0165ahovacie spolo\u010dnosti<\/a> ktor\u00e9 s\u00fa \u010dlenmi <a href=\"https:\/\/moverdb.com\/sk\/iam\/\" data-internallinksmanager029f6b8e52c=\"23\" title=\"Vysvetlenie Medzin\u00e1rodnej asoci\u00e1cie s\u0165ahovate\u013eov (IAM)\">Medzin\u00e1rodn\u00e1 asoci\u00e1cia s\u0165ahovate\u013eov<\/a> (IAM) a\/alebo <a href=\"https:\/\/moverdb.com\/sk\/fidi-faim\/\" data-internallinksmanager029f6b8e52c=\"16\" title=\"Vysvetlenie FIDI a FAIM (FIDI akreditovan\u00fd medzin\u00e1rodn\u00fd prepravca)\">FIDI<\/a> Akreditovan\u00fd medzin\u00e1rodn\u00fd prepravca (FAIM), ktor\u00fd by v\u00e1m mohol pom\u00f4c\u0165.<\/p>\n<h2><strong>1. Columbia Worldwide Movers<\/strong><\/h2>\n<p><img loading=\"lazy\" decoding=\"async\" class=\"alignnone size-full wp-image-5936\" src=\"https:\/\/moverdb.com\/wp-content\/uploads\/Columbia-Worldwide-Movers-international-moving-company.png\" alt=\"Columbia Worldwide Movers medzin\u00e1rodn\u00e9 s\u0165ahovanie spolo\u010dnos\u0165\" width=\"1440\" height=\"682\" data-wp-pid=\"5936\" srcset=\"https:\/\/moverdb.com\/wp-content\/uploads\/Columbia-Worldwide-Movers-international-moving-company.png 1440w, https:\/\/moverdb.com\/wp-content\/uploads\/Columbia-Worldwide-Movers-international-moving-company-300x142.png 300w, https:\/\/moverdb.com\/wp-content\/uploads\/Columbia-Worldwide-Movers-international-moving-company-1024x485.png 1024w, https:\/\/moverdb.com\/wp-content\/uploads\/Columbia-Worldwide-Movers-international-moving-company-18x9.png 18w, https:\/\/moverdb.com\/wp-content\/uploads\/Columbia-Worldwide-Movers-international-moving-company-600x284.png 600w\" sizes=\"auto, (max-width: 1440px) 100vw, 1440px\" \/><\/p>\n<ul>\n<li>N\u00e1rodn\u00e9 presuny<\/li>\n<li>Medzin\u00e1rodn\u00e9 s\u0165ahovanie<\/li>\n<li>Slu\u017eby premiestnenia<\/li>\n<li>S\u0165ahovanie dom\u00e1cnost\u00ed<\/li>\n<li>Obchodn\u00e9 kroky<\/li>\n<li>Baliace slu\u017eby<\/li>\n<li>Pozemn\u00e9, n\u00e1morn\u00e9 a vzdu\u0161n\u00e9<\/li>\n<li>Preprava dom\u00e1cich zvierat<\/li>\n<li><a href=\"https:\/\/moverdb.com\/sk\/car-transport-shipping\/\" data-internallinksmanager029f6b8e52c=\"2\" title=\"2026 Medzin\u00e1rodn\u00e1 preprava \u00e1ut a cit\u00e1cie prepravy vozidiel\">Preprava vozidiel<\/a><\/li>\n<li>Skladovacie zariadenia<\/li>\n<\/ul>\n<p>Spolo\u010dnos\u0165 Columbia Worldwide Movers bola zalo\u017een\u00e1 v roku 1994 ako poskytovate\u013e s\u0165ahovac\u00edch a skladovac\u00edch slu\u017eieb. Pon\u00faka n\u00e1rodn\u00e9 a medzin\u00e1rodn\u00e9 s\u0165ahovacie a s\u0165ahovacie slu\u017eby pre dom\u00e1cnosti a firmy. Svoje medzin\u00e1rodn\u00e9 s\u0165ahovanie realizuj\u00fa v spolupr\u00e1ci s d\u00f4veryhodn\u00fdmi s\u0165ahovac\u00edmi agentmi v in\u00fdch krajin\u00e1ch. S\u00fa \u010dlenom IAM s 28-ro\u010dnou trad\u00edciou a maj\u00fa akredit\u00e1ciu FIDI.<\/p>\n<p>Spolo\u010dnos\u0165 Columbia Worldwide Movers poskytuje individu\u00e1lne rie\u0161enia s\u0165ahovania, ktor\u00e9 zah\u0155\u0148aj\u00fa slu\u017eby od dver\u00ed k dver\u00e1m, organiz\u00e1ciu balenia va\u0161ich vec\u00ed a zabezpe\u010denie prepravy po s\u00fa\u0161i, po mori alebo letecky s coln\u00fdm odbaven\u00edm. Pon\u00faka aj \u0161pecializovan\u00e9 slu\u017eby prepravy dom\u00e1cich zvierat a vozidiel.<\/p>\n<p>Webov\u00e1 lokalita: <a href=\"http:\/\/www.columbiamovers.com\" target=\"_blank\" rel=\"noopener\">http:\/\/www.columbiamovers.com<\/a><\/p>\n<h2><strong>2. Orbit Moving and Storage<\/strong><\/h2>\n<p><img loading=\"lazy\" decoding=\"async\" class=\"alignnone size-full wp-image-5988\" src=\"https:\/\/moverdb.com\/wp-content\/uploads\/Orbit-Moving-and-Storage-international-moving-company.png\" alt=\"Orbit s\u0165ahovanie a skladovanie medzin\u00e1rodn\u00e9 s\u0165ahovanie spolo\u010dnos\u0165\" width=\"1440\" height=\"679\" data-wp-pid=\"5988\" srcset=\"https:\/\/moverdb.com\/wp-content\/uploads\/Orbit-Moving-and-Storage-international-moving-company.png 1440w, https:\/\/moverdb.com\/wp-content\/uploads\/Orbit-Moving-and-Storage-international-moving-company-300x141.png 300w, https:\/\/moverdb.com\/wp-content\/uploads\/Orbit-Moving-and-Storage-international-moving-company-1024x483.png 1024w, https:\/\/moverdb.com\/wp-content\/uploads\/Orbit-Moving-and-Storage-international-moving-company-18x8.png 18w, https:\/\/moverdb.com\/wp-content\/uploads\/Orbit-Moving-and-Storage-international-moving-company-600x283.png 600w\" sizes=\"auto, (max-width: 1440px) 100vw, 1440px\" \/><\/p>\n<ul>\n<li>Miestne s\u0165ahovanie<\/li>\n<li>Medzin\u00e1rodn\u00e9 s\u0165ahovanie<\/li>\n<li>Slu\u017eby premiestnenia<\/li>\n<li>S\u0165ahovanie do obytn\u00fdch priestorov<\/li>\n<li>Premiest\u0148ovanie kancel\u00e1ri\u00ed<\/li>\n<li>Baliace slu\u017eby<\/li>\n<li>Doprava v oblasti v\u00fdtvarn\u00e9ho umenia<\/li>\n<li>Preprava dom\u00e1cich zvierat<\/li>\n<li>Preprava vozidiel<\/li>\n<li>Slu\u017eby skladovania<\/li>\n<\/ul>\n<p>Orbit Moving and Storage je medzin\u00e1rodn\u00e1 spolo\u010dnos\u0165 zaoberaj\u00faca sa s\u0165ahovan\u00edm a skladovan\u00edm, ktor\u00e1 p\u00f4sob\u00ed na trhu od roku 1982. Je s\u00fa\u010das\u0165ou skupiny spolo\u010dnost\u00ed Orphee Beingoglou Group, ktor\u00e1 poskytuje slu\u017eby v oblasti dopravy a logistiky. Maj\u00fa celosvetov\u00fa sie\u0165 s\u0165ahovac\u00edch agentov, ktor\u00ed pom\u00e1haj\u00fa pri medzin\u00e1rodn\u00fdch s\u0165ahovaniach. S\u00fa \u010dlenom IAM so 40-ro\u010dnou trad\u00edciou a s\u00fa akreditovan\u00ed organiz\u00e1ciou FIDI.<\/p>\n<p>Spolo\u010dnos\u0165 Orbit Moving and Storage pon\u00faka osobn\u00e9 a firemn\u00e9 s\u0165ahovacie slu\u017eby, pri ktor\u00fdch sa pou\u017e\u00edvaj\u00fa najmodernej\u0161ie technol\u00f3gie a baliace materi\u00e1ly. Poskytuje profesion\u00e1lne baliace slu\u017eby a zorganizuje prepravu va\u0161ich vec\u00ed vr\u00e1tane \u0161pecializovan\u00fdch slu\u017eieb pre v\u00fdtvarn\u00e9 umenie, dom\u00e1ce zvierat\u00e1 a vozidl\u00e1.<\/p>\n<p>Webov\u00e1 lokalita: <a href=\"http:\/\/www.orbitcy.com\/\" target=\"_blank\" rel=\"noopener\">http:\/\/www.orbitcy.com\/<\/a><\/p>\n<p>Pozri tie\u017e:<\/p>\n<ul>\n<li> <a href=\"https:\/\/moverdb.com\/sk\/moving-to-cyprus\/living-in-cyprus\/\">20 tajomstiev o \u017eivote na Cypre, ktor\u00e9 by ste mali vedie\u0165 pred pres\u0165ahovan\u00edm<\/a><\/li>\n<li> <a href=\"https:\/\/moverdb.com\/sk\/moving-to-cyprus\/\">S\u0165ahovanie na Cyprus? \u017divotn\u00e9 n\u00e1klady a tipy na pres\u0165ahovanie<\/a><\/li>\n<li> <a href=\"https:\/\/moverdb.com\/sk\/kontajnerova-preprava\/cyprus\/\">Ceny kontajnerovej prepravy na Cyprus a z neho<\/a><\/li>\n<\/ul>","protected":false},"excerpt":{"rendered":"<p>If you are moving home in Cyprus, or moving to or from Cyprus you might want some help with your move from a moving or relocation agent that can take away some of the stress. Below we have compiled a list of Cyprus removal companies that are members of the International Association of Movers (IAM) [&hellip;]<\/p>\n","protected":false},"author":4,"featured_media":0,"parent":190,"menu_order":0,"comment_status":"closed","ping_status":"closed","template":"","meta":{"_genesis_hide_title":false,"_genesis_hide_breadcrumbs":false,"_genesis_hide_singular_image":false,"_genesis_hide_footer_widgets":false,"_genesis_custom_body_class":"","_genesis_custom_post_class":"","_genesis_layout":"","footnotes":""},"class_list":{"0":"post-6024","1":"page","2":"type-page","3":"status-publish","5":"entry","6":"has-post-thumbnail"},"_links":{"self":[{"href":"https:\/\/moverdb.com\/sk\/wp-json\/wp\/v2\/pages\/6024","targetHints":{"allow":["GET"]}}],"collection":[{"href":"https:\/\/moverdb.com\/sk\/wp-json\/wp\/v2\/pages"}],"about":[{"href":"https:\/\/moverdb.com\/sk\/wp-json\/wp\/v2\/types\/page"}],"author":[{"embeddable":true,"href":"https:\/\/moverdb.com\/sk\/wp-json\/wp\/v2\/users\/4"}],"replies":[{"embeddable":true,"href":"https:\/\/moverdb.com\/sk\/wp-json\/wp\/v2\/comments?post=6024"}],"version-history":[{"count":4,"href":"https:\/\/moverdb.com\/sk\/wp-json\/wp\/v2\/pages\/6024\/revisions"}],"predecessor-version":[{"id":15035,"href":"https:\/\/moverdb.com\/sk\/wp-json\/wp\/v2\/pages\/6024\/revisions\/15035"}],"up":[{"embeddable":true,"href":"https:\/\/moverdb.com\/sk\/wp-json\/wp\/v2\/pages\/190"}],"wp:attachment":[{"href":"https:\/\/moverdb.com\/sk\/wp-json\/wp\/v2\/media?parent=6024"}],"curies":[{"name":"wp","href":"https:\/\/api.w.org\/{rel}","templated":true}]}}