{"id":6022,"date":"2023-02-01T12:31:45","date_gmt":"2023-02-01T12:31:45","guid":{"rendered":"https:\/\/moverdb.com\/?page_id=6022"},"modified":"2026-01-08T15:23:40","modified_gmt":"2026-01-08T15:23:40","slug":"stahovanie-spolocnosti-curacao","status":"publish","type":"page","link":"https:\/\/moverdb.com\/sk\/moving-companies\/moving-companies-curacao\/","title":{"rendered":"2 Najlep\u0161ie medzin\u00e1rodn\u00e9 s\u0165ahovacie spolo\u010dnosti v Curacao"},"content":{"rendered":"<p>S\u0165ahovanie domov alebo kancel\u00e1rie m\u00f4\u017ee by\u0165 stresuj\u00face a \u010dasovo n\u00e1ro\u010dn\u00e9, preto v\u00e1m m\u00f4\u017ee pom\u00f4c\u0165 pomoc s\u0165ahovacej alebo premiest\u0148ovacej spolo\u010dnosti, ktor\u00e1 v\u00e1m u\u013eah\u010d\u00ed pr\u00e1cu a vyu\u017eijete jej sk\u00fasenosti. Ni\u017e\u0161ie uv\u00e1dzame zoznam <a href=\"https:\/\/moverdb.com\/sk\/moving-to-curacao\/\" data-internallinksmanager029f6b8e52c=\"429\" title=\"S\u0165ahovanie na Cura\u00e7ao? 2026 N\u00e1klady na b\u00fdvanie a tipy na pres\u0165ahovanie\">Curacao<\/a> <a href=\"https:\/\/moverdb.com\/sk\/international-removals\/\" data-internallinksmanager029f6b8e52c=\"27\" title=\"36 najlep\u0161\u00edch medzin\u00e1rodn\u00fdch s\u0165ahovac\u00edch spolo\u010dnost\u00ed v Spojenom kr\u00e1\u013eovstve\">s\u0165ahovacie spolo\u010dnosti<\/a> ktor\u00e9 s\u00fa \u010dlenmi <a href=\"https:\/\/moverdb.com\/sk\/iam\/\" data-internallinksmanager029f6b8e52c=\"23\" title=\"Vysvetlenie Medzin\u00e1rodnej asoci\u00e1cie s\u0165ahovate\u013eov (IAM)\">Medzin\u00e1rodn\u00e1 asoci\u00e1cia s\u0165ahovate\u013eov<\/a> (IAM) a\/alebo <a href=\"https:\/\/moverdb.com\/sk\/fidi-faim\/\" data-internallinksmanager029f6b8e52c=\"16\" title=\"Vysvetlenie FIDI a FAIM (FIDI akreditovan\u00fd medzin\u00e1rodn\u00fd prepravca)\">FIDI<\/a> Akreditovan\u00fd medzin\u00e1rodn\u00fd prepravca (FAIM), ktor\u00fd by v\u00e1m mohol pom\u00f4c\u0165.<\/p>\n<h2><strong>1. AGS Meyer<\/strong><\/h2>\n<p><img loading=\"lazy\" decoding=\"async\" class=\"alignnone size-full wp-image-5918\" src=\"https:\/\/moverdb.com\/wp-content\/uploads\/AGS-Meyer-international-moving-company.png\" alt=\"AGS Meyer medzin\u00e1rodn\u00e9 s\u0165ahovanie spolo\u010dnos\u0165\" width=\"1440\" height=\"684\" data-wp-pid=\"5918\" srcset=\"https:\/\/moverdb.com\/wp-content\/uploads\/AGS-Meyer-international-moving-company.png 1440w, https:\/\/moverdb.com\/wp-content\/uploads\/AGS-Meyer-international-moving-company-300x143.png 300w, https:\/\/moverdb.com\/wp-content\/uploads\/AGS-Meyer-international-moving-company-1024x486.png 1024w, https:\/\/moverdb.com\/wp-content\/uploads\/AGS-Meyer-international-moving-company-18x9.png 18w, https:\/\/moverdb.com\/wp-content\/uploads\/AGS-Meyer-international-moving-company-600x285.png 600w\" sizes=\"auto, (max-width: 1440px) 100vw, 1440px\" \/><\/p>\n<ul>\n<li>Miestne s\u0165ahovanie<\/li>\n<li>Medzin\u00e1rodn\u00e9 s\u0165ahovanie<\/li>\n<li>S\u0165ahovanie dom\u00e1cnost\u00ed<\/li>\n<li>Premiestnenie spolo\u010dnosti<\/li>\n<li>Slu\u017eba od dver\u00ed k dver\u00e1m<\/li>\n<li>Baliace slu\u017eby<\/li>\n<li>Pozemn\u00e1, leteck\u00e1 a n\u00e1morn\u00e1 doprava<\/li>\n<li>Coln\u00e9 formality<\/li>\n<li>Akredit\u00e1cia FIDI<\/li>\n<li>Slu\u017eby skladovania<\/li>\n<\/ul>\n<p>Spolo\u010dnos\u0165 AGS Meyer je <a href=\"https:\/\/moverdb.com\/sk\/moving-companies\/\" data-internallinksmanager029f6b8e52c=\"79\" title=\"Top 25 medzin\u00e1rodn\u00fdch s\u0165ahovac\u00edch spolo\u010dnost\u00ed online\">s\u0165ahovacia spolo\u010dnos\u0165<\/a> zalo\u017een\u00e1 v roku 1959 na ostrove Curacao, ktor\u00e1 zabezpe\u010duje miestne a medzin\u00e1rodn\u00e9 s\u0165ahovanie dom\u00e1cnost\u00ed a s\u0165ahovanie firiem, m\u00e1 7 pobo\u010diek v Karibiku. Maj\u00fa celosvetov\u00fa sie\u0165 pridru\u017een\u00fdch s\u0165ahovac\u00edch agentov, ktor\u00ed zabezpe\u010duj\u00fa medzin\u00e1rodn\u00e9 s\u0165ahovanie. S\u00fa \u010dlenom IAM so 63-ro\u010dnou trad\u00edciou a s\u00fa akreditovan\u00ed FIDI.<\/p>\n<p>Spolo\u010dnos\u0165 AGS Meyer pon\u00faka s\u0165ahovacie slu\u017eby od dver\u00ed k dver\u00e1m vr\u00e1tane s\u0165ahovania, s\u0165ahovania a skladovania pre s\u00fakromn\u00fdch klientov, spolo\u010dnosti a diplomatick\u00e9 agent\u00fary. Porad\u00ed v\u00e1m pri s\u0165ahovan\u00ed a pom\u00f4\u017ee v\u00e1m na ka\u017edom kroku. Bezpe\u010dne zabalia va\u0161e veci, zabezpe\u010dia prepravu a coln\u00e9 formality a vybalia ich na mieste ur\u010denia.<\/p>\n<p>Webov\u00e1 lokalita: <a href=\"https:\/\/www.meyermoving.com\/\" target=\"_blank\" rel=\"noopener\">https:\/\/www.meyermoving.com\/<\/a><\/p>\n<h2><strong>2. S\u0165ahovacie slu\u017eby v Karibiku<\/strong><\/h2>\n<p><img loading=\"lazy\" decoding=\"async\" class=\"alignnone size-full wp-image-5933\" src=\"https:\/\/moverdb.com\/wp-content\/uploads\/Caribbean-Moving-Services-international-moving-company.png\" alt=\"Karibik S\u0165ahovacie slu\u017eby medzin\u00e1rodn\u00e9 s\u0165ahovacie spolo\u010dnos\u0165\" width=\"1440\" height=\"680\" data-wp-pid=\"5933\" srcset=\"https:\/\/moverdb.com\/wp-content\/uploads\/Caribbean-Moving-Services-international-moving-company.png 1440w, https:\/\/moverdb.com\/wp-content\/uploads\/Caribbean-Moving-Services-international-moving-company-300x142.png 300w, https:\/\/moverdb.com\/wp-content\/uploads\/Caribbean-Moving-Services-international-moving-company-1024x484.png 1024w, https:\/\/moverdb.com\/wp-content\/uploads\/Caribbean-Moving-Services-international-moving-company-18x9.png 18w, https:\/\/moverdb.com\/wp-content\/uploads\/Caribbean-Moving-Services-international-moving-company-600x283.png 600w\" sizes=\"auto, (max-width: 1440px) 100vw, 1440px\" \/><\/p>\n<ul>\n<li>Miestne s\u0165ahovanie<\/li>\n<li>Medzin\u00e1rodn\u00e9 s\u0165ahovanie<\/li>\n<li>S\u0165ahovanie do obytn\u00fdch priestorov<\/li>\n<li>S\u0165ahovanie kancel\u00e1ri\u00ed<\/li>\n<li>Pl\u00e1n premiestnenia na mieru<\/li>\n<li>Baliace slu\u017eby<\/li>\n<li>Demont\u00e1\u017e a mont\u00e1\u017e n\u00e1bytku<\/li>\n<li>Pozemn\u00e9, n\u00e1morn\u00e9 a vzdu\u0161n\u00e9<\/li>\n<li>Coln\u00e9 konanie<\/li>\n<li>Skladovacie zariadenia<\/li>\n<\/ul>\n<p>Caribbean Moving Services je spolo\u010dnos\u0165 z Willemstadu, ktor\u00e1 patr\u00ed do skupiny spolo\u010dnost\u00ed Caribbean Cargo Services a G&amp;V Free Zone. Bola zalo\u017een\u00e1 v roku 1981 ako n\u00e1kladn\u00e1 spolo\u010dnos\u0165 a v roku 1994 sa roz\u0161\u00edrila o s\u0165ahovacie slu\u017eby a stala sa najv\u00e4\u010d\u0161ou s\u0165ahovacou spolo\u010dnos\u0165ou na ostrove. S\u00fa \u010dlenom IAM s 28-ro\u010dnou trad\u00edciou a s\u00fa akreditovan\u00ed FIDI.<\/p>\n<p>Spolo\u010dnos\u0165 Caribbean Moving Services pon\u00faka komplexn\u00e9 s\u0165ahovacie slu\u017eby, ktor\u00e9 za\u010d\u00ednaj\u00fa prieskumom a kontaktovan\u00edm na jednom mieste. Poskytuj\u00fa profesion\u00e1lne baliace slu\u017eby vr\u00e1tane demont\u00e1\u017ee n\u00e1bytku a bezpe\u010dn\u00e9ho zabalenia vec\u00ed. Zabezpe\u010dia prepravu po s\u00fa\u0161i, po mori alebo letecky s coln\u00fdm odbaven\u00edm a potom zabalia a zmontovali n\u00e1bytok.<\/p>\n<p>Webov\u00e1 lokalita: <a href=\"https:\/\/www.cmscur.com\/\" target=\"_blank\" rel=\"noopener\">https:\/\/www.cmscur.com\/<\/a><\/p>","protected":false},"excerpt":{"rendered":"<p>Moving home or office can be stressful and time-consuming so getting some support from a moving or relocation company can help lighten your load and you can benefit from their experience. Below we have listed Curacao removal companies that are members of the International Association of Movers (IAM) and\/or FIDI Accredited International Mover (FAIM) who [&hellip;]<\/p>\n","protected":false},"author":4,"featured_media":0,"parent":190,"menu_order":0,"comment_status":"closed","ping_status":"closed","template":"","meta":{"_genesis_hide_title":false,"_genesis_hide_breadcrumbs":false,"_genesis_hide_singular_image":false,"_genesis_hide_footer_widgets":false,"_genesis_custom_body_class":"","_genesis_custom_post_class":"","_genesis_layout":"","footnotes":""},"class_list":{"0":"post-6022","1":"page","2":"type-page","3":"status-publish","5":"entry","6":"has-post-thumbnail"},"_links":{"self":[{"href":"https:\/\/moverdb.com\/sk\/wp-json\/wp\/v2\/pages\/6022","targetHints":{"allow":["GET"]}}],"collection":[{"href":"https:\/\/moverdb.com\/sk\/wp-json\/wp\/v2\/pages"}],"about":[{"href":"https:\/\/moverdb.com\/sk\/wp-json\/wp\/v2\/types\/page"}],"author":[{"embeddable":true,"href":"https:\/\/moverdb.com\/sk\/wp-json\/wp\/v2\/users\/4"}],"replies":[{"embeddable":true,"href":"https:\/\/moverdb.com\/sk\/wp-json\/wp\/v2\/comments?post=6022"}],"version-history":[{"count":1,"href":"https:\/\/moverdb.com\/sk\/wp-json\/wp\/v2\/pages\/6022\/revisions"}],"predecessor-version":[{"id":6023,"href":"https:\/\/moverdb.com\/sk\/wp-json\/wp\/v2\/pages\/6022\/revisions\/6023"}],"up":[{"embeddable":true,"href":"https:\/\/moverdb.com\/sk\/wp-json\/wp\/v2\/pages\/190"}],"wp:attachment":[{"href":"https:\/\/moverdb.com\/sk\/wp-json\/wp\/v2\/media?parent=6022"}],"curies":[{"name":"wp","href":"https:\/\/api.w.org\/{rel}","templated":true}]}}