{"id":6020,"date":"2023-02-01T13:55:01","date_gmt":"2023-02-01T13:55:01","guid":{"rendered":"https:\/\/moverdb.com\/?page_id=6020"},"modified":"2026-01-08T15:29:53","modified_gmt":"2026-01-08T15:29:53","slug":"stahovanie-spolocnosti-chorvatsko","status":"publish","type":"page","link":"https:\/\/moverdb.com\/sk\/moving-companies\/moving-companies-croatia\/","title":{"rendered":"Najlep\u0161ie medzin\u00e1rodn\u00e9 s\u0165ahovacie spolo\u010dnosti v Chorv\u00e1tsku"},"content":{"rendered":"<p>Ak sa s\u0165ahujete domov alebo do firmy v <a href=\"https:\/\/moverdb.com\/sk\/moving-to-croatia\/\" data-internallinksmanager029f6b8e52c=\"428\" title=\"S\u0165ahujete sa do Chorv\u00e1tska? 2026 N\u00e1klady na b\u00fdvanie a tipy na pres\u0165ahovanie\">Chorv\u00e1tsko<\/a>alebo do Chorv\u00e1tska \u010di z Chorv\u00e1tska, mo\u017eno budete potrebova\u0165 pomoc pri s\u0165ahovan\u00ed. Aby sme pomohli t\u00fdm, ktor\u00ed sa s\u0165ahuj\u00fa, zostavili sme zoznam chorv\u00e1tskych <a href=\"https:\/\/moverdb.com\/sk\/international-removals\/\" data-internallinksmanager029f6b8e52c=\"27\" title=\"36 najlep\u0161\u00edch medzin\u00e1rodn\u00fdch s\u0165ahovac\u00edch spolo\u010dnost\u00ed v Spojenom kr\u00e1\u013eovstve\">s\u0165ahovacie spolo\u010dnosti<\/a> ni\u017e\u0161ie, ktor\u00e9 s\u00fa \u010dlenmi <a href=\"https:\/\/moverdb.com\/sk\/iam\/\" data-internallinksmanager029f6b8e52c=\"23\" title=\"Vysvetlenie Medzin\u00e1rodnej asoci\u00e1cie s\u0165ahovate\u013eov (IAM)\">Medzin\u00e1rodn\u00e1 asoci\u00e1cia s\u0165ahovate\u013eov<\/a> (IAM) a\/alebo <a href=\"https:\/\/moverdb.com\/sk\/fidi-faim\/\" data-internallinksmanager029f6b8e52c=\"16\" title=\"Vysvetlenie FIDI a FAIM (FIDI akreditovan\u00fd medzin\u00e1rodn\u00fd prepravca)\">FIDI<\/a> Akreditovan\u00fd medzin\u00e1rodn\u00fd prepravca (FAIM).<\/p>\n<h2><strong>Gosselin<\/strong><\/h2>\n<p><img loading=\"lazy\" decoding=\"async\" class=\"alignnone size-full wp-image-5953\" src=\"https:\/\/moverdb.com\/wp-content\/uploads\/Gosselin-Croatia-international-moving-company.png\" alt=\"Gosselin Chorv\u00e1tsko medzin\u00e1rodn\u00e9 s\u0165ahovanie spolo\u010dnos\u0165\" width=\"1440\" height=\"680\" data-wp-pid=\"5953\" srcset=\"https:\/\/moverdb.com\/wp-content\/uploads\/Gosselin-Croatia-international-moving-company.png 1440w, https:\/\/moverdb.com\/wp-content\/uploads\/Gosselin-Croatia-international-moving-company-300x142.png 300w, https:\/\/moverdb.com\/wp-content\/uploads\/Gosselin-Croatia-international-moving-company-1024x484.png 1024w, https:\/\/moverdb.com\/wp-content\/uploads\/Gosselin-Croatia-international-moving-company-18x9.png 18w, https:\/\/moverdb.com\/wp-content\/uploads\/Gosselin-Croatia-international-moving-company-600x283.png 600w\" sizes=\"auto, (max-width: 1440px) 100vw, 1440px\" \/><\/p>\n<ul>\n<li>N\u00e1rodn\u00e9 presuny<\/li>\n<li>Medzin\u00e1rodn\u00e9 s\u0165ahovanie<\/li>\n<li>S\u0165ahovanie dom\u00e1cnost\u00ed<\/li>\n<li>S\u0165ahovanie kancel\u00e1ri\u00ed a ve\u013evyslanectiev<\/li>\n<li>Vy\u0161kolen\u00ed s\u0165ahov\u00e1ci poskytuj\u00fa vysokokvalitn\u00e9 \u0161tandardy<\/li>\n<li>Balenie a vyba\u013eovanie<\/li>\n<li>V\u00fdtvarn\u00e9 umenie v pohybe<\/li>\n<li>Preprava dom\u00e1cich zvierat<\/li>\n<li>Preprava vozidla<\/li>\n<li>Kr\u00e1tkodob\u00e9 a\u017e dlhodob\u00e9 skladovanie<\/li>\n<\/ul>\n<p>Gosselin je <a href=\"https:\/\/moverdb.com\/sk\/moving-companies\/\" data-internallinksmanager029f6b8e52c=\"79\" title=\"Top 25 medzin\u00e1rodn\u00fdch s\u0165ahovac\u00edch spolo\u010dnost\u00ed online\">medzin\u00e1rodn\u00e1 s\u0165ahovacia spolo\u010dnos\u0165<\/a> ktor\u00e1 m\u00e1 pobo\u010dky po celom svete a p\u00f4sob\u00ed od roku 1930. U\u017e viac ako 20 rokov poskytuje s\u0165ahovacie slu\u017eby v Chorv\u00e1tsku zo svojej z\u00e1kladne v Z\u00e1hrebe. S\u00fa \u010dlenom IAM s 9-ro\u010dnou trad\u00edciou.<\/p>\n<p>Spolo\u010dnos\u0165 Gosselin pon\u00faka profesion\u00e1lne s\u0165ahovacie slu\u017eby, ktor\u00e9 s\u00fa ur\u010den\u00e9 na mimoriadne ve\u013ek\u00e9 alebo mal\u00e9 s\u0165ahovanie, ktor\u00e9 m\u00f4\u017ee zah\u0155\u0148a\u0165 aj umeleck\u00e9 diela, ktor\u00e9 si vy\u017eaduj\u00fa opatrnej\u0161ie zaobch\u00e1dzanie, a \u0161pecializovanej\u0161ie slu\u017eby, ako je preprava dom\u00e1cich zvierat a vozidiel. Poskytuj\u00fa vy\u0161kolen\u00fd person\u00e1l, ktor\u00fd pracuje pod\u013ea vysokokvalitn\u00fdch noriem pri ochrane va\u0161ich vec\u00ed po\u010das prepravy a po pr\u00edchode v\u00e1m veci vybal\u00ed.<\/p>\n<p>Webov\u00e1 lokalita: <a href=\"https:\/\/gosselin-moving.com\/en\/southeast-europe\" target=\"_blank\" rel=\"noopener\">https:\/\/gosselin-moving.com\/en\/southeast-europe<\/a><\/p>\n<h2>\u010eal\u0161ie u\u017eito\u010dn\u00e9 pr\u00edru\u010dky o Chorv\u00e1tsku<\/h2>\n<ul>\n<li> <a href=\"https:\/\/moverdb.com\/sk\/kontajnerova-preprava\/chorvatsko\/\">2024 Ceny n\u00e1mornej kontajnerovej prepravy do Chorv\u00e1tska a z Chorv\u00e1tska<\/a><\/li>\n<li> <a href=\"https:\/\/moverdb.com\/sk\/moving-to-croatia\/\">S\u0165ahujete sa do Chorv\u00e1tska? 2026 N\u00e1klady na b\u00fdvanie a tipy na pres\u0165ahovanie<\/a><\/li>\n<li> <a href=\"https:\/\/moverdb.com\/sk\/moving-to-croatia\/living-in-croatia\/\">21 tajomstiev o \u017eivote v Chorv\u00e1tsku, ktor\u00e9 by ste mali vedie\u0165 pred pres\u0165ahovan\u00edm<\/a><\/li>\n<\/ul>","protected":false},"excerpt":{"rendered":"<p>If you are moving home or business in Croatia, or to or from Croatia, you might want some help with your move. To assist those that are moving we have compiled a list of Croatian removal companies below that are members of the International Association of Movers (IAM) and\/or FIDI Accredited International Mover (FAIM). Gosselin [&hellip;]<\/p>\n","protected":false},"author":4,"featured_media":0,"parent":190,"menu_order":0,"comment_status":"closed","ping_status":"closed","template":"","meta":{"_genesis_hide_title":false,"_genesis_hide_breadcrumbs":false,"_genesis_hide_singular_image":false,"_genesis_hide_footer_widgets":false,"_genesis_custom_body_class":"","_genesis_custom_post_class":"","_genesis_layout":"","footnotes":""},"class_list":{"0":"post-6020","1":"page","2":"type-page","3":"status-publish","5":"entry","6":"has-post-thumbnail"},"_links":{"self":[{"href":"https:\/\/moverdb.com\/sk\/wp-json\/wp\/v2\/pages\/6020","targetHints":{"allow":["GET"]}}],"collection":[{"href":"https:\/\/moverdb.com\/sk\/wp-json\/wp\/v2\/pages"}],"about":[{"href":"https:\/\/moverdb.com\/sk\/wp-json\/wp\/v2\/types\/page"}],"author":[{"embeddable":true,"href":"https:\/\/moverdb.com\/sk\/wp-json\/wp\/v2\/users\/4"}],"replies":[{"embeddable":true,"href":"https:\/\/moverdb.com\/sk\/wp-json\/wp\/v2\/comments?post=6020"}],"version-history":[{"count":2,"href":"https:\/\/moverdb.com\/sk\/wp-json\/wp\/v2\/pages\/6020\/revisions"}],"predecessor-version":[{"id":18351,"href":"https:\/\/moverdb.com\/sk\/wp-json\/wp\/v2\/pages\/6020\/revisions\/18351"}],"up":[{"embeddable":true,"href":"https:\/\/moverdb.com\/sk\/wp-json\/wp\/v2\/pages\/190"}],"wp:attachment":[{"href":"https:\/\/moverdb.com\/sk\/wp-json\/wp\/v2\/media?parent=6020"}],"curies":[{"name":"wp","href":"https:\/\/api.w.org\/{rel}","templated":true}]}}