{"id":6015,"date":"2023-02-01T13:48:20","date_gmt":"2023-02-01T13:48:20","guid":{"rendered":"https:\/\/moverdb.com\/?page_id=6015"},"modified":"2026-01-08T15:29:16","modified_gmt":"2026-01-08T15:29:16","slug":"stahovanie-spolocnosti-kosta-rica","status":"publish","type":"page","link":"https:\/\/moverdb.com\/sk\/moving-companies\/moving-companies-costa-rica\/","title":{"rendered":"6 najlep\u0161\u00edch medzin\u00e1rodn\u00fdch s\u0165ahovac\u00edch spolo\u010dnost\u00ed v Kostarike"},"content":{"rendered":"<p>S\u0165ahujete sa do alebo z <a href=\"https:\/\/moverdb.com\/sk\/moving-to-costa-rica\/\" data-internallinksmanager029f6b8e52c=\"427\" title=\"S\u0165ahujete sa do Kostariky? 2026 N\u00e1klady na \u017eivot a tipy na pres\u0165ahovanie\">Kostarika<\/a>, alebo sa pres\u00favate v r\u00e1mci Kostariky? Potom by v\u00e1s mohla zauj\u00edma\u0165 pomoc pri s\u0165ahovan\u00ed v\u0161etk\u00fdch va\u0161ich vec\u00ed, preto\u017ee to m\u00f4\u017ee by\u0165 zlo\u017eit\u00e9, najm\u00e4 ak sa s\u0165ahujete do in\u00fdch kraj\u00edn. Ni\u017e\u0161ie sme zostavili zoznam Kostariky <a href=\"https:\/\/moverdb.com\/sk\/international-removals\/\" data-internallinksmanager029f6b8e52c=\"27\" title=\"36 najlep\u0161\u00edch medzin\u00e1rodn\u00fdch s\u0165ahovac\u00edch spolo\u010dnost\u00ed v Spojenom kr\u00e1\u013eovstve\">s\u0165ahovacie spolo\u010dnosti<\/a> ktor\u00e9 s\u00fa \u010dlenmi <a href=\"https:\/\/moverdb.com\/sk\/iam\/\" data-internallinksmanager029f6b8e52c=\"23\" title=\"Vysvetlenie Medzin\u00e1rodnej asoci\u00e1cie s\u0165ahovate\u013eov (IAM)\">Medzin\u00e1rodn\u00e1 asoci\u00e1cia s\u0165ahovate\u013eov<\/a> (IAM) a\/alebo <a href=\"https:\/\/moverdb.com\/sk\/fidi-faim\/\" data-internallinksmanager029f6b8e52c=\"16\" title=\"Vysvetlenie FIDI a FAIM (FIDI akreditovan\u00fd medzin\u00e1rodn\u00fd prepravca)\">FIDI<\/a> Akreditovan\u00fd medzin\u00e1rodn\u00fd prepravca (FAIM), ktor\u00fd by v\u00e1m mohol pom\u00f4c\u0165.<\/p>\n<div id=\"ez-toc-container\" class=\"ez-toc-v2_0_82_2 ez-toc-wrap-left counter-hierarchy ez-toc-counter ez-toc-transparent ez-toc-container-direction\">\n<div class=\"ez-toc-title-container\">\n<p class=\"ez-toc-title\" style=\"cursor:inherit\">Sekcie<\/p>\n<span class=\"ez-toc-title-toggle\"><a href=\"#\" class=\"ez-toc-pull-right ez-toc-btn ez-toc-btn-xs ez-toc-btn-default ez-toc-toggle\" aria-label=\"Prep\u00ednanie tabu\u013eky obsahu\"><span class=\"ez-toc-js-icon-con\"><span class=\"\"><span class=\"eztoc-hide\" style=\"display:none;\">Prep\u00edna\u010d<\/span><span class=\"ez-toc-icon-toggle-span\"><svg style=\"fill: #999;color:#999\" xmlns=\"http:\/\/www.w3.org\/2000\/svg\" class=\"list-377408\" width=\"20px\" height=\"20px\" viewbox=\"0 0 24 24\" fill=\"none\"><path d=\"M6 6H4v2h2V6zm14 0H8v2h12V6zM4 11h2v2H4v-2zm16 0H8v2h12v-2zM4 16h2v2H4v-2zm16 0H8v2h12v-2z\" fill=\"currentColor\"><\/path><\/svg><svg style=\"fill: #999;color:#999\" class=\"arrow-unsorted-368013\" xmlns=\"http:\/\/www.w3.org\/2000\/svg\" width=\"10px\" height=\"10px\" viewbox=\"0 0 24 24\" version=\"1.2\" baseprofile=\"tiny\"><path d=\"M18.2 9.3l-6.2-6.3-6.2 6.3c-.2.2-.3.4-.3.7s.1.5.3.7c.2.2.4.3.7.3h11c.3 0 .5-.1.7-.3.2-.2.3-.5.3-.7s-.1-.5-.3-.7zM5.8 14.7l6.2 6.3 6.2-6.3c.2-.2.3-.5.3-.7s-.1-.5-.3-.7c-.2-.2-.4-.3-.7-.3h-11c-.3 0-.5.1-.7.3-.2.2-.3.5-.3.7s.1.5.3.7z\"\/><\/svg><\/span><\/span><\/span><\/a><\/span><\/div>\n<nav><ul class='ez-toc-list ez-toc-list-level-1 eztoc-toggle-hide-by-default' ><li class='ez-toc-page-1 ez-toc-heading-level-2'><a class=\"ez-toc-link ez-toc-heading-1\" href=\"https:\/\/moverdb.com\/sk\/moving-companies\/moving-companies-costa-rica\/#1_Allianz_Moving\" >1. Allianz Moving<\/a><\/li><li class='ez-toc-page-1 ez-toc-heading-level-2'><a class=\"ez-toc-link ez-toc-heading-2\" href=\"https:\/\/moverdb.com\/sk\/moving-companies\/moving-companies-costa-rica\/#2_Gateway_Moving_and_Relocation\" >2. S\u0165ahovanie a premiest\u0148ovanie Gateway<\/a><\/li><li class='ez-toc-page-1 ez-toc-heading-level-2'><a class=\"ez-toc-link ez-toc-heading-3\" href=\"https:\/\/moverdb.com\/sk\/moving-companies\/moving-companies-costa-rica\/#3_Inter_Moves_SG_Global\" >3. Inter Moves SG Global<\/a><\/li><li class='ez-toc-page-1 ez-toc-heading-level-2'><a class=\"ez-toc-link ez-toc-heading-4\" href=\"https:\/\/moverdb.com\/sk\/moving-companies\/moving-companies-costa-rica\/#4_Mudanzas_Mundiales\" >4. Mudanzas Mundiales<\/a><\/li><li class='ez-toc-page-1 ez-toc-heading-level-2'><a class=\"ez-toc-link ez-toc-heading-5\" href=\"https:\/\/moverdb.com\/sk\/moving-companies\/moving-companies-costa-rica\/#5_Multimodal\" >5. Multimod\u00e1lne<\/a><\/li><li class='ez-toc-page-1 ez-toc-heading-level-2'><a class=\"ez-toc-link ez-toc-heading-6\" href=\"https:\/\/moverdb.com\/sk\/moving-companies\/moving-companies-costa-rica\/#6_Winmovers\" >6. Winmovers<\/a><\/li><li class='ez-toc-page-1 ez-toc-heading-level-2'><a class=\"ez-toc-link ez-toc-heading-7\" href=\"https:\/\/moverdb.com\/sk\/moving-companies\/moving-companies-costa-rica\/#Other_Useful_Guides_to_Costa_Rica\" >\u010eal\u0161ie u\u017eito\u010dn\u00e9 pr\u00edru\u010dky o Kostarike<\/a><\/li><\/ul><\/nav><\/div>\n<h2><span class=\"ez-toc-section\" id=\"1_Allianz_Moving\"><\/span><strong>1. Allianz Moving<\/strong><span class=\"ez-toc-section-end\"><\/span><\/h2>\n<p><img loading=\"lazy\" decoding=\"async\" class=\"alignnone size-full wp-image-5925\" src=\"https:\/\/moverdb.com\/wp-content\/uploads\/Allianz-Moving-international-moving-company.png\" alt=\"Allianz Moving medzin\u00e1rodn\u00e1 s\u0165ahovacia spolo\u010dnos\u0165\" width=\"1440\" height=\"684\" data-wp-pid=\"5925\" srcset=\"https:\/\/moverdb.com\/wp-content\/uploads\/Allianz-Moving-international-moving-company.png 1440w, https:\/\/moverdb.com\/wp-content\/uploads\/Allianz-Moving-international-moving-company-300x143.png 300w, https:\/\/moverdb.com\/wp-content\/uploads\/Allianz-Moving-international-moving-company-1024x486.png 1024w, https:\/\/moverdb.com\/wp-content\/uploads\/Allianz-Moving-international-moving-company-18x9.png 18w, https:\/\/moverdb.com\/wp-content\/uploads\/Allianz-Moving-international-moving-company-600x285.png 600w\" sizes=\"auto, (max-width: 1440px) 100vw, 1440px\" \/><\/p>\n<ul>\n<li>Miestne a vn\u00fatro\u0161t\u00e1tne s\u0165ahovanie<\/li>\n<li>Medzin\u00e1rodn\u00e9 s\u0165ahovanie<\/li>\n<li>Slu\u017eby premiestnenia<\/li>\n<li>S\u0165ahovanie do obytn\u00fdch priestorov<\/li>\n<li>S\u0165ahovanie kancel\u00e1ri\u00ed<\/li>\n<li>Baliace slu\u017eby<\/li>\n<li>Poistenie<\/li>\n<li>S\u0165ahovanie dom\u00e1cich zvierat<\/li>\n<li><a href=\"https:\/\/moverdb.com\/sk\/car-transport-shipping\/\" data-internallinksmanager029f6b8e52c=\"2\" title=\"2026 Medzin\u00e1rodn\u00e1 preprava \u00e1ut a cit\u00e1cie prepravy vozidiel\">Preprava automobilov<\/a><\/li>\n<li>Skladovacie zariadenia<\/li>\n<\/ul>\n<p>Spolo\u010dnos\u0165 Allianz Moving je poskytovate\u013eom rie\u0161en\u00ed v oblasti medzin\u00e1rodn\u00e9ho s\u0165ahovania s viac ako 20-ro\u010dn\u00fdmi sk\u00fasenos\u0165ami s miestnymi a glob\u00e1lnymi s\u0165ahovaniami. Medzin\u00e1rodn\u00e9 s\u0165ahovanie zabezpe\u010duje prostredn\u00edctvom svojej glob\u00e1lnej siete s\u0165ahovac\u00edch partnerov. S\u00fa \u010dlenom IAM so 7-ro\u010dnou trad\u00edciou.<\/p>\n<p>Spolo\u010dnos\u0165 Allianz Moving poskytuje prieskum pred s\u0165ahovan\u00edm, aby pos\u00fadila va\u0161e potreby a poskytla cenov\u00fa ponuku. Poskytn\u00fa v\u00e1m baliace slu\u017eby, ktor\u00e9 ochr\u00e1nia va\u0161e veci a zabezpe\u010dia prepravu va\u0161ich vec\u00ed vr\u00e1tane coln\u00e9ho odbavenia. Poskytuj\u00fa aj \u010fal\u0161ie slu\u017eby v oblasti medzin\u00e1rodn\u00e9ho s\u0165ahovania dom\u00e1cich zvierat a automobilov, ako aj kr\u00e1tkodob\u00e9 a dlhodob\u00e9 skladovanie.<\/p>\n<p>Webov\u00e1 lokalita: <a href=\"http:\/\/www.allianzmoving.com\" target=\"_blank\" rel=\"noopener\">http:\/\/www.allianzmoving.com<\/a><\/p>\n<h2><span class=\"ez-toc-section\" id=\"2_Gateway_Moving_and_Relocation\"><\/span><strong>2. S\u0165ahovanie a premiest\u0148ovanie Gateway<\/strong><span class=\"ez-toc-section-end\"><\/span><\/h2>\n<p><img loading=\"lazy\" decoding=\"async\" class=\"alignnone size-full wp-image-5949\" src=\"https:\/\/moverdb.com\/wp-content\/uploads\/Gateway-Moving-and-Relocation-international-moving-company.png\" alt=\"Gateway Moving and Relocation medzin\u00e1rodn\u00e1 s\u0165ahovacia spolo\u010dnos\u0165\" width=\"1440\" height=\"683\" data-wp-pid=\"5949\" srcset=\"https:\/\/moverdb.com\/wp-content\/uploads\/Gateway-Moving-and-Relocation-international-moving-company.png 1440w, https:\/\/moverdb.com\/wp-content\/uploads\/Gateway-Moving-and-Relocation-international-moving-company-300x142.png 300w, https:\/\/moverdb.com\/wp-content\/uploads\/Gateway-Moving-and-Relocation-international-moving-company-1024x486.png 1024w, https:\/\/moverdb.com\/wp-content\/uploads\/Gateway-Moving-and-Relocation-international-moving-company-18x9.png 18w, https:\/\/moverdb.com\/wp-content\/uploads\/Gateway-Moving-and-Relocation-international-moving-company-600x285.png 600w\" sizes=\"auto, (max-width: 1440px) 100vw, 1440px\" \/><\/p>\n<ul>\n<li>Miestne a vn\u00fatro\u0161t\u00e1tne s\u0165ahovanie<\/li>\n<li>Medzin\u00e1rodn\u00e9 s\u0165ahovanie<\/li>\n<li>S\u0165ahovanie do obytn\u00fdch priestorov<\/li>\n<li>S\u0165ahovanie priemyseln\u00fdch a kancel\u00e1rskych priestorov<\/li>\n<li>Na mieru \u0161it\u00e9 s\u0165ahovacie bal\u00ed\u010dky<\/li>\n<li>Baliace slu\u017eby a balenie do krab\u00edc<\/li>\n<li>Vysokokvalitn\u00e9 vybavenie<\/li>\n<li>Coln\u00e9 sprostredkovanie<\/li>\n<li>Preprava vozidiel<\/li>\n<li>Skladovacie zariadenia<\/li>\n<\/ul>\n<p>Gateway Moving and Relocation je rodinn\u00e1 spolo\u010dnos\u0165 so s\u00eddlom v <a href=\"https:\/\/moverdb.com\/sk\/moving-to-san-jose\/\" data-internallinksmanager029f6b8e52c=\"64\" title=\"S\u0165ahujete sa do San Jose? 2022 N\u00e1klady na b\u00fdvanie a tipy na pres\u0165ahovanie\">San Jose<\/a> s kancel\u00e1riou v <a href=\"https:\/\/moverdb.com\/sk\/moving-companies\/moving-companies-nicaragua\/\" data-internallinksmanager029f6b8e52c=\"278\" title=\"Najlep\u0161ie medzin\u00e1rodn\u00e9 s\u0165ahovacie spolo\u010dnosti v Nikarague\">Nikaragua<\/a>. Spolupracuj\u00fa s \u010fal\u0161\u00edmi s\u0165ahovac\u00edmi agent\u00farami na celom svete, aby mohli poskytova\u0165 medzin\u00e1rodn\u00e9 slu\u017eby. S\u00fa \u010dlenom IAM so 6-ro\u010dnou trad\u00edciou.<\/p>\n<p>Spolo\u010dnos\u0165 Gateway Moving and Relocation pon\u00faka individu\u00e1lne s\u0165ahovacie bal\u00edky, ktor\u00e9 s\u00fa prisp\u00f4soben\u00e9 va\u0161im potreb\u00e1m. Poskytn\u00fa v\u00e1m baliace slu\u017eby, ktor\u00e9 ochr\u00e1nia va\u0161e veci po\u010das prepravy a zah\u0155\u0148aj\u00fa v\u0161etko od jemn\u00fdch <a href=\"https:\/\/moverdb.com\/sk\/moving-to-china\/\" data-internallinksmanager029f6b8e52c=\"357\" title=\"S\u0165ahovanie do \u010c\u00edny? 2026 N\u00e1klady na \u017eivot a tipy na pres\u0165ahovanie\">\u010c\u00edna<\/a> na hudobn\u00e9 n\u00e1stroje a objemn\u00fd n\u00e1bytok. Poskytuj\u00fa slu\u017eby coln\u00e9ho sprostredkovania, slu\u017eby prepravy vozidiel a skladovacie slu\u017eby pred s\u0165ahovan\u00edm alebo po \u0148om.<\/p>\n<p>Webov\u00e1 lokalita: <a href=\"https:\/\/www.gatewaymovingcr.com\" target=\"_blank\" rel=\"noopener\">https:\/\/www.gatewaymovingcr.com<\/a><\/p>\n<h2><span class=\"ez-toc-section\" id=\"3_Inter_Moves_SG_Global\"><\/span><strong>3. Inter Moves SG Global<\/strong><span class=\"ez-toc-section-end\"><\/span><\/h2>\n<p><img loading=\"lazy\" decoding=\"async\" class=\"alignnone size-full wp-image-5959\" src=\"https:\/\/moverdb.com\/wp-content\/uploads\/Inter-Moves-SG-Global-international-moving-company.png\" alt=\"Inter Moves SG Glob\u00e1lne medzin\u00e1rodn\u00e9 s\u0165ahovanie spolo\u010dnos\u0165\" width=\"1440\" height=\"684\" data-wp-pid=\"5959\" srcset=\"https:\/\/moverdb.com\/wp-content\/uploads\/Inter-Moves-SG-Global-international-moving-company.png 1440w, https:\/\/moverdb.com\/wp-content\/uploads\/Inter-Moves-SG-Global-international-moving-company-300x143.png 300w, https:\/\/moverdb.com\/wp-content\/uploads\/Inter-Moves-SG-Global-international-moving-company-1024x486.png 1024w, https:\/\/moverdb.com\/wp-content\/uploads\/Inter-Moves-SG-Global-international-moving-company-18x9.png 18w, https:\/\/moverdb.com\/wp-content\/uploads\/Inter-Moves-SG-Global-international-moving-company-600x285.png 600w\" sizes=\"auto, (max-width: 1440px) 100vw, 1440px\" \/><\/p>\n<ul>\n<li>Miestne a vn\u00fatro\u0161t\u00e1tne s\u0165ahovanie<\/li>\n<li>Medzin\u00e1rodn\u00e9 s\u0165ahovanie<\/li>\n<li>S\u0165ahovanie dom\u00e1cnost\u00ed<\/li>\n<li>S\u0165ahovanie kancel\u00e1ri\u00ed<\/li>\n<li>Baliace slu\u017eby<\/li>\n<li>Coln\u00fd sprostredkovate\u013e<\/li>\n<li>S\u0165ahovanie staro\u017eitnost\u00ed a umeleck\u00fdch diel<\/li>\n<li>Preprava vozidiel<\/li>\n<li>Mo\u017enosti poistenia<\/li>\n<li>Skladovacie zariadenia<\/li>\n<\/ul>\n<p>Inter Moves SG Global je \u0161pedi\u010dn\u00e1 spolo\u010dnos\u0165 a poskytovate\u013e slu\u017eieb v oblasti medzin\u00e1rodn\u00e9ho s\u0165ahovania, ktor\u00e1 bola zalo\u017een\u00e1 v roku 2001. Pon\u00faka miestne, vn\u00fatro\u0161t\u00e1tne a medzin\u00e1rodn\u00e9 s\u0165ahovacie slu\u017eby pre dom\u00e1cnosti aj kancel\u00e1rie. S\u00fa \u010dlenom IAM s 21-ro\u010dnou trad\u00edciou.<\/p>\n<p>Spolo\u010dnos\u0165 Inter Moves SG Global pon\u00faka profesion\u00e1lne s\u0165ahovacie slu\u017eby, ktor\u00e9 zabalia va\u0161e veci a zabezpe\u010dia ich nalo\u017eenie do kontajnerov a debien spolu s prepravou na miesto ur\u010denia vr\u00e1tane coln\u00e9ho sprostredkovania. Pon\u00fakaj\u00fa sprostredkovanie poistenia, aby na\u0161li najlep\u0161ie poistn\u00e9 krytie pre va\u0161e s\u0165ahovanie. Poskytuj\u00fa dokonca hotel s penzi\u00f3nom pre t\u00fdch, ktor\u00ed sa s\u0165ahuj\u00fa a potrebuj\u00fa do\u010dasn\u00e9 ubytovanie.<\/p>\n<p>Webov\u00e1 lokalita: <a href=\"http:\/\/www.InterMoves-SGCR.com\" target=\"_blank\" rel=\"noopener\">http:\/\/www.InterMoves-SGCR.com<\/a><\/p>\n<h2><span class=\"ez-toc-section\" id=\"4_Mudanzas_Mundiales\"><\/span><strong>4. Mudanzas Mundiales<\/strong><span class=\"ez-toc-section-end\"><\/span><\/h2>\n<p><img loading=\"lazy\" decoding=\"async\" class=\"alignnone size-full wp-image-5981\" src=\"https:\/\/moverdb.com\/wp-content\/uploads\/Mudanzas-Mundiales-international-moving-company.png\" alt=\"Mudanzas Mundiales medzin\u00e1rodn\u00e9 s\u0165ahovanie spolo\u010dnos\u0165\" width=\"1440\" height=\"680\" data-wp-pid=\"5981\" srcset=\"https:\/\/moverdb.com\/wp-content\/uploads\/Mudanzas-Mundiales-international-moving-company.png 1440w, https:\/\/moverdb.com\/wp-content\/uploads\/Mudanzas-Mundiales-international-moving-company-300x142.png 300w, https:\/\/moverdb.com\/wp-content\/uploads\/Mudanzas-Mundiales-international-moving-company-1024x484.png 1024w, https:\/\/moverdb.com\/wp-content\/uploads\/Mudanzas-Mundiales-international-moving-company-18x9.png 18w, https:\/\/moverdb.com\/wp-content\/uploads\/Mudanzas-Mundiales-international-moving-company-600x283.png 600w\" sizes=\"auto, (max-width: 1440px) 100vw, 1440px\" \/><\/p>\n<ul>\n<li>Medzin\u00e1rodn\u00e9 s\u0165ahovanie<\/li>\n<li>S\u0165ahovanie do obytn\u00fdch priestorov<\/li>\n<li>Komer\u010dn\u00e9 presuny<\/li>\n<li>Slu\u017eby premiestnenia<\/li>\n<li>Profesion\u00e1lne baliace slu\u017eby<\/li>\n<li>Pozemn\u00e1, n\u00e1morn\u00e1 alebo leteck\u00e1 preprava<\/li>\n<li>Coln\u00fd sprostredkovate\u013e<\/li>\n<li>Preprava umeleck\u00fdch diel<\/li>\n<li>Preprava dom\u00e1cich zvierat<\/li>\n<li>Skladovacie zariadenia<\/li>\n<\/ul>\n<p>Mudanzas Mundiales je s\u0165ahovacia spolo\u010dnos\u0165 s viac ako 60-ro\u010dn\u00fdmi sk\u00fasenos\u0165ami v oblasti integrovanej logistiky a medzin\u00e1rodn\u00e9ho obchodu. M\u00e1 pobo\u010dky v San Jos\u00e9 a Nikarague. Je \u010dlenom IAM s 53-ro\u010dnou trad\u00edciou a je akreditovan\u00e1 organiz\u00e1ciou FIDI.<\/p>\n<p>Spolo\u010dnos\u0165 Mudanzas Mundiales pon\u00faka individu\u00e1lny pr\u00edstup k s\u0165ahovaniu so slu\u017ebami od dver\u00ed k dver\u00e1m, ktor\u00e9 zah\u0155\u0148aj\u00fa baliace slu\u017eby s pou\u017eit\u00edm najkvalitnej\u0161\u00edch materi\u00e1lov a\u017e po vybalenie a usporiadanie n\u00e1bytku. Zabezpe\u010d\u00ed pozemn\u00fa, n\u00e1morn\u00fa alebo leteck\u00fa prepravu s coln\u00fdm sprostredkovan\u00edm a poisten\u00edm. Ich slu\u017eby v oblasti s\u0165ahovania v\u00e1m pom\u00f4\u017eu s orient\u00e1ciou, h\u013eadan\u00edm domova a \u0161koly, slu\u017ebami pri pr\u00edchode a jazykovou a kult\u00farnou pr\u00edpravou.<\/p>\n<p>Webov\u00e1 lokalita: <a href=\"http:\/\/mudanzasmundiales.com\" target=\"_blank\" rel=\"noopener\">http:\/\/mudanzasmundiales.com<\/a><\/p>\n<h2><span class=\"ez-toc-section\" id=\"5_Multimodal\"><\/span><strong>5. Multimod\u00e1lne<\/strong><span class=\"ez-toc-section-end\"><\/span><\/h2>\n<p><img loading=\"lazy\" decoding=\"async\" class=\"alignnone size-full wp-image-5984\" src=\"https:\/\/moverdb.com\/wp-content\/uploads\/Multimodal-international-moving-company.png\" alt=\"Multimod\u00e1lne medzin\u00e1rodn\u00e9 s\u0165ahovanie spolo\u010dnos\u0165\" width=\"1440\" height=\"680\" data-wp-pid=\"5984\" srcset=\"https:\/\/moverdb.com\/wp-content\/uploads\/Multimodal-international-moving-company.png 1440w, https:\/\/moverdb.com\/wp-content\/uploads\/Multimodal-international-moving-company-300x142.png 300w, https:\/\/moverdb.com\/wp-content\/uploads\/Multimodal-international-moving-company-1024x484.png 1024w, https:\/\/moverdb.com\/wp-content\/uploads\/Multimodal-international-moving-company-18x9.png 18w, https:\/\/moverdb.com\/wp-content\/uploads\/Multimodal-international-moving-company-600x283.png 600w\" sizes=\"auto, (max-width: 1440px) 100vw, 1440px\" \/><\/p>\n<ul>\n<li>Medzin\u00e1rodn\u00e9 s\u0165ahovanie<\/li>\n<li>S\u0165ahovanie do obytn\u00fdch priestorov<\/li>\n<li>S\u0165ahovanie kancel\u00e1ri\u00ed<\/li>\n<li>Manipul\u00e1cia so z\u00e1sielkami a ich monitorovanie<\/li>\n<li>Pozemn\u00e1, n\u00e1morn\u00e1 a leteck\u00e1 doprava<\/li>\n<li>Coln\u00e9 sprostredkovanie<\/li>\n<li>Poistenie n\u00e1kladu<\/li>\n<li>Preprava dom\u00e1cich zvierat<\/li>\n<li>Preprava vozidiel<\/li>\n<li>Skladovacie zariadenia<\/li>\n<\/ul>\n<p>Multimodal je \u0161pecializovan\u00fd poskytovate\u013e slu\u017eieb v oblasti medzin\u00e1rodn\u00e9ho obchodu a coln\u00edctva, ktor\u00fd pon\u00faka s\u0165ahovacie slu\u017eby v Kostarike a Nikarague. Bola zalo\u017een\u00e1 v roku 1999 a pon\u00fakala najm\u00e4 leteck\u00fa prepravu tovaru, ale roz\u0161\u00edrila sa na ponuku v\u0161etk\u00fdch dopravn\u00fdch prostriedkov. Je \u010dlenom IAM s 37-ro\u010dnou trad\u00edciou a pri poskytovan\u00ed svojich slu\u017eieb na medzin\u00e1rodnej \u00farovni spolupracuje s in\u00fdmi agent\u00farami.<\/p>\n<p>Multimodal pon\u00faka bezpe\u010dn\u00e9 a spo\u013eahliv\u00e9 s\u0165ahovacie slu\u017eby bez komplik\u00e1ci\u00ed a zbyto\u010dn\u00fdch n\u00e1kladov. Poskytuj\u00fa profesion\u00e1lne baliace slu\u017eby na bezpe\u010dn\u00fa prepravu va\u0161ich vec\u00ed a zabezpe\u010dia prepravu po s\u00fa\u0161i, po mori alebo letecky spolu s coln\u00fdm sprostredkovan\u00edm.<\/p>\n<p>Webov\u00e1 lokalita: <a href=\"http:\/\/www.multimodalcr.com\" target=\"_blank\" rel=\"noopener\">http:\/\/www.multimodalcr.com<\/a><\/p>\n<h2><span class=\"ez-toc-section\" id=\"6_Winmovers\"><\/span><strong>6. Winmovers<\/strong><span class=\"ez-toc-section-end\"><\/span><\/h2>\n<p><img loading=\"lazy\" decoding=\"async\" class=\"alignnone size-full wp-image-6016\" src=\"https:\/\/moverdb.com\/wp-content\/uploads\/Winmovers-international-moving-company.png\" alt=\"Winmovers medzin\u00e1rodn\u00e9 s\u0165ahovanie spolo\u010dnos\u0165\" width=\"1440\" height=\"678\" data-wp-pid=\"6016\" srcset=\"https:\/\/moverdb.com\/wp-content\/uploads\/Winmovers-international-moving-company.png 1440w, https:\/\/moverdb.com\/wp-content\/uploads\/Winmovers-international-moving-company-300x141.png 300w, https:\/\/moverdb.com\/wp-content\/uploads\/Winmovers-international-moving-company-1024x482.png 1024w, https:\/\/moverdb.com\/wp-content\/uploads\/Winmovers-international-moving-company-18x8.png 18w, https:\/\/moverdb.com\/wp-content\/uploads\/Winmovers-international-moving-company-600x283.png 600w\" sizes=\"auto, (max-width: 1440px) 100vw, 1440px\" \/><\/p>\n<ul>\n<li>Miestne a vn\u00fatro\u0161t\u00e1tne s\u0165ahovanie<\/li>\n<li>Medzin\u00e1rodn\u00e9 s\u0165ahovanie<\/li>\n<li>S\u0165ahovanie dom\u00e1cnost\u00ed<\/li>\n<li>Obchodn\u00e9 kroky<\/li>\n<li>Slu\u017eba od dver\u00ed k dver\u00e1m<\/li>\n<li>Profesion\u00e1lne baliace slu\u017eby<\/li>\n<li>Priemyseln\u00e9 obaly<\/li>\n<li>Pozemn\u00e1, leteck\u00e1 a n\u00e1morn\u00e1 doprava<\/li>\n<li>\u0160peci\u00e1lne polo\u017eky, ako je klav\u00edr a po\u010d\u00edta\u010dov\u00e9 vybavenie<\/li>\n<li>R\u00f4znorod\u00fd vozov\u00fd park<\/li>\n<\/ul>\n<p>Winmovers je medzin\u00e1rodn\u00fd a miestny poskytovate\u013e s\u0165ahovac\u00edch slu\u017eieb, ktor\u00fd bol zalo\u017een\u00fd v roku 2003. Je \u010dlenom IAM s 19-ro\u010dnou trad\u00edciou a je akreditovan\u00e1 organiz\u00e1ciou FIDI. Disponuj\u00fa \u0161irok\u00fdm a r\u00f4znorod\u00fdm vozov\u00fdm parkom, ktor\u00fd sp\u013a\u0148a r\u00f4zne prepravn\u00e9 potreby.<\/p>\n<p>Spolo\u010dnos\u0165 Winmovers pon\u00faka slu\u017eby od dver\u00ed k dver\u00e1m, ktor\u00e9 zah\u0155\u0148aj\u00fa profesion\u00e1lne baliace slu\u017eby poskytovan\u00e9 vy\u0161kolen\u00fdm person\u00e1lom, ktor\u00fd ochr\u00e1ni va\u0161e veci pomocou r\u00f4znych baliacich materi\u00e1lov, ako s\u00fa krabice, obaly a deky. Vytv\u00e1raj\u00fa aj vlastn\u00e9 certifikovan\u00e9 dreven\u00e9 debny. Zorganizuj\u00fa prepravu va\u0161ich vec\u00ed po zemi, letecky alebo po mori.<\/p>\n<p>Webov\u00e1 lokalita: <a href=\"http:\/\/www.winmovers.com\" target=\"_blank\" rel=\"noopener\">http:\/\/www.winmovers.com<\/a><\/p>\n<h2><span class=\"ez-toc-section\" id=\"Other_Useful_Guides_to_Costa_Rica\"><\/span>\u010eal\u0161ie u\u017eito\u010dn\u00e9 pr\u00edru\u010dky o Kostarike<span class=\"ez-toc-section-end\"><\/span><\/h2>\n<ul>\n<li> <a href=\"https:\/\/moverdb.com\/sk\/kontajnerova-preprava\/costa-rica\/\">2024 Ceny n\u00e1mornej kontajnerovej prepravy do a z Kostariky<\/a><\/li>\n<li> <a href=\"https:\/\/moverdb.com\/sk\/moving-to-costa-rica\/\">S\u0165ahujete sa do Kostariky? 2026 N\u00e1klady na \u017eivot a tipy na pres\u0165ahovanie<\/a><\/li>\n<li> <a href=\"https:\/\/moverdb.com\/sk\/moving-to-costa-rica\/living-in-costa-rica\/\">21 tajomstiev o \u017eivote v Kostarike, ktor\u00e9 by ste mali vedie\u0165 pred pres\u0165ahovan\u00edm<\/a><\/li>\n<\/ul>","protected":false},"excerpt":{"rendered":"<p>Are you moving to or from Costa Rica, or moving within Costa Rica? Then you might be interested in some help moving all of your belongings as it can be complex especially if you are moving countries. Below we have compiled a list of Costa Rican removal companies that are members of the International Association [&hellip;]<\/p>\n","protected":false},"author":4,"featured_media":0,"parent":190,"menu_order":0,"comment_status":"closed","ping_status":"closed","template":"","meta":{"_genesis_hide_title":false,"_genesis_hide_breadcrumbs":false,"_genesis_hide_singular_image":false,"_genesis_hide_footer_widgets":false,"_genesis_custom_body_class":"","_genesis_custom_post_class":"","_genesis_layout":"","footnotes":""},"class_list":{"0":"post-6015","1":"page","2":"type-page","3":"status-publish","5":"entry","6":"has-post-thumbnail"},"_links":{"self":[{"href":"https:\/\/moverdb.com\/sk\/wp-json\/wp\/v2\/pages\/6015","targetHints":{"allow":["GET"]}}],"collection":[{"href":"https:\/\/moverdb.com\/sk\/wp-json\/wp\/v2\/pages"}],"about":[{"href":"https:\/\/moverdb.com\/sk\/wp-json\/wp\/v2\/types\/page"}],"author":[{"embeddable":true,"href":"https:\/\/moverdb.com\/sk\/wp-json\/wp\/v2\/users\/4"}],"replies":[{"embeddable":true,"href":"https:\/\/moverdb.com\/sk\/wp-json\/wp\/v2\/comments?post=6015"}],"version-history":[{"count":2,"href":"https:\/\/moverdb.com\/sk\/wp-json\/wp\/v2\/pages\/6015\/revisions"}],"predecessor-version":[{"id":18296,"href":"https:\/\/moverdb.com\/sk\/wp-json\/wp\/v2\/pages\/6015\/revisions\/18296"}],"up":[{"embeddable":true,"href":"https:\/\/moverdb.com\/sk\/wp-json\/wp\/v2\/pages\/190"}],"wp:attachment":[{"href":"https:\/\/moverdb.com\/sk\/wp-json\/wp\/v2\/media?parent=6015"}],"curies":[{"name":"wp","href":"https:\/\/api.w.org\/{rel}","templated":true}]}}