{"id":5518,"date":"2023-02-01T13:53:00","date_gmt":"2023-02-01T13:53:00","guid":{"rendered":"https:\/\/moverdb.com\/?page_id=5518"},"modified":"2026-01-08T15:29:50","modified_gmt":"2026-01-08T15:29:50","slug":"burkina-faso-stehovanie-spolocnosti","status":"publish","type":"page","link":"https:\/\/moverdb.com\/sk\/moving-companies\/burkina-faso-moving-companies\/","title":{"rendered":"Najlep\u0161ie medzin\u00e1rodn\u00e9 s\u0165ahovacie spolo\u010dnosti v Burkina Faso"},"content":{"rendered":"<p>Ak pl\u00e1nujete s\u0165ahovanie v Burkine Faso alebo s\u0165ahovanie do Burkiny Faso alebo z Burkiny Faso, m\u00f4\u017ee v\u00e1m pom\u00f4c\u0165 pomoc s\u0165ahovacej spolo\u010dnosti. S\u0165ahovacia spolo\u010dnos\u0165 v\u00e1m m\u00f4\u017ee u\u013eah\u010di\u0165 fyzick\u00fa a psychick\u00fa z\u00e1\u0165a\u017e, najm\u00e4 ak sa s\u0165ahujete do inej krajiny. Ni\u017e\u0161ie sme zostavili zoznam firiem z Burkiny Faso <a href=\"https:\/\/moverdb.com\/sk\/moving-companies\/\" data-internallinksmanager029f6b8e52c=\"79\" title=\"Top 25 medzin\u00e1rodn\u00fdch s\u0165ahovac\u00edch spolo\u010dnost\u00ed online\">s\u0165ahovacie spolo\u010dnosti<\/a> ktor\u00e9 s\u00fa \u010dlenmi <a href=\"https:\/\/moverdb.com\/sk\/iam\/\" data-internallinksmanager029f6b8e52c=\"23\" title=\"Vysvetlenie Medzin\u00e1rodnej asoci\u00e1cie s\u0165ahovate\u013eov (IAM)\">Medzin\u00e1rodn\u00e1 asoci\u00e1cia s\u0165ahovate\u013eov<\/a> (IAM), ktor\u00e9 by v\u00e1m mohli pom\u00f4c\u0165.<\/p>\n<p><strong>Prv\u00fd krok<\/strong><\/p>\n<p><img loading=\"lazy\" decoding=\"async\" class=\"alignnone size-full wp-image-5461\" src=\"https:\/\/moverdb.com\/wp-content\/uploads\/Move-One-international-moving-company.png\" alt=\"Move One medzin\u00e1rodn\u00e1 s\u0165ahovacia spolo\u010dnos\u0165\" width=\"1440\" height=\"680\" data-wp-pid=\"5461\" srcset=\"https:\/\/moverdb.com\/wp-content\/uploads\/Move-One-international-moving-company.png 1440w, https:\/\/moverdb.com\/wp-content\/uploads\/Move-One-international-moving-company-300x142.png 300w, https:\/\/moverdb.com\/wp-content\/uploads\/Move-One-international-moving-company-1024x484.png 1024w, https:\/\/moverdb.com\/wp-content\/uploads\/Move-One-international-moving-company-18x9.png 18w, https:\/\/moverdb.com\/wp-content\/uploads\/Move-One-international-moving-company-600x283.png 600w\" sizes=\"auto, (max-width: 1440px) 100vw, 1440px\" \/><\/p>\n<ul>\n<li>Medzin\u00e1rodn\u00e9 s\u0165ahovanie<\/li>\n<li>Premiestnenie<\/li>\n<li>S\u0165ahovanie do obytn\u00fdch priestorov<\/li>\n<li>Premiest\u0148ovanie kancel\u00e1ri\u00ed<\/li>\n<li>Podpora pris\u0165ahovalectva<\/li>\n<li>Vy\u0161kolen\u00fd a profesion\u00e1lny person\u00e1l<\/li>\n<li>Preprava dom\u00e1cich zvierat<\/li>\n<li>Pomoc pri h\u013eadan\u00ed domova a \u0161k\u00f4l<\/li>\n<li>Usadzovanie v slu\u017eb\u00e1ch<\/li>\n<li>Skladovacie zariadenia<\/li>\n<\/ul>\n<p>Move One je s\u0165ahovacia spolo\u010dnos\u0165 zalo\u017een\u00e1 v roku 1992 s pobo\u010dkou v Oagadougou, ktor\u00e1 poskytuje rie\u0161enia v oblasti logistiky, s\u0165ahovania a glob\u00e1lnej mobility. Tvrd\u00ed, \u017ee je l\u00eddrom na trhu v Eur\u00f3pe, Afrike, na Bl\u00edzkom v\u00fdchode, na Balk\u00e1ne a v SN\u0160. Je \u010dlenom IAM s 23-ro\u010dnou trad\u00edciou. S\u00fa s\u00fa\u010das\u0165ou siete medzin\u00e1rodn\u00fdch s\u0165ahovac\u00edch spolo\u010dnost\u00ed, ktor\u00e9 zabezpe\u010duj\u00fa medzin\u00e1rodn\u00e9 s\u0165ahovanie.<\/p>\n<p>Spolo\u010dnos\u0165 Move One pon\u00faka s\u0165ahovacie a s\u0165ahovacie slu\u017eby a slu\u017eby spojen\u00e9 s premiestnen\u00edm, ktor\u00e9 zah\u0155\u0148aj\u00fa profesion\u00e1lnu podporu vy\u0161kolen\u00fdch pracovn\u00edkov, ktor\u00ed v\u00e1m pom\u00f4\u017eu pri s\u0165ahovan\u00ed a poskytn\u00fa v\u00e1m podporu pri imigra\u010dn\u00fdch z\u00e1le\u017eitostiach, aby ste sa mohli orientova\u0165 v byrokracii. M\u00f4\u017eu pom\u00f4c\u0165 s prepravou dom\u00e1cich zvierat, h\u013eadan\u00edm domova a \u0161k\u00f4l.<\/p>\n<p>Webov\u00e1 lokalita: <a href=\"https:\/\/www.moveoneinc.com\/\" target=\"_blank\" rel=\"noopener\">https:\/\/www.moveoneinc.com\/<\/a><\/p>","protected":false},"excerpt":{"rendered":"<p>If you are planning a move in Burkina Faso, or moving to or from Burkina Faso then enlisting the assistance of a moving company can help. A moving company can lighten the load physical and mentally especially if you are moving countries. Below we have compiled a list of Burkina Faso moving companies that are [&hellip;]<\/p>\n","protected":false},"author":4,"featured_media":0,"parent":190,"menu_order":0,"comment_status":"closed","ping_status":"closed","template":"","meta":{"_genesis_hide_title":false,"_genesis_hide_breadcrumbs":false,"_genesis_hide_singular_image":false,"_genesis_hide_footer_widgets":false,"_genesis_custom_body_class":"","_genesis_custom_post_class":"","_genesis_layout":"","footnotes":""},"class_list":{"0":"post-5518","1":"page","2":"type-page","3":"status-publish","5":"entry"},"_links":{"self":[{"href":"https:\/\/moverdb.com\/sk\/wp-json\/wp\/v2\/pages\/5518","targetHints":{"allow":["GET"]}}],"collection":[{"href":"https:\/\/moverdb.com\/sk\/wp-json\/wp\/v2\/pages"}],"about":[{"href":"https:\/\/moverdb.com\/sk\/wp-json\/wp\/v2\/types\/page"}],"author":[{"embeddable":true,"href":"https:\/\/moverdb.com\/sk\/wp-json\/wp\/v2\/users\/4"}],"replies":[{"embeddable":true,"href":"https:\/\/moverdb.com\/sk\/wp-json\/wp\/v2\/comments?post=5518"}],"version-history":[{"count":1,"href":"https:\/\/moverdb.com\/sk\/wp-json\/wp\/v2\/pages\/5518\/revisions"}],"predecessor-version":[{"id":5519,"href":"https:\/\/moverdb.com\/sk\/wp-json\/wp\/v2\/pages\/5518\/revisions\/5519"}],"up":[{"embeddable":true,"href":"https:\/\/moverdb.com\/sk\/wp-json\/wp\/v2\/pages\/190"}],"wp:attachment":[{"href":"https:\/\/moverdb.com\/sk\/wp-json\/wp\/v2\/media?parent=5518"}],"curies":[{"name":"wp","href":"https:\/\/api.w.org\/{rel}","templated":true}]}}