{"id":5515,"date":"2023-02-01T13:53:52","date_gmt":"2023-02-01T13:53:52","guid":{"rendered":"https:\/\/moverdb.com\/?page_id=5515"},"modified":"2026-01-08T15:29:52","modified_gmt":"2026-01-08T15:29:52","slug":"kamerun-stehovanie-spolocnosti","status":"publish","type":"page","link":"https:\/\/moverdb.com\/sk\/moving-companies\/cameroon-moving-companies\/","title":{"rendered":"Najlep\u0161ie medzin\u00e1rodn\u00e9 s\u0165ahovacie spolo\u010dnosti v Kamerune"},"content":{"rendered":"<p>S\u0165ahujete domov alebo firmu? Potom mo\u017eno budete chcie\u0165 pomoc pri u\u013eah\u010den\u00ed s\u0165ahovania, najm\u00e4 ak sa s\u0165ahujete do inej krajiny, tak\u017ee renomovan\u00e1 <a href=\"https:\/\/moverdb.com\/sk\/moving-companies\/\" data-internallinksmanager029f6b8e52c=\"79\" title=\"Top 25 medzin\u00e1rodn\u00fdch s\u0165ahovac\u00edch spolo\u010dnost\u00ed online\">s\u0165ahovacia spolo\u010dnos\u0165<\/a> by mohli pom\u00f4c\u0165. Ni\u017e\u0161ie sme zostavili zoznam Kamerunu <a href=\"https:\/\/moverdb.com\/sk\/international-removals\/\" data-internallinksmanager029f6b8e52c=\"27\" title=\"36 najlep\u0161\u00edch medzin\u00e1rodn\u00fdch s\u0165ahovac\u00edch spolo\u010dnost\u00ed v Spojenom kr\u00e1\u013eovstve\">s\u0165ahovacie spolo\u010dnosti<\/a> ktor\u00e9 s\u00fa \u010dlenmi <a href=\"https:\/\/moverdb.com\/sk\/iam\/\" data-internallinksmanager029f6b8e52c=\"23\" title=\"Vysvetlenie Medzin\u00e1rodnej asoci\u00e1cie s\u0165ahovate\u013eov (IAM)\">Medzin\u00e1rodn\u00e1 asoci\u00e1cia s\u0165ahovate\u013eov<\/a> (IAM), ktor\u00e9 by v\u00e1m mohli pom\u00f4c\u0165.<\/p>\n<h2><strong>Prv\u00fd krok<\/strong><\/h2>\n<p><img loading=\"lazy\" decoding=\"async\" class=\"alignnone size-full wp-image-5461\" src=\"https:\/\/moverdb.com\/wp-content\/uploads\/Move-One-international-moving-company.png\" alt=\"Move One medzin\u00e1rodn\u00e1 s\u0165ahovacia spolo\u010dnos\u0165\" width=\"1440\" height=\"680\" data-wp-pid=\"5461\" srcset=\"https:\/\/moverdb.com\/wp-content\/uploads\/Move-One-international-moving-company.png 1440w, https:\/\/moverdb.com\/wp-content\/uploads\/Move-One-international-moving-company-300x142.png 300w, https:\/\/moverdb.com\/wp-content\/uploads\/Move-One-international-moving-company-1024x484.png 1024w, https:\/\/moverdb.com\/wp-content\/uploads\/Move-One-international-moving-company-18x9.png 18w, https:\/\/moverdb.com\/wp-content\/uploads\/Move-One-international-moving-company-600x283.png 600w\" sizes=\"auto, (max-width: 1440px) 100vw, 1440px\" \/><\/p>\n<ul>\n<li>Medzin\u00e1rodn\u00e9 s\u0165ahovanie<\/li>\n<li>Premiestnenie<\/li>\n<li>S\u0165ahovanie dom\u00e1cnost\u00ed<\/li>\n<li>S\u0165ahovanie kancel\u00e1ri\u00ed<\/li>\n<li>Profesion\u00e1lny person\u00e1l, ktor\u00fd v\u00e1m poskytne podporu<\/li>\n<li>Pomoc pri pris\u0165ahovalectve<\/li>\n<li>Preprava dom\u00e1cich zvierat<\/li>\n<li>Pomoc pri usadzovan\u00ed<\/li>\n<li>Vyh\u013ead\u00e1vanie domov a \u0161k\u00f4l<\/li>\n<li>Rie\u0161enia na ukladanie<\/li>\n<\/ul>\n<p>Move One je medzin\u00e1rodn\u00e1 prepravn\u00e1 spolo\u010dnos\u0165 s pobo\u010dkami v Eur\u00f3pe, Afrike a na Strednom v\u00fdchode vr\u00e1tane Kamerunu. Od roku 1992 poskytuje rie\u0161enia v oblasti logistiky, s\u0165ahovania a glob\u00e1lnej mobility. Maj\u00fa tie\u017e medzin\u00e1rodn\u00fa sie\u0165 s\u0165ahovac\u00edch spolo\u010dnost\u00ed, ktor\u00e9 pom\u00e1haj\u00fa klientom v medzin\u00e1rodnom meradle. Kamerunsk\u00e1 pobo\u010dka je \u010dlenom IAM so \u0161es\u0165ro\u010dn\u00fdm p\u00f4soben\u00edm.<\/p>\n<p>Spolo\u010dnos\u0165 Move One poskytuje profesion\u00e1lne slu\u017eby s vysokokvalifikovan\u00fdm person\u00e1lom, ktor\u00fd v\u00e1m pom\u00f4\u017ee pri s\u0165ahovan\u00ed alebo premiest\u0148ovan\u00ed. Podporia v\u0161etky aspekty v\u00e1\u0161ho s\u0165ahovania vr\u00e1tane organiz\u00e1cie logistiky a imigra\u010dnej podpory, ako aj prepravy va\u0161ich dom\u00e1cich zvierat. Ich slu\u017eby v oblasti s\u0165ahovania zah\u0155\u0148aj\u00fa aj podporu pri usadzovan\u00ed, h\u013eadan\u00ed domova a \u0161k\u00f4l.<\/p>\n<p>Webov\u00e1 lokalita: <a href=\"https:\/\/www.moveoneinc.com\/\" target=\"_blank\" rel=\"noopener\">https:\/\/www.moveoneinc.com\/<\/a><\/p>","protected":false},"excerpt":{"rendered":"<p>Are you moving home or your business? Then you may want help in making the move easier especially if you are relocating to another country, so a reputable moving company could help. Below we have compiled a list of Cameroon removal companies that are members of the International Association of Movers (IAM) that could help [&hellip;]<\/p>\n","protected":false},"author":4,"featured_media":0,"parent":190,"menu_order":0,"comment_status":"closed","ping_status":"closed","template":"","meta":{"_genesis_hide_title":false,"_genesis_hide_breadcrumbs":false,"_genesis_hide_singular_image":false,"_genesis_hide_footer_widgets":false,"_genesis_custom_body_class":"","_genesis_custom_post_class":"","_genesis_layout":"","footnotes":""},"class_list":{"0":"post-5515","1":"page","2":"type-page","3":"status-publish","5":"entry","6":"has-post-thumbnail"},"_links":{"self":[{"href":"https:\/\/moverdb.com\/sk\/wp-json\/wp\/v2\/pages\/5515","targetHints":{"allow":["GET"]}}],"collection":[{"href":"https:\/\/moverdb.com\/sk\/wp-json\/wp\/v2\/pages"}],"about":[{"href":"https:\/\/moverdb.com\/sk\/wp-json\/wp\/v2\/types\/page"}],"author":[{"embeddable":true,"href":"https:\/\/moverdb.com\/sk\/wp-json\/wp\/v2\/users\/4"}],"replies":[{"embeddable":true,"href":"https:\/\/moverdb.com\/sk\/wp-json\/wp\/v2\/comments?post=5515"}],"version-history":[{"count":2,"href":"https:\/\/moverdb.com\/sk\/wp-json\/wp\/v2\/pages\/5515\/revisions"}],"predecessor-version":[{"id":5517,"href":"https:\/\/moverdb.com\/sk\/wp-json\/wp\/v2\/pages\/5515\/revisions\/5517"}],"up":[{"embeddable":true,"href":"https:\/\/moverdb.com\/sk\/wp-json\/wp\/v2\/pages\/190"}],"wp:attachment":[{"href":"https:\/\/moverdb.com\/sk\/wp-json\/wp\/v2\/media?parent=5515"}],"curies":[{"name":"wp","href":"https:\/\/api.w.org\/{rel}","templated":true}]}}