{"id":5512,"date":"2023-02-01T13:54:26","date_gmt":"2023-02-01T13:54:26","guid":{"rendered":"https:\/\/moverdb.com\/?page_id=5512"},"modified":"2026-01-08T15:29:51","modified_gmt":"2026-01-08T15:29:51","slug":"burundi-stehovanie-spolocnosti","status":"publish","type":"page","link":"https:\/\/moverdb.com\/sk\/moving-companies\/burundi-moving-companies\/","title":{"rendered":"Najlep\u0161ie medzin\u00e1rodn\u00e9 s\u0165ahovacie spolo\u010dnosti v Burundi"},"content":{"rendered":"<p>Ak sa chcete pres\u0165ahova\u0165 do Burundi alebo z Burundi, mo\u017eno v\u00e1s zauj\u00edmaj\u00fa slu\u017eby <a href=\"https:\/\/moverdb.com\/sk\/moving-companies\/\" data-internallinksmanager029f6b8e52c=\"79\" title=\"Top 25 medzin\u00e1rodn\u00fdch s\u0165ahovac\u00edch spolo\u010dnost\u00ed online\">s\u0165ahovacia spolo\u010dnos\u0165<\/a> ktor\u00ed by v\u00e1m mohli u\u013eah\u010di\u0165 s\u0165ahovanie. Ni\u017e\u0161ie sme zostavili zoznam Burundi <a href=\"https:\/\/moverdb.com\/sk\/international-removals\/\" data-internallinksmanager029f6b8e52c=\"27\" title=\"36 najlep\u0161\u00edch medzin\u00e1rodn\u00fdch s\u0165ahovac\u00edch spolo\u010dnost\u00ed v Spojenom kr\u00e1\u013eovstve\">s\u0165ahovacie spolo\u010dnosti<\/a> ktor\u00e9 s\u00fa \u010dlenmi <a href=\"https:\/\/moverdb.com\/sk\/iam\/\" data-internallinksmanager029f6b8e52c=\"23\" title=\"Vysvetlenie Medzin\u00e1rodnej asoci\u00e1cie s\u0165ahovate\u013eov (IAM)\">Medzin\u00e1rodn\u00e1 asoci\u00e1cia s\u0165ahovate\u013eov<\/a> (IAM), ktor\u00e9 by v\u00e1m mohli pom\u00f4c\u0165.<\/p>\n<h2><strong>Ve\u013ek\u00e9 jazer\u00e1 Logistics<\/strong><\/h2>\n<p><img loading=\"lazy\" decoding=\"async\" class=\"alignnone size-full wp-image-5444\" src=\"https:\/\/moverdb.com\/wp-content\/uploads\/Great-Lakes-Logistics-international-moving-company.png\" alt=\"Ve\u013ek\u00e9 jazer\u00e1 Logistika medzin\u00e1rodn\u00e9 s\u0165ahovanie spolo\u010dnos\u0165\" width=\"1440\" height=\"679\" data-wp-pid=\"5444\" srcset=\"https:\/\/moverdb.com\/wp-content\/uploads\/Great-Lakes-Logistics-international-moving-company.png 1440w, https:\/\/moverdb.com\/wp-content\/uploads\/Great-Lakes-Logistics-international-moving-company-300x141.png 300w, https:\/\/moverdb.com\/wp-content\/uploads\/Great-Lakes-Logistics-international-moving-company-1024x483.png 1024w, https:\/\/moverdb.com\/wp-content\/uploads\/Great-Lakes-Logistics-international-moving-company-18x8.png 18w, https:\/\/moverdb.com\/wp-content\/uploads\/Great-Lakes-Logistics-international-moving-company-600x283.png 600w\" sizes=\"auto, (max-width: 1440px) 100vw, 1440px\" \/><\/p>\n<ul>\n<li>N\u00e1rodn\u00e9 presuny<\/li>\n<li>Medzin\u00e1rodn\u00e9 s\u0165ahovanie<\/li>\n<li>S\u0165ahovanie obytn\u00fdch priestorov<\/li>\n<li>Mal\u00e9 komer\u010dn\u00e9 presuny<\/li>\n<li>Cestn\u00e1, \u017eelezni\u010dn\u00e1, n\u00e1morn\u00e1 a leteck\u00e1 n\u00e1kladn\u00e1 doprava<\/li>\n<li>Balenie, nakladanie a vykladanie<\/li>\n<li>Online invent\u00e1r<\/li>\n<li>Coln\u00e9 konanie<\/li>\n<li>Pokr\u00fdva v\u00fdchodn\u00fa Afriku<\/li>\n<li>Skladovacie zariadenia<\/li>\n<\/ul>\n<p>Great Lakes Logistics je spolo\u010dnos\u0165 zaoberaj\u00faca sa kl\u00edringom, zasielate\u013estvom, prepravou a skladovan\u00edm, ktor\u00e1 bola zalo\u017een\u00e1 v roku 2015 v Burundi ako pobo\u010dka ve\u013ekej spolo\u010dnosti zo Spojen\u00fdch arabsk\u00fdch emir\u00e1tov. Poskytuje s\u0165ahovacie slu\u017eby v Burundi, Rwande, <a href=\"https:\/\/moverdb.com\/sk\/moving-companies\/moving-companies-kenya\/\" data-internallinksmanager029f6b8e52c=\"305\" title=\"4 Najlep\u0161ie medzin\u00e1rodn\u00e9 s\u0165ahovacie spolo\u010dnosti v Keni\">Ke\u0148a<\/a>, Uganda, Tanz\u00e1nia, Ju\u017en\u00fd Sud\u00e1n, <a href=\"https:\/\/moverdb.com\/sk\/moving-companies\/moving-companies-mozambique\/\" data-internallinksmanager029f6b8e52c=\"286\" title=\"4 Najlep\u0161ie medzin\u00e1rodn\u00e9 s\u0165ahovacie spolo\u010dnosti v Mozambiku\">Mozambik<\/a>, <a href=\"https:\/\/moverdb.com\/sk\/moving-companies\/moving-companies-malawi\/\" data-internallinksmanager029f6b8e52c=\"295\" title=\"Najlep\u0161ie medzin\u00e1rodn\u00e9 s\u0165ahovacie spolo\u010dnosti v Malawi\">Malawi<\/a>, KDR, <a href=\"https:\/\/moverdb.com\/sk\/moving-companies\/botswana-moving-companies\/\" data-internallinksmanager029f6b8e52c=\"167\" title=\"Najlep\u0161ie medzin\u00e1rodn\u00e9 s\u0165ahovacie spolo\u010dnosti v Botswane\">Botswana<\/a>, Angola a Zimbabwe. Je \u010dlenom IAM so \u0161es\u0165ro\u010dnou praxou.<\/p>\n<p>Spolo\u010dnos\u0165 Great Lakes Logistics sa zaober\u00e1 s\u0165ahovan\u00edm obytn\u00fdch a mal\u00fdch obchodn\u00fdch priestorov, ktor\u00e9 m\u00f4\u017ee vykon\u00e1va\u0165 cestnou, \u017eelezni\u010dnou, n\u00e1mornou a leteckou n\u00e1kladnou dopravou. Pon\u00faka v\u00fdber s\u0165ahovac\u00edch slu\u017eieb vr\u00e1tane nakl\u00e1dky a vykl\u00e1dky, usporiadania vec\u00ed, baliacich slu\u017eieb a coln\u00e9ho odbavenia, ako aj skladovania.<\/p>\n<p>Webov\u00e1 lokalita: <a href=\"https:\/\/www.greatlakeslogistics-bu.bi\" target=\"_blank\" rel=\"noopener\">https:\/\/www.greatlakeslogistics-bu.bi<\/a><\/p>","protected":false},"excerpt":{"rendered":"<p>If you are wanting to move home or business in Burundi, move to or from Burundi, you may be interested in the services of a moving company who could ease the move for you. Below we have compiled a list of Burundi removal companies that are members of the International Association of Movers (IAM) that [&hellip;]<\/p>\n","protected":false},"author":4,"featured_media":0,"parent":190,"menu_order":0,"comment_status":"closed","ping_status":"closed","template":"","meta":{"_genesis_hide_title":false,"_genesis_hide_breadcrumbs":false,"_genesis_hide_singular_image":false,"_genesis_hide_footer_widgets":false,"_genesis_custom_body_class":"","_genesis_custom_post_class":"","_genesis_layout":"","footnotes":""},"class_list":{"0":"post-5512","1":"page","2":"type-page","3":"status-publish","5":"entry","6":"has-post-thumbnail"},"_links":{"self":[{"href":"https:\/\/moverdb.com\/sk\/wp-json\/wp\/v2\/pages\/5512","targetHints":{"allow":["GET"]}}],"collection":[{"href":"https:\/\/moverdb.com\/sk\/wp-json\/wp\/v2\/pages"}],"about":[{"href":"https:\/\/moverdb.com\/sk\/wp-json\/wp\/v2\/types\/page"}],"author":[{"embeddable":true,"href":"https:\/\/moverdb.com\/sk\/wp-json\/wp\/v2\/users\/4"}],"replies":[{"embeddable":true,"href":"https:\/\/moverdb.com\/sk\/wp-json\/wp\/v2\/comments?post=5512"}],"version-history":[{"count":2,"href":"https:\/\/moverdb.com\/sk\/wp-json\/wp\/v2\/pages\/5512\/revisions"}],"predecessor-version":[{"id":5514,"href":"https:\/\/moverdb.com\/sk\/wp-json\/wp\/v2\/pages\/5512\/revisions\/5514"}],"up":[{"embeddable":true,"href":"https:\/\/moverdb.com\/sk\/wp-json\/wp\/v2\/pages\/190"}],"wp:attachment":[{"href":"https:\/\/moverdb.com\/sk\/wp-json\/wp\/v2\/media?parent=5512"}],"curies":[{"name":"wp","href":"https:\/\/api.w.org\/{rel}","templated":true}]}}