{"id":5510,"date":"2023-02-01T12:32:51","date_gmt":"2023-02-01T12:32:51","guid":{"rendered":"https:\/\/moverdb.com\/?page_id=5510"},"modified":"2026-01-08T15:23:39","modified_gmt":"2026-01-08T15:23:39","slug":"bulharsko-stahovacie-spolocnosti","status":"publish","type":"page","link":"https:\/\/moverdb.com\/sk\/moving-companies\/bulgaria-moving-companies\/","title":{"rendered":"2 Najlep\u0161ie medzin\u00e1rodn\u00e9 s\u0165ahovacie spolo\u010dnosti v Bulharsku"},"content":{"rendered":"<p>Ak sa s\u0165ahujete domov alebo do svojej firmy v <a href=\"https:\/\/moverdb.com\/sk\/moving-to-bulgaria\/\" data-internallinksmanager029f6b8e52c=\"322\" title=\"S\u0165ahovanie do Bulharska? 2026 N\u00e1klady na b\u00fdvanie a tipy na pres\u0165ahovanie\">Bulharsko<\/a>alebo sa s\u0165ahujete do Bulharska alebo z Bulharska, mo\u017eno budete chcie\u0165 vyu\u017ei\u0165 slu\u017eby <a href=\"https:\/\/moverdb.com\/sk\/moving-companies\/\" data-internallinksmanager029f6b8e52c=\"79\" title=\"Top 25 medzin\u00e1rodn\u00fdch s\u0165ahovac\u00edch spolo\u010dnost\u00ed online\">s\u0165ahovacia spolo\u010dnos\u0165<\/a> na zn\u00ed\u017eenie pracovn\u00e9ho za\u0165a\u017eenia. Ni\u017e\u0161ie sme zostavili zoznam bulharsk\u00fdch <a href=\"https:\/\/moverdb.com\/sk\/international-removals\/\" data-internallinksmanager029f6b8e52c=\"27\" title=\"36 najlep\u0161\u00edch medzin\u00e1rodn\u00fdch s\u0165ahovac\u00edch spolo\u010dnost\u00ed v Spojenom kr\u00e1\u013eovstve\">s\u0165ahovacie spolo\u010dnosti<\/a> ktor\u00e9 s\u00fa \u010dlenmi <a href=\"https:\/\/moverdb.com\/sk\/iam\/\" data-internallinksmanager029f6b8e52c=\"23\" title=\"Vysvetlenie Medzin\u00e1rodnej asoci\u00e1cie s\u0165ahovate\u013eov (IAM)\">Medzin\u00e1rodn\u00e1 asoci\u00e1cia s\u0165ahovate\u013eov<\/a> (IAM) a\/alebo <a href=\"https:\/\/moverdb.com\/sk\/fidi-faim\/\" data-internallinksmanager029f6b8e52c=\"16\" title=\"Vysvetlenie FIDI a FAIM (FIDI akreditovan\u00fd medzin\u00e1rodn\u00fd prepravca)\">FIDI<\/a> Akreditovan\u00fd medzin\u00e1rodn\u00fd prepravca (FAIM), ktor\u00fd by v\u00e1m mohol pom\u00f4c\u0165.<\/p>\n<h2><strong>1. Movega<\/strong><\/h2>\n<p><img loading=\"lazy\" decoding=\"async\" class=\"alignnone size-full wp-image-5463\" src=\"https:\/\/moverdb.com\/wp-content\/uploads\/Movega-international-moving-company.png\" alt=\"Movega medzin\u00e1rodn\u00e9 s\u0165ahovanie spolo\u010dnos\u0165\" width=\"1440\" height=\"678\" data-wp-pid=\"5463\" srcset=\"https:\/\/moverdb.com\/wp-content\/uploads\/Movega-international-moving-company.png 1440w, https:\/\/moverdb.com\/wp-content\/uploads\/Movega-international-moving-company-300x141.png 300w, https:\/\/moverdb.com\/wp-content\/uploads\/Movega-international-moving-company-1024x482.png 1024w, https:\/\/moverdb.com\/wp-content\/uploads\/Movega-international-moving-company-18x8.png 18w, https:\/\/moverdb.com\/wp-content\/uploads\/Movega-international-moving-company-600x283.png 600w\" sizes=\"auto, (max-width: 1440px) 100vw, 1440px\" \/><\/p>\n<ul>\n<li>N\u00e1rodn\u00e9 presuny<\/li>\n<li>Eur\u00f3pske s\u0165ahovanie<\/li>\n<li>S\u0165ahovanie dom\u00e1cnost\u00ed<\/li>\n<li>Premiest\u0148ovanie kancel\u00e1ri\u00ed<\/li>\n<li>Slu\u017eby plnej a \u010diasto\u010dnej z\u00e1\u0165a\u017ee<\/li>\n<li>Z\u013eavy pri rezerv\u00e1cii viacer\u00fdch vozidiel<\/li>\n<li>Balenie a vyba\u013eovanie<\/li>\n<li>Online platforma na vyhodnotenie va\u0161ich po\u017eiadaviek<\/li>\n<li>M\u00f4\u017ee poskytn\u00fa\u0165 extern\u00fd v\u00fd\u0165ah<\/li>\n<li>Rie\u0161enia na ukladanie<\/li>\n<\/ul>\n<p>Movega je s\u0165ahovacia spolo\u010dnos\u0165 so s\u00eddlom vo Varne, ktor\u00e1 pon\u00faka s\u0165ahovacie slu\u017eby v Bulharsku a Eur\u00f3pe. Spolupracuje so s\u0165ahovac\u00edmi partnermi a poskytuje svoje slu\u017eby na medzin\u00e1rodnej \u00farovni. Zaoberaj\u00fa sa s\u0165ahovan\u00edm dom\u00e1cnost\u00ed a kancel\u00e1ri\u00ed a s\u00fa \u010dlenom IAM s dvojro\u010dnou praxou.<\/p>\n<p>Movega pon\u00faka v\u00fdber s\u0165ahovac\u00edch slu\u017eieb, ktor\u00e9 v\u00e1m umo\u017enia vyu\u017ei\u0165 cel\u00fd alebo \u010diasto\u010dn\u00fd n\u00e1klad alebo z\u00edska\u0165 z\u013eavy za viac vozidiel. Pom\u00f4\u017eu v\u00e1m pos\u00fadi\u0165 va\u0161e po\u017eiadavky na s\u0165ahovanie pomocou platformy online prieskumu. Pon\u00fakaj\u00fa prepravn\u00e9 slu\u017eby, ako aj kompletn\u00e9 slu\u017eby balenia a vyba\u013eovania. Maj\u00fa r\u00f4znorod\u00fd vozov\u00fd park vr\u00e1tane vonkaj\u0161ieho v\u00fd\u0165ahu na prepravu ve\u013ek\u00e9ho n\u00e1bytku cez okn\u00e1 a balk\u00f3ny.<\/p>\n<p>Webov\u00e1 lokalita: <a href=\"http:\/\/movega.co.uk\" target=\"_blank\" rel=\"noopener\">http:\/\/movega.co.uk<\/a><\/p>\n<h2><strong>2. Orbita<\/strong><\/h2>\n<p><img loading=\"lazy\" decoding=\"async\" class=\"alignnone size-full wp-image-5470\" src=\"https:\/\/moverdb.com\/wp-content\/uploads\/Orbit-international-moving-company.png\" alt=\"Orbit medzin\u00e1rodn\u00e9 s\u0165ahovanie spolo\u010dnos\u0165\" width=\"1440\" height=\"684\" data-wp-pid=\"5470\" srcset=\"https:\/\/moverdb.com\/wp-content\/uploads\/Orbit-international-moving-company.png 1440w, https:\/\/moverdb.com\/wp-content\/uploads\/Orbit-international-moving-company-300x143.png 300w, https:\/\/moverdb.com\/wp-content\/uploads\/Orbit-international-moving-company-1024x486.png 1024w, https:\/\/moverdb.com\/wp-content\/uploads\/Orbit-international-moving-company-18x9.png 18w, https:\/\/moverdb.com\/wp-content\/uploads\/Orbit-international-moving-company-600x285.png 600w\" sizes=\"auto, (max-width: 1440px) 100vw, 1440px\" \/><\/p>\n<ul>\n<li>N\u00e1rodn\u00e9 presuny<\/li>\n<li>Medzin\u00e1rodn\u00e9 s\u0165ahovanie<\/li>\n<li>S\u0165ahovanie dom\u00e1cnost\u00ed<\/li>\n<li>Obchodn\u00e1 logistika<\/li>\n<li>Individu\u00e1lny pr\u00edstup<\/li>\n<li>Pozemn\u00e1, n\u00e1morn\u00e1 a leteck\u00e1 doprava<\/li>\n<li>Coln\u00e1 agent\u00fara<\/li>\n<li>Balenie a vyba\u013eovanie<\/li>\n<li>Preprava umenia<\/li>\n<li>Sledovanie prepravy a poistenie<\/li>\n<\/ul>\n<p>Orbit je \u0161pedi\u010dn\u00e1 a dopravn\u00e1 spolo\u010dnos\u0165 so s\u00eddlom v Sofii, ktor\u00e1 u\u017e viac ako 25 rokov pom\u00e1ha \u013eu\u010fom s\u0165ahova\u0165 sa v Bulharsku a na medzin\u00e1rodnej \u00farovni. Je s\u00fa\u010das\u0165ou skupiny Orphee Beinoglou, ktor\u00e1 m\u00e1 pobo\u010dky po celej Eur\u00f3pe, s ktor\u00fdmi spolupracuje, a \u010fal\u0161\u00edch partnerov v oblasti s\u0165ahovania, ktor\u00ed zabezpe\u010duj\u00fa s\u0165ahovanie v medzin\u00e1rodnom meradle. S\u00fa \u010dlenmi IAM s 28-ro\u010dnou praxou a s\u00fa akreditovan\u00ed FIDI.<\/p>\n<p>Spolo\u010dnos\u0165 Orbit poskytuje osobn\u00e9 slu\u017eby vr\u00e1tane \u00favodnej prehliadky, pl\u00e1novania s\u0165ahovania po s\u00fa\u0161i, po mori alebo letecky, bezpe\u010dn\u00e9ho balenia a vyba\u013eovania va\u0161ich vec\u00ed a vybavovania coln\u00fdch formal\u00edt. Poskytuj\u00fa pokojn\u00fa myse\u013e s poisten\u00edm prepravy va\u0161ich vec\u00ed a sledovan\u00edm va\u0161ej z\u00e1sielky.<\/p>\n<p>Webov\u00e1 lokalita: <a href=\"http:\/\/www.orbit.bg\" target=\"_blank\" rel=\"noopener\">http:\/\/www.orbit.bg<\/a><\/p>\n<h2>\u010eal\u0161ie u\u017eito\u010dn\u00e9 pr\u00edru\u010dky do Bulharska<\/h2>\n<ul>\n<li> <a href=\"https:\/\/moverdb.com\/sk\/moving-to-bulgaria\/\">S\u0165ahovanie do Bulharska? 2026 N\u00e1klady na b\u00fdvanie a tipy na pres\u0165ahovanie<\/a><\/li>\n<li> <a href=\"https:\/\/moverdb.com\/sk\/moving-to-bulgaria\/best-places-to-live-bulgaria\/\">13 najlep\u0161\u00edch miest na \u017eivot v Bulharsku<\/a><\/li>\n<\/ul>","protected":false},"excerpt":{"rendered":"<p>If you are moving home or your business in Bulgaria, or moving to or from Bulgaria, then you may want to engage the services of a moving company to reduce the workload. Below we have compiled a list of Bulgarian removal companies that are members of the International Association of Movers (IAM) and\/or FIDI Accredited [&hellip;]<\/p>\n","protected":false},"author":4,"featured_media":0,"parent":190,"menu_order":0,"comment_status":"closed","ping_status":"closed","template":"","meta":{"_genesis_hide_title":false,"_genesis_hide_breadcrumbs":false,"_genesis_hide_singular_image":false,"_genesis_hide_footer_widgets":false,"_genesis_custom_body_class":"","_genesis_custom_post_class":"","_genesis_layout":"","footnotes":""},"class_list":{"0":"post-5510","1":"page","2":"type-page","3":"status-publish","5":"entry","6":"has-post-thumbnail"},"_links":{"self":[{"href":"https:\/\/moverdb.com\/sk\/wp-json\/wp\/v2\/pages\/5510","targetHints":{"allow":["GET"]}}],"collection":[{"href":"https:\/\/moverdb.com\/sk\/wp-json\/wp\/v2\/pages"}],"about":[{"href":"https:\/\/moverdb.com\/sk\/wp-json\/wp\/v2\/types\/page"}],"author":[{"embeddable":true,"href":"https:\/\/moverdb.com\/sk\/wp-json\/wp\/v2\/users\/4"}],"replies":[{"embeddable":true,"href":"https:\/\/moverdb.com\/sk\/wp-json\/wp\/v2\/comments?post=5510"}],"version-history":[{"count":3,"href":"https:\/\/moverdb.com\/sk\/wp-json\/wp\/v2\/pages\/5510\/revisions"}],"predecessor-version":[{"id":16292,"href":"https:\/\/moverdb.com\/sk\/wp-json\/wp\/v2\/pages\/5510\/revisions\/16292"}],"up":[{"embeddable":true,"href":"https:\/\/moverdb.com\/sk\/wp-json\/wp\/v2\/pages\/190"}],"wp:attachment":[{"href":"https:\/\/moverdb.com\/sk\/wp-json\/wp\/v2\/media?parent=5510"}],"curies":[{"name":"wp","href":"https:\/\/api.w.org\/{rel}","templated":true}]}}