{"id":5374,"date":"2022-11-12T18:07:51","date_gmt":"2022-11-12T18:07:51","guid":{"rendered":"https:\/\/moverdb.com\/?page_id=5374"},"modified":"2026-01-08T14:38:42","modified_gmt":"2026-01-08T14:38:42","slug":"trinidad-a-tobago","status":"publish","type":"page","link":"https:\/\/moverdb.com\/sk\/container-shipping\/trinidad-and-tobago\/","title":{"rendered":"2023 Ceny n\u00e1mornej kontajnerovej prepravy do a z Trinidadu a Tobaga"},"content":{"rendered":"<div class=\"wp-block-image\">\n<figure class=\"aligncenter size-full\"><img loading=\"lazy\" decoding=\"async\" width=\"1000\" height=\"662\" src=\"https:\/\/moverdb.com\/wp-content\/uploads\/trinidad-and-tobago.jpg\" alt=\"Pieso\u010dnat\u00e1 pl\u00e1\u017e s palmami v Trinidade a Tobagu\" class=\"wp-image-5361\" srcset=\"https:\/\/moverdb.com\/wp-content\/uploads\/trinidad-and-tobago.jpg 1000w, https:\/\/moverdb.com\/wp-content\/uploads\/trinidad-and-tobago-300x200.jpg 300w, https:\/\/moverdb.com\/wp-content\/uploads\/trinidad-and-tobago-18x12.jpg 18w, https:\/\/moverdb.com\/wp-content\/uploads\/trinidad-and-tobago-600x397.jpg 600w\" sizes=\"auto, (max-width: 1000px) 100vw, 1000px\" \/><\/figure>\n<\/div>\n\n\n<p><strong>Trinidad a Tobago<\/strong> je \u010fal\u0161\u00edm karibsk\u00fdm klenotom, ktor\u00fd l\u00e1ka na tropick\u00e9 pl\u00e1\u017ee a \u017eiv\u00e9 kult\u00farne miesta. T\u00e1to dvojostrovn\u00e1 krajina sa nach\u00e1dza v bl\u00edzkosti Strednej aj Ju\u017enej Ameriky, tak\u017ee mo\u017enosti cestovania s\u00fa po\u010detn\u00e9 a pohodln\u00e9.<\/p>\n\n\n\n<p>Tento ob\u013e\u00faben\u00fd ostrov je zn\u00e1my svoj\u00edm vzru\u0161uj\u00facim no\u010dn\u00fdm \u017eivotom a mno\u017estvom \u010fal\u0161\u00edch z\u00e1bavn\u00fdch aktiv\u00edt. Jeho infra\u0161trukt\u00fara je dobre rozvinut\u00e1 a n\u00e1klady na \u017eivot s\u00fa n\u00edzke. Preto sa mnoho emigrantov z okolit\u00fdch kraj\u00edn i mimo nich rozhodne da\u0165 Trinidadu a Tobagu \u0161ancu a pres\u0165ahova\u0165 sa tam.<\/p>\n\n\n\n<p>Predt\u00fdm sa v\u0161ak pozrite, ko\u013eko stoj\u00ed preprava va\u0161ich vec\u00ed do Trinidadu a Tobaga alebo z neho.<\/p>\n\n\n\n<p>Najni\u017e\u0161ia Trinidad a Tobago <a href=\"https:\/\/moverdb.com\/sk\/container-shipping\/\" data-internallinksmanager029f6b8e52c=\"3\" title=\"Graf sadzieb medzin\u00e1rodnej kontajnerovej prepravy: M\u00e1j 2026\">sadzby za prepravu kontajnerov<\/a> s\u00fa uveden\u00e9 ni\u017e\u0161ie pre prepravu 20' alebo 40' kontajnera do alebo z krajiny. Mo\u017enost\u00ed je v\u0161ak pomerne m\u00e1lo, ke\u010f\u017ee krajina nie je tak \u010dasto nav\u0161tevovan\u00e1 n\u00e1kladn\u00fdmi lo\u010fami.<\/p>\n\n\n\n<h2 class=\"wp-block-heading\">N\u00e1klady na dopravu kontajnerov do Trinidad a Tobago (Port of Spain)<\/h2>\n\n\n<div class=\"wp-block-image\">\n<figure class=\"aligncenter size-large\"><img loading=\"lazy\" decoding=\"async\" width=\"1024\" height=\"539\" src=\"https:\/\/moverdb.com\/wp-content\/uploads\/Shipping-Container-Costs-to-Trinidad-and-Tobago-1024x539.png\" alt=\"N\u00e1klady na dopravu kontajnerov do Trinidad a Tobago (Port of Spain)\" class=\"wp-image-5364\" srcset=\"https:\/\/moverdb.com\/wp-content\/uploads\/Shipping-Container-Costs-to-Trinidad-and-Tobago-1024x539.png 1024w, https:\/\/moverdb.com\/wp-content\/uploads\/Shipping-Container-Costs-to-Trinidad-and-Tobago-300x158.png 300w, https:\/\/moverdb.com\/wp-content\/uploads\/Shipping-Container-Costs-to-Trinidad-and-Tobago-1536x809.png 1536w, https:\/\/moverdb.com\/wp-content\/uploads\/Shipping-Container-Costs-to-Trinidad-and-Tobago-18x9.png 18w, https:\/\/moverdb.com\/wp-content\/uploads\/Shipping-Container-Costs-to-Trinidad-and-Tobago-600x316.png 600w, https:\/\/moverdb.com\/wp-content\/uploads\/Shipping-Container-Costs-to-Trinidad-and-Tobago.png 2000w\" sizes=\"auto, (max-width: 1024px) 100vw, 1024px\" \/><\/figure>\n<\/div>\n\n\n<table id=\"tablepress-222\" class=\"tablepress tablepress-id-222\">\n<thead>\n<tr class=\"row-1\">\n\t<th class=\"column-1\">Krajina ur\u010denia (<a href=\"https:\/\/moverdb.com\/sk\/top-49-container-ports\/\" data-internallinksmanager029f6b8e52c=\"80\" title=\"49 najv\u00e4\u010d\u0161\u00edch a najvy\u0165a\u017eenej\u0161\u00edch kontajnerov\u00fdch pr\u00edstavov v roku 2025\">Pr\u00edstav<\/a>\/Mesto)<\/th><th class=\"column-2\">20FT<\/th><th class=\"column-3\">40FT<\/th>\n<\/tr>\n<\/thead>\n<tbody class=\"row-striping row-hover\">\n<tr class=\"row-2\">\n\t<td class=\"column-1\"><a href=\"https:\/\/moverdb.com\/sk\/container-shipping\/andorra\/\" data-internallinksmanager029f6b8e52c=\"88\" title=\"2023 Ceny n\u00e1mornej kontajnerovej prepravy do Andorry a z nej\">Andorra (Andorra la Vella)<\/a><\/td><td class=\"column-2\">$4,035<\/td><td class=\"column-3\">$5,908<\/td>\n<\/tr>\n<tr class=\"row-3\">\n\t<td class=\"column-1\"><a href=\"https:\/\/moverdb.com\/sk\/container-shipping\/argentina\/\" data-internallinksmanager029f6b8e52c=\"91\" title=\"2023 Ceny n\u00e1mornej n\u00e1kladnej kontajnerovej dopravy do a z Argent\u00edny\">Argent\u00edna (Buenos Aires)<\/a><\/td><td class=\"column-2\">$600<\/td><td class=\"column-3\">$801<\/td>\n<\/tr>\n<tr class=\"row-4\">\n\t<td class=\"column-1\"><a href=\"https:\/\/moverdb.com\/sk\/container-shipping\/aruba\/\" data-internallinksmanager029f6b8e52c=\"90\" title=\"2023 Ceny n\u00e1mornej n\u00e1kladnej kontajnerovej dopravy do a z Aruby\">Aruba (Oranjestad)<\/a><\/td><td class=\"column-2\">$600<\/td><td class=\"column-3\">$801<\/td>\n<\/tr>\n<tr class=\"row-5\">\n\t<td class=\"column-1\"><a href=\"https:\/\/moverdb.com\/sk\/container-shipping\/australia\/\" data-internallinksmanager029f6b8e52c=\"89\" title=\"2026 Sadzby za kontajnerov\u00fa prepravu do a z Austr\u00e1lie\">Austr\u00e1lia (Sydney)<\/a><\/td><td class=\"column-2\">$10,171<\/td><td class=\"column-3\">NEUPLAT\u0147UJE SA<\/td>\n<\/tr>\n<tr class=\"row-6\">\n\t<td class=\"column-1\"><a href=\"https:\/\/moverdb.com\/sk\/container-shipping\/austria\/\" data-internallinksmanager029f6b8e52c=\"95\" title=\"2023 Ceny n\u00e1mornej kontajnerovej prepravy do a z Rak\u00faska\">Rak\u00fasko (Viede\u0148)<\/a><\/td><td class=\"column-2\">$4,022<\/td><td class=\"column-3\">NEUPLAT\u0147UJE SA<\/td>\n<\/tr>\n<tr class=\"row-7\">\n\t<td class=\"column-1\"><a href=\"https:\/\/moverdb.com\/sk\/container-shipping\/belize\/\" data-internallinksmanager029f6b8e52c=\"137\" title=\"2023 Ceny n\u00e1mornej kontajnerovej prepravy do a z Belize\">Belize (Belize City)<\/a><\/td><td class=\"column-2\">$1,760<\/td><td class=\"column-3\">$1,806<\/td>\n<\/tr>\n<tr class=\"row-8\">\n\t<td class=\"column-1\"><a href=\"https:\/\/moverdb.com\/sk\/container-shipping\/brazil\/\" data-internallinksmanager029f6b8e52c=\"98\" title=\"2023 Ceny n\u00e1mornej n\u00e1kladnej kontajnerovej dopravy do a z Braz\u00edlie\">Braz\u00edlia (Santos)<\/a><\/td><td class=\"column-2\">$2,948<\/td><td class=\"column-3\">$3,161<\/td>\n<\/tr>\n<tr class=\"row-9\">\n\t<td class=\"column-1\"><a href=\"https:\/\/moverdb.com\/sk\/container-shipping\/brunei\/\" data-internallinksmanager029f6b8e52c=\"100\" title=\"2023 Ceny n\u00e1mornej kontajnerovej prepravy do Bruneja a z Bruneja\">Brunej (Muara)<\/a><\/td><td class=\"column-2\">$7,403<\/td><td class=\"column-3\">$7,801<\/td>\n<\/tr>\n<tr class=\"row-10\">\n\t<td class=\"column-1\"><a href=\"https:\/\/moverdb.com\/sk\/container-shipping\/chile\/\" data-internallinksmanager029f6b8e52c=\"104\" title=\"2023 Ceny n\u00e1mornej kontajnerovej prepravy do a z \u010cile\">\u010cile (San Antonio)<\/a><\/td><td class=\"column-2\">$1,887<\/td><td class=\"column-3\">$2,709<\/td>\n<\/tr>\n<tr class=\"row-11\">\n\t<td class=\"column-1\"><a href=\"https:\/\/moverdb.com\/sk\/container-shipping\/china\/\" data-internallinksmanager029f6b8e52c=\"105\" title=\"2023 Ceny n\u00e1mornej n\u00e1kladnej kontajnerovej dopravy do a z \u010c\u00edny\">\u010c\u00edna (Peking)<\/a><\/td><td class=\"column-2\">$3,457<\/td><td class=\"column-3\">$3,026<\/td>\n<\/tr>\n<tr class=\"row-12\">\n\t<td class=\"column-1\">\u010c\u00edna (\u0160anghaj)<\/td><td class=\"column-2\">$4,895<\/td><td class=\"column-3\">$4,512<\/td>\n<\/tr>\n<tr class=\"row-13\">\n\t<td class=\"column-1\"><a href=\"https:\/\/moverdb.com\/sk\/container-shipping\/colombia\/\" data-internallinksmanager029f6b8e52c=\"106\" title=\"2023 Ceny n\u00e1mornej kontajnerovej prepravy do a z Kolumbie\">Kolumbia (Barranquilla)<\/a><\/td><td class=\"column-2\">$1,117<\/td><td class=\"column-3\">$1,775<\/td>\n<\/tr>\n<tr class=\"row-14\">\n\t<td class=\"column-1\"><a href=\"https:\/\/moverdb.com\/sk\/container-shipping\/costa-rica\/\" data-internallinksmanager029f6b8e52c=\"138\" title=\"2023 Ceny n\u00e1mornej n\u00e1kladnej kontajnerovej dopravy do a z Kostariky\">Kostarika (Limon)<\/a><\/td><td class=\"column-2\">$1,540<\/td><td class=\"column-3\">$2,048<\/td>\n<\/tr>\n<tr class=\"row-15\">\n\t<td class=\"column-1\"><a href=\"https:\/\/moverdb.com\/sk\/container-shipping\/dominican-republic\/\" data-internallinksmanager029f6b8e52c=\"112\" title=\"2023 Ceny n\u00e1mornej kontajnerovej prepravy do Dominik\u00e1nskej republiky a z nej\">Dominik\u00e1nska republika (Santo Domingo)<\/a><\/td><td class=\"column-2\">$616<\/td><td class=\"column-3\">$1,360<\/td>\n<\/tr>\n<tr class=\"row-16\">\n\t<td class=\"column-1\"><a href=\"https:\/\/moverdb.com\/sk\/container-shipping\/germany\/\" data-internallinksmanager029f6b8e52c=\"118\" title=\"2023 Ceny n\u00e1mornej kontajnerovej prepravy do a z Nemecka\">Nemecko (Hamburg)<\/a><\/td><td class=\"column-2\">$2,167<\/td><td class=\"column-3\">$2,982<\/td>\n<\/tr>\n<tr class=\"row-17\">\n\t<td class=\"column-1\"><a href=\"https:\/\/moverdb.com\/sk\/container-shipping\/greece\/\" data-internallinksmanager029f6b8e52c=\"120\" title=\"2023 Ceny n\u00e1mornej kontajnerovej prepravy do a z Gr\u00e9cka\">Gr\u00e9cko (Pireus)<\/a><\/td><td class=\"column-2\">$2,306<\/td><td class=\"column-3\">$2,886<\/td>\n<\/tr>\n<tr class=\"row-18\">\n\t<td class=\"column-1\"><a href=\"https:\/\/moverdb.com\/sk\/container-shipping\/guernsey\/\" data-internallinksmanager029f6b8e52c=\"121\" title=\"2023 Ceny n\u00e1mornej kontajnerovej prepravy do a z Guernsey\">Guernsey (St Peter Port)<\/a><\/td><td class=\"column-2\">$2,499<\/td><td class=\"column-3\">$3,484<\/td>\n<\/tr>\n<tr class=\"row-19\">\n\t<td class=\"column-1\"><a href=\"https:\/\/moverdb.com\/sk\/container-shipping\/haiti\/\" data-internallinksmanager029f6b8e52c=\"122\" title=\"2023 Ceny n\u00e1mornej kontajnerovej prepravy na Haiti a z Haiti\">Haiti (Port-au-Prince)<\/a><\/td><td class=\"column-2\">$616<\/td><td class=\"column-3\">$1,360<\/td>\n<\/tr>\n<tr class=\"row-20\">\n\t<td class=\"column-1\"><a href=\"https:\/\/moverdb.com\/sk\/container-shipping\/hong-kong\/\" data-internallinksmanager029f6b8e52c=\"123\" title=\"2023 Ceny n\u00e1mornej kontajnerovej prepravy do Hongkongu a z neho\">Hongkong (Hongkong)<\/a><\/td><td class=\"column-2\">$11,550<\/td><td class=\"column-3\">$11,750<\/td>\n<\/tr>\n<tr class=\"row-21\">\n\t<td class=\"column-1\"><a href=\"https:\/\/moverdb.com\/sk\/container-shipping\/india\/\" data-internallinksmanager029f6b8e52c=\"125\" title=\"2023 Ceny n\u00e1mornej n\u00e1kladnej kontajnerovej dopravy do a z Indie\">India (Mumbai)<\/a><\/td><td class=\"column-2\">$3,025<\/td><td class=\"column-3\">$3,833<\/td>\n<\/tr>\n<tr class=\"row-22\">\n\t<td class=\"column-1\"><a href=\"https:\/\/moverdb.com\/sk\/container-shipping\/indonesia\/\" data-internallinksmanager029f6b8e52c=\"126\" title=\"2023 Ceny n\u00e1mornej kontajnerovej prepravy do Indon\u00e9zie a z Indon\u00e9zie\">Indon\u00e9zia (Jakarta)<\/a><\/td><td class=\"column-2\">$3,827<\/td><td class=\"column-3\">$3,425<\/td>\n<\/tr>\n<tr class=\"row-23\">\n\t<td class=\"column-1\"><a href=\"https:\/\/moverdb.com\/sk\/container-shipping\/isle-of-man\/\" data-internallinksmanager029f6b8e52c=\"128\" title=\"2023 Ceny n\u00e1mornej kontajnerovej prepravy na ostrov Man a z neho\">Ostrov Man (Douglas)<\/a><\/td><td class=\"column-2\">$2,255<\/td><td class=\"column-3\">$3,119<\/td>\n<\/tr>\n<tr class=\"row-24\">\n\t<td class=\"column-1\"><a href=\"https:\/\/moverdb.com\/sk\/container-shipping\/italy\/\" data-internallinksmanager029f6b8e52c=\"130\" title=\"2023 Ceny n\u00e1mornej kontajnerovej prepravy do a z Talianska\">Taliansko (Terst)<\/a><\/td><td class=\"column-2\">$1,672<\/td><td class=\"column-3\">$1,670<\/td>\n<\/tr>\n<tr class=\"row-25\">\n\t<td class=\"column-1\"><a href=\"https:\/\/moverdb.com\/sk\/container-shipping\/japan\/\" data-internallinksmanager029f6b8e52c=\"131\" title=\"2023 Ceny n\u00e1mornej n\u00e1kladnej kontajnerovej dopravy do a z Japonska\">Japonsko (Tokio)<\/a><\/td><td class=\"column-2\">$7,222<\/td><td class=\"column-3\">$7,454<\/td>\n<\/tr>\n<tr class=\"row-26\">\n\t<td class=\"column-1\"><a href=\"https:\/\/moverdb.com\/sk\/container-shipping\/jersey\/\" data-internallinksmanager029f6b8e52c=\"132\" title=\"2023 Ceny n\u00e1mornej kontajnerovej prepravy do a z Jersey\">Jersey (St Helier)<\/a><\/td><td class=\"column-2\">$2,499<\/td><td class=\"column-3\">$3,484<\/td>\n<\/tr>\n<tr class=\"row-27\">\n\t<td class=\"column-1\"><a href=\"https:\/\/moverdb.com\/sk\/moving-to-luxembourg\/\" data-internallinksmanager029f6b8e52c=\"349\" title=\"S\u0165ahovanie do Luxemburska? 2026 N\u00e1klady na b\u00fdvanie a tipy na pres\u0165ahovanie\">Luxembursko<\/a><\/td><td class=\"column-2\">$1,188<\/td><td class=\"column-3\">$1,845<\/td>\n<\/tr>\n<tr class=\"row-28\">\n\t<td class=\"column-1\"><a href=\"https:\/\/moverdb.com\/sk\/container-shipping\/pakistan\/\" data-internallinksmanager029f6b8e52c=\"155\" title=\"2023 Ceny n\u00e1mornej kontajnerovej prepravy do a z Pakistanu\">Pakistan (Kar\u00e1\u010di)<\/a><\/td><td class=\"column-2\">$9,839<\/td><td class=\"column-3\">$10,678<\/td>\n<\/tr>\n<tr class=\"row-29\">\n\t<td class=\"column-1\"><a href=\"https:\/\/moverdb.com\/sk\/container-shipping\/spain\/\" data-internallinksmanager029f6b8e52c=\"182\" title=\"2023 Ceny n\u00e1mornej kontajnerovej prepravy do a zo \u0160panielska\">\u0160panielsko (Valencia)<\/a><\/td><td class=\"column-2\">$7,997<\/td><td class=\"column-3\">$11,762<\/td>\n<\/tr>\n<tr class=\"row-30\">\n\t<td class=\"column-1\"><a href=\"https:\/\/moverdb.com\/sk\/container-shipping\/thailand\/\" data-internallinksmanager029f6b8e52c=\"189\" title=\"2023 Ceny n\u00e1mornej n\u00e1kladnej kontajnerovej dopravy do a z Thajska\">Thajsko (Laem Chabang)<\/a><\/td><td class=\"column-2\">$8,550<\/td><td class=\"column-3\">NEUPLAT\u0147UJE SA<\/td>\n<\/tr>\n<tr class=\"row-31\">\n\t<td class=\"column-1\"><a href=\"https:\/\/moverdb.com\/sk\/moving-to-the-united-states\/\" data-internallinksmanager029f6b8e52c=\"94\" title=\"S\u0165ahujete sa do Spojen\u00fdch \u0161t\u00e1tov? 2022 \u017divotn\u00e9 n\u00e1klady a tipy na pres\u0165ahovanie\">US<\/a> (<a href=\"https:\/\/moverdb.com\/sk\/moving-to-los-angeles\/\" data-internallinksmanager029f6b8e52c=\"51\" title=\"S\u0165ahujete sa do Los Angeles? 2026 N\u00e1klady na b\u00fdvanie v LA a tipy na pres\u0165ahovanie\">Los Angeles<\/a>)<\/td><td class=\"column-2\">$1,123<\/td><td class=\"column-3\">$1,336<\/td>\n<\/tr>\n<tr class=\"row-32\">\n\t<td class=\"column-1\"><a href=\"https:\/\/moverdb.com\/sk\/container-shipping\/united-states\/\" data-internallinksmanager029f6b8e52c=\"87\" title=\"2023 Ceny n\u00e1mornej n\u00e1kladnej kontajnerovej dopravy do a z USA\">USA (New York)<\/a><\/td><td class=\"column-2\">$1,333<\/td><td class=\"column-3\">$1,679<\/td>\n<\/tr>\n<\/tbody>\n<\/table>\n<!-- #tablepress-222 from cache -->\n\n\n\n<h2 class=\"wp-block-heading\">N\u00e1klady na dopravu kontajnerov z Trinidadu a Tobaga (Port of Spain)<\/h2>\n\n\n<div class=\"wp-block-image\">\n<figure class=\"aligncenter size-large\"><img loading=\"lazy\" decoding=\"async\" width=\"1024\" height=\"539\" src=\"https:\/\/moverdb.com\/wp-content\/uploads\/Shipping-Container-Costs-from-Trinidad-and-Tobago-1024x539.png\" alt=\"N\u00e1klady na dopravu kontajnerov z Trinidadu a Tobaga (Port of Spain)\" class=\"wp-image-5362\" srcset=\"https:\/\/moverdb.com\/wp-content\/uploads\/Shipping-Container-Costs-from-Trinidad-and-Tobago-1024x539.png 1024w, https:\/\/moverdb.com\/wp-content\/uploads\/Shipping-Container-Costs-from-Trinidad-and-Tobago-300x158.png 300w, https:\/\/moverdb.com\/wp-content\/uploads\/Shipping-Container-Costs-from-Trinidad-and-Tobago-1536x809.png 1536w, https:\/\/moverdb.com\/wp-content\/uploads\/Shipping-Container-Costs-from-Trinidad-and-Tobago-18x9.png 18w, https:\/\/moverdb.com\/wp-content\/uploads\/Shipping-Container-Costs-from-Trinidad-and-Tobago-600x316.png 600w, https:\/\/moverdb.com\/wp-content\/uploads\/Shipping-Container-Costs-from-Trinidad-and-Tobago.png 2000w\" sizes=\"auto, (max-width: 1024px) 100vw, 1024px\" \/><\/figure>\n<\/div>\n\n\n<table id=\"tablepress-219\" class=\"tablepress tablepress-id-219\">\n<thead>\n<tr class=\"row-1\">\n\t<th class=\"column-1\">Krajina ur\u010denia (pr\u00edstav\/mesto)<\/th><th class=\"column-2\">20FT<\/th><th class=\"column-3\">40FT<\/th>\n<\/tr>\n<\/thead>\n<tbody class=\"row-striping row-hover\">\n<tr class=\"row-2\">\n\t<td class=\"column-1\">Austr\u00e1lia (Sydney)<\/td><td class=\"column-2\">$1,825<\/td><td class=\"column-3\">NEUPLAT\u0147UJE SA<\/td>\n<\/tr>\n<tr class=\"row-3\">\n\t<td class=\"column-1\">Rak\u00fasko (Viede\u0148)<\/td><td class=\"column-2\">$250<\/td><td class=\"column-3\">$250<\/td>\n<\/tr>\n<tr class=\"row-4\">\n\t<td class=\"column-1\">Braz\u00edlia (Santos)<\/td><td class=\"column-2\">$660<\/td><td class=\"column-3\">$1,082<\/td>\n<\/tr>\n<tr class=\"row-5\">\n\t<td class=\"column-1\"><a href=\"https:\/\/moverdb.com\/sk\/container-shipping\/british-virgin-islands\/\" data-internallinksmanager029f6b8e52c=\"99\" title=\"2023 Ceny n\u00e1mornej kontajnerovej prepravy na Britsk\u00e9 Panensk\u00e9 ostrovy a z nich\">Britsk\u00e9 Panensk\u00e9 ostrovy (Road Town)<\/a><\/td><td class=\"column-2\">$1,188<\/td><td class=\"column-3\">$1,418<\/td>\n<\/tr>\n<tr class=\"row-6\">\n\t<td class=\"column-1\">\u010cile (San Antonio)<\/td><td class=\"column-2\">$1,452<\/td><td class=\"column-3\">$1,722<\/td>\n<\/tr>\n<tr class=\"row-7\">\n\t<td class=\"column-1\">\u010c\u00edna (\u0160anghaj)<\/td><td class=\"column-2\">$950<\/td><td class=\"column-3\">$1,111<\/td>\n<\/tr>\n<tr class=\"row-8\">\n\t<td class=\"column-1\">Kolumbia (Barranquilla)<\/td><td class=\"column-2\">$979<\/td><td class=\"column-3\">$1,397<\/td>\n<\/tr>\n<tr class=\"row-9\">\n\t<td class=\"column-1\">Kostarika (Limon)<\/td><td class=\"column-2\">$1,617<\/td><td class=\"column-3\">$2,079<\/td>\n<\/tr>\n<tr class=\"row-10\">\n\t<td class=\"column-1\"><a href=\"https:\/\/moverdb.com\/sk\/container-shipping\/croatia\/\" data-internallinksmanager029f6b8e52c=\"107\" title=\"2023 Ceny n\u00e1mornej kontajnerovej prepravy do a z Chorv\u00e1tska\">Chorv\u00e1tsko (Rijeka)<\/a><\/td><td class=\"column-2\">$1,672<\/td><td class=\"column-3\">$1,670<\/td>\n<\/tr>\n<tr class=\"row-11\">\n\t<td class=\"column-1\">Dominik\u00e1nska republika (Santo Domingo)<\/td><td class=\"column-2\">$913<\/td><td class=\"column-3\">$1,313<\/td>\n<\/tr>\n<tr class=\"row-12\">\n\t<td class=\"column-1\">Haiti (Port-au-Prince)<\/td><td class=\"column-2\">$913<\/td><td class=\"column-3\">$1,313<\/td>\n<\/tr>\n<tr class=\"row-13\">\n\t<td class=\"column-1\">Hongkong (Hongkong)<\/td><td class=\"column-2\">$886<\/td><td class=\"column-3\">$1,111<\/td>\n<\/tr>\n<tr class=\"row-14\">\n\t<td class=\"column-1\">India (Mumbai)<\/td><td class=\"column-2\">$1,606<\/td><td class=\"column-3\">$2,289<\/td>\n<\/tr>\n<tr class=\"row-15\">\n\t<td class=\"column-1\">Indon\u00e9zia (Jakarta)<\/td><td class=\"column-2\">$1,012<\/td><td class=\"column-3\">$1,353<\/td>\n<\/tr>\n<tr class=\"row-16\">\n\t<td class=\"column-1\">Japonsko (Tokio)<\/td><td class=\"column-2\">$886<\/td><td class=\"column-3\">$1,353<\/td>\n<\/tr>\n<tr class=\"row-17\">\n\t<td class=\"column-1\">Luxembursko<\/td><td class=\"column-2\">$1,291<\/td><td class=\"column-3\">$1,588<\/td>\n<\/tr>\n<\/tbody>\n<\/table>\n<!-- #tablepress-219 from cache -->\n\n\n\n<h3 class=\"wp-block-heading\">Pozn\u00e1mky k \u00fadajom:<\/h3>\n\n\n\n<ul class=\"wp-block-list\">\n<li>V\u0161etky \u00fadaje $ s\u00fa v americk\u00fdch dol\u00e1roch (USD);<\/li>\n\n\n\n<li>Sadzby s\u00fa presn\u00e9 od za\u010diatku roka 2022;<\/li>\n\n\n\n<li>Mapy v tomto \u010dl\u00e1nku boli vytvoren\u00e9 pomocou <a href=\"https:\/\/www.mapchart.net\" target=\"_blank\" rel=\"noreferrer noopener\">https:\/\/www.mapchart.net<\/a>. Mapy m\u00f4\u017eete zdie\u013ea\u0165, ak uvediete odkaz na <a href=\"https:\/\/moverdb.com\/sk\/\" target=\"_blank\" rel=\"noreferrer noopener\">MoverDB<\/a>;<\/li>\n\n\n\n<li>Uveden\u00e9 sadzby s\u00fa len odhadovan\u00e9 a od uverejnenia tohto \u010dl\u00e1nku (apr\u00edl 2022) sa mohli zmeni\u0165. Vych\u00e1dzaj\u00fa z najni\u017e\u0161ej odhadovanej sadzby bu\u010f <a href=\"https:\/\/www.searates.com\" target=\"_blank\" rel=\"noreferrer noopener\">https:\/\/www.searates.com<\/a> alebo <a href=\"https:\/\/www.gocomet.com\/freight-shipping-rates-index-calculator\" target=\"_blank\" rel=\"noreferrer noopener\">https:\/\/www.gocomet.com<\/a>;<\/li>\n\n\n\n<li>Ak chcete z\u00edska\u0165 presnej\u0161iu predstavu o n\u00e1kladoch, pou\u017eite formul\u00e1r ponuky v hornej \u010dasti tejto str\u00e1nky;<\/li>\n\n\n\n<li>Pozrite si tie\u017e n\u00e1\u0161ho sprievodcu <a href=\"https:\/\/moverdb.com\/sk\/kontajnerova-preprava\/\" target=\"_blank\" rel=\"noreferrer noopener\">medzin\u00e1rodn\u00e1 kontajnerov\u00e1 doprava<\/a>.<\/li>\n<\/ul>","protected":false},"excerpt":{"rendered":"<p>Trinidad and Tobago is another Caribbean jewel that attracts with its tropical beaches and vibrant cultural hotspots. This dual island country is close to both Central and South America so the travel opportunities are numerous and convenient. This popular island is known for its exciting nightlife and an abundance of other entertaining pursuits. Its infrastructure [&hellip;]<\/p>\n","protected":false},"author":2,"featured_media":5361,"parent":44,"menu_order":0,"comment_status":"closed","ping_status":"closed","template":"","meta":{"_genesis_hide_title":false,"_genesis_hide_breadcrumbs":false,"_genesis_hide_singular_image":false,"_genesis_hide_footer_widgets":false,"_genesis_custom_body_class":"","_genesis_custom_post_class":"","_genesis_layout":"","footnotes":""},"class_list":{"0":"post-5374","1":"page","2":"type-page","3":"status-publish","4":"has-post-thumbnail","6":"entry"},"_links":{"self":[{"href":"https:\/\/moverdb.com\/sk\/wp-json\/wp\/v2\/pages\/5374","targetHints":{"allow":["GET"]}}],"collection":[{"href":"https:\/\/moverdb.com\/sk\/wp-json\/wp\/v2\/pages"}],"about":[{"href":"https:\/\/moverdb.com\/sk\/wp-json\/wp\/v2\/types\/page"}],"author":[{"embeddable":true,"href":"https:\/\/moverdb.com\/sk\/wp-json\/wp\/v2\/users\/2"}],"replies":[{"embeddable":true,"href":"https:\/\/moverdb.com\/sk\/wp-json\/wp\/v2\/comments?post=5374"}],"version-history":[{"count":1,"href":"https:\/\/moverdb.com\/sk\/wp-json\/wp\/v2\/pages\/5374\/revisions"}],"predecessor-version":[{"id":5375,"href":"https:\/\/moverdb.com\/sk\/wp-json\/wp\/v2\/pages\/5374\/revisions\/5375"}],"up":[{"embeddable":true,"href":"https:\/\/moverdb.com\/sk\/wp-json\/wp\/v2\/pages\/44"}],"wp:featuredmedia":[{"embeddable":true,"href":"https:\/\/moverdb.com\/sk\/wp-json\/wp\/v2\/media\/5361"}],"wp:attachment":[{"href":"https:\/\/moverdb.com\/sk\/wp-json\/wp\/v2\/media?parent=5374"}],"curies":[{"name":"wp","href":"https:\/\/api.w.org\/{rel}","templated":true}]}}