{"id":5275,"date":"2022-10-26T22:09:36","date_gmt":"2022-10-26T22:09:36","guid":{"rendered":"https:\/\/moverdb.com\/?page_id=5275"},"modified":"2026-01-08T13:20:42","modified_gmt":"2026-01-08T13:20:42","slug":"sint-maarten","status":"publish","type":"page","link":"https:\/\/moverdb.com\/sk\/container-shipping\/sint-maarten\/","title":{"rendered":"2023 Ceny n\u00e1mornej kontajnerovej prepravy na Sint Maarten a z neho"},"content":{"rendered":"<div class=\"wp-block-image\">\n<figure class=\"aligncenter size-full\"><img loading=\"lazy\" decoding=\"async\" width=\"1000\" height=\"667\" src=\"https:\/\/moverdb.com\/wp-content\/uploads\/sint-maarten.jpg\" alt=\"Ulica s palmami na Sint Maartene\" class=\"wp-image-5064\" srcset=\"https:\/\/moverdb.com\/wp-content\/uploads\/sint-maarten.jpg 1000w, https:\/\/moverdb.com\/wp-content\/uploads\/sint-maarten-300x200.jpg 300w, https:\/\/moverdb.com\/wp-content\/uploads\/sint-maarten-18x12.jpg 18w, https:\/\/moverdb.com\/wp-content\/uploads\/sint-maarten-600x400.jpg 600w\" sizes=\"auto, (max-width: 1000px) 100vw, 1000px\" \/><\/figure>\n<\/div>\n\n\n<p><strong><a href=\"https:\/\/moverdb.com\/sk\/moving-to-sint-maarten-saint-martin\/\" data-internallinksmanager029f6b8e52c=\"389\" title=\"S\u0165ahovanie na Sint Maarten\/Saint Martin? 2023 \u017divotn\u00e9 n\u00e1klady\">Sint Maarten<\/a><\/strong> je jednou z najprosperuj\u00facej\u0161\u00edch ostrovn\u00fdch kraj\u00edn v Karibiku. Tento mali\u010dk\u00fd \u0161t\u00e1t, ktor\u00fd bol kolonizovan\u00fd Holan\u010fanmi, sl\u00fa\u017ei ako jedna z ich guvern\u00e9rskych kraj\u00edn a je dobre pripraven\u00fd prija\u0165 ka\u017ed\u00e9ho cudzinca, ktor\u00fd sa tam chce pres\u0165ahova\u0165.<\/p>\n\n\n\n<p>Tento mini\u0161t\u00e1t je ur\u010den\u00fd pre v\u0161etk\u00fdch, ktor\u00ed t\u00fa\u017eia po pokojnej\u0161om \u017eivote na mieste, kde sa leto nikdy nekon\u010d\u00ed. Hoci je krajina holandskou kol\u00f3niou, prakticky ka\u017ed\u00fd obyvate\u013e hovor\u00ed po anglicky. D\u00f4chodcovia, ktor\u00ed tam \u017eij\u00fa, si m\u00f4\u017eu u\u017e\u00edva\u0165 n\u00e1dhern\u00e9 pl\u00e1\u017ee, ru\u0161n\u00fd no\u010dn\u00fd \u017eivot a stabiln\u00fa ekonomiku bez toho, aby sa museli stara\u0165 o to, \u010do sa deje vo zvy\u0161ku sveta.<\/p>\n\n\n\n<p>S\u0165ahovanie na Sint Maarten je teda pomerne jednoduch\u00e9, aj ke\u010f n\u00e1morn\u00e1 preprava nemus\u00ed by\u0165 najlep\u0161ou vo\u013ebou. Na svete je len nieko\u013eko kraj\u00edn, ktor\u00e9 na tento ostrov posielaj\u00fa z\u00e1sielky, a e\u0161te menej kraj\u00edn, ktor\u00e9 z neho z\u00e1sielky prij\u00edmaj\u00fa.<\/p>\n\n\n\n<p>Zahrnuli sme v\u0161etky najni\u017e\u0161ie Sint Maarten <a href=\"https:\/\/moverdb.com\/sk\/container-shipping\/\" data-internallinksmanager029f6b8e52c=\"3\" title=\"Graf sadzieb medzin\u00e1rodnej kontajnerovej prepravy: Apr\u00edl 2026\">sadzby za prepravu kontajnerov<\/a> sme mohli zisti\u0165 v ni\u017e\u0161ie uveden\u00fdch tabu\u013ek\u00e1ch. M\u00f4\u017eete tie\u017e vysk\u00fa\u0161a\u0165 n\u00e1\u0161 n\u00e1stroj na vypracovanie cenovej ponuky, aby ste zistili, \u010di m\u00e1te v\u00e4\u010d\u0161ie \u0161\u0165astie na vlastn\u00fa cenov\u00fa ponuku.<\/p>\n\n\n\n<h2 class=\"wp-block-heading\">N\u00e1klady na dopravu kontajnerov do Sint Maarten (Philipsburg)<\/h2>\n\n\n<div class=\"wp-block-image\">\n<figure class=\"aligncenter size-large\"><img loading=\"lazy\" decoding=\"async\" width=\"1024\" height=\"539\" src=\"https:\/\/moverdb.com\/wp-content\/uploads\/Shipping-Container-Costs-to-Sint-Maarten-1024x539.png\" alt=\"N\u00e1klady na dopravu kontajnerov do Sint Maarten (Philipsburg)\" class=\"wp-image-5060\" srcset=\"https:\/\/moverdb.com\/wp-content\/uploads\/Shipping-Container-Costs-to-Sint-Maarten-1024x539.png 1024w, https:\/\/moverdb.com\/wp-content\/uploads\/Shipping-Container-Costs-to-Sint-Maarten-300x158.png 300w, https:\/\/moverdb.com\/wp-content\/uploads\/Shipping-Container-Costs-to-Sint-Maarten-1536x809.png 1536w, https:\/\/moverdb.com\/wp-content\/uploads\/Shipping-Container-Costs-to-Sint-Maarten-18x9.png 18w, https:\/\/moverdb.com\/wp-content\/uploads\/Shipping-Container-Costs-to-Sint-Maarten-600x316.png 600w, https:\/\/moverdb.com\/wp-content\/uploads\/Shipping-Container-Costs-to-Sint-Maarten.png 2000w\" sizes=\"auto, (max-width: 1024px) 100vw, 1024px\" \/><\/figure>\n<\/div>\n\n\n<table id=\"tablepress-199\" class=\"tablepress tablepress-id-199\">\n<thead>\n<tr class=\"row-1\">\n\t<th class=\"column-1\">Krajina ur\u010denia (<a href=\"https:\/\/moverdb.com\/sk\/top-49-container-ports\/\" data-internallinksmanager029f6b8e52c=\"80\" title=\"49 najv\u00e4\u010d\u0161\u00edch a najvy\u0165a\u017eenej\u0161\u00edch kontajnerov\u00fdch pr\u00edstavov v roku 2025\">Pr\u00edstav<\/a>\/Mesto)<\/th><th class=\"column-2\">20FT<\/th><th class=\"column-3\">40FT<\/th>\n<\/tr>\n<\/thead>\n<tbody class=\"row-striping row-hover\">\n<tr class=\"row-2\">\n\t<td class=\"column-1\"><a href=\"https:\/\/moverdb.com\/sk\/container-shipping\/andorra\/\" data-internallinksmanager029f6b8e52c=\"88\" title=\"2023 Ceny n\u00e1mornej kontajnerovej prepravy do Andorry a z nej\">Andorra (Andorra la Vella)<\/a><\/td><td class=\"column-2\">$1,868<\/td><td class=\"column-3\">$3,171<\/td>\n<\/tr>\n<tr class=\"row-3\">\n\t<td class=\"column-1\"><a href=\"https:\/\/moverdb.com\/sk\/container-shipping\/australia\/\" data-internallinksmanager029f6b8e52c=\"89\" title=\"2026 Sadzby za kontajnerov\u00fa prepravu do a z Austr\u00e1lie\">Austr\u00e1lia (Sydney)<\/a><\/td><td class=\"column-2\">NEUPLAT\u0147UJE SA<\/td><td class=\"column-3\">$12,406<\/td>\n<\/tr>\n<tr class=\"row-4\">\n\t<td class=\"column-1\"><a href=\"https:\/\/moverdb.com\/sk\/container-shipping\/austria\/\" data-internallinksmanager029f6b8e52c=\"95\" title=\"2023 Ceny n\u00e1mornej kontajnerovej prepravy do a z Rak\u00faska\">Rak\u00fasko (Viede\u0148)<\/a><\/td><td class=\"column-2\">NEUPLAT\u0147UJE SA<\/td><td class=\"column-3\">$3,739<\/td>\n<\/tr>\n<tr class=\"row-5\">\n\t<td class=\"column-1\"><a href=\"https:\/\/moverdb.com\/sk\/container-shipping\/bahrain\/\" data-internallinksmanager029f6b8e52c=\"96\" title=\"2023 Ceny n\u00e1mornej kontajnerovej prepravy do Bahrajnu a z Bahrajnu\">Bahrajn (Manama)<\/a><\/td><td class=\"column-2\">NEUPLAT\u0147UJE SA<\/td><td class=\"column-3\">$12,306<\/td>\n<\/tr>\n<tr class=\"row-6\">\n\t<td class=\"column-1\"><a href=\"https:\/\/moverdb.com\/sk\/container-shipping\/brazil\/\" data-internallinksmanager029f6b8e52c=\"98\" title=\"2023 Ceny n\u00e1mornej n\u00e1kladnej kontajnerovej dopravy do a z Braz\u00edlie\">Braz\u00edlia (Santos)<\/a><\/td><td class=\"column-2\">$8,780<\/td><td class=\"column-3\">$9,731<\/td>\n<\/tr>\n<tr class=\"row-7\">\n\t<td class=\"column-1\"><a href=\"https:\/\/moverdb.com\/sk\/container-shipping\/cambodia\/\" data-internallinksmanager029f6b8e52c=\"101\" title=\"2023 Ceny n\u00e1mornej n\u00e1kladnej kontajnerovej dopravy do a z Kambod\u017ee\">Kambod\u017ea (Sihanoukville)<\/a><\/td><td class=\"column-2\">$7,606<\/td><td class=\"column-3\">$8,618<\/td>\n<\/tr>\n<tr class=\"row-8\">\n\t<td class=\"column-1\"><a href=\"https:\/\/moverdb.com\/sk\/container-shipping\/china\/\" data-internallinksmanager029f6b8e52c=\"105\" title=\"2023 Ceny n\u00e1mornej n\u00e1kladnej kontajnerovej dopravy do a z \u010c\u00edny\">\u010c\u00edna (Peking)<\/a><\/td><td class=\"column-2\">$6,757<\/td><td class=\"column-3\">$7,134<\/td>\n<\/tr>\n<tr class=\"row-9\">\n\t<td class=\"column-1\">\u010c\u00edna (\u0160anghaj)<\/td><td class=\"column-2\">$6,408<\/td><td class=\"column-3\">$7,077<\/td>\n<\/tr>\n<tr class=\"row-10\">\n\t<td class=\"column-1\"><a href=\"https:\/\/moverdb.com\/sk\/container-shipping\/greece\/\" data-internallinksmanager029f6b8e52c=\"120\" title=\"2023 Ceny n\u00e1mornej kontajnerovej prepravy do a z Gr\u00e9cka\">Gr\u00e9cko (Pireus)<\/a><\/td><td class=\"column-2\">$3,966<\/td><td class=\"column-3\">$5,523<\/td>\n<\/tr>\n<tr class=\"row-11\">\n\t<td class=\"column-1\"><a href=\"https:\/\/moverdb.com\/sk\/container-shipping\/hong-kong\/\" data-internallinksmanager029f6b8e52c=\"123\" title=\"2023 Ceny n\u00e1mornej kontajnerovej prepravy do Hongkongu a z neho\">Hongkong (Hongkong)<\/a><\/td><td class=\"column-2\">$6,696<\/td><td class=\"column-3\">$7,077<\/td>\n<\/tr>\n<tr class=\"row-12\">\n\t<td class=\"column-1\"><a href=\"https:\/\/moverdb.com\/sk\/container-shipping\/india\/\" data-internallinksmanager029f6b8e52c=\"125\" title=\"2023 Ceny n\u00e1mornej n\u00e1kladnej kontajnerovej dopravy do a z Indie\">India (Mumbai)<\/a><\/td><td class=\"column-2\">$16,500<\/td><td class=\"column-3\">$15,960<\/td>\n<\/tr>\n<tr class=\"row-13\">\n\t<td class=\"column-1\"><a href=\"https:\/\/moverdb.com\/sk\/container-shipping\/indonesia\/\" data-internallinksmanager029f6b8e52c=\"126\" title=\"2023 Ceny n\u00e1mornej kontajnerovej prepravy do Indon\u00e9zie a z Indon\u00e9zie\">Indon\u00e9zia (Jakarta)<\/a><\/td><td class=\"column-2\">$7,295<\/td><td class=\"column-3\">$7,762<\/td>\n<\/tr>\n<tr class=\"row-14\">\n\t<td class=\"column-1\"><a href=\"https:\/\/moverdb.com\/sk\/moving-to-luxembourg\/\" data-internallinksmanager029f6b8e52c=\"349\" title=\"S\u0165ahovanie do Luxemburska? 2026 N\u00e1klady na b\u00fdvanie a tipy na pres\u0165ahovanie\">Luxembursko<\/a><\/td><td class=\"column-2\">$2,963<\/td><td class=\"column-3\">$4,610<\/td>\n<\/tr>\n<tr class=\"row-15\">\n\t<td class=\"column-1\"><a href=\"https:\/\/moverdb.com\/sk\/moving-to-the-united-states\/\" data-internallinksmanager029f6b8e52c=\"94\" title=\"S\u0165ahujete sa do Spojen\u00fdch \u0161t\u00e1tov? 2022 \u017divotn\u00e9 n\u00e1klady a tipy na pres\u0165ahovanie\">US<\/a> (<a href=\"https:\/\/moverdb.com\/sk\/moving-to-los-angeles\/\" data-internallinksmanager029f6b8e52c=\"51\" title=\"S\u0165ahujete sa do Los Angeles? 2026 N\u00e1klady na b\u00fdvanie v LA a tipy na pres\u0165ahovanie\">Los Angeles<\/a>)<\/td><td class=\"column-2\">$912<\/td><td class=\"column-3\">$1,309<\/td>\n<\/tr>\n<tr class=\"row-16\">\n\t<td class=\"column-1\"><a href=\"https:\/\/moverdb.com\/sk\/container-shipping\/united-states\/\" data-internallinksmanager029f6b8e52c=\"87\" title=\"2023 Ceny n\u00e1mornej n\u00e1kladnej kontajnerovej dopravy do a z USA\">USA (New York)<\/a><\/td><td class=\"column-2\">$2,624<\/td><td class=\"column-3\">$1,937<\/td>\n<\/tr>\n<\/tbody>\n<\/table>\n<!-- #tablepress-199 from cache -->\n\n\n\n<h2 class=\"wp-block-heading\">N\u00e1klady na n\u00e1morn\u00e9 kontajnery od Sint Maarten (Philipsburg)<\/h2>\n\n\n<div class=\"wp-block-image\">\n<figure class=\"aligncenter size-large\"><img loading=\"lazy\" decoding=\"async\" width=\"1024\" height=\"539\" src=\"https:\/\/moverdb.com\/wp-content\/uploads\/Shipping-Container-Costs-from-Sint-Maarten-1024x539.png\" alt=\"N\u00e1klady na n\u00e1morn\u00e9 kontajnery od Sint Maarten (Philipsburg)\" class=\"wp-image-5062\" srcset=\"https:\/\/moverdb.com\/wp-content\/uploads\/Shipping-Container-Costs-from-Sint-Maarten-1024x539.png 1024w, https:\/\/moverdb.com\/wp-content\/uploads\/Shipping-Container-Costs-from-Sint-Maarten-300x158.png 300w, https:\/\/moverdb.com\/wp-content\/uploads\/Shipping-Container-Costs-from-Sint-Maarten-1536x809.png 1536w, https:\/\/moverdb.com\/wp-content\/uploads\/Shipping-Container-Costs-from-Sint-Maarten-18x9.png 18w, https:\/\/moverdb.com\/wp-content\/uploads\/Shipping-Container-Costs-from-Sint-Maarten-600x316.png 600w, https:\/\/moverdb.com\/wp-content\/uploads\/Shipping-Container-Costs-from-Sint-Maarten.png 2000w\" sizes=\"auto, (max-width: 1024px) 100vw, 1024px\" \/><\/figure>\n<\/div>\n\n\n<table id=\"tablepress-200\" class=\"tablepress tablepress-id-200\">\n<thead>\n<tr class=\"row-1\">\n\t<th class=\"column-1\">Krajina ur\u010denia (pr\u00edstav\/mesto)<\/th><th class=\"column-2\">20FT<\/th><th class=\"column-3\">40FT<\/th>\n<\/tr>\n<\/thead>\n<tbody class=\"row-striping row-hover\">\n<tr class=\"row-2\">\n\t<td class=\"column-1\">Andorra (Andorra la Vella)<\/td><td class=\"column-2\">$346<\/td><td class=\"column-3\">$355<\/td>\n<\/tr>\n<tr class=\"row-3\">\n\t<td class=\"column-1\"><a href=\"https:\/\/moverdb.com\/sk\/container-shipping\/antigua-and-barbuda\/\" data-internallinksmanager029f6b8e52c=\"92\" title=\"2023 Ceny n\u00e1mornej kontajnerovej prepravy do a z Antiguy a Barbudy\">Antigua a Barbuda (St John's)<\/a><\/td><td class=\"column-2\">$875<\/td><td class=\"column-3\">$1,076<\/td>\n<\/tr>\n<tr class=\"row-4\">\n\t<td class=\"column-1\">Austr\u00e1lia (Sydney)<\/td><td class=\"column-2\">NEUPLAT\u0147UJE SA<\/td><td class=\"column-3\">$2,845<\/td>\n<\/tr>\n<tr class=\"row-5\">\n\t<td class=\"column-1\"><a href=\"https:\/\/moverdb.com\/sk\/container-shipping\/germany\/\" data-internallinksmanager029f6b8e52c=\"118\" title=\"2023 Ceny n\u00e1mornej kontajnerovej prepravy do a z Nemecka\">Nemecko (Hamburg)<\/a><\/td><td class=\"column-2\">$1,941<\/td><td class=\"column-3\">$2,964<\/td>\n<\/tr>\n<tr class=\"row-6\">\n\t<td class=\"column-1\">USA (New York)<\/td><td class=\"column-2\">$1,022<\/td><td class=\"column-3\">$1,108<\/td>\n<\/tr>\n<\/tbody>\n<\/table>\n<!-- #tablepress-200 from cache -->\n\n\n\n<h3 class=\"wp-block-heading\">Pozn\u00e1mky k \u00fadajom:<\/h3>\n\n\n\n<ul class=\"wp-block-list\"><li>V\u0161etky \u00fadaje $ s\u00fa v americk\u00fdch dol\u00e1roch (USD);<\/li><li>Sadzby s\u00fa presn\u00e9 od za\u010diatku roka 2022;<\/li><li>Mapy v tomto \u010dl\u00e1nku boli vytvoren\u00e9 pomocou <a href=\"https:\/\/www.mapchart.net\" target=\"_blank\" rel=\"noreferrer noopener\">https:\/\/www.mapchart.net<\/a>. Mapy m\u00f4\u017eete zdie\u013ea\u0165, ak uvediete odkaz na <a href=\"https:\/\/moverdb.com\/sk\/\">Mo<\/a><a href=\"https:\/\/moverdb.com\/sk\/\" target=\"_blank\" rel=\"noreferrer noopener\">v<\/a><a href=\"https:\/\/moverdb.com\/sk\/\">erDB<\/a>;<\/li><li>Uveden\u00e9 sadzby s\u00fa len odhadovan\u00e9 a od uverejnenia tohto \u010dl\u00e1nku (apr\u00edl 2022) sa mohli zmeni\u0165. Vych\u00e1dzaj\u00fa z najni\u017e\u0161ej odhadovanej sadzby bu\u010f <a href=\"https:\/\/www.searates.com\" target=\"_blank\" rel=\"noreferrer noopener\">https:\/\/www.searates.com<\/a> alebo <a href=\"https:\/\/www.gocomet.com\/freight-shipping-rates-index-calculator\" target=\"_blank\" rel=\"noreferrer noopener\">https:\/\/www.gocomet.com<\/a>;<\/li><li>Ak chcete z\u00edska\u0165 presnej\u0161iu predstavu o n\u00e1kladoch, pou\u017eite formul\u00e1r ponuky v hornej \u010dasti tejto str\u00e1nky;<\/li><li>Pozrite si tie\u017e n\u00e1\u0161ho sprievodcu <a href=\"https:\/\/moverdb.com\/sk\/kontajnerova-preprava\/\" target=\"_blank\" rel=\"noreferrer noopener\">medzin\u00e1rodn\u00e1 kontajnerov\u00e1 doprava<\/a>.<\/li><\/ul>","protected":false},"excerpt":{"rendered":"<p>Sint Maarten is one of the most prosperous island countries in the Caribbean. Being colonized by the Dutch, this tiny nation serves as one of its governorships and is well-advanced to accommodate any foreigner who wishes to move there. The mini-state is for everyone who desires a quieter life in a place where summers never [&hellip;]<\/p>\n","protected":false},"author":2,"featured_media":5064,"parent":44,"menu_order":0,"comment_status":"closed","ping_status":"closed","template":"","meta":{"_genesis_hide_title":false,"_genesis_hide_breadcrumbs":false,"_genesis_hide_singular_image":false,"_genesis_hide_footer_widgets":false,"_genesis_custom_body_class":"","_genesis_custom_post_class":"","_genesis_layout":"","footnotes":""},"class_list":{"0":"post-5275","1":"page","2":"type-page","3":"status-publish","4":"has-post-thumbnail","6":"entry"},"_links":{"self":[{"href":"https:\/\/moverdb.com\/sk\/wp-json\/wp\/v2\/pages\/5275","targetHints":{"allow":["GET"]}}],"collection":[{"href":"https:\/\/moverdb.com\/sk\/wp-json\/wp\/v2\/pages"}],"about":[{"href":"https:\/\/moverdb.com\/sk\/wp-json\/wp\/v2\/types\/page"}],"author":[{"embeddable":true,"href":"https:\/\/moverdb.com\/sk\/wp-json\/wp\/v2\/users\/2"}],"replies":[{"embeddable":true,"href":"https:\/\/moverdb.com\/sk\/wp-json\/wp\/v2\/comments?post=5275"}],"version-history":[{"count":3,"href":"https:\/\/moverdb.com\/sk\/wp-json\/wp\/v2\/pages\/5275\/revisions"}],"predecessor-version":[{"id":5294,"href":"https:\/\/moverdb.com\/sk\/wp-json\/wp\/v2\/pages\/5275\/revisions\/5294"}],"up":[{"embeddable":true,"href":"https:\/\/moverdb.com\/sk\/wp-json\/wp\/v2\/pages\/44"}],"wp:featuredmedia":[{"embeddable":true,"href":"https:\/\/moverdb.com\/sk\/wp-json\/wp\/v2\/media\/5064"}],"wp:attachment":[{"href":"https:\/\/moverdb.com\/sk\/wp-json\/wp\/v2\/media?parent=5275"}],"curies":[{"name":"wp","href":"https:\/\/api.w.org\/{rel}","templated":true}]}}