{"id":5242,"date":"2022-10-24T11:48:27","date_gmt":"2022-10-24T11:48:27","guid":{"rendered":"https:\/\/moverdb.com\/?page_id=5242"},"modified":"2026-01-08T15:29:48","modified_gmt":"2026-01-08T15:29:48","slug":"botswana","status":"publish","type":"page","link":"https:\/\/moverdb.com\/sk\/moving-companies\/botswana-moving-companies\/","title":{"rendered":"Najlep\u0161ie medzin\u00e1rodn\u00e9 s\u0165ahovacie spolo\u010dnosti v Botswane"},"content":{"rendered":"<p>Pl\u00e1nujete s\u0165ahovanie v r\u00e1mci Botswany, do Botswany alebo z Botswany? \u010ci u\u017e s\u0165ahujete svoj domov alebo firmu, vyu\u017eite slu\u017eby <a href=\"https:\/\/moverdb.com\/sk\/moving-companies\/\" data-internallinksmanager029f6b8e52c=\"79\" title=\"Top 25 medzin\u00e1rodn\u00fdch s\u0165ahovac\u00edch spolo\u010dnost\u00ed online\">s\u0165ahovacia spolo\u010dnos\u0165<\/a> m\u00f4\u017ee pom\u00f4c\u0165 od\u013eah\u010di\u0165 z\u00e1\u0165a\u017e. Aby sme v\u00e1m pomohli, zostavili sme zoznam Botswany <a href=\"https:\/\/moverdb.com\/sk\/international-removals\/\" data-internallinksmanager029f6b8e52c=\"27\" title=\"36 najlep\u0161\u00edch medzin\u00e1rodn\u00fdch s\u0165ahovac\u00edch spolo\u010dnost\u00ed v Spojenom kr\u00e1\u013eovstve\">s\u0165ahovacie spolo\u010dnosti<\/a> ni\u017e\u0161ie, ktor\u00e9 s\u00fa \u010dlenmi <a href=\"https:\/\/moverdb.com\/sk\/iam\/\" data-internallinksmanager029f6b8e52c=\"23\" title=\"Vysvetlenie Medzin\u00e1rodnej asoci\u00e1cie s\u0165ahovate\u013eov (IAM)\">Medzin\u00e1rodn\u00e1 asoci\u00e1cia s\u0165ahovate\u013eov<\/a> (IAM) a\/alebo <a href=\"https:\/\/moverdb.com\/sk\/fidi-faim\/\" data-internallinksmanager029f6b8e52c=\"16\" title=\"Vysvetlenie FIDI a FAIM (FIDI akreditovan\u00fd medzin\u00e1rodn\u00fd prepravca)\">FIDI<\/a> Akreditovan\u00fd medzin\u00e1rodn\u00fd prepravca (FAIM).<\/p>\n<h2><strong>AGS Worldwide Movers<\/strong><\/h2>\n<p><em><img loading=\"lazy\" decoding=\"async\" class=\"alignnone size-full wp-image-5137\" src=\"https:\/\/moverdb.com\/wp-content\/uploads\/AGS-Wroldwide-Movers-international-moving-company.png\" alt=\"AGS Wroldwide Movers medzin\u00e1rodn\u00e9 s\u0165ahovanie spolo\u010dnos\u0165\" width=\"1440\" height=\"680\" data-wp-pid=\"5137\" srcset=\"https:\/\/moverdb.com\/wp-content\/uploads\/AGS-Wroldwide-Movers-international-moving-company.png 1440w, https:\/\/moverdb.com\/wp-content\/uploads\/AGS-Wroldwide-Movers-international-moving-company-300x142.png 300w, https:\/\/moverdb.com\/wp-content\/uploads\/AGS-Wroldwide-Movers-international-moving-company-1024x484.png 1024w, https:\/\/moverdb.com\/wp-content\/uploads\/AGS-Wroldwide-Movers-international-moving-company-18x9.png 18w, https:\/\/moverdb.com\/wp-content\/uploads\/AGS-Wroldwide-Movers-international-moving-company-600x283.png 600w\" sizes=\"auto, (max-width: 1440px) 100vw, 1440px\" \/><\/em><\/p>\n<ul>\n<li>Miestne a vn\u00fatro\u0161t\u00e1tne s\u0165ahovanie<\/li>\n<li>Medzin\u00e1rodn\u00e9 s\u0165ahovanie<\/li>\n<li>Komer\u010dn\u00e9 s\u0165ahovanie pre kancel\u00e1rie<\/li>\n<li>S\u0165ahovanie dom\u00e1cnost\u00ed<\/li>\n<li>Slu\u017eby na mieru<\/li>\n<li>Poskytuje slu\u017eby od dver\u00ed k dver\u00e1m<\/li>\n<li>Vy\u0161kolen\u00ed bali\u010di pracuj\u00faci pod\u013ea medzin\u00e1rodn\u00fdch noriem<\/li>\n<li>Pou\u017e\u00edvanie inovat\u00edvnych baliacich materi\u00e1lov<\/li>\n<li>Premiestnenie vozidla<\/li>\n<li>Zabezpe\u010den\u00e9 skladovacie priestory<\/li>\n<\/ul>\n<p>AGS Worldwide Movers je medzin\u00e1rodn\u00e1 spolo\u010dnos\u0165 zalo\u017een\u00e1 v roku 1974 so 146 pobo\u010dkami v 97 krajin\u00e1ch vr\u00e1tane Eur\u00f3py, \u00c1zie a Afriky vr\u00e1tane Botswany. M\u00e1 partnersk\u00fa sie\u0165 v Amerike a Oce\u00e1nii, ktor\u00e1 poskytuje slu\u017eby v t\u00fdchto krajin\u00e1ch. Pobo\u010dka v Botswane je \u010dlenom IAM u\u017e 41 rokov a je akreditovan\u00e1 organiz\u00e1ciou FIDI.<\/p>\n<p>Spolo\u010dnos\u0165 AGS Worldwide Movers poskytuje s\u0165ahovacie slu\u017eby v Botswane a na celom svete s vyu\u017eit\u00edm najmodernej\u0161\u00edch technol\u00f3gi\u00ed na podporu cenov\u00fdch pon\u00fak, sledovania a dod\u00e1vok. Zamestn\u00e1vaj\u00fa vy\u0161kolen\u00fdch bali\u010dov, ktor\u00ed pracuj\u00fa pod\u013ea medzin\u00e1rodn\u00fdch \u0161tandardov a techn\u00edk balenia, ako aj pou\u017e\u00edvaj\u00fa vysokokvalitn\u00e9 baliace materi\u00e1ly. Pon\u00fakaj\u00fa aj slu\u017eby premiest\u0148ovania vozidiel a bezpe\u010dn\u00e9 skladovacie priestory.<\/p>\n<p>Webov\u00e1 lokalita: <a href=\"https:\/\/www.agsmovers.com\" target=\"_blank\" rel=\"noopener\">https:\/\/www.agsmovers.com<\/a><\/p>","protected":false},"excerpt":{"rendered":"<p>Are you planning a move within Botswana, or to or from Botswana? Whether you are moving your home or your business, engaging the services of a moving company can help lighten the load. To assist you we have compiled a list of Botswana removal companies below that are members of the International Association of Movers [&hellip;]<\/p>\n","protected":false},"author":4,"featured_media":0,"parent":190,"menu_order":0,"comment_status":"closed","ping_status":"closed","template":"","meta":{"_genesis_hide_title":false,"_genesis_hide_breadcrumbs":false,"_genesis_hide_singular_image":false,"_genesis_hide_footer_widgets":false,"_genesis_custom_body_class":"","_genesis_custom_post_class":"","_genesis_layout":"","footnotes":""},"class_list":{"0":"post-5242","1":"page","2":"type-page","3":"status-publish","5":"entry"},"_links":{"self":[{"href":"https:\/\/moverdb.com\/sk\/wp-json\/wp\/v2\/pages\/5242","targetHints":{"allow":["GET"]}}],"collection":[{"href":"https:\/\/moverdb.com\/sk\/wp-json\/wp\/v2\/pages"}],"about":[{"href":"https:\/\/moverdb.com\/sk\/wp-json\/wp\/v2\/types\/page"}],"author":[{"embeddable":true,"href":"https:\/\/moverdb.com\/sk\/wp-json\/wp\/v2\/users\/4"}],"replies":[{"embeddable":true,"href":"https:\/\/moverdb.com\/sk\/wp-json\/wp\/v2\/comments?post=5242"}],"version-history":[{"count":1,"href":"https:\/\/moverdb.com\/sk\/wp-json\/wp\/v2\/pages\/5242\/revisions"}],"predecessor-version":[{"id":5243,"href":"https:\/\/moverdb.com\/sk\/wp-json\/wp\/v2\/pages\/5242\/revisions\/5243"}],"up":[{"embeddable":true,"href":"https:\/\/moverdb.com\/sk\/wp-json\/wp\/v2\/pages\/190"}],"wp:attachment":[{"href":"https:\/\/moverdb.com\/sk\/wp-json\/wp\/v2\/media?parent=5242"}],"curies":[{"name":"wp","href":"https:\/\/api.w.org\/{rel}","templated":true}]}}