{"id":5240,"date":"2022-10-24T11:49:20","date_gmt":"2022-10-24T11:49:20","guid":{"rendered":"https:\/\/moverdb.com\/?page_id=5240"},"modified":"2026-01-08T15:23:38","modified_gmt":"2026-01-08T15:23:38","slug":"bosna-a-hercegovina","status":"publish","type":"page","link":"https:\/\/moverdb.com\/sk\/moving-companies\/bosnia-and-herzegovina-moving-companies\/","title":{"rendered":"2 Najlep\u0161ie medzin\u00e1rodn\u00e9 s\u0165ahovacie spolo\u010dnosti v Bosne a Hercegovine"},"content":{"rendered":"<p>S\u0165ahovanie m\u00f4\u017ee by\u0165 stresuj\u00face, najm\u00e4 ak sa s\u0165ahujete aj do in\u00fdch kraj\u00edn, a pr\u00e1ve v tomto pr\u00edpade m\u00f4\u017ee s\u0165ahovacia alebo s\u0165ahovacia spolo\u010dnos\u0165 pom\u00f4c\u0165 zmierni\u0165 \u010das\u0165 tlaku. Aby sme v\u00e1m pomohli, zostavili sme zoznam Bosny a Hercegoviny <a href=\"https:\/\/moverdb.com\/sk\/international-removals\/\" data-internallinksmanager029f6b8e52c=\"27\" title=\"36 najlep\u0161\u00edch medzin\u00e1rodn\u00fdch s\u0165ahovac\u00edch spolo\u010dnost\u00ed v Spojenom kr\u00e1\u013eovstve\">s\u0165ahovacie spolo\u010dnosti<\/a> ktor\u00e9 s\u00fa \u010dlenmi <a href=\"https:\/\/moverdb.com\/sk\/iam\/\" data-internallinksmanager029f6b8e52c=\"23\" title=\"Vysvetlenie Medzin\u00e1rodnej asoci\u00e1cie s\u0165ahovate\u013eov (IAM)\">Medzin\u00e1rodn\u00e1 asoci\u00e1cia s\u0165ahovate\u013eov<\/a> (IAM), ktor\u00fd by v\u00e1m mohol pom\u00f4c\u0165.<\/p>\n<h2><strong>1. AGS Worldwide Movers<\/strong><\/h2>\n<p><em><img loading=\"lazy\" decoding=\"async\" class=\"alignnone size-full wp-image-5137\" src=\"https:\/\/moverdb.com\/wp-content\/uploads\/AGS-Wroldwide-Movers-international-moving-company.png\" alt=\"AGS Wroldwide Movers medzin\u00e1rodn\u00e9 s\u0165ahovanie spolo\u010dnos\u0165\" width=\"1440\" height=\"680\" data-wp-pid=\"5137\" srcset=\"https:\/\/moverdb.com\/wp-content\/uploads\/AGS-Wroldwide-Movers-international-moving-company.png 1440w, https:\/\/moverdb.com\/wp-content\/uploads\/AGS-Wroldwide-Movers-international-moving-company-300x142.png 300w, https:\/\/moverdb.com\/wp-content\/uploads\/AGS-Wroldwide-Movers-international-moving-company-1024x484.png 1024w, https:\/\/moverdb.com\/wp-content\/uploads\/AGS-Wroldwide-Movers-international-moving-company-18x9.png 18w, https:\/\/moverdb.com\/wp-content\/uploads\/AGS-Wroldwide-Movers-international-moving-company-600x283.png 600w\" sizes=\"auto, (max-width: 1440px) 100vw, 1440px\" \/><\/em><\/p>\n<ul>\n<li>N\u00e1rodn\u00e9 presuny<\/li>\n<li>Medzin\u00e1rodn\u00e9 s\u0165ahovanie<\/li>\n<li>S\u0165ahovanie do obytn\u00fdch priestorov<\/li>\n<li>S\u0165ahovanie kancel\u00e1ri\u00ed<\/li>\n<li>S\u0165ahovanie od dver\u00ed k dver\u00e1m<\/li>\n<li>Vy\u0161kolen\u00fd person\u00e1l na balenie a prepravu va\u0161ich vec\u00ed<\/li>\n<li>Inovat\u00edvne baliace materi\u00e1ly a met\u00f3dy<\/li>\n<li>Ekologick\u00fd obal<\/li>\n<li>Presuny vozidiel<\/li>\n<li>Bezpe\u010dn\u00e9 ukladanie<\/li>\n<\/ul>\n<p>Spolo\u010dnos\u0165 AGS Worldwide Movers vznikla v roku 1974 a roz\u0161\u00edrila sa na medzin\u00e1rodn\u00fa s\u0165ahovaciu spolo\u010dnos\u0165, ktor\u00e1 zah\u0155\u0148a Eur\u00f3pu, \u00c1ziu a Afriku s partnermi v Amerike a Oce\u00e1nii. M\u00e1 146 pobo\u010diek v 97 krajin\u00e1ch. S\u00fa \u010dlenmi IAM s 25-ro\u010dnou trad\u00edciou.<\/p>\n<p>Spolo\u010dnos\u0165 AGS Worldwide Movers vyu\u017e\u00edva najmodernej\u0161ie a inteligentn\u00e9 rie\u0161enia na efekt\u00edvnej\u0161ie poskytovanie cenov\u00fdch pon\u00fak, sledovanie a doru\u010dovanie. Poskytuje vy\u0161kolen\u00fd person\u00e1l, ktor\u00fd bezpe\u010dne zabal\u00ed va\u0161e veci, aby sa nepo\u0161kodili, a to pomocou inovat\u00edvnych baliacich materi\u00e1lov a techn\u00edk. V pr\u00edpade potreby poskytuj\u00fa aj rie\u0161enia prepravy vozidiel a bezpe\u010dn\u00e9 uskladnenie.<\/p>\n<p>Webov\u00e1 lokalita: <a href=\"http:\/\/www.agsmovers.com\" target=\"_blank\" rel=\"noopener\">http:\/\/www.agsmovers.com<\/a><\/p>\n<h2><strong>2. Intermove<\/strong><\/h2>\n<p><em><img loading=\"lazy\" decoding=\"async\" class=\"alignnone size-full wp-image-5176\" src=\"https:\/\/moverdb.com\/wp-content\/uploads\/Intermove-international-moving-company.png\" alt=\"Intermove medzin\u00e1rodn\u00e9 s\u0165ahovanie spolo\u010dnos\u0165\" width=\"1440\" height=\"680\" data-wp-pid=\"5176\" srcset=\"https:\/\/moverdb.com\/wp-content\/uploads\/Intermove-international-moving-company.png 1440w, https:\/\/moverdb.com\/wp-content\/uploads\/Intermove-international-moving-company-300x142.png 300w, https:\/\/moverdb.com\/wp-content\/uploads\/Intermove-international-moving-company-1024x484.png 1024w, https:\/\/moverdb.com\/wp-content\/uploads\/Intermove-international-moving-company-18x9.png 18w, https:\/\/moverdb.com\/wp-content\/uploads\/Intermove-international-moving-company-600x283.png 600w\" sizes=\"auto, (max-width: 1440px) 100vw, 1440px\" \/><\/em><\/p>\n<ul>\n<li>Miestne a vn\u00fatro\u0161t\u00e1tne s\u0165ahovanie<\/li>\n<li>Medzin\u00e1rodn\u00e9 s\u0165ahovanie<\/li>\n<li>S\u0165ahovanie dom\u00e1cnost\u00ed<\/li>\n<li>Premiest\u0148ovanie podnikov<\/li>\n<li>Vysoko kvalifikovan\u00ed bali\u010di<\/li>\n<li>Baliace a vyba\u013eovacie slu\u017eby<\/li>\n<li>Logistika prepravy<\/li>\n<li>Coln\u00e9 konanie<\/li>\n<li>Poistenie<\/li>\n<li>Skladovacie zariadenia<\/li>\n<\/ul>\n<p>Intermove je s\u0165ahovacia spolo\u010dnos\u0165, ktor\u00e1 bola zalo\u017een\u00e1 v roku 1996 s cie\u013eom pom\u00e1ha\u0165 rodin\u00e1m a podnikom pri s\u0165ahovan\u00ed. Svoje slu\u017eby poskytuje v Bosne a Hercegovine, ako aj pre t\u00fdch, ktor\u00ed sa chc\u00fa pres\u0165ahova\u0165 do Bosny a Hercegoviny alebo z nej. S\u00fa \u010dlenmi IAM s 26-ro\u010dnou trad\u00edciou.<\/p>\n<p>Spolo\u010dnos\u0165 Intermove poskytuje vysokokvalifikovan\u00fdch bali\u010dov vy\u0161kolen\u00fdch v met\u00f3dach medzin\u00e1rodn\u00e9ho balenia a na ochranu v\u00e1\u0161ho majetku pou\u017e\u00edva vysokokvalitn\u00e9 materi\u00e1ly. Zabalia va\u0161e veci a zabezpe\u010dia ich prepravu vr\u00e1tane coln\u00e9ho odbavenia a vybalenia. Poskytn\u00fa v\u00e1m poistenie, vyh\u013ead\u00e1vanie domov, orient\u00e1ciu v oblasti a mo\u017enos\u0165 flexibiln\u00e9ho rie\u0161enia skladovania.<\/p>\n<p>Webov\u00e1 lokalita: <a href=\"http:\/\/www.intermovebosnia.com\" target=\"_blank\" rel=\"noopener\">http:\/\/www.intermovebosnia.com<\/a><\/p>","protected":false},"excerpt":{"rendered":"<p>Moving can be a stressful time especially if you are moving countries as well, that is where a moving or relocation company can help relieve some of the pressure. To help you we have compiled a list of Bosnia and Herzegovina removal companies that are members of the International Association of Movers (IAM) who could [&hellip;]<\/p>\n","protected":false},"author":4,"featured_media":0,"parent":190,"menu_order":0,"comment_status":"closed","ping_status":"closed","template":"","meta":{"_genesis_hide_title":false,"_genesis_hide_breadcrumbs":false,"_genesis_hide_singular_image":false,"_genesis_hide_footer_widgets":false,"_genesis_custom_body_class":"","_genesis_custom_post_class":"","_genesis_layout":"","footnotes":""},"class_list":{"0":"post-5240","1":"page","2":"type-page","3":"status-publish","5":"entry","6":"has-post-thumbnail"},"_links":{"self":[{"href":"https:\/\/moverdb.com\/sk\/wp-json\/wp\/v2\/pages\/5240","targetHints":{"allow":["GET"]}}],"collection":[{"href":"https:\/\/moverdb.com\/sk\/wp-json\/wp\/v2\/pages"}],"about":[{"href":"https:\/\/moverdb.com\/sk\/wp-json\/wp\/v2\/types\/page"}],"author":[{"embeddable":true,"href":"https:\/\/moverdb.com\/sk\/wp-json\/wp\/v2\/users\/4"}],"replies":[{"embeddable":true,"href":"https:\/\/moverdb.com\/sk\/wp-json\/wp\/v2\/comments?post=5240"}],"version-history":[{"count":1,"href":"https:\/\/moverdb.com\/sk\/wp-json\/wp\/v2\/pages\/5240\/revisions"}],"predecessor-version":[{"id":5241,"href":"https:\/\/moverdb.com\/sk\/wp-json\/wp\/v2\/pages\/5240\/revisions\/5241"}],"up":[{"embeddable":true,"href":"https:\/\/moverdb.com\/sk\/wp-json\/wp\/v2\/pages\/190"}],"wp:attachment":[{"href":"https:\/\/moverdb.com\/sk\/wp-json\/wp\/v2\/media?parent=5240"}],"curies":[{"name":"wp","href":"https:\/\/api.w.org\/{rel}","templated":true}]}}