{"id":5237,"date":"2022-10-24T11:50:03","date_gmt":"2022-10-24T11:50:03","guid":{"rendered":"https:\/\/moverdb.com\/?page_id=5237"},"modified":"2026-01-08T15:24:38","modified_gmt":"2026-01-08T15:24:38","slug":"bolivia","status":"publish","type":"page","link":"https:\/\/moverdb.com\/sk\/moving-companies\/bolivia-moving-companies\/","title":{"rendered":"4 najlep\u0161ie medzin\u00e1rodn\u00e9 s\u0165ahovacie spolo\u010dnosti v Bol\u00edvii"},"content":{"rendered":"<p>Ak sa chcete pres\u0165ahova\u0165 do Bol\u00edvie alebo z Bol\u00edvie alebo do Bol\u00edvie, mo\u017eno budete chcie\u0165 z\u00edska\u0165 podporu, aby ste zn\u00ed\u017eili stres a pr\u00e1cu potrebn\u00fa na pres\u0165ahovanie. Ni\u017e\u0161ie sme zostavili zoznam bol\u00edvijsk\u00fdch <a href=\"https:\/\/moverdb.com\/sk\/international-removals\/\" data-internallinksmanager029f6b8e52c=\"27\" title=\"36 najlep\u0161\u00edch medzin\u00e1rodn\u00fdch s\u0165ahovac\u00edch spolo\u010dnost\u00ed v Spojenom kr\u00e1\u013eovstve\">s\u0165ahovacie spolo\u010dnosti<\/a> ktor\u00e9 s\u00fa \u010dlenmi <a href=\"https:\/\/moverdb.com\/sk\/iam\/\" data-internallinksmanager029f6b8e52c=\"23\" title=\"Vysvetlenie Medzin\u00e1rodnej asoci\u00e1cie s\u0165ahovate\u013eov (IAM)\">Medzin\u00e1rodn\u00e1 asoci\u00e1cia s\u0165ahovate\u013eov<\/a> (IAM) a\/alebo <a href=\"https:\/\/moverdb.com\/sk\/fidi-faim\/\" data-internallinksmanager029f6b8e52c=\"16\" title=\"Vysvetlenie FIDI a FAIM (FIDI akreditovan\u00fd medzin\u00e1rodn\u00fd prepravca)\">FIDI<\/a> Akreditovan\u00fd medzin\u00e1rodn\u00fd prepravca (FAIM), ktor\u00fd by v\u00e1m mohol pom\u00f4c\u0165.<\/p>\n<div id=\"ez-toc-container\" class=\"ez-toc-v2_0_82_2 ez-toc-wrap-left counter-hierarchy ez-toc-counter ez-toc-transparent ez-toc-container-direction\">\n<div class=\"ez-toc-title-container\">\n<p class=\"ez-toc-title\" style=\"cursor:inherit\">Sekcie<\/p>\n<span class=\"ez-toc-title-toggle\"><a href=\"#\" class=\"ez-toc-pull-right ez-toc-btn ez-toc-btn-xs ez-toc-btn-default ez-toc-toggle\" aria-label=\"Prep\u00ednanie tabu\u013eky obsahu\"><span class=\"ez-toc-js-icon-con\"><span class=\"\"><span class=\"eztoc-hide\" style=\"display:none;\">Prep\u00edna\u010d<\/span><span class=\"ez-toc-icon-toggle-span\"><svg style=\"fill: #999;color:#999\" xmlns=\"http:\/\/www.w3.org\/2000\/svg\" class=\"list-377408\" width=\"20px\" height=\"20px\" viewbox=\"0 0 24 24\" fill=\"none\"><path d=\"M6 6H4v2h2V6zm14 0H8v2h12V6zM4 11h2v2H4v-2zm16 0H8v2h12v-2zM4 16h2v2H4v-2zm16 0H8v2h12v-2z\" fill=\"currentColor\"><\/path><\/svg><svg style=\"fill: #999;color:#999\" class=\"arrow-unsorted-368013\" xmlns=\"http:\/\/www.w3.org\/2000\/svg\" width=\"10px\" height=\"10px\" viewbox=\"0 0 24 24\" version=\"1.2\" baseprofile=\"tiny\"><path d=\"M18.2 9.3l-6.2-6.3-6.2 6.3c-.2.2-.3.4-.3.7s.1.5.3.7c.2.2.4.3.7.3h11c.3 0 .5-.1.7-.3.2-.2.3-.5.3-.7s-.1-.5-.3-.7zM5.8 14.7l6.2 6.3 6.2-6.3c.2-.2.3-.5.3-.7s-.1-.5-.3-.7c-.2-.2-.4-.3-.7-.3h-11c-.3 0-.5.1-.7.3-.2.2-.3.5-.3.7s.1.5.3.7z\"\/><\/svg><\/span><\/span><\/span><\/a><\/span><\/div>\n<nav><ul class='ez-toc-list ez-toc-list-level-1 eztoc-toggle-hide-by-default' ><li class='ez-toc-page-1 ez-toc-heading-level-2'><a class=\"ez-toc-link ez-toc-heading-1\" href=\"https:\/\/moverdb.com\/sk\/moving-companies\/bolivia-moving-companies\/#1_Bolivian_Movers\" >1. Bol\u00edvijsk\u00ed s\u0165ahov\u00e1ci<\/a><\/li><li class='ez-toc-page-1 ez-toc-heading-level-2'><a class=\"ez-toc-link ez-toc-heading-2\" href=\"https:\/\/moverdb.com\/sk\/moving-companies\/bolivia-moving-companies\/#2_Express_Cargo_Services\" >2. Expresn\u00e9 n\u00e1kladn\u00e9 slu\u017eby<\/a><\/li><li class='ez-toc-page-1 ez-toc-heading-level-2'><a class=\"ez-toc-link ez-toc-heading-3\" href=\"https:\/\/moverdb.com\/sk\/moving-companies\/bolivia-moving-companies\/#3_Total_Bolivian_Moving\" >3. Celkom bol\u00edvijsk\u00e9 s\u0165ahovanie<\/a><\/li><li class='ez-toc-page-1 ez-toc-heading-level-2'><a class=\"ez-toc-link ez-toc-heading-4\" href=\"https:\/\/moverdb.com\/sk\/moving-companies\/bolivia-moving-companies\/#4_Inbolpack\" >4. Inbolpack<\/a><\/li><\/ul><\/nav><\/div>\n<h2><span class=\"ez-toc-section\" id=\"1_Bolivian_Movers\"><\/span><strong>1. Bol\u00edvijsk\u00ed s\u0165ahov\u00e1ci<\/strong><span class=\"ez-toc-section-end\"><\/span><\/h2>\n<p><em><img loading=\"lazy\" decoding=\"async\" class=\"alignnone size-full wp-image-5150\" src=\"https:\/\/moverdb.com\/wp-content\/uploads\/Bolivian-Movers-international-moving-company.png\" alt=\"Bol\u00edvijsk\u00e9 Movers medzin\u00e1rodn\u00e9 s\u0165ahovanie spolo\u010dnos\u0165\" width=\"1440\" height=\"671\" data-wp-pid=\"5150\" srcset=\"https:\/\/moverdb.com\/wp-content\/uploads\/Bolivian-Movers-international-moving-company.png 1440w, https:\/\/moverdb.com\/wp-content\/uploads\/Bolivian-Movers-international-moving-company-300x140.png 300w, https:\/\/moverdb.com\/wp-content\/uploads\/Bolivian-Movers-international-moving-company-1024x477.png 1024w, https:\/\/moverdb.com\/wp-content\/uploads\/Bolivian-Movers-international-moving-company-18x8.png 18w, https:\/\/moverdb.com\/wp-content\/uploads\/Bolivian-Movers-international-moving-company-600x280.png 600w\" sizes=\"auto, (max-width: 1440px) 100vw, 1440px\" \/><\/em><\/p>\n<ul>\n<li>N\u00e1rodn\u00e9 presuny<\/li>\n<li>Medzin\u00e1rodn\u00e9 s\u0165ahovanie<\/li>\n<li>S\u0165ahovanie domov<\/li>\n<li>S\u0165ahovanie kancel\u00e1ri\u00ed<\/li>\n<li>Jedin\u00e9 kontaktn\u00e9 miesto pri s\u0165ahovan\u00ed<\/li>\n<li>Modern\u00fd vozov\u00fd park a vybavenie<\/li>\n<li>Profesion\u00e1lne balenie s vysokokvalitn\u00fdmi materi\u00e1lmi<\/li>\n<li>Preprava umenia<\/li>\n<li>Premiestnenie dom\u00e1ceho zviera\u0165a<\/li>\n<li>Zabezpe\u010den\u00e9 skladovacie priestory<\/li>\n<\/ul>\n<p>Spolo\u010dnos\u0165 Bolivian Movers bola zalo\u017een\u00e1 v roku 1974 s cie\u013eom poskytova\u0165 s\u0165ahovacie slu\u017eby v Bol\u00edvii a \u010fal\u0161\u00edch krajin\u00e1ch. Je \u010dlenom IAM so 48-ro\u010dnou trad\u00edciou. S\u00fa s\u00fa\u010das\u0165ou medzin\u00e1rodnej siete s\u0165ahovac\u00edch spolo\u010dnost\u00ed, ktor\u00e1 im umo\u017e\u0148uje podpori\u0165 va\u0161e s\u0165ahovanie kdeko\u013evek na svete. Disponuj\u00fa modern\u00fdm vozov\u00fdm parkom a vybaven\u00edm a poskytn\u00fa v\u00e1m kontaktn\u00fa osobu, ktor\u00e1 bude dohliada\u0165 na va\u0161e s\u0165ahovanie.<\/p>\n<p>Bolivian Movers poskytuje profesion\u00e1lne baliace slu\u017eby, pri ktor\u00fdch sa pou\u017e\u00edvaj\u00fa vysokokvalitn\u00e9 materi\u00e1ly a odborn\u00ed bali\u010di s akreditovan\u00fdmi baliacimi technikami. Pon\u00fakaj\u00fa aj slu\u017eby s\u0165ahovania dom\u00e1cich zvierat a poskytuj\u00fa poradenstvo v oblasti platn\u00fdch predpisov. Pon\u00fakaj\u00fa aj bezpe\u010dn\u00e9 skladovacie priestory.<\/p>\n<p>Webov\u00e1 lokalita: <a href=\"http:\/\/www.bolivianmovers.com\" target=\"_blank\" rel=\"noopener\">http:\/\/www.bolivianmovers.com<\/a><\/p>\n<h2><span class=\"ez-toc-section\" id=\"2_Express_Cargo_Services\"><\/span><strong>2. Expresn\u00e9 n\u00e1kladn\u00e9 slu\u017eby<\/strong><span class=\"ez-toc-section-end\"><\/span><\/h2>\n<p><em><img loading=\"lazy\" decoding=\"async\" class=\"alignnone size-full wp-image-5166\" src=\"https:\/\/moverdb.com\/wp-content\/uploads\/Express-Cargo-Services-international-moving-company.png\" alt=\"Express Cargo Services medzin\u00e1rodn\u00e9 s\u0165ahovanie spolo\u010dnos\u0165\" width=\"1440\" height=\"680\" data-wp-pid=\"5166\" srcset=\"https:\/\/moverdb.com\/wp-content\/uploads\/Express-Cargo-Services-international-moving-company.png 1440w, https:\/\/moverdb.com\/wp-content\/uploads\/Express-Cargo-Services-international-moving-company-300x142.png 300w, https:\/\/moverdb.com\/wp-content\/uploads\/Express-Cargo-Services-international-moving-company-1024x484.png 1024w, https:\/\/moverdb.com\/wp-content\/uploads\/Express-Cargo-Services-international-moving-company-18x9.png 18w, https:\/\/moverdb.com\/wp-content\/uploads\/Express-Cargo-Services-international-moving-company-600x283.png 600w\" sizes=\"auto, (max-width: 1440px) 100vw, 1440px\" \/><\/em><\/p>\n<ul>\n<li>N\u00e1rodn\u00e9 presuny<\/li>\n<li>Medzin\u00e1rodn\u00e9 s\u0165ahovanie<\/li>\n<li>S\u0165ahovanie do obytn\u00fdch priestorov<\/li>\n<li>Vozov\u00fd park dod\u00e1vok a n\u00e1kladn\u00fdch vozidiel<\/li>\n<li>Cestn\u00e1, n\u00e1morn\u00e1 a leteck\u00e1 doprava<\/li>\n<li>Baliace slu\u017eby<\/li>\n<li>V\u00fdvozn\u00e9 a dovozn\u00e9 coln\u00e9 postupy<\/li>\n<li>Preprava umeleck\u00fdch diel<\/li>\n<li>Premiestnenie dom\u00e1ceho zviera\u0165a<\/li>\n<li>Bezpe\u010dn\u00e9 ukladanie<\/li>\n<\/ul>\n<p>Spolo\u010dnos\u0165 Express Cargo Services bola zalo\u017een\u00e1 v roku 1989 ako s\u0165ahovacia spolo\u010dnos\u0165 v Bol\u00edvii. Poskytuje \u0161irok\u00fa \u0161k\u00e1lu s\u0165ahovac\u00edch slu\u017eieb pre reziden\u010dn\u00fdch klientov, ktor\u00ed sa chc\u00fa pres\u0165ahova\u0165 v r\u00e1mci Bol\u00edvie, do Bol\u00edvie alebo kdeko\u013evek inde na svete. S\u00fa \u010dlenmi IAM s 33-ro\u010dnou praxou.<\/p>\n<p>Express Cargo Services pon\u00faka slu\u017eby od dver\u00ed k dver\u00e1m do ktorejko\u013evek krajiny na svete a z nej. Prev\u00e1dzkuje vlastn\u00fd vozov\u00fd park dod\u00e1vok a n\u00e1kladn\u00fdch vozidiel na u\u013eah\u010denie prepravy v Bol\u00edvii a spolupracuje s partnermi a prepravcami na medzin\u00e1rodnej \u00farovni s vyu\u017eit\u00edm cestnej, n\u00e1mornej a leteckej dopravy. Poskytuj\u00fa baliace slu\u017eby, coln\u00fa podporu, prepravu umeleck\u00fdch diel, s\u0165ahovanie dom\u00e1cich zvierat a bezpe\u010dn\u00e9 skladovacie priestory.<\/p>\n<p>Webov\u00e1 lokalita: <a href=\"http:\/\/www.expresscargobolivia.com\" target=\"_blank\" rel=\"noopener\">http:\/\/www.expresscargobolivia.com<\/a><\/p>\n<h2><span class=\"ez-toc-section\" id=\"3_Total_Bolivian_Moving\"><\/span><strong>3. Celkom bol\u00edvijsk\u00e9 s\u0165ahovanie<\/strong><span class=\"ez-toc-section-end\"><\/span><\/h2>\n<p><em><img loading=\"lazy\" decoding=\"async\" class=\"alignnone size-full wp-image-5210\" src=\"https:\/\/moverdb.com\/wp-content\/uploads\/Total-Bolivian-Moving-international-moving-company.png\" alt=\"Celkom Bol\u00edvijsk\u00fd S\u0165ahovanie medzin\u00e1rodn\u00e1 s\u0165ahovacia spolo\u010dnos\u0165\" width=\"1440\" height=\"636\" data-wp-pid=\"5210\" srcset=\"https:\/\/moverdb.com\/wp-content\/uploads\/Total-Bolivian-Moving-international-moving-company.png 1440w, https:\/\/moverdb.com\/wp-content\/uploads\/Total-Bolivian-Moving-international-moving-company-300x133.png 300w, https:\/\/moverdb.com\/wp-content\/uploads\/Total-Bolivian-Moving-international-moving-company-1024x452.png 1024w, https:\/\/moverdb.com\/wp-content\/uploads\/Total-Bolivian-Moving-international-moving-company-18x8.png 18w, https:\/\/moverdb.com\/wp-content\/uploads\/Total-Bolivian-Moving-international-moving-company-600x265.png 600w\" sizes=\"auto, (max-width: 1440px) 100vw, 1440px\" \/><\/em><\/p>\n<ul>\n<li>N\u00e1rodn\u00e9 presuny<\/li>\n<li>Medzin\u00e1rodn\u00e9 s\u0165ahovanie<\/li>\n<li>S\u0165ahovanie obytn\u00fdch a komer\u010dn\u00fdch priestorov<\/li>\n<li>Organiz\u00e1cia a pl\u00e1novanie s\u0165ahovania<\/li>\n<li>Vy\u0161kolen\u00fd a sk\u00fasen\u00fd person\u00e1l<\/li>\n<li>Baliace slu\u017eby s pou\u017eit\u00edm vysokokvalitn\u00fdch materi\u00e1lov<\/li>\n<li>Poistenie<\/li>\n<li>Preprava umeleck\u00fdch diel<\/li>\n<li>Preprava vozidiel<\/li>\n<li>Bezpe\u010dn\u00e9 ukladanie<\/li>\n<\/ul>\n<p>Total Bolivian Moving je s\u0165ahovacia spolo\u010dnos\u0165 so s\u00eddlom v La Paz, ktor\u00e1 poskytuje s\u0165ahovacie slu\u017eby v Bol\u00edvii a do a z Bol\u00edvie. Svoje slu\u017eby poskytuje reziden\u010dn\u00fdm klientom, ako aj komer\u010dn\u00fdm klientom vr\u00e1tane organiz\u00e1ci\u00ed a podnikov. \u0160pecializuj\u00fa sa na prepravu umeleck\u00fdch diel. S\u00fa \u010dlenom IAM so 7-ro\u010dnou praxou.<\/p>\n<p>Celkom bol\u00edvijsk\u00e9 s\u0165ahovanie v\u00e1m pom\u00f4\u017ee zorganizova\u0165 s\u0165ahovanie a pom\u00f4\u017ee v\u00e1m s pl\u00e1novan\u00edm. Poskytuj\u00fa vy\u0161kolen\u00fd a sk\u00fasen\u00fd person\u00e1l, ktor\u00fd bezpe\u010dne a spo\u013eahlivo zabal\u00ed va\u0161e veci, aby sa predi\u0161lo ich po\u0161kodeniu, a pou\u017eije vysokokvalitn\u00e9 baliace materi\u00e1ly. V pr\u00edpade potreby poskytuj\u00fa poistenie a skladovacie priestory pre va\u0161e veci.<\/p>\n<p>Webov\u00e1 lokalita: <a href=\"http:\/\/www.tobolmoving.com\" target=\"_blank\" rel=\"noopener\">http:\/\/www.tobolmoving.com<\/a><\/p>\n<h2><span class=\"ez-toc-section\" id=\"4_Inbolpack\"><\/span><strong>4. Inbolpack<\/strong><span class=\"ez-toc-section-end\"><\/span><\/h2>\n<p>&nbsp;<img loading=\"lazy\" decoding=\"async\" class=\"alignnone size-full wp-image-5238\" src=\"https:\/\/moverdb.com\/wp-content\/uploads\/Inbolpack-international-moving-company.png\" alt=\"\" width=\"1440\" height=\"682\" data-wp-pid=\"5238\" srcset=\"https:\/\/moverdb.com\/wp-content\/uploads\/Inbolpack-international-moving-company.png 1440w, https:\/\/moverdb.com\/wp-content\/uploads\/Inbolpack-international-moving-company-300x142.png 300w, https:\/\/moverdb.com\/wp-content\/uploads\/Inbolpack-international-moving-company-1024x485.png 1024w, https:\/\/moverdb.com\/wp-content\/uploads\/Inbolpack-international-moving-company-18x9.png 18w, https:\/\/moverdb.com\/wp-content\/uploads\/Inbolpack-international-moving-company-600x284.png 600w\" sizes=\"auto, (max-width: 1440px) 100vw, 1440px\" \/><\/p>\n<ul>\n<li>Miestne a vn\u00fatro\u0161t\u00e1tne s\u0165ahovanie<\/li>\n<li>Medzin\u00e1rodn\u00e9 s\u0165ahovanie<\/li>\n<li>S\u0165ahovanie dom\u00e1cnost\u00ed<\/li>\n<li>Komer\u010dn\u00e9 s\u0165ahovanie<\/li>\n<li>\u0160peci\u00e1lne projekty v oblasti dopravy<\/li>\n<li>Slu\u017eba od dver\u00ed k dver\u00e1m<\/li>\n<li>Profesion\u00e1lni bali\u010di<\/li>\n<li>Vysokokvalitn\u00e9 baliace materi\u00e1ly<\/li>\n<li>Vlastn\u00fd vozov\u00fd park r\u00f4znych vozidiel<\/li>\n<li>Rie\u0161enia na ukladanie<\/li>\n<\/ul>\n<p>Spolo\u010dnos\u0165 Inbolpack bola zalo\u017een\u00e1 v roku 1978 ako s\u0165ahovacia spolo\u010dnos\u0165 sl\u00fa\u017eiaca Bol\u00edvii a na medzin\u00e1rodnej \u00farovni z d\u00f4vodu pr\u00edtomnosti zahrani\u010dn\u00fdch pracovn\u00edkov v krajine. Pom\u00e1ha \u013eu\u010fom a firm\u00e1m pri s\u0165ahovan\u00ed v r\u00e1mci Bol\u00edvie, do Bol\u00edvie a z Bol\u00edvie. S\u00fa \u010dlenmi IAM so 44-ro\u010dnou praxou a s\u00fa akreditovan\u00ed FIDI.<\/p>\n<p>Spolo\u010dnos\u0165 Inbolpack pon\u00faka slu\u017ebu s\u0165ahovania od dver\u00ed k dver\u00e1m, ktor\u00e1 poskytuje profesion\u00e1lne baliace slu\u017eby s vy\u0161kolen\u00fdm person\u00e1lom, ktor\u00fd sp\u013a\u0148a medzin\u00e1rodn\u00e9 normy a pou\u017e\u00edva vysokokvalitn\u00e9 baliace materi\u00e1ly. Disponuj\u00fa tie\u017e vlastn\u00fdm vozov\u00fdm parkom, ktor\u00fd zah\u0155\u0148a n\u00e1kladn\u00e9 vozidl\u00e1 a \u017eeriavy. Poskytuj\u00fa aj skladovacie priestory pre n\u00e1klad na miestnej aj medzin\u00e1rodnej \u00farovni.<\/p>\n<p>Webov\u00e1 lokalita: <a href=\"http:\/\/www.inbolpack.net\" target=\"_blank\" rel=\"noopener\">http:\/\/www.inbolpack.net<\/a><\/p>","protected":false},"excerpt":{"rendered":"<p>If you are wanting to move home or business in Bolivia, or to or from Bolivia then you might want some support to reduce the stress and work needed for the move. Below we have compiled a list of Bolivian removal companies that are members of the International Association of Movers (IAM) and\/or FIDI Accredited [&hellip;]<\/p>\n","protected":false},"author":4,"featured_media":0,"parent":190,"menu_order":0,"comment_status":"closed","ping_status":"closed","template":"","meta":{"_genesis_hide_title":false,"_genesis_hide_breadcrumbs":false,"_genesis_hide_singular_image":false,"_genesis_hide_footer_widgets":false,"_genesis_custom_body_class":"","_genesis_custom_post_class":"","_genesis_layout":"","footnotes":""},"class_list":{"0":"post-5237","1":"page","2":"type-page","3":"status-publish","5":"entry","6":"has-post-thumbnail"},"_links":{"self":[{"href":"https:\/\/moverdb.com\/sk\/wp-json\/wp\/v2\/pages\/5237","targetHints":{"allow":["GET"]}}],"collection":[{"href":"https:\/\/moverdb.com\/sk\/wp-json\/wp\/v2\/pages"}],"about":[{"href":"https:\/\/moverdb.com\/sk\/wp-json\/wp\/v2\/types\/page"}],"author":[{"embeddable":true,"href":"https:\/\/moverdb.com\/sk\/wp-json\/wp\/v2\/users\/4"}],"replies":[{"embeddable":true,"href":"https:\/\/moverdb.com\/sk\/wp-json\/wp\/v2\/comments?post=5237"}],"version-history":[{"count":1,"href":"https:\/\/moverdb.com\/sk\/wp-json\/wp\/v2\/pages\/5237\/revisions"}],"predecessor-version":[{"id":5239,"href":"https:\/\/moverdb.com\/sk\/wp-json\/wp\/v2\/pages\/5237\/revisions\/5239"}],"up":[{"embeddable":true,"href":"https:\/\/moverdb.com\/sk\/wp-json\/wp\/v2\/pages\/190"}],"wp:attachment":[{"href":"https:\/\/moverdb.com\/sk\/wp-json\/wp\/v2\/media?parent=5237"}],"curies":[{"name":"wp","href":"https:\/\/api.w.org\/{rel}","templated":true}]}}