{"id":5231,"date":"2022-10-24T11:51:35","date_gmt":"2022-10-24T11:51:35","guid":{"rendered":"https:\/\/moverdb.com\/?page_id=5231"},"modified":"2026-01-08T15:29:47","modified_gmt":"2026-01-08T15:29:47","slug":"barbados-2","status":"publish","type":"page","link":"https:\/\/moverdb.com\/sk\/moving-companies\/barbados-moving-companies\/","title":{"rendered":"Najlep\u0161ie medzin\u00e1rodn\u00e9 s\u0165ahovacie spolo\u010dnosti na Barbadose"},"content":{"rendered":"<p>Uva\u017eujete o pres\u0165ahovan\u00ed do alebo z <a href=\"https:\/\/moverdb.com\/sk\/moving-to-barbados\/\" data-internallinksmanager029f6b8e52c=\"344\" title=\"S\u0165ahujete sa na Barbados? 2026 N\u00e1klady na b\u00fdvanie a tipy na pres\u0165ahovanie\">Barbados<\/a>alebo v r\u00e1mci Barbadosu? Potom v\u00e1s mo\u017eno stresuje my\u0161lienka na balenie v\u00e1\u0161ho domu alebo firmy a organizovanie prepravy, ale s\u0165ahovacia spolo\u010dnos\u0165 v\u00e1m m\u00f4\u017ee pom\u00f4c\u0165. Ni\u017e\u0161ie s\u00fa uveden\u00e9 <a href=\"https:\/\/moverdb.com\/sk\/international-removals\/\" data-internallinksmanager029f6b8e52c=\"27\" title=\"36 najlep\u0161\u00edch medzin\u00e1rodn\u00fdch s\u0165ahovac\u00edch spolo\u010dnost\u00ed v Spojenom kr\u00e1\u013eovstve\">s\u0165ahovacie spolo\u010dnosti<\/a> ktor\u00e9 s\u00fa \u010dlenmi <a href=\"https:\/\/moverdb.com\/sk\/iam\/\" data-internallinksmanager029f6b8e52c=\"23\" title=\"Vysvetlenie Medzin\u00e1rodnej asoci\u00e1cie s\u0165ahovate\u013eov (IAM)\">Medzin\u00e1rodn\u00e1 asoci\u00e1cia s\u0165ahovate\u013eov<\/a> (IAM) a\/alebo <a href=\"https:\/\/moverdb.com\/sk\/fidi-faim\/\" data-internallinksmanager029f6b8e52c=\"16\" title=\"Vysvetlenie FIDI a FAIM (FIDI akreditovan\u00fd medzin\u00e1rodn\u00fd prepravca)\">FIDI<\/a> Akreditovan\u00fd medzin\u00e1rodn\u00fd prepravca (FAIM) na Barbadose.<\/p>\n<h2><strong>1. Michael Greaves Associates<\/strong><\/h2>\n<p><em><img loading=\"lazy\" decoding=\"async\" class=\"alignnone size-full wp-image-5186\" src=\"https:\/\/moverdb.com\/wp-content\/uploads\/Michael-Greaves-Associates-international-moving-company.png\" alt=\"Michael Greaves Associates medzin\u00e1rodn\u00e9 s\u0165ahovanie spolo\u010dnos\u0165\" width=\"1440\" height=\"681\" data-wp-pid=\"5186\" srcset=\"https:\/\/moverdb.com\/wp-content\/uploads\/Michael-Greaves-Associates-international-moving-company.png 1440w, https:\/\/moverdb.com\/wp-content\/uploads\/Michael-Greaves-Associates-international-moving-company-300x142.png 300w, https:\/\/moverdb.com\/wp-content\/uploads\/Michael-Greaves-Associates-international-moving-company-1024x484.png 1024w, https:\/\/moverdb.com\/wp-content\/uploads\/Michael-Greaves-Associates-international-moving-company-18x9.png 18w, https:\/\/moverdb.com\/wp-content\/uploads\/Michael-Greaves-Associates-international-moving-company-600x284.png 600w\" sizes=\"auto, (max-width: 1440px) 100vw, 1440px\" \/><\/em><\/p>\n<ul>\n<li>Vn\u00fatro\u0161t\u00e1tne premiestnenia<\/li>\n<li>Medzin\u00e1rodn\u00e9 premiestnenia<\/li>\n<li>Komer\u010dn\u00e9 a reziden\u010dn\u00e9 s\u0165ahovanie<\/li>\n<li>Slu\u017eby na mieru<\/li>\n<li>Sk\u00fasen\u00ed odborn\u00edci<\/li>\n<li>Coln\u00e9 sprostredkovanie a coln\u00e9 konanie<\/li>\n<li>Poistenie n\u00e1kladu<\/li>\n<li>Manipul\u00e1cia s dom\u00e1cimi zvieratami<\/li>\n<li>Doprava vozidlami a lo\u010fami<\/li>\n<li>Skladovacie zariadenia<\/li>\n<\/ul>\n<p>Michael Greaves Associates je spolo\u010dnos\u0165 zaoberaj\u00faca sa premiest\u0148ovan\u00edm, s\u0165ahovan\u00edm, prepravou a sprostredkovan\u00edm so s\u00eddlom na Barbadose, ktor\u00e1 bola zalo\u017een\u00e1 v roku 1981. Je \u010dlenom IAM so 41-ro\u010dnou trad\u00edciou. Poskytuj\u00fa s\u0165ahovacie slu\u017eby v r\u00e1mci Barbadosu a na medzin\u00e1rodnej \u00farovni.<\/p>\n<p>Michael Greaves Associates pon\u00faka slu\u017eby s\u0165ahovania na mieru, ktor\u00e9 v\u00e1m pom\u00f4\u017eu v ka\u017edej f\u00e1ze s\u0165ahovania od pl\u00e1novania a\u017e po usadenie sa v novom domove. Presk\u00fama v\u00e1\u0161 dom alebo kancel\u00e1riu, poskytne odhad a zaznamen\u00e1 v\u0161etky osobitn\u00e9 po\u017eiadavky. V\u00e1\u0161 majetok zabalia pomocou schv\u00e1len\u00fdch techn\u00edk a materi\u00e1lov. Poskytuj\u00fa aj poistenie n\u00e1kladu a coln\u00e9 sprostredkovanie a preclenie, ako aj \u0161pecializovan\u00e9 slu\u017eby na prepravu dom\u00e1cich zvierat, vozidiel a lod\u00ed.<\/p>\n<p>Webov\u00e1 lokalita: <a href=\"http:\/\/www.mgassociates.net\" target=\"_blank\" rel=\"noopener\">http:\/\/www.mgassociates.net<\/a><\/p>\n<h2>\u010eal\u0161ie u\u017eito\u010dn\u00e9 pr\u00edru\u010dky pre Barbados<\/h2>\n<ul>\n<li> <a href=\"https:\/\/moverdb.com\/sk\/kontajnerova-preprava\/barbados\/\">2024 Sadzby za n\u00e1morn\u00fa kontajnerov\u00fa prepravu do a z Barbadosu<\/a><\/li>\n<li> <a href=\"https:\/\/moverdb.com\/sk\/moving-to-barbados\/\">S\u0165ahujete sa na Barbados? 2026 N\u00e1klady na b\u00fdvanie a tipy na pres\u0165ahovanie<\/a><\/li>\n<li> <a href=\"https:\/\/moverdb.com\/sk\/moving-to-barbados\/living-in-barbados\/\">21 tajomstiev o \u017eivote na Barbadose, ktor\u00e9 by ste mali vedie\u0165 pred pres\u0165ahovan\u00edm<\/a><\/li>\n<\/ul>","protected":false},"excerpt":{"rendered":"<p>Are you thinking of moving to or from Barbados, or within Barbados? Then the thought of packing up your home or business and organising the shipping might be causing some stress, but a removal company could help. Below are the removal companies that are members of the International Association of Movers (IAM) and\/or FIDI Accredited [&hellip;]<\/p>\n","protected":false},"author":4,"featured_media":0,"parent":190,"menu_order":0,"comment_status":"closed","ping_status":"closed","template":"","meta":{"_genesis_hide_title":false,"_genesis_hide_breadcrumbs":false,"_genesis_hide_singular_image":false,"_genesis_hide_footer_widgets":false,"_genesis_custom_body_class":"","_genesis_custom_post_class":"","_genesis_layout":"","footnotes":""},"class_list":{"0":"post-5231","1":"page","2":"type-page","3":"status-publish","5":"entry","6":"has-post-thumbnail"},"_links":{"self":[{"href":"https:\/\/moverdb.com\/sk\/wp-json\/wp\/v2\/pages\/5231","targetHints":{"allow":["GET"]}}],"collection":[{"href":"https:\/\/moverdb.com\/sk\/wp-json\/wp\/v2\/pages"}],"about":[{"href":"https:\/\/moverdb.com\/sk\/wp-json\/wp\/v2\/types\/page"}],"author":[{"embeddable":true,"href":"https:\/\/moverdb.com\/sk\/wp-json\/wp\/v2\/users\/4"}],"replies":[{"embeddable":true,"href":"https:\/\/moverdb.com\/sk\/wp-json\/wp\/v2\/comments?post=5231"}],"version-history":[{"count":2,"href":"https:\/\/moverdb.com\/sk\/wp-json\/wp\/v2\/pages\/5231\/revisions"}],"predecessor-version":[{"id":18281,"href":"https:\/\/moverdb.com\/sk\/wp-json\/wp\/v2\/pages\/5231\/revisions\/18281"}],"up":[{"embeddable":true,"href":"https:\/\/moverdb.com\/sk\/wp-json\/wp\/v2\/pages\/190"}],"wp:attachment":[{"href":"https:\/\/moverdb.com\/sk\/wp-json\/wp\/v2\/media?parent=5231"}],"curies":[{"name":"wp","href":"https:\/\/api.w.org\/{rel}","templated":true}]}}