{"id":4726,"date":"2022-09-30T19:17:44","date_gmt":"2022-09-30T19:17:44","guid":{"rendered":"https:\/\/moverdb.com\/?page_id=4726"},"modified":"2026-05-15T14:59:56","modified_gmt":"2026-05-15T14:59:56","slug":"papua-nova-guinea","status":"publish","type":"page","link":"https:\/\/moverdb.com\/sk\/container-shipping\/papua-new-guinea\/","title":{"rendered":"2023 Ceny n\u00e1mornej kontajnerovej prepravy do Papuy-Novej Guiney a z nej"},"content":{"rendered":"<figure class=\"wp-block-image size-full\"><img loading=\"lazy\" decoding=\"async\" width=\"1000\" height=\"562\" src=\"https:\/\/moverdb.com\/wp-content\/uploads\/papua-new-guinea.jpg\" alt=\"Pl\u00e1vaj\u00faca \u0161tvr\u0165 v meste Port Moresby v Papue-Novej Guinei\" class=\"wp-image-4708\" srcset=\"https:\/\/moverdb.com\/wp-content\/uploads\/papua-new-guinea.jpg 1000w, https:\/\/moverdb.com\/wp-content\/uploads\/papua-new-guinea-300x169.jpg 300w, https:\/\/moverdb.com\/wp-content\/uploads\/papua-new-guinea-18x10.jpg 18w, https:\/\/moverdb.com\/wp-content\/uploads\/papua-new-guinea-600x337.jpg 600w\" sizes=\"auto, (max-width: 1000px) 100vw, 1000px\" \/><\/figure>\n\n\n\n<p>Mnoh\u00ed emigranti sa rozhodn\u00fa pres\u0165ahova\u0165 do <strong>Papua Nov\u00e1 <a href=\"https:\/\/moverdb.com\/sk\/moving-companies\/moving-companies-guinea\/\" data-internallinksmanager029f6b8e52c=\"231\" title=\"2 Najlep\u0161ie medzin\u00e1rodn\u00e9 s\u0165ahovacie spolo\u010dnosti v Guinei\">Guinea<\/a> <\/strong>napriek tomu, \u017ee t\u00e1to ostrovn\u00e1 krajina v Oce\u00e1nii je st\u00e1le m\u00e1lo rozvinut\u00e1.<\/p>\n\n\n\n<p>Papua-Nov\u00e1 Guinea je ve\u013ek\u00fdm pr\u00eds\u013eubom pre svoj osud v bl\u00edzkej bud\u00facnosti. Jej obyvatelia s\u00fa ve\u013emi srde\u010dn\u00ed a priate\u013esk\u00ed vo\u010di cudzincom a s\u00fa tie\u017e ve\u013emi pracovit\u00ed a odhodlan\u00ed pozdvihn\u00fa\u0165 svoju spolo\u010dnos\u0165 na vy\u0161\u0161iu ekonomick\u00fa \u00farove\u0148.<\/p>\n\n\n\n<p>Ak ste z\u00edskali pr\u00e1cu v tejto o\u010daruj\u00facej krajine alebo si jednoducho chcete vybudova\u0165 \u017eivot na pokojnej\u0161om a od\u013eahlej\u0161om mieste, mus\u00edte sa e\u0161te nau\u010di\u0165, ak\u00e9 s\u00fa n\u00e1klady na prepravu va\u0161ich dom\u00e1cich potrieb.<\/p>\n\n\n\n<p>Tento \u010dl\u00e1nok v\u00e1m pom\u00f4\u017ee zisti\u0165 najni\u017e\u0161ie ceny Papuy-Novej Guiney <a href=\"https:\/\/moverdb.com\/sk\/container-shipping\/\" data-internallinksmanager029f6b8e52c=\"3\" title=\"Graf sadzieb medzin\u00e1rodnej kontajnerovej prepravy: M\u00e1j 2026\">sadzby za prepravu kontajnerov<\/a>. Do nasleduj\u00facich tabuliek sme zahrnuli v\u0161etky destin\u00e1cie z cel\u00e9ho sveta, pre ktor\u00e9 sme na\u0161li ceny.<\/p>\n\n\n\n<p>Odpor\u00fa\u010dame v\u00e1m tie\u017e pou\u017ei\u0165 n\u00e1\u0161 n\u00e1stroj na vypracovanie cenovej ponuky, aby ste z\u00edskali presn\u00fa cenu na z\u00e1klade va\u0161ej presnej polohy.<\/p>\n\n\n\n<h2 class=\"wp-block-heading\">N\u00e1klady na dopravu kontajnerov do Papua-Nov\u00e1 Guinea (Port Moresby)<\/h2>\n\n\n<div class=\"wp-block-image\">\n<figure class=\"aligncenter size-large\"><img loading=\"lazy\" decoding=\"async\" width=\"1024\" height=\"539\" src=\"https:\/\/moverdb.com\/wp-content\/uploads\/Shipping-Container-Costs-to-Papua-New-Guinea-1024x539.png\" alt=\"N\u00e1klady na dopravu kontajnerov do Papua-Nov\u00e1 Guinea (Port Moresby)\" class=\"wp-image-4711\" srcset=\"https:\/\/moverdb.com\/wp-content\/uploads\/Shipping-Container-Costs-to-Papua-New-Guinea-1024x539.png 1024w, https:\/\/moverdb.com\/wp-content\/uploads\/Shipping-Container-Costs-to-Papua-New-Guinea-300x158.png 300w, https:\/\/moverdb.com\/wp-content\/uploads\/Shipping-Container-Costs-to-Papua-New-Guinea-1536x809.png 1536w, https:\/\/moverdb.com\/wp-content\/uploads\/Shipping-Container-Costs-to-Papua-New-Guinea-18x9.png 18w, https:\/\/moverdb.com\/wp-content\/uploads\/Shipping-Container-Costs-to-Papua-New-Guinea-600x316.png 600w, https:\/\/moverdb.com\/wp-content\/uploads\/Shipping-Container-Costs-to-Papua-New-Guinea.png 2000w\" sizes=\"auto, (max-width: 1024px) 100vw, 1024px\" \/><\/figure>\n<\/div>\n\n\n<table id=\"tablepress-183\" class=\"tablepress tablepress-id-183\">\n<thead>\n<tr class=\"row-1\">\n\t<th class=\"column-1\">Krajina ur\u010denia (<a href=\"https:\/\/moverdb.com\/sk\/top-49-container-ports\/\" data-internallinksmanager029f6b8e52c=\"80\" title=\"49 najv\u00e4\u010d\u0161\u00edch a najvy\u0165a\u017eenej\u0161\u00edch kontajnerov\u00fdch pr\u00edstavov v roku 2025\">Pr\u00edstav<\/a>\/Mesto)<\/th><th class=\"column-2\">20FT<\/th><th class=\"column-3\">40FT<\/th>\n<\/tr>\n<\/thead>\n<tbody class=\"row-striping row-hover\">\n<tr class=\"row-2\">\n\t<td class=\"column-1\"><a href=\"https:\/\/moverdb.com\/sk\/container-shipping\/andorra\/\" data-internallinksmanager029f6b8e52c=\"88\" title=\"2023 Ceny n\u00e1mornej kontajnerovej prepravy do Andorry a z nej\">Andorra (Andorra la Vella)<\/a><\/td><td class=\"column-2\">$4,396<\/td><td class=\"column-3\">$8,053<\/td>\n<\/tr>\n<tr class=\"row-3\">\n\t<td class=\"column-1\"><a href=\"https:\/\/moverdb.com\/sk\/container-shipping\/antigua-and-barbuda\/\" data-internallinksmanager029f6b8e52c=\"92\" title=\"2023 Ceny n\u00e1mornej kontajnerovej prepravy do a z Antiguy a Barbudy\">Antigua a Barbuda (St John's)<\/a><\/td><td class=\"column-2\">$1,825<\/td><td class=\"column-3\">NEUPLAT\u0147UJE SA<\/td>\n<\/tr>\n<tr class=\"row-4\">\n\t<td class=\"column-1\"><a href=\"https:\/\/moverdb.com\/sk\/container-shipping\/argentina\/\" data-internallinksmanager029f6b8e52c=\"91\" title=\"2023 Ceny n\u00e1mornej n\u00e1kladnej kontajnerovej dopravy do a z Argent\u00edny\">Argent\u00edna (Buenos Aires)<\/a><\/td><td class=\"column-2\">$2,845<\/td><td class=\"column-3\">NEUPLAT\u0147UJE SA<\/td>\n<\/tr>\n<tr class=\"row-5\">\n\t<td class=\"column-1\"><a href=\"https:\/\/moverdb.com\/sk\/container-shipping\/aruba\/\" data-internallinksmanager029f6b8e52c=\"90\" title=\"2023 Ceny n\u00e1mornej n\u00e1kladnej kontajnerovej dopravy do a z Aruby\">Aruba (Oranjestad)<\/a><\/td><td class=\"column-2\">$2,845<\/td><td class=\"column-3\">NEUPLAT\u0147UJE SA<\/td>\n<\/tr>\n<tr class=\"row-6\">\n\t<td class=\"column-1\"><a href=\"https:\/\/moverdb.com\/sk\/container-shipping\/australia\/\" data-internallinksmanager029f6b8e52c=\"89\" title=\"2026 Sadzby za kontajnerov\u00fa prepravu do a z Austr\u00e1lie\">Austr\u00e1lia (Sydney)<\/a><\/td><td class=\"column-2\">$1,561<\/td><td class=\"column-3\">$2,083<\/td>\n<\/tr>\n<tr class=\"row-7\">\n\t<td class=\"column-1\"><a href=\"https:\/\/moverdb.com\/sk\/container-shipping\/austria\/\" data-internallinksmanager029f6b8e52c=\"95\" title=\"2023 Ceny n\u00e1mornej kontajnerovej prepravy do a z Rak\u00faska\">Rak\u00fasko (Viede\u0148)<\/a><\/td><td class=\"column-2\">$4,641<\/td><td class=\"column-3\">NEUPLAT\u0147UJE SA<\/td>\n<\/tr>\n<tr class=\"row-8\">\n\t<td class=\"column-1\"><a href=\"https:\/\/moverdb.com\/sk\/container-shipping\/france\/\" data-internallinksmanager029f6b8e52c=\"116\" title=\"2023 Ceny n\u00e1mornej kontajnerovej prepravy do a z Franc\u00fazska\">Franc\u00fazsko (Marseille)<\/a><\/td><td class=\"column-2\">$2,035<\/td><td class=\"column-3\">$3,465<\/td>\n<\/tr>\n<tr class=\"row-9\">\n\t<td class=\"column-1\"><a href=\"https:\/\/moverdb.com\/sk\/container-shipping\/germany\/\" data-internallinksmanager029f6b8e52c=\"118\" title=\"2023 Ceny n\u00e1mornej kontajnerovej prepravy do a z Nemecka\">Nemecko (Hamburg)<\/a><\/td><td class=\"column-2\">$1,177<\/td><td class=\"column-3\">$2,037<\/td>\n<\/tr>\n<tr class=\"row-10\">\n\t<td class=\"column-1\"><a href=\"https:\/\/moverdb.com\/sk\/container-shipping\/india\/\" data-internallinksmanager029f6b8e52c=\"125\" title=\"2023 Ceny n\u00e1mornej n\u00e1kladnej kontajnerovej dopravy do a z Indie\">India (Mumbai)<\/a><\/td><td class=\"column-2\">$3,614<\/td><td class=\"column-3\">$4,317<\/td>\n<\/tr>\n<tr class=\"row-11\">\n\t<td class=\"column-1\"><a href=\"https:\/\/moverdb.com\/sk\/container-shipping\/isle-of-man\/\" data-internallinksmanager029f6b8e52c=\"128\" title=\"2023 Ceny n\u00e1mornej kontajnerovej prepravy na ostrov Man a z neho\">Ostrov Man (Douglas)<\/a><\/td><td class=\"column-2\">$1,925<\/td><td class=\"column-3\">$3,255<\/td>\n<\/tr>\n<tr class=\"row-12\">\n\t<td class=\"column-1\"><a href=\"https:\/\/moverdb.com\/sk\/container-shipping\/lithuania\/\" data-internallinksmanager029f6b8e52c=\"145\" title=\"2023 Ceny n\u00e1mornej kontajnerovej prepravy do a z Litvy\">Litva (Klaipeda)<\/a><\/td><td class=\"column-2\">$1,177<\/td><td class=\"column-3\">$2,096<\/td>\n<\/tr>\n<tr class=\"row-13\">\n\t<td class=\"column-1\"><a href=\"https:\/\/moverdb.com\/sk\/moving-to-luxembourg\/\" data-internallinksmanager029f6b8e52c=\"349\" title=\"S\u0165ahovanie do Luxemburska? 2026 N\u00e1klady na b\u00fdvanie a tipy na pres\u0165ahovanie\">Luxembursko<\/a><\/td><td class=\"column-2\">$1,786<\/td><td class=\"column-3\">$2,390<\/td>\n<\/tr>\n<tr class=\"row-14\">\n\t<td class=\"column-1\"><a href=\"https:\/\/moverdb.com\/sk\/container-shipping\/philippines\/\" data-internallinksmanager029f6b8e52c=\"156\" title=\"2023 Ceny n\u00e1mornej kontajnerovej prepravy na Filip\u00edny a z nich\">Filip\u00edny (Manila)<\/a><\/td><td class=\"column-2\">$3,754<\/td><td class=\"column-3\">NEUPLAT\u0147UJE SA<\/td>\n<\/tr>\n<tr class=\"row-15\">\n\t<td class=\"column-1\"><a href=\"https:\/\/moverdb.com\/sk\/container-shipping\/thailand\/\" data-internallinksmanager029f6b8e52c=\"189\" title=\"2023 Ceny n\u00e1mornej n\u00e1kladnej kontajnerovej dopravy do a z Thajska\">Thajsko (Laem Chabang)<\/a><\/td><td class=\"column-2\">$3,200<\/td><td class=\"column-3\">$7,050<\/td>\n<\/tr>\n<tr class=\"row-16\">\n\t<td class=\"column-1\"><a href=\"https:\/\/moverdb.com\/sk\/moving-to-the-united-states\/\" data-internallinksmanager029f6b8e52c=\"94\" title=\"S\u0165ahujete sa do Spojen\u00fdch \u0161t\u00e1tov? 2022 \u017divotn\u00e9 n\u00e1klady a tipy na pres\u0165ahovanie\">US<\/a> (<a href=\"https:\/\/moverdb.com\/sk\/moving-to-los-angeles\/\" data-internallinksmanager029f6b8e52c=\"51\" title=\"S\u0165ahujete sa do Los Angeles? 2026 N\u00e1klady na b\u00fdvanie v LA a tipy na pres\u0165ahovanie\">Los Angeles<\/a>)<\/td><td class=\"column-2\">$2,730<\/td><td class=\"column-3\">$3,666<\/td>\n<\/tr>\n<tr class=\"row-17\">\n\t<td class=\"column-1\"><a href=\"https:\/\/moverdb.com\/sk\/container-shipping\/united-states\/\" data-internallinksmanager029f6b8e52c=\"87\" title=\"2023 Ceny n\u00e1mornej n\u00e1kladnej kontajnerovej dopravy do a z USA\">USA (New York)<\/a><\/td><td class=\"column-2\">$3,371<\/td><td class=\"column-3\">$4,658<\/td>\n<\/tr>\n<\/tbody>\n<\/table>\n<!-- #tablepress-183 from cache -->\n\n\n\n<h2 class=\"wp-block-heading\">N\u00e1klady na dopravu kontajnerov z Papuy-Novej Guiney (Port Moresby)<\/h2>\n\n\n<div class=\"wp-block-image\">\n<figure class=\"aligncenter size-large\"><img loading=\"lazy\" decoding=\"async\" width=\"1024\" height=\"539\" src=\"https:\/\/moverdb.com\/wp-content\/uploads\/Shipping-Container-Costs-from-Papua-New-Guinea-1024x539.png\" alt=\"N\u00e1klady na dopravu kontajnerov z Papuy-Novej Guiney (Port Moresby)\" class=\"wp-image-4709\" srcset=\"https:\/\/moverdb.com\/wp-content\/uploads\/Shipping-Container-Costs-from-Papua-New-Guinea-1024x539.png 1024w, https:\/\/moverdb.com\/wp-content\/uploads\/Shipping-Container-Costs-from-Papua-New-Guinea-300x158.png 300w, https:\/\/moverdb.com\/wp-content\/uploads\/Shipping-Container-Costs-from-Papua-New-Guinea-1536x809.png 1536w, https:\/\/moverdb.com\/wp-content\/uploads\/Shipping-Container-Costs-from-Papua-New-Guinea-18x9.png 18w, https:\/\/moverdb.com\/wp-content\/uploads\/Shipping-Container-Costs-from-Papua-New-Guinea-600x316.png 600w, https:\/\/moverdb.com\/wp-content\/uploads\/Shipping-Container-Costs-from-Papua-New-Guinea.png 2000w\" sizes=\"auto, (max-width: 1024px) 100vw, 1024px\" \/><\/figure>\n<\/div>\n\n\n<table id=\"tablepress-179\" class=\"tablepress tablepress-id-179\">\n<thead>\n<tr class=\"row-1\">\n\t<th class=\"column-1\">Krajina ur\u010denia (pr\u00edstav\/mesto)<\/th><th class=\"column-2\">20FT<\/th><th class=\"column-3\">40FT<\/th>\n<\/tr>\n<\/thead>\n<tbody class=\"row-striping row-hover\">\n<tr class=\"row-2\">\n\t<td class=\"column-1\">Andorra (Andorra la Vella)<\/td><td class=\"column-2\">NEUPLAT\u0147UJE SA<\/td><td class=\"column-3\">$12,406<\/td>\n<\/tr>\n<tr class=\"row-3\">\n\t<td class=\"column-1\">Argent\u00edna (Buenos Aires)<\/td><td class=\"column-2\">$9,863<\/td><td class=\"column-3\">$13,934<\/td>\n<\/tr>\n<tr class=\"row-4\">\n\t<td class=\"column-1\">Aruba (Oranjestad)<\/td><td class=\"column-2\">$10,171<\/td><td class=\"column-3\">NEUPLAT\u0147UJE SA<\/td>\n<\/tr>\n<tr class=\"row-5\">\n\t<td class=\"column-1\">Austr\u00e1lia (Sydney)<\/td><td class=\"column-2\">NEUPLAT\u0147UJE SA<\/td><td class=\"column-3\">$12,406<\/td>\n<\/tr>\n<tr class=\"row-6\">\n\t<td class=\"column-1\"><a href=\"https:\/\/moverdb.com\/sk\/container-shipping\/cambodia\/\" data-internallinksmanager029f6b8e52c=\"101\" title=\"2023 Ceny n\u00e1mornej n\u00e1kladnej kontajnerovej dopravy do a z Kambod\u017ee\">Kambod\u017ea (Sihanoukville)<\/a><\/td><td class=\"column-2\">$1,303<\/td><td class=\"column-3\">$2,886<\/td>\n<\/tr>\n<tr class=\"row-7\">\n\t<td class=\"column-1\"><a href=\"https:\/\/moverdb.com\/sk\/container-shipping\/croatia\/\" data-internallinksmanager029f6b8e52c=\"107\" title=\"2023 Ceny n\u00e1mornej kontajnerovej prepravy do a z Chorv\u00e1tska\">Chorv\u00e1tsko (Rijeka)<\/a><\/td><td class=\"column-2\">$10,226<\/td><td class=\"column-3\">$8,025<\/td>\n<\/tr>\n<tr class=\"row-8\">\n\t<td class=\"column-1\"><a href=\"https:\/\/moverdb.com\/sk\/container-shipping\/finland\/\" data-internallinksmanager029f6b8e52c=\"115\" title=\"2023 Ceny n\u00e1mornej kontajnerovej prepravy do a z F\u00ednska\">F\u00ednsko (Helsinki)<\/a><\/td><td class=\"column-2\">$1,595<\/td><td class=\"column-3\">$3,045<\/td>\n<\/tr>\n<tr class=\"row-9\">\n\t<td class=\"column-1\">Guam<\/td><td class=\"column-2\">$10,226<\/td><td class=\"column-3\">$8,025<\/td>\n<\/tr>\n<tr class=\"row-10\">\n\t<td class=\"column-1\"><a href=\"https:\/\/moverdb.com\/sk\/container-shipping\/iceland\/\" data-internallinksmanager029f6b8e52c=\"124\" title=\"2023 Ceny n\u00e1mornej kontajnerovej prepravy na Island a z neho\">Island (Reykjav\u00edk)<\/a><\/td><td class=\"column-2\">$1,567<\/td><td class=\"column-3\">$2,518<\/td>\n<\/tr>\n<tr class=\"row-11\">\n\t<td class=\"column-1\"><a href=\"https:\/\/moverdb.com\/sk\/container-shipping\/indonesia\/\" data-internallinksmanager029f6b8e52c=\"126\" title=\"2023 Ceny n\u00e1mornej kontajnerovej prepravy do Indon\u00e9zie a z Indon\u00e9zie\">Indon\u00e9zia (Jakarta)<\/a><\/td><td class=\"column-2\">$1,561<\/td><td class=\"column-3\">$2,083<\/td>\n<\/tr>\n<tr class=\"row-12\">\n\t<td class=\"column-1\">Litva (Klaipeda)<\/td><td class=\"column-2\">$1,397<\/td><td class=\"column-3\">$2,754<\/td>\n<\/tr>\n<tr class=\"row-13\">\n\t<td class=\"column-1\">Luxembursko<\/td><td class=\"column-2\">NEUPLAT\u0147UJE SA<\/td><td class=\"column-3\">$9,192<\/td>\n<\/tr>\n<\/tbody>\n<\/table>\n<!-- #tablepress-179 from cache -->\n\n\n\n<h3 class=\"wp-block-heading\">Pozn\u00e1mky k \u00fadajom:<\/h3>\n\n\n\n<ul class=\"wp-block-list\"><li>V\u0161etky \u00fadaje $ s\u00fa v americk\u00fdch dol\u00e1roch (USD);<\/li><li>Sadzby s\u00fa presn\u00e9 od za\u010diatku roka 2022;<\/li><li>Mapy v tomto \u010dl\u00e1nku boli vytvoren\u00e9 pomocou <a href=\"https:\/\/www.mapchart.net\" target=\"_blank\" rel=\"noreferrer noopener\">https:\/\/www.mapchart.net<\/a>. Mapy m\u00f4\u017eete zdie\u013ea\u0165, ak uvediete odkaz na <a href=\"https:\/\/moverdb.com\/sk\/\" target=\"_blank\" rel=\"noreferrer noopener\">MoverDB<\/a>;<\/li><li>Uveden\u00e9 sadzby s\u00fa len odhadovan\u00e9 a od uverejnenia tohto \u010dl\u00e1nku (apr\u00edl 2022) sa mohli zmeni\u0165. Vych\u00e1dzaj\u00fa z najni\u017e\u0161ej odhadovanej sadzby bu\u010f <a href=\"https:\/\/www.searates.com\" target=\"_blank\" rel=\"noreferrer noopener\">https:\/\/www.searates.com<\/a> alebo <a href=\"https:\/\/www.gocomet.com\/freight-shipping-rates-index-calculator\" target=\"_blank\" rel=\"noreferrer noopener\">https:\/\/www.gocomet.com<\/a>;<\/li><li>Ak chcete z\u00edska\u0165 presnej\u0161iu predstavu o n\u00e1kladoch, pou\u017eite formul\u00e1r ponuky v hornej \u010dasti tejto str\u00e1nky;<\/li><li>Pozrite si tie\u017e n\u00e1\u0161ho sprievodcu <a href=\"https:\/\/moverdb.com\/sk\/kontajnerova-preprava\/\" target=\"_blank\" rel=\"noreferrer noopener\">medzin\u00e1rodn\u00e1 kontajnerov\u00e1 doprava<\/a>.<\/li><\/ul>","protected":false},"excerpt":{"rendered":"<p>Many expats decide to move to Papua New Guinea despite the fact that this Oceania island country is still underdeveloped at large. Papua New Guinea shows a lot of promise for its fate in the near future. Its people are very warm and friendly toward foreigners and they are also very hardworking and resolute to [&hellip;]<\/p>\n","protected":false},"author":2,"featured_media":4708,"parent":44,"menu_order":0,"comment_status":"closed","ping_status":"closed","template":"","meta":{"_genesis_hide_title":false,"_genesis_hide_breadcrumbs":false,"_genesis_hide_singular_image":false,"_genesis_hide_footer_widgets":false,"_genesis_custom_body_class":"","_genesis_custom_post_class":"","_genesis_layout":"","footnotes":""},"class_list":{"0":"post-4726","1":"page","2":"type-page","3":"status-publish","4":"has-post-thumbnail","6":"entry"},"_links":{"self":[{"href":"https:\/\/moverdb.com\/sk\/wp-json\/wp\/v2\/pages\/4726","targetHints":{"allow":["GET"]}}],"collection":[{"href":"https:\/\/moverdb.com\/sk\/wp-json\/wp\/v2\/pages"}],"about":[{"href":"https:\/\/moverdb.com\/sk\/wp-json\/wp\/v2\/types\/page"}],"author":[{"embeddable":true,"href":"https:\/\/moverdb.com\/sk\/wp-json\/wp\/v2\/users\/2"}],"replies":[{"embeddable":true,"href":"https:\/\/moverdb.com\/sk\/wp-json\/wp\/v2\/comments?post=4726"}],"version-history":[{"count":1,"href":"https:\/\/moverdb.com\/sk\/wp-json\/wp\/v2\/pages\/4726\/revisions"}],"predecessor-version":[{"id":4727,"href":"https:\/\/moverdb.com\/sk\/wp-json\/wp\/v2\/pages\/4726\/revisions\/4727"}],"up":[{"embeddable":true,"href":"https:\/\/moverdb.com\/sk\/wp-json\/wp\/v2\/pages\/44"}],"wp:featuredmedia":[{"embeddable":true,"href":"https:\/\/moverdb.com\/sk\/wp-json\/wp\/v2\/media\/4708"}],"wp:attachment":[{"href":"https:\/\/moverdb.com\/sk\/wp-json\/wp\/v2\/media?parent=4726"}],"curies":[{"name":"wp","href":"https:\/\/api.w.org\/{rel}","templated":true}]}}