{"id":454,"date":"2016-07-03T20:25:43","date_gmt":"2016-07-03T20:25:43","guid":{"rendered":"http:\/\/moverdb.com\/?page_id=454"},"modified":"2026-01-08T15:30:41","modified_gmt":"2026-01-08T15:30:41","slug":"world-customs-organization","status":"publish","type":"page","link":"https:\/\/moverdb.com\/sk\/world-customs-organization\/","title":{"rendered":"Vysvetlenie Svetovej colnej organiz\u00e1cie (WCO)"},"content":{"rendered":"<p>Svetov\u00e1 coln\u00e1 organiz\u00e1cia (WCO) je nez\u00e1visl\u00fd medzivl\u00e1dny org\u00e1n, ktor\u00fd je hlasom coln\u00e9ho spolo\u010denstva. <\/p>\n<p>Bola zriaden\u00e1 s cie\u013eom zv\u00fd\u0161i\u0165 efekt\u00edvnos\u0165, koordin\u00e1ciu a \u00fa\u010dinnos\u0165 coln\u00fdch spr\u00e1v na celom svete.<\/p>\n<p><strong>K\u013e\u00fa\u010dov\u00e9 fakty o spolo\u010dnosti WCO:<\/strong><\/p>\n<ul>\n<li>  WCO m\u00e1 180 \u010dlenov, ktor\u00ed s\u00fa coln\u00fdmi spr\u00e1vami z cel\u00e9ho sveta.<\/li>\n<li>  Tri \u0161tvrtiny \u010dlenov WCO s\u00fa rozvojov\u00e9 krajiny.<\/li>\n<li>  \u010clenovia WCO s\u00fa zodpovedn\u00ed za riadenie viac ako 98% svetov\u00e9ho obchodu.<\/li>\n<li>  WCO vznikla v roku 1952 ako Rada pre coln\u00fa spolupr\u00e1cu.<\/li>\n<li>  WCO riadi Rada, ktor\u00e1 sa opiera o sekretari\u00e1t pozost\u00e1vaj\u00faci z viac ako 100 medzin\u00e1rodn\u00fdch \u00faradn\u00edkov, technick\u00fdch expertov a podporn\u00e9ho person\u00e1lu.<\/li>\n<li>  WCO m\u00e1 s\u00eddlo v Bruseli, <a href=\"https:\/\/moverdb.com\/sk\/moving-to-belgium\/\" data-internallinksmanager029f6b8e52c=\"323\" title=\"S\u0165ahovanie do Belgicka? 2026 N\u00e1klady na b\u00fdvanie a tipy na pres\u0165ahovanie\">Belgicko<\/a>.<\/li>\n<li>  WCO sa nezaober\u00e1 s\u0165a\u017enos\u0165ami t\u00fdkaj\u00facimi sa ciel, napr\u00edklad coln\u00fdch poplatkov - ako medzivl\u00e1dna organiz\u00e1cia nie je zodpovedn\u00e1 za spr\u00e1vu vn\u00fatro\u0161t\u00e1tnych pr\u00e1vnych predpisov a v\u00fdslovne uv\u00e1dza, \u017ee v tejto oblasti nem\u00e1 pr\u00e1vomoci.<\/li>\n<li>  \u00daradn\u00fdmi jazykmi WCO s\u00fa angli\u010dtina a franc\u00faz\u0161tina.<\/li>\n<li>  WCO je financovan\u00e1 z ro\u010dn\u00fdch pr\u00edspevkov \u010dlenov, ako aj z dobrovo\u013en\u00fdch pr\u00edspevkov a darov.<\/li>\n<li>  WCO je zodpovedn\u00e1 za viacer\u00e9 coln\u00e9 n\u00e1stroje, ako napr\u00edklad Medzin\u00e1rodn\u00fd dohovor o harmonizovanom syst\u00e9me opisu a \u010d\u00edseln\u00e9ho ozna\u010dovania tovaru.<\/li>\n<\/ul>\n<p><strong>Profil Svetovej colnej organiz\u00e1cie:<\/strong><\/p>\n<p>WCO sa ozna\u010duje za hlas coln\u00e9ho spolo\u010denstva a je jedinou medzin\u00e1rodnou organiz\u00e1ciou, ktor\u00e1 m\u00e1 v kompetencii coln\u00e9 z\u00e1le\u017eitosti. V\u010faka tomu je k\u013e\u00fa\u010dovou silou, ktor\u00e1 pom\u00e1ha rozv\u00edja\u0165 legit\u00edmny medzin\u00e1rodn\u00fd obchod, ako aj vyv\u00edja\u0165 opatrenia na boj proti podvodom a kr\u00e1de\u017eiam. <\/p>\n<p>Cie\u013eom WCO je posilni\u0165 v\u00e4zby medzi coln\u00fdmi spr\u00e1vami a ich partnermi, aby sa vytvorilo siln\u00e9 a transparentn\u00e9 coln\u00e9 prostredie. <\/p>\n<p>Jej prioritou je tie\u017e pomoc pri ochrane spolo\u010dnosti a \u0161t\u00e1tneho \u00fazemia a zabezpe\u010denie a u\u013eah\u010denie medzin\u00e1rodn\u00e9ho obchodu, najm\u00e4 v s\u00favislosti s hrozbami glob\u00e1lneho terorizmu. <\/p>\n<p>WCO ver\u00ed, \u017ee hranice rozde\u013euj\u00fa, ale cl\u00e1 sp\u00e1jaj\u00fa. Svoju v\u00edziu opisuje ako \"dynamick\u00e9 vedenie moderniz\u00e1cie a prepojenia v r\u00fdchlo sa meniacom svete\" a uv\u00e1dza, \u017ee jej poslan\u00edm je poskytova\u0165 coln\u00fdm spr\u00e1vam vedenie, usmernenie a podporu pri zabezpe\u010dovan\u00ed a u\u013eah\u010dovan\u00ed z\u00e1konn\u00e9ho obchodu, realiz\u00e1cii pr\u00edjmov, ochrane spolo\u010dnosti a budovan\u00ed kapac\u00edt.<\/p>\n<p><strong>Krit\u00e9ri\u00e1 \u010dlenstva:<\/strong><\/p>\n<p>\u010clenmi WCO s\u00fa coln\u00e9 spr\u00e1vy, tak\u017ee na webovej str\u00e1nke nie s\u00fa uveden\u00e9 \u017eiadne krit\u00e9ri\u00e1 \u010dlenstva.<\/p>\n<p><strong>N\u00e1zory na WCO:<\/strong><\/p>\n<p>WCO je dobre zaveden\u00fd celosvetov\u00fd coln\u00fd org\u00e1n s <a href=\"http:\/\/www.britannica.com\/topic\/World-Customs-Organization\" target=\"_blank\" rel=\"noopener\">heslo v encyklop\u00e9dii Britannica<\/a>. Str\u00e1nka <a href=\"https:\/\/www.wto.org\/english\/thewto_e\/coher_e\/wto_wco_e.htm\" target=\"_blank\" rel=\"noopener\">Svetov\u00e1 obchodn\u00e1 organiz\u00e1cia opisuje<\/a> WCO ako org\u00e1n, s ktor\u00fdm pravidelne spolupracuje, najm\u00e4 pokia\u013e ide o klasifik\u00e1ciu tovaru. <\/p>\n<p>WCO sa spom\u00edna na vl\u00e1dnych webov\u00fdch str\u00e1nkach, opisuje sa ako \"ved\u00faca organiz\u00e1cia pri roz\u0161irovan\u00ed mo\u017enost\u00ed medzin\u00e1rodn\u00e9ho obchodu a bezpe\u010dnosti\" a jednozna\u010dne m\u00e1 uzn\u00e1van\u00e9 medzin\u00e1rodn\u00e9 postavenie. Pokia\u013e ide o \u010dlenov, t\u00ed, ktor\u00ed sa k nej prid\u00e1vaj\u00fa, to zvy\u010dajne oznamuj\u00fa - napr\u00edklad Eur\u00f3pska \u00fania, ktor\u00e1 ozn\u00e1mila, \u017ee <a href=\"http:\/\/ec.europa.eu\/taxation_customs\/common\/international_affairs\/wco\/index_en.htm\" target=\"_blank\" rel=\"noopener\">WCO prijala<\/a> svoju \u017eiados\u0165 o \u010dlenstvo od 1. j\u00fala 2007.<\/p>\n<blockquote><p>V\u0161etky coln\u00e9 z\u00e1le\u017eitosti vr\u00e1tane v\u00fdvoja glob\u00e1lnych n\u00e1strojov, noriem a n\u00e1strojov, zjednodu\u0161enia a harmoniz\u00e1cie coln\u00fdch postupov, podpory hospod\u00e1rskej konkurencieschopnosti, bezpe\u010dnosti a u\u013eah\u010denia glob\u00e1lneho dod\u00e1vate\u013esk\u00e9ho re\u0165azca, zlep\u0161enia \u010dinnost\u00ed v oblasti presadzovania a dodr\u017eiavania coln\u00fdch predpisov, ochrany verejn\u00e9ho zdravia a bezpe\u010dnosti, udr\u017eiavania medzin\u00e1rodnej harmonizovanej nomenklat\u00fary tovaru, zabezpe\u010denia pr\u00edjmov, udr\u017eate\u013en\u00e9ho budovania coln\u00fdch kapac\u00edt a technickej pomoci a riadenia doh\u00f4d WTO o colnom hodnoten\u00ed a pravidl\u00e1ch p\u00f4vodu, ako aj Dohovoru Organiz\u00e1cie Spojen\u00fdch n\u00e1rodov (OSN) o kontajneroch z roku 1972.<\/p><\/blockquote>\n<p>- <a href=\"http:\/\/www.basel.int\/Default.aspx?tabid=2935\" target=\"_blank\" rel=\"noopener\">Bazilejsk\u00fd dohovor<\/a><\/p>\n<p><strong>Webov\u00e1 lokalita:<\/strong> <a href=\"http:\/\/www.wcoomd.org\/\" target=\"_blank\" rel=\"noopener\">http:\/\/www.wcoomd.org\/<\/a><\/p>\n<p><strong>Viac inform\u00e1ci\u00ed o preprave n\u00e1jdete na:<\/strong> <a href=\"https:\/\/moverdb.com\/sk\/kontajnerova-preprava\/\">Ceny a n\u00e1klady na medzin\u00e1rodn\u00fa kontajnerov\u00fa prepravu za rok 2018<\/a> a <a href=\"https:\/\/moverdb.com\/sk\/zasielatelstvo\/\">Sprievodca medzin\u00e1rodn\u00fdmi n\u00e1kladmi a spolo\u010dnos\u0165ami zasielate\u013estva a NVOCC<\/a><\/p>","protected":false},"excerpt":{"rendered":"<p>The World Customs Organisation (WCO) is an independent intergovernmental body that serves as the voice of the customs community. It was set up to make customs administrations around the world more efficient, coordinated and effective. Key facts about WCO: The WCO has 180 members and these members are customs administrations from all over the world. [&hellip;]<\/p>\n","protected":false},"author":1,"featured_media":0,"parent":0,"menu_order":0,"comment_status":"closed","ping_status":"closed","template":"","meta":{"_genesis_hide_title":false,"_genesis_hide_breadcrumbs":false,"_genesis_hide_singular_image":false,"_genesis_hide_footer_widgets":false,"_genesis_custom_body_class":"","_genesis_custom_post_class":"","_genesis_layout":"","footnotes":""},"class_list":{"0":"post-454","1":"page","2":"type-page","3":"status-publish","5":"entry"},"_links":{"self":[{"href":"https:\/\/moverdb.com\/sk\/wp-json\/wp\/v2\/pages\/454","targetHints":{"allow":["GET"]}}],"collection":[{"href":"https:\/\/moverdb.com\/sk\/wp-json\/wp\/v2\/pages"}],"about":[{"href":"https:\/\/moverdb.com\/sk\/wp-json\/wp\/v2\/types\/page"}],"author":[{"embeddable":true,"href":"https:\/\/moverdb.com\/sk\/wp-json\/wp\/v2\/users\/1"}],"replies":[{"embeddable":true,"href":"https:\/\/moverdb.com\/sk\/wp-json\/wp\/v2\/comments?post=454"}],"version-history":[{"count":7,"href":"https:\/\/moverdb.com\/sk\/wp-json\/wp\/v2\/pages\/454\/revisions"}],"predecessor-version":[{"id":6253,"href":"https:\/\/moverdb.com\/sk\/wp-json\/wp\/v2\/pages\/454\/revisions\/6253"}],"wp:attachment":[{"href":"https:\/\/moverdb.com\/sk\/wp-json\/wp\/v2\/media?parent=454"}],"curies":[{"name":"wp","href":"https:\/\/api.w.org\/{rel}","templated":true}]}}