{"id":452,"date":"2016-07-03T20:39:16","date_gmt":"2016-07-03T20:39:16","guid":{"rendered":"http:\/\/moverdb.com\/?page_id=452"},"modified":"2026-01-08T15:30:42","modified_gmt":"2026-01-08T15:30:42","slug":"world-shipping-council","status":"publish","type":"page","link":"https:\/\/moverdb.com\/sk\/world-shipping-council\/","title":{"rendered":"Vysvetlenie Svetovej n\u00e1mornej rady (WSC)"},"content":{"rendered":"<p>Svetov\u00e1 n\u00e1morn\u00e1 rada (WSC) je hlasom odvetvia lodnej dopravy. P\u00f4vodne bola zalo\u017een\u00e1 ako lobistick\u00e1 skupina pre najv\u00e4\u010d\u0161ie podniky lodnej dopravy a stala sa poradcom priemyslu a vl\u00e1dy v r\u00f4znych oblastiach, napr\u00edklad v ot\u00e1zkach bezpe\u010dnosti a \u017eivotn\u00e9ho prostredia.<\/p>\n<p><strong>K\u013e\u00fa\u010dov\u00e9 fakty o MS<\/strong><\/p>\n<ul>\n<li>  MS m\u00e1 26 \u010dlenov.<\/li>\n<li>  \u010clenovia WSC prev\u00e1dzkuj\u00fa pribli\u017ene 90 percent glob\u00e1lnej kapacity linkov\u00fdch lod\u00ed.<\/li>\n<li>  Tieto slu\u017eby prepravuj\u00fa pribli\u017ene 60 % hodnoty svetov\u00e9ho n\u00e1morn\u00e9ho obchodu a viac ako <a href=\"https:\/\/moverdb.com\/sk\/moving-to-the-united-states\/\" data-internallinksmanager029f6b8e52c=\"94\" title=\"S\u0165ahujete sa do Spojen\u00fdch \u0161t\u00e1tov? 2022 \u017divotn\u00e9 n\u00e1klady a tipy na pres\u0165ahovanie\">US<\/a>$ 4 bili\u00f3nov tovaru ro\u010dne.<\/li>\n<li>  MS je celosvetov\u00fdm z\u00e1stupcom odvetvia lodnej dopravy.<\/li>\n<li>  MS vytvorili v roku 2000 gener\u00e1lni riaditelia najv\u00fdznamnej\u0161\u00edch l\u00edniov\u00fdch spolo\u010dnost\u00ed. <a href=\"https:\/\/moverdb.com\/sk\/prepravne-spolocnosti\/\">prepravn\u00e9 spolo\u010dnosti<\/a>.<\/li>\n<li>  V roku 2009 bol MS udelen\u00fd poradn\u00fd \u0161tat\u00fat na <a href=\"https:\/\/moverdb.com\/sk\/international-maritime-organisation\/\" data-internallinksmanager029f6b8e52c=\"24\" title=\"Vysvetlenie Medzin\u00e1rodnej n\u00e1mornej organiz\u00e1cie (IMO)\">Medzin\u00e1rodn\u00e1 n\u00e1morn\u00e1 organiz\u00e1cia<\/a>.<\/li>\n<li>  MS s\u00eddli v <a href=\"https:\/\/moverdb.com\/sk\/stahovanie-do-washingtonu-dc\/\">Washington, DC<\/a>.<\/li>\n<li>  \u010clenovia MS poch\u00e1dzaj\u00fa z cel\u00e9ho sveta, od <a href=\"https:\/\/moverdb.com\/sk\/moving-to-china\/\" data-internallinksmanager029f6b8e52c=\"357\" title=\"S\u0165ahovanie do \u010c\u00edny? 2026 N\u00e1klady na \u017eivot a tipy na pres\u0165ahovanie\">\u010c\u00edna<\/a> do Ameriky.<\/li>\n<\/ul>\n<p><strong>Profil Svetovej rady pre n\u00e1morn\u00fa dopravu:<\/strong><\/p>\n<p>MS je priemyseln\u00fd org\u00e1n, ktor\u00fd v roku 2000 vytvorili ved\u00faci predstavitelia v sektore lodnej dopravy. Zohrala d\u00f4le\u017eit\u00fa \u00falohu v k\u013e\u00fa\u010dov\u00fdch momentoch pre odvetvie lodnej dopravy, ako napr\u00edklad v spolupr\u00e1ci so svetov\u00fdmi vl\u00e1dami a organiz\u00e1ciami, aby pomohla vypracova\u0165 z\u00e1kony, predpisy a programy ur\u010den\u00e9 na lep\u0161ie zabezpe\u010denie medzin\u00e1rodn\u00e9ho n\u00e1morn\u00e9ho obchodu po teroristick\u00fdch \u00fatokoch v roku 2001. <\/p>\n<p>MS sa zameriava najm\u00e4 na rie\u0161enie obchodn\u00fdch, bezpe\u010dnostn\u00fdch a coln\u00fdch ot\u00e1zok, ktor\u00e9 ovplyv\u0148uj\u00fa samotn\u00fd priemysel, ako aj jeho vplyv na \u0161ir\u0161\u00ed svet. V posledn\u00fdch rokoch sa za\u010dala zameriava\u0165 aj na ot\u00e1zky \u017eivotn\u00e9ho prostredia. <\/p>\n<p>MS je pova\u017eovan\u00e1 za re\u0161pektovan\u00e9ho poradcu pre priemysel aj vl\u00e1dy - z\u00edskala napr\u00edklad poradn\u00fd \u0161tat\u00fat pri Medzin\u00e1rodnej n\u00e1mornej organiz\u00e1cii. Taktie\u017e sa akt\u00edvne z\u00fa\u010dast\u0148uje na politick\u00fdch diskusi\u00e1ch, ak tieto politiky bud\u00fa ma\u0165 vplyv na odvetvie lodnej dopravy.<\/p>\n<p><strong>\u010clensk\u00e9 spolo\u010dnosti pod\u013ea ve\u013ekosti:<\/strong><\/p>\n<ul>\n<li> <a href=\"https:\/\/moverdb.com\/sk\/cma-cgm\/\">Skupina CMA CGM<\/a><\/li>\n<li> <a href=\"https:\/\/moverdb.com\/sk\/hapag-lloyd\/\">Hapag-Lloyd<\/a><\/li>\n<li> <a href=\"https:\/\/moverdb.com\/sk\/evergreen-marine\/\">Spolo\u010dnos\u0165 Evergreen Marine<\/a><\/li>\n<li> <a href=\"https:\/\/moverdb.com\/sk\/hamburg-sud\/\">Hamburg S\u00fcd<\/a><\/li>\n<\/ul>\n<p><strong>Krit\u00e9ri\u00e1 \u010dlenstva:<\/strong><\/p>\n<p>Na webovej str\u00e1nke nie s\u00fa uveden\u00e9 \u017eiadne krit\u00e9ri\u00e1 \u010dlenstva. MS opisuje svojich \u010dlenov ako <em>\"Do lod\u00ed investovali stovky mili\u00e1rd dol\u00e1rov, <a href=\"https:\/\/moverdb.com\/sk\/top-49-container-ports\/\" data-internallinksmanager029f6b8e52c=\"80\" title=\"49 najv\u00e4\u010d\u0161\u00edch a najvy\u0165a\u017eenej\u0161\u00edch kontajnerov\u00fdch pr\u00edstavov v roku 2025\">pr\u00edstav<\/a> termin\u00e1ly, prepravn\u00e9 spolo\u010dnosti, sklady a technol\u00f3gie, aby sa zabezpe\u010dila \u0161irok\u00e1 \u0161k\u00e1la mo\u017enost\u00ed bezpe\u010dnej, spo\u013eahlivej a hospod\u00e1rnej medzin\u00e1rodnej n\u00e1kladnej dopravy.\"<\/em> <\/p>\n<p>Z toho je zrejm\u00e9, \u017ee \u010dlenstvo nie je otvoren\u00e9 len tak hociktor\u00e9mu podniku. Medzi reprezentat\u00edvnych \u010dlenov patria Hyundai Merchant Marine Company a United Arab <a href=\"https:\/\/moverdb.com\/sk\/shipping-companies\/\" data-internallinksmanager029f6b8e52c=\"4\" title=\"10 najlep\u0161\u00edch medzin\u00e1rodn\u00fdch kontajnerov\u00fdch prepravn\u00fdch spolo\u010dnost\u00ed\">Prepravn\u00e1 spolo\u010dnos\u0165<\/a>.<\/p>\n<p>Je tu uveden\u00e1 kontaktn\u00e1 e-mailov\u00e1 adresa, ktor\u00fa m\u00f4\u017eu pou\u017ei\u0165 t\u00ed, ktor\u00ed sa chc\u00fa informova\u0165 o \u010dlenstve: info@worldshipping.org.<\/p>\n<p><strong>N\u00e1zory na MS:<\/strong><\/p>\n<p>MS je <a href=\"http:\/\/www.iims.org.uk\/world-shipping-council-advises-prepare-container-weight-verification\/\" target=\"_blank\" rel=\"noopener\">citovan\u00e9 v spr\u00e1vach<\/a> ako zdroj inform\u00e1ci\u00ed o regula\u010dn\u00fdch a legislat\u00edvnych zmen\u00e1ch a je jednozna\u010dne re\u0161pektovanou organiz\u00e1ciou, ktor\u00e1 poskytuje komunika\u010dn\u00fd kan\u00e1l medzi z\u00e1konodarcami a priemyslom. <\/p>\n<p>Jeho pr\u00e1ca zah\u0155\u0148ala aj pomoc pri rie\u0161en\u00ed nejasnost\u00ed v s\u00favislosti s prich\u00e1dzaj\u00facimi pr\u00e1vnymi zmenami a u\u013eah\u010denie prechodu pr\u00e1vnych predpisov z p\u00edsan\u00e9ho pr\u00e1va do praxe. <\/p>\n<p>Hoci sa zoznam \u010dlenov nach\u00e1dza na str\u00e1nke MS, r\u00fdchla kontrola nieko\u013ek\u00fdch webov\u00fdch str\u00e1nok podnikov uk\u00e1zala, \u017ee svoje \u010dlenstvo v MS neuv\u00e1dzaj\u00fa na vidite\u013enom mieste. <\/p>\n<p>Je to pravdepodobne preto, \u017ee WSC nie je akredit\u00e1cia vhodn\u00e1 pre komer\u010dn\u00e9 webov\u00e9 str\u00e1nky, ale pre priemyseln\u00fd org\u00e1n, v ktorom maj\u00fa tieto podniky konzulta\u010dn\u00fa a poradn\u00fa \u00falohu.<\/p>\n<p><strong>Webov\u00e1 lokalita:<\/strong> <a href=\"http:\/\/www.worldshipping.org\/\" target=\"_blank\" rel=\"noopener\">http:\/\/www.worldshipping.org\/<\/a><\/p>\n<p><strong>Viac inform\u00e1ci\u00ed o preprave n\u00e1jdete na:<\/strong> <a href=\"https:\/\/moverdb.com\/sk\/kontajnerova-preprava\/\">Ceny a n\u00e1klady na medzin\u00e1rodn\u00fa kontajnerov\u00fa prepravu za rok 2018<\/a> a <a href=\"https:\/\/moverdb.com\/sk\/zasielatelstvo\/\">Sprievodca medzin\u00e1rodn\u00fdmi n\u00e1kladmi a spolo\u010dnos\u0165ami zasielate\u013estva a NVOCC<\/a><\/p>","protected":false},"excerpt":{"rendered":"<p>The World Shipping Council (WSC) provides a voice for the liner shipping industry. It was initially established as a lobbying group for the biggest liner shipping businesses and has become an advisor to industry and government on topics as varied as security and environmental issues. Key facts about the WSC The WSC has 26 members. [&hellip;]<\/p>\n","protected":false},"author":1,"featured_media":0,"parent":0,"menu_order":0,"comment_status":"closed","ping_status":"closed","template":"","meta":{"_genesis_hide_title":false,"_genesis_hide_breadcrumbs":false,"_genesis_hide_singular_image":false,"_genesis_hide_footer_widgets":false,"_genesis_custom_body_class":"","_genesis_custom_post_class":"","_genesis_layout":"","footnotes":""},"class_list":{"0":"post-452","1":"page","2":"type-page","3":"status-publish","5":"entry"},"_links":{"self":[{"href":"https:\/\/moverdb.com\/sk\/wp-json\/wp\/v2\/pages\/452","targetHints":{"allow":["GET"]}}],"collection":[{"href":"https:\/\/moverdb.com\/sk\/wp-json\/wp\/v2\/pages"}],"about":[{"href":"https:\/\/moverdb.com\/sk\/wp-json\/wp\/v2\/types\/page"}],"author":[{"embeddable":true,"href":"https:\/\/moverdb.com\/sk\/wp-json\/wp\/v2\/users\/1"}],"replies":[{"embeddable":true,"href":"https:\/\/moverdb.com\/sk\/wp-json\/wp\/v2\/comments?post=452"}],"version-history":[{"count":12,"href":"https:\/\/moverdb.com\/sk\/wp-json\/wp\/v2\/pages\/452\/revisions"}],"predecessor-version":[{"id":6254,"href":"https:\/\/moverdb.com\/sk\/wp-json\/wp\/v2\/pages\/452\/revisions\/6254"}],"wp:attachment":[{"href":"https:\/\/moverdb.com\/sk\/wp-json\/wp\/v2\/media?parent=452"}],"curies":[{"name":"wp","href":"https:\/\/api.w.org\/{rel}","templated":true}]}}