{"id":451,"date":"2016-07-04T14:16:48","date_gmt":"2016-07-04T14:16:48","guid":{"rendered":"http:\/\/moverdb.com\/?page_id=451"},"modified":"2026-01-08T14:39:55","modified_gmt":"2026-01-08T14:39:55","slug":"medzinarodna-maratonska-organizacia","status":"publish","type":"page","link":"https:\/\/moverdb.com\/sk\/international-maritime-organisation\/","title":{"rendered":"Vysvetlenie Medzin\u00e1rodnej n\u00e1mornej organiz\u00e1cie (IMO)"},"content":{"rendered":"<p>Medzin\u00e1rodn\u00e1 n\u00e1morn\u00e1 organiz\u00e1cia (IMO) je agent\u00fara OSN so s\u00eddlom v <a href=\"https:\/\/moverdb.com\/sk\/moving-to-the-uk\/\" data-internallinksmanager029f6b8e52c=\"93\" title=\"S\u0165ahujete sa do Spojen\u00e9ho kr\u00e1\u013eovstva? 2022 \u017divotn\u00e9 n\u00e1klady a tipy na pres\u0165ahovanie\">UK<\/a>, ktor\u00e1 je zodpovedn\u00e1 za regul\u00e1ciu lodnej dopravy. Ozna\u010duje sa za celosvetov\u00fd org\u00e1n stanovuj\u00faci normy v oblasti bezpe\u010dnosti, ochrany a environment\u00e1lneho spr\u00e1vania sa <a href=\"https:\/\/moverdb.com\/sk\/kontajnerova-preprava\/\">medzin\u00e1rodn\u00e1 preprava<\/a>.<\/p>\n<p><strong>K\u013e\u00fa\u010dov\u00e9 fakty o Medzin\u00e1rodnej n\u00e1mornej organiz\u00e1cii<\/strong><\/p>\n<ul>\n<li>  IMO m\u00e1 171 \u010dlensk\u00fdch \u0161t\u00e1tov a troch pridru\u017een\u00fdch \u010dlenov.<\/li>\n<li>  IMO je agent\u00fara OSN, ktor\u00e1 vznikla v roku 1948 a za\u010dala fungova\u0165 o desa\u0165 rokov nesk\u00f4r.<\/li>\n<li>  V\u00e4\u010d\u0161ina \u010dlensk\u00fdch \u0161t\u00e1tov, ktor\u00e9 nie s\u00fa \u010dlenmi IMO, s\u00fa vn\u00fatrozemsk\u00e9 krajiny, ktor\u00e9 nemaj\u00fa z\u00e1ujem o lodn\u00fa dopravu ani sa v nej neanga\u017euj\u00fa.<\/li>\n<li>  Tri \u010dlensk\u00e9 \u0161t\u00e1ty IMO s\u00fa Faersk\u00e9 ostrovy, <a href=\"https:\/\/moverdb.com\/sk\/moving-to-hong-kong\/\" data-internallinksmanager029f6b8e52c=\"350\" title=\"S\u0165ahujete sa do Hongkongu? 2026 N\u00e1klady na b\u00fdvanie a tipy na pres\u0165ahovanie\">Hongkong<\/a> a Macao.<\/li>\n<li>  Medzin\u00e1rodn\u00fd dohovor o bezpe\u010dnosti \u013eudsk\u00e9ho \u017eivota na mori je jedn\u00fdm z najzn\u00e1mej\u0161\u00edch pr\u00e1vnych n\u00e1strojov IMO.<\/li>\n<li>  <a href=\"https:\/\/moverdb.com\/sk\/container-shipping\/\" data-internallinksmanager029f6b8e52c=\"3\" title=\"Graf sadzieb medzin\u00e1rodnej kontajnerovej prepravy: Apr\u00edl 2026\">Medzin\u00e1rodn\u00e1 preprava<\/a> prepravuje viac ako 80% celosvetov\u00e9ho obchodu k \u013eu\u010fom a komunit\u00e1m na celom svete.<\/li>\n<li>  P\u00f4sobnos\u0165 IMO sa vz\u0165ahuje na v\u0161etky aspekty medzin\u00e1rodnej lodnej dopravy vr\u00e1tane n\u00e1vrhu, kon\u0161trukcie, vybavenia, pos\u00e1dky, prev\u00e1dzky a likvid\u00e1cie lod\u00ed.<\/li>\n<li>  Mimovl\u00e1dnym medzin\u00e1rodn\u00fdm organiz\u00e1ci\u00e1m, ktor\u00e9 s\u00fa schopn\u00e9 v\u00fdznamne prispie\u0165 k pr\u00e1ci IMO, m\u00f4\u017ee Rada so s\u00fahlasom zhroma\u017edenia udeli\u0165 poradn\u00fd \u0161tat\u00fat.<\/li>\n<\/ul>\n<p><strong>Profil IMO<\/strong><\/p>\n<p>IMO je celosvetov\u00e1 agent\u00fara, ktor\u00e1 patr\u00ed pod OSN. Sklad\u00e1 sa zo zhroma\u017edenia, rady a piatich hlavn\u00fdch v\u00fdborov: <\/p>\n<ol>\n<li> V\u00fdbor pre n\u00e1morn\u00fa bezpe\u010dnos\u0165<\/li>\n<li> V\u00fdbor pre ochranu morsk\u00e9ho prostredia<\/li>\n<li> Pr\u00e1vny v\u00fdbor<\/li>\n<li> V\u00fdbor pre technick\u00fa spolupr\u00e1cu<\/li>\n<li> V\u00fdbor pre u\u013eah\u010dovanie<\/li>\n<\/ol>\n<p>IMO je zodpovedn\u00e1 za mnoh\u00e9 pr\u00e1vne n\u00e1stroje, ktor\u00fdch cie\u013eom je zlep\u0161i\u0165 bezpe\u010dnos\u0165 na mori, zlep\u0161i\u0165 obchod medzi n\u00e1morn\u00fdmi \u0161t\u00e1tmi a chr\u00e1ni\u0165 n\u00e1morn\u00e9 prostredie. <\/p>\n<p>Okrem toho, \u017ee sa IMO zaober\u00e1 s\u00fa\u010dasn\u00fdm stavom lodnej dopravy, podie\u013ea sa aj na zabezpe\u010den\u00ed jej bud\u00facnosti ako bezpe\u010dnej, ekologickej a energeticky \u00fa\u010dinnej. <\/p>\n<p>IMO sa nezaober\u00e1 takmer ni\u010d\u00edm, vr\u00e1tane \u013eudsk\u00e9ho faktora v lodnej doprave, n\u00e1mornej bezpe\u010dnosti a technickej spolupr\u00e1ce, ktor\u00e1 m\u00e1 pom\u00f4c\u0165 vl\u00e1dam, ktor\u00e9 nemaj\u00fa dostatok technick\u00fdch znalost\u00ed a zdrojov potrebn\u00fdch na \u00faspe\u0161n\u00e9 fungovanie lodnej dopravy.<\/p>\n<p><strong>Krit\u00e9ri\u00e1 \u010dlenstva <\/strong><\/p>\n<p>\u010clenstvo je na z\u00e1klade \u0161t\u00e1tov. Aby sa \u0161t\u00e1t stal \u010dlenom IMO, mus\u00ed ratifikova\u0165 mnohostrann\u00fa zmluvu zn\u00e1mu ako Dohovor o Medzin\u00e1rodnej n\u00e1mornej organiz\u00e1cii.<\/p>\n<p><strong>N\u00e1zory na IMO:<\/strong><\/p>\n<p>IMO je celosvetov\u00e1 <a href=\"http:\/\/www.unsceb.org\/content\/imo\" target=\"_blank\" rel=\"noopener\">renomovan\u00e1 organiz\u00e1cia<\/a> s uznan\u00fdm \u0161tat\u00fatom. Je ve\u013emi vidite\u013en\u00e1 a predstavuje siln\u00fa silu v r\u00e1mci lodiarskeho priemyslu. Online inform\u00e1cie o IMO sa zameriavaj\u00fa na jej \u00falohu pri podpore medzivl\u00e1dnej spolupr\u00e1ce, ako aj na zvol\u00e1vanie medzin\u00e1rodn\u00fdch konferenci\u00ed o ot\u00e1zkach lodnej dopravy a vyprac\u00favanie medzin\u00e1rodn\u00fdch dohovorov alebo doh\u00f4d v tejto oblasti. <\/p>\n<p>Jeho \u00faloha v oblasti bezpe\u010dnosti sa zd\u00f4raz\u0148uje aj na t\u00fdch miestach, kde sa spom\u00edna. Ke\u010f\u017ee \u010dlenstvo v IMO je \u0161t\u00e1tne, na webov\u00fdch str\u00e1nkach jednotliv\u00fdch podnikov sa neuv\u00e1dza, ale \u010dasto sa objavuje v <a href=\"http:\/\/www.britannica.com\/topic\/International-Maritime-Organization\" target=\"_blank\" rel=\"noopener\">online encyklop\u00e9die<\/a> a webov\u00e9 str\u00e1nky, ktor\u00e9 opisuj\u00fa \u0161trukt\u00faru OSN.<\/p>\n<p><strong>Webov\u00e1 lokalita:<\/strong> <a href=\"http:\/\/www.imo.org\/en\/Pages\/Default.aspx\" target=\"_blank\" rel=\"noopener\">http:\/\/www.imo.org\/<\/a><\/p>\n<p><strong>Viac inform\u00e1ci\u00ed o preprave n\u00e1jdete na:<\/strong> <a href=\"https:\/\/moverdb.com\/sk\/kontajnerova-preprava\/\">Ceny a n\u00e1klady na medzin\u00e1rodn\u00fa kontajnerov\u00fa prepravu za rok 2018<\/a> a <a href=\"https:\/\/moverdb.com\/sk\/zasielatelstvo\/\">Sprievodca medzin\u00e1rodn\u00fdmi n\u00e1kladmi a spolo\u010dnos\u0165ami zasielate\u013estva a NVOCC<\/a><\/p>","protected":false},"excerpt":{"rendered":"<p>The International Maritime Organisation (IMO) is a UN agency, based in the UK, which is responsible for regulating shipping. It describes itself as the global standard-setting authority for the safety, security and environmental performance of international shipping. Key facts about the International Maritime Organisation The IMO has 171 Member States and three Associate Members. The [&hellip;]<\/p>\n","protected":false},"author":1,"featured_media":0,"parent":0,"menu_order":0,"comment_status":"closed","ping_status":"closed","template":"","meta":{"_genesis_hide_title":false,"_genesis_hide_breadcrumbs":false,"_genesis_hide_singular_image":false,"_genesis_hide_footer_widgets":false,"_genesis_custom_body_class":"","_genesis_custom_post_class":"","_genesis_layout":"","footnotes":""},"class_list":{"0":"post-451","1":"page","2":"type-page","3":"status-publish","5":"entry"},"_links":{"self":[{"href":"https:\/\/moverdb.com\/sk\/wp-json\/wp\/v2\/pages\/451","targetHints":{"allow":["GET"]}}],"collection":[{"href":"https:\/\/moverdb.com\/sk\/wp-json\/wp\/v2\/pages"}],"about":[{"href":"https:\/\/moverdb.com\/sk\/wp-json\/wp\/v2\/types\/page"}],"author":[{"embeddable":true,"href":"https:\/\/moverdb.com\/sk\/wp-json\/wp\/v2\/users\/1"}],"replies":[{"embeddable":true,"href":"https:\/\/moverdb.com\/sk\/wp-json\/wp\/v2\/comments?post=451"}],"version-history":[{"count":6,"href":"https:\/\/moverdb.com\/sk\/wp-json\/wp\/v2\/pages\/451\/revisions"}],"predecessor-version":[{"id":13163,"href":"https:\/\/moverdb.com\/sk\/wp-json\/wp\/v2\/pages\/451\/revisions\/13163"}],"wp:attachment":[{"href":"https:\/\/moverdb.com\/sk\/wp-json\/wp\/v2\/media?parent=451"}],"curies":[{"name":"wp","href":"https:\/\/api.w.org\/{rel}","templated":true}]}}