{"id":449,"date":"2016-07-04T14:35:22","date_gmt":"2016-07-04T14:35:22","guid":{"rendered":"http:\/\/moverdb.com\/?page_id=449"},"modified":"2026-01-08T14:48:17","modified_gmt":"2026-01-08T14:48:17","slug":"eurovan-movers","status":"publish","type":"page","link":"https:\/\/moverdb.com\/sk\/eurovan-movers\/","title":{"rendered":"Vysvetlenie siete Eurovan International Movers Network (EM)"},"content":{"rendered":"<p>Eurovan International Movers Network (EM) je sie\u0165 nez\u00e1visl\u00fdch miestnych s\u0165ahovate\u013eov so s\u00eddlom v <a href=\"https:\/\/moverdb.com\/sk\/moving-to-germany\/\" data-internallinksmanager029f6b8e52c=\"321\" title=\"S\u0165ahovanie do Nemecka? 2026 N\u00e1klady na b\u00fdvanie a tipy na pres\u0165ahovanie\">Nemecko<\/a>. Sie\u0165 je navrhnut\u00e1 tak, aby reagovala na potrebu poskytova\u0165 konzistentn\u00fa \u00farove\u0148 slu\u017eieb pri medzin\u00e1rodn\u00fdch presunoch, ktor\u00e9 m\u00f4\u017eu prech\u00e1dza\u0165 viacer\u00fdmi krajinami.<\/p>\n<p><strong>K\u013e\u00fa\u010dov\u00e9 fakty o sieti Eurovan International Movers Network:<\/strong><\/p>\n<ul>\n<li>  Ak sa presun uskuto\u010d\u0148uje v\u00fdlu\u010dne v r\u00e1mci Eur\u00f3py, \u00fastredie EM monitoruje, koordinuje a kontroluje v\u0161etky presuny medzi jednou a druhou krajinou.<\/li>\n<li>  Spolo\u010dnos\u0165 EM pon\u00faka prostredn\u00edctvom svojej siete cel\u00fd rad slu\u017eieb vr\u00e1tane koordin\u00e1cie a prev\u00e1dzky, skladovania a uskladnenia, balenia a vyba\u013eovania a slu\u017eieb v mieste p\u00f4vodu a ur\u010denia.<\/li>\n<li>  EM m\u00e1 sedem partnerov po celom svete, ktor\u00ed pokr\u00fdvaj\u00fa Afriku, \u00c1ziu, Severn\u00fa a Ju\u017en\u00fa Ameriku.<\/li>\n<li>  EM m\u00e1 pribli\u017ene 35 eur\u00f3pskych partnerov, z toho osem v <a href=\"https:\/\/moverdb.com\/sk\/medzinarodne-stahovanie\/\">UK<\/a>.<\/li>\n<li>  Ak centr\u00e1la EM monitoruje presun, umo\u017e\u0148uje jej to zn\u00ed\u017ei\u0165 po\u010det pr\u00e1zdnych kilometrov a n\u00e1js\u0165 sp\u00f4soby, ako dosiahnu\u0165 finan\u010dn\u00e9 \u00faspory.<\/li>\n<li>  EM m\u00e1 celosvetov\u00fd dosah.<\/li>\n<\/ul>\n<p><strong>Profil spolo\u010dnosti Eurovan Movers:<\/strong><\/p>\n<p>EM je organiz\u00e1cia, ktor\u00e1 funguje sk\u00f4r na b\u00e1ze \"partnerov\" ne\u017e \u010dlenov. Hoci nie s\u00fa uveden\u00e9 \u017eiadne krit\u00e9ri\u00e1 \u010dlenstva, je jasn\u00e9, \u017ee proces, ako sa sta\u0165 partnerom, je pomerne zlo\u017eit\u00fd a vy\u017eaduje si dobr\u00fa zhodu medzi EM a potenci\u00e1lnym partnerom, ako aj schopnos\u0165 prinies\u0165 nov\u00e9 n\u00e1pady. <\/p>\n<p>V\u00e4\u010d\u0161ina destin\u00e1ci\u00ed v kateg\u00f3rii eur\u00f3pskych aj svetov\u00fdch partnerov m\u00e1 v zozname len jeden podnik - okrem Nemecka <a href=\"https:\/\/moverdb.com\/sk\/moving-to-the-uk\/\" data-internallinksmanager029f6b8e52c=\"93\" title=\"S\u0165ahujete sa do Spojen\u00e9ho kr\u00e1\u013eovstva? 2022 \u017divotn\u00e9 n\u00e1klady a tipy na pres\u0165ahovanie\">UK<\/a>, <a href=\"https:\/\/moverdb.com\/sk\/moving-to-switzerland\/\" data-internallinksmanager029f6b8e52c=\"327\" title=\"S\u0165ahovanie do \u0160vaj\u010diarska? 2026 N\u00e1klady na b\u00fdvanie a tipy na pres\u0165ahovanie\">\u0160vaj\u010diarsko<\/a> a <a href=\"https:\/\/moverdb.com\/sk\/moving-to-italy\/\" data-internallinksmanager029f6b8e52c=\"346\" title=\"S\u0165ahovanie do Talianska? 2026 N\u00e1klady na b\u00fdvanie a tipy na pres\u0165ahovanie\">Taliansko<\/a>, ktor\u00e9 maj\u00fa 4+. <\/p>\n<p>My\u0161lienkou EM je pon\u00faknu\u0165 z\u00e1kazn\u00edkom ucelenej\u0161\u00ed pr\u00edstup k medzin\u00e1rodn\u00e9mu s\u0165ahovaniu prostredn\u00edctvom prepojenia nez\u00e1visl\u00fdch miestnych s\u0165ahovac\u00edch spolo\u010dnost\u00ed. EM sama koordinuje proces s\u0165ahovania v r\u00e1mci E\u00da. <\/p>\n<p>EM sa vyzna\u010duje t\u00fdm, \u017ee m\u00e1 centralizovan\u00e9 velenie, ale spolupracuje s miestnymi prepravcami, \u010d\u00edm si zachov\u00e1va miestne znalosti a kontakty a z\u00e1rove\u0148 je schopn\u00e1 pon\u00faknu\u0165 centr\u00e1lne riadenie.<\/p>\n<p><strong>Krit\u00e9ri\u00e1 \u010dlenstva:<\/strong><\/p>\n<p>Na webovej str\u00e1nke nie s\u00fa uveden\u00e9 \u017eiadne krit\u00e9ri\u00e1 \u010dlenstva - namiesto toho sa na nej uv\u00e1dza toto:<\/p>\n<blockquote><p>Na to, aby ste sa stali partnerom, je ur\u010dite potrebn\u00e9 viac ne\u017e len vykona\u0165 jedno alebo dve s\u0165ahovania.<\/p>\n<p>Ak si mysl\u00edte, \u017ee m\u00f4\u017eete vyu\u017ei\u0165 synergie, ktor\u00e9 v\u00e1m m\u00f4\u017ee poskytn\u00fa\u0165 sie\u0165, a ak si mysl\u00edte, \u017ee niektor\u00e9 z va\u0161ich svie\u017eich a netradi\u010dn\u00fdch n\u00e1padov by sa mali spoji\u0165 so sk\u00fasenos\u0165ami z viac ako 30 rokov s\u0165ahovania, na\u0161li ste ten spr\u00e1vny zdroj. <\/p>\n<p>Ak sa chcete dozvedie\u0165 viac o k\u013e\u00fa\u010dov\u00fdch technol\u00f3gi\u00e1ch a \u010fal\u0161\u00edch v\u00fdhod\u00e1ch, ku ktor\u00fdm maj\u00fa pr\u00edstup v\u0161etci partneri spolo\u010dnosti Eurovan, kontaktujte Tobiu Crisostomo. R\u00e1d v\u00e1m odpovie na v\u0161etky ot\u00e1zky o v\u00fdhod\u00e1ch, ktor\u00e9 v\u00e1m prin\u00e1\u0161a \u010dlenstvo v partnerskej spolo\u010dnosti Eurovan, a pom\u00f4\u017ee v\u00e1m nast\u00fapi\u0165 na cestu k v\u00e4\u010d\u0161ej vidite\u013enosti a flexibilite v oblasti s\u0165ahovania.<\/p><\/blockquote>\n<p>EUROVAN - Sie\u0165 medzin\u00e1rodn\u00fdch s\u0165ahovate\u013eov<br \/>\nTobia Crisostomo<br \/>\nNeckarauer Stra\u00dfe 35\/41<br \/>\nD-68199 Mannheim, Nemecko<br \/>\nTel: +49(0)621-3 97 40 93<br \/>\nFax: +49(0)621-3 97 40 94<br \/>\nE-mail: crisostomo@eurovan.com<\/p>\n<p><strong>Pr\u00edklady \u010dlensk\u00fdch spolo\u010dnost\u00ed<\/strong><\/p>\n<ul>\n<li> <a href=\"https:\/\/moverdb.com\/sk\/movecorp\/\">Movecorp<\/a><\/li>\n<\/ul>\n<p><strong>N\u00e1zory na Eurovan International Movers Network<\/strong><\/p>\n<p>Spolo\u010dnos\u0165 Eurovan Movers sa na internete neobjavuje tak \u010dasto - \u010do nie je prekvapuj\u00face vzh\u013eadom na obmedzen\u00fd po\u010det jej \"partnerov\" - ale <a href=\"http:\/\/www.centralmoves.co.uk\/removal-solutions\/uk-removals\/\" target=\"_blank\" rel=\"noopener\">je p\u00e1r<\/a> podnikov, ktor\u00e9 <a href=\"http:\/\/pegasusmoving.fi\/cr3ativsponsor\/eurovan-the-european-movers-network\" target=\"_blank\" rel=\"noopener\">spomen\u00fa\u0165 ju<\/a>. <\/p>\n<p>Existuj\u00fa <a href=\"http:\/\/www.complaintsboard.com\/complaints\/eurovan-movers-c292449.html\" target=\"_blank\" rel=\"noopener\">nieko\u013eko<\/a> <a href=\"http:\/\/panamainternationalmovers.blogspot.co.uk\" target=\"_blank\" rel=\"noopener\">zl\u00e9 recenzie<\/a> pre <a href=\"https:\/\/moverdb.com\/sk\/moving-to-panama\/\" data-internallinksmanager029f6b8e52c=\"432\" title=\"S\u0165ahovanie do Panamy? 2026 N\u00e1klady na b\u00fdvanie a tipy na pres\u0165ahovanie\">Panama<\/a> partner skupiny - zodpovedn\u00fd za negat\u00edvne sk\u00fasenosti, odcudzen\u00e9 predmety a po\u0161koden\u00e9 predmety. <\/p>\n<p>Na webovej str\u00e1nke spolo\u010dnosti Eurovan Movers u\u017e nie je uveden\u00fd \u017eiadny partner z Panamy, tak\u017ee je mo\u017en\u00e9, \u017ee partnerstvo bolo po s\u0165a\u017enostiach zru\u0161en\u00e9. <a href=\"https:\/\/moverdb.com\/sk\/organizacie-zdruzenia\/\">Spolo\u010dnos\u0165 Eurovan je uveden\u00e1 ako jedna z nich<\/a> \"najv\u00fdznamnej\u0161\u00edch medzin\u00e1rodn\u00fdch organiz\u00e1ci\u00ed, zdru\u017een\u00ed, syst\u00e9mov, cechov, r\u00e1d at\u010f.\" spolu s organiz\u00e1ciami ako napr. <a href=\"https:\/\/moverdb.com\/sk\/british-association-of-removers\/\" data-internallinksmanager029f6b8e52c=\"9\" title=\"Vysvetlenie Britskej asoci\u00e1cie s\u0165ahovate\u013eov (BAR)\">Britsk\u00e1 asoci\u00e1cia s\u0165ahova\u010dov<\/a>.<\/p>\n<p><strong>Webov\u00e1 lokalita:<\/strong> <a href=\"http:\/\/www.eurovan.com\/\" target=\"_blank\" rel=\"noopener\">http:\/\/www.eurovan.com\/<\/a><\/p>","protected":false},"excerpt":{"rendered":"<p>Eurovan International Movers Network (EM) is a network of independent local movers based in Germany. The network is designed to respond to the need to be able to provide consistent levels of service for international moves that may cross several countries. Key facts about Eurovan International Movers Network: Where a move is taking place entirely [&hellip;]<\/p>\n","protected":false},"author":1,"featured_media":0,"parent":0,"menu_order":0,"comment_status":"closed","ping_status":"closed","template":"","meta":{"_genesis_hide_title":false,"_genesis_hide_breadcrumbs":false,"_genesis_hide_singular_image":false,"_genesis_hide_footer_widgets":false,"_genesis_custom_body_class":"","_genesis_custom_post_class":"","_genesis_layout":"","footnotes":""},"class_list":{"0":"post-449","1":"page","2":"type-page","3":"status-publish","5":"entry"},"_links":{"self":[{"href":"https:\/\/moverdb.com\/sk\/wp-json\/wp\/v2\/pages\/449","targetHints":{"allow":["GET"]}}],"collection":[{"href":"https:\/\/moverdb.com\/sk\/wp-json\/wp\/v2\/pages"}],"about":[{"href":"https:\/\/moverdb.com\/sk\/wp-json\/wp\/v2\/types\/page"}],"author":[{"embeddable":true,"href":"https:\/\/moverdb.com\/sk\/wp-json\/wp\/v2\/users\/1"}],"replies":[{"embeddable":true,"href":"https:\/\/moverdb.com\/sk\/wp-json\/wp\/v2\/comments?post=449"}],"version-history":[{"count":7,"href":"https:\/\/moverdb.com\/sk\/wp-json\/wp\/v2\/pages\/449\/revisions"}],"predecessor-version":[{"id":6205,"href":"https:\/\/moverdb.com\/sk\/wp-json\/wp\/v2\/pages\/449\/revisions\/6205"}],"wp:attachment":[{"href":"https:\/\/moverdb.com\/sk\/wp-json\/wp\/v2\/media?parent=449"}],"curies":[{"name":"wp","href":"https:\/\/api.w.org\/{rel}","templated":true}]}}