{"id":448,"date":"2016-07-04T14:52:09","date_gmt":"2016-07-04T14:52:09","guid":{"rendered":"http:\/\/moverdb.com\/?page_id=448"},"modified":"2026-01-08T13:18:20","modified_gmt":"2026-01-08T13:18:20","slug":"zdruzenie-nakladnej-dopravy","status":"publish","type":"page","link":"https:\/\/moverdb.com\/sk\/freight-transport-association\/","title":{"rendered":"Vysvetlenie Zdru\u017eenia n\u00e1kladnej dopravy (FTA)"},"content":{"rendered":"<p>Zdru\u017eenie n\u00e1kladnej dopravy (FTA) bolo zalo\u017een\u00e9 s cie\u013eom zastupova\u0165 z\u00e1ujmy <a href=\"https:\/\/moverdb.com\/sk\/prepravne-spolocnosti\/\">logistick\u00e9 spolo\u010dnosti<\/a>, \u010di u\u017e ide o n\u00e1morn\u00fa, leteck\u00fa, cestn\u00fa alebo \u017eelezni\u010dn\u00fa prepravu tovaru. Podie\u013eala sa na v\u00fdznamn\u00fdch kampaniach t\u00fdkaj\u00facich sa napr\u00edklad dane z pohonn\u00fdch hm\u00f4t a ude\u013eovania licenci\u00ed.<\/p>\n<p><strong>K\u013e\u00fa\u010dov\u00e9 fakty o dohode o vo\u013enom obchode:<\/strong><\/p>\n<ul>\n<li>  Korene FTA siahaj\u00fa a\u017e do roku 1889.<\/li>\n<li>  \u010clenovia FTA prev\u00e1dzkuj\u00fa viac ako 200 000 n\u00e1kladn\u00fdch vozidiel - takmer polovicu <a href=\"https:\/\/moverdb.com\/sk\/moving-to-the-uk\/\" data-internallinksmanager029f6b8e52c=\"93\" title=\"S\u0165ahujete sa do Spojen\u00e9ho kr\u00e1\u013eovstva? 2022 \u017divotn\u00e9 n\u00e1klady a tipy na pres\u0165ahovanie\">UK<\/a> vozov\u00fd park.<\/li>\n<li>  \u010clenovia dodaj\u00fa viac ako 90% n\u00e1kladu prepraven\u00e9ho po \u017eeleznici.<\/li>\n<li>  \u010clenovia FTA s\u00fa zodpovedn\u00ed za 70% vidite\u013en\u00e9ho v\u00fdvozu Spojen\u00e9ho kr\u00e1\u013eovstva po mori a letecky.<\/li>\n<li>  FTA m\u00e1 viac ako 15 000 \u010dlenov a je najv\u00e4\u010d\u0161\u00edm obchodn\u00fdm zdru\u017een\u00edm n\u00e1kladnej dopravy v Spojenom kr\u00e1\u013eovstve.<\/li>\n<li>  360 zamestnancov FTA ro\u010dne spracuje viac ako 50 000 ot\u00e1zok od \u010dlenov.<\/li>\n<li>  \u010clenstvo v FTA je obmedzen\u00e9 na <a href=\"https:\/\/moverdb.com\/sk\/medzinarodne-stahovanie\/\">Spolo\u010dnosti v Spojenom kr\u00e1\u013eovstve<\/a>.<\/li>\n<\/ul>\n<p><strong>Profil Zdru\u017eenia n\u00e1kladnej dopravy:<\/strong><\/p>\n<p>FTA definuje svoje poslanie ako \"bezpe\u010dn\u00fa, udr\u017eate\u013en\u00fa a efekt\u00edvnu logistiku\". M\u00e1 nieko\u013eko r\u00f4znych \u00faloh vr\u00e1tane zastupovania \u010dlenov na miestnej, n\u00e1rodnej a eur\u00f3pskej \u00farovni a vedenia kampan\u00ed na zv\u00fd\u0161enie povedomia o logistickom odvetv\u00ed. <\/p>\n<p>FTA tie\u017e zabezpe\u010duje, aby jej \u010dlenovia boli obozn\u00e1men\u00ed s najnov\u0161\u00edmi po\u017eiadavkami na dodr\u017eiavanie predpisov v ich podnikoch, a poskytuje \u0161irok\u00fd v\u00fdber programov odbornej pr\u00edpravy, ktor\u00e9 s\u00fa ur\u010den\u00e9 na zvy\u0161ovanie \u0161tandardov a zlep\u0161ovanie pracovn\u00fdch podmienok. <\/p>\n<p>Okrem toho je FTA zdrojom inform\u00e1ci\u00ed o odvetv\u00ed, ktor\u00e9 zastupuje, a vyprac\u00fava spr\u00e1vy na t\u00e9my, ako je fungovanie logistick\u00e9ho odvetvia a v\u00fdzvy, ktor\u00fdm \u010del\u00ed. <\/p>\n<p>Medzi v\u00fdhody \u010dlenstva patria in\u0161trukt\u00e1\u017ee a pr\u00edru\u010dky o dodr\u017eiavan\u00ed predpisov, slu\u017eba od\u0165ahovej slu\u017eby a online adres\u00e1r dod\u00e1vate\u013eov.<\/p>\n<p>Medzi kateg\u00f3rie \u010dlenstva patria:<\/p>\n<ul>\n<li> \u010clenstvo prev\u00e1dzkovate\u013ea vozidla<\/li>\n<li> \u010clenstvo v organiz\u00e1cii, ktor\u00e1 nie je prev\u00e1dzkovate\u013eom vozidla<\/li>\n<li> \u010clenstvo cestuj\u00facich<\/li>\n<li> \u010clenstvo v miestnej samospr\u00e1ve<\/li>\n<li> \u010clenstvo v \u0161tatut\u00e1rnom org\u00e1ne<\/li>\n<li> \u010clenstvo v pobo\u010dke<\/li>\n<\/ul>\n<p><strong>Krit\u00e9ri\u00e1 \u010dlenstva:<\/strong><\/p>\n<p>FTA pon\u00faka r\u00f4zne typy \u010dlenstva uveden\u00e9 ni\u017e\u0161ie. Nie s\u00fa stanoven\u00e9 \u017eiadne krit\u00e9ri\u00e1, kto sa m\u00f4\u017ee sta\u0165 \u010dlenom, ale spolo\u010dnosti musia sp\u013a\u0148a\u0165 defin\u00edciu jedn\u00e9ho z ni\u017e\u0161ie uveden\u00fdch podnikov a musia s\u00fahlasi\u0165 s podmienkami stanov Freight Transport Association Ltd. <\/p>\n<p>Pre ka\u017ed\u00fa kateg\u00f3riu \u010dlenstva s\u00fa potrebn\u00e9 niektor\u00e9 \u010fal\u0161ie inform\u00e1cie na podporu \u017eiadosti, ako je uveden\u00e9 ni\u017e\u0161ie.<\/p>\n<ul>\n<li> \u010clenstvo prev\u00e1dzkovate\u013ea vozidla - po\u010det prev\u00e1dzkovan\u00fdch vozidiel a charakter \u010dinnosti.<\/li>\n<li> \u010clenstvo v organiz\u00e1cii, ktor\u00e1 nie je prev\u00e1dzkovate\u013eom vozidla - povaha \u010dinnosti.<\/li>\n<li> Osobn\u00e9 \u010dlenstvo - ro\u010dn\u00fd obrat, charakter \u010dinnosti, po\u010det prev\u00e1dzkovan\u00fdch vozidiel.<\/li>\n<li> \u010clenstvo v miestnom org\u00e1ne - po\u010det prev\u00e1dzkovan\u00fdch vozidiel a po\u010det obyvate\u013eov regi\u00f3nu, ktor\u00fd miestny org\u00e1n obsluhuje.<\/li>\n<li> \u010clenstvo v \u0161tatut\u00e1rnom org\u00e1ne - po\u010det prev\u00e1dzkovan\u00fdch vozidiel a po\u010det obyvate\u013eov regi\u00f3nu, ktor\u00fd org\u00e1n obsluhuje.<\/li>\n<li> \u010clenstvo v pobo\u010dke - po\u010det prev\u00e1dzkovan\u00fdch vozidiel, charakter \u010dinnosti.<\/li>\n<\/ul>\n<p><strong>Pr\u00edklady \u010dlensk\u00fdch spolo\u010dnost\u00ed<\/strong><\/p>\n<ul>\n<li> <a href=\"https:\/\/moverdb.com\/sk\/shore-porters-society\/\">Spolo\u010dnos\u0165 pobre\u017en\u00fdch nosi\u010dov<\/a><\/li>\n<li> <a href=\"https:\/\/moverdb.com\/sk\/movecorp\/\">Movecorp<\/a><\/li>\n<\/ul>\n<p><strong>N\u00e1zory na dohodu o vo\u013enom obchode:<\/strong><\/p>\n<p>FTA m\u00e1 podporu ve\u013ek\u00fdch priemyseln\u00fdch firiem, ako je napr\u00edklad PWC, ktor\u00e1 ka\u017edoro\u010dne <a href=\"http:\/\/www.pwc.co.uk\/industries\/transport-logistics\/fta-logistics-report-2014.html\" target=\"_blank\" rel=\"noopener\">Spr\u00e1va o logistike Zdru\u017eenia n\u00e1kladnej dopravy<\/a> a opisuje FTA ako \"jedno z najv\u00e4\u010d\u0161\u00edch obchodn\u00fdch zdru\u017een\u00ed v Spojenom kr\u00e1\u013eovstve\".<\/p>\n<p>Dohoda o vo\u013enom obchode sa spom\u00edna ako partner <a href=\"http:\/\/www.csrf.ac.uk\/partner\/freight-transport-association\/\" target=\"_blank\" rel=\"noopener\">Centrum pre udr\u017eate\u013en\u00fa cestn\u00fa n\u00e1kladn\u00fa dopravu<\/a> a spolupr\u00e1ce sa objavuj\u00fa v r\u00e1mci s\u00favisiacich t\u00e9m, ako je napr\u00edklad v\u00fdvoj \u010diasto\u010dn\u00e9ho <a href=\"http:\/\/www.osapartnershipgroup.co.uk\/campaign2-fta.html\" target=\"_blank\" rel=\"noopener\">Osved\u010denie o odbornej sp\u00f4sobilosti<\/a> so skupinou pre ob\u0161truk\u010dn\u00fa sp\u00e1nkov\u00fa apnoe. FTA je uveden\u00e1 na <a href=\"http:\/\/www.lombard.co.uk\/our-expertise\/commercial-transportation\/industry-associations\/fta\" target=\"_blank\" rel=\"noopener\">webov\u00e9 str\u00e1nky viacer\u00fdch<\/a> svojich \u010dlenov a je \u010dasto citovan\u00e1, ke\u010f sa vyskytne probl\u00e9m, ktor\u00fd reprezentuje logistick\u00e9 odvetvie.<\/p>\n<p><strong>Webov\u00e1 lokalita:<\/strong> <a href=\"http:\/\/www.fta.co.uk\/\" target=\"_blank\" rel=\"noopener\">http:\/\/www.fta.co.uk\/<\/a><\/p>\n<p><strong>Viac inform\u00e1ci\u00ed o preprave n\u00e1jdete na:<\/strong> <a href=\"https:\/\/moverdb.com\/sk\/kontajnerova-preprava\/\">Ceny a n\u00e1klady na medzin\u00e1rodn\u00fa kontajnerov\u00fa prepravu za rok 2018<\/a> a <a href=\"https:\/\/moverdb.com\/sk\/zasielatelstvo\/\">Sprievodca medzin\u00e1rodn\u00fdmi n\u00e1kladmi a spolo\u010dnos\u0165ami zasielate\u013estva a NVOCC<\/a><\/p>","protected":false},"excerpt":{"rendered":"<p>The Freight Transport Association (FTA) was set up to represent the interests of logistics companies, whether they are moving goods by sea, air, road or rail. It has been involved in high profile campaigns on issues such as fuel duty and licensing. Key facts about the FTA: The FTA can trace its roots back to [&hellip;]<\/p>\n","protected":false},"author":1,"featured_media":0,"parent":0,"menu_order":0,"comment_status":"closed","ping_status":"closed","template":"","meta":{"_genesis_hide_title":false,"_genesis_hide_breadcrumbs":false,"_genesis_hide_singular_image":false,"_genesis_hide_footer_widgets":false,"_genesis_custom_body_class":"","_genesis_custom_post_class":"","_genesis_layout":"","footnotes":""},"class_list":{"0":"post-448","1":"page","2":"type-page","3":"status-publish","5":"entry"},"_links":{"self":[{"href":"https:\/\/moverdb.com\/sk\/wp-json\/wp\/v2\/pages\/448","targetHints":{"allow":["GET"]}}],"collection":[{"href":"https:\/\/moverdb.com\/sk\/wp-json\/wp\/v2\/pages"}],"about":[{"href":"https:\/\/moverdb.com\/sk\/wp-json\/wp\/v2\/types\/page"}],"author":[{"embeddable":true,"href":"https:\/\/moverdb.com\/sk\/wp-json\/wp\/v2\/users\/1"}],"replies":[{"embeddable":true,"href":"https:\/\/moverdb.com\/sk\/wp-json\/wp\/v2\/comments?post=448"}],"version-history":[{"count":11,"href":"https:\/\/moverdb.com\/sk\/wp-json\/wp\/v2\/pages\/448\/revisions"}],"predecessor-version":[{"id":6213,"href":"https:\/\/moverdb.com\/sk\/wp-json\/wp\/v2\/pages\/448\/revisions\/6213"}],"wp:attachment":[{"href":"https:\/\/moverdb.com\/sk\/wp-json\/wp\/v2\/media?parent=448"}],"curies":[{"name":"wp","href":"https:\/\/api.w.org\/{rel}","templated":true}]}}