{"id":447,"date":"2016-07-05T14:22:52","date_gmt":"2016-07-05T14:22:52","guid":{"rendered":"http:\/\/moverdb.com\/?page_id=447"},"modified":"2026-01-08T14:48:21","modified_gmt":"2026-01-08T14:48:21","slug":"fedemac","status":"publish","type":"page","link":"https:\/\/moverdb.com\/sk\/fedemac\/","title":{"rendered":"Vysvetlenie Feder\u00e1cie eur\u00f3pskych s\u0165ahovate\u013eov (FEDEMAC)"},"content":{"rendered":"<p>Feder\u00e1cia eur\u00f3pskych s\u0165ahovac\u00edch spolo\u010dnost\u00ed (FEDEMAC) je eur\u00f3pska organiz\u00e1cia, ktor\u00e1 bola zalo\u017een\u00e1 na podporu s\u0165ahovacieho priemyslu na eur\u00f3pskej \u00farovni. Jej \u010dlenmi s\u00fa preva\u017ene n\u00e1rodn\u00e9 zdru\u017eenia v oblasti s\u0165ahovania.<\/p>\n<p><strong>K\u013e\u00fa\u010dov\u00e9 fakty o FEDEMAC<\/strong><\/p>\n<ul>\n<li>  \u010clenmi FEDEMAC s\u00fa n\u00e1rodn\u00e9 s\u0165ahovacie asoci\u00e1cie so s\u00eddlom v Eur\u00f3pe.<\/li>\n<li>  FEDEMAC zastupuje z\u00e1ujmy pribli\u017ene 3 000 profesion\u00e1lnych <a href=\"https:\/\/moverdb.com\/sk\/moving-companies\/\" data-internallinksmanager029f6b8e52c=\"79\" title=\"Top 25 medzin\u00e1rodn\u00fdch s\u0165ahovac\u00edch spolo\u010dnost\u00ed online\">s\u0165ahovacie spolo\u010dnosti<\/a>.<\/li>\n<li>  \u010clenovia sa nach\u00e1dzaj\u00fa v 26 eur\u00f3pskych krajin\u00e1ch, z toho 24 je \u010dlensk\u00fdch \u0161t\u00e1tov E\u00da. <a href=\"https:\/\/moverdb.com\/sk\/moving-to-switzerland\/\" data-internallinksmanager029f6b8e52c=\"327\" title=\"S\u0165ahovanie do \u0160vaj\u010diarska? 2026 N\u00e1klady na b\u00fdvanie a tipy na pres\u0165ahovanie\">\u0160vaj\u010diarsko<\/a> a <a href=\"https:\/\/moverdb.com\/sk\/moving-to-norway\/\" data-internallinksmanager029f6b8e52c=\"325\" title=\"S\u0165ahovanie do N\u00f3rska? 2026 N\u00e1klady na b\u00fdvanie a tipy na pres\u0165ahovanie\">N\u00f3rsko<\/a> s\u00fa tie\u017e zast\u00fapen\u00e9 organiz\u00e1ciou FEDEMAC.<\/li>\n<li>  FEDEMAC spravuje valn\u00e9 zhroma\u017edenie, ktor\u00e9 sa sch\u00e1dza raz ro\u010dne a je zlo\u017een\u00e9 zo z\u00e1stupcov \u010dlenov FEDEMAC (\u010dlensk\u00fdch zdru\u017een\u00ed a priamo pridru\u017een\u00fdch \u010dlensk\u00fdch spolo\u010dnost\u00ed).<\/li>\n<li>  Ve\u013ek\u00e1 \u010das\u0165 pr\u00e1ce FEDEMAC spo\u010d\u00edva v presadzovan\u00ed z\u00e1ujmov \u010dlenov v Parlamente E\u00da a Komisii.<\/li>\n<\/ul>\n<p><strong>Profil Eur\u00f3pskej feder\u00e1cie s\u0165ahovate\u013eov:<\/strong><\/p>\n<p>Cie\u013eom FEDEMAC je zastupova\u0165 s\u0165ahovac\u00ed priemysel v Eur\u00f3pe, jeho z\u00e1ujmy, potreby a ciele. Jeho cie\u013eom je tie\u017e pom\u00e1ha\u0165 koordinova\u0165 \u010dinnosti svojich \u010dlenov s cie\u013eom dosiahnu\u0165 maxim\u00e1lny vplyv v Eur\u00f3pe. <\/p>\n<p>Ve\u013ek\u00e1 \u010das\u0165 pr\u00e1ce sa t\u00fdka prezent\u00e1cie z\u00e1ujmov \u010dlenov v Eur\u00f3pskom parlamente a Komisii, ako aj kontaktov medzi n\u00e1rodn\u00fdmi zdru\u017eeniami pracovn\u00edkov v pohybe a in\u00fdmi obchodn\u00fdmi organiz\u00e1ciami. <\/p>\n<p>\u010clenmi FEDEMAC s\u00fa v\u00e4\u010d\u0161inou n\u00e1rodn\u00e9 zdru\u017eenia (napr. <a href=\"https:\/\/moverdb.com\/sk\/medzinarodne-stahovanie\/\" target=\"_blank\" rel=\"noopener\">v Spojenom kr\u00e1\u013eovstve<\/a>, \u010dlen je <a href=\"https:\/\/moverdb.com\/sk\/britska-asociacia-vyrobcov\/\" target=\"_blank\" rel=\"noopener\">Britsk\u00e1 asoci\u00e1cia s\u0165ahova\u010dov<\/a>), av\u0161ak je tie\u017e mo\u017en\u00e9, aby sa jednotliv\u00e9 kvalifikovan\u00e9 s\u0165ahovacie spolo\u010dnosti stali priamymi pridru\u017een\u00fdmi spolo\u010dnos\u0165ami FEDEMAC, ak neexistuje \u017eiadne zdru\u017eenie alebo zdru\u017eenie existuje, ale nem\u00e1 z\u00e1ujem o \u010dlenstvo vo FEDEMAC. <\/p>\n<p>S\u00fa\u010das\u0165ou \u00falohy FEDEMAC je informova\u0165 \u010dlenov o eur\u00f3pskej politike a na tento \u00fa\u010del pon\u00faka na svojej webovej str\u00e1nke cel\u00fd rad zdrojov, ako aj mno\u017estvo publik\u00e1ci\u00ed pre \u010dlenov, adres\u00e1r a v\u00fdro\u010dn\u00fa konferenciu.<\/p>\n<p><strong>Krit\u00e9ri\u00e1 \u010dlenstva:<\/strong><\/p>\n<p>\u010clenstvo sa uskuto\u010d\u0148uje prostredn\u00edctvom n\u00e1rodn\u00e9ho zdru\u017eenia - t\u00ed, ktor\u00ed s\u00fa v <a href=\"https:\/\/moverdb.com\/sk\/moving-to-the-uk\/\" data-internallinksmanager029f6b8e52c=\"93\" title=\"S\u0165ahujete sa do Spojen\u00e9ho kr\u00e1\u013eovstva? 2022 \u017divotn\u00e9 n\u00e1klady a tipy na pres\u0165ahovanie\">UK<\/a> ktor\u00ed chc\u00fa by\u0165 s\u00fa\u010das\u0165ou FEDEMAC, by sa mali sta\u0165 \u010dlenmi Britskej asoci\u00e1cie s\u0165ahovate\u013eov.<br \/>\nVo v\u00e4\u010d\u0161ine kraj\u00edn je \u010dlenstvo v n\u00e1rodnom zdru\u017een\u00ed s\u0165ahovate\u013eov.<\/p>\n<p><strong>Pr\u00edklady \u010dlensk\u00fdch spolo\u010dnost\u00ed<\/strong><\/p>\n<ul>\n<li> <a href=\"https:\/\/moverdb.com\/sk\/matthew-james\/\">Matthew James Global Relocations<\/a><\/li>\n<li> <a href=\"https:\/\/moverdb.com\/sk\/movecorp\/\">Movecorp<\/a><\/li>\n<li> <a href=\"https:\/\/moverdb.com\/sk\/pearson\/\">Pearson Home S\u0165ahovanie<\/a><\/li>\n<li> <a href=\"https:\/\/moverdb.com\/sk\/simpsons-removals\/\">Simpsons Removals and Storage<\/a><\/li>\n<li> <a href=\"https:\/\/moverdb.com\/sk\/abels-removals\/\">S\u0165ahovacie slu\u017eby Abels<\/a><\/li>\n<li> <a href=\"https:\/\/moverdb.com\/sk\/eagle-relocations\/\">Premiestnenie spolo\u010dnosti Eagle<\/a><\/li>\n<li> <a href=\"https:\/\/moverdb.com\/sk\/btr-international\/\">BTR International<\/a><\/li>\n<li> <a href=\"https:\/\/moverdb.com\/sk\/fn-removals\/\">F&amp;N Worldwide Removals<\/a><\/li>\n<li> <a href=\"https:\/\/moverdb.com\/sk\/bolliger\/\">Bolliger<\/a><\/li>\n<li> <a href=\"https:\/\/moverdb.com\/sk\/gil-stauffer\/\">Gil Stauffer<\/a><\/li>\n<li> <a href=\"https:\/\/moverdb.com\/sk\/teletrans\/\">Teletrans<\/a><\/li>\n<\/ul>\n<p><strong>N\u00e1zory na FEDEMAC<\/strong><\/p>\n<p>FEDEMAC je zjavne ve\u013emi vysoko cenen\u00fd t\u00fdmi. <a href=\"http:\/\/www.abels.co.uk\/articles\/fedemac-federation-of-european-movers-associations-what-does-this-mean\/\" target=\"_blank\" rel=\"noopener\">ktor\u00ed ho spom\u00ednaj\u00fa<\/a> a pova\u017euje sa za d\u00f4le\u017eit\u00fa \u00falohu pri zastupovan\u00ed z\u00e1ujmov eur\u00f3pskych h\u00fdbate\u013eov. Niektor\u00ed s\u0165ahovatelia uv\u00e1dzaj\u00fa, \u017ee s\u00fa individu\u00e1lnymi \u010dlenmi, a nie \u010dlenmi prostredn\u00edctvom Britsk\u00e9ho zdru\u017eenia s\u0165ahovate\u013eov. In\u00ed sa uv\u00e1dzaj\u00fa ako akreditovan\u00ed organiz\u00e1ciou FEDEMAC, \u010do v\u0161ak t\u00e1to organiz\u00e1cia nerob\u00ed.<\/p>\n<p><strong>Webov\u00e1 lokalita:<\/strong> <a href=\"https:\/\/www.fedemac.eu\" target=\"_blank\" rel=\"noopener\">https:\/\/www.fedemac.eu<\/a><\/p>","protected":false},"excerpt":{"rendered":"<p>The Federation of European Movers Association (FEDEMAC) is a European body that has been established to promote the moving industry on a European level. Its membership is predominantly made up of national moving associations. Key facts about FEDEMAC FEDEMAC membership is made up of National Moving Associations located in Europe. FEDEMAC represents the interests of [&hellip;]<\/p>\n","protected":false},"author":1,"featured_media":0,"parent":0,"menu_order":0,"comment_status":"closed","ping_status":"closed","template":"","meta":{"_genesis_hide_title":false,"_genesis_hide_breadcrumbs":false,"_genesis_hide_singular_image":false,"_genesis_hide_footer_widgets":false,"_genesis_custom_body_class":"","_genesis_custom_post_class":"","_genesis_layout":"","footnotes":""},"class_list":{"0":"post-447","1":"page","2":"type-page","3":"status-publish","5":"entry"},"_links":{"self":[{"href":"https:\/\/moverdb.com\/sk\/wp-json\/wp\/v2\/pages\/447","targetHints":{"allow":["GET"]}}],"collection":[{"href":"https:\/\/moverdb.com\/sk\/wp-json\/wp\/v2\/pages"}],"about":[{"href":"https:\/\/moverdb.com\/sk\/wp-json\/wp\/v2\/types\/page"}],"author":[{"embeddable":true,"href":"https:\/\/moverdb.com\/sk\/wp-json\/wp\/v2\/users\/1"}],"replies":[{"embeddable":true,"href":"https:\/\/moverdb.com\/sk\/wp-json\/wp\/v2\/comments?post=447"}],"version-history":[{"count":21,"href":"https:\/\/moverdb.com\/sk\/wp-json\/wp\/v2\/pages\/447\/revisions"}],"predecessor-version":[{"id":6209,"href":"https:\/\/moverdb.com\/sk\/wp-json\/wp\/v2\/pages\/447\/revisions\/6209"}],"wp:attachment":[{"href":"https:\/\/moverdb.com\/sk\/wp-json\/wp\/v2\/media?parent=447"}],"curies":[{"name":"wp","href":"https:\/\/api.w.org\/{rel}","templated":true}]}}