{"id":445,"date":"2016-06-21T20:35:30","date_gmt":"2016-06-21T20:35:30","guid":{"rendered":"http:\/\/moverdb.com\/?page_id=445"},"modified":"2026-01-08T14:47:36","modified_gmt":"2026-01-08T14:47:36","slug":"zdruzenie-relocation-professionals","status":"publish","type":"page","link":"https:\/\/moverdb.com\/sk\/association-relocation-professionals\/","title":{"rendered":"Vysvetlenie Asoci\u00e1cie profesion\u00e1lov v oblasti relok\u00e1cie (ARP)"},"content":{"rendered":"<p>Asoci\u00e1cia odborn\u00edkov na premiest\u0148ovanie (ARP) je profesijnou organiz\u00e1ciou pre odvetvie premiest\u0148ovania v <a href=\"https:\/\/moverdb.com\/sk\/moving-to-the-uk\/\" data-internallinksmanager029f6b8e52c=\"93\" title=\"S\u0165ahujete sa do Spojen\u00e9ho kr\u00e1\u013eovstva? 2022 \u017divotn\u00e9 n\u00e1klady a tipy na pres\u0165ahovanie\">UK<\/a>. Jej poslan\u00edm nie je len zastupova\u0165 svojich \u010dlenov, ale pom\u00e1ha\u0165 im aj pri ich predaji a raste.<\/p>\n<p><strong>K\u013e\u00fa\u010dov\u00e9 fakty o ARP:<\/strong><\/p>\n<ul>\n<li>  ARP je organiz\u00e1cia zdru\u017euj\u00faca odborn\u00edkov na premiest\u0148ovanie v Spojenom kr\u00e1\u013eovstve.<\/li>\n<li>  Asoci\u00e1cia odborn\u00edkov na premiest\u0148ovanie bola zalo\u017een\u00e1 v roku 1986.<\/li>\n<li>  \u010clenovia ARP maj\u00fa na ochranu klientov a poskytovate\u013eov slu\u017eieb uzavret\u00e9 poistenie zodpovednosti za \u0161kodu sp\u00f4soben\u00fa pri v\u00fdkone povolania a poistenie zodpovednosti za \u0161kodu sp\u00f4soben\u00fa zamestn\u00e1vate\u013eovi.<\/li>\n<li>  ARP m\u00e1 s\u00fabor pravidiel spr\u00e1vania, ktor\u00e9 musia jej \u010dlenovia dodr\u017eiava\u0165, vr\u00e1tane pravidiel t\u00fdkaj\u00facich sa nakladania s peniazmi klientov a zabr\u00e1nenia skresleniu inform\u00e1ci\u00ed.<\/li>\n<li>  V\u0161etci \u010dlenovia, ktor\u00ed pon\u00fakaj\u00fa slu\u017eby v oblasti s\u0165ahovania, musia preuk\u00e1za\u0165, \u017ee sa zapojili do syst\u00e9mu n\u00e1pravy v oblasti nehnute\u013enost\u00ed a \u017ee sa prihl\u00e1sili do registra HMRC proti praniu \u0161pinav\u00fdch pe\u0148az\u00ed, ak sa podie\u013eaj\u00fa na k\u00fape nehnute\u013enost\u00ed.<\/li>\n<li>  ARP je zakladaj\u00facim \u010dlenom a sponzorom Eur\u00f3pskej akad\u00e9mie odborn\u00edkov na premiest\u0148ovanie (EARP), prvej organiz\u00e1cie, ktor\u00e1 pon\u00faka eur\u00f3psku kvalifik\u00e1ciu v oblasti premiest\u0148ovania.<\/li>\n<\/ul>\n<p><strong>Profil Asoci\u00e1cie odborn\u00edkov na premiest\u0148ovanie:<\/strong><\/p>\n<p>ARP je ozna\u010dovan\u00e1 za profesijn\u00fa organiz\u00e1ciu pre firmy zaoberaj\u00face sa premiest\u0148ovan\u00edm v Spojenom kr\u00e1\u013eovstve a zastupuje cel\u00fd rad \u010dlenov, od \u0161pecialistov na premiest\u0148ovanie firiem a\u017e po vyh\u013ead\u00e1va\u010de nehnute\u013enost\u00ed a \u010fal\u0161ie subjekty, ktor\u00e9 poskytuj\u00fa \u0161pecializovan\u00e9 slu\u017eby v oblasti premiest\u0148ovania. <\/p>\n<p>ARP organizuje akreditovan\u00e9 \u0161kolenia pre svojich \u010dlenov - ako s\u00fa\u010das\u0165 Eur\u00f3pskej akad\u00e9mie odborn\u00edkov v oblasti relok\u00e1cie (EARP) pon\u00faka kvalifik\u00e1ciu Managing International Mobility (MIM), ako aj Eur\u00f3psku kvalifik\u00e1ciu v oblasti relok\u00e1cie (ERQ). <\/p>\n<p>ARP vyd\u00e1va adres\u00e1r \u010dlenov, ktor\u00fd je zasielan\u00fd 6 000 mana\u017e\u00e9rom \u013eudsk\u00fdch zdrojov, riadite\u013eom a HRO v celom Spojenom kr\u00e1\u013eovstve, pri\u010dom cie\u013eom je pom\u00f4c\u0165 propagova\u0165 \u010dlenov a pom\u00f4c\u0165 im lep\u0161ie sa presadi\u0165 na trhu. <\/p>\n<p>ARP m\u00e1 by\u0165 z\u00e1v\u00e4zkom k osved\u010den\u00fdm postupom, spokojnosti z\u00e1kazn\u00edkov a profesionalite a z\u00e1rove\u0148 f\u00f3rom na v\u00fdmenu n\u00e1padov, ktor\u00e9 pom\u00f4\u017eu udr\u017ea\u0165 toto odvetvie v pohybe.<\/p>\n<p><strong>Krit\u00e9ri\u00e1 \u010dlenstva:<\/strong><\/p>\n<p><u>Pridru\u017een\u00e9 \u010dlenstvo<\/u><\/p>\n<p>Pridru\u017een\u00e9 \u010dlenstvo v ARP sa vz\u0165ahuje na t\u00fdch, ktor\u00ed nesp\u013a\u0148aj\u00fa podmienky pre riadne \u010dlenstvo, a je otvoren\u00e9 pre spolo\u010dnosti, ktor\u00fdch obchodn\u00e9 \u010dinnosti s\u00favisia s poskytovan\u00edm slu\u017eieb s\u00favisiacich s premiest\u0148ovan\u00edm a ktor\u00fdch pr\u00edjmy poch\u00e1dzaj\u00fa od s\u00fakromn\u00fdch os\u00f4b alebo pr\u00e1vnick\u00fdch os\u00f4b.<\/p>\n<p>A <a href=\"https:\/\/moverdb.com\/sk\/stahovacie-spolocnosti\/\">spolo\u010dnos\u0165 zaoberaj\u00faca sa premiest\u0148ovan\u00edm<\/a> sa pova\u017euje ak\u00e1ko\u013evek organiz\u00e1cia, ktor\u00e1 pon\u00faka cel\u00fd rad slu\u017eieb ur\u010den\u00fdch na u\u013eah\u010denie mobility jednotlivcov alebo skup\u00edn jednotlivcov a ich rod\u00edn.<\/p>\n<p>Tak\u00e9to slu\u017eby sa m\u00f4\u017eu poskytova\u0165 v oblasti odoslania alebo v oblasti ur\u010denia, pr\u00edpadne v oboch oblastiach. Pridru\u017een\u00e9 \u010dlenstvo v ARP m\u00e1 by\u0165 odrazov\u00fdm most\u00edkom k pln\u00e9mu \u010dlenstvu a pri jeho z\u00edskavan\u00ed v\u00e1m bude poskytnut\u00e1 v\u0161etka pomoc.<\/p>\n<p><u>Pridru\u017een\u00e9 \u010dlenstvo<\/u><\/p>\n<p>Pre spolo\u010dnosti, ktor\u00e9 poskytuj\u00fa slu\u017eby vyu\u017e\u00edvan\u00e9 odborn\u00edkmi na premiest\u0148ovanie, ale ktor\u00fdch hlavn\u00e1 \u010dinnos\u0165 m\u00e1 \u0161ir\u0161iu klientsku z\u00e1klad\u0148u.<\/p>\n<p><u>Pln\u00e9 \u010dlenstvo<\/u><\/p>\n<p>Pre spolo\u010dnosti, ktor\u00e9 obchoduj\u00fa viac ako dva roky.<\/p>\n<p>Pridru\u017een\u00ed \u010dlenovia s\u00fa povinn\u00ed predlo\u017ei\u0165 referencie, ktor\u00e9 sa n\u00e1sledne skontroluj\u00fa a predlo\u017eia V\u00fdboru pre \u010dlenstvo ARP na kone\u010dn\u00e9 overenie. Pridru\u017een\u00ed \u010dlenovia s\u00fa povinn\u00ed absolvova\u0165 \u0161kolenie na prvej \u00farovni osnovy EARP predt\u00fdm, ako m\u00f4\u017eu po\u017eiada\u0165 o riadne \u010dlenstvo.<\/p>\n<p>Riadni \u010dlenovia musia p\u00f4sobi\u0165 na trhu viac ako dva roky a musia predlo\u017ei\u0165 \u017eiados\u0165 vr\u00e1tane referenci\u00ed od troch klientov.<\/p>\n<p><strong>Pr\u00edklady \u010dlensk\u00fdch spolo\u010dnost\u00ed<\/strong><\/p>\n<ul>\n<li> <a href=\"https:\/\/moverdb.com\/sk\/sterling-relocation\/\">Premiestnenie spolo\u010dnosti Sterling<\/a><\/li>\n<li> <a href=\"https:\/\/moverdb.com\/sk\/dt-pohyblive\/\">DT s\u0165ahovanie<\/a><\/li>\n<li> <a href=\"https:\/\/moverdb.com\/sk\/btr-international\/\">BTR International<\/a><\/li>\n<\/ul>\n<p><strong>N\u00e1zory na ARP:<\/strong><\/p>\n<p>ARP sa uv\u00e1dza na mnoh\u00fdch webov\u00fdch str\u00e1nkach Spojen\u00e9ho kr\u00e1\u013eovstva a je ozna\u010dovan\u00e1 za profesijn\u00fd org\u00e1n, ktor\u00fd zabezpe\u010duje pres\u0165ahovanie v zahrani\u010d\u00ed. <\/p>\n<p>\u010clenstvo v ARP je vn\u00edman\u00e9 ako d\u00f4kaz toho, \u017ee reloka\u010dn\u00e1 spolo\u010dnos\u0165 sp\u013a\u0148a a prekra\u010duje uzn\u00e1van\u00e9 priemyseln\u00e9 normy. Pod\u013ea <a href=\"http:\/\/www.bloomberg.com\/profiles\/companies\/1519530Z:LN-association-of-relocation-professionals\/\" target=\"_blank\" rel=\"noopener\">Bloomberg<\/a> hlavn\u00e1 \u010dinnos\u0165 ARP <em>\"je podporova\u0165 a chr\u00e1ni\u0165 podnikanie a profesiu agentov pre s\u0165ahovanie.\"<\/em> Viacer\u00e9 subjekty, ktor\u00e9 na svojich webov\u00fdch str\u00e1nkach cituj\u00fa ARP, zd\u00f4raz\u0148uj\u00fa, \u017ee ARP stanovuje normy pre toto odvetvie, pokia\u013e ide o osved\u010den\u00e9 postupy, slu\u017eby z\u00e1kazn\u00edkom a profesionalitu.<\/p>\n<blockquote><p>Na\u0161e \u010dlenstvo, ktor\u00e9 podporuje osved\u010den\u00e9 postupy v r\u00e1mci odvetvia a m\u00e1 za \u00falohu informova\u0165 \u010dlenov o najnov\u0161\u00edch legislat\u00edvnych zmen\u00e1ch od prania \u0161pinav\u00fdch pe\u0148az\u00ed a\u017e po domy s viacer\u00fdmi obyvate\u013emi, je pre v\u00e1s z\u00e1v\u00e4zkom, \u017ee sme na \u0161pi\u010dke a u\u017e viac ako 25 rokov sme na \u0161pi\u010dke v oblasti premiest\u0148ovania.<\/p><\/blockquote>\n<p>- <a href=\"http:\/\/scottsrelocation.co.uk\/association-of-relocation-professionals\" target=\"_blank\" rel=\"noopener\">Premiestnenie Scott's<\/a><\/p>\n<blockquote><p>Ako \u010dlen Asoci\u00e1cie profesion\u00e1lov v oblasti relok\u00e1ci\u00ed (ARP) si klienti spolo\u010dnosti Source m\u00f4\u017eu by\u0165 ist\u00ed, \u017ee poskytovan\u00e9 slu\u017eby sp\u013a\u0148aj\u00fa a prevy\u0161uj\u00fa uzn\u00e1van\u00e9 priemyseln\u00e9 normy.<\/p><\/blockquote>\n<p>-  <a href=\"http:\/\/www.source-relocation.co.uk\/index.aspx\" target=\"_blank\" rel=\"noopener\">Premiestnenie zdroja<\/a><\/p>\n<blockquote><p>Rada pozost\u00e1va zo z\u00e1stupcov v\u0161etk\u00fdch sektorov odvetvia a riadi \u010dinnos\u0165 zdru\u017eenia od z\u00e1kladov, \u010d\u00edm zabezpe\u010duje, aby zdru\u017eenie zostalo v centre pozornosti zmien v oblasti premiest\u0148ovania.<\/p>\n<p>\u010clenovia ARP maj\u00fa na ochranu klientov a poskytovate\u013eov slu\u017eieb uzavret\u00e9 poistenie zodpovednosti za \u0161kodu sp\u00f4soben\u00fa pri v\u00fdkone povolania a poistenie zodpovednosti za \u0161kodu sp\u00f4soben\u00fa zamestn\u00e1vate\u013eovi.<\/p>\n<p>\u010clenstvo v ARP je d\u00f4kazom z\u00e1v\u00e4zku dodr\u017eiava\u0165 osved\u010den\u00e9 postupy, spokojnosti z\u00e1kazn\u00edkov a profesionality.<\/p><\/blockquote>\n<p>- <a href=\"http:\/\/www.relocatecambridge.co.uk\/index.php\/arp\/\" target=\"_blank\" rel=\"noopener\">Premiestni\u0165 Cambridge<\/a><\/p>\n<p><strong>Webov\u00e1 lokalita:<\/strong> <a href=\"http:\/\/www.arp-relocation.com\/\" target=\"_blank\" rel=\"noopener\">http:\/\/www.arp-relocation.com\/<\/a><\/p>","protected":false},"excerpt":{"rendered":"<p>The Association of Relocation Professionals (ARP) is a professional body for the relocation industry in the UK. Its mission is not just to represent its members but to help them market themselves and grow too. Key facts about the ARP: The ARP is the body for relocation professionals in the UK. The Association of Relocation [&hellip;]<\/p>\n","protected":false},"author":1,"featured_media":0,"parent":0,"menu_order":0,"comment_status":"closed","ping_status":"closed","template":"","meta":{"_genesis_hide_title":false,"_genesis_hide_breadcrumbs":false,"_genesis_hide_singular_image":false,"_genesis_hide_footer_widgets":false,"_genesis_custom_body_class":"","_genesis_custom_post_class":"","_genesis_layout":"","footnotes":""},"class_list":{"0":"post-445","1":"page","2":"type-page","3":"status-publish","5":"entry"},"_links":{"self":[{"href":"https:\/\/moverdb.com\/sk\/wp-json\/wp\/v2\/pages\/445","targetHints":{"allow":["GET"]}}],"collection":[{"href":"https:\/\/moverdb.com\/sk\/wp-json\/wp\/v2\/pages"}],"about":[{"href":"https:\/\/moverdb.com\/sk\/wp-json\/wp\/v2\/types\/page"}],"author":[{"embeddable":true,"href":"https:\/\/moverdb.com\/sk\/wp-json\/wp\/v2\/users\/1"}],"replies":[{"embeddable":true,"href":"https:\/\/moverdb.com\/sk\/wp-json\/wp\/v2\/comments?post=445"}],"version-history":[{"count":7,"href":"https:\/\/moverdb.com\/sk\/wp-json\/wp\/v2\/pages\/445\/revisions"}],"predecessor-version":[{"id":6177,"href":"https:\/\/moverdb.com\/sk\/wp-json\/wp\/v2\/pages\/445\/revisions\/6177"}],"wp:attachment":[{"href":"https:\/\/moverdb.com\/sk\/wp-json\/wp\/v2\/media?parent=445"}],"curies":[{"name":"wp","href":"https:\/\/api.w.org\/{rel}","templated":true}]}}