{"id":444,"date":"2016-06-18T20:35:52","date_gmt":"2016-06-18T20:35:52","guid":{"rendered":"http:\/\/moverdb.com\/?page_id=444"},"modified":"2026-01-08T14:48:15","modified_gmt":"2026-01-08T14:48:15","slug":"eura","status":"publish","type":"page","link":"https:\/\/moverdb.com\/sk\/eura\/","title":{"rendered":"Vysvetlenie Eur\u00f3pskej asoci\u00e1cie pre relok\u00e1ciu (EuRA)"},"content":{"rendered":"<p>Eur\u00f3pska asoci\u00e1cia pre relok\u00e1ciu (EuRA) propaguje v\u00fdhody profesion\u00e1lne riaden\u00fdch slu\u017eieb relok\u00e1cie a mobility pre spolo\u010dnosti s glob\u00e1lne mobiln\u00fdmi zamestnancami. Medzi jej ciele patr\u00ed etablovanie sa ako poprednej organiz\u00e1cie pre relok\u00e1ciu v Eur\u00f3pe a stanovenie krit\u00e9ri\u00ed pre inov\u00e1cie a osved\u010den\u00e9 postupy.<\/p>\n<p><strong>K\u013e\u00fa\u010dov\u00e9 fakty o spolo\u010dnosti EuRA:<\/strong><\/p>\n<ol>\n<li>  Medzi \u010dlenov EuRA patria poskytovatelia slu\u017eieb v oblasti s\u0165ahovania, ako aj poskytovatelia pridru\u017een\u00fdch slu\u017eieb, ako je pren\u00e1jom n\u00e1bytku a preprava tovaru pre dom\u00e1cnos\u0165.<\/li>\n<li>  Glob\u00e1lna pe\u010da\u0165 kvality EuRA je prv\u00fdm akredita\u010dn\u00fdm programom na svete pre poskytovate\u013eov premiestnenia.<\/li>\n<li>  EuRA bola zalo\u017een\u00e1 v roku 1998.<\/li>\n<li>  \u00da\u010delom EuRA je predov\u0161etk\u00fdm vzdel\u00e1vanie - poskytova\u0165 \u010dlenom EuRA aj verejnosti inform\u00e1cie o mobilite podnikov a ot\u00e1zkach s \u0148ou s\u00favisiacich.<\/li>\n<li>  EuRA m\u00e1 viac ako 350 \u010dlenov.<\/li>\n<li>  \u010clenmi EuRA je viac ako 50 kraj\u00edn.<\/li>\n<\/ol>\n<p><strong>Profil Eur\u00f3pskej asoci\u00e1cie pre relok\u00e1ciu:<\/strong><\/p>\n<p>EuRA pln\u00ed pre svojich \u010dlenov viacero funkci\u00ed vr\u00e1tane ponuky \u0161kolen\u00ed a poradenstva a poskytovania podpory odborn\u00edkom na premiest\u0148ovanie. Zdru\u017eenie tie\u017e lobuje v mene svojich \u010dlenov a presadzuje zmeny a v\u00fdvoj, ktor\u00e9 m\u00f4\u017eu pom\u00f4c\u0165 rozvoju odvetvia premiest\u0148ovania. <\/p>\n<p>Je tie\u017e zdrojom inform\u00e1ci\u00ed, pravidelne publikuje externe aj interne a vytvorila sa aj ako think tank pre bud\u00face pl\u00e1novanie a rozvoj odvetvia. <\/p>\n<p>Jedn\u00fdm z k\u013e\u00fa\u010dov\u00fdch cie\u013eov EuRA je poskytova\u0165 referen\u010dn\u00e9 hodnoty pre osved\u010den\u00e9 postupy, a tak sa vyvinula glob\u00e1lna pe\u010da\u0165 kvality EuRA, akredita\u010dn\u00fd program pre subjekty p\u00f4sobiace v oblasti premiest\u0148ovania. <\/p>\n<p>Glob\u00e1lna pe\u010da\u0165 kvality je syst\u00e9m auditu, ktor\u00fd m\u00e1 zabezpe\u010di\u0165, aby t\u00ed, ktor\u00ed ju nosia, sp\u013a\u0148ali ur\u010dit\u00e9 normy v oblasti poskytovania slu\u017eieb a riadenia procesov. Je pr\u00edstupn\u00fd pre riadnych, pridru\u017een\u00fdch a celosvetov\u00fdch \u010dlenov EuRA. <\/p>\n<p>EuRA p\u00f4vodne vznikla ako reakcia na rast\u00faci dopyt po cezhrani\u010dnom priemyselnom org\u00e1ne v Eur\u00f3pe a v s\u00fa\u010dasnosti m\u00e1 obrovsk\u00fd dosah.<\/p>\n<p><strong>Krit\u00e9ri\u00e1 \u010dlenstva <\/strong><\/p>\n<p><u>Pln\u00e9 \u010dlenstvo<\/u><\/p>\n<p>Riadnym \u010dlenom Eur\u00f3pskeho zdru\u017eenia pre premiest\u0148ovanie sa m\u00f4\u017eu sta\u0165 spolo\u010dnosti, ktor\u00fdch obchodn\u00e9 \u010dinnosti s\u00favisia s poskytovan\u00edm slu\u017eieb premiest\u0148ovania a ktor\u00fdch pr\u00edjmy poch\u00e1dzaj\u00fa od s\u00fakromn\u00fdch os\u00f4b alebo pr\u00e1vnick\u00fdch os\u00f4b.<\/p>\n<p>Za spolo\u010dnos\u0165 zaoberaj\u00facu sa premiest\u0148ovan\u00edm sa pova\u017euje ka\u017ed\u00e1 organiz\u00e1cia, ktor\u00e1 pon\u00faka cel\u00fd rad slu\u017eieb ur\u010den\u00fdch na u\u013eah\u010denie mobility jednotlivcov alebo skup\u00edn jednotlivcov a ich rod\u00edn. Tak\u00e9to slu\u017eby sa m\u00f4\u017eu poskytova\u0165 v oblasti odchodu alebo v cie\u013eovej oblasti alebo v oboch oblastiach.<\/p>\n<p>Krit\u00e9ri\u00e1:<\/p>\n<ul>\n<li> Obchodova\u0165 ako <a href=\"https:\/\/moverdb.com\/sk\/relocation-agents\/\" data-internallinksmanager029f6b8e52c=\"1\" title=\"7 d\u00f4vodov, pre\u010do by ste mali pou\u017ei\u0165 agenta pre premiestnenie?\">Agent pre premiest\u0148ovanie<\/a> najmenej dva roky, je potrebn\u00e9 predlo\u017ei\u0165 doklad o registr\u00e1cii spolo\u010dnosti.<\/li>\n<li> Vyplni\u0165 dotazn\u00edk a uvies\u0165 men\u00e1 a adresy troch z\u00e1kazn\u00edkov, pre ktor\u00fdch boli vykonan\u00e9 pr\u00e1ce za posledn\u00fdch 12 mesiacov. EuRA bude t\u00fdchto z\u00e1kazn\u00edkov kontaktova\u0165 kv\u00f4li referenci\u00e1m.<\/li>\n<li> Poskytn\u00fa\u0165 k\u00f3pie v\u0161etk\u00fdch tla\u010den\u00fdch materi\u00e1lov, ako aj ak\u00e9ko\u013evek in\u00e9 inform\u00e1cie, ktor\u00e9 m\u00f4\u017eu pom\u00f4c\u0165 V\u00fdboru pre \u010dlenstvo pri posudzovan\u00ed va\u0161ej \u017eiadosti.<\/li>\n<li> Poskytn\u00fa\u0165 d\u00f4kaz o tom, \u017ee vy\/va\u0161a firma ste primerane poisten\u00ed (vo va\u0161ej domovskej krajine).<\/li>\n<li> Poskytn\u00fa\u0165 stru\u010dn\u00e9 inform\u00e1cie o kari\u00e9re v\u0161etk\u00fdch riadite\u013eov alebo partnerov firmy.<\/li>\n<li> By\u0165 k dispoz\u00edcii na pohovor (vo svojej domovskej krajine).<\/li>\n<\/ul>\n<p><u>Pridru\u017een\u00e9 \u010dlenstvo<\/u><\/p>\n<p>Pridru\u017een\u00e9 \u010dlenstvo v Eur\u00f3pskej asoci\u00e1cii pre relok\u00e1ciu je otvoren\u00e9 pre spolo\u010dnosti, ktor\u00e9 p\u00f4sobia na trhu menej ako dva roky. Pridru\u017een\u00e9 \u010dlenstvo v Eur\u00f3pskom zdru\u017een\u00ed pre relok\u00e1ciu sa vz\u0165ahuje na spolo\u010dnosti, ktor\u00e9 nesp\u013a\u0148aj\u00fa podmienky pre riadne \u010dlenstvo, a je otvoren\u00e9 pre spolo\u010dnosti, ktor\u00fdch obchodn\u00e1 \u010dinnos\u0165 s\u00favis\u00ed s poskytovan\u00edm slu\u017eieb v oblasti relok\u00e1cie a ktor\u00fdch pr\u00edjmy poch\u00e1dzaj\u00fa od s\u00fakromn\u00fdch os\u00f4b alebo pr\u00e1vnick\u00fdch os\u00f4b.<\/p>\n<p>Krit\u00e9ri\u00e1:<\/p>\n<ul>\n<li> podnika\u0165 alebo ma\u0165 v \u00famysle podnika\u0165 ako sprostredkovate\u013e premiestnenia. Podp\u00ed\u0161te prilo\u017een\u00fa k\u00f3piu a vr\u00e1\u0165te ju spolu so \u017eiados\u0165ou.<\/li>\n<li> Vyplni\u0165 dotazn\u00edk a uvies\u0165 men\u00e1 a adresy dvoch referen\u010dn\u00fdch os\u00f4b (bu\u010f existuj\u00facich riadnych \u010dlenov EuRA, SNPRM, ARA, ABRA alebo miestne uzn\u00e1van\u00fdch odborn\u00edkov, pr\u00edpadne ich kombin\u00e1ciu), ak je to uveden\u00e9.<\/li>\n<li> Poskytn\u00fa\u0165 k\u00f3pie v\u0161etk\u00fdch tla\u010den\u00fdch materi\u00e1lov, ako aj ak\u00e9ko\u013evek in\u00e9 inform\u00e1cie, ktor\u00e9 m\u00f4\u017eu pom\u00f4c\u0165 V\u00fdboru pre \u010dlenstvo pri posudzovan\u00ed va\u0161ej \u017eiadosti.<\/li>\n<li> Poskytn\u00fa\u0165 d\u00f4kaz o tom, \u017ee vy\/va\u0161a firma ste primerane poisten\u00ed (vo va\u0161ej domovskej krajine).<\/li>\n<li> Poskytn\u00fa\u0165 stru\u010dn\u00e9 inform\u00e1cie o kari\u00e9re v\u0161etk\u00fdch riadite\u013eov alebo partnerov firmy<\/li>\n<\/ul>\n<p><u>Pridru\u017een\u00e9 \u010dlenstvo<\/u><\/p>\n<p>Partnersk\u00e9 \u010dlenstvo v agent\u00fare EuRA je otvoren\u00e9 pre spolo\u010dnosti, ktor\u00fdch obchodn\u00e9 \u010dinnosti s\u00fa spojen\u00e9 s poskytovate\u013emi slu\u017eieb premiest\u0148ovania a ktor\u00e9 ich vyu\u017e\u00edvaj\u00fa.<\/p>\n<p>Krit\u00e9ri\u00e1:<\/p>\n<ul>\n<li> Nomin\u00e1cia riadneho \u010dlena Eur\u00f3pskeho zdru\u017eenia pre relok\u00e1ciu za pridru\u017een\u00e9ho \u010dlena.<\/li>\n<li> V pr\u00edpade, \u017ee \u017eiadate\u013e nepozn\u00e1 \u017eiadneho \u010dlena zdru\u017eenia, m\u00f4\u017ee aj tak po\u017eiada\u0165 o \u010dlenstvo. V takom pr\u00edpade uve\u010fte men\u00e1 a adresy dvoch referen\u010dn\u00fdch os\u00f4b. \u017diados\u0165 potom pos\u00fadi Rada zdru\u017eenia.<\/li>\n<\/ul>\n<p><u>Celosvetov\u00e9 \u010dlenstvo<\/u><\/p>\n<p>Celosvetov\u00e9 \u010dlenstvo v EuRA je otvoren\u00e9 pre spolo\u010dnosti poskytuj\u00face slu\u017eby v oblasti s\u0165ahovania mimo kontinent\u00e1lnej Eur\u00f3py.<\/p>\n<p>Celosvetov\u00e9 \u010dlenstvo v Eur\u00f3pskom zdru\u017een\u00ed pre s\u0165ahovanie je otvoren\u00e9 pre spolo\u010dnosti, ktor\u00fdch obchodn\u00e9 aktivity s\u00favisia s poskytovan\u00edm slu\u017eieb v oblasti s\u0165ahovania a ktor\u00fdch pr\u00edjmy poch\u00e1dzaj\u00fa od s\u00fakromn\u00fdch os\u00f4b alebo pr\u00e1vnick\u00fdch os\u00f4b.<\/p>\n<p>Za spolo\u010dnos\u0165 zaoberaj\u00facu sa premiest\u0148ovan\u00edm sa pova\u017euje ka\u017ed\u00e1 organiz\u00e1cia, ktor\u00e1 pon\u00faka cel\u00fd rad slu\u017eieb ur\u010den\u00fdch na u\u013eah\u010denie mobility jednotlivcov alebo skup\u00edn jednotlivcov a ich rod\u00edn. Tak\u00e9to slu\u017eby sa m\u00f4\u017eu poskytova\u0165 v oblasti odchodu alebo v cie\u013eovej oblasti alebo v oboch oblastiach.<\/p>\n<p>Krit\u00e9ri\u00e1:<\/p>\n<ul>\n<li> Ak chcete obchodova\u0165 aspo\u0148 dva roky, mus\u00edte predlo\u017ei\u0165 doklad o absolvovan\u00ed jednej komisie, t. j. doklad o registr\u00e1cii.<\/li>\n<li> Vyplni\u0165 dotazn\u00edk a uvies\u0165 men\u00e1 a adresy dvoch referen\u010dn\u00fdch os\u00f4b (klientov, pre ktor\u00fdch bola pr\u00e1ca vykonan\u00e1 za posledn\u00fdch 12 mesiacov), ako aj jedn\u00e9ho \u010dlena agent\u00fary EuRA. Tieto osoby bud\u00fa kontaktovan\u00e9 agent\u00farou EuRA<\/li>\n<li> Poskytn\u00fa\u0165 k\u00f3pie v\u0161etk\u00fdch tla\u010den\u00fdch materi\u00e1lov, ako aj ak\u00e9ko\u013evek in\u00e9 inform\u00e1cie, ktor\u00e9 m\u00f4\u017eu pom\u00f4c\u0165 V\u00fdboru pre \u010dlenstvo pri posudzovan\u00ed va\u0161ej \u017eiadosti.<\/li>\n<li> Poskytn\u00fa\u0165 d\u00f4kaz o tom, \u017ee vy\/va\u0161a firma ste primerane poisten\u00ed (vo va\u0161ej domovskej krajine).<\/li>\n<li> Poskytn\u00fa\u0165 stru\u010dn\u00e9 inform\u00e1cie o kari\u00e9re v\u0161etk\u00fdch riadite\u013eov alebo partnerov firmy.<\/li>\n<li> By\u0165 k dispoz\u00edcii na pohovor (vo svojej domovskej krajine)<\/li>\n<\/ul>\n<p><strong>Pr\u00edklady \u010dlensk\u00fdch spolo\u010dnost\u00ed<\/strong><\/p>\n<ul>\n<li> <a href=\"https:\/\/moverdb.com\/sk\/santa-fe-relocation\/\">Santa Fe premiest\u0148ovacie slu\u017eby<\/a> <\/li>\n<li> <a href=\"https:\/\/moverdb.com\/sk\/aires\/\">Aires<\/a><\/li>\n<li> <a href=\"https:\/\/moverdb.com\/sk\/sterling-relocation\/\">Premiestnenie spolo\u010dnosti Sterling<\/a><\/li>\n<li> <a href=\"https:\/\/moverdb.com\/sk\/robinsons\/\">Premiestnenie spolo\u010dnosti Robinsons<\/a><\/li>\n<li> <a href=\"https:\/\/moverdb.com\/sk\/dt-pohyblive\/\">DT s\u0165ahovanie<\/a><\/li>\n<li> <a href=\"https:\/\/moverdb.com\/sk\/bournes\/\">Bournes<\/a><\/li>\n<li> <a href=\"https:\/\/moverdb.com\/sk\/btr-international\/\">BTR International<\/a><\/li>\n<li> <a href=\"https:\/\/moverdb.com\/sk\/packimpex\/\">Packimpex<\/a><\/li>\n<\/ul>\n<p><strong>N\u00e1zory na spolo\u010dnos\u0165 EuRA<\/strong><\/p>\n<p>EuRA sa spom\u00edna na webov\u00fdch str\u00e1nkach r\u00f4znych firiem (napr\u00edklad aj s\u0165ahovac\u00edch spolo\u010dnost\u00ed a servisovan\u00fdch apartm\u00e1nov) a \u010dasto v s\u00favislosti s t\u00fdm, ako m\u00f4\u017ee t\u00e1to firma prinies\u0165 \u010fal\u0161ie v\u00fdhody do procesu s\u0165ahovania. <\/p>\n<p>\u010casto sa zd\u00f4raz\u0148uje celosvetov\u00fd dosah zdru\u017eenia, ako aj skuto\u010dnos\u0165, \u017ee sa podie\u013ea na stanovovan\u00ed noriem kvality v tomto odvetv\u00ed. Na webov\u00fdch str\u00e1nkach sa uv\u00e1dza, \u017ee ide o \"priemyseln\u00fd org\u00e1n\" so vzdel\u00e1vacou zlo\u017ekou a k\u00f3dexom spr\u00e1vania, ktor\u00fd musia dodr\u017eiava\u0165 v\u0161etci \u010dlenovia.<\/p>\n<blockquote><p>EURA je vynikaj\u00facim partnerom, ktor\u00fd n\u00e1m pom\u00f4\u017ee dosiahnu\u0165 n\u00e1\u0161 cie\u013e, ktor\u00fdm je vzdel\u00e1vanie trhu a uk\u00e1za\u0165, ako m\u00f4\u017eu apartm\u00e1ny s poskytovan\u00fdmi slu\u017ebami prinies\u0165 skuto\u010dn\u00fd \u00fa\u017eitok v procese pres\u0165ahovania.<\/p><\/blockquote>\n<p>- <a href=\"http:\/\/www.chevalresidences.com\/partners-eura.html\" target=\"_blank\" rel=\"noopener\">Rezidencie Cheval<\/a><\/p>\n<blockquote><p>\n\u00daloha a z\u00e1kladn\u00e9 ciele EuRA zah\u0155\u0148aj\u00fa: zvy\u0161ovanie a udr\u017eiavanie \u0161tandardov kvality v odvetv\u00ed, propag\u00e1ciu odvetvia a umo\u017enenie neust\u00e1leho odborn\u00e9ho vzdel\u00e1vania v r\u00e1mci \u010dlenstva. Z toho v\u0161etk\u00e9ho bude ma\u0165 prospech mobiln\u00fd zamestnanec a jeho rodina, a ke\u010f sa tak stane, budeme z toho ma\u0165 prospech aj my ako skupina.<\/p><\/blockquote>\n<p>- <a href=\"http:\/\/www.globalbusinessnews.net\/\" target=\"_blank\" rel=\"noopener\">Glob\u00e1lne obchodn\u00e9 spr\u00e1vy<\/a><\/p>\n<blockquote><p>\nEuRA je priemyseln\u00fd org\u00e1n pre profesion\u00e1lov v oblasti premiest\u0148ovania v Eur\u00f3pe a na celom svete. Poskytovatelia premiest\u0148ovac\u00edch slu\u017eieb s\u00fa povinn\u00ed dodr\u017eiava\u0165 pravidl\u00e1 spr\u00e1vania EuRA. <\/p><\/blockquote>\n<p>-  <a href=\"http:\/\/info.bournesmoves.com\/relocation-solutions\/blog\/relocation-moves\/bournes-removals-uk-join-eura\" target=\"_blank\" rel=\"noopener\">Op\u00e4tovn\u00e9 vo\u013eby v Bournes<\/a><\/p>\n<p><strong>Webov\u00e1 lokalita:<\/strong> <a href=\"http:\/\/www.eura-relocation.com\/\" target=\"_blank\" rel=\"noopener\">http:\/\/www.eura-relocation.com\/<\/a><\/p>","protected":false},"excerpt":{"rendered":"<p>The European Relocation Association (EuRA) promotes the benefits of professionally managed relocation and mobility services to companies with globally mobile employees. Its aims include establishing itself as the premier relocation organisation in Europe and setting benchmarks for innovation and best practice. Key facts about EuRA: EuRA members include Relocation Service Providers, as well as those [&hellip;]<\/p>\n","protected":false},"author":1,"featured_media":0,"parent":0,"menu_order":0,"comment_status":"closed","ping_status":"closed","template":"","meta":{"_genesis_hide_title":false,"_genesis_hide_breadcrumbs":false,"_genesis_hide_singular_image":false,"_genesis_hide_footer_widgets":false,"_genesis_custom_body_class":"","_genesis_custom_post_class":"","_genesis_layout":"","footnotes":""},"class_list":{"0":"post-444","1":"page","2":"type-page","3":"status-publish","5":"entry"},"_links":{"self":[{"href":"https:\/\/moverdb.com\/sk\/wp-json\/wp\/v2\/pages\/444","targetHints":{"allow":["GET"]}}],"collection":[{"href":"https:\/\/moverdb.com\/sk\/wp-json\/wp\/v2\/pages"}],"about":[{"href":"https:\/\/moverdb.com\/sk\/wp-json\/wp\/v2\/types\/page"}],"author":[{"embeddable":true,"href":"https:\/\/moverdb.com\/sk\/wp-json\/wp\/v2\/users\/1"}],"replies":[{"embeddable":true,"href":"https:\/\/moverdb.com\/sk\/wp-json\/wp\/v2\/comments?post=444"}],"version-history":[{"count":17,"href":"https:\/\/moverdb.com\/sk\/wp-json\/wp\/v2\/pages\/444\/revisions"}],"predecessor-version":[{"id":6204,"href":"https:\/\/moverdb.com\/sk\/wp-json\/wp\/v2\/pages\/444\/revisions\/6204"}],"wp:attachment":[{"href":"https:\/\/moverdb.com\/sk\/wp-json\/wp\/v2\/media?parent=444"}],"curies":[{"name":"wp","href":"https:\/\/api.w.org\/{rel}","templated":true}]}}