{"id":443,"date":"2016-06-18T21:12:56","date_gmt":"2016-06-18T21:12:56","guid":{"rendered":"http:\/\/moverdb.com\/?page_id=443"},"modified":"2026-01-08T13:18:29","modified_gmt":"2026-01-08T13:18:29","slug":"harmony-relocation-network","status":"publish","type":"page","link":"https:\/\/moverdb.com\/sk\/harmony-relocation-network\/","title":{"rendered":"Vysvetlenie siete Harmony Relocation Network (HRN)"},"content":{"rendered":"<p>Harmony Relocation Network (HRN) je skupina partnersk\u00fdch spolo\u010dnost\u00ed, ktor\u00e1 vznikla s cie\u013eom vytvori\u0165 celoeur\u00f3psku sie\u0165 pre glob\u00e1lne premiest\u0148ovanie. Integr\u00e1cia infra\u0161trukt\u00fary, technol\u00f3gie, kvality a udr\u017eate\u013enosti je navrhnut\u00e1 tak, aby sa vytvorili trvalo kvalitn\u00e9 slu\u017eby.<\/p>\n<p><strong>K\u013e\u00fa\u010dov\u00e9 fakty o HRH:<\/strong><\/p>\n<ol>\n<li>  \u010clensk\u00fa z\u00e1klad\u0148u tvor\u00ed 140 \u010dlenov zo 60 kraj\u00edn.<\/li>\n<li>  Sie\u0165 HRN p\u00f4sob\u00ed v 180 krajin\u00e1ch na 6 kontinentoch.<\/li>\n<li>  Spolo\u010dnos\u0165 HRN vznikla v roku 1992 a v\u0161etk\u00fdch 140 \u010dlenov je spolumajite\u013emi podniku.<\/li>\n<li>  Spolo\u010dnos\u0165 HRN bola zalo\u017een\u00e1 nemeck\u00fdmi a holandsk\u00fdmi spolo\u010dnos\u0165ami pred roz\u0161\u00edren\u00edm do <a href=\"https:\/\/moverdb.com\/sk\/moving-to-australia\/living-in-australia\/\" data-internallinksmanager029f6b8e52c=\"240\" title=\"21 tajomstiev o \u017eivote v Austr\u00e1lii, ktor\u00e9 by ste mali vedie\u0165 pred pres\u0165ahovan\u00edm\">Austr\u00e1lia<\/a> a \u00c1zii a potom na Bl\u00edzkom v\u00fdchode, v Latinskej Amerike a Afrike.<\/li>\n<li>  V rokoch 2002 a\u017e 2015 bola HRN s\u00fa\u010das\u0165ou skupiny UniGroup Worldwide UTS s <a href=\"https:\/\/moverdb.com\/sk\/moving-to-the-united-states\/\" data-internallinksmanager029f6b8e52c=\"94\" title=\"S\u0165ahujete sa do Spojen\u00fdch \u0161t\u00e1tov? 2022 \u017divotn\u00e9 n\u00e1klady a tipy na pres\u0165ahovanie\">US<\/a> Van Line.<\/li>\n<li>  HRN je najv\u00e4\u010d\u0161ia celosvetov\u00e1 sie\u0165 spolo\u010dnost\u00ed zaoberaj\u00facich sa premiest\u0148ovan\u00edm pod spolo\u010dnou zna\u010dkou.<\/li>\n<\/ol>\n<p><strong>Profil siete Harmony Relocation Network:<\/strong><\/p>\n<p>My\u0161lienkou siete HRN je spoji\u0165 to najlep\u0161ie z miestneho dedi\u010dstva s glob\u00e1lnym rozmerom a poskytova\u0165 podnikom a jednotlivcom slu\u017eby premiest\u0148ovania, ktor\u00e9 s\u00fa lok\u00e1lne, ale maj\u00fa celosvetov\u00fd dosah. <\/p>\n<p>Ponuka slu\u017eieb zah\u0155\u0148a slu\u017eby riadenia s\u0165ahovania, s\u0165ahovacie oper\u00e1cie a slu\u017eby v mieste ur\u010denia. Sie\u0165 HRN vyvinula vlastn\u00fd sie\u0165ov\u00fd webov\u00fd informa\u010dn\u00fd syst\u00e9m, ktor\u00fd je navrhnut\u00fd tak, aby informoval z\u00e1kazn\u00edkov a zabezpe\u010dil \u010do najkomplexnej\u0161\u00ed a najjednotnej\u0161\u00ed proces - zah\u0155\u0148a mo\u017enosti pod\u00e1vania spr\u00e1v a sledovania. <\/p>\n<p>Integr\u00e1cia hospod\u00e1rskej, environment\u00e1lnej a soci\u00e1lnej udr\u017eate\u013enosti je d\u00f4le\u017eit\u00e1 pre HRN, ktor\u00e1 ju uv\u00e1dza ako jeden z hlavn\u00fdch pilierov rovnov\u00e1hy medzi \u013eu\u010fmi, technol\u00f3giami a \u017eivotn\u00fdm prostred\u00edm.<\/p>\n<p><strong>Krit\u00e9ri\u00e1 \u010dlenstva <\/strong><\/p>\n<p>Na webovej str\u00e1nke nie s\u00fa uveden\u00e9 \u017eiadne krit\u00e9ri\u00e1 \u010dlenstva - je tu len str\u00e1nka s kontaktmi.<\/p>\n<p><strong>Pr\u00edklady \u010dlensk\u00fdch spolo\u010dnost\u00ed<\/strong><\/p>\n<ul>\n<li> <a href=\"https:\/\/moverdb.com\/sk\/bournes\/\">Bournes<\/a><\/li>\n<li> <a href=\"https:\/\/moverdb.com\/sk\/cadogan-tate\/\">Cadogan Tate<\/a><\/li>\n<li> <a href=\"https:\/\/moverdb.com\/sk\/gerson-relocation\/\">Premiestnenie spolo\u010dnosti Gerson<\/a><\/li>\n<li> <a href=\"https:\/\/moverdb.com\/sk\/pearson\/\">Pearson Home S\u0165ahovanie<\/a><\/li>\n<\/ul>\n<p><strong>N\u00e1zory na HRN<\/strong><\/p>\n<p>HRN sa nach\u00e1dza na mnoh\u00fdch webov\u00fdch str\u00e1nkach s\u0165ahovate\u013eov, kde sa na \u0148u odkazuje ako na organiz\u00e1ciu s <em>\"nov\u00e9 meno, ale osved\u010den\u00e9 v\u00fdsledky.\"<\/em> Siln\u00e9 rodinn\u00e9 hodnoty a glob\u00e1lny pr\u00edstup zalo\u017een\u00fd na spolupr\u00e1ci sa v\u017edy prejavia. <\/p>\n<p>Zd\u00e1 sa, \u017ee v\u0161eobecn\u00e1 zhoda panuje v tom, \u017ee s\u0165ahovanie s reloka\u010dnou spolo\u010dnos\u0165ou, ktor\u00e1 je s\u00fa\u010das\u0165ou siete HRN, poskytuje z\u00e1kazn\u00edkovi pr\u00edstup k v\u00fdhod\u00e1m celej siete. Poukazuje sa na to, \u017ee \u010dlenovia musia dodr\u017eiava\u0165 glob\u00e1lnu dohodu o \u00farovni slu\u017eieb a v\u00fdsledkom toho je konzistentnos\u0165 - <em>\"hoci sa zvyky a kult\u00fara m\u00f4\u017eu v jednotliv\u00fdch krajin\u00e1ch l\u00ed\u0161i\u0165, vysok\u00e1 kvalita slu\u017eieb, ktor\u00e9 m\u00f4\u017eete o\u010dak\u00e1va\u0165, sa l\u00ed\u0161i\u0165 nebude. Na celom svete s\u00fa rovnak\u00e9 postupy, slu\u017eby a vysok\u00e1 kvalita.\"<\/em> <\/p>\n<p>Okrem toho sa mnoh\u00ed z t\u00fdch, ktor\u00ed na svojich webov\u00fdch str\u00e1nkach uv\u00e1dzaj\u00fa po\u010det \u010dlenov, zameriavaj\u00fa na ve\u013ekos\u0165 siete a na to, \u017ee je jednou z najv\u00e4\u010d\u0161\u00edch svojho druhu na svete.<\/p>\n<blockquote><p>Harmony je celosvetov\u00e1 sie\u0165 lok\u00e1lnych spolo\u010dnost\u00ed zaoberaj\u00facich sa premiest\u0148ovan\u00edm, ktor\u00e1 udr\u017eiava siln\u00e9 rodinn\u00e9 hodnoty v\u010faka dedi\u010dstvu gener\u00e1ci\u00ed.<\/p><\/blockquote>\n<p>- <a href=\"http:\/\/www.abels.co.uk\/harmony-relocation-network\/\" target=\"_blank\" rel=\"noopener\">Abels<\/a><\/p>\n<blockquote><p>Harmony sp\u00e1ja to najlep\u0161ie z miestneho dedi\u010dstva s celosvetov\u00fdm meradlom, pri\u010dom rob\u00edme v\u0161etko navy\u0161e a pln\u00edme svoje s\u013euby. D\u00f4le\u017eitos\u0165 \u013eud\u00ed a miestneho prostredia si skuto\u010dne berieme k srdcu.<\/p><\/blockquote>\n<p>- <a href=\"https:\/\/theresforum.com\/partners\/harmony\/\" target=\"_blank\" rel=\"noopener\">F\u00f3rum RES<\/a><\/p>\n<blockquote><p>Sie\u0165 poskytuje \u0161irok\u00fa \u0161k\u00e1lu slu\u017eieb pred vyslan\u00edm, prepravou a cie\u013eovou destin\u00e1ciou, ktor\u00e9 pom\u00e1haj\u00fa sprev\u00e1dza\u0165 s\u00fakromn\u00e9 osoby alebo ved\u00facich pracovn\u00edkov \u013eudsk\u00fdch zdrojov a vyslan\u00e9 osoby po\u010das celej ich cesty od za\u010diatku a\u017e do konca.<\/p><\/blockquote>\n<p>- <a href=\"http:\/\/bournesmoves.com\/relocation\/harmony-relocation-network.htm\" target=\"_blank\" rel=\"noopener\">Bournes<\/a> <\/p>\n<p><a href=\"http:\/\/www.harmonyrelo.com\/\" target=\"_blank\" rel=\"noopener\">http:\/\/www.harmonyrelo.com\/<\/a><\/p>","protected":false},"excerpt":{"rendered":"<p>The Harmony Relocation Network (HRN) is a group of partner companies that was created to build a pan-European network for global relocation. Integration of infrastructure, technology, quality and sustainability is designed to produce a consistently high quality service. Key facts about HRH: The membership is made up of 140 members in 60 countries. The HRN [&hellip;]<\/p>\n","protected":false},"author":1,"featured_media":0,"parent":0,"menu_order":0,"comment_status":"closed","ping_status":"closed","template":"","meta":{"_genesis_hide_title":false,"_genesis_hide_breadcrumbs":false,"_genesis_hide_singular_image":false,"_genesis_hide_footer_widgets":false,"_genesis_custom_body_class":"","_genesis_custom_post_class":"","_genesis_layout":"","footnotes":""},"class_list":{"0":"post-443","1":"page","2":"type-page","3":"status-publish","5":"entry"},"_links":{"self":[{"href":"https:\/\/moverdb.com\/sk\/wp-json\/wp\/v2\/pages\/443","targetHints":{"allow":["GET"]}}],"collection":[{"href":"https:\/\/moverdb.com\/sk\/wp-json\/wp\/v2\/pages"}],"about":[{"href":"https:\/\/moverdb.com\/sk\/wp-json\/wp\/v2\/types\/page"}],"author":[{"embeddable":true,"href":"https:\/\/moverdb.com\/sk\/wp-json\/wp\/v2\/users\/1"}],"replies":[{"embeddable":true,"href":"https:\/\/moverdb.com\/sk\/wp-json\/wp\/v2\/comments?post=443"}],"version-history":[{"count":6,"href":"https:\/\/moverdb.com\/sk\/wp-json\/wp\/v2\/pages\/443\/revisions"}],"predecessor-version":[{"id":6219,"href":"https:\/\/moverdb.com\/sk\/wp-json\/wp\/v2\/pages\/443\/revisions\/6219"}],"wp:attachment":[{"href":"https:\/\/moverdb.com\/sk\/wp-json\/wp\/v2\/media?parent=443"}],"curies":[{"name":"wp","href":"https:\/\/api.w.org\/{rel}","templated":true}]}}