{"id":442,"date":"2016-06-12T20:08:54","date_gmt":"2016-06-12T20:08:54","guid":{"rendered":"http:\/\/moverdb.com\/?page_id=442"},"modified":"2026-01-08T14:48:14","modified_gmt":"2026-01-08T14:48:14","slug":"euromovers","status":"publish","type":"page","link":"https:\/\/moverdb.com\/sk\/euromovers\/","title":{"rendered":"Vysvetlenie partnerstva eur\u00f3pskych prepravcov (EUROMOVERS International)"},"content":{"rendered":"<p>Spolo\u010dnos\u0165 Euromovers s\u00eddli v <a href=\"https:\/\/moverdb.com\/sk\/moving-to-luxembourg\/\" data-internallinksmanager029f6b8e52c=\"349\" title=\"S\u0165ahovanie do Luxemburska? 2026 N\u00e1klady na b\u00fdvanie a tipy na pres\u0165ahovanie\">Luxembursko<\/a> a sklad\u00e1 sa z viacer\u00fdch popredn\u00fdch <a href=\"https:\/\/moverdb.com\/sk\/stahovacie-spolocnosti\/\">medzin\u00e1rodn\u00e9 s\u0165ahovacie spolo\u010dnosti<\/a> ktor\u00ed vytvorili sie\u0165 na z\u00e1klade spolo\u010dn\u00fdch noriem, v\u00edzie a smerovania. <\/p>\n<p>Skupina pon\u00faka s\u0165ahovacie slu\u017eby, ktor\u00e9 s\u00fa lep\u0161ie poskytovan\u00e9 v\u010faka sieti prepojen\u00fdch spolo\u010dnost\u00ed.<\/p>\n<p><strong>K\u013e\u00fa\u010dov\u00e9 fakty o spolo\u010dnosti Euromovers:<\/strong><\/p>\n<ol>\n<li>  Euromovers je sie\u0165 viac ako 70 s\u0165ahovac\u00edch spolo\u010dnost\u00ed.<\/li>\n<li>  \u010clensk\u00e9 organiz\u00e1cie poch\u00e1dzaj\u00fa z r\u00f4znych kraj\u00edn vr\u00e1tane <a href=\"https:\/\/moverdb.com\/sk\/moving-to-austria\/\" data-internallinksmanager029f6b8e52c=\"343\" title=\"S\u0165ahovanie do Rak\u00faska? 2026 N\u00e1klady na b\u00fdvanie a tipy na pres\u0165ahovanie\">Rak\u00fasko<\/a>, <a href=\"https:\/\/moverdb.com\/sk\/moving-to-belgium\/\" data-internallinksmanager029f6b8e52c=\"323\" title=\"S\u0165ahovanie do Belgicka? 2026 N\u00e1klady na b\u00fdvanie a tipy na pres\u0165ahovanie\">Belgicko<\/a>, <a href=\"https:\/\/moverdb.com\/sk\/moving-to-the-czech-republic\/\" data-internallinksmanager029f6b8e52c=\"391\" title=\"S\u0165ahujete sa do \u010ceskej republiky? 2024 N\u00e1klady na b\u00fdvanie a tipy na pres\u0165ahovanie\">\u010cesk\u00e1 republika<\/a>, <a href=\"https:\/\/moverdb.com\/sk\/moving-to-denmark\/\" data-internallinksmanager029f6b8e52c=\"335\" title=\"S\u0165ahovanie do D\u00e1nska? 2026 N\u00e1klady na b\u00fdvanie a tipy na pres\u0165ahovanie\">D\u00e1nsko<\/a>, <a href=\"https:\/\/moverdb.com\/sk\/moving-to-finland\/\" data-internallinksmanager029f6b8e52c=\"345\" title=\"S\u0165ahovanie do F\u00ednska? 2026 N\u00e1klady na \u017eivot a tipy na pres\u0165ahovanie\">F\u00ednsko<\/a>, <a href=\"https:\/\/moverdb.com\/sk\/moving-to-france\/\" data-internallinksmanager029f6b8e52c=\"315\" title=\"S\u0165ahovanie do Franc\u00fazska? 2026 N\u00e1klady na \u017eivot a tipy na pres\u0165ahovanie\">Franc\u00fazsko<\/a>, <a href=\"https:\/\/moverdb.com\/sk\/moving-to-germany\/\" data-internallinksmanager029f6b8e52c=\"321\" title=\"S\u0165ahovanie do Nemecka? 2026 N\u00e1klady na b\u00fdvanie a tipy na pres\u0165ahovanie\">Nemecko<\/a>, <a href=\"https:\/\/moverdb.com\/sk\/moving-to-greece\/\" data-internallinksmanager029f6b8e52c=\"353\" title=\"S\u0165ahovanie do Gr\u00e9cka? 2026 N\u00e1klady na b\u00fdvanie a tipy na pres\u0165ahovanie\">Gr\u00e9cko<\/a>, <a href=\"https:\/\/moverdb.com\/sk\/moving-to-italy\/\" data-internallinksmanager029f6b8e52c=\"346\" title=\"S\u0165ahovanie do Talianska? 2026 N\u00e1klady na b\u00fdvanie a tipy na pres\u0165ahovanie\">Taliansko<\/a>, Luxembursko, <a href=\"https:\/\/moverdb.com\/sk\/moving-to-the-netherlands\/\" data-internallinksmanager029f6b8e52c=\"328\" title=\"S\u0165ahujete sa do Holandska? 2026 N\u00e1klady na \u017eivot a tipy na pres\u0165ahovanie\">Holandsko<\/a>, <a href=\"https:\/\/moverdb.com\/sk\/moving-to-slovakia\/\" data-internallinksmanager029f6b8e52c=\"338\" title=\"S\u0165ahovanie na Slovensko? 2026 N\u00e1klady na b\u00fdvanie a tipy na pres\u0165ahovanie\">Slovensko<\/a>, <a href=\"https:\/\/moverdb.com\/sk\/moving-to-spain\/\" data-internallinksmanager029f6b8e52c=\"266\" title=\"S\u0165ahovanie do \u0160panielska? 2026 N\u00e1klady na b\u00fdvanie a tipy na pres\u0165ahovanie\">\u0160panielsko<\/a>, <a href=\"https:\/\/moverdb.com\/sk\/moving-to-switzerland\/\" data-internallinksmanager029f6b8e52c=\"327\" title=\"S\u0165ahovanie do \u0160vaj\u010diarska? 2026 N\u00e1klady na b\u00fdvanie a tipy na pres\u0165ahovanie\">\u0160vaj\u010diarsko<\/a> a <a href=\"https:\/\/moverdb.com\/sk\/medzinarodne-stahovanie\/\">Spojen\u00e9 kr\u00e1\u013eovstvo<\/a>, a mimo Eur\u00f3py v <a href=\"https:\/\/moverdb.com\/sk\/moving-to-the-united-states\/\" data-internallinksmanager029f6b8e52c=\"94\" title=\"S\u0165ahujete sa do Spojen\u00fdch \u0161t\u00e1tov? 2022 \u017divotn\u00e9 n\u00e1klady a tipy na pres\u0165ahovanie\">Spojen\u00e9 \u0161t\u00e1ty americk\u00e9<\/a>, <a href=\"https:\/\/moverdb.com\/sk\/moving-to-australia\/living-in-australia\/\" data-internallinksmanager029f6b8e52c=\"240\" title=\"21 tajomstiev o \u017eivote v Austr\u00e1lii, ktor\u00e9 by ste mali vedie\u0165 pred pres\u0165ahovan\u00edm\">Austr\u00e1lia<\/a>, Rusk\u00e1 feder\u00e1cia a <a href=\"https:\/\/moverdb.com\/sk\/moving-to-china\/\" data-internallinksmanager029f6b8e52c=\"357\" title=\"S\u0165ahovanie do \u010c\u00edny? 2026 N\u00e1klady na \u017eivot a tipy na pres\u0165ahovanie\">\u010c\u00edna<\/a>.<\/li>\n<li>  Spolo\u010dnos\u0165 Euromovers poskytuje s\u0165ahovacie slu\u017eby, nie je obchodn\u00fdm zdru\u017een\u00edm.<\/li>\n<li>  Ka\u017ed\u00fd pridru\u017een\u00fd partner siete Euromovers sa z\u00fa\u010dast\u0148uje na pravideln\u00fdch auditoch a kontrol\u00e1ch s cie\u013eom zabezpe\u010di\u0165 dodr\u017eiavanie stanoven\u00fdch noriem.<\/li>\n<li>  Euromovers je \u010dlenom, ak <a href=\"https:\/\/moverdb.com\/sk\/som\/\">Medzin\u00e1rodn\u00e1 asoci\u00e1cia s\u0165ahovate\u013eov<\/a> a je dr\u017eite\u013eom certifik\u00e1tov kvality ISO 9001 (slu\u017eby mana\u017e\u00e9rstva kvality), ISO 14001 (syst\u00e9my environment\u00e1lneho mana\u017e\u00e9rstva) a ISO 27001 (syst\u00e9my informa\u010dnej bezpe\u010dnosti).<\/li>\n<\/ol>\n<p><strong>Profil partnerstva European Mover:<\/strong><\/p>\n<p>Spolo\u010dnos\u0165 Euromovers pon\u00faka <a href=\"https:\/\/moverdb.com\/sk\/medzinarodne-stahovanie\/\">Eur\u00f3pske s\u0165ahovanie a s\u0165ahovanie do zahrani\u010dia<\/a> prostredn\u00edctvom svojich 70 \u010dlenov, ktor\u00ed s\u00fa rozmiestnen\u00ed v krajin\u00e1ch Eur\u00f3py a v \u0161ir\u0161om okol\u00ed, napr\u00edklad v \u010c\u00edne a Rusku. <\/p>\n<p>Poskytuje s\u0165ahovacie a s\u0165ahovacie slu\u017eby od dver\u00ed k dver\u00e1m pre firmy a jednotlivcov, skladovacie rie\u0161enia, firemn\u00e9 rie\u0161enia a prepravu v\u00fdtvarn\u00e9ho umenia. Vz\u00e1jomn\u00e9 partnerstvo, na ktorom je spolo\u010dnos\u0165 Euromovers zalo\u017een\u00e1, jej pom\u00e1ha nap\u013a\u0148a\u0165 v\u00edziu integrovan\u00e9ho s\u0165ahovania do akejko\u013evek svetovej destin\u00e1cie.<\/p>\n<p><strong>Krit\u00e9ri\u00e1 \u010dlenstva:<\/strong><\/p>\n<p>Na internete nie s\u00fa uveden\u00e9 \u017eiadne podrobnosti o krit\u00e9ri\u00e1ch \u010dlenstva.<\/p>\n<p><strong>Pr\u00edklady \u010dlensk\u00fdch spolo\u010dnost\u00ed<\/strong><\/p>\n<ul>\n<li> <a href=\"https:\/\/moverdb.com\/sk\/atlas-van-lines-international\/\">Atlas Van Lines<\/a><\/li>\n<\/ul>\n<p><strong>N\u00e1zory na Partnerstvo eur\u00f3pskych prepravcov<\/strong><\/p>\n<p>Zd\u00e1 sa, \u017ee okrem vlastnej webovej str\u00e1nky sa spolo\u010dnos\u0165 European Mover Partnership nikde inde na internete neuv\u00e1dza. Existuje \u010fal\u0161ia organiz\u00e1cia s podobn\u00fdm n\u00e1zvom - Euro Movers International LLC, ktor\u00e1 m\u00e1 s\u00eddlo v <a href=\"https:\/\/moverdb.com\/sk\/moving-to-dubai\/\" data-internallinksmanager029f6b8e52c=\"246\" title=\"S\u0165ahovanie do Dubaja? 2026 N\u00e1klady na b\u00fdvanie a tipy na pres\u0165ahovanie\">Dubaj<\/a>, ale nie je s\u00fa\u010das\u0165ou skupiny. <\/p>\n<p>Dubajsk\u00e1 spolo\u010dnos\u0165 Euromovers dost\u00e1va <a href=\"http:\/\/www.complaintsboard.com\/complaints\/euro-movers-dubai-c431198.html\" target=\"_blank\" rel=\"noopener\">ve\u013emi negat\u00edvne recenzie<\/a>.<\/p>\n<p><strong>Webov\u00e1 lokalita:<\/strong> <a href=\"http:\/\/www.euromovers.com\/\" target=\"_blank\" rel=\"noopener\">http:\/\/www.euromovers.com\/<\/a><\/p>","protected":false},"excerpt":{"rendered":"<p>Euromovers is based in Luxembourg and is made up of a number of leading international moving companies who have formed a network on the basis of shared standards, vision and direction. The group offers moving services that are better provided because of its network of connected companies. Key facts about Euromovers: Euromovers is a network [&hellip;]<\/p>\n","protected":false},"author":1,"featured_media":0,"parent":0,"menu_order":0,"comment_status":"closed","ping_status":"closed","template":"","meta":{"_genesis_hide_title":false,"_genesis_hide_breadcrumbs":false,"_genesis_hide_singular_image":false,"_genesis_hide_footer_widgets":false,"_genesis_custom_body_class":"","_genesis_custom_post_class":"","_genesis_layout":"","footnotes":""},"class_list":{"0":"post-442","1":"page","2":"type-page","3":"status-publish","5":"entry"},"_links":{"self":[{"href":"https:\/\/moverdb.com\/sk\/wp-json\/wp\/v2\/pages\/442","targetHints":{"allow":["GET"]}}],"collection":[{"href":"https:\/\/moverdb.com\/sk\/wp-json\/wp\/v2\/pages"}],"about":[{"href":"https:\/\/moverdb.com\/sk\/wp-json\/wp\/v2\/types\/page"}],"author":[{"embeddable":true,"href":"https:\/\/moverdb.com\/sk\/wp-json\/wp\/v2\/users\/1"}],"replies":[{"embeddable":true,"href":"https:\/\/moverdb.com\/sk\/wp-json\/wp\/v2\/comments?post=442"}],"version-history":[{"count":5,"href":"https:\/\/moverdb.com\/sk\/wp-json\/wp\/v2\/pages\/442\/revisions"}],"predecessor-version":[{"id":6203,"href":"https:\/\/moverdb.com\/sk\/wp-json\/wp\/v2\/pages\/442\/revisions\/6203"}],"wp:attachment":[{"href":"https:\/\/moverdb.com\/sk\/wp-json\/wp\/v2\/media?parent=442"}],"curies":[{"name":"wp","href":"https:\/\/api.w.org\/{rel}","templated":true}]}}