{"id":440,"date":"2016-06-12T19:59:07","date_gmt":"2016-06-12T19:59:07","guid":{"rendered":"http:\/\/moverdb.com\/?page_id=440"},"modified":"2026-01-08T13:19:01","modified_gmt":"2026-01-08T13:19:01","slug":"iata","status":"publish","type":"page","link":"https:\/\/moverdb.com\/sk\/iata\/","title":{"rendered":"Vysvetlenie Medzin\u00e1rodnej asoci\u00e1cie leteck\u00fdch dopravcov (IATA)"},"content":{"rendered":"<p>Medzin\u00e1rodn\u00e9 zdru\u017eenie leteck\u00fdch dopravcov (IATA) je glob\u00e1lne obchodn\u00e9 zdru\u017eenie svetov\u00fdch leteck\u00fdch spolo\u010dnost\u00ed. <\/p>\n<p>Jej poslan\u00edm je vies\u0165 svojich \u010dlenov, sl\u00fa\u017ei\u0165 im a zastupova\u0165 ich z\u00e1ujmy tak, aby sa podporil priemysel letiskovej dopravy.<\/p>\n<p><strong>K\u013e\u00fa\u010dov\u00e9 fakty o IATA:<\/strong><\/p>\n<ol>\n<li>  Predstavuje pribli\u017ene 260 leteck\u00fdch spolo\u010dnost\u00ed alebo 83% celkovej leteckej dopravy.<\/li>\n<li>  M\u00e1 celosvetov\u00fd dosah.<\/li>\n<li>  Lety \u010dlenov IATA predstavuj\u00fa 83% celkovej prepravy.<\/li>\n<li>  Bola zalo\u017een\u00e1 v Havane na Kube v apr\u00edli 1945.<\/li>\n<li>  Pri svojom zalo\u017een\u00ed v roku 1945 mala 57 \u010dlenov z 31 kraj\u00edn, preva\u017ene z Eur\u00f3py a Severnej Ameriky. Dnes m\u00e1 pribli\u017ene 260 \u010dlenov zo 117 kraj\u00edn zo v\u0161etk\u00fdch k\u00fatov sveta.<\/li>\n<li>  Medzi jej priority patr\u00ed bezpe\u010dnos\u0165, ochrana, \u017eivotn\u00e9 prostredie, slu\u017eby, zjednodu\u0161enie podnikania a pomoc pri budovan\u00ed vz\u0165ahov v r\u00e1mci odvetvia.<\/li>\n<li>  Pl\u00e1n faktur\u00e1cie a z\u00fa\u010dtovania IATA sl\u00fa\u017ei ako finan\u010dn\u00fd z\u00e1klad odvetvia t\u00fdm, \u017ee riadi tok viac ako $270 mili\u00e1rd eur, ktor\u00e9 sa ro\u010dne z\u00edskaj\u00fa z predaja leteniek cestovn\u00fdch kancel\u00e1ri\u00ed leteck\u00fdm spolo\u010dnostiam.<\/li>\n<\/ol>\n<p><strong>Profil Medzin\u00e1rodnej asoci\u00e1cie leteckej dopravy:<\/strong><\/p>\n<p>IATA je celosvetovo uzn\u00e1van\u00e9 obchodn\u00e9 zdru\u017eenie leteck\u00fdch spolo\u010dnost\u00ed, ktor\u00e9 p\u00f4sob\u00ed u\u017e viac ako 50 rokov. Medzi jej \u010dlenov patria <a href=\"https:\/\/moverdb.com\/sk\/zasielatelstvo\/\">n\u00e1kladn\u00e1 doprava<\/a> a osobn\u00fdch dopravcov a m\u00e1 pobo\u010dky v 53 krajin\u00e1ch sveta. <\/p>\n<p>Rozv\u00edjala sa spolu s odvetv\u00edm leteckej dopravy, pri\u010dom spolupracovala s t\u00fdmto odvetv\u00edm s cie\u013eom pom\u00f4c\u0165 pri vypracovan\u00ed noriem, postupov a prakt\u00edk na jeho regul\u00e1ciu a zabezpe\u010denie jednotnej \u00farovne slu\u017eieb pre z\u00e1kazn\u00edkov. IATA je skuto\u010dne glob\u00e1lna organiz\u00e1cia a jej 260 \u010dlenov poch\u00e1dza z viac ako 117 kraj\u00edn.<\/p>\n<p>Okrem ochrany spotrebite\u013ea sa IATA podie\u013ea aj na podpore udr\u017eate\u013enosti leteck\u00e9ho priemyslu. Organiz\u00e1cia pon\u00faka inform\u00e1cie o leteck\u00fdch spolo\u010dnostiach, cel\u00fd rad publik\u00e1ci\u00ed a vzdel\u00e1vac\u00edch programov a akredit\u00e1ciu pre pracovn\u00edkov v cestovnom ruchu. <\/p>\n<p>Okrem toho poskytuje cel\u00fd rad finan\u010dn\u00fdch slu\u017eieb, ako napr\u00edklad slu\u017eby vym\u00e1hania poh\u013ead\u00e1vok pre leteck\u00e9 spolo\u010dnosti.<\/p>\n<p><strong>Krit\u00e9ri\u00e1 \u010dlenstva<\/strong><\/p>\n<p>\u010clenstvo IATA s pln\u00fdmi pr\u00e1vami a v\u00fdsadami mo\u017eno z\u00edska\u0165 a\u017e po: administrat\u00edvnej kontrole zo strany oddelenia \u010dlenstva, zaplaten\u00ed v\u0161etk\u00fdch poplatkov za \u017eiados\u0165 a \u010dlensk\u00fdch pr\u00edspevkov.<\/p>\n<p>\u00daspe\u0161n\u00e9 absolvovanie IOSA bude ma\u0165 za n\u00e1sledok doplnenie registra IOSA. Pred schv\u00e1len\u00edm \u010dlenstva v IATA mus\u00ed by\u0165 leteck\u00e1 spolo\u010dnos\u0165 zap\u00edsan\u00e1 v registri IOSA.<\/p>\n<p>Potom sa predlo\u017e\u00ed formul\u00e1r \u017eiadosti spolu s t\u00fdmito podporn\u00fdmi dokumentmi:<\/p>\n<ul>\n<li> Overen\u00e1 k\u00f3pia osved\u010denia leteck\u00e9ho prev\u00e1dzkovate\u013ea (AOC) platn\u00e1 minim\u00e1lne \u0161es\u0165 mesiacov s ORIGIN\u00c1LOM pe\u010diatky, d\u00e1tumom a podpisom vyd\u00e1vaj\u00faceho org\u00e1nu (nie not\u00e1ra), pr\u00edpadne spolu s prev\u00e1dzkov\u00fdmi \u0161pecifik\u00e1ciami vydan\u00fdmi \u0161t\u00e1tom registr\u00e1cie.<\/li>\n<li> Overen\u00e1 k\u00f3pia osved\u010denia o registr\u00e1cii na pr\u00edslu\u0161nom org\u00e1ne, napr. obchodnej komore alebo rovnocennom org\u00e1ne. Overenie not\u00e1rom je prijate\u013en\u00e9.<\/li>\n<li> Auditovan\u00e9 finan\u010dn\u00e9 v\u00fdkazy \u017eiadaj\u00facej leteckej spolo\u010dnosti, a ak je v\u00e4\u010d\u0161inov\u00fdm vlastn\u00edkom in\u00e1 spolo\u010dnos\u0165 (vr\u00e1tane \u0161t\u00e1tneho vlastn\u00edctva), finan\u010dn\u00e9 v\u00fdkazy spolo\u010dnosti vlastn\u00edka. Tieto musia by\u0165 overen\u00e9 autorizovan\u00fdm alebo verejn\u00fdm \u00fa\u010dtovn\u00edkom. V pr\u00edpade nov\u00fdch leteck\u00fdch spolo\u010dnost\u00ed je prijate\u013en\u00fd podnikate\u013esk\u00fd pl\u00e1n vypracovan\u00fd autorizovan\u00fdm alebo verejn\u00fdm \u00fa\u010dtovn\u00edkom.<\/li>\n<li> V\u00fdro\u010dn\u00e1 spr\u00e1va \u017eiadaj\u00facej leteckej spolo\u010dnosti alebo stanovy spolo\u010dnosti, z ktor\u00fdch je zrejm\u00e9, ako je zalo\u017een\u00e1, alebo profil leteckej spolo\u010dnosti.<\/li>\n<li> Platn\u00e9 potvrdenia o poisten\u00ed s uveden\u00edm typu lietadla, registra\u010dn\u00e9ho \u010d\u00edsla ka\u017ed\u00e9ho lietadla a pr\u00edslu\u0161n\u00fdch \u00fadajov o registra\u010dnom org\u00e1ne, platn\u00e9 minim\u00e1lne \u0161es\u0165 mesiacov.<\/li>\n<li> Dopravn\u00e9 \u0161tatistiky za predch\u00e1dzaj\u00face dva roky. T\u00e1to po\u017eiadavka sa nevz\u0165ahuje na nov\u00e9 leteck\u00e9 spolo\u010dnosti.<\/li>\n<li> Zverejnen\u00fd letov\u00fd poriadok\/pl\u00e1n, ak leteck\u00e1 spolo\u010dnos\u0165 vykon\u00e1va pravideln\u00fa prev\u00e1dzku. V pr\u00edpade nepravidelnej prev\u00e1dzky sa vy\u017eaduje zoznam destin\u00e1ci\u00ed.<\/li>\n<\/ul>\n<p><strong>Zoznam \u010dlenov IATA <a href=\"https:\/\/moverdb.com\/sk\/moving-companies\/\" data-internallinksmanager029f6b8e52c=\"79\" title=\"Top 25 medzin\u00e1rodn\u00fdch s\u0165ahovac\u00edch spolo\u010dnost\u00ed online\">S\u0165ahovacie spolo\u010dnosti<\/a><\/strong><\/p>\n<ul>\n<li> <a href=\"https:\/\/moverdb.com\/sk\/armstrong-relocation\/\">Premiestnenie spolo\u010dnosti Armstrong<\/a><\/li>\n<li> <a href=\"https:\/\/moverdb.com\/sk\/atlas-van-lines-international\/\">Atlas Van Lines<\/a><\/li>\n<li> <a href=\"https:\/\/moverdb.com\/sk\/suddath\/\">Suddath<\/a><\/li>\n<li> <a href=\"https:\/\/moverdb.com\/sk\/nippon-express\/\">Nippon Express<\/a><\/li>\n<li> <a href=\"https:\/\/moverdb.com\/sk\/bolliger\/\">Bolliger<\/a><\/li>\n<\/ul>\n<p><strong>N\u00e1zory na Medzin\u00e1rodn\u00e9 zdru\u017eenie leteck\u00fdch dopravcov<\/strong><\/p>\n<p>IATA sa uv\u00e1dza na webov\u00fdch str\u00e1nkach v\u00e4\u010d\u0161iny ve\u013ek\u00fdch leteck\u00fdch spolo\u010dnost\u00ed (\u010dasto prostredn\u00edctvom identifika\u010dn\u00e9ho k\u00f3du IATA) a m\u00e1 aj vlastn\u00fa str\u00e1nku na Wikip\u00e9dii. <\/p>\n<p>Jeho v\u00fdznam ako obchodn\u00e9ho zdru\u017eenia je zrejm\u00fd, rovnako ako jeho \u00fa\u010das\u0165 na vypracovan\u00ed ur\u010dit\u00fdch priemyseln\u00fdch noriem pre sektor leteck\u00fdch spolo\u010dnost\u00ed. \u010casto sa poukazuje na skuto\u010dnos\u0165, \u017ee jej \u010dlenovia zabezpe\u010duj\u00fa a\u017e 90% svetovej pravidelnej leteckej dopravy. <\/p>\n<p>V online \u010dl\u00e1nkoch o leteckom priemysle sa \u010dasto spom\u00edna IATA a jej \u00fa\u010das\u0165 na rozhodovan\u00ed o k\u013e\u00fa\u010dov\u00fdch ot\u00e1zkach a predkladan\u00ed d\u00f4le\u017eit\u00fdch n\u00e1vrhov, ako je napr\u00edklad regul\u00e1cia ve\u013ekosti bato\u017einy ur\u010denej do horn\u00fdch odkladac\u00edch priestorov. <\/p>\n<p>IATA sa spom\u00edna v mnoh\u00fdch s\u00favislostiach, od partnerstva pri riaden\u00ed projektov a\u017e po nariadenie E\u00da. Vzh\u013eadom na frekvenciu a rozsah spr\u00e1v, v ktor\u00fdch sa IATA spom\u00edna, je zrejm\u00e9, \u017ee ide o akt\u00edvne a v\u00fdznamn\u00e9 obchodn\u00e9 zdru\u017eenie.<\/p>\n<p><strong>Webov\u00e1 lokalita:<\/strong> <a href=\"http:\/\/www.iata.org\/Pages\/default.aspx\" target=\"_blank\" rel=\"noopener\">http:\/\/www.iata.org\/Pages\/default.aspx<\/a><\/p>","protected":false},"excerpt":{"rendered":"<p>The International Air Transport Association (IATA) is the global trade association for the world&#8217;s airlines. Its mission is to lead and serve its members, as well as to represent their interests in a way that boosts the airport transport industry. Key facts about IATA: It represents around 260 airlines or 83% of total air traffic. [&hellip;]<\/p>\n","protected":false},"author":1,"featured_media":0,"parent":0,"menu_order":0,"comment_status":"closed","ping_status":"closed","template":"","meta":{"_genesis_hide_title":false,"_genesis_hide_breadcrumbs":false,"_genesis_hide_singular_image":false,"_genesis_hide_footer_widgets":false,"_genesis_custom_body_class":"","_genesis_custom_post_class":"","_genesis_layout":"","footnotes":""},"class_list":{"0":"post-440","1":"page","2":"type-page","3":"status-publish","5":"entry"},"_links":{"self":[{"href":"https:\/\/moverdb.com\/sk\/wp-json\/wp\/v2\/pages\/440","targetHints":{"allow":["GET"]}}],"collection":[{"href":"https:\/\/moverdb.com\/sk\/wp-json\/wp\/v2\/pages"}],"about":[{"href":"https:\/\/moverdb.com\/sk\/wp-json\/wp\/v2\/types\/page"}],"author":[{"embeddable":true,"href":"https:\/\/moverdb.com\/sk\/wp-json\/wp\/v2\/users\/1"}],"replies":[{"embeddable":true,"href":"https:\/\/moverdb.com\/sk\/wp-json\/wp\/v2\/comments?post=440"}],"version-history":[{"count":10,"href":"https:\/\/moverdb.com\/sk\/wp-json\/wp\/v2\/pages\/440\/revisions"}],"predecessor-version":[{"id":13161,"href":"https:\/\/moverdb.com\/sk\/wp-json\/wp\/v2\/pages\/440\/revisions\/13161"}],"wp:attachment":[{"href":"https:\/\/moverdb.com\/sk\/wp-json\/wp\/v2\/media?parent=440"}],"curies":[{"name":"wp","href":"https:\/\/api.w.org\/{rel}","templated":true}]}}