{"id":439,"date":"2016-06-12T19:46:10","date_gmt":"2016-06-12T19:46:10","guid":{"rendered":"http:\/\/moverdb.com\/?page_id=439"},"modified":"2026-01-08T14:40:02","modified_gmt":"2026-01-08T14:40:02","slug":"lacma","status":"publish","type":"page","link":"https:\/\/moverdb.com\/sk\/lacma\/","title":{"rendered":"Zdru\u017eenie medzin\u00e1rodn\u00fdch prepravcov z Latinskej Ameriky a Karibiku (LACMA)"},"content":{"rendered":"<p>Zdru\u017eenie Latinskej Ameriky a Karibiku International Movers Association (LACIMA) zastupuje s\u00fabor spolo\u010dnost\u00ed zaoberaj\u00facich sa s\u0165ahovan\u00edm a premiest\u0148ovan\u00edm s cie\u013eom podpori\u0165 integr\u00e1ciu miestnych podnikov, ako aj in\u00fdch podnikov z cel\u00e9ho sveta.<\/p>\n<p><strong>K\u013e\u00fa\u010dov\u00e9 fakty o LACMA:<\/strong><\/p>\n<ol>a<\/p>\n<li>  \u010clenstvo v LACMA je otvoren\u00e9 pre spolo\u010dnosti z Latinskej Ameriky a zvy\u0161ku sveta, ktor\u00e9 sa zaoberaj\u00fa s\u0165ahovan\u00edm a premiest\u0148ovan\u00edm.<\/li>\n<li>  Je to latinskoamerick\u00e9 zdru\u017eenie zast\u00fapen\u00e9 v <a href=\"https:\/\/moverdb.com\/sk\/fidi-faim\/\">FIDI<\/a>.<\/li>\n<li>  S\u00eddli v <a href=\"https:\/\/moverdb.com\/sk\/moving-to-panama\/\" data-internallinksmanager029f6b8e52c=\"432\" title=\"S\u0165ahovanie do Panamy? 2026 N\u00e1klady na b\u00fdvanie a tipy na pres\u0165ahovanie\">Panama<\/a>.<\/li>\n<li>  P\u00f4sob\u00ed ako sprostredkovate\u013e v pr\u00edpade ak\u00fdchko\u013evek konfliktov, ktor\u00e9 by mohli vznikn\u00fa\u0165 medzi jej \u010dlenmi alebo medzi \u010dlenom a in\u00fdmi osobami, ktor\u00e9 nie s\u00fa pridru\u017een\u00e9 k zdru\u017eeniu.<\/li>\n<li>  Nevy\u017eaduje, aby ich \u010dlenovia boli <a href=\"https:\/\/moverdb.com\/sk\/fidi-faim\/\" data-internallinksmanager029f6b8e52c=\"16\" title=\"Vysvetlenie FIDI a FAIM (FIDI akreditovan\u00fd medzin\u00e1rodn\u00fd prepravca)\">FIDI<\/a> pridru\u017een\u00e9 organiz\u00e1cie, ke\u010f\u017ee LACMA si zachov\u00e1va svoje nez\u00e1visl\u00e9 krit\u00e9ri\u00e1 pridru\u017eenia.<\/li>\n<li>  LACMA m\u00e1 vlastn\u00fd in\u0161tit\u00fat odbornej pr\u00edpravy, ktor\u00fd poskytuje semin\u00e1re na mieste a virtu\u00e1lne semin\u00e1re vr\u00e1tane kurzu odbornej pr\u00edpravy pre in\u0161truktorov Packers.<\/li>\n<li>  Pon\u00faka program z\u00e1ruk za platby, ktor\u00fd je zdrojom inform\u00e1ci\u00ed pre \u010dlenov, ktor\u00ed chc\u00fa vym\u00e1ha\u0165 nedoplatky od ostatn\u00fdch \u010dlenov zdru\u017eenia.<\/li>\n<li>  \u010clenstvo v LACMA m\u00f4\u017ee by\u0165 akt\u00edvne (podniky z Latinskej Ameriky a Karibiku, ktor\u00e9 sa akt\u00edvne zaoberaj\u00fa medzin\u00e1rodn\u00fdm s\u0165ahovan\u00edm a balen\u00edm, maj\u00fa vlastn\u00fd person\u00e1l, dopravn\u00e9 a skladovacie zariadenia), pridru\u017een\u00e9 (podniky mimo Latinskej Ameriky a Karibiku, ktor\u00e9 sa zaoberaj\u00fa medzin\u00e1rodn\u00fdm s\u0165ahovan\u00edm a balen\u00edm) alebo adjungovan\u00e9 (spolo\u010dnosti, ktor\u00e9 poskytuj\u00fa \u010dlenom u\u017eito\u010dn\u00fd tovar a slu\u017eby).<\/li>\n<li>  Organiz\u00e1cia uv\u00e1dza: \"FIDI Latinsk\u00e1 Amerika zastupuje 53 spolo\u010dnost\u00ed (FIDI-LACMA a FIDI-Non LACMA) v na\u0161om regi\u00f3ne.<\/li>\n<\/ol>\n<p><strong>Profil Asoci\u00e1cie medzin\u00e1rodn\u00fdch prepravcov z Latinskej Ameriky a Karibiku<\/strong><\/p>\n<p>LACMA bola vytvoren\u00e1 na zastupovanie z\u00e1ujmov svojich \u010dlenov a na stanovenie a udr\u017eiavanie \u0161tandardov slu\u017eieb v tomto odvetv\u00ed. <\/p>\n<p>Je to organiz\u00e1cia FIDI v Latinskej Amerike, \u010do jej dod\u00e1va ur\u010dit\u00fa d\u00f4veryhodnos\u0165, ke\u010f\u017ee ju FIDI uzn\u00e1va ako reprezentanta z\u00e1ujmov pridru\u017een\u00fdch spolo\u010dnost\u00ed FIDI v regi\u00f3ne. <\/p>\n<p>LACMA pon\u00faka nieko\u013eko typov \u010dlenstva vr\u00e1tane akt\u00edvneho a pridru\u017een\u00e9ho \u010dlenstva. Okrem toho poskytuje \u010dlenom \u0161irok\u00fa \u0161k\u00e1lu e-learningu, inform\u00e1ci\u00ed a semin\u00e1rov, ktor\u00e9 pom\u00e1haj\u00fa zlep\u0161i\u0165 znalosti a zefekt\u00edvni\u0165 podnikanie - In\u0161tit\u00fat vzdel\u00e1vania LACMA bol zalo\u017een\u00fd v roku 1992 s cie\u013eom lep\u0161ieho vzdel\u00e1vania \u010dlenov. <\/p>\n<p>\u010clenovia m\u00f4\u017eu vyu\u017e\u00edva\u0165 aj ur\u010dit\u00e9 ochrann\u00e9 opatrenia, ako napr\u00edklad program platobn\u00fdch z\u00e1ruk, ktor\u00fd je ur\u010den\u00fd na vym\u00e1hanie dl\u017en\u00fdch s\u00fam od in\u00fdch \u010dlenov, a program LACMA S.O.S., ktor\u00fd poskytuje humanit\u00e1rnu pomoc \u010dlenom postihnut\u00fdm pr\u00edrodn\u00fdmi katastrofami, ktor\u00e9 \u010dasto postihuj\u00fa t\u00fato \u010das\u0165 sveta.<\/p>\n<p><strong>Krit\u00e9ri\u00e1 \u010dlenstva:<\/strong><\/p>\n<p><u>Akt\u00edvni \u010dlenovia<\/u><\/p>\n<ul>\n<li> Vyplni\u0165 prihl\u00e1\u0161ku za \u010dlena na ofici\u00e1lnom formul\u00e1ri LACMA a poskytn\u00fa\u0165 po\u017eadovan\u00e9 inform\u00e1cie, s\u00fahlasi\u0165 s dodr\u017eiavan\u00edm stanov LACMA a jej predpisov, etick\u00e9ho k\u00f3dexu a uznesen\u00ed ur\u010den\u00fdch spr\u00e1vnou radou LACMA.<\/li>\n<li> Poskytn\u00fa\u0165 sponzorstvo piatim (5) akt\u00edvnym \u010dlenom LACMA.<\/li>\n<li> Poskytnite finan\u010dn\u00e9 v\u00fdkazy s pr\u00edslu\u0161n\u00fdmi pozn\u00e1mkami za posledn\u00e9 dva roky.<\/li>\n<li> Poskytnite firemn\u00fa chartu spolo\u010dnosti (vy\u017eaduje sa minim\u00e1lne \u0161tvorro\u010dn\u00e1 \u010dinnos\u0165 v <a href=\"https:\/\/moverdb.com\/sk\/stahovacie-spolocnosti\/\">medzin\u00e1rodn\u00e9 s\u0165ahovanie<\/a> priemysel).<\/li>\n<li> Zaplati\u0165 vstupn\u00fd poplatok, inicia\u010dn\u00fd poplatok PGP, ro\u010dn\u00e9 \u010dlensk\u00e9 poplatky PGP a LACMA po ukon\u010den\u00ed procesu pod\u00e1vania prihl\u00e1\u0161ok a schv\u00e1len\u00ed prihl\u00e1\u0161ky.<\/li>\n<\/ul>\n<p><u>Pridru\u017een\u00ed \u010dlenovia<\/u><\/p>\n<ul>\n<li> Vyplni\u0165 prihl\u00e1\u0161ku za \u010dlena na ofici\u00e1lnom formul\u00e1ri LACMA a poskytn\u00fa\u0165 po\u017eadovan\u00e9 inform\u00e1cie, s\u00fahlasi\u0165 s dodr\u017eiavan\u00edm stanov LACMA a jej predpisov, etick\u00e9ho k\u00f3dexu a uznesen\u00ed ur\u010den\u00fdch spr\u00e1vnou radou LACMA.<\/li>\n<li> Zabezpe\u010di\u0165 sponzorstvo piatich (5) akt\u00edvnych a\/alebo pridru\u017een\u00fdch \u010dlenov LACMA, pri\u010dom aspo\u0148 dvaja s\u00fa z pridru\u017een\u00fdch \u010dlenov.<\/li>\n<li> Poskytnite finan\u010dn\u00e9 v\u00fdkazy s pr\u00edslu\u0161n\u00fdmi pozn\u00e1mkami za posledn\u00e9 dva roky.<\/li>\n<li> Poskytnite firemn\u00fa chartu spolo\u010dnosti (vy\u017eaduje sa minim\u00e1lne \u0161tvorro\u010dn\u00e9 p\u00f4sobenie v oblasti vn\u00fatrozemsk\u00e9ho pohybu).<\/li>\n<li> Zaplati\u0165 vstupn\u00fd poplatok, inicia\u010dn\u00fd poplatok PGP, ro\u010dn\u00fd \u010dlensk\u00fd poplatok PGP a LACMA po ukon\u010den\u00ed procesu pod\u00e1vania prihl\u00e1\u0161ok a schv\u00e1len\u00ed prihl\u00e1\u0161ky.<\/li>\n<\/ul>\n<p><u>Pridru\u017een\u00ed \u010dlenovia<\/u><\/p>\n<ul>\n<li> Vyplni\u0165 prihl\u00e1\u0161ku za \u010dlena na ofici\u00e1lnom formul\u00e1ri LACMA a poskytn\u00fa\u0165 po\u017eadovan\u00e9 inform\u00e1cie, s\u00fahlasi\u0165 s dodr\u017eiavan\u00edm stanov LACMA a jej predpisov, etick\u00e9ho k\u00f3dexu a uznesen\u00ed ur\u010den\u00fdch spr\u00e1vnou radou LACMA.<\/li>\n<li> Poskytn\u00fa\u0165 sponzorstvo (2) akt\u00edvnym a\/alebo pridru\u017een\u00fdm \u010dlenom LACMA.<\/li>\n<li> Zapla\u0165te vstupn\u00fd poplatok a ro\u010dn\u00fd \u010dlensk\u00fd poplatok LACMA po ukon\u010den\u00ed procesu pod\u00e1vania \u017eiadosti a jej schv\u00e1len\u00ed. Inform\u00e1cie o citovan\u00fdch poplatkoch z\u00edskate na sekretari\u00e1te LACMA.<\/li>\n<li> Predlo\u017ete d\u00f4kaz, \u017ee pon\u00fakan\u00fd v\u00fdrobok alebo slu\u017eba sa obchoduje aspo\u0148 jeden rok.<\/li>\n<\/ul>\n<p><strong>Pr\u00edklady \u010dlensk\u00fdch spolo\u010dnost\u00ed<\/strong><\/p>\n<ul>\n<li> <a href=\"https:\/\/moverdb.com\/sk\/aires\/\">Aires<\/a><\/li>\n<li> <a href=\"https:\/\/moverdb.com\/sk\/arpin-international\/\">Spolo\u010dnos\u0165 Arpin International<\/a><\/li>\n<li> <a href=\"https:\/\/moverdb.com\/sk\/atlas-van-lines-international\/\">Atlas Van Lines<\/a><\/li>\n<li> <a href=\"https:\/\/moverdb.com\/sk\/santa-fe-relocation\/\">Santa Fe premiest\u0148ovacie slu\u017eby<\/a><\/li>\n<li> <a href=\"https:\/\/moverdb.com\/sk\/sterling-relocation\/\">Premiestnenie spolo\u010dnosti Sterling<\/a><\/li>\n<li> <a href=\"https:\/\/moverdb.com\/sk\/stevens-worldwide-van-lines\/\">Stevens Worldwide Van Lines<\/a><\/li>\n<li> <a href=\"https:\/\/moverdb.com\/sk\/amj-campbell-van-lines\/\">AMJ Campbell Van Lines<\/a><\/li>\n<li> <a href=\"https:\/\/moverdb.com\/sk\/suddath\/\">Suddath<\/a><\/li>\n<li> <a href=\"https:\/\/moverdb.com\/sk\/dt-pohyblive\/\">DT s\u0165ahovanie<\/a><\/li>\n<li> <a href=\"https:\/\/moverdb.com\/sk\/john-mason\/\">John Mason International Movers<\/a><\/li>\n<li> <a href=\"https:\/\/moverdb.com\/sk\/mudanzas-gou\/\">Mudanzas Gou<\/a><\/li>\n<li> <a href=\"https:\/\/moverdb.com\/sk\/gil-stauffer\/\">Gil Stauffer<\/a><\/li>\n<\/ul>\n<p><strong>N\u00e1zory na LACMA:<\/strong><\/p>\n<p>Z inform\u00e1ci\u00ed na internete vypl\u00fdva, \u017ee \u010dlenovia LACMA sa podie\u013eaj\u00fa na 90% s\u0165ahovaniach do a z regi\u00f3nu Latinskej Ameriky a Karibiku. Uv\u00e1dza sa, \u017ee je jedn\u00fdm z najd\u00f4le\u017eitej\u0161\u00edch <a href=\"https:\/\/moverdb.com\/sk\/organizacie-zdruzenia\/\">medzin\u00e1rodn\u00e9 s\u0165ahovacie &amp; prepravn\u00e9 organiz\u00e1cie<\/a>.<\/p>\n<p>S\u0165ahovatelia spom\u00ednaj\u00fa LACMA v s\u00favislosti s ubezpe\u010den\u00edm z\u00e1kazn\u00edkov o \u0161tandardoch profesionality a geografickom pokryt\u00ed. Jej \u010dlenovia s\u00fa uv\u00e1dzan\u00ed ako jedni z najlep\u0161\u00edch s\u0165ahovate\u013eov na svete a pod\u013ea inform\u00e1ci\u00ed na internete zastupuj\u00fa tieto oblasti: <em>\"Eur\u00f3pa 31%, The <a href=\"https:\/\/moverdb.com\/sk\/moving-to-the-united-states\/\" data-internallinksmanager029f6b8e52c=\"94\" title=\"S\u0165ahujete sa do Spojen\u00fdch \u0161t\u00e1tov? 2022 \u017divotn\u00e9 n\u00e1klady a tipy na pres\u0165ahovanie\">Spojen\u00e9 \u0161t\u00e1ty americk\u00e9<\/a> &amp; <a href=\"https:\/\/moverdb.com\/sk\/moving-to-canada\/\" data-internallinksmanager029f6b8e52c=\"265\" title=\"S\u0165ahovanie do Kanady? 2026 N\u00e1klady na b\u00fdvanie a tipy na pres\u0165ahovanie\">Kanada<\/a> 26%, Latinsk\u00e1 Amerika a Karibik 28% a <a href=\"https:\/\/moverdb.com\/sk\/moving-to-australia\/living-in-australia\/\" data-internallinksmanager029f6b8e52c=\"240\" title=\"21 tajomstiev o \u017eivote v Austr\u00e1lii, ktor\u00e9 by ste mali vedie\u0165 pred pres\u0165ahovan\u00edm\">Austr\u00e1lia<\/a>, Bl\u00edzky a \u010ealek\u00fd v\u00fdchod 15%.\"<\/em> <\/p>\n<p>Subjekty, ktor\u00e9 na svojich webov\u00fdch str\u00e1nkach uv\u00e1dzaj\u00fa LACMA, \u010dasto poch\u00e1dzaj\u00fa z kraj\u00edn mimo regi\u00f3nu, ale \u010dlenstvom v tejto organiz\u00e1cii preukazuj\u00fa svoj glob\u00e1lny dosah.<\/p>\n<blockquote><p>LACMA je zdru\u017eenie zlo\u017een\u00e9 z najlep\u0161\u00edch medzin\u00e1rodn\u00fdch s\u0165ahovate\u013eov z Latinskej Ameriky a Karibiku, ktor\u00ed zabezpe\u010duj\u00fa viac ako 90 % s\u0165ahovan\u00ed do a z tohto regi\u00f3nu.<\/p><\/blockquote>\n<p>- <a href=\"http:\/\/www.brytor.ca\/memberships.php\" target=\"_blank\" rel=\"noopener\">Brytor International Moving<\/a><\/p>\n<blockquote><p>LACMA je zdru\u017eenie, ktor\u00e9 zah\u0155\u0148a najlep\u0161\u00edch 260 <a href=\"https:\/\/moverdb.com\/sk\/moving-companies\/\" data-internallinksmanager029f6b8e52c=\"79\" title=\"Top 25 medzin\u00e1rodn\u00fdch s\u0165ahovac\u00edch spolo\u010dnost\u00ed online\">s\u0165ahovacie spolo\u010dnosti<\/a> sveta, najm\u00e4 z Latinskej Ameriky a Karibiku. V\u010faka svojej prest\u00ed\u017ei vytv\u00e1raj\u00fa 90% dovozu a v\u00fdvozu realizovan\u00e9ho v Latinskej Amerike.<\/p><\/blockquote>\n<p>- <a href=\"http:\/\/miglobal.com\/miglobal.com\/httpdocs\/affiliations.html\" target=\"_blank\" rel=\"noopener\">Mudanzas Internacionales Global<\/a><\/p>\n<p><strong>Webov\u00e1 lokalita:<\/strong> <a href=\"http:\/\/www.lacmassoc.org\/\" target=\"_blank\" rel=\"noopener\">http:\/\/www.lacmassoc.org\/<\/a><\/p>","protected":false},"excerpt":{"rendered":"<p>The Latin American and Caribbean International Movers Association (LACIMA) represents a collection of moving and relocation companies with a view to encouraging integration of locally based businesses, as well as others across the world. Key facts about LACMA: a Membership of LACMA is open to moving and relocation companies from Latin America and the rest [&hellip;]<\/p>\n","protected":false},"author":1,"featured_media":0,"parent":0,"menu_order":0,"comment_status":"closed","ping_status":"closed","template":"","meta":{"_genesis_hide_title":false,"_genesis_hide_breadcrumbs":false,"_genesis_hide_singular_image":false,"_genesis_hide_footer_widgets":false,"_genesis_custom_body_class":"","_genesis_custom_post_class":"","_genesis_layout":"","footnotes":""},"class_list":{"0":"post-439","1":"page","2":"type-page","3":"status-publish","5":"entry"},"_links":{"self":[{"href":"https:\/\/moverdb.com\/sk\/wp-json\/wp\/v2\/pages\/439","targetHints":{"allow":["GET"]}}],"collection":[{"href":"https:\/\/moverdb.com\/sk\/wp-json\/wp\/v2\/pages"}],"about":[{"href":"https:\/\/moverdb.com\/sk\/wp-json\/wp\/v2\/types\/page"}],"author":[{"embeddable":true,"href":"https:\/\/moverdb.com\/sk\/wp-json\/wp\/v2\/users\/1"}],"replies":[{"embeddable":true,"href":"https:\/\/moverdb.com\/sk\/wp-json\/wp\/v2\/comments?post=439"}],"version-history":[{"count":21,"href":"https:\/\/moverdb.com\/sk\/wp-json\/wp\/v2\/pages\/439\/revisions"}],"predecessor-version":[{"id":13169,"href":"https:\/\/moverdb.com\/sk\/wp-json\/wp\/v2\/pages\/439\/revisions\/13169"}],"wp:attachment":[{"href":"https:\/\/moverdb.com\/sk\/wp-json\/wp\/v2\/media?parent=439"}],"curies":[{"name":"wp","href":"https:\/\/api.w.org\/{rel}","templated":true}]}}