{"id":438,"date":"2016-06-12T15:34:55","date_gmt":"2016-06-12T15:34:55","guid":{"rendered":"http:\/\/moverdb.com\/?page_id=438"},"modified":"2026-01-08T15:20:25","modified_gmt":"2026-01-08T15:20:25","slug":"ncbfaa","status":"publish","type":"page","link":"https:\/\/moverdb.com\/sk\/ncbfaa\/","title":{"rendered":"N\u00e1rodn\u00e1 asoci\u00e1cia coln\u00fdch makl\u00e9rov a zasielate\u013eov v Amerike (NCBFAA)"},"content":{"rendered":"<p>N\u00e1rodn\u00e1 asoci\u00e1cia coln\u00fdch makl\u00e9rov a zasielate\u013eov v Amerike (National Customs Brokers &amp; Forwarders Association of America - NCBFAA) je pova\u017eovan\u00e1 za hlas odvetvia dopravnej logistiky v Amerike. <\/p>\n<p>Je to organiz\u00e1cia, ktor\u00e1 sa neust\u00e1le sna\u017e\u00ed zastupova\u0165 svojich \u010dlenov a sektor na pr\u00e1vnej a regula\u010dnej \u00farovni.<\/p>\n<p><strong>K\u013e\u00fa\u010dov\u00e9 fakty o NCBFAA:<\/strong><\/p>\n<ol>\n<li>  NCBFAA zastupuje viac ako 970 \u010dlensk\u00fdch spolo\u010dnost\u00ed so 110 000 zamestnancami v medzin\u00e1rodnom obchode.<\/li>\n<li>  NCBFAA bola zalo\u017een\u00e1 v roku 1897 v <a href=\"https:\/\/moverdb.com\/sk\/stahovanie-do-nc\/\">New York<\/a>.<\/li>\n<li>  Medzi \u010dlenov NCBFAA patria <a href=\"https:\/\/moverdb.com\/sk\/zasielatelstvo\/\">\u0161pedit\u00e9ri<\/a>, coln\u00fdch makl\u00e9rov, sprostredkovate\u013eov n\u00e1mornej dopravy, NVOCC a leteck\u00fdch n\u00e1kladn\u00fdch agentov, ktor\u00ed poskytuj\u00fa slu\u017eby viac ako 250 000 dovozcov a v\u00fdvozcov.<\/li>\n<li>  \u010clenmi NCBFAA s\u00fa v\u00fdlu\u010dne americk\u00e9 podniky, okrem pridru\u017een\u00fdch \u010dlenov.<\/li>\n<li>  NCBFAA m\u00e1 nieko\u013eko hlavn\u00fdch typov \u010dlenstva: Riadne (licencovan\u00ed coln\u00ed sprostredkovatelia, licencovan\u00ed n\u00e1morn\u00ed zasielatelia, medzin\u00e1rodn\u00ed agenti pre leteck\u00fa prepravu a spolo\u010dn\u00ed dopravcovia, ktor\u00ed neprev\u00e1dzkuj\u00fa plavidl\u00e1 v Amerike), pridru\u017een\u00e9 (podnikaj\u00faci ako dod\u00e1vatelia alebo predajcovia slu\u017eieb s\u00favisiacich s prepravou, medzin\u00e1rodn\u00fdch obchodn\u00fdch slu\u017eieb alebo produktov \u0161pecifick\u00fdch pre funkcie v r\u00e1mci medzin\u00e1rodn\u00e9ho obchodu), pridru\u017een\u00e9 (coln\u00ed sprostredkovatelia a\/alebo medzin\u00e1rodn\u00ed <a href=\"https:\/\/moverdb.com\/sk\/freight-forwarder\/\" data-internallinksmanager029f6b8e52c=\"17\" title=\"Sprievodca medzin\u00e1rodn\u00fdmi n\u00e1kladmi a spolo\u010dnos\u0165ami zasielate\u013estva a NVOCC\">zasielate\u013e<\/a> so s\u00eddlom mimo Ameriky).<\/li>\n<li>  NCBFAA m\u00e1 s\u00eddlo v <a href=\"https:\/\/moverdb.com\/sk\/stahovanie-do-washingtonu-dc\/\">Washington<\/a>.<\/li>\n<li>  Hlavnou \u00falohou NCBFAA je pozorne sledova\u0165 legislat\u00edvne a regula\u010dn\u00e9 ot\u00e1zky, ktor\u00e9 maj\u00fa vplyv na \u010dlenov, a informova\u0165 o nich \u010dlenov.<\/li>\n<li>  NCBFAA sa pova\u017euje za \u00fa\u010dinn\u00fd n\u00e1rodn\u00fd hlas tohto odvetvia.<\/li>\n<\/ol>\n<p><strong>Profil N\u00e1rodnej asoci\u00e1cie coln\u00fdch makl\u00e9rov a zasielate\u013eov v Amerike<\/strong><\/p>\n<p>NCBFAA zohr\u00e1va d\u00f4le\u017eit\u00fa \u00falohu pri zastupovan\u00ed \u010dlenov logistick\u00e9ho priemyslu v Amerike. Zap\u00e1ja sa do diskusi\u00ed o ot\u00e1zkach, ktor\u00e9 maj\u00fa vplyv na toto odvetvie, napr\u00edklad o colnej legislat\u00edve, a lobuje v Kongrese s cie\u013eom presadzova\u0165 a chr\u00e1ni\u0165 pr\u00e1va a z\u00e1ujmy \u010dlenov. <\/p>\n<p>NCBFAA bola kedysi zn\u00e1ma ako Baltimore Customs Brokers and Forwarders Association a za\u010dala ako priemyseln\u00e1 organiz\u00e1cia, ktor\u00e1 propagovala a vzdel\u00e1vala <a href=\"https:\/\/moverdb.com\/sk\/top-49-container-ports\/\" data-internallinksmanager029f6b8e52c=\"80\" title=\"49 najv\u00e4\u010d\u0161\u00edch a najvy\u0165a\u017eenej\u0161\u00edch kontajnerov\u00fdch pr\u00edstavov v roku 2025\">Pr\u00edstav<\/a> z Baltimoru. <\/p>\n<p>V roku 1983 sa organiz\u00e1cia premenovala na NCBFAA, \"aby lep\u0161ie odr\u00e1\u017eala nov\u00fd a \u0161ir\u0161\u00ed rozsah p\u00f4sobnosti\". NCBFAA je neziskov\u00e1 organiz\u00e1cia, ktorej cie\u013eom bolo presadzova\u0165 z\u00e1ujmy svojich \u010dlenov - a presadzova\u0165 ich ciele - na spotrebite\u013eskom trhu aj v centre pozornosti vl\u00e1dy.<\/p>\n<p><strong>Krit\u00e9ri\u00e1 \u010dlenstva:<\/strong><\/p>\n<p>Pod\u013ea stanov NCBFAA musia v\u0161etci uch\u00e1dza\u010di o \u010dlenstvo: <\/p>\n<blockquote><p>... navrhne jeden riadny \u010dlen a podpor\u00ed ho in\u00fd riadny \u010dlen na formul\u00e1ri ur\u010denom na tento \u00fa\u010del, ktor\u00fd obsahuje meno, adresu a povolanie \u017eiadate\u013ea a men\u00e1 riadnych \u010dlenov, ktor\u00ed \u017eiados\u0165 navrhuj\u00fa a podporuj\u00fa. Povinnos\u0165ou navrhuj\u00facich a podporuj\u00facich poslancov je poskytn\u00fa\u0165 inform\u00e1cie o postaven\u00ed a charaktere \u017eiadate\u013ea.<\/p><\/blockquote>\n<p>Je potrebn\u00e9 zaplati\u0165 \u010dlensk\u00e9 poplatky, vyplni\u0165 formul\u00e1r a potenci\u00e1lni \u010dlenovia musia preuk\u00e1za\u0165, \u017ee patria do niektorej z \u010dlensk\u00fdch kateg\u00f3ri\u00ed, napr.<\/p>\n<ul>\n<li> Coln\u00fd makl\u00e9r - \u010d\u00edslo licencie makl\u00e9ra<\/li>\n<li> OTI - \u010c\u00edslo licencie FMC<\/li>\n<li> Medzin\u00e1rodn\u00fd leteck\u00fd \u0161pedit\u00e9r\/leteck\u00fd n\u00e1kladn\u00fd agent: CNS\/<a href=\"https:\/\/moverdb.com\/sk\/iata\/\">IATA<\/a> Registra\u010dn\u00e9 \u010d\u00edslo<\/li>\n<li> NVOCC: \u010c\u00edslo dlhopisu FMC<\/li>\n<\/ul>\n<p><strong>N\u00e1zory na NCBFAA<\/strong><\/p>\n<p>NCBFAA sa na webov\u00fdch str\u00e1nkach jednotliv\u00fdch podnikov neuv\u00e1dza pr\u00edli\u0161 \u010dasto. \u010castej\u0161ie sa v\u0161ak uv\u00e1dza ako informa\u010dn\u00fd zdroj a zdroj u\u017eito\u010dn\u00fdch \u00fadajov o \u0161pedit\u00e9roch a pre \u0161pedit\u00e9rov. <\/p>\n<p>Na viacer\u00fdch webov\u00fdch str\u00e1nkach sa objavuj\u00fa aj \u0161tandardn\u00e9 podmienky vypracovan\u00e9 NCBFAA - s upozornen\u00edm, \u017ee boli spr\u00edstupnen\u00e9 \u010dlenom a NCBFAA za ne nenesie \u017eiadnu pr\u00e1vnu zodpovednos\u0165. <\/p>\n<p>To by znamenalo, \u017ee zdru\u017eenie pon\u00faka svojim \u010dlenom datab\u00e1zu dokumentov, ako aj inform\u00e1cie a poradenstvo. V\u00fdro\u010dn\u00e1 konferencia je tie\u017e zjavne v\u00fdznamn\u00fdm podujat\u00edm a dost\u00e1va sa jej zmienka o <a href=\"https:\/\/www.cbp.gov\/newsroom\/speeches-and-statements\/2016-04-20-000000\/commissioner-kerlikowske%E2%80%99s-remarks-national\" target=\"_blank\" rel=\"noopener\">Webov\u00e1 str\u00e1nka colnej a pohrani\u010dnej ochrany USA<\/a>.<\/p>\n<blockquote><p>NCBFAA je \u00fa\u010dinn\u00fdm n\u00e1rodn\u00fdm hlasom tohto odvetvia. Prostredn\u00edctvom r\u00f4znych v\u00fdborov, poradcov a z\u00e1stupcov asoci\u00e1cia pozorne sleduje legislat\u00edvne a regula\u010dn\u00e9 ot\u00e1zky, ktor\u00e9 ovplyv\u0148uj\u00fa jej \u010dlenov.<\/p><\/blockquote>\n<p>- <a href=\"http:\/\/www.shipuwl.com\/member-of-national-customs-brokers-forwarders-association-of-america-inc-ncbfaa\/\" target=\"_blank\" rel=\"noopener\">UWL<\/a><\/p>\n<blockquote><p>Agent\u00fara pozorne sleduje legislat\u00edvne a regula\u010dn\u00e9 ot\u00e1zky, ktor\u00e9 maj\u00fa vplyv na jej \u010dlenov...<\/p><\/blockquote>\n<p>- <a href=\"http:\/\/www.bdpinternational.com\/news-advisories-events\/trend-watch\/bdp-international-joins-the-national-customs-brokers-forwarders-association-of-america-inc\/\" target=\"_blank\" rel=\"noopener\">BDP International<\/a><\/p>\n<p><strong>\u010eal\u0161ie inform\u00e1cie:<\/strong> <a href=\"https:\/\/moverdb.com\/sk\/zasielatelstvo\/\">Sprievodca medzin\u00e1rodn\u00fdmi n\u00e1kladmi a spolo\u010dnos\u0165ami zasielate\u013estva a NVOCC<\/a> <\/p>\n<p><strong>Webov\u00e1 lokalita:<\/strong> <a href=\"http:\/\/www.ncbfaa.org\/\" target=\"_blank\" rel=\"noopener\">http:\/\/www.ncbfaa.org\/<\/a><\/p>","protected":false},"excerpt":{"rendered":"<p>The National Customs Brokers &#038; Forwarders Association of America (NCBFAA) is viewed as the voice of the transportation logistics industry in America. It is an organisation that constantly works to represent its members and sector, on a legal and regulatory level. Key facts about NCBFAA: The NCBFAA represents more than 970 member companies, with 110,000 [&hellip;]<\/p>\n","protected":false},"author":1,"featured_media":0,"parent":0,"menu_order":0,"comment_status":"closed","ping_status":"closed","template":"","meta":{"_genesis_hide_title":false,"_genesis_hide_breadcrumbs":false,"_genesis_hide_singular_image":false,"_genesis_hide_footer_widgets":false,"_genesis_custom_body_class":"","_genesis_custom_post_class":"","_genesis_layout":"","footnotes":""},"class_list":{"0":"post-438","1":"page","2":"type-page","3":"status-publish","5":"entry"},"_links":{"self":[{"href":"https:\/\/moverdb.com\/sk\/wp-json\/wp\/v2\/pages\/438","targetHints":{"allow":["GET"]}}],"collection":[{"href":"https:\/\/moverdb.com\/sk\/wp-json\/wp\/v2\/pages"}],"about":[{"href":"https:\/\/moverdb.com\/sk\/wp-json\/wp\/v2\/types\/page"}],"author":[{"embeddable":true,"href":"https:\/\/moverdb.com\/sk\/wp-json\/wp\/v2\/users\/1"}],"replies":[{"embeddable":true,"href":"https:\/\/moverdb.com\/sk\/wp-json\/wp\/v2\/comments?post=438"}],"version-history":[{"count":8,"href":"https:\/\/moverdb.com\/sk\/wp-json\/wp\/v2\/pages\/438\/revisions"}],"predecessor-version":[{"id":6223,"href":"https:\/\/moverdb.com\/sk\/wp-json\/wp\/v2\/pages\/438\/revisions\/6223"}],"wp:attachment":[{"href":"https:\/\/moverdb.com\/sk\/wp-json\/wp\/v2\/media?parent=438"}],"curies":[{"name":"wp","href":"https:\/\/api.w.org\/{rel}","templated":true}]}}