{"id":436,"date":"2016-06-12T14:04:20","date_gmt":"2016-06-12T14:04:20","guid":{"rendered":"http:\/\/moverdb.com\/?page_id=436"},"modified":"2026-05-15T14:55:39","modified_gmt":"2026-05-15T14:55:39","slug":"aima","status":"publish","type":"page","link":"https:\/\/moverdb.com\/sk\/aima\/","title":{"rendered":"Vysvetlenie Austr\u00e1lskej asoci\u00e1cie medzin\u00e1rodn\u00fdch s\u0165ahovate\u013eov (AIMA)"},"content":{"rendered":"<p>Austr\u00e1lska asoci\u00e1cia medzin\u00e1rodn\u00fdch prepravcov (AIMA) sa ozna\u010duje za profesion\u00e1lne f\u00f3rum pre <a href=\"https:\/\/moverdb.com\/sk\/international-removals\/\" data-internallinksmanager029f6b8e52c=\"27\" title=\"36 najlep\u0161\u00edch medzin\u00e1rodn\u00fdch s\u0165ahovac\u00edch spolo\u010dnost\u00ed v Spojenom kr\u00e1\u013eovstve\">medzin\u00e1rodn\u00e9 s\u0165ahovanie<\/a> priemysel. \u010clenovia musia ma\u0165 <a href=\"https:\/\/moverdb.com\/sk\/fidi-faim\/\">FIDI\/FAIM<\/a> alebo sp\u013a\u0148a\u0165 pr\u00edsne krit\u00e9ri\u00e1 \u010dlenstva vr\u00e1tane po\u017eiadaviek na finan\u010dn\u00fa bez\u00fahonnos\u0165.<\/p>\n<p><strong>K\u013e\u00fa\u010dov\u00e9 fakty o spolo\u010dnosti AIMA:<\/strong><\/p>\n<ol>\n<li>  Bola zalo\u017een\u00e1 v roku 1975.<\/li>\n<li>  M\u00e1 pribli\u017ene 60 \u010dlenov v <a href=\"https:\/\/moverdb.com\/sk\/moving-to-australia\/living-in-australia\/\" data-internallinksmanager029f6b8e52c=\"240\" title=\"21 tajomstiev o \u017eivote v Austr\u00e1lii, ktor\u00e9 by ste mali vedie\u0165 pred pres\u0165ahovan\u00edm\">Austr\u00e1lia<\/a>.<\/li>\n<li>  AIMA zastupuje s\u0165ahovac\u00ed priemysel v Austr\u00e1lii a nepri\u0165ahuje \u010dlenov zo zahrani\u010dia. Zastre\u0161uje v\u0161ak austr\u00e1lske spolo\u010dnosti, ktor\u00e9 vykon\u00e1vaj\u00fa <a href=\"https:\/\/moverdb.com\/sk\/stahovacie-spolocnosti\/\">medzin\u00e1rodn\u00e9 s\u0165ahovanie<\/a>.<\/li>\n<li>  Je uzn\u00e1van\u00e1 ako <a href=\"https:\/\/moverdb.com\/sk\/fidi-faim\/\" data-internallinksmanager029f6b8e52c=\"16\" title=\"Vysvetlenie FIDI a FAIM (FIDI akreditovan\u00fd medzin\u00e1rodn\u00fd prepravca)\">FIDI<\/a> Zdru\u017eenie v Austr\u00e1lii.<\/li>\n<li>  \u010clenovia nemusia by\u0165 dr\u017eite\u013emi certifik\u00e1tov FIDI\/FAIM, aby sa k nim mohli pripoji\u0165.<\/li>\n<li>  AIMA zastupuje pridru\u017een\u00e9 organiz\u00e1cie FIDI <a href=\"https:\/\/moverdb.com\/sk\/moving-companies\/australia-moving-companies\/\" data-internallinksmanager029f6b8e52c=\"176\" title=\"17 najlep\u0161\u00edch medzin\u00e1rodn\u00fdch s\u0165ahovac\u00edch spolo\u010dnost\u00ed v Austr\u00e1lii\">s\u0165ahov\u00e1ci v Austr\u00e1lii<\/a> ako \"Zdru\u017eenie FIDI\" a vysiela deleg\u00e1tov na kongres a valn\u00e9 zhroma\u017edenie FIDI, ktor\u00e9 sa konaj\u00fa ka\u017ed\u00fd rok.<\/li>\n<\/ol>\n<p><strong>Profil Austr\u00e1lskej asoci\u00e1cie medzin\u00e1rodn\u00fdch s\u0165ahovate\u013eov:<\/strong><\/p>\n<p>Poslan\u00edm AIMA je umo\u017eni\u0165 austr\u00e1lskemu s\u0165ahovaciemu priemyslu, aby sa riadil s\u00e1m, zlep\u0161oval svoje slu\u017eby, zabezpe\u010dil z\u00e1kazn\u00edkom lep\u0161ie slu\u017eby, chr\u00e1nil verejn\u00e9 z\u00e1ujmy a poskytol tomuto priemyslu sp\u00f4sob, ako jedna\u0165 s vl\u00e1dou. <\/p>\n<p>AIMA poskytuje aj nez\u00e1visl\u00fd s\u00fad pre spory. Je uznanou asoci\u00e1ciou FIDI v Austr\u00e1lii, \u010do znamen\u00e1, \u017ee s\u0165ahovatelia s FIDI\/FAIM maj\u00fa automaticky n\u00e1rok na \u010dlenstvo v AIMA. Austr\u00e1lska <a href=\"https:\/\/moverdb.com\/sk\/moving-companies\/\" data-internallinksmanager029f6b8e52c=\"79\" title=\"Top 25 medzin\u00e1rodn\u00fdch s\u0165ahovac\u00edch spolo\u010dnost\u00ed online\">s\u0165ahovacie spolo\u010dnosti<\/a> bez FAIM sa st\u00e1le m\u00f4\u017eu uch\u00e1dza\u0165 o \u010dlenstvo v AIMA, ale musia sp\u013a\u0148a\u0165 krit\u00e9ri\u00e1, ktor\u00e9 hodnotia ich odborn\u00e9 znalosti, zdroje, sk\u00fasenosti a finan\u010dn\u00fa situ\u00e1ciu. <\/p>\n<p>Procesom s\u00fadu pre spory AIMA s\u00fa viazan\u00ed len \u010dlenovia AIMA.<\/p>\n<p><strong>Krit\u00e9ri\u00e1 \u010dlenstva:<\/strong><\/p>\n<p>Pr\u00edsne krit\u00e9ri\u00e1 \u010dlenstva v AIMA zah\u0155\u0148aj\u00fa overenie prev\u00e1dzkov\u00fdch schopnost\u00ed a finan\u010dnej integrity. Podrobnosti o t\u00fdchto krit\u00e9ri\u00e1ch nie s\u00fa na webovej str\u00e1nke zverejnen\u00e9.<\/p>\n<p>Spolo\u010dnosti, ktor\u00e9 u\u017e s\u00fa dr\u017eite\u013emi FIDI\/FAIM, maj\u00fa automaticky n\u00e1rok na \u010dlenstvo.<\/p>\n<p><strong>\u010clensk\u00e9 spolo\u010dnosti<\/strong><\/p>\n<ul>\n<li> <a href=\"https:\/\/moverdb.com\/sk\/conroy-removals\/\">Conroy Removals<\/a><\/li>\n<\/ul>\n<p><strong>N\u00e1zory na spolo\u010dnos\u0165 AIMA:<\/strong><\/p>\n<p>AIMA je pova\u017eovan\u00e1 za jednu z mnoh\u00fdch organiz\u00e1ci\u00ed zaoberaj\u00facich sa medzin\u00e1rodn\u00fdm s\u0165ahovan\u00edm, ktor\u00e1 pon\u00faka istotu, \u017ee s\u0165ahovanie bude prebieha\u0165 pod\u013ea najvy\u0161\u0161\u00edch mo\u017en\u00fdch \u0161tandardov. Je to z\u00e1ruka, \u017ee s\u0165ahovacia spolo\u010dnos\u0165 m\u00e1 pr\u00edslu\u0161n\u00fa kvalifik\u00e1ciu a je na \u00farovni najlep\u0161\u00edch miestnych postupov. <\/p>\n<p>Mnoh\u00e9 podniky uv\u00e1dzaj\u00fa na svojich webov\u00fdch str\u00e1nkach AIMA ako medzin\u00e1rodn\u00fa akredit\u00e1ciu, ktor\u00e1 je popri in\u00fdch akredit\u00e1ci\u00e1ch, ako je FIDI, zn\u00e1mkou kvality. Dosah AIMA je v\u0161ak pomerne obmedzen\u00fd, preto\u017ee nem\u00e1 to\u013eko \u010dlenov ako niektor\u00e9 podobn\u00e9 organiz\u00e1cie v in\u00fdch krajin\u00e1ch.<\/p>\n<p>Existuje <a href=\"http:\/\/vandijktrack.com\/mim\/\" target=\"_blank\" rel=\"noopener\">jedna negat\u00edvna webov\u00e1 str\u00e1nka<\/a> \u017ee z\u00e1kazn\u00edk je v spore s \u010dlenom AIMA a \u017ee z\u00edskanie v\u00fdsledku sporu trvalo dlh\u0161\u00ed \u010das. <\/p>\n<p>T\u00e1to osoba nazna\u010duje, \u017ee by nebrala akredit\u00e1ciu AIMA pr\u00edli\u0161 v\u00e1\u017ene ako ukazovate\u013e kvality. Na webovej str\u00e1nke sa v\u0161ak tie\u017e uv\u00e1dza, \u017ee im AIMA poskytla pomoc a zd\u00e1 sa, \u017ee spor nebol aktualizovan\u00fd od roku 2010, \u010do nazna\u010duje, \u017ee sa n\u00edm zaoberali.<\/p>\n<blockquote><p>Verejnos\u0165, ktor\u00e1 si vyberie \u010dlena AIMA na vykonanie medzin\u00e1rodn\u00e9ho s\u0165ahovania, tak m\u00f4\u017ee urobi\u0165 s d\u00f4verou.<\/p><\/blockquote>\n<p>- <a href=\"http:\/\/www.ossworldwidemovers.com\/australian-international-movers-association\" target=\"_blank\" rel=\"noopener\">OSS World Wide Movers<\/a><\/p>\n<blockquote><p>Austr\u00e1lska asoci\u00e1cia medzin\u00e1rodn\u00fdch prepravcov (AIMA) - zabezpe\u010duje, aby \u010dlenovia boli primerane kvalifikovan\u00ed a mali k dispoz\u00edcii najnov\u0161ie osved\u010den\u00e9 postupy v odvetv\u00ed.<\/p><\/blockquote>\n<p>- <a href=\"http:\/\/www.internationalremovalsaustralia.com.au\/why-choose-us\" target=\"_blank\" rel=\"noopener\">KeysBros S\u0165ahovacie rie\u0161enia<\/a><\/p>\n<p><strong>Webov\u00e1 lokalita:<\/strong> <a href=\"http:\/\/aima.com.au\/\" target=\"_blank\" rel=\"noopener\">http:\/\/aima.com.au\/<\/a><\/p>\n<h2>\u010eal\u0161ie u\u017eito\u010dn\u00e9 pr\u00edru\u010dky pre Austr\u00e1liu<\/h2>\n<ul>\n<li> <a href=\"https:\/\/moverdb.com\/sk\/kontajnerova-preprava\/australia\/\">2024 Ceny n\u00e1mornej n\u00e1kladnej kontajnerovej dopravy do a z Austr\u00e1lie<\/a><\/li>\n<li> <a href=\"https:\/\/moverdb.com\/sk\/stahovacie-spolocnosti\/australia-2\/\">17 najlep\u0161\u00edch medzin\u00e1rodn\u00fdch s\u0165ahovac\u00edch spolo\u010dnost\u00ed v Austr\u00e1lii<\/a><\/li>\n<li> <a href=\"https:\/\/moverdb.com\/sk\/najlepsie-medzinarodne-sluzby-prevodu-penazi\/money-transfer-companies-australia\/\">10 najlep\u0161\u00edch spolo\u010dnost\u00ed na prevod pe\u0148az\u00ed v Austr\u00e1lii<\/a><\/li>\n<li> <a href=\"https:\/\/moverdb.com\/sk\/stahovanie-do-australie\/\">S\u0165ahovanie do Austr\u00e1lie? 2024 N\u00e1klady na b\u00fdvanie a tipy na pres\u0165ahovanie<\/a><\/li>\n<li> <a href=\"https:\/\/moverdb.com\/sk\/stahovanie-do-australie\/best-places-to-live-australia\/\">13 najlep\u0161\u00edch miest na \u017eivot v Austr\u00e1lii<\/a><\/li>\n<li> <a href=\"https:\/\/moverdb.com\/sk\/stahovanie-do-australie\/living-in-australia\/\">21 tajomstiev o \u017eivote v Austr\u00e1lii, ktor\u00e9 by ste mali vedie\u0165 pred pres\u0165ahovan\u00edm<\/a><\/li>\n<li> <a href=\"https:\/\/moverdb.com\/sk\/stahovanie-do-australie\/moving-to-perth\/\">S\u0165ahujete sa do Perthu? 2024 N\u00e1klady na b\u00fdvanie a tipy na pres\u0165ahovanie<\/a><\/li>\n<li> <a href=\"https:\/\/moverdb.com\/sk\/stahovanie-do-australie\/moving-to-australia-from-the-us\/\">S\u0165ahovanie do Austr\u00e1lie zo Spojen\u00fdch \u0161t\u00e1tov<\/a><\/li>\n<li> <a href=\"https:\/\/moverdb.com\/sk\/kontajnerova-preprava\/to-australia-from-the-united-states\/\">N\u00e1klady na kontajnerov\u00fa prepravu do Austr\u00e1lie zo Spojen\u00fdch \u0161t\u00e1tov<\/a><\/li>\n<li> <a href=\"https:\/\/moverdb.com\/sk\/stahovanie-do-australie\/moving-to-australia-from-the-uk\/\">S\u0165ahovanie do Austr\u00e1lie zo Spojen\u00e9ho kr\u00e1\u013eovstva<\/a><\/li>\n<li> <a href=\"https:\/\/moverdb.com\/sk\/kontajnerova-preprava\/to-australia-from-the-uk\/\">N\u00e1klady a \u010dasy prepravy kontajnerov do Austr\u00e1lie zo Spojen\u00e9ho kr\u00e1\u013eovstva<\/a><\/li>\n<li> <a href=\"https:\/\/moverdb.com\/sk\/stahovanie-do-australie\/moving-to-australia-from-bahrain\/\">S\u0165ahovanie do Austr\u00e1lie z Bahrajnu<\/a><\/li>\n<li> <a href=\"https:\/\/moverdb.com\/sk\/stahovanie-do-australie\/moving-to-australia-from-the-uae\/\">S\u0165ahovanie do Austr\u00e1lie z Dubaja a SAE<\/a><\/li>\n<li> <a href=\"https:\/\/moverdb.com\/sk\/kontajnerova-preprava\/to-australia-from-dubai\/\">N\u00e1klady a \u010dasy prepravy kontajnerov do Austr\u00e1lie z Dubaja<\/a><\/li>\n<li> <a href=\"https:\/\/moverdb.com\/sk\/kontajnerova-preprava\/to-australia-from-uae\/\">N\u00e1klady a \u010dasy prepravy kontajnerov do Austr\u00e1lie zo SAE<\/a><\/li>\n<li> <a href=\"https:\/\/moverdb.com\/sk\/stahovanie-do-australie\/moving-to-australia-from-kuwait\/\">S\u0165ahovanie do Austr\u00e1lie z Kuvajtu<\/a><\/li>\n<li> <a href=\"https:\/\/moverdb.com\/sk\/stahovanie-do-australie\/moving-to-australia-from-qatar\/\">S\u0165ahovanie do Austr\u00e1lie z Kataru<\/a><\/li>\n<li> <a href=\"https:\/\/moverdb.com\/sk\/kontajnerova-preprava\/to-australia-from-qatar\/\">N\u00e1klady a \u010dasy prepravy kontajnerov do Austr\u00e1lie z Kataru<\/a><\/li>\n<li> <a href=\"https:\/\/moverdb.com\/sk\/stahovanie-do-australie\/moving-to-australia-from-singapore\/\">S\u0165ahovanie do Austr\u00e1lie zo Singapuru<\/a><\/li>\n<li> <a href=\"https:\/\/moverdb.com\/sk\/kontajnerova-preprava\/to-australia-from-singapore\/\">N\u00e1klady a \u010dasy prepravy kontajnerov do Austr\u00e1lie zo Singapuru<\/a><\/li>\n<li> <a href=\"https:\/\/moverdb.com\/sk\/stahovanie-do-australie\/moving-to-australia-from-south-africa\/\">S\u0165ahovanie z Ju\u017enej Afriky do Austr\u00e1lie<\/a><\/li>\n<li> <a href=\"https:\/\/moverdb.com\/sk\/kontajnerova-preprava\/to-australia-from-canada\/\">N\u00e1klady na kontajnerov\u00fa prepravu do Austr\u00e1lie z Kanady<\/a><\/li>\n<li> <a href=\"https:\/\/moverdb.com\/sk\/kontajnerova-preprava\/to-australia-from-new-zealand\/\">N\u00e1klady na prepravu kontajnerov z Nov\u00e9ho Z\u00e9landu do Austr\u00e1lie<\/a><\/li>\n<li> <a href=\"https:\/\/moverdb.com\/sk\/stahovanie-do-australie\/moving-to-hobart\/\">S\u0165ahujete sa do Hobartu? 2024 N\u00e1klady na b\u00fdvanie a tipy na pres\u0165ahovanie<\/a><\/li>\n<li> <a href=\"https:\/\/moverdb.com\/sk\/stahovanie-do-australie\/moving-to-gold-coast\/\">S\u0165ahujete sa na Gold Coast? 2024 N\u00e1klady na b\u00fdvanie a tipy na pres\u0165ahovanie<\/a><\/li>\n<li> <a href=\"https:\/\/moverdb.com\/sk\/stahovanie-do-australie\/moving-to-melbourne\/\">S\u0165ahujete sa do Melbourne? 2024 N\u00e1klady na b\u00fdvanie a tipy na pres\u0165ahovanie<\/a><\/li>\n<\/ul>","protected":false},"excerpt":{"rendered":"<p>The Australian International Movers Association (AIMA) describes itself as a professional forum for the international removals industry. Members must hold FIDI\/FAIM or meet strict membership criteria, including requirements for financial integrity. Key facts about AIMA: It was established in 1975. It has around 60 members in Australia. AIMA represents the moving industry in Australia and [&hellip;]<\/p>\n","protected":false},"author":1,"featured_media":0,"parent":0,"menu_order":0,"comment_status":"closed","ping_status":"closed","template":"","meta":{"_genesis_hide_title":false,"_genesis_hide_breadcrumbs":false,"_genesis_hide_singular_image":false,"_genesis_hide_footer_widgets":false,"_genesis_custom_body_class":"","_genesis_custom_post_class":"","_genesis_layout":"","footnotes":""},"class_list":{"0":"post-436","1":"page","2":"type-page","3":"status-publish","5":"entry"},"_links":{"self":[{"href":"https:\/\/moverdb.com\/sk\/wp-json\/wp\/v2\/pages\/436","targetHints":{"allow":["GET"]}}],"collection":[{"href":"https:\/\/moverdb.com\/sk\/wp-json\/wp\/v2\/pages"}],"about":[{"href":"https:\/\/moverdb.com\/sk\/wp-json\/wp\/v2\/types\/page"}],"author":[{"embeddable":true,"href":"https:\/\/moverdb.com\/sk\/wp-json\/wp\/v2\/users\/1"}],"replies":[{"embeddable":true,"href":"https:\/\/moverdb.com\/sk\/wp-json\/wp\/v2\/comments?post=436"}],"version-history":[{"count":9,"href":"https:\/\/moverdb.com\/sk\/wp-json\/wp\/v2\/pages\/436\/revisions"}],"predecessor-version":[{"id":17998,"href":"https:\/\/moverdb.com\/sk\/wp-json\/wp\/v2\/pages\/436\/revisions\/17998"}],"wp:attachment":[{"href":"https:\/\/moverdb.com\/sk\/wp-json\/wp\/v2\/media?parent=436"}],"curies":[{"name":"wp","href":"https:\/\/api.w.org\/{rel}","templated":true}]}}