{"id":435,"date":"2016-06-12T14:17:13","date_gmt":"2016-06-12T14:17:13","guid":{"rendered":"http:\/\/moverdb.com\/?page_id=435"},"modified":"2026-01-08T14:47:40","modified_gmt":"2026-01-08T14:47:40","slug":"afra","status":"publish","type":"page","link":"https:\/\/moverdb.com\/sk\/afra\/","title":{"rendered":"Vysvetlenie Austr\u00e1lskej asoci\u00e1cie s\u0165ahova\u010dov n\u00e1bytku (AFRA)"},"content":{"rendered":"<p>Austr\u00e1lska asoci\u00e1cia s\u0165ahova\u010dov n\u00e1bytku (AFRA) sa ozna\u010duje za z\u00e1stupcu a regul\u00e1tora s\u0165ahovacieho priemyslu v <a href=\"https:\/\/moverdb.com\/sk\/moving-to-australia\/living-in-australia\/\" data-internallinksmanager029f6b8e52c=\"240\" title=\"21 tajomstiev o \u017eivote v Austr\u00e1lii, ktor\u00e9 by ste mali vedie\u0165 pred pres\u0165ahovan\u00edm\">Austr\u00e1lia<\/a>. <\/p>\n<p>M\u00e1 \u0161irok\u00fd geografick\u00fd dosah v Austr\u00e1lii a \u010dasto sa uv\u00e1dza ako zn\u00e1mka kvality.<\/p>\n<p><strong>K\u013e\u00fa\u010dov\u00e9 fakty o agent\u00fare AFRA:<\/strong><\/p>\n<ol>\n<li>  V s\u00fa\u010dasnosti je \u010dlenmi AFRA pribli\u017ene 350 spolo\u010dnost\u00ed zaoberaj\u00facich sa s\u0165ahovan\u00edm n\u00e1bytku a pridru\u017een\u00fdch spolo\u010dnost\u00ed.<\/li>\n<li>  \u010clenstvo v AFRA pokr\u00fdva prakticky v\u0161etky regi\u00f3ny Austr\u00e1lie - nie v\u0161ak medzin\u00e1rodn\u00e9 lokality.<\/li>\n<li>  Audity s\u00fa nie\u010do, \u010d\u00edm musia \u010dlenovia AFRA pravidelne prech\u00e1dza\u0165. Pri podan\u00ed \u017eiadosti o \u010dlenstvo sa uskuto\u010d\u0148uje \u00favodn\u00fd audit, po 12 mesiacoch od prijatia nasleduje audit a potom sa ka\u017ed\u00e9 \u0161tyri roky vykon\u00e1va audit. Ak audity odhalia, \u017ee \u010dlenovia nedodr\u017eiavaj\u00fa z\u00e1kladn\u00e9 po\u017eiadavky, potom existuje 21-d\u0148ov\u00e1 lehota na n\u00e1pravu, ne\u017e m\u00f4\u017ee AFRA vo\u010di svojim \u010dlenom podnikn\u00fa\u0165 disciplin\u00e1rne kroky.<\/li>\n<li>  \u010clenstvo v AFRA je r\u00f4znorod\u00e9, od mal\u00fdch firiem s jedn\u00fdm n\u00e1kladn\u00fdm autom a\u017e po ve\u013ek\u00e9 nadn\u00e1rodn\u00e9 spolo\u010dnosti s mnoh\u00fdmi pobo\u010dkami v Austr\u00e1lii aj v in\u00fdch krajin\u00e1ch. <a href=\"https:\/\/moverdb.com\/sk\/stahovacie-spolocnosti\/\">z\u00e1morie<\/a>.<\/li>\n<li>  AFRA m\u00e1 ur\u010dit\u00e9 z\u00e1kladn\u00e9 po\u017eiadavky, ktor\u00e9 musia \u010dlenovia sp\u013a\u0148a\u0165, a tie s\u00fa komplexn\u00e9 a t\u00fdkaj\u00fa sa v\u0161etk\u00e9ho, od priestorov a\u017e po zamestnancov, vozidl\u00e1, vybavenie a poistenie.<\/li>\n<li>  Ak s\u0165a\u017enosti alebo reklam\u00e1cie nevyrie\u0161ia \u010dlenovia, z\u00e1kazn\u00edk ich m\u00f4\u017ee post\u00fapi\u0165 spolo\u010dnosti AFRA.<\/li>\n<li>  V\u0161etci \u010dlenovia AFRA maj\u00fa poistenie zodpovednosti za \u0161kodu a s\u00fa opr\u00e1vnen\u00ed poskytova\u0165 tranzitn\u00e9 poistenie pre v\u0161etok prepravovan\u00fd tovar a predmety.<\/li>\n<\/ol>\n<p><strong>Profil Austr\u00e1lskej asoci\u00e1cie s\u0165ahova\u010dov n\u00e1bytku:<\/strong><\/p>\n<p>AFRA je ofici\u00e1lny org\u00e1n odborn\u00edkov na s\u0165ahovanie, ktor\u00fd poskytuje akredit\u00e1ciu \u010dlenom, ktor\u00ed h\u013eadaj\u00fa spo\u013eahliv\u00fd znak kvality, ktor\u00fdm sa m\u00f4\u017eu preuk\u00e1za\u0165 spotrebite\u013eom. <\/p>\n<p>\u010clenstvo v AFRA z\u00edskaj\u00fa len tie s\u0165ahovacie spolo\u010dnosti, ktor\u00e9 maj\u00fa spr\u00e1vne vybavenie, vozidl\u00e1, priestory a \u0161kolenie person\u00e1lu na profesion\u00e1lne s\u0165ahovanie. Po z\u00edskan\u00ed akredit\u00e1cie organiz\u00e1cia na\u010falej hodnot\u00ed svojich \u010dlenov, aby sa uistila, \u017ee nedo\u0161lo k poklesu \u0161tandardov. <\/p>\n<p>Po\u017eiadavky, ktor\u00e9 AFRA kladie na svojich \u010dlenov, maj\u00fa za cie\u013e zlep\u0161i\u0165 odvetvie s\u0165ahovania pre spotrebite\u013eov z h\u013eadiska faktorov, ako je finan\u010dn\u00e1 ochrana a kvalitn\u00e9 slu\u017eby. AFRA pon\u00faka \u010dlenstvo len austr\u00e1lskym spolo\u010dnostiam, ktor\u00e9 v\u0161ak m\u00f4\u017eu sl\u00fa\u017ei\u0165 z\u00e1kazn\u00edkom s\u0165ahuj\u00facim sa v r\u00e1mci Austr\u00e1lie alebo <a href=\"https:\/\/moverdb.com\/sk\/medzinarodne-stahovanie\/\">z\u00e1morie<\/a>. <\/p>\n<p>AFRA v r\u00e1mci svojich \u010dlensk\u00fdch v\u00fdhod pon\u00faka \u0161kolenia, inform\u00e1cie a poradenstvo pre \u010dlenov, ako aj zdroj inform\u00e1ci\u00ed o najnov\u0161\u00edch novink\u00e1ch a zmen\u00e1ch ovplyv\u0148uj\u00facich toto odvetvie.<\/p>\n<p><strong>Krit\u00e9ri\u00e1 \u010dlenstva:<\/strong><\/p>\n<p>Krit\u00e9ri\u00e1 \u010dlenstva nie s\u00fa uveden\u00e9 na webovej str\u00e1nke, ale v prihl\u00e1\u0161ke (ktor\u00e1 tie\u017e nie je k dispoz\u00edcii na webovej str\u00e1nke). \u010clensk\u00fd bal\u00edk je mo\u017en\u00e9 z\u00edska\u0165 od <a href=\"mailto:admin@afra.com.au\">admin@afra.com.au<\/a>.<\/p>\n<p>Ka\u017ed\u00e1 spolo\u010dnos\u0165 sa pred udelen\u00edm \u010dlenstva podrob\u00ed auditu.<\/p>\n<p><strong>\u010clensk\u00e9 spolo\u010dnosti<\/strong><\/p>\n<ul>\n<li> <a href=\"https:\/\/moverdb.com\/sk\/conroy-removals\/\">Conroy Removals<\/a><\/li>\n<\/ul>\n<p><strong>N\u00e1zory na AFRA:<\/strong><\/p>\n<p>AFRA je pova\u017eovan\u00e1 za ukazovate\u013e kvality podniku a na vl\u00e1dnych webov\u00fdch str\u00e1nkach sa navrhuje ako sp\u00f4sob, ako zabezpe\u010di\u0165, aby mal s\u0165ahovate\u013e spr\u00e1vne zdroje, normy a zru\u010dnosti na vykonanie s\u0165ahovania. <\/p>\n<p>Za d\u00f4le\u017eit\u00fa sa pova\u017euje skuto\u010dnos\u0165, \u017ee AFRA schva\u013euje len t\u00fdch, ktor\u00ed s\u00fa schopn\u00ed vykona\u0165 s\u0165ahovanie profesion\u00e1lne, ako aj po\u017eiadavky, aby \u010dlenovia AFRA mali zabezpe\u010den\u00fa ochranu, napr\u00edklad r\u00f4zne poistenia. <\/p>\n<p>Zd\u00f4raz\u0148uje sa, \u017ee ak je podnik \u010dlenom AFRA, d\u00e1va to jeho z\u00e1kazn\u00edkom mo\u017enos\u0165 pr\u00edstupu k inform\u00e1ci\u00e1m AFRA a istotu slu\u017eby rie\u0161enia sporov. V online stanovisku sa zd\u00f4raz\u0148uje, \u017ee \"v\u0161etky hlavn\u00e9 n\u00e1rodn\u00e9 <a href=\"https:\/\/moverdb.com\/sk\/international-removals\/\" data-internallinksmanager029f6b8e52c=\"27\" title=\"36 najlep\u0161\u00edch medzin\u00e1rodn\u00fdch s\u0165ahovac\u00edch spolo\u010dnost\u00ed v Spojenom kr\u00e1\u013eovstve\">s\u0165ahovacie spolo\u010dnosti<\/a> s\u00fa oddan\u00ed ide\u00e1lu AFRA.\" <\/p>\n<p>Pou\u017e\u00edvanie s\u0165ahova\u010da AFRA je jedn\u00fdm z tipov na s\u0165ahovanie, ktor\u00e9 poskytuje <a href=\"https:\/\/www.allianz.com.au\/home-insurance\/news\/6-tips-on-how-to-hire-the-best-removalists\" target=\"_blank\" rel=\"noopener\">v\u00fdznamn\u00e1 spolo\u010dnos\u0165 poskytuj\u00faca finan\u010dn\u00e9 slu\u017eby<\/a>, v ktorom sa poukazuje na to, \u017ee austr\u00e1lske pr\u00e1vne predpisy nevy\u017eaduj\u00fa, aby mali s\u0165ahovatelia poistenie, ale AFRA \u00e1no. Oce\u0148uje tie\u017e skuto\u010dnos\u0165, \u017ee \u010dlenovia AFRA bud\u00fa ma\u0165 aktu\u00e1lne inform\u00e1cie o najnov\u0161om v\u00fdvoji a bud\u00fa dodr\u017eiava\u0165 minim\u00e1lne normy.<\/p>\n<blockquote><p>S\u0165ahovacie firmy, ktor\u00e9 s\u00fa akreditovan\u00e9 agent\u00farou AFRA, musia sp\u013a\u0148a\u0165 ur\u010dit\u00e9 normy t\u00fdkaj\u00face sa vybavenia, vozidiel, priestorov a \u0161kolenia person\u00e1lu potrebn\u00e9ho na profesion\u00e1lne s\u0165ahovanie.<\/p><\/blockquote>\n<p>- <a href=\"http:\/\/www.fairtrading.nsw.gov.au\/ftw\/Consumers\/Buying_services\/Hiring_a_removalist.page\" target=\"_blank\" rel=\"noopener\">Vl\u00e1da Nov\u00e9ho Ju\u017en\u00e9ho Walesu<\/a><\/p>\n<blockquote><p>AFRA je ofici\u00e1lny org\u00e1n odborn\u00edkov na s\u0165ahovanie v Austr\u00e1lii, ktor\u00fd pom\u00e1ha regulova\u0165 s\u0165ahovac\u00ed priemysel. AFRA akredituje len tie s\u0165ahovacie firmy, ktor\u00e9 maj\u00fa potrebn\u00e9 vybavenie, vozidl\u00e1, priestory a \u0161kolenie person\u00e1lu potrebn\u00e9 na profesion\u00e1lne s\u0165ahovanie.<\/p><\/blockquote>\n<p>- <a href=\"http:\/\/www.ashtons.com.au\/afra-accreditation.html\" target=\"_blank\" rel=\"noopener\">Ashtons Removals<\/a><\/p>\n<p><strong>Webov\u00e1 lokalita:<\/strong> <a href=\"http:\/\/www.afra.com.au\/\" target=\"_blank\" rel=\"noopener\">http:\/\/www.afra.com.au\/<\/a><\/p>\n<h2>\u010eal\u0161ie u\u017eito\u010dn\u00e9 pr\u00edru\u010dky pre Austr\u00e1liu<\/h2>\n<ul>\n<li> <a href=\"https:\/\/moverdb.com\/sk\/kontajnerova-preprava\/australia\/\">2024 Ceny n\u00e1mornej n\u00e1kladnej kontajnerovej dopravy do a z Austr\u00e1lie<\/a><\/li>\n<li> <a href=\"https:\/\/moverdb.com\/sk\/stahovacie-spolocnosti\/australia-2\/\">17 najlep\u0161\u00edch medzin\u00e1rodn\u00fdch s\u0165ahovac\u00edch spolo\u010dnost\u00ed v Austr\u00e1lii<\/a><\/li>\n<li> <a href=\"https:\/\/moverdb.com\/sk\/najlepsie-medzinarodne-sluzby-prevodu-penazi\/money-transfer-companies-australia\/\">10 najlep\u0161\u00edch spolo\u010dnost\u00ed na prevod pe\u0148az\u00ed v Austr\u00e1lii<\/a><\/li>\n<li> <a href=\"https:\/\/moverdb.com\/sk\/stahovanie-do-australie\/\">S\u0165ahovanie do Austr\u00e1lie? 2024 N\u00e1klady na b\u00fdvanie a tipy na pres\u0165ahovanie<\/a><\/li>\n<li> <a href=\"https:\/\/moverdb.com\/sk\/stahovanie-do-australie\/best-places-to-live-australia\/\">13 najlep\u0161\u00edch miest na \u017eivot v Austr\u00e1lii<\/a><\/li>\n<li> <a href=\"https:\/\/moverdb.com\/sk\/stahovanie-do-australie\/living-in-australia\/\">21 tajomstiev o \u017eivote v Austr\u00e1lii, ktor\u00e9 by ste mali vedie\u0165 pred pres\u0165ahovan\u00edm<\/a><\/li>\n<li> <a href=\"https:\/\/moverdb.com\/sk\/stahovanie-do-australie\/moving-to-australia-from-the-us\/\">S\u0165ahovanie do Austr\u00e1lie zo Spojen\u00fdch \u0161t\u00e1tov<\/a><\/li>\n<li> <a href=\"https:\/\/moverdb.com\/sk\/kontajnerova-preprava\/to-australia-from-the-united-states\/\">N\u00e1klady na kontajnerov\u00fa prepravu do Austr\u00e1lie zo Spojen\u00fdch \u0161t\u00e1tov<\/a><\/li>\n<li> <a href=\"https:\/\/moverdb.com\/sk\/stahovanie-do-australie\/moving-to-australia-from-the-uk\/\">S\u0165ahovanie do Austr\u00e1lie zo Spojen\u00e9ho kr\u00e1\u013eovstva<\/a><\/li>\n<li> <a href=\"https:\/\/moverdb.com\/sk\/kontajnerova-preprava\/to-australia-from-the-uk\/\">N\u00e1klady a \u010dasy prepravy kontajnerov do Austr\u00e1lie zo Spojen\u00e9ho kr\u00e1\u013eovstva<\/a><\/li>\n<li> <a href=\"https:\/\/moverdb.com\/sk\/stahovanie-do-australie\/moving-to-australia-from-bahrain\/\">S\u0165ahovanie do Austr\u00e1lie z Bahrajnu<\/a><\/li>\n<li> <a href=\"https:\/\/moverdb.com\/sk\/stahovanie-do-australie\/moving-to-australia-from-the-uae\/\">S\u0165ahovanie do Austr\u00e1lie z Dubaja a SAE<\/a><\/li>\n<li> <a href=\"https:\/\/moverdb.com\/sk\/kontajnerova-preprava\/to-australia-from-dubai\/\">N\u00e1klady a \u010dasy prepravy kontajnerov do Austr\u00e1lie z Dubaja<\/a><\/li>\n<li> <a href=\"https:\/\/moverdb.com\/sk\/kontajnerova-preprava\/to-australia-from-uae\/\">N\u00e1klady a \u010dasy prepravy kontajnerov do Austr\u00e1lie zo SAE<\/a><\/li>\n<li> <a href=\"https:\/\/moverdb.com\/sk\/stahovanie-do-australie\/moving-to-australia-from-kuwait\/\">S\u0165ahovanie do Austr\u00e1lie z Kuvajtu<\/a><\/li>\n<li> <a href=\"https:\/\/moverdb.com\/sk\/stahovanie-do-australie\/moving-to-australia-from-qatar\/\">S\u0165ahovanie do Austr\u00e1lie z Kataru<\/a><\/li>\n<li> <a href=\"https:\/\/moverdb.com\/sk\/kontajnerova-preprava\/to-australia-from-qatar\/\">N\u00e1klady a \u010dasy prepravy kontajnerov do Austr\u00e1lie z Kataru<\/a><\/li>\n<li> <a href=\"https:\/\/moverdb.com\/sk\/stahovanie-do-australie\/moving-to-perth\/\">S\u0165ahujete sa do Perthu? 2024 N\u00e1klady na b\u00fdvanie a tipy na pres\u0165ahovanie<\/a><\/li>\n<li> <a href=\"https:\/\/moverdb.com\/sk\/stahovanie-do-australie\/moving-to-australia-from-singapore\/\">S\u0165ahovanie do Austr\u00e1lie zo Singapuru<\/a><\/li>\n<li> <a href=\"https:\/\/moverdb.com\/sk\/kontajnerova-preprava\/to-australia-from-singapore\/\">N\u00e1klady a \u010dasy prepravy kontajnerov do Austr\u00e1lie zo Singapuru<\/a><\/li>\n<li> <a href=\"https:\/\/moverdb.com\/sk\/stahovanie-do-australie\/moving-to-australia-from-south-africa\/\">S\u0165ahovanie z Ju\u017enej Afriky do Austr\u00e1lie<\/a><\/li>\n<li> <a href=\"https:\/\/moverdb.com\/sk\/kontajnerova-preprava\/to-australia-from-canada\/\">N\u00e1klady na kontajnerov\u00fa prepravu do Austr\u00e1lie z Kanady<\/a><\/li>\n<li> <a href=\"https:\/\/moverdb.com\/sk\/kontajnerova-preprava\/to-australia-from-new-zealand\/\">N\u00e1klady na prepravu kontajnerov z Nov\u00e9ho Z\u00e9landu do Austr\u00e1lie<\/a><\/li>\n<li> <a href=\"https:\/\/moverdb.com\/sk\/stahovanie-do-australie\/moving-to-hobart\/\">S\u0165ahujete sa do Hobartu? 2024 N\u00e1klady na b\u00fdvanie a tipy na pres\u0165ahovanie<\/a><\/li>\n<li> <a href=\"https:\/\/moverdb.com\/sk\/stahovanie-do-australie\/moving-to-gold-coast\/\">S\u0165ahujete sa na Gold Coast? 2024 N\u00e1klady na b\u00fdvanie a tipy na pres\u0165ahovanie<\/a><\/li>\n<li> <a href=\"https:\/\/moverdb.com\/sk\/stahovanie-do-australie\/moving-to-melbourne\/\">S\u0165ahujete sa do Melbourne? 2024 N\u00e1klady na b\u00fdvanie a tipy na pres\u0165ahovanie<\/a><\/li>\n<\/ul>","protected":false},"excerpt":{"rendered":"<p>The Australian Furniture Removers Association (AFRA) describes itself both as a representative of, and regulator of, the removals industry in Australia. It has broad geographic reach within Australia and is often cited as a mark of quality. Key facts about the AFRA: Currently, around 350 furniture removal and associated companies are members of AFRA. The [&hellip;]<\/p>\n","protected":false},"author":1,"featured_media":0,"parent":0,"menu_order":0,"comment_status":"closed","ping_status":"closed","template":"","meta":{"_genesis_hide_title":false,"_genesis_hide_breadcrumbs":false,"_genesis_hide_singular_image":false,"_genesis_hide_footer_widgets":false,"_genesis_custom_body_class":"","_genesis_custom_post_class":"","_genesis_layout":"","footnotes":""},"class_list":{"0":"post-435","1":"page","2":"type-page","3":"status-publish","5":"entry"},"_links":{"self":[{"href":"https:\/\/moverdb.com\/sk\/wp-json\/wp\/v2\/pages\/435","targetHints":{"allow":["GET"]}}],"collection":[{"href":"https:\/\/moverdb.com\/sk\/wp-json\/wp\/v2\/pages"}],"about":[{"href":"https:\/\/moverdb.com\/sk\/wp-json\/wp\/v2\/types\/page"}],"author":[{"embeddable":true,"href":"https:\/\/moverdb.com\/sk\/wp-json\/wp\/v2\/users\/1"}],"replies":[{"embeddable":true,"href":"https:\/\/moverdb.com\/sk\/wp-json\/wp\/v2\/comments?post=435"}],"version-history":[{"count":11,"href":"https:\/\/moverdb.com\/sk\/wp-json\/wp\/v2\/pages\/435\/revisions"}],"predecessor-version":[{"id":17997,"href":"https:\/\/moverdb.com\/sk\/wp-json\/wp\/v2\/pages\/435\/revisions\/17997"}],"wp:attachment":[{"href":"https:\/\/moverdb.com\/sk\/wp-json\/wp\/v2\/media?parent=435"}],"curies":[{"name":"wp","href":"https:\/\/api.w.org\/{rel}","templated":true}]}}