{"id":434,"date":"2016-06-05T06:20:47","date_gmt":"2016-06-05T06:20:47","guid":{"rendered":"http:\/\/moverdb.com\/?page_id=434"},"modified":"2026-01-08T14:48:22","modified_gmt":"2026-01-08T14:48:22","slug":"fidi-faim","status":"publish","type":"page","link":"https:\/\/moverdb.com\/sk\/fidi-faim\/","title":{"rendered":"Vysvetlenie FIDI a FAIM (FIDI akreditovan\u00fd medzin\u00e1rodn\u00fd prepravca)"},"content":{"rendered":"<p>FIDI (F\u00e9d\u00e9ration Internationale des D\u00e9m\u00e9nageurs Internationaux; Feder\u00e1cia medzin\u00e1rodn\u00fdch s\u0165ahovate\u013eov) je celosvetov\u00e1 zastre\u0161uj\u00faca organiz\u00e1cia medzin\u00e1rodn\u00fdch s\u0165ahovac\u00edch a premiest\u0148ovac\u00edch spolo\u010dnost\u00ed. <\/p>\n<p>Ozna\u010duje sa za celosvetov\u00fd priemyseln\u00fd \u0161tandard pre najkvalitnej\u0161\u00edch s\u0165ahovate\u013eov a je priekopn\u00edkom programu riadenia kvality FIDI Accredited International Mover (FAIM), programu certifik\u00e1cie kvality ur\u010den\u00e9ho v\u00fdlu\u010dne pre odvetvie medzin\u00e1rodn\u00e9ho s\u0165ahovania.<\/p>\n<p><strong>K\u013e\u00fa\u010dov\u00e9 fakty o organiz\u00e1cii:<\/strong><\/p>\n<ol>\n<li>  FIDI zastupuje viac ako <strong>600 nez\u00e1visl\u00fdch <a href=\"https:\/\/moverdb.com\/sk\/stahovacie-spolocnosti\/\">spolo\u010dnosti<\/a><\/strong> vo viac ako <strong>100 kraj\u00edn<\/strong>.<\/li>\n<li>  FIDI je najv\u00e4\u010d\u0161ia zastre\u0161uj\u00faca organiz\u00e1cia <a href=\"https:\/\/moverdb.com\/sk\/medzinarodne-stahovanie\/\">medzin\u00e1rodn\u00e9 s\u0165ahovanie<\/a> a spolo\u010dnosti zaoberaj\u00face sa s\u0165ahovan\u00edm.<\/li>\n<li>  FIDI pon\u00faka osobn\u00e9 pres\u0165ahovanie aj pres\u0165ahovanie firiem.<\/li>\n<li>  V\u0161etky pobo\u010dky FIDI musia sp\u013a\u0148a\u0165 pr\u00edsny \u0161tandard kvality FIDI-FAIM.<\/li>\n<li>  FIDI pon\u00faka program riadenia kvality FAIM, ktor\u00fd sa pova\u017euje za jeden z najpr\u00edsnej\u0161\u00edch \u0161tandardov v odvetv\u00ed s viac ako <strong>200 po\u017eiadaviek na kvalitu<\/strong> v oblasti prev\u00e1dzky a slu\u017eieb z\u00e1kazn\u00edkom.<\/li>\n<li>  Ka\u017ed\u00e1 pobo\u010dka FIDI mus\u00ed prejs\u0165 pravideln\u00fdm nez\u00e1visl\u00fdm hodnoten\u00edm svojich aktiv\u00edt v oblasti medzin\u00e1rodn\u00e9ho pohybu. Ak v hodnoten\u00ed neuspej\u00fa, ich \u010dlenstvo vo FIDI sa ukon\u010d\u00ed.<\/li>\n<li>  V\u0161etky pobo\u010dky FIDI musia podp\u00edsa\u0165 a dodr\u017eiava\u0165 povinn\u00fa Chartu proti \u00faplatk\u00e1rstvu a korupcii.<\/li>\n<li>  V\u0161etci \u010dlenovia FIDI musia ma\u0165 aj certifik\u00e1t FAIM, o ktor\u00fd sa \u017eiada s\u00fa\u010dasne s \u010dlenstvom.<\/li>\n<li>  FAIM Plus je k dispoz\u00edcii pre t\u00fdch, ktor\u00ed maj\u00fa certifik\u00e1t ISO 9001.<\/li>\n<\/ol>\n<p><strong>Profil organiz\u00e1cie FIDI<\/strong><\/p>\n<p>FIDI je celosvetov\u00e9 zdru\u017eenie prepravcov, ktor\u00e9 svojim partnerom pon\u00faka siln\u00fa a uzn\u00e1van\u00fa pe\u010da\u0165 na slu\u017eby, v\u00e4\u010d\u0161ie mo\u017enosti nadv\u00e4zovania kontaktov a pr\u00edle\u017eitos\u0165 na roz\u0161\u00edrenie podnikania. <\/p>\n<p>Organizuje pravideln\u00e9 konferencie a \u0161kolenia pre \u010dlenov z cel\u00e9ho sveta a pon\u00faka \u010dlenom pl\u00e1n ochrany platieb, ktor\u00fd im pom\u00e1ha chr\u00e1ni\u0165 a\u017e 90% hodnoty ich fakt\u00far. FIDI sa tie\u017e usiluje o to, aby jej \u010dlenovia boli informovan\u00ed o najnov\u0161\u00edch novink\u00e1ch v odvetv\u00ed, a m\u00e1 odborn\u00fd panel, ktor\u00fd pon\u00faka odborn\u00e9 poradenstvo a rie\u0161i spory medzi \u010dlenmi. <\/p>\n<p>Program riadenia kvality FIDI Accredited International Mover (FAIM) je s\u00fa\u010das\u0165ou ponuky FIDI, certifik\u00e1tu kvality pre s\u0165ahovac\u00ed priemysel, ktor\u00fd bol vyvinut\u00fd na z\u00e1klade konzult\u00e1ci\u00ed a osved\u010den\u00fdch postupov od najlep\u0161\u00edch ve\u013ek\u00fdch, mal\u00fdch, s\u00fakromn\u00fdch a verejn\u00fdch <a href=\"https:\/\/moverdb.com\/sk\/moving-companies\/\" data-internallinksmanager029f6b8e52c=\"79\" title=\"Top 25 medzin\u00e1rodn\u00fdch s\u0165ahovac\u00edch spolo\u010dnost\u00ed online\">medzin\u00e1rodn\u00e9 s\u0165ahovacie spolo\u010dnosti<\/a> z cel\u00e9ho sveta.<\/p>\n<p><strong>Krit\u00e9ri\u00e1 \u010dlenstva:<\/strong><\/p>\n<p>Ak sa chcete sta\u0165 \u010dlenom Glob\u00e1lnej aliancie FIDI, mus\u00edte splni\u0165 tieto povinn\u00e9 po\u017eiadavky:<\/p>\n<ul>\n<li> Dodr\u017eiava\u0165 predpisy FIDI<\/li>\n<li> P\u00f4sobenie v oblasti medzikontinent\u00e1lnych s\u0165ahovac\u00edch slu\u017eieb najmenej 2 roky pred podan\u00edm \u017eiadosti<\/li>\n<li> Vykonajte minim\u00e1lne 10 medzikontinent\u00e1lnych presunov ro\u010dne*<\/li>\n<li> ma\u0165 vhodn\u00e9 a primeran\u00e9 poistn\u00e9 krytie<\/li>\n<li> Podp\u00ed\u0161te Chartu FIDI proti \u00faplatk\u00e1rstvu a korupcii (FIDI ABC Charter)<\/li>\n<li> by\u0165 finan\u010dne zdrav\u00fd (va\u0161e finan\u010dn\u00e9 zdravie bude vo f\u00e1ze pod\u00e1vania \u017eiadosti preveren\u00e9 nez\u00e1visl\u00fdm aud\u00edtorom)<\/li>\n<li> by\u0165 certifikovan\u00fd FIDI-FAIM (o certifik\u00e1ciu FAIM po\u017eiadate v rovnakom \u010dase, ako po\u017eiadate o \u010dlenstvo vo FIDI)<\/li>\n<\/ul>\n<p><strong>Certifik\u00e1cia FAIM:<\/strong><\/p>\n<p>Certifika\u010dn\u00fd program FIDI-FAIM vy\u017eaduje, aby medzin\u00e1rodn\u00ed s\u0165ahovatelia pravidelne absolvovali nez\u00e1visl\u00e9 hodnotenie svojich \u010dinnost\u00ed v oblasti medzikontinent\u00e1lneho s\u0165ahovania prostredn\u00edctvom nez\u00e1visl\u00e9ho auditu, ktor\u00fd sa vykon\u00e1va ka\u017ed\u00e9 tri roky.<\/p>\n<p>T\u00fdm sa zabezpe\u010duje, \u017ee spolo\u010dnosti FIDI pracuj\u00fa pod\u013ea celosvetov\u00e9ho spolo\u010dn\u00e9ho \u0161tandardu riadenia a vykon\u00e1vania medzin\u00e1rodn\u00fdch s\u0165ahovac\u00edch slu\u017eieb jednotn\u00fdm, kvalitn\u00fdm a efekt\u00edvnym sp\u00f4sobom. Poskytuje tie\u017e transparentn\u00fd mechanizmus, ktor\u00fd zabezpe\u010duje zachovanie vysok\u00fdch \u0161tandardov.<\/p>\n<p>Z poh\u013eadu koncov\u00e9ho z\u00e1kazn\u00edka d\u00e1va spolo\u010dnos\u0165 s certifik\u00e1tom FAIM s\u0165ahuj\u00facej sa osobe a person\u00e1lnemu oddeleniu, ktor\u00e9 organizuje jej s\u0165ahovanie, istotu, \u017ee spolo\u010dnos\u0165 sa vyzn\u00e1 v tejto oblasti a m\u00e1 zdroje a know-how na to, aby pr\u00e1cu vykonala spr\u00e1vne.<\/p>\n<p>Hodnotenie na mieste nez\u00e1visle vykon\u00e1vaj\u00fa medzin\u00e1rodn\u00ed hodnotitelia Ernst &amp; Young.<\/p>\n<p><strong>Niektor\u00e9 \u010dlensk\u00e9 spolo\u010dnosti<\/strong><\/p>\n<ul>\n<li> <a href=\"https:\/\/moverdb.com\/sk\/aires\/\">Aires<\/a><\/li>\n<li> <a href=\"https:\/\/moverdb.com\/sk\/cadogan-tate\/\">Cadogan Tate<\/a><\/li>\n<li> <a href=\"https:\/\/moverdb.com\/sk\/harrow-green\/\">Harrow Green<\/a><\/li>\n<li> <a href=\"https:\/\/moverdb.com\/sk\/santa-fe-relocation\/\">Premiestnenie Santa Fe<\/a><\/li>\n<li> <a href=\"https:\/\/moverdb.com\/sk\/team-relocations\/\">Premiestnenie t\u00edmu<\/a><\/li>\n<li> <a href=\"https:\/\/moverdb.com\/sk\/nippon-express\/\">Nippon Express<\/a><\/li>\n<li> <a href=\"https:\/\/moverdb.com\/sk\/settelen\/\">Settelen<\/a><\/li>\n<li> <a href=\"https:\/\/moverdb.com\/sk\/conroy-removals\/\">Conroy Removals<\/a><\/li>\n<li> <a href=\"https:\/\/moverdb.com\/sk\/bolliger\/\">Bolliger<\/a><\/li>\n<li> <a href=\"https:\/\/moverdb.com\/sk\/mudanzas-gou\/\">Mudanzas Gou<\/a><\/li>\n<li> <a href=\"https:\/\/moverdb.com\/sk\/gil-stauffer\/\">Gil Stauffer<\/a><\/li>\n<li> <a href=\"https:\/\/moverdb.com\/sk\/packimpex\/\">Packimpex<\/a><\/li>\n<\/ul>\n<p><strong>N\u00e1zory na organiz\u00e1ciu<\/strong><\/p>\n<p>FIDI je vysoko hodnoten\u00e1 t\u00fdmi h\u00fdbate\u013emi, ktor\u00ed ju uv\u00e1dzaj\u00fa na svojich webov\u00fdch str\u00e1nkach, a to vzh\u013eadom na v\u00fdznamn\u00e9 zdroje, ktor\u00fdmi disponuje, ako aj na skuto\u010dnos\u0165, \u017ee audit prebieha. <\/p>\n<p>Nez\u00e1vislos\u0165 je \u010fal\u0161\u00edm k\u013e\u00fa\u010dov\u00fdm faktorom reput\u00e1cie, ktor\u00fa si FIDI vybudovala - ka\u017ed\u00e1 s\u0165ahovacia spolo\u010dnos\u0165 m\u00e1 postup dodr\u017eiavania predpisov na mieste, ktor\u00fd vykon\u00e1va konzultant z inej krajiny. <\/p>\n<blockquote><p>Pre s\u0165ahovacie spolo\u010dnosti, ktor\u00e9 sa usiluj\u00fa o maxim\u00e1lnu \u00farove\u0148 kvality, poskytuje FAIM\/ISO najvy\u0161\u0161\u00ed dostupn\u00fd \u0161tandard certifik\u00e1cie na svete.<\/p><\/blockquote>\n<p> - <a href=\"http:\/\/www.ossworldwidemovers.com\/fidi-accredited-international-mover\" target=\"_blank\" rel=\"noopener\">OSS World Wide Movers<\/a><\/p>\n<blockquote><p>Na celom svete existuje mno\u017estvo spolo\u010dnost\u00ed, ktor\u00e9 sa zaoberaj\u00fa s\u0165ahovan\u00edm. Ako odl\u00ed\u0161i\u0165 tie dobr\u00e9 od zl\u00fdch? Za\u010dnite s FIDI\/FAIM, zlat\u00fdm \u0161tandardom pre medzin\u00e1rodn\u00e9 s\u0165ahovanie.<\/p><\/blockquote>\n<p>- <a href=\"http:\/\/www.jkmoving.com\/International\/International_Network-_FIDI\/FAIM\/\" target=\"_blank\" rel=\"noopener\">JK S\u0165ahovacie slu\u017eby<\/a><\/p>\n<p><a href=\"http:\/\/www.jkmoving.com\/International\/International_Network-_FIDI\/FAIM\/\" target=\"_blank\" rel=\"noopener\"><\/a><\/p>\n<blockquote><p>Ide o najpr\u00edsnej\u0161\u00ed a najkomplexnej\u0161\u00ed program kvality pre medzin\u00e1rodn\u00fd s\u0165ahovac\u00ed priemysel, ktor\u00fd obsahuje viac ako 200 po\u017eiadaviek kvality t\u00fdkaj\u00facich sa \u010dinnosti organiz\u00e1cie a slu\u017eieb z\u00e1kazn\u00edkom. FIDI teraz pon\u00faka akredit\u00e1ciu s n\u00e1zvom FAIM.<\/p><\/blockquote>\n<p>- <a href=\"http:\/\/www.suddathinternational.com\/news\/2013\/8\/1\/faim-plus.aspx\" target=\"_blank\" rel=\"noopener\">Suddath<\/a><\/p>\n<p><strong>Webov\u00e1 lokalita:<\/strong> <a href=\"https:\/\/www.fidi.org\" target=\"_blank\" rel=\"noopener\">https:\/\/www.fidi.org<\/a><\/p>","protected":false},"excerpt":{"rendered":"<p>FIDI (F\u00e9d\u00e9ration Internationale des D\u00e9m\u00e9nageurs Internationaux; The Federation of International Movers) is a global umbrella organisation of international moving and relocation businesses. It describes itself as a worldwide industry standard for top quality movers and has pioneered the FIDI Accredited International Mover (FAIM) Quality Management Programme, a quality certification programme dedicated exclusively to the international [&hellip;]<\/p>\n","protected":false},"author":1,"featured_media":0,"parent":0,"menu_order":0,"comment_status":"closed","ping_status":"closed","template":"","meta":{"_genesis_hide_title":false,"_genesis_hide_breadcrumbs":false,"_genesis_hide_singular_image":false,"_genesis_hide_footer_widgets":false,"_genesis_custom_body_class":"","_genesis_custom_post_class":"","_genesis_layout":"","footnotes":""},"class_list":{"0":"post-434","1":"page","2":"type-page","3":"status-publish","5":"entry"},"_links":{"self":[{"href":"https:\/\/moverdb.com\/sk\/wp-json\/wp\/v2\/pages\/434","targetHints":{"allow":["GET"]}}],"collection":[{"href":"https:\/\/moverdb.com\/sk\/wp-json\/wp\/v2\/pages"}],"about":[{"href":"https:\/\/moverdb.com\/sk\/wp-json\/wp\/v2\/types\/page"}],"author":[{"embeddable":true,"href":"https:\/\/moverdb.com\/sk\/wp-json\/wp\/v2\/users\/1"}],"replies":[{"embeddable":true,"href":"https:\/\/moverdb.com\/sk\/wp-json\/wp\/v2\/comments?post=434"}],"version-history":[{"count":28,"href":"https:\/\/moverdb.com\/sk\/wp-json\/wp\/v2\/pages\/434\/revisions"}],"predecessor-version":[{"id":6210,"href":"https:\/\/moverdb.com\/sk\/wp-json\/wp\/v2\/pages\/434\/revisions\/6210"}],"wp:attachment":[{"href":"https:\/\/moverdb.com\/sk\/wp-json\/wp\/v2\/media?parent=434"}],"curies":[{"name":"wp","href":"https:\/\/api.w.org\/{rel}","templated":true}]}}