{"id":433,"date":"2016-06-12T13:45:04","date_gmt":"2016-06-12T13:45:04","guid":{"rendered":"http:\/\/moverdb.com\/?page_id=433"},"modified":"2026-01-08T14:47:29","modified_gmt":"2026-01-08T14:47:29","slug":"amsa","status":"publish","type":"page","link":"https:\/\/moverdb.com\/sk\/amsa\/","title":{"rendered":"Vysvetlenie Americkej asoci\u00e1cie pre s\u0165ahovanie a skladovanie (AMSA)"},"content":{"rendered":"<p>Americk\u00e1 asoci\u00e1cia pre s\u0165ahovanie a skladovanie (AMSA) je n\u00e1rodn\u00e9 obchodn\u00e9 zdru\u017eenie pre americk\u00fd s\u0165ahovac\u00ed priemysel. <\/p>\n<p>Bola zalo\u017een\u00e1 s cie\u013eom pom\u00e1ha\u0165 zastupova\u0165 z\u00e1ujmy subjektov v oblasti s\u0165ahovania a skladovania, a to tak v dom\u00e1com, ako aj v medzin\u00e1rodnom meradle, a tie\u017e poskytova\u0165 zdroj inform\u00e1ci\u00ed a pomoci z\u00e1kazn\u00edkom, ktor\u00ed vyu\u017e\u00edvaj\u00fa slu\u017eby podnikov v tomto odvetv\u00ed.<\/p>\n<p><strong>K\u013e\u00fa\u010dov\u00e9 fakty o AMSA:<\/strong><\/p>\n<ol>\n<li>  M\u00e1 pribli\u017ene 4 200 \u010dlenov.<\/li>\n<li>  \u010clenmi AMSA s\u00fa medzi\u0161t\u00e1tne s\u0165ahovacie a skladovacie spolo\u010dnosti, miestne s\u0165ahovacie spolo\u010dnosti, <a href=\"https:\/\/moverdb.com\/sk\/stahovacie-spolocnosti\/\">medzin\u00e1rodn\u00ed s\u0165ahov\u00e1ci<\/a> plus dod\u00e1vatelia z odvetvia a \u010dlenovia \u0161t\u00e1tnych zdru\u017een\u00ed.<\/li>\n<li>  Je to jedin\u00e9 n\u00e1rodn\u00e9 zdru\u017eenie, ktor\u00e9 zastupuje v\u0161etky odvetvia s\u0165ahovania a skladovania.<\/li>\n<li>  AMSA spustila <a href=\"https:\/\/moverdb.com\/sk\/rim-promover\/\" data-internallinksmanager029f6b8e52c=\"76\" title=\"Vysvetlenie certifik\u00e1cie RIM International ProMover\">ProMover<\/a> certifik\u00e1ciu v roku 2009, ktorej cie\u013eom je nasmerova\u0165 spotrebite\u013eov na kvalitn\u00e9 s\u0165ahovacie spolo\u010dnosti, ktor\u00e9 sa hl\u00e1sia k cie\u013eom AMSA.<\/li>\n<li>  \u010clenmi sa m\u00f4\u017eu sta\u0165 nielen s\u0165ahovav\u00ed podnikatelia, ale aj pridru\u017een\u00e9 subjekty (subjekty poskytuj\u00face produkty alebo slu\u017eby s\u00favisiace s odvetv\u00edm s\u0165ahovania), jednotlivci a profesijn\u00e9 obchodn\u00e9 zdru\u017eenia.<\/li>\n<li>  \u010clenstvo v AMSA je d\u00f4le\u017eitou s\u00fa\u010das\u0165ou procesu pod\u00e1vania \u017eiadost\u00ed o <a href=\"https:\/\/moverdb.com\/sk\/obruc-promover\/\">Certifik\u00e1cia ProMover<\/a> - to muselo by\u0165 dr\u017ean\u00e9 bez probl\u00e9mov po dobu 18 mesiacov.<\/li>\n<li>  Spotrebitelia ju dobre poznaj\u00fa v\u010faka datab\u00e1ze \"tipov na s\u0165ahovanie\", ktor\u00e1 pon\u00faka inform\u00e1cie o v\u0161etkom od balenia a\u017e po to, ako zvl\u00e1dnu\u0165 de\u0148 s\u0165ahovania.<\/li>\n<li>  Pon\u00faka program rie\u0161enia sporov a m\u00e1 etick\u00fd k\u00f3dex, ktor\u00fd musia jej \u010dlenovia dodr\u017eiava\u0165.<\/li>\n<li>  Jej \u010dlenovia ro\u010dne prepravia 1,3 a\u017e 1,5 mili\u00f3na dom\u00e1cnost\u00ed.<\/li>\n<\/ol>\n<p><strong>Profil Americkej asoci\u00e1cie pre s\u0165ahovanie a skladovanie:<\/strong><\/p>\n<p>\u010clenovia AMSA vyu\u017e\u00edvaj\u00fa \u0161irok\u00fa \u0161k\u00e1lu slu\u017eieb, od spr\u00e1v a inform\u00e1ci\u00ed o ot\u00e1zkach, ktor\u00e9 ovplyv\u0148uj\u00fa priemysel, a\u017e po zastupovanie feder\u00e1lnej vl\u00e1dy, da\u0148ov\u00fa pomoc, finan\u010dn\u00e9 a \u0161tatistick\u00e9 v\u00fdkazy a pr\u00e1vnu pomoc. <\/p>\n<p>AMSA pon\u00faka aj arbitr\u00e1\u017enu slu\u017ebu na rie\u0161enie sporov o straty a \u0161kody, ako aj odborn\u00e9 vzdel\u00e1vanie a certifika\u010dn\u00e9 programy, ako napr\u00edklad ProMover. <\/p>\n<p>AMSA vznikla ako najstar\u0161ie obchodn\u00e9 zdru\u017eenie s\u0165ahovate\u013eov v Amerike - N\u00e1rodn\u00e9 zdru\u017eenie skladn\u00edkov n\u00e1bytku (National Furniture Warehousemen's Association), zalo\u017een\u00e9 v roku 1920. Jej hist\u00f3ria, rozsah p\u00f4sobnosti a etick\u00fd k\u00f3dex z nej robia vysoko re\u0161pektovan\u00fa organiz\u00e1ciu. <\/p>\n<p>Je zodpovedn\u00e1 za certifik\u00e1ciu ProMover, ktor\u00e1 sa pova\u017euje za zna\u010dku spo\u013eahliv\u00e9ho prepravcu.<\/p>\n<p><strong>Krit\u00e9ri\u00e1 \u010dlenstva:<\/strong><\/p>\n<p>Krit\u00e9ri\u00e1 pre vstup do AMSA sa zdaj\u00fa by\u0165 ve\u013emi jednoduch\u00e9 - sta\u010d\u00ed vyplni\u0165 formul\u00e1r a zaplati\u0165 poplatok. Od podnikov, ktor\u00e9 chc\u00fa z\u00edska\u0165 povolenie, sa v\u0161ak vy\u017eaduje viac. <a href=\"https:\/\/moverdb.com\/sk\/obruc-promover\/\">Certifik\u00e1cia ProMover<\/a>.<\/p>\n<p><strong>Najlep\u0161ie \u010dlensk\u00e9 spolo\u010dnosti<\/strong><\/p>\n<ol>\n<li> <a href=\"https:\/\/moverdb.com\/sk\/united-van-lines\/\">Spolo\u010dnos\u0165 United Van Lines<\/a><\/li>\n<li> <a href=\"https:\/\/moverdb.com\/sk\/atlas-van-lines-international\/\">Atlas Van Lines International<\/a><\/li>\n<li> <a href=\"https:\/\/moverdb.com\/sk\/mayflower-transit\/\">Mayflower Transit<\/a><\/li>\n<li> <a href=\"https:\/\/moverdb.com\/sk\/allied-van-lines\/\">Allied Van Lines<\/a><\/li>\n<li> <a href=\"https:\/\/moverdb.com\/sk\/north-american-van-lines\/\">Spolo\u010dnos\u0165 North American Van Lines<\/a><\/li>\n<li> <a href=\"https:\/\/moverdb.com\/sk\/wheaton\/\">Wheaton World Wide Moving<\/a><\/li>\n<li> <a href=\"https:\/\/moverdb.com\/sk\/bekins-van-lines\/\">Spolo\u010dnos\u0165 Bekins Van Lines<\/a><\/li>\n<li> <a href=\"https:\/\/moverdb.com\/sk\/graebel-van-lines\/\">Spolo\u010dnos\u0165 Graebel Van Lines<\/a><\/li>\n<li> <a href=\"https:\/\/moverdb.com\/sk\/arpin-van-lines\/\">Spolo\u010dnos\u0165 Arpin Van Lines<\/a><\/li>\n<li> <a href=\"https:\/\/moverdb.com\/sk\/stevens-worldwide-van-lines\/\">Stevens Worldwide Van Lines<\/a><\/li>\n<li> <a href=\"https:\/\/moverdb.com\/sk\/vip-transport\/\">VIP doprava<\/a><\/li>\n<li> <a href=\"https:\/\/moverdb.com\/sk\/ostrov-movers\/\">Ostrov Movers<\/a><\/li>\n<li> <a href=\"https:\/\/moverdb.com\/sk\/mudanzas-gou\/\">Mudanzas Gou<\/a><\/li>\n<li> <a href=\"https:\/\/moverdb.com\/sk\/gil-stauffer\/\">Gil Stauffer<\/a><\/li>\n<\/ol>\n<p><strong>N\u00e1zory na American Moving &amp; Storage Association<\/strong><\/p>\n<p>Ke\u010f sa na internete spom\u00edna AMSA, \u010dasto sa to t\u00fdka certifik\u00e1cie ProMover, ktor\u00e1 sa stala medzin\u00e1rodnou zna\u010dkou kvality. <\/p>\n<p>Certifik\u00e1cia je pova\u017eovan\u00e1 za s\u00fa\u010das\u0165 platformy AMSA, ktorej cie\u013eom je reprezentova\u0165 a zlep\u0161ova\u0165 situ\u00e1ciu v tomto odvetv\u00ed - a tie\u017e pre t\u00fdch, ktor\u00ed vyu\u017e\u00edvaj\u00fa slu\u017eby podnikov v tomto odvetv\u00ed - prostredn\u00edctvom \u00fa\u010dinnej propag\u00e1cie a budovania re\u0161pektovanej zna\u010dky. <\/p>\n<p>Online stanovisko sa zameriava na skuto\u010dnos\u0165, \u017ee dedi\u010dstvo AMSA ju sp\u00e1ja s najstar\u0161\u00edmi obchodn\u00fdmi zdru\u017eeniami v Amerike, ako aj na jej poslanie u\u013eah\u010di\u0165 spotrebite\u013eom s\u0165ahovanie. V online n\u00e1zoroch sa spom\u00ednaj\u00fa podujatia organizovan\u00e9 AMSA - ktor\u00e9 s\u00fa samozrejme hojne nav\u0161tevovan\u00e9 a vysoko cenen\u00e9, <em>\"Na tohtoro\u010dnej konferencii AMSA sa ako v\u017edy zi\u0161li \u0161pi\u010dkov\u00ed predstavitelia odvetvia s\u0165ahovania.\"<\/em> <\/p>\n<p>Spom\u00ednaj\u00fa sa aj ocenenia AMSA, ktor\u00e9 sa zrejme pova\u017euj\u00fa za skuto\u010dn\u00fd ukazovate\u013e dosiahnut\u00fdch v\u00fdsledkov a kvality.<\/p>\n<blockquote><p>Poslan\u00edm AMSA je \"zastupova\u0165 z\u00e1ujmy dom\u00e1ceho a medzin\u00e1rodn\u00e9ho odvetvia s\u0165ahovania a skladovania a pom\u00e1ha\u0165 z\u00e1kazn\u00edkom, ktor\u00fdm sl\u00fa\u017ei.\n<\/p><\/blockquote>\n<p>- <a href=\"http:\/\/www.atlasvanlines.com\/pro-mover\/\" target=\"_blank\" rel=\"noopener\">Atlas Van Lines<\/a><\/p>\n<blockquote><p>AMSA sa usiluje o to, aby sa ka\u017ed\u00fd zo 40 mili\u00f3nov Ameri\u010danov, ktor\u00ed sa ka\u017edoro\u010dne s\u0165ahuj\u00fa a vyberaj\u00fa si profesion\u00e1lneho prepravcu, mohol rozhodova\u0165 na z\u00e1klade inform\u00e1ci\u00ed.<\/p><\/blockquote>\n<p>- <a href=\"http:\/\/www.ossworldwidemovers.com\/american-moving-and-storage-association\" target=\"_blank\" rel=\"noopener\">OSS World Wide Movers<\/a><\/p>\n<blockquote><p>AMSA starostlivo preveruje svojich \u010dlenov z radov s\u0165ahovate\u013eov a zabezpe\u010duje, aby boli spotrebitelia priraden\u00ed k s\u0165ahovate\u013eom, ktor\u00ed sp\u013a\u0148aj\u00fa v\u0161etky licen\u010dn\u00e9 a poistn\u00e9 po\u017eiadavky, a zabezpe\u010duje rozhodcovsk\u00e9 konanie v pr\u00edpade sporov medzi spotrebite\u013emi a s\u0165ahovate\u013eom prostredn\u00edctvom svojho \"Programu rie\u0161enia sporov t\u00fdkaj\u00facich sa tovaru pre dom\u00e1cnos\u0165\". Jedn\u00fdm z cie\u013eov AMSA je dobre informovan\u00e1 verejnos\u0165, ktor\u00e1 lep\u0161ie ch\u00e1pe hodnotu profesion\u00e1lnych s\u0165ahovac\u00edch slu\u017eieb.<\/p><\/blockquote>\n<p>- <a href=\"http:\/\/www.moving.com\/articles\/amsa\/who-is-amsa.asp\" target=\"_blank\" rel=\"noopener\">Moving.com<\/a><\/p>\n<p><strong>Webov\u00e1 lokalita:<\/strong> <a href=\"http:\/\/www.moving.org\/\" target=\"_blank\" rel=\"noopener\">http:\/\/www.moving.org\/<\/a><\/p>","protected":false},"excerpt":{"rendered":"<p>The American Moving &#038; Storage Association (AMSA) is the national trade association for the American moving industry. It has been set up to help represent the interests of those in the moving and storage industry, both domestic and international, and also to provide a source of information and assistance to customers using businesses in the [&hellip;]<\/p>\n","protected":false},"author":1,"featured_media":0,"parent":0,"menu_order":0,"comment_status":"closed","ping_status":"closed","template":"","meta":{"_genesis_hide_title":false,"_genesis_hide_breadcrumbs":false,"_genesis_hide_singular_image":false,"_genesis_hide_footer_widgets":false,"_genesis_custom_body_class":"","_genesis_custom_post_class":"","_genesis_layout":"","footnotes":""},"class_list":{"0":"post-433","1":"page","2":"type-page","3":"status-publish","5":"entry"},"_links":{"self":[{"href":"https:\/\/moverdb.com\/sk\/wp-json\/wp\/v2\/pages\/433","targetHints":{"allow":["GET"]}}],"collection":[{"href":"https:\/\/moverdb.com\/sk\/wp-json\/wp\/v2\/pages"}],"about":[{"href":"https:\/\/moverdb.com\/sk\/wp-json\/wp\/v2\/types\/page"}],"author":[{"embeddable":true,"href":"https:\/\/moverdb.com\/sk\/wp-json\/wp\/v2\/users\/1"}],"replies":[{"embeddable":true,"href":"https:\/\/moverdb.com\/sk\/wp-json\/wp\/v2\/comments?post=433"}],"version-history":[{"count":25,"href":"https:\/\/moverdb.com\/sk\/wp-json\/wp\/v2\/pages\/433\/revisions"}],"predecessor-version":[{"id":6170,"href":"https:\/\/moverdb.com\/sk\/wp-json\/wp\/v2\/pages\/433\/revisions\/6170"}],"wp:attachment":[{"href":"https:\/\/moverdb.com\/sk\/wp-json\/wp\/v2\/media?parent=433"}],"curies":[{"name":"wp","href":"https:\/\/api.w.org\/{rel}","templated":true}]}}