{"id":432,"date":"2016-06-12T09:28:19","date_gmt":"2016-06-12T09:28:19","guid":{"rendered":"http:\/\/moverdb.com\/?page_id=432"},"modified":"2026-01-08T14:47:56","modified_gmt":"2026-01-08T14:47:56","slug":"kanadska-asociacia-prepravcov","status":"publish","type":"page","link":"https:\/\/moverdb.com\/sk\/canadian-association-of-movers\/","title":{"rendered":"Vysvetlenie Kanadskej asoci\u00e1cie s\u0165ahovate\u013eov (CAM)"},"content":{"rendered":"<p>Kanadsk\u00e1 asoci\u00e1cia s\u0165ahovate\u013eov je <a href=\"https:\/\/moverdb.com\/sk\/moving-to-canada\/\" data-internallinksmanager029f6b8e52c=\"265\" title=\"S\u0165ahovanie do Kanady? 2026 N\u00e1klady na b\u00fdvanie a tipy na pres\u0165ahovanie\">Kanada<\/a>obchodn\u00e9ho zdru\u017eenia zastupuj\u00faceho spolo\u010dnosti zaoberaj\u00face sa s\u0165ahovan\u00edm a skladovan\u00edm. Bolo zalo\u017een\u00e9 s cie\u013eom pom\u00e1ha\u0165 chr\u00e1ni\u0165 a rozv\u00edja\u0165 \u010dlensk\u00e9 podniky a tie\u017e pon\u00faknu\u0165 spotrebite\u013eom sp\u00f4sob, ako n\u00e1js\u0165 seri\u00f3zne, profesion\u00e1lne a spo\u013eahliv\u00e9 s\u0165ahovacie slu\u017eby.<\/p>\n<p><strong>K\u013e\u00fa\u010dov\u00e9 fakty o CAM:<\/strong><\/p>\n<ol>\n<li>  \u010clenmi s\u00fa s\u0165ahovatelia z Kanady aj zo z\u00e1moria.<\/li>\n<li>  \u010clenstvo zah\u0155\u0148a s\u0165ahovacie a premiest\u0148ovacie spolo\u010dnosti, prepravn\u00e9 spolo\u010dnosti, dod\u00e1vate\u013eov pre toto odvetvie a podniky, ktor\u00e9 poskytuj\u00fa slu\u017eby s\u00favisiace so s\u0165ahovan\u00edm, ako napr\u00edklad baliace slu\u017eby.<\/li>\n<li>  Etick\u00fd k\u00f3dex vy\u017eaduje, aby \u010dlenovia dodr\u017eiavali podmienky, ako je spravodlivos\u0165 a \u010destnos\u0165 vo\u010di z\u00e1kazn\u00edkom a v\u017edy dbali na bezpe\u010dnos\u0165.<\/li>\n<li>  Kanadsk\u00e9 zdru\u017eenie s\u0165ahovate\u013eov poskytuje spotrebite\u013eom postup rie\u0161enia s\u0165a\u017enost\u00ed.<\/li>\n<li>  Spolo\u010dnos\u0165 CAM pon\u00faka program Certified Canadian Mover, ktor\u00fd spotrebite\u013eom poskytuje istotu, \u017ee dostan\u00fa slu\u017eby zalo\u017een\u00e9 na etickom spr\u00e1van\u00ed, odbornej sp\u00f4sobilosti a \u00fa\u010dinnom rie\u0161en\u00ed s\u0165a\u017enost\u00ed.<\/li>\n<li>  CAM je jedin\u00fdm zdru\u017een\u00edm s\u0165ahovate\u013eov v Kanade, ktor\u00e9 reguluje a vedie evidenciu seri\u00f3znych a neseri\u00f3znych s\u0165ahovate\u013eov.<\/li>\n<\/ol>\n<p><strong>Profil Kanadskej asoci\u00e1cie s\u0165ahovate\u013eov:<\/strong><\/p>\n<p>Kanadsk\u00e1 asoci\u00e1cia s\u0165ahovate\u013eov je kanadsk\u00e9 obchodn\u00e9 zdru\u017eenie s\u0165ahovate\u013eov. Tvoria ju kanadsk\u00e9 podniky, ako aj zahrani\u010dn\u00e9 organiz\u00e1cie. <\/p>\n<p>CAM m\u00e1 nieko\u013eko cie\u013eov, medzi ktor\u00e9 patr\u00ed zvy\u0161ovanie profesion\u00e1lnych odborn\u00fdch znalost\u00ed a prev\u00e1dzkov\u00fdch kompetenci\u00ed a budovanie prepojen\u00ed medzi s\u0165ahovacou spolo\u010dnos\u0165ou a prepravn\u00fdmi spolo\u010dnos\u0165ami s cie\u013eom zdie\u013ea\u0165 inform\u00e1cie a podpori\u0165 priemysel s\u0165ahovania tovaru pre dom\u00e1cnos\u0165 ako celok.<\/p>\n<p>\u010clenovia CAM s\u00fa pova\u017eovan\u00ed za \u0161pi\u010dku v krajine <a href=\"https:\/\/moverdb.com\/sk\/moving-companies\/\" data-internallinksmanager029f6b8e52c=\"79\" title=\"Top 25 medzin\u00e1rodn\u00fdch s\u0165ahovac\u00edch spolo\u010dnost\u00ed online\">s\u0165ahovacie spolo\u010dnosti<\/a>. \u010clenovia CAM maj\u00fa k dispoz\u00edcii dve certifik\u00e1cie - Certified Overseas Mover a Certified Canadian Mover. <\/p>\n<p>Cie\u013eom oboch je pon\u00faknu\u0165 spotrebite\u013eom v\u00fdber seri\u00f3znych s\u0165ahovac\u00edch spolo\u010dnost\u00ed, ktor\u00e9 maj\u00fa aktu\u00e1lnu dokument\u00e1ciu, dodr\u017eiavaj\u00fa etick\u00fd k\u00f3dex, vedia rie\u0161i\u0165 s\u0165a\u017enosti z\u00e1kazn\u00edkov a dodr\u017eiavaj\u00fa usmernenia o spr\u00e1vnej praxi.<\/p>\n<p><strong>Krit\u00e9ri\u00e1 \u010dlenstva:<\/strong><\/p>\n<p>Od \u017eiadate\u013eov sa m\u00f4\u017ee vy\u017eadova\u0165 predlo\u017eenie r\u00f4znych dokumentov na dokon\u010denie procesu schva\u013eovania \u010dlenstva. V\u0161etky \u017eiadosti o \u010dlenstvo podliehaj\u00fa schv\u00e1leniu spr\u00e1vnou radou.<\/p>\n<p><strong>S\u0165ahov\u00e1ci<\/strong><\/p>\n<p>Spolo\u010dnos\u0165 CAM vy\u017eaduje, aby \u017eiadatelia p\u00f4sobili v oblasti s\u0165ahovania aspo\u0148 dva roky.<\/p>\n<p>\u017diadatelia o \u010dlenstvo v spolo\u010dnosti CAM musia vyplni\u0165 formul\u00e1r \u017eiadosti a predlo\u017ei\u0165 spolo\u010dnosti CAM nasleduj\u00face dokumenty (len fotok\u00f3pie):<\/p>\n<ul>\n<li> \u017divnostensk\u00e9 opr\u00e1vnenie<\/li>\n<li> Fotografie priestorov a vozidiel<\/li>\n<li> Registr\u00e1cia a \u010d\u00edslo GST\/HST<\/li>\n<li> Osved\u010denie o od\u0161kodnen\u00ed pracovn\u00edkov<\/li>\n<li> Poistn\u00fd certifik\u00e1t preukazuj\u00faci minim\u00e1lne $1 mili\u00f3n zodpovednosti a limit n\u00e1kladu minim\u00e1lne $250,000<\/li>\n<li> Osved\u010denie o registr\u00e1cii<\/li>\n<li> Dve obchodn\u00e9 referencie s uveden\u00edm d\u013a\u017eky vz\u0165ahu (napr. banka, dod\u00e1vate\u013e s\u0165ahovacieho zariadenia at\u010f.)<\/li>\n<li> Reklama v \u017dlt\u00fdch str\u00e1nkach alebo propaga\u010dn\u00e9 predmety (volite\u013en\u00e9)<\/li>\n<li> Podp\u00edsan\u00fd formul\u00e1r Etick\u00e9ho k\u00f3dexu<\/li>\n<\/ul>\n<p><strong>Partneri<\/strong><\/p>\n<p>Spolo\u010dnos\u0165, ktor\u00e1 neprepravuje tovar pre dom\u00e1cnos\u0165 n\u00e1kladn\u00fdmi vozidlami, ale poskytuje slu\u017eby s\u00favisiace so s\u0165ahovan\u00edm, ako s\u00fa baliace slu\u017eby, slu\u017eby zni\u017eovania ve\u013ekosti, odvoz odpadu at\u010f., sa m\u00f4\u017ee kvalifikova\u0165 ako pridru\u017een\u00fd \u010dlen. <\/p>\n<p>\u017diadatelia o pridru\u017een\u00e9 \u010dlenstvo musia vyplni\u0165 formul\u00e1r \u017eiadosti a m\u00f4\u017eu by\u0165 po\u017eiadan\u00ed, aby spolo\u010dnosti CAM poskytli nasleduj\u00facu dokument\u00e1ciu, ktor\u00e1 sa vz\u0165ahuje na ich podnikanie, napr\u00edklad (len fotok\u00f3pie):<\/p>\n<ul>\n<li> \u017divnostensk\u00e9 opr\u00e1vnenie<\/li>\n<li> Fotografie priestorov a vozidiel<\/li>\n<li> Registr\u00e1cia a \u010d\u00edslo GST\/HST<\/li>\n<li> Osved\u010denie o od\u0161kodnen\u00ed pracovn\u00edkov<\/li>\n<li> Poistn\u00fd certifik\u00e1t preukazuj\u00faci minim\u00e1lne $1 mili\u00f3n zodpovednosti<\/li>\n<li> Osved\u010denie o registr\u00e1cii<\/li>\n<li> Dve obchodn\u00e9 referencie s uveden\u00edm d\u013a\u017eky vz\u0165ahu (napr. banka, s\u0165ahovacia spolo\u010dnos\u0165 at\u010f.)<\/li>\n<li> Reklama v \u017dlt\u00fdch str\u00e1nkach alebo propaga\u010dn\u00e9 predmety (volite\u013en\u00e9)<\/li>\n<li> Podp\u00edsan\u00fd formul\u00e1r Etick\u00e9ho k\u00f3dexu<\/li>\n<\/ul>\n<p><strong>Medzin\u00e1rodn\u00e9 s\u0165ahovavce<\/strong><\/p>\n<ul>\n<li> Odpor\u00fa\u010dacie listy od dvoch medzin\u00e1rodn\u00fdch s\u0165ahovate\u013eov, ktor\u00ed s\u00fa CAM, <a href=\"https:\/\/moverdb.com\/sk\/fidi-faim\/\">FIDI<\/a> alebo <a href=\"https:\/\/moverdb.com\/sk\/som\/\">IAM<\/a> \u010dlenovia<\/li>\n<li> Podp\u00edsan\u00fd formul\u00e1r Kanadsk\u00e9ho etick\u00e9ho k\u00f3dexu pre medzin\u00e1rodn\u00fdch prepravcov<\/li>\n<\/ul>\n<p><strong>Top 10 \u010dlenov pohybuj\u00face sa spolo\u010dnosti<\/strong> (pod\u013ea ve\u013ekosti)<\/p>\n<ol>\n<li> <a href=\"https:\/\/moverdb.com\/sk\/united-van-lines\/\">Spolo\u010dnos\u0165 United Van Lines<\/a><\/li>\n<li> <a href=\"https:\/\/moverdb.com\/sk\/north-american-van-lines\/\">Spolo\u010dnos\u0165 North American Van Lines<\/a><\/li>\n<li> <a href=\"https:\/\/moverdb.com\/sk\/amj-campbell-van-lines\/\">AMJ Campbell Van Lines<\/a><\/li>\n<\/ol>\n<p><strong>N\u00e1zory h\u00fdbate\u013eov na CAM:<\/strong><\/p>\n<p>CAM sa pova\u017euje za u\u017eito\u010dn\u00fd zdroj inform\u00e1ci\u00ed, ktor\u00fd pom\u00e1ha spotrebite\u013eom vyhn\u00fa\u0165 sa podvodom a prev\u00e1dzkovate\u013eom pon\u00fakaj\u00facim nere\u00e1lne zn\u00ed\u017een\u00e9 ceny, ktor\u00e9 s\u00fa potom v de\u0148 s\u0165ahovania nav\u00fd\u0161en\u00e9. <\/p>\n<p>T\u00ed, ktor\u00ed s\u00fa \u010dlenmi CAM, s\u00fa pova\u017eovan\u00ed za schopn\u00fdch pon\u00faknu\u0165 ur\u010dit\u00fa \u00farove\u0148 slu\u017eieb, ktor\u00fa in\u00ed s\u0165ahov\u00e1ci - bez certifik\u00e1cie - nemaj\u00fa. <\/p>\n<p>Internetov\u00e1 mienka vn\u00edma CAM ako sp\u00f4sob overenia d\u00f4veryhodnosti pohyblivej spolo\u010dnosti, najm\u00e4 preto, \u017ee CAM odde\u013euje <em>\"dobr\u00fdch, zl\u00fdch a \u0161kared\u00fdch.\"<\/em> Organiz\u00e1cia je vysoko cenen\u00e1 pre svoju snahu podporova\u0165 vysok\u00e9 \u0161tandardy etick\u00e9ho spr\u00e1vania a skuto\u010dnos\u0165, \u017ee m\u00e1 pr\u00edsny postup pod\u00e1vania \u017eiadost\u00ed. <\/p>\n<p>T\u00ed, ktor\u00ed uv\u00e1dzaj\u00fa t\u00fato organiz\u00e1ciu online, poukazuj\u00fa na to, \u017ee je to sp\u00f4sob, ako sa uisti\u0165, \u017ee prepravca m\u00e1 primeran\u00e9 poistenie a \u0161tandardy slu\u017eieb. \u010casto sa zd\u00f4raz\u0148uje, \u017ee CAM vedie evidenciu nielen svojich vlastn\u00fdch \u010dlenov, ale aj t\u00fdch s\u0165ahovac\u00edch firiem, ktor\u00e9 nemaj\u00fa tak\u00fa dobr\u00fa poves\u0165. <\/p>\n<p>To sa pova\u017euje za ukazovate\u013e toho, \u017ee organiz\u00e1cia m\u00e1 dobr\u00fd preh\u013ead o odvetv\u00ed pohybu a jej \u010dlenovia s\u00fa na spr\u00e1vnej strane.<\/p>\n<blockquote><p>Medzi s\u0165ahovac\u00edmi a skladovac\u00edmi spolo\u010dnos\u0165ami CAM rozli\u0161uje dobr\u00e9, od zl\u00fdch, od \u0161kared\u00fdch. Jej cie\u013eom je podporova\u0165 vysok\u00e9 \u0161tandardy etick\u00e9ho spr\u00e1vania v r\u00e1mci odvetvia s\u0165ahovania, podporova\u0165 iniciat\u00edvy v oblasti kvality, \u0161koli\u0165 a vzdel\u00e1va\u0165 person\u00e1l a monitorova\u0165 v\u00fdkonnos\u0165 svojich \u010dlenov. <\/p>\n<p>Pom\u00e1ha spotrebite\u013eom z\u00edska\u0165 pr\u00edstup k d\u00f4veryhodn\u00fdm a profesion\u00e1lnym slu\u017eb\u00e1m v oblasti s\u0165ahovania. CAM vy\u017eaduje od svojich \u010dlenov, aby podp\u00edsali pr\u00edsny etick\u00fd k\u00f3dex, mali primeran\u00e9 poistenie a dodr\u017eiavali normy pre svoje zariadenia.<\/p><\/blockquote>\n<p>- <a href=\"http:\/\/www.uvl.ca\/Content\/Canadian+Association+of+Movers\" target=\"_blank\" rel=\"noopener noreferrer\">United Van Lines Kanada<\/a> <\/p>\n<blockquote><p>Kanadsk\u00e1 asoci\u00e1cia s\u0165ahovate\u013eov (CAM) je jedinou asoci\u00e1ciou s\u0165ahovate\u013eov v Kanade, ktor\u00e1 reguluje a vedie evidenciu seri\u00f3znych a neseri\u00f3znych s\u0165ahovate\u013eov. <\/p><\/blockquote>\n<p>- <a href=\"http:\/\/www.greatcanadianvanlines.com\/how-to-choose-a-moving-company\/\" target=\"_blank\" rel=\"noopener noreferrer\">Ve\u013ek\u00e1 kanadsk\u00e1 spolo\u010dnos\u0165 Van Lines<\/a><\/p>\n<blockquote><p>Nespr\u00e1vny v\u00fdber s\u0165ahovacej spolo\u010dnosti na s\u0165ahovanie celo\u017eivotn\u00e9ho majetku m\u00f4\u017ee ma\u0165 katastrof\u00e1lne n\u00e1sledky. Podvodn\u00e9 subjekty zneu\u017e\u00edvaj\u00fa spotrebite\u013eov t\u00fdm, \u017ee pon\u00fakaj\u00fa n\u00edzke ceny, d\u00e1vaj\u00fa nere\u00e1lne s\u013euby, v de\u0148 s\u0165ahovania navy\u0161uj\u00fa cenu a dr\u017eia majetok dom\u00e1cnosti ako v\u00fdkupn\u00e9. <\/p>\n<p>Tieto spolo\u010dnosti nenes\u00fa \u017eiadnu zodpovednos\u0165 za \u00farove\u0148 poskytovan\u00fdch slu\u017eieb. Ak ponuka s\u0165ahovate\u013ea vyzer\u00e1 a znie pr\u00edli\u0161 dobre na to, aby bola pravdiv\u00e1, je to tak.<\/p>\n<p>Pre\u010do riskova\u0165? S\u0165ahujte sa s prepravcom, ktor\u00fd je \u010dlenom CAM. CAM je kanadsk\u00e1 obchodn\u00e1 asoci\u00e1cia zastupuj\u00faca s\u0165ahovacie a skladovacie spolo\u010dnosti.<\/p><\/blockquote>\n<p>- <a href=\"http:\/\/amjtorontomoving.com\/Partners\/ArticleID\/44\/Canadian-Association-of-Movers-CAM\" target=\"_blank\" rel=\"noopener noreferrer\">AMJ Campbell - Toronto<\/a><\/p>\n<p><strong>Webov\u00e1 lokalita:<\/strong> <a href=\"http:\/\/www.mover.net\/\" target=\"_blank\" rel=\"noopener noreferrer\">http:\/\/www.mover.net\/<\/a><\/p>\n<p><strong>POZN\u00c1MKA! V ni\u017e\u0161ie uvedenom formul\u00e1ri niektor\u00e9 spolo\u010dnosti, ktor\u00e9 v\u00e1s po odoslan\u00ed formul\u00e1ra kontaktuj\u00fa, nemusia by\u0165 spolupracovn\u00edkmi spolo\u010dnosti CAM.<\/strong><\/p>","protected":false},"excerpt":{"rendered":"<p>The Canadian Association of Movers is Canada&#8217;s trade association representing moving and storage companies. It was established to help protect and grow its member businesses and also to offer consumers a way to find reputable, professional and reliable moving services. Key facts about CAM: Membership includes movers both in Canada and overseas. Membership covers movers [&hellip;]<\/p>\n","protected":false},"author":1,"featured_media":0,"parent":0,"menu_order":0,"comment_status":"closed","ping_status":"closed","template":"","meta":{"_genesis_hide_title":false,"_genesis_hide_breadcrumbs":false,"_genesis_hide_singular_image":false,"_genesis_hide_footer_widgets":false,"_genesis_custom_body_class":"","_genesis_custom_post_class":"","_genesis_layout":"","footnotes":""},"class_list":{"0":"post-432","1":"page","2":"type-page","3":"status-publish","5":"entry"},"_links":{"self":[{"href":"https:\/\/moverdb.com\/sk\/wp-json\/wp\/v2\/pages\/432","targetHints":{"allow":["GET"]}}],"collection":[{"href":"https:\/\/moverdb.com\/sk\/wp-json\/wp\/v2\/pages"}],"about":[{"href":"https:\/\/moverdb.com\/sk\/wp-json\/wp\/v2\/types\/page"}],"author":[{"embeddable":true,"href":"https:\/\/moverdb.com\/sk\/wp-json\/wp\/v2\/users\/1"}],"replies":[{"embeddable":true,"href":"https:\/\/moverdb.com\/sk\/wp-json\/wp\/v2\/comments?post=432"}],"version-history":[{"count":9,"href":"https:\/\/moverdb.com\/sk\/wp-json\/wp\/v2\/pages\/432\/revisions"}],"predecessor-version":[{"id":3502,"href":"https:\/\/moverdb.com\/sk\/wp-json\/wp\/v2\/pages\/432\/revisions\/3502"}],"wp:attachment":[{"href":"https:\/\/moverdb.com\/sk\/wp-json\/wp\/v2\/media?parent=432"}],"curies":[{"name":"wp","href":"https:\/\/api.w.org\/{rel}","templated":true}]}}