{"id":431,"date":"2016-06-05T20:02:57","date_gmt":"2016-06-05T20:02:57","guid":{"rendered":"http:\/\/moverdb.com\/?page_id=431"},"modified":"2026-01-08T13:19:02","modified_gmt":"2026-01-08T13:19:02","slug":"som","status":"publish","type":"page","link":"https:\/\/moverdb.com\/sk\/iam\/","title":{"rendered":"Vysvetlenie Medzin\u00e1rodnej asoci\u00e1cie s\u0165ahovate\u013eov (IAM)"},"content":{"rendered":"<p>Medzin\u00e1rodn\u00e1 asoci\u00e1cia s\u0165ahovate\u013eov (IAM) je celosvetov\u00e1 obchodn\u00e1 organiz\u00e1cia, ktorej \u010dlenovia poskytuj\u00fa s\u0165ahovacie, zasielate\u013esk\u00e9, prepravn\u00e9, logistick\u00e9 a s\u00favisiace slu\u017eby. <\/p>\n<p>Je to najv\u00e4\u010d\u0161ie medzin\u00e1rodn\u00e9 obchodn\u00e9 zdru\u017eenie v tomto odvetv\u00ed, ktor\u00e9 p\u00f4vodne zalo\u017eili charterov\u00e9 podniky, ktor\u00e9 obchodovali s <a href=\"https:\/\/moverdb.com\/sk\/moving-to-the-united-states\/\" data-internallinksmanager029f6b8e52c=\"94\" title=\"S\u0165ahujete sa do Spojen\u00fdch \u0161t\u00e1tov? 2022 \u017divotn\u00e9 n\u00e1klady a tipy na pres\u0165ahovanie\">US<\/a> vl\u00e1da.<\/p>\n<p><strong>K\u013e\u00fa\u010dov\u00e9 fakty o IAM:<\/strong><\/p>\n<ol>\n<li>  Predstavuje viac ako <strong>2,000 <a href=\"https:\/\/moverdb.com\/sk\/stahovacie-spolocnosti\/\" target=\"_blank\" rel=\"noopener\">spolo\u010dnosti<\/a><\/strong> vo viac ako <strong>170 kraj\u00edn<\/strong>.<\/li>\n<li>  IAM m\u00e1 etick\u00fd k\u00f3dex, ktor\u00fd okrem in\u00e9ho vy\u017eaduje toleranciu kult\u00farnych rozdielov, profesion\u00e1lny pr\u00edstup a vyh\u00fdbanie sa nekalej konkurencii s ostatn\u00fdmi \u010dlenmi.<\/li>\n<li>  IAM bola zalo\u017een\u00e1 v roku 1962 a odvtedy podporuje rast svojich \u010dlenov.<\/li>\n<li>  Je to najv\u00e4\u010d\u0161ie celosvetov\u00e9 obchodn\u00e9 zdru\u017eenie v oblasti s\u0165ahovania a \u0161ped\u00edcie.<\/li>\n<li>  Vyznamenania v odvetv\u00ed sa uzn\u00e1vaj\u00fa prostredn\u00edctvom Siene cti IAM. Nomin\u00e1cie do Siene cti m\u00f4\u017ee predlo\u017ei\u0165 ktor\u00fdko\u013evek \u010dlen IAM, klient alebo z\u00e1kazn\u00edk a rozhoduj\u00fa o nich \u010dlenovia IAM.<\/li>\n<li>  Predt\u00fdm bola zn\u00e1ma pod n\u00e1zvom Household Good Forwarders Association of America - IAM zmenila svoj n\u00e1zov v roku 2009.<\/li>\n<li>  IAM pon\u00faka postup rie\u0161enia sporov v pr\u00edpade probl\u00e9mov medzi \u010dlenmi - vz\u0165ahuje sa na spory o fakt\u00fary.<\/li>\n<li>  Program ochrany poh\u013ead\u00e1vok IAM pon\u00faka ochranu pred t\u00fdmi \u010dlenmi IAM, ktor\u00ed maj\u00fa finan\u010dn\u00e9 \u0165a\u017ekosti, a umo\u017e\u0148uje \u010dlenovi poda\u0165 \u017eiados\u0165 a z\u00edska\u0165 n\u00e1hradu za nezaplaten\u00e9 obchodn\u00e9 fakt\u00fary, ak sa zd\u00e1, \u017ee \u010dlen je pred bankrotom.<\/li>\n<\/ol>\n<p><strong>Profil Medzin\u00e1rodnej asoci\u00e1cie s\u0165ahovate\u013eov:<\/strong><\/p>\n<p>IAM bola zalo\u017een\u00e1 pred viac ako 50 rokmi a v s\u00fa\u010dasnosti m\u00e1 viac ako 2 000 \u010dlenov po celom svete. IAM pon\u00faka r\u00f4zne programy, zdroje a ochranu \u010dlenstva, ako aj pravideln\u00e9 podujatia, ktor\u00e9 s\u00fa ur\u010den\u00e9 na podporu vytv\u00e1rania siet\u00ed a v\u00fdmeny poznatkov, vr\u00e1tane v\u00fdro\u010dn\u00fdch stretnut\u00ed IAM. <\/p>\n<p>Cie\u013eom v\u0161etk\u00e9ho, \u010do IAM rob\u00ed, je podpori\u0165 rast a \u00faspech svojich \u010dlenov. Ochrana \u010dlenstva v IAM sl\u00fa\u017ei na ochranu hodnoty \u010dlenstva v IAM v o\u010diach odvetvia, z\u00e1kazn\u00edkov a zdru\u017een\u00ed kolegov - zah\u0155\u0148a pr\u00edsne po\u017eiadavky na z\u00edskanie \u010dlenstva v IAM, presadzovanie etick\u00e9ho k\u00f3dexu a pr\u00e1cu na ot\u00e1zkach, ako je doh\u013ead nad ochrann\u00fdmi zn\u00e1mkami. <\/p>\n<p>IAM m\u00e1 online adres\u00e1r \u010dlenov, v ktorom sa d\u00e1 vyh\u013ead\u00e1va\u0165 a z\u00e1kazn\u00edci si m\u00f4\u017eu n\u00e1js\u0165 prepravcu, ktor\u00fd je \u010dlenom tejto organiz\u00e1cie.<\/p>\n<p><strong>Krit\u00e9ri\u00e1 \u010dlenstva:<\/strong><\/p>\n<ul>\n<li> minim\u00e1lne jeden rok praxe<\/li>\n<li> Sponzorsk\u00e9 listy od dvoch s\u00fa\u010dasn\u00fdch \u010dlenov IAM, v ktor\u00fdch sa uv\u00e1dza, \u017ee v\u00e1s odpor\u00fa\u010daj\u00fa na \u010dlenstvo, na hlavi\u010dkovom papieri sponzoruj\u00facej spolo\u010dnosti, podp\u00edsan\u00e9 zamestnancom spolo\u010dnosti.<\/li>\n<li> PDF alebo JPG aktu\u00e1lnej obchodnej licencie alebo registr\u00e1cie v krajine\/\u0161t\u00e1te\/provincii a pr\u00edpadne da\u0148ov\u00e9 identifika\u010dn\u00e9 \u010d\u00edslo.<\/li>\n<li> PDF alebo JPG preukazu toto\u017enosti s fotografiou vydan\u00e9ho vl\u00e1dou (napr. pas, vodi\u010dsk\u00fd preukaz) pre ka\u017ed\u00e9ho riadite\u013ea spolo\u010dnosti, ktor\u00fd vlastn\u00ed a\/alebo m\u00e1 kontroln\u00fd podiel v 5% alebo viac spolo\u010dnosti<\/li>\n<li> Platba inicia\u010dn\u00e9ho poplatku a pr\u00edspevkov<\/li>\n<\/ul>\n<p>Potenci\u00e1lni \u010dlenovia s\u00fa zverejnen\u00ed na webovej lokalite IAM na 30 dn\u00ed, aby si ich s\u00fa\u010dasn\u00ed \u010dlenovia IAM mohli prezrie\u0165, a po uplynut\u00ed tejto lehoty je \u010dlenstvo potvrden\u00e9.<\/p>\n<p><strong>Niektor\u00e9 \u010dlensk\u00e9 spolo\u010dnosti<\/strong><\/p>\n<ul>\n<li> <a href=\"https:\/\/moverdb.com\/sk\/aires\/\">Aires<\/a><\/li>\n<li> <a href=\"https:\/\/moverdb.com\/sk\/matthew-james\/\">Matthew James Global Relocations<\/a><\/li>\n<li> <a href=\"https:\/\/moverdb.com\/sk\/santa-fe-relocation\/\">Santa Fe premiest\u0148ovacie slu\u017eby<\/a><\/li>\n<li> <a href=\"https:\/\/moverdb.com\/sk\/sterling-relocation\/\">Premiestnenie spolo\u010dnosti Sterling<\/a><\/li>\n<li> <a href=\"https:\/\/moverdb.com\/sk\/cadogan-tate\/\">Cadogan Tate<\/a><\/li>\n<li> <a href=\"https:\/\/moverdb.com\/sk\/harrow-green\/\">Harrow Green<\/a><\/li>\n<li> <a href=\"https:\/\/moverdb.com\/sk\/team-relocations\/\">Premiestnenie t\u00edmu<\/a><\/li>\n<li> <a href=\"https:\/\/moverdb.com\/sk\/mcgimpsey-brothers-removals\/\">Spolo\u010dnos\u0165 McGimpsey Brothers Removals<\/a><\/li>\n<li> <a href=\"https:\/\/moverdb.com\/sk\/shore-porters-society\/\">Spolo\u010dnos\u0165 pobre\u017en\u00fdch nosi\u010dov<\/a><\/li>\n<li> <a href=\"https:\/\/moverdb.com\/sk\/nippon-express\/\">Nippon Express<\/a><\/li>\n<li> <a href=\"https:\/\/moverdb.com\/sk\/sirva\/\">Sirva<\/a><\/li>\n<li> <a href=\"https:\/\/moverdb.com\/sk\/premiestnenie-koruny\/\">Premiest\u0148ovanie kor\u00fan<\/a><\/li>\n<li> <a href=\"https:\/\/moverdb.com\/sk\/shipco-transport\/\">Spolo\u010dnos\u0165 Shipco Transport<\/a><\/li>\n<li> <a href=\"https:\/\/moverdb.com\/sk\/conroy-removals\/\">Conroy Removals<\/a><\/li>\n<li> <a href=\"https:\/\/moverdb.com\/sk\/bolliger\/\">Bolliger<\/a><\/li>\n<li> <a href=\"https:\/\/moverdb.com\/sk\/ostrov-movers\/\">Ostrov Movers<\/a><\/li>\n<li> <a href=\"https:\/\/moverdb.com\/sk\/gil-stauffer\/\">Gil Stauffer<\/a><\/li>\n<li> <a href=\"https:\/\/moverdb.com\/sk\/royal-hawaiian-movers\/\">Kr\u00e1\u013eovsk\u00e9 havajsk\u00e9 s\u0165ahov\u00e1ky<\/a><\/li>\n<li> <a href=\"https:\/\/moverdb.com\/sk\/teletrans\/\">Teletrans<\/a><\/li>\n<\/ul>\n<p><strong>N\u00e1zory s\u0165ahovate\u013eov na Medzin\u00e1rodn\u00fa asoci\u00e1ciu s\u0165ahovate\u013eov:<\/strong><\/p>\n<p>IAM je citovan\u00e1 na mnoh\u00fdch webov\u00fdch str\u00e1nkach, ktor\u00e9 \u010dasto uv\u00e1dzaj\u00fa jej glob\u00e1lny charakter a po\u010det \u010dlenov. <\/p>\n<p>Mnoh\u00ed sa zameriavaj\u00fa na skuto\u010dnos\u0165, \u017ee ide o najv\u00e4\u010d\u0161ie obchodn\u00e9 zdru\u017eenie v tomto odvetv\u00ed a na rozsah jeho p\u00f4sobnosti - je skuto\u010dne celosvetov\u00e9 a jeho \u010dlenovia sa nach\u00e1dzaj\u00fa aj v t\u00fdch najvzdialenej\u0161\u00edch k\u00fatoch. Na jednej webovej str\u00e1nke sa tie\u017e uv\u00e1dza, \u017ee \u010dlenstvo v IAM pom\u00e1ha <a href=\"https:\/\/moverdb.com\/sk\/moving-companies\/\" data-internallinksmanager029f6b8e52c=\"79\" title=\"Top 25 medzin\u00e1rodn\u00fdch s\u0165ahovac\u00edch spolo\u010dnost\u00ed online\">s\u0165ahovacie spolo\u010dnosti<\/a> aby ho z\u00e1kazn\u00edci na\u0161li, a \u017ee je ukazovate\u013eom podniku, ktor\u00fd je schopn\u00fd poskytova\u0165 skvel\u00e9 slu\u017eby. <\/p>\n<p>Zd\u00e1 sa, \u017ee zdru\u017eenie vo v\u0161eobecnosti sl\u00fa\u017ei ako zna\u010dka kvality a u\u017eito\u010dn\u00fd n\u00e1stroj na roz\u0161irovanie obchodu a siet\u00ed.<\/p>\n<blockquote><p>\u010clenovia celosvetovej organiz\u00e1cie, ktor\u00ed sa podie\u013eaj\u00fa na ka\u017edodennej preprave tovaru pre dom\u00e1cnos\u0165 a osobn\u00fdch vec\u00ed, s\u00fa rovnako r\u00f4znorod\u00ed ako samotn\u00e9 zlo\u017eky medzin\u00e1rodn\u00e9ho s\u0165ahovania. Preprava a v\u00fdmena tovaru a slu\u017eieb s\u00fa z\u00e1kladnou krvou, ktor\u00e1 poh\u00e1\u0148a dne\u0161n\u00fd glob\u00e1lny hospod\u00e1rsky rast.\n<\/p><\/blockquote>\n<p>- <a href=\"http:\/\/www.abels.co.uk\/articles\/international-association-of-movers-iam-what-is-this\/\" target=\"_blank\" rel=\"noopener\">Abels<\/a><\/p>\n<blockquote><p>IAM je celosvetov\u00e9 zdru\u017eenie prepravcov a \u0161pedit\u00e9rov, ktor\u00e9ho cie\u013eom je poskytova\u0165 z\u00e1kazn\u00edkom slu\u017eby na najvy\u0161\u0161ej mo\u017enej \u00farovni.<\/p><\/blockquote>\n<p>- <a href=\"http:\/\/www.amjbc.ca\/international-moving-services\/\" target=\"_blank\" rel=\"noopener\">AMJ Campbell Worldwide<\/a><\/p>\n<blockquote><p>\u010clenstvo v IAM je skuto\u010dne glob\u00e1lne Vo v\u0161etk\u00fdch \u010dastiach sveta n\u00e1jdete pracovn\u00edkov IAM. To n\u00e1m pom\u00e1ha poskytova\u0165 na\u0161im klientom slu\u017eby skuto\u010dne od dver\u00ed k dver\u00e1m. Od domu k domu, ako radi hovor\u00edme.<\/p><\/blockquote>\n<p>- <a href=\"http:\/\/hometohome.nl\/2016\/02\/12\/iam-international-association-of-movers\/\" target=\"_blank\" rel=\"noopener\">Domov domovu<\/a><\/p>\n<p><strong>Webov\u00e1 lokalita:<\/strong> <a href=\"http:\/\/www.iamovers.org\/\" target=\"_blank\" rel=\"noopener\">http:\/\/www.iamovers.org<\/a><\/p>","protected":false},"excerpt":{"rendered":"<p>The International Association of Movers (IAM) is a global trade body with members who provide moving, forwarding, shipping, logistics, and related services. It is the largest international trade association for the industry, originally founded by charter businesses that were doing business with the US government. Key facts about the IAM: Represents more than 2,000 companies [&hellip;]<\/p>\n","protected":false},"author":1,"featured_media":0,"parent":0,"menu_order":0,"comment_status":"closed","ping_status":"closed","template":"","meta":{"_genesis_hide_title":false,"_genesis_hide_breadcrumbs":false,"_genesis_hide_singular_image":false,"_genesis_hide_footer_widgets":false,"_genesis_custom_body_class":"","_genesis_custom_post_class":"","_genesis_layout":"","footnotes":""},"class_list":{"0":"post-431","1":"page","2":"type-page","3":"status-publish","5":"entry"},"_links":{"self":[{"href":"https:\/\/moverdb.com\/sk\/wp-json\/wp\/v2\/pages\/431","targetHints":{"allow":["GET"]}}],"collection":[{"href":"https:\/\/moverdb.com\/sk\/wp-json\/wp\/v2\/pages"}],"about":[{"href":"https:\/\/moverdb.com\/sk\/wp-json\/wp\/v2\/types\/page"}],"author":[{"embeddable":true,"href":"https:\/\/moverdb.com\/sk\/wp-json\/wp\/v2\/users\/1"}],"replies":[{"embeddable":true,"href":"https:\/\/moverdb.com\/sk\/wp-json\/wp\/v2\/comments?post=431"}],"version-history":[{"count":24,"href":"https:\/\/moverdb.com\/sk\/wp-json\/wp\/v2\/pages\/431\/revisions"}],"predecessor-version":[{"id":13162,"href":"https:\/\/moverdb.com\/sk\/wp-json\/wp\/v2\/pages\/431\/revisions\/13162"}],"wp:attachment":[{"href":"https:\/\/moverdb.com\/sk\/wp-json\/wp\/v2\/media?parent=431"}],"curies":[{"name":"wp","href":"https:\/\/api.w.org\/{rel}","templated":true}]}}