{"id":429,"date":"2016-06-06T14:44:52","date_gmt":"2016-06-06T14:44:52","guid":{"rendered":"http:\/\/moverdb.com\/?page_id=429"},"modified":"2026-05-15T14:55:45","modified_gmt":"2026-05-15T14:55:45","slug":"britska-asociacia-vyrobcov","status":"publish","type":"page","link":"https:\/\/moverdb.com\/sk\/british-association-of-removers\/","title":{"rendered":"Vysvetlenie Britskej asoci\u00e1cie s\u0165ahovate\u013eov (BAR)"},"content":{"rendered":"<p>Britsk\u00e1 asoci\u00e1cia s\u0165ahov\u00e1kov (BAR) sa ozna\u010duje za \"uzn\u00e1van\u00fd hlas profesion\u00e1lneho s\u0165ahovacieho priemyslu\" a je k\u013e\u00fa\u010dov\u00fdm org\u00e1nom v <a href=\"https:\/\/moverdb.com\/sk\/moving-to-the-uk\/\" data-internallinksmanager029f6b8e52c=\"93\" title=\"S\u0165ahujete sa do Spojen\u00e9ho kr\u00e1\u013eovstva? 2022 \u017divotn\u00e9 n\u00e1klady a tipy na pres\u0165ahovanie\">UK<\/a> priemysel pohybu. <\/p>\n<p>Do p\u00f4sobnosti BAR patr\u00ed odborn\u00e1 pr\u00edprava, profesijn\u00e9 normy a poskytovanie inform\u00e1ci\u00ed a poradenstva z\u00e1kazn\u00edkom, ako aj slu\u017eba rie\u0161enia sporov.<\/p>\n<p><strong>K\u013e\u00fa\u010dov\u00e9 fakty o spolo\u010dnosti BAR:<\/strong><\/p>\n<ol>\n<li>  BAR m\u00e1 nieko\u013eko r\u00f4znych typov \u010dlenstva: \u010clenstvo vo Ve\u013ekej Brit\u00e1nii, <a href=\"https:\/\/moverdb.com\/sk\/bar-overseas\/\">\u010clenstvo v zahrani\u010dnej skupine<\/a>, \u010dlenstvo v skupine pre komer\u010dn\u00e9 s\u0165ahovanie, \u010dlenstvo v z\u00e1ujmovej skupine pre vlastn\u00e9 skladovanie. <a href=\"https:\/\/moverdb.com\/sk\/medzinarodne-stahovanie\/\">Spolo\u010dnosti<\/a> m\u00f4\u017eu by\u0165 aj medzin\u00e1rodn\u00e9 pobo\u010dky (podniky mimo Spojen\u00e9ho kr\u00e1\u013eovstva p\u00f4sobiace v oblasti s\u0165ahovania) a pridru\u017een\u00e9 spolo\u010dnosti (spolo\u010dnosti, ktor\u00e9 sa nezaoberaj\u00fa s\u0165ahovac\u00edmi a skladovac\u00edmi \u010dinnos\u0165ami, ale poskytuj\u00fa tovar a slu\u017eby pre toto odvetvie).<\/li>\n<li>  BAR m\u00e1 jedin\u00fd k\u00f3dex postupov v odvetv\u00ed s\u0165ahovania, ktor\u00fd je schv\u00e1len\u00fd a monitorovan\u00fd In\u0161tit\u00fatom obchodn\u00fdch noriem.<\/li>\n<li>  In\u0161tit\u00fat obchodn\u00fdch noriem monitoruje v\u00fdkonnos\u0165 v\u0161etk\u00fdch \u010dlenov BAR.<\/li>\n<li>  BAR sa vz\u0165ahuje na Spojen\u00e9 kr\u00e1\u013eovstvo a <a href=\"https:\/\/moverdb.com\/sk\/stahovacie-spolocnosti\/\">medzin\u00e1rodn\u00e9 s\u0165ahovanie<\/a>.<\/li>\n<li>  Spolo\u010dnos\u0165 BAR m\u00e1 vlastn\u00fa div\u00edziu \u0161kolen\u00ed - BAR Training Services, ktor\u00e1 pon\u00faka profesion\u00e1lne obchodn\u00e9 \u0161kolenia, ktor\u00e9 stanovuj\u00fa \u0161tandardy v oblasti \u0161kolen\u00ed \u0161pecifick\u00fdch pre dan\u00e9 odvetvie.<\/li>\n<li>  \u010clenovia BAR podliehaj\u00fa po\u010das svojho \u010dlenstva priebe\u017en\u00fdm kontrol\u00e1m na mieste.<\/li>\n<li> Spolo\u010dnos\u0165 BAR tie\u017e prev\u00e1dzkuje <a href=\"https:\/\/www.trustedmover.org\" target=\"_blank\" rel=\"noopener\">D\u00f4veryhodn\u00fd prepravca<\/a> webov\u00fa str\u00e1nku, ktor\u00e1 v\u00e1m pom\u00f4\u017ee n\u00e1js\u0165 odstra\u0148ova\u010de BAR.<\/li>\n<\/ol>\n<p><strong>Profil organiz\u00e1cie:<\/strong><\/p>\n<p>BAR sa etablovala ako priemyseln\u00fd org\u00e1n, ktor\u00e9ho poslan\u00edm je udr\u017eiava\u0165 profesion\u00e1lne normy v sektore s\u0165ahovania v prospech svojich \u010dlenov a tie\u017e ich z\u00e1kazn\u00edkov. M\u00e1 k\u00f3dex postupov, ktor\u00fd stanovuje normy pre slu\u017eby, materi\u00e1ly, vozidl\u00e1 a skladovanie, \u0161kolenia zamestnancov a sp\u00f4sob rie\u0161enia situ\u00e1cie, ak sa nie\u010do pokaz\u00ed. <\/p>\n<p>Poskytuje tie\u017e finan\u010dn\u00fa ochranu z\u00e1kazn\u00edkom, napr\u00edklad v pr\u00edpade, \u017ee prepravca zru\u0161\u00ed z\u00e1kazku. Z\u00e1kazn\u00edci sa m\u00f4\u017eu na \u010dlena BAR s\u0165a\u017eova\u0165 a k dispoz\u00edcii je aj slu\u017eba alternat\u00edvneho rie\u0161enia sporov. <\/p>\n<p>\u0160kolenia s\u00fa k\u013e\u00fa\u010dovou s\u00fa\u010das\u0165ou \u010dlensk\u00e9ho programu BAR a \u010dlenovia maj\u00fa pr\u00edstup k modulom ELearning na t\u00e9my ako vedenie, financie, predaj a predaj, slu\u017eby z\u00e1kazn\u00edkom, marketing, kou\u010dovanie, mana\u017ement a rozvoj zru\u010dnost\u00ed ved\u00facich pracovn\u00edkov.<\/p>\n<p><strong>Niektor\u00e9 \u010dlensk\u00e9 spolo\u010dnosti<\/strong><\/p>\n<ul>\n<li> <a href=\"https:\/\/moverdb.com\/sk\/cadogan-tate\/\">Cadogan Tate<\/a><\/li>\n<li> <a href=\"https:\/\/moverdb.com\/sk\/anglo-pacificka\/\">Anglo Pacific<\/a><\/li>\n<li> <a href=\"https:\/\/moverdb.com\/sk\/shore-porters-society\/\">Spolo\u010dnos\u0165 pobre\u017en\u00fdch nosi\u010dov<\/a><\/li>\n<li> <a href=\"https:\/\/moverdb.com\/sk\/matthew-james\/\">Matthew James<\/a><\/li>\n<li> <a href=\"https:\/\/moverdb.com\/sk\/robinsons\/\">Premiestnenie spolo\u010dnosti Robinsons<\/a><\/li>\n<li> <a href=\"https:\/\/moverdb.com\/sk\/conroy-removals\/\">Conroy Removals<\/a><\/li>\n<\/ul>\n<p><strong>Krit\u00e9ri\u00e1 \u010dlenstva:<\/strong><\/p>\n<p>Na webovej str\u00e1nke nie s\u00fa k dispoz\u00edcii \u017eiadne krit\u00e9ri\u00e1 \u010dlenstva, na ktorej sa uv\u00e1dza: \"Ak m\u00e1te z\u00e1ujem sta\u0165 sa \u010dlenom BAR a z\u00edska\u0165 krit\u00e9ri\u00e1 \u010dlenstva a prihl\u00e1\u0161ku, obr\u00e1\u0165te sa na BAR a uve\u010fte inform\u00e1cie o svojej spolo\u010dnosti a kontaktn\u00e9 \u00fadaje.\"<\/p>\n<p><strong>N\u00e1zory odvetvia na Britsk\u00fa asoci\u00e1ciu s\u0165ahov\u00e1kov:<\/strong><\/p>\n<p>Zdru\u017eenie BAR sa \u010dasto objavuje na webov\u00fdch str\u00e1nkach britsk\u00fdch s\u0165ahovac\u00edch spolo\u010dnost\u00ed a mnoh\u00ed z t\u00fdch, ktor\u00ed ho uv\u00e1dzaj\u00fa, sa zameriavaj\u00fa na jeho dlhovekos\u0165 ako jedn\u00e9ho z najstar\u0161\u00edch obchodn\u00fdch zdru\u017een\u00ed v sektore s\u0165ahovania a jeho viac ako storo\u010dn\u00fa hist\u00f3riu. <\/p>\n<p>Za \u010fal\u0161ie ve\u013ek\u00e9 pozit\u00edvum sa pova\u017euje skuto\u010dnos\u0165, \u017ee obchodn\u00e1 rada schv\u00e1lila svoj k\u00f3dex postupov, ktor\u00fd poskytuje spotrebite\u013eom istotu, \u017ee ich z\u00e1ujmy s\u00fa chr\u00e1nen\u00e9 nad r\u00e1mec z\u00e1kladn\u00fdch po\u017eiadaviek z\u00e1kona. <\/p>\n<p>Za d\u00f4le\u017eit\u00fa sa pova\u017euje skuto\u010dnos\u0165, \u017ee zdru\u017eenie vykon\u00e1va priebe\u017en\u00e9 kontroly na mieste, ako aj to, \u017ee \u010dlenovia musia poskytova\u0165 d\u00f4kazy o trvalej spokojnosti z\u00e1kazn\u00edkov. <\/p>\n<p>V\u0161eobecn\u00fd n\u00e1zor je, \u017ee <em>\"v\u00fdberom \u010dlena BAR si zabezpe\u010d\u00edte \u010do najhlad\u0161\u00ed priebeh s\u0165ahovania.\"<\/em> Webov\u00e9 str\u00e1nky o nehnute\u013enostiach uv\u00e1dzaj\u00fa \u0161tandard BAR ako z\u00e1kladn\u00fa po\u017eiadavku na dobr\u00e9ho s\u0165ahovate\u013ea, ktor\u00fd dodr\u017eiava minim\u00e1lne \u0161tandardy profesionality a pon\u00faka ur\u010dit\u00fa finan\u010dn\u00fa ochranu.<\/p>\n<blockquote><p>V\u00fdber s\u0165ahovacej firmy, ktor\u00e1 sa zaviazala k \u010dlenstvu v BAR, je dobr\u00fdm v\u00fdchodiskov\u00fdm bodom, preto\u017ee ukazuje, \u017ee je ochotn\u00e1 dodr\u017eiava\u0165 minim\u00e1lne \u0161tandardy. \u010clenovia BAR maj\u00fa minim\u00e1lne \u0161tandardy spr\u00e1vania pre \u010dlenstvo, ktor\u00e9 bud\u00fa vo va\u0161om z\u00e1ujme, ako napr\u00edklad leg\u00e1lne, licencovan\u00e9 vozidl\u00e1, ochrana va\u0161ej z\u00e1lohy a rozhodcovsk\u00e9 konanie alebo bezplatn\u00e9 zmierovacie konanie a v nepravdepodobnom pr\u00edpade, \u017ee sa nie\u010do pokaz\u00ed.<\/p><\/blockquote>\n<p>- <a href=\"http:\/\/www.rightmove.co.uk\/choosing-a-removal-company.html\" target=\"_blank\" rel=\"noopener\">rightmove<\/a><\/p>\n<blockquote><p>Ka\u017ed\u00fd \u010dlen BAR pracuje pod\u013ea K\u00f3dexu postupov BAR, ktor\u00fd schva\u013euj\u00fa obchodn\u00e9 normy. Tento pr\u00edsny k\u00f3dex chr\u00e1ni a podporuje z\u00e1ujmy spotrebite\u013eov nad r\u00e1mec z\u00e1kladn\u00fdch po\u017eiadaviek z\u00e1kona.<\/p><\/blockquote>\n<p>- <a href=\"http:\/\/www.pickfords.co.uk\/british-association-of-removers\" target=\"_blank\" rel=\"noopener\">Pickfords<\/a><\/p>\n<blockquote><p>Viac ako 97% spotrebite\u013eov odpor\u00fa\u010da svoj odstra\u0148ova\u010d BAR.<\/p><\/blockquote>\n<p>- <a href=\"http:\/\/www.comparemymove.com\/blog\/our-partners\/a-guide-to-joining-the-british-association-of-removers\/\" target=\"_blank\" rel=\"noopener\">Porovnanie m\u00f4jho pohybu<\/a><\/p>\n<p><strong>Webov\u00e1 lokalita:<\/strong> <a href=\"http:\/\/www.bar.co.uk\/\" target=\"_blank\" rel=\"noopener\">http:\/\/www.bar.co.uk\/<\/a><\/p>","protected":false},"excerpt":{"rendered":"<p>The British Association of Removers (BAR) describes itself as the &#8220;recognised voice of the professional moving industry&#8221; and it is a key body in the UK moving industry. Training, professional standards and providing information and advice to customers are included in the BAR&#8217;s remit, as well as a dispute resolution service. Key facts about BAR: [&hellip;]<\/p>\n","protected":false},"author":1,"featured_media":0,"parent":0,"menu_order":0,"comment_status":"closed","ping_status":"closed","template":"","meta":{"_genesis_hide_title":false,"_genesis_hide_breadcrumbs":false,"_genesis_hide_singular_image":false,"_genesis_hide_footer_widgets":false,"_genesis_custom_body_class":"","_genesis_custom_post_class":"","_genesis_layout":"","footnotes":""},"class_list":{"0":"post-429","1":"page","2":"type-page","3":"status-publish","5":"entry"},"_links":{"self":[{"href":"https:\/\/moverdb.com\/sk\/wp-json\/wp\/v2\/pages\/429","targetHints":{"allow":["GET"]}}],"collection":[{"href":"https:\/\/moverdb.com\/sk\/wp-json\/wp\/v2\/pages"}],"about":[{"href":"https:\/\/moverdb.com\/sk\/wp-json\/wp\/v2\/types\/page"}],"author":[{"embeddable":true,"href":"https:\/\/moverdb.com\/sk\/wp-json\/wp\/v2\/users\/1"}],"replies":[{"embeddable":true,"href":"https:\/\/moverdb.com\/sk\/wp-json\/wp\/v2\/comments?post=429"}],"version-history":[{"count":18,"href":"https:\/\/moverdb.com\/sk\/wp-json\/wp\/v2\/pages\/429\/revisions"}],"predecessor-version":[{"id":6186,"href":"https:\/\/moverdb.com\/sk\/wp-json\/wp\/v2\/pages\/429\/revisions\/6186"}],"wp:attachment":[{"href":"https:\/\/moverdb.com\/sk\/wp-json\/wp\/v2\/media?parent=429"}],"curies":[{"name":"wp","href":"https:\/\/api.w.org\/{rel}","templated":true}]}}