{"id":42,"date":"2016-03-19T18:09:36","date_gmt":"2016-03-19T18:09:36","guid":{"rendered":"http:\/\/moverdb.com\/?page_id=42"},"modified":"2026-01-08T15:20:50","modified_gmt":"2026-01-08T15:20:50","slug":"podmienky-pouzivania","status":"publish","type":"page","link":"https:\/\/moverdb.com\/sk\/terms-of-use\/","title":{"rendered":"Podmienky pou\u017e\u00edvania"},"content":{"rendered":"<p><strong>PRED POU\u017dIT\u00cdM TEJTO WEBOVEJ STR\u00c1NKY SI ICH POZORNE PRE\u010c\u00cdTAJTE.<\/strong><\/p>\n<p>Vitajte na str\u00e1nke MoverDB.com. Ak budete pokra\u010dova\u0165 v prehliadan\u00ed a pou\u017e\u00edvan\u00ed tejto webovej str\u00e1nky, s\u00fahlas\u00edte s dodr\u017eiavan\u00edm a viazanos\u0165ou nasleduj\u00facimi podmienkami pou\u017e\u00edvania, ktor\u00e9 spolu s na\u0161imi <a href=\"https:\/\/MoverDB.com\/privacy-policy\/\" target=\"_blank\" rel=\"noopener\">z\u00e1sady ochrany osobn\u00fdch \u00fadajov<\/a> upravuje vz\u0165ah spolo\u010dnosti MoverDB.com s vami v s\u00favislosti s touto webovou str\u00e1nkou. Ak nes\u00fahlas\u00edte s ktorouko\u013evek \u010das\u0165ou t\u00fdchto podmienok, nepou\u017e\u00edvajte na\u0161u webov\u00fa str\u00e1nku.<\/p>\n<p>Tieto Podmienky pou\u017e\u00edvania spolu s \u010fal\u0161\u00edmi dokumentmi uveden\u00fdmi ni\u017e\u0161ie stanovuj\u00fa podmienky, za ktor\u00fdch m\u00f4\u017eete vyu\u017e\u00edva\u0165 str\u00e1nku https:\/\/MoverDB.com\/ (\"na\u0161a str\u00e1nka\"). <\/p>\n<p>\u010eal\u0161ie d\u00f4le\u017eit\u00e9 dokumenty <\/p>\n<p>Podmienky pou\u017e\u00edvania sa vz\u0165ahuj\u00fa na na\u0161e <a href=\"https:\/\/MoverDB.com\/privacy-policy\/\" target=\"_blank\" rel=\"noopener\">Z\u00e1sady ochrany osobn\u00fdch \u00fadajov<\/a>, v ktor\u00fdch s\u00fa stanoven\u00e9 podmienky, za ktor\u00fdch sprac\u00favame v\u0161etky osobn\u00e9 \u00fadaje, ktor\u00e9 n\u00e1m poskytnete. <a href=\"https:\/\/moverdb.com\/sk\/moving-to-the-united-states\/\" data-internallinksmanager029f6b8e52c=\"94\" title=\"S\u0165ahujete sa do Spojen\u00fdch \u0161t\u00e1tov? 2022 \u017divotn\u00e9 n\u00e1klady a tipy na pres\u0165ahovanie\">n\u00e1s<\/a>alebo ktor\u00e9 od v\u00e1s z\u00edskame. M\u00f4\u017eete si tie\u017e pre\u010d\u00edta\u0165 na\u0161e \u00fapln\u00e9 znenie <a href=\"https:\/\/moverdb.com\/sk\/data-processing-policy\/\">Politika spracovania \u00fadajov<\/a>. Pou\u017e\u00edvan\u00edm na\u0161ej str\u00e1nky s\u00fahlas\u00edte s tak\u00fdmto spracovan\u00edm.<\/p>\n<p>Pou\u017e\u00edvanie tejto webovej str\u00e1nky podlieha t\u00fdmto podmienkam pou\u017e\u00edvania:<\/p>\n<ul>\n<li>Obsah str\u00e1nok tejto webovej str\u00e1nky sl\u00fa\u017ei len na v\u0161eobecn\u00e9 inform\u00e1cie a pou\u017eitie. M\u00f4\u017ee sa zmeni\u0165 bez predch\u00e1dzaj\u00faceho upozornenia.<\/li>\n<li> Vyplnen\u00edm cenov\u00e9ho formul\u00e1ra s\u00fahlas\u00edte s t\u00fdm, aby sme tieto inform\u00e1cie poskytli tret\u00edm stran\u00e1m, ktor\u00e9 v\u00e1m pom\u00f4\u017eu z\u00edska\u0165 najlep\u0161iu cenov\u00fa ponuku pre va\u0161e medzin\u00e1rodn\u00e9 s\u0165ahovanie.<\/li>\n<li>T\u00e1to webov\u00e1 str\u00e1nka pou\u017e\u00edva s\u00fabory cookie na monitorovanie preferenci\u00ed pri prehliadan\u00ed. Ak povol\u00edte pou\u017e\u00edvanie s\u00faborov cookie, m\u00f4\u017eeme uklada\u0165 osobn\u00e9 \u00fadaje na pou\u017eitie tret\u00edmi stranami.<\/li>\n<li> Ani my, ani tretie strany neposkytujeme \u017eiadnu z\u00e1ruku na presnos\u0165, aktu\u00e1lnos\u0165, v\u00fdkonnos\u0165, \u00faplnos\u0165 alebo vhodnos\u0165 inform\u00e1ci\u00ed a materi\u00e1lov, ktor\u00e9 sa nach\u00e1dzaj\u00fa alebo pon\u00fakaj\u00fa na tejto webovej str\u00e1nke, na ak\u00fdko\u013evek konkr\u00e9tny \u00fa\u010del. Beriete na vedomie, \u017ee tak\u00e9to inform\u00e1cie a materi\u00e1ly m\u00f4\u017eu obsahova\u0165 nepresnosti alebo chyby a my v\u00fdslovne vylu\u010dujeme zodpovednos\u0165 za tak\u00e9to nepresnosti alebo chyby v maxim\u00e1lnom rozsahu povolenom z\u00e1konom.<\/li>\n<li> Ak\u00e9ko\u013evek inform\u00e1cie alebo materi\u00e1ly na tejto webovej str\u00e1nke pou\u017e\u00edvate v\u00fdlu\u010dne na vlastn\u00e9 riziko, za ktor\u00e9 nenesieme \u017eiadnu zodpovednos\u0165. Je va\u0161ou vlastnou zodpovednos\u0165ou zabezpe\u010di\u0165, aby v\u0161etky produkty, slu\u017eby alebo inform\u00e1cie dostupn\u00e9 prostredn\u00edctvom tejto webovej str\u00e1nky sp\u013a\u0148ali va\u0161e \u0161pecifick\u00e9 po\u017eiadavky.<\/li>\n<li> T\u00e1to webov\u00e1 str\u00e1nka obsahuje materi\u00e1l, ktor\u00fd je vo vlastn\u00edctve alebo na ktor\u00fd sme z\u00edskali licenciu. Tento materi\u00e1l zah\u0155\u0148a okrem in\u00e9ho dizajn, rozlo\u017eenie, vzh\u013ead a grafiku. Reprodukcia je zak\u00e1zan\u00e1 inak ako v s\u00falade s upozornen\u00edm na autorsk\u00e9 pr\u00e1va, ktor\u00e9 je s\u00fa\u010das\u0165ou t\u00fdchto podmienok.<\/li>\n<li> Neopr\u00e1vnen\u00e9 pou\u017e\u00edvanie tejto webovej str\u00e1nky m\u00f4\u017ee vies\u0165 k n\u00e1roku na n\u00e1hradu \u0161kody a\/alebo k trestn\u00e9mu \u010dinu.<\/li>\n<li> Z \u010dasu na \u010das m\u00f4\u017ee t\u00e1to webov\u00e1 str\u00e1nka obsahova\u0165 aj odkazy na in\u00e9 webov\u00e9 str\u00e1nky. Tieto odkazy s\u00fa uveden\u00e9 pre va\u0161e pohodlie s cie\u013eom poskytn\u00fa\u0165 \u010fal\u0161ie inform\u00e1cie. Neznamenaj\u00fa, \u017ee tieto webov\u00e9 str\u00e1nky schva\u013eujeme. Za obsah prepojen\u00fdch webov\u00fdch str\u00e1nok nenesieme \u017eiadnu zodpovednos\u0165.<\/li>\n<\/ul>","protected":false},"excerpt":{"rendered":"<p>PLEASE READ THESE CAREFULLY BEFORE USING THIS WEBSITE. Welcome to MoverDB.com. If you continue to browse and use this website, you are agreeing to comply with and be bound by the following terms and conditions of use, which together with our privacy policy govern MoverDB.com&#8217;s relationship with you in relation to this website. If you [&hellip;]<\/p>\n","protected":false},"author":1,"featured_media":0,"parent":0,"menu_order":0,"comment_status":"closed","ping_status":"closed","template":"","meta":{"_genesis_hide_title":false,"_genesis_hide_breadcrumbs":false,"_genesis_hide_singular_image":false,"_genesis_hide_footer_widgets":false,"_genesis_custom_body_class":"","_genesis_custom_post_class":"","_genesis_layout":"","footnotes":""},"class_list":{"0":"post-42","1":"page","2":"type-page","3":"status-publish","5":"entry"},"_links":{"self":[{"href":"https:\/\/moverdb.com\/sk\/wp-json\/wp\/v2\/pages\/42","targetHints":{"allow":["GET"]}}],"collection":[{"href":"https:\/\/moverdb.com\/sk\/wp-json\/wp\/v2\/pages"}],"about":[{"href":"https:\/\/moverdb.com\/sk\/wp-json\/wp\/v2\/types\/page"}],"author":[{"embeddable":true,"href":"https:\/\/moverdb.com\/sk\/wp-json\/wp\/v2\/users\/1"}],"replies":[{"embeddable":true,"href":"https:\/\/moverdb.com\/sk\/wp-json\/wp\/v2\/comments?post=42"}],"version-history":[{"count":5,"href":"https:\/\/moverdb.com\/sk\/wp-json\/wp\/v2\/pages\/42\/revisions"}],"predecessor-version":[{"id":3243,"href":"https:\/\/moverdb.com\/sk\/wp-json\/wp\/v2\/pages\/42\/revisions\/3243"}],"wp:attachment":[{"href":"https:\/\/moverdb.com\/sk\/wp-json\/wp\/v2\/media?parent=42"}],"curies":[{"name":"wp","href":"https:\/\/api.w.org\/{rel}","templated":true}]}}