{"id":414,"date":"2016-07-03T15:12:27","date_gmt":"2016-07-03T15:12:27","guid":{"rendered":"http:\/\/moverdb.com\/?page_id=414"},"modified":"2026-01-08T14:39:56","modified_gmt":"2026-01-08T14:39:56","slug":"naklady-na-stahovanie","status":"publish","type":"page","link":"https:\/\/moverdb.com\/sk\/moving-costs\/","title":{"rendered":"N\u00e1klady na medzin\u00e1rodn\u00e9 s\u0165ahovanie: 9 vec\u00ed, ktor\u00e9 nem\u00f4\u017eete ignorova\u0165"},"content":{"rendered":"<p><img loading=\"lazy\" decoding=\"async\" src=\"https:\/\/moverdb.com\/wp-content\/uploads\/International-Moving-Costs.jpg\" alt=\"N\u00e1klady na medzin\u00e1rodn\u00e9 s\u0165ahovanie\" width=\"720\" height=\"477\" class=\"aligncenter size-full wp-image-780\" srcset=\"https:\/\/moverdb.com\/wp-content\/uploads\/International-Moving-Costs.jpg 720w, https:\/\/moverdb.com\/wp-content\/uploads\/International-Moving-Costs-300x200.jpg 300w, https:\/\/moverdb.com\/wp-content\/uploads\/International-Moving-Costs-600x398.jpg 600w\" sizes=\"auto, (max-width: 720px) 100vw, 720px\" \/><\/p>\n<p>Mnoh\u00ed \u013eudia, ktor\u00ed sa s\u0165ahuj\u00fa do zahrani\u010dia, s\u00fa prekvapen\u00ed, ak\u00e9 vysok\u00e9 m\u00f4\u017eu by\u0165 n\u00e1klady na medzin\u00e1rodn\u00e9 s\u0165ahovanie. Ni\u017e\u0161ie sa pozrieme na mnoh\u00e9 z o\u010dak\u00e1van\u00fdch a neo\u010dak\u00e1van\u00fdch v\u00fddavkov, s ktor\u00fdmi sa m\u00f4\u017eete stretn\u00fa\u0165, a na to, ako u\u0161etri\u0165 peniaze. <\/p>\n<div id=\"ez-toc-container\" class=\"ez-toc-v2_0_82_2 ez-toc-wrap-left counter-hierarchy ez-toc-counter ez-toc-transparent ez-toc-container-direction\">\n<div class=\"ez-toc-title-container\">\n<p class=\"ez-toc-title\" style=\"cursor:inherit\">Sekcie<\/p>\n<span class=\"ez-toc-title-toggle\"><a href=\"#\" class=\"ez-toc-pull-right ez-toc-btn ez-toc-btn-xs ez-toc-btn-default ez-toc-toggle\" aria-label=\"Prep\u00ednanie tabu\u013eky obsahu\"><span class=\"ez-toc-js-icon-con\"><span class=\"\"><span class=\"eztoc-hide\" style=\"display:none;\">Prep\u00edna\u010d<\/span><span class=\"ez-toc-icon-toggle-span\"><svg style=\"fill: #999;color:#999\" xmlns=\"http:\/\/www.w3.org\/2000\/svg\" class=\"list-377408\" width=\"20px\" height=\"20px\" viewbox=\"0 0 24 24\" fill=\"none\"><path d=\"M6 6H4v2h2V6zm14 0H8v2h12V6zM4 11h2v2H4v-2zm16 0H8v2h12v-2zM4 16h2v2H4v-2zm16 0H8v2h12v-2z\" fill=\"currentColor\"><\/path><\/svg><svg style=\"fill: #999;color:#999\" class=\"arrow-unsorted-368013\" xmlns=\"http:\/\/www.w3.org\/2000\/svg\" width=\"10px\" height=\"10px\" viewbox=\"0 0 24 24\" version=\"1.2\" baseprofile=\"tiny\"><path d=\"M18.2 9.3l-6.2-6.3-6.2 6.3c-.2.2-.3.4-.3.7s.1.5.3.7c.2.2.4.3.7.3h11c.3 0 .5-.1.7-.3.2-.2.3-.5.3-.7s-.1-.5-.3-.7zM5.8 14.7l6.2 6.3 6.2-6.3c.2-.2.3-.5.3-.7s-.1-.5-.3-.7c-.2-.2-.4-.3-.7-.3h-11c-.3 0-.5.1-.7.3-.2.2-.3.5-.3.7s.1.5.3.7z\"\/><\/svg><\/span><\/span><\/span><\/a><\/span><\/div>\n<nav><ul class='ez-toc-list ez-toc-list-level-1 eztoc-toggle-hide-by-default' ><li class='ez-toc-page-1 ez-toc-heading-level-2'><a class=\"ez-toc-link ez-toc-heading-1\" href=\"https:\/\/moverdb.com\/sk\/moving-costs\/#1_Moving_Transportation_Costs\" >1. N\u00e1klady na s\u0165ahovanie a prepravu<\/a><\/li><li class='ez-toc-page-1 ez-toc-heading-level-2'><a class=\"ez-toc-link ez-toc-heading-2\" href=\"https:\/\/moverdb.com\/sk\/moving-costs\/#2_Packing_Unpacking_Costs\" >2. N\u00e1klady na balenie a vybalenie<\/a><\/li><li class='ez-toc-page-1 ez-toc-heading-level-2'><a class=\"ez-toc-link ez-toc-heading-3\" href=\"https:\/\/moverdb.com\/sk\/moving-costs\/#3_Moving_Insurance_Costs\" >3. N\u00e1klady na poistenie pri s\u0165ahovan\u00ed<\/a><\/li><li class='ez-toc-page-1 ez-toc-heading-level-2'><a class=\"ez-toc-link ez-toc-heading-4\" href=\"https:\/\/moverdb.com\/sk\/moving-costs\/#4_Storage_Costs\" >4. N\u00e1klady na skladovanie<\/a><\/li><li class='ez-toc-page-1 ez-toc-heading-level-2'><a class=\"ez-toc-link ez-toc-heading-5\" href=\"https:\/\/moverdb.com\/sk\/moving-costs\/#5Customs_Duty_Charges_Taxes\" >5.Coln\u00e9 poplatky a dane<\/a><\/li><li class='ez-toc-page-1 ez-toc-heading-level-2'><a class=\"ez-toc-link ez-toc-heading-6\" href=\"https:\/\/moverdb.com\/sk\/moving-costs\/#6_Visa_Fees\" >6. Poplatky za v\u00edza<\/a><\/li><li class='ez-toc-page-1 ez-toc-heading-level-2'><a class=\"ez-toc-link ez-toc-heading-7\" href=\"https:\/\/moverdb.com\/sk\/moving-costs\/#7_Lawyer_Fees\" >7. Poplatky pr\u00e1vnikovi<\/a><\/li><li class='ez-toc-page-1 ez-toc-heading-level-2'><a class=\"ez-toc-link ez-toc-heading-8\" href=\"https:\/\/moverdb.com\/sk\/moving-costs\/#8_Housing_Costs\" >8. N\u00e1klady na b\u00fdvanie<\/a><\/li><li class='ez-toc-page-1 ez-toc-heading-level-2'><a class=\"ez-toc-link ez-toc-heading-9\" href=\"https:\/\/moverdb.com\/sk\/moving-costs\/#9_Other_Costs\" >9. Ostatn\u00e9 n\u00e1klady<\/a><\/li><\/ul><\/nav><\/div>\n<h2><span class=\"ez-toc-section\" id=\"1_Moving_Transportation_Costs\"><\/span>1. N\u00e1klady na s\u0165ahovanie a prepravu<span class=\"ez-toc-section-end\"><\/span><\/h2>\n<p>Najv\u00e4\u010d\u0161\u00edm v\u00fddavkom, ktor\u00fd v\u00e1s \u010dak\u00e1, je pren\u00e1jom <a href=\"https:\/\/moverdb.com\/sk\/stahovacie-spolocnosti\/\">medzin\u00e1rodn\u00e1 s\u0165ahovacia spolo\u010dnos\u0165<\/a> na prepravu v\u00e1\u0161ho tovaru z domu v krajine A do nov\u00e9ho domova v krajine B. Spolo\u010dnosti m\u00f4\u017eete porovna\u0165 pomocou vy\u0161\u0161ie uveden\u00e9ho formul\u00e1ra.<\/p>\n<p>N\u00e1klady bud\u00fa z\u00e1visie\u0165 od nieko\u013ek\u00fdch hlavn\u00fdch faktorov:<\/p>\n<ul>\n<li> <strong>Ve\u013ekos\u0165 pohybu:<\/strong> \u010c\u00edm v\u00e4\u010d\u0161ie je s\u0165ahovanie, t\u00fdm je drah\u0161ie. To plat\u00ed pre hmotnos\u0165 aj objem. Slu\u017eby skupinovej prepravy m\u00f4\u017eu tento poplatok zn\u00ed\u017ei\u0165, ak nem\u00e1te dostatok tovaru na pln\u00fd n\u00e1klad.<\/li>\n<li> <strong>Vzdialenos\u0165:<\/strong> \u010c\u00edm \u010falej sa mus\u00edte pres\u0165ahova\u0165, t\u00fdm je to drah\u0161ie.<\/li>\n<li> <strong>Trasa:<\/strong> Niektor\u00e9 destin\u00e1cie s\u00fa pomerne be\u017en\u00e9 a in\u00e9 s\u00fa pomerne vz\u00e1cne. Napr\u00edklad medzin\u00e1rodn\u00e9 s\u0165ahovanie medzi <a href=\"https:\/\/moverdb.com\/sk\/moving-to-canada\/\" data-internallinksmanager029f6b8e52c=\"265\" title=\"S\u0165ahovanie do Kanady? 2026 N\u00e1klady na b\u00fdvanie a tipy na pres\u0165ahovanie\">Kanada<\/a> a <a href=\"https:\/\/moverdb.com\/sk\/moving-to-the-united-states\/\" data-internallinksmanager029f6b8e52c=\"94\" title=\"S\u0165ahujete sa do Spojen\u00fdch \u0161t\u00e1tov? 2022 \u017divotn\u00e9 n\u00e1klady a tipy na pres\u0165ahovanie\">Spojen\u00e9 \u0161t\u00e1ty americk\u00e9<\/a> alebo v r\u00e1mci Eur\u00f3py s\u00fa be\u017en\u00e9 a tieto trasy s\u00fa vo v\u0161eobecnosti lacnej\u0161ie v d\u00f4sledku konkurencie v porovnan\u00ed s menej be\u017en\u00fdmi trasami.<\/li>\n<li> <strong>Sp\u00f4sob prepravy:<\/strong> To, ak\u00fd sp\u00f4sob prepravy tovaru si vyberiete, m\u00e1 ve\u013ek\u00fd vplyv na kone\u010dn\u00fa cenu, ktor\u00fa zaplat\u00edte. N\u00e1morn\u00e1 preprava je najlacnej\u0161ia mo\u017enos\u0165, zatia\u013e \u010do leteck\u00e1 preprava je najdrah\u0161ia. N\u00e1kladn\u00e9 vozidl\u00e1 takmer v\u017edy vykonaj\u00fa prv\u00fa a posledn\u00fa etapu ak\u00e9hoko\u013evek presunu bez oh\u013eadu na met\u00f3du (met\u00f3dy) pou\u017eit\u00fa medzi nimi.<\/li>\n<\/ul>\n<p>Vzh\u013eadom na to, \u017ee n\u00e1morn\u00e1 preprava je najlacnej\u0161ou mo\u017enos\u0165ou, niektor\u00ed \u013eudia sa sna\u017eia vyu\u017ei\u0165 priamu <a href=\"https:\/\/moverdb.com\/sk\/prepravne-spolocnosti\/\">medzin\u00e1rodn\u00e1 prepravn\u00e1 spolo\u010dnos\u0165<\/a>. Hoci to niekedy m\u00f4\u017ee by\u0165 lacnej\u0161ie, v\u00e4\u010d\u0161ina t\u00fdchto spolo\u010dnost\u00ed nie je v skuto\u010dnosti zriaden\u00e1 na s\u0165ahovanie domov, ale zaober\u00e1 sa predov\u0161etk\u00fdm <a href=\"https:\/\/moverdb.com\/sk\/zasielatelstvo\/\">n\u00e1kladn\u00e1 doprava<\/a>.    <\/p>\n<p>Ak chcete lep\u0161ie pochopi\u0165 n\u00e1klady na s\u0165ahovanie a prepravu, m\u00f4\u017eete si pre\u010d\u00edta\u0165 aj n\u00e1\u0161ho sprievodcu <a href=\"https:\/\/moverdb.com\/sk\/kontajnerova-preprava\/\">N\u00e1klady na medzin\u00e1rodn\u00fa kontajnerov\u00fa dopravu<\/a> alebo sa rovno vrhn\u00fa\u0165 na z\u00edskanie <a href=\"https:\/\/moverdb.com\/sk\/citaty\/\">medzin\u00e1rodn\u00e9 s\u0165ahovanie cit\u00e1cie<\/a>.<\/p>\n<p><strong>Typick\u00e9 n\u00e1klady:<\/strong> Po\u010dn\u00fac <strong>$1,000<\/strong> USD (750 GBP; 900 EUR) a pri s\u0165ahovan\u00ed na dlh\u00e9 vzdialenosti do zahrani\u010dia m\u00f4\u017ee \u013eahko presiahnu\u0165 $10 000<\/p>\n<h2><span class=\"ez-toc-section\" id=\"2_Packing_Unpacking_Costs\"><\/span>2. N\u00e1klady na balenie a vybalenie<span class=\"ez-toc-section-end\"><\/span><\/h2>\n<p>Hoci nie v\u0161etky <a href=\"https:\/\/moverdb.com\/sk\/moving-companies\/\" data-internallinksmanager029f6b8e52c=\"79\" title=\"Top 25 medzin\u00e1rodn\u00fdch s\u0165ahovac\u00edch spolo\u010dnost\u00ed online\">s\u0165ahovacie spolo\u010dnosti<\/a> \u00fa\u010dtova\u0165 pr\u00edplatok za balenie a vybalenie, mnoh\u00e9 to robia. V z\u00e1vislosti od krajiny, do ktorej sa s\u0165ahujete, nemus\u00edte ma\u0165 na v\u00fdber, \u010di v\u00e1m tieto n\u00e1klady vznikn\u00fa. D\u00f4vodom je, \u017ee coln\u00e9 dokumenty niektor\u00fdch kraj\u00edn vy\u017eaduj\u00fa, aby s\u0165ahovacia spolo\u010dnos\u0165 ru\u010dila za dov\u00e1\u017ean\u00fd tovar a zabezpe\u010dila, \u017ee sa neprepravuje ni\u010d nez\u00e1konn\u00e9.<\/p>\n<p>Medzi neleg\u00e1lne predmety patria zjavn\u00e9 veci, ako s\u00fa drogy a zbrane, ale aj veci, o ktor\u00fdch mo\u017eno neviete, napr\u00edklad niektor\u00e9 rastliny alebo zvierat\u00e1. S\u0165ahovac\u00edm spolo\u010dnostiam, ktor\u00e9 s\u00fa prichyten\u00e9 pri poru\u0161en\u00ed z\u00e1kona, m\u00f4\u017eu hrozi\u0165 pokuty alebo strata licencie, a t\u00fdm aj mo\u017enosti podnika\u0165 v danej krajine.<\/p>\n<p>Ak sa chcete t\u00fdmto n\u00e1kladom vyhn\u00fa\u0165 alebo ich zn\u00ed\u017ei\u0165, ur\u010dite sa pora\u010fte so svoj\u00edm prepravcom a zistite, \u010di sa d\u00e1 nie\u010do urobi\u0165. Niekedy m\u00f4\u017eete u\u0161etri\u0165 peniaze t\u00fdm, \u017ee si veci zabal\u00edte sami, ale nech\u00e1te im otvoren\u00e9 \u0161katule na kontrolu. A v\u017edy m\u00f4\u017eete u\u0161etri\u0165 aj na druhej strane, ak sa rozhodnete veci v novom domove vylo\u017ei\u0165 sami. <\/p>\n<p>Nakoniec nezab\u00fadajte, \u017ee baliace materi\u00e1ly, ako s\u00fa \u0161katule, bublinkov\u00e9 f\u00f3lie a p\u00e1sky, sa naozaj nedaj\u00fa zaplati\u0165. <\/p>\n<p><strong>Typick\u00e9 n\u00e1klady:<\/strong> Po\u010dn\u00fac <strong>$100<\/strong> USD (75 libier, 90 eur), ale zvy\u010dajne nieko\u013eko sto dol\u00e1rov.    <\/p>\n<h2><span class=\"ez-toc-section\" id=\"3_Moving_Insurance_Costs\"><\/span>3. N\u00e1klady na poistenie pri s\u0165ahovan\u00ed<span class=\"ez-toc-section-end\"><\/span><\/h2>\n<p>Niektor\u00e9 s\u0165ahovacie spolo\u010dnosti zah\u0155\u0148aj\u00fa poistenie do svojej ceny, ale nie v\u0161etky. Nezabudnite si overi\u0165, \u010do presne poistenie zah\u0155\u0148a a \u010do nie. <\/p>\n<p>Ak sa v\u00e1\u0161 tovar posiela po mori, mali by ste sa uisti\u0165, \u017ee existuje nejak\u00fd druh n\u00e1morn\u00e9ho poistenia. Bez oh\u013eadu na to budete chcie\u0165 ma\u0165 poistn\u00fa zmluvu, ktor\u00e1 pokr\u00fdva pln\u00fa hodnotu straty, kr\u00e1de\u017ee a\/alebo po\u0161kodenia ak\u00e9hoko\u013evek v\u00e1\u0161ho tovaru.   <\/p>\n<p><strong>Typick\u00e9 n\u00e1klady:<\/strong> Po\u010dn\u00fac <strong>$100<\/strong> USD (75 GBP, 90 EUR), ale v pr\u00edpade prepravy vysokohodnotn\u00e9ho, neobvykl\u00e9ho a\/alebo vz\u00e1cneho tovaru m\u00f4\u017ee by\u0165 ove\u013ea vy\u0161\u0161ia.<\/p>\n<h2><span class=\"ez-toc-section\" id=\"4_Storage_Costs\"><\/span>4. N\u00e1klady na skladovanie<span class=\"ez-toc-section-end\"><\/span><\/h2>\n<p>Pri s\u0165ahovan\u00ed do zahrani\u010dia sa m\u00f4\u017ee sta\u0165, \u017ee okrem be\u017en\u00fdch n\u00e1kladov na s\u0165ahovanie budete musie\u0165 zaplati\u0165 aj za skladovanie. D\u00f4vodom je, \u017ee m\u00f4\u017ee by\u0165 \u0165a\u017ek\u00e9 zos\u00faladi\u0165 d\u00e1tum s\u0165ahovania s term\u00ednmi prepravy, ktor\u00e9 pou\u017e\u00edva <a href=\"https:\/\/moverdb.com\/sk\/container-shipping\/\" data-internallinksmanager029f6b8e52c=\"3\" title=\"Graf sadzieb medzin\u00e1rodnej kontajnerovej prepravy: Apr\u00edl 2026\">medzin\u00e1rodn\u00e1 preprava<\/a> spolo\u010dnosti. <\/p>\n<p>Teda k\u00fdm v\u00e1\u0161 tovar nie je v preprave, mus\u00ed by\u0165 niekde uskladnen\u00fd. Nezabudnite na to pri stanovovan\u00ed o\u010dak\u00e1van\u00ed, kedy v\u00e1\u0161 tovar doraz\u00ed.<\/p>\n<p>Mo\u017eno budete chcie\u0165 uskladni\u0165 svoj tovar aj po\u010das h\u013eadania miesta na b\u00fdvanie v novej krajine. Alebo si m\u00f4\u017eete zaplati\u0165 za uskladnenie vec\u00ed, k\u00fdm sa nevr\u00e1tite, ak predpoklad\u00e1te, \u017ee p\u00f4jde o do\u010dasn\u00e9 s\u0165ahovanie.  <\/p>\n<p><strong>Typick\u00e9 n\u00e1klady:<\/strong> Po\u010dn\u00fac <strong>$100<\/strong> USD (75 GBP, 90 EUR) mesa\u010dne za mal\u00fd jedno- alebo dvojl\u00f4\u017ekov\u00fd apartm\u00e1n a ceny m\u00f4\u017eu st\u00fapa\u0165. Na\u0161\u0165astie je v tejto oblasti dos\u0165 ve\u013ek\u00e1 konkurencia, ktor\u00e1 pom\u00e1ha udr\u017eiava\u0165 ceny na n\u00edzkej \u00farovni. <\/p>\n<h2><span class=\"ez-toc-section\" id=\"5Customs_Duty_Charges_Taxes\"><\/span>5.Coln\u00e9 poplatky a dane<span class=\"ez-toc-section-end\"><\/span><\/h2>\n<p>\u010eal\u0161\u00edmi drobn\u00fdmi n\u00e1kladmi, ktor\u00e9 je potrebn\u00e9 pred s\u0165ahovan\u00edm zoh\u013eadni\u0165, s\u00fa coln\u00e9 poplatky v krajine, do ktorej sa s\u0165ahujete. Niektor\u00e9 krajiny, ako napr\u00edklad Spojen\u00e9 \u0161t\u00e1ty, umo\u017e\u0148uj\u00fa prepravu v\u00e4\u010d\u0161iny tovaru pre dom\u00e1cnos\u0165 bez cla. <\/p>\n<p>Zatia\u013e \u010do krajiny ako napr. <a href=\"https:\/\/moverdb.com\/sk\/moving-to-the-uk\/\" data-internallinksmanager029f6b8e52c=\"93\" title=\"S\u0165ahujete sa do Spojen\u00e9ho kr\u00e1\u013eovstva? 2022 \u017divotn\u00e9 n\u00e1klady a tipy na pres\u0165ahovanie\">Spojen\u00e9 kr\u00e1\u013eovstvo<\/a> maj\u00fa zlo\u017eitej\u0161ie pravidl\u00e1, ktor\u00e9 z\u00e1visia od miesta, odkia\u013e sa pres\u00favate. Napr\u00edklad s\u0165ahovanie z E\u00da (v \u010dase p\u00edsania tohto \u010dl\u00e1nku) je osloboden\u00e9 od coln\u00fdch poplatkov, zatia\u013e \u010do s\u0165ahovanie z kraj\u00edn mimo E\u00da m\u00f4\u017ee ma\u0165 za n\u00e1sledok clo a dane, na ktor\u00e9 si m\u00f4\u017eete uplatni\u0165 \u00fa\u013eavu. <\/p>\n<p>Naj\u010dastej\u0161ie sa coln\u00e9 poplatky a clo \u00fa\u010dtuj\u00fa na z\u00e1klade hodnoty samotn\u00e9ho tovaru. <\/p>\n<p><strong>Typick\u00e9 n\u00e1klady:<\/strong> Od bezplatn\u00fdch a\u017e po takmer neobmedzen\u00e9 v z\u00e1vislosti od hodnoty a typu tovaru, ktor\u00fd sa chyst\u00e1te vzia\u0165 so sebou. <\/p>\n<h2><span class=\"ez-toc-section\" id=\"6_Visa_Fees\"><\/span>6. Poplatky za v\u00edza<span class=\"ez-toc-section-end\"><\/span><\/h2>\n<p>Ke\u010f sa s\u0165ahujete do inej krajiny za pr\u00e1cou alebo \u0161t\u00fadiom, zvy\u010dajne mus\u00edte po\u017eiada\u0165 o v\u00edza, pokia\u013e sa nes\u0165ahujete v r\u00e1mci E\u00da, ktor\u00e1 v\u00e1m umo\u017e\u0148uje pohybova\u0165 sa medzi krajinami bez v\u00edz. Pracovn\u00e9 a \u0161tudijn\u00e9 v\u00edza si takmer v\u017edy vy\u017eaduj\u00fa ve\u013ea papierova\u010diek a zaplatenie niekedy dos\u0165 vysok\u00fdch poplatkov. <\/p>\n<p>Napr\u00edklad v Spojenom kr\u00e1\u013eovstve stoja niektor\u00e9 v\u00edza viac ako 1 000 GBP ($1 300 USD; 1 200 EUR). A nezabudnite, \u017ee tento poplatok je potrebn\u00e9 zaplati\u0165 pri ka\u017edom obnoven\u00ed v\u00edza. To m\u00f4\u017ee v\u00fdrazne zv\u00fd\u0161i\u0165 va\u0161e celkov\u00e9 n\u00e1klady a malo by sa s t\u00fdm po\u010d\u00edta\u0165 v rozpo\u010dte.<\/p>\n<p><strong>Typick\u00e9 n\u00e1klady:<\/strong> V r\u00e1mci E\u00da s\u00fa bezplatn\u00e9 a v jednotliv\u00fdch krajin\u00e1ch sa l\u00ed\u0161ia, ale za jedno v\u00edzum sa m\u00f4\u017ee zaplati\u0165 nieko\u013eko tis\u00edc dol\u00e1rov.<\/p>\n<h2><span class=\"ez-toc-section\" id=\"7_Lawyer_Fees\"><\/span>7. Poplatky pr\u00e1vnikovi<span class=\"ez-toc-section-end\"><\/span><\/h2>\n<p>Vo v\u0161eobecnosti plat\u00ed, \u017ee v\u00edza a in\u00e9 coln\u00e9 dokumenty si m\u00f4\u017eete vyplni\u0165 sami, sta\u010d\u00ed trochu re\u0161er\u0161e na internete s vyu\u017eit\u00edm vl\u00e1dnych webov\u00fdch str\u00e1nok va\u0161ej domovskej krajiny a krajiny, do ktorej sa pl\u00e1nujete pres\u0165ahova\u0165. <\/p>\n<p>Mnoh\u00ed \u013eudia sa v\u0161ak c\u00edtia pohodlnej\u0161ie, ak vyu\u017eij\u00fa slu\u017eby pr\u00e1vnika, ktor\u00fd im pom\u00f4\u017ee vyrie\u0161i\u0165 niekedy mimoriadne zlo\u017eit\u00fd svet medzin\u00e1rodn\u00fdch s\u0165ahovan\u00ed. <\/p>\n<p>Preto si mnoh\u00ed \u013eudia rad\u0161ej naj\u00edmaj\u00fa pr\u00e1vnika, aby im vyplnil v\u0161etky potrebn\u00e9 dokumenty, ne\u017e aby si v\u0161etko vybavovali sami. Hoci to m\u00f4\u017ee prinies\u0165 pokoj, m\u00f4\u017ee to by\u0165 spojen\u00e9 so zna\u010dn\u00fdmi n\u00e1kladmi. <\/p>\n<p><strong>Typick\u00e9 n\u00e1klady:<\/strong> Ceny sa v jednotliv\u00fdch krajin\u00e1ch zna\u010dne l\u00ed\u0161ia, zvy\u010dajne sa pohybuj\u00fa od <strong>$100USD\/hodina<\/strong> (75 libier, 90 eur), pri\u010dom pau\u0161\u00e1lne poplatky za be\u017en\u00e9 slu\u017eby sa m\u00f4\u017eu \u013eahko vy\u0161plha\u0165 nad <strong>$1,000 USD<\/strong> aj na tie najz\u00e1kladnej\u0161ie slu\u017eby.  <\/p>\n<h2><span class=\"ez-toc-section\" id=\"8_Housing_Costs\"><\/span>8. N\u00e1klady na b\u00fdvanie<span class=\"ez-toc-section-end\"><\/span><\/h2>\n<p>Va\u0161e najv\u00e4\u010d\u0161ie v\u00fddavky v novej krajine bude pravdepodobne predstavova\u0165 b\u00fdvanie. Uvedomte si v\u0161ak, \u017ee sp\u00f4sob b\u00fdvania, dane a poplatky sa m\u00f4\u017eu v jednotliv\u00fdch krajin\u00e1ch zna\u010dne l\u00ed\u0161i\u0165. <\/p>\n<p>Napr\u00edklad v Spojen\u00fdch \u0161t\u00e1toch s\u00fa ceny nehnute\u013enost\u00ed mimo ve\u013ek\u00fdch pobre\u017en\u00fdch miest ve\u013emi n\u00edzke. Ka\u017ed\u00fd rok v\u0161ak budete musie\u0165 plati\u0165 da\u0148 z nehnute\u013enosti na z\u00e1klade hodnoty va\u0161ej nehnute\u013enosti, ale len v pr\u00edpade, \u017ee ju vlastn\u00edte. Tie sa pohybuj\u00fa od 0,28% v <a href=\"https:\/\/moverdb.com\/sk\/moving-to-the-united-states\/moving-to-hawaii\/\" data-internallinksmanager029f6b8e52c=\"403\" title=\"S\u0165ahujete sa na Havaj? 2026 N\u00e1klady na b\u00fdvanie a tipy na pres\u0165ahovanie\">Havaj<\/a> a\u017e do 2,29% v <a href=\"https:\/\/moverdb.com\/sk\/moving-to-the-united-states\/moving-to-new-jersey\/\" data-internallinksmanager029f6b8e52c=\"417\" title=\"S\u0165ahujete sa do New Jersey? 2026 N\u00e1klady na b\u00fdvanie a tipy na pres\u0165ahovanie\">New Jersey<\/a>.<\/p>\n<p>Na druhej strane krajiny ako Spojen\u00e9 kr\u00e1\u013eovstvo nemaj\u00fa priame dane z nehnute\u013enost\u00ed. Namiesto toho plat\u00edte <a href=\"https:\/\/www.gov.uk\/stamp-duty-land-tax\/residential-property-rates\" target=\"_blank\" rel=\"noopener\">kolkovn\u00e9<\/a> pri k\u00fape porpety, ktor\u00e1 m\u00f4\u017ee by\u0165 a\u017e 12% z k\u00fapnej ceny (kupuj\u00faci plat\u00ed cel\u00fd poplatok, pred\u00e1vaj\u00faci nie). Navy\u0161e majitelia domov aj n\u00e1jomn\u00edci musia plati\u0165 <a href=\"https:\/\/www.gov.uk\/council-tax\/working-out-your-council-tax\" target=\"_blank\" rel=\"noopener\">obecn\u00e1 da\u0148<\/a> ka\u017ed\u00fd rok na z\u00e1klade hodnoty nehnute\u013enosti v roku 1991. V priemere to vych\u00e1dza na pribli\u017ene 1 200 GBP ($1 600 USD; 1 400 EUR) ro\u010dne.<\/p>\n<p>Preto sa pri h\u013eadan\u00ed b\u00fdvania nepozerajte len na k\u00fapnu cenu nehnute\u013enosti a\/alebo cenu pren\u00e1jmu. Uistite sa, \u017ee rozumiete v\u0161etk\u00fdm poplatkom, platb\u00e1m a daniam, ktor\u00e9 budete plati\u0165 vzh\u013eadom na typ, lokalitu a n\u00e1jomn\u00e9 b\u00fdvania, ktor\u00e9 budete vyu\u017e\u00edva\u0165. <\/p>\n<p><strong>Typick\u00e9 n\u00e1klady:<\/strong> Z\u00e1vis\u00ed to od krajiny, ale dane zvy\u010dajne nie s\u00fa ni\u017e\u0161ie ako $1 000 USD ro\u010dne a v krajin\u00e1ch s percentu\u00e1lnym re\u017eimom dane z nehnute\u013enosti m\u00f4\u017eu by\u0165 podstatne vy\u0161\u0161ie.    <\/p>\n<h2><span class=\"ez-toc-section\" id=\"9_Other_Costs\"><\/span>9. Ostatn\u00e9 n\u00e1klady<span class=\"ez-toc-section-end\"><\/span><\/h2>\n<p>Pri medzin\u00e1rodnom s\u0165ahovan\u00ed mus\u00edte po\u010d\u00edta\u0165 s cel\u00fdm radom \u010fal\u0161\u00edch drobn\u00fdch aj menej drobn\u00fdch poplatkov a n\u00e1kladov. M\u00f4\u017ee \u00eds\u0165 napr\u00edklad o n\u00e1kup nov\u00e9ho n\u00e1bytku, ak sa s\u0165ahujete z krajiny, kde s\u00fa zariaden\u00e9 byty be\u017en\u00e9, do kraj\u00edn ako USA alebo Kanada, kde je to zriedkav\u00e9.<\/p>\n<p>Aj ke\u010f m\u00e1te vlastn\u00fd n\u00e1bytok, mo\u017eno budete musie\u0165 k\u00fapi\u0165 nov\u00e9 spotrebi\u010de, preto\u017ee v r\u00f4znych krajin\u00e1ch sa pou\u017e\u00edva in\u00e9 nap\u00e4tie a\/alebo in\u00e9 z\u00e1str\u010dky. Pou\u017e\u00edvanie nespr\u00e1vneho typu spotrebi\u010da m\u00f4\u017ee po\u0161kodi\u0165 v\u00e1\u0161 elektrick\u00fd syst\u00e9m, preto si to v\u017edy pred s\u0165ahovan\u00edm skontrolujte. <\/p>\n<p>Nov\u00e9 oble\u010denie m\u00f4\u017eete potrebova\u0165 aj v pr\u00edpade, \u017ee sa pres\u0165ahujete z oblasti s chladn\u00fdm po\u010das\u00edm do oblasti s tepl\u00fdm po\u010das\u00edm alebo naopak. Ak sa chcete dozvedie\u0165 viac o t\u00fdchto druhoch n\u00e1kladov, najlep\u0161ie bude, ak sa dozviete viac o konkr\u00e9tnej krajine, do ktorej sa s\u0165ahujete.<\/p>\n<p>Z tohto d\u00f4vodu sme vytvorili nieko\u013eko sprievodcov po konkr\u00e9tnych krajin\u00e1ch, ktor\u00e9 by v\u00e1m mali pom\u00f4c\u0165 z\u00edska\u0165 viac inform\u00e1ci\u00ed o n\u00e1kladoch v krajine, do ktorej sa budete s\u0165ahova\u0165.   <\/p>","protected":false},"excerpt":{"rendered":"<p>Many people who move abroad are surprised a just how high international moving costs can be. Below we look at many of the expected and unexpected expenses you may face and how to save money. 1. Moving &#038; Transportation Costs The biggest single expense you&#8217;ll face is hiring an international moving company to move your [&hellip;]<\/p>\n","protected":false},"author":1,"featured_media":780,"parent":0,"menu_order":0,"comment_status":"closed","ping_status":"closed","template":"","meta":{"_genesis_hide_title":false,"_genesis_hide_breadcrumbs":false,"_genesis_hide_singular_image":false,"_genesis_hide_footer_widgets":false,"_genesis_custom_body_class":"","_genesis_custom_post_class":"","_genesis_layout":"","footnotes":""},"class_list":{"0":"post-414","1":"page","2":"type-page","3":"status-publish","4":"has-post-thumbnail","6":"entry"},"_links":{"self":[{"href":"https:\/\/moverdb.com\/sk\/wp-json\/wp\/v2\/pages\/414","targetHints":{"allow":["GET"]}}],"collection":[{"href":"https:\/\/moverdb.com\/sk\/wp-json\/wp\/v2\/pages"}],"about":[{"href":"https:\/\/moverdb.com\/sk\/wp-json\/wp\/v2\/types\/page"}],"author":[{"embeddable":true,"href":"https:\/\/moverdb.com\/sk\/wp-json\/wp\/v2\/users\/1"}],"replies":[{"embeddable":true,"href":"https:\/\/moverdb.com\/sk\/wp-json\/wp\/v2\/comments?post=414"}],"version-history":[{"count":15,"href":"https:\/\/moverdb.com\/sk\/wp-json\/wp\/v2\/pages\/414\/revisions"}],"predecessor-version":[{"id":13165,"href":"https:\/\/moverdb.com\/sk\/wp-json\/wp\/v2\/pages\/414\/revisions\/13165"}],"wp:featuredmedia":[{"embeddable":true,"href":"https:\/\/moverdb.com\/sk\/wp-json\/wp\/v2\/media\/780"}],"wp:attachment":[{"href":"https:\/\/moverdb.com\/sk\/wp-json\/wp\/v2\/media?parent=414"}],"curies":[{"name":"wp","href":"https:\/\/api.w.org\/{rel}","templated":true}]}}