{"id":3842,"date":"2022-04-06T13:40:09","date_gmt":"2022-04-06T13:40:09","guid":{"rendered":"https:\/\/moverdb.com\/?page_id=3842"},"modified":"2026-01-08T14:47:23","modified_gmt":"2026-01-08T14:47:23","slug":"agenti-pre-stahovanie","status":"publish","type":"page","link":"https:\/\/moverdb.com\/sk\/relocation-agents\/","title":{"rendered":"7 d\u00f4vodov, pre\u010do by ste mali pou\u017ei\u0165 agenta pre premiestnenie?"},"content":{"rendered":"<p>Pr\u00e1ve ste sa prihl\u00e1sili na fantastick\u00fa nov\u00fa poz\u00edciu v n\u00e1dhernej medzin\u00e1rodnej lokalite. Te\u0161\u00edte sa na to, \u017ee sa pres\u0165ahujete do novej krajiny, a na prv\u00fd poh\u013ead to vyzer\u00e1 vzru\u0161uj\u00faco, ale ke\u010f si uvedom\u00edte, ko\u013eko toho mus\u00edte urobi\u0165, aby ste sa tam dostali, m\u00f4\u017ee sa to zda\u0165 dos\u0165 sk\u013eu\u010duj\u00face.<\/p>\n<p><img loading=\"lazy\" decoding=\"async\" src=\"https:\/\/moverdb.com\/wp-content\/uploads\/relocation-agent.jpg\" alt=\"\" width=\"1000\" height=\"563\" class=\"aligncenter size-full wp-image-3845\" data-wp-pid=\"3845\" srcset=\"https:\/\/moverdb.com\/wp-content\/uploads\/relocation-agent.jpg 1000w, https:\/\/moverdb.com\/wp-content\/uploads\/relocation-agent-300x169.jpg 300w, https:\/\/moverdb.com\/wp-content\/uploads\/relocation-agent-18x10.jpg 18w, https:\/\/moverdb.com\/wp-content\/uploads\/relocation-agent-600x338.jpg 600w\" sizes=\"auto, (max-width: 1000px) 100vw, 1000px\" \/><\/p>\n<p>Pozrime sa na niektor\u00e9 veci, ktor\u00e9 budete musie\u0165 rie\u0161i\u0165, ak sa budete s\u0165ahova\u0165 sami a ak budete pou\u017e\u00edva\u0165 <a href=\"https:\/\/www.cornerstonelondon.com\/\" target=\"_blank\" rel=\"noopener\">agent pre s\u0165ahovanie<\/a>.<\/p>\n<div id=\"ez-toc-container\" class=\"ez-toc-v2_0_82_2 ez-toc-wrap-left counter-hierarchy ez-toc-counter ez-toc-transparent ez-toc-container-direction\">\n<div class=\"ez-toc-title-container\">\n<p class=\"ez-toc-title\" style=\"cursor:inherit\">Sekcie<\/p>\n<span class=\"ez-toc-title-toggle\"><a href=\"#\" class=\"ez-toc-pull-right ez-toc-btn ez-toc-btn-xs ez-toc-btn-default ez-toc-toggle\" aria-label=\"Prep\u00ednanie tabu\u013eky obsahu\"><span class=\"ez-toc-js-icon-con\"><span class=\"\"><span class=\"eztoc-hide\" style=\"display:none;\">Prep\u00edna\u010d<\/span><span class=\"ez-toc-icon-toggle-span\"><svg style=\"fill: #999;color:#999\" xmlns=\"http:\/\/www.w3.org\/2000\/svg\" class=\"list-377408\" width=\"20px\" height=\"20px\" viewbox=\"0 0 24 24\" fill=\"none\"><path d=\"M6 6H4v2h2V6zm14 0H8v2h12V6zM4 11h2v2H4v-2zm16 0H8v2h12v-2zM4 16h2v2H4v-2zm16 0H8v2h12v-2z\" fill=\"currentColor\"><\/path><\/svg><svg style=\"fill: #999;color:#999\" class=\"arrow-unsorted-368013\" xmlns=\"http:\/\/www.w3.org\/2000\/svg\" width=\"10px\" height=\"10px\" viewbox=\"0 0 24 24\" version=\"1.2\" baseprofile=\"tiny\"><path d=\"M18.2 9.3l-6.2-6.3-6.2 6.3c-.2.2-.3.4-.3.7s.1.5.3.7c.2.2.4.3.7.3h11c.3 0 .5-.1.7-.3.2-.2.3-.5.3-.7s-.1-.5-.3-.7zM5.8 14.7l6.2 6.3 6.2-6.3c.2-.2.3-.5.3-.7s-.1-.5-.3-.7c-.2-.2-.4-.3-.7-.3h-11c-.3 0-.5.1-.7.3-.2.2-.3.5-.3.7s.1.5.3.7z\"\/><\/svg><\/span><\/span><\/span><\/a><\/span><\/div>\n<nav><ul class='ez-toc-list ez-toc-list-level-1 eztoc-toggle-hide-by-default' ><li class='ez-toc-page-1 ez-toc-heading-level-2'><a class=\"ez-toc-link ez-toc-heading-1\" href=\"https:\/\/moverdb.com\/sk\/relocation-agents\/#1_Do_What_Needs_To_Be_Done\" >1. Urobte, \u010do je potrebn\u00e9 urobi\u0165<\/a><\/li><li class='ez-toc-page-1 ez-toc-heading-level-2'><a class=\"ez-toc-link ez-toc-heading-2\" href=\"https:\/\/moverdb.com\/sk\/relocation-agents\/#2_Shipping_Your_Household_Goods\" >2. Preprava tovaru pre dom\u00e1cnos\u0165<\/a><\/li><li class='ez-toc-page-1 ez-toc-heading-level-2'><a class=\"ez-toc-link ez-toc-heading-3\" href=\"https:\/\/moverdb.com\/sk\/relocation-agents\/#3_Where_To_Stay\" >3. Kde sa ubytova\u0165<\/a><\/li><li class='ez-toc-page-1 ez-toc-heading-level-2'><a class=\"ez-toc-link ez-toc-heading-4\" href=\"https:\/\/moverdb.com\/sk\/relocation-agents\/#4_Finding_A_Home\" >4. H\u013eadanie domova<\/a><\/li><li class='ez-toc-page-1 ez-toc-heading-level-2'><a class=\"ez-toc-link ez-toc-heading-5\" href=\"https:\/\/moverdb.com\/sk\/relocation-agents\/#5_School_Search\" >5. Vyh\u013ead\u00e1vanie v \u0161kol\u00e1ch<\/a><\/li><li class='ez-toc-page-1 ez-toc-heading-level-2'><a class=\"ez-toc-link ez-toc-heading-6\" href=\"https:\/\/moverdb.com\/sk\/relocation-agents\/#6_Pet_Travel\" >6. Cestovanie dom\u00e1cich zvierat<\/a><\/li><li class='ez-toc-page-1 ez-toc-heading-level-2'><a class=\"ez-toc-link ez-toc-heading-7\" href=\"https:\/\/moverdb.com\/sk\/relocation-agents\/#7_And_what_else\" >7. A \u010do e\u0161te?<\/a><\/li><li class='ez-toc-page-1 ez-toc-heading-level-2'><a class=\"ez-toc-link ez-toc-heading-8\" href=\"https:\/\/moverdb.com\/sk\/relocation-agents\/#In_conclusion\" >Na z\u00e1ver<\/a><\/li><\/ul><\/nav><\/div>\n<h2><span class=\"ez-toc-section\" id=\"1_Do_What_Needs_To_Be_Done\"><\/span>1. Urobte, \u010do je potrebn\u00e9 urobi\u0165<span class=\"ez-toc-section-end\"><\/span><\/h2>\n<p>Ak sa na to chyst\u00e1te sami, budete musie\u0165 n\u00e1js\u0165 spolo\u010dnosti, ktor\u00e9 sa o v\u0161etko postaraj\u00fa. \u010co mus\u00edte urobi\u0165, kto to urob\u00ed a ako zist\u00edte, \u010di je dobr\u00fd, s\u00fa hlavn\u00e9 ot\u00e1zky, na ktor\u00e9 si budete musie\u0165 odpoveda\u0165. <\/p>\n<p>M\u00f4\u017eete str\u00e1vi\u0165 hodiny prezeran\u00edm recenzi\u00ed na internete, a pritom sa ani nepribl\u00ed\u017eite k tomu, \u010di je spolo\u010dnos\u0165, s ktorou spolupracujete, skuto\u010dne seri\u00f3zna (existuj\u00fa falo\u0161n\u00e9 recenzie) a \u010di skuto\u010dne vykon\u00e1 svoju pr\u00e1cu. <\/p>\n<p>Nielen\u017ee si mo\u017eno ani neuvedomujete, \u010do v\u0161etko potrebujete vedie\u0165 a zorganizova\u0165, tak\u017ee opomenutie zdanlivo mal\u00fdch detailov m\u00f4\u017ee sp\u00f4sobi\u0165 ve\u013ek\u00fa katastrofu vo ve\u013ekom pl\u00e1ne v\u00e1\u0161ho s\u0165ahovania.<\/p>\n<p>Ke\u010f u\u017e n\u00e1jdete \u013eud\u00ed, ktor\u00ed sa ujm\u00fa \u00faloh, ktor\u00e9 potrebujete vykona\u0165, budete ma\u0165 potom hlavu v sm\u00fatku s koordin\u00e1ciou v\u0161etk\u00e9ho v spr\u00e1vnom \u010dase. <\/p>\n<p>Iste, v\u0161etky veci do dom\u00e1cnosti si m\u00f4\u017eete vyzdvihn\u00fa\u0165 de\u0148 pred odletom, ale kde budete spa\u0165, ke\u010f va\u0161e postele le\u017eia v kontajneri a \u010dakaj\u00fa na prepravu? <\/p>\n<p>Toto je len jeden z pr\u00edkladov, kde by v\u00e1m mohol pom\u00f4c\u0165 agent pre s\u0165ahovanie. S\u00fa to sk\u00fasen\u00ed profesion\u00e1li, tak\u017ee bud\u00fa pozna\u0165 v\u0161etky n\u00e1strahy, s ktor\u00fdmi sa pravdepodobne stretnete, a bud\u00fa schopn\u00ed ich napl\u00e1nova\u0165 dlho predt\u00fdm, ako sa v\u00f4bec stan\u00fa probl\u00e9mom. Veci id\u00fa jednoducho ove\u013ea hlad\u0161ie, ke\u010f sa na nich podie\u013eaj\u00fa odborn\u00edci!<\/p>\n<p>Agent pre s\u0165ahovanie bude ma\u0165 cel\u00fd rad riaden\u00fdch, preveren\u00fdch kontaktov, o ktor\u00fdch vie, \u017ee sa na nich m\u00f4\u017ee spo\u013eahn\u00fa\u0165, aby zabezpe\u010dili, \u017ee v\u0161etko prebehne spr\u00e1vne. Nepochybne ich vyu\u017eili pri nespo\u010detn\u00fdch s\u0165ahovaniach a vedia, \u017ee sa na nich m\u00f4\u017eu spo\u013eahn\u00fa\u0165, pokia\u013e ide o spo\u013eahliv\u00e9 a bezprobl\u00e9mov\u00e9 slu\u017eby.<\/p>\n<p>Ak vyu\u017e\u00edvate slu\u017eby reloka\u010dnej agent\u00fary, st\u00e1le sa oplat\u00ed sledova\u0165, ktor\u00e9 kontakty s\u00fa zodpovedn\u00e9 za jednotliv\u00e9 \u00falohy, aby ste vedeli, na koho sa obr\u00e1ti\u0165 s ot\u00e1zkou. <\/p>\n<p>Vytvorte si zoznam alebo tabu\u013eku v\u0161etk\u00fdch kontaktov, ktor\u00e9 m\u00e1te, vr\u00e1tane ich mien, e-mailov\u00fdch adries, telef\u00f3nnych \u010d\u00edsel a predov\u0161etk\u00fdm \u010dasti v\u00e1\u0161ho presunu, za ktor\u00fa s\u00fa zodpovedn\u00ed.<\/p>\n<p>Pozrime sa teraz na nieko\u013eko slu\u017eieb, ktor\u00e9 m\u00f4\u017eete potrebova\u0165...<\/p>\n<h2><span class=\"ez-toc-section\" id=\"2_Shipping_Your_Household_Goods\"><\/span>2. Preprava tovaru pre dom\u00e1cnos\u0165<span class=\"ez-toc-section-end\"><\/span><\/h2>\n<p>Ka\u017ed\u00fd m\u00e1 so sebou ve\u013ea bato\u017einy, a to doslova. Ako sa teda v\u0161etky va\u0161e veci dostan\u00fa do v\u00e1\u0161ho nov\u00e9ho domova?<\/p>\n<p>Ak m\u00e1te so sebou len nieko\u013eko vec\u00ed, oble\u010denie a nieko\u013eko osobn\u00fdch vec\u00ed, mo\u017eno v\u00e1m bude sta\u010di\u0165, ak si v\u0161etko zoberiete ako nadbyto\u010dn\u00fa bato\u017einu. <\/p>\n<p>Ak ide o nie\u010do v\u00e4\u010d\u0161ie, napr\u00edklad n\u00e1bytok alebo mas\u00edvny telev\u00edzor, budete musie\u0165 pou\u017ei\u0165 nejak\u00fd druh tovaru pre dom\u00e1cnos\u0165. <a href=\"https:\/\/moverdb.com\/sk\/kontajnerova-preprava\/\">prepravn\u00e1 slu\u017eba<\/a>. <\/p>\n<p>Ak\u00fd druh slu\u017eby v\u0161ak potrebujete? Bude v\u00e1m sta\u010di\u0165 leteck\u00e1 z\u00e1sielka alebo budete potrebova\u0165 pozemn\u00fa z\u00e1sielku? Ak\u00fd typ kontajnera budete potrebova\u0165, 20 st\u00f4p? 40 stopov\u00fd? Mo\u017eno oba!<\/p>\n<p>To v\u0161etko sa zd\u00e1 by\u0165 ve\u013emi n\u00e1ro\u010dn\u00e9, ale pr\u00e1ve tu prich\u00e1dza na rad slu\u017eba prepravy tovaru pre dom\u00e1cnos\u0165 (HHG). V\u00e1\u0161 poradca pre s\u0165ahovanie v\u00e1m sprostredkuje kontakt s <a href=\"https:\/\/moverdb.com\/sk\/prepravne-spolocnosti\/\">prepravn\u00e1 spolo\u010dnos\u0165 pre tovar pre dom\u00e1cnos\u0165<\/a>. <\/p>\n<p>Prv\u00fdm krokom je zvy\u010dajne zorganizovanie prehliadky v\u00e1\u0161ho dom\u00e1ceho tovaru, aby sa presne zistilo, \u010do je potrebn\u00e9. <a href=\"https:\/\/moverdb.com\/sk\/shipping-container-sizes-and-dimensions\/\" data-internallinksmanager029f6b8e52c=\"247\" title=\"Kone\u010dn\u00fd sprievodca ve\u013ekos\u0165ami a rozmermi prepravn\u00fdch kontajnerov\">ve\u013ekos\u0165 n\u00e1doby<\/a> alebo ve\u013ekosti, ktor\u00e9 budete potrebova\u0165. Dohodn\u00fa si de\u0148, kedy v\u00e1m zbalia v\u0161etky veci na jednej strane, a potom, ke\u010f si zabezpe\u010d\u00edte dlhodob\u00fd majetok, zorganizuj\u00fa de\u0148, kedy v\u00e1m doru\u010dia aj v\u00e1\u0161 cenn\u00fd majetok.<\/p>\n<h2><span class=\"ez-toc-section\" id=\"3_Where_To_Stay\"><\/span>3. Kde sa ubytova\u0165<span class=\"ez-toc-section-end\"><\/span><\/h2>\n<p>Ke\u010f\u017ee najlep\u0161\u00edm postupom je osobn\u00e1 obhliadka nehnute\u013enosti pred t\u00fdm, ako sa zavia\u017eete k pren\u00e1jmu na rok alebo viac, ak ste pred s\u0165ahovan\u00edm neboli na \u0161peci\u00e1lnej ceste h\u013eadania domova a nechyst\u00e1te sa do plne zariadenej nehnute\u013enosti, budete potrebova\u0165 miesto na prenocovanie, ke\u010f prv\u00fdkr\u00e1t pr\u00eddete.<\/p>\n<p>Mohli by ste si rezervova\u0165 hotel, ale ak sa s\u0165ahujete s celou rodinou a nem\u00e1te rezervovan\u00fd luxusn\u00fd apartm\u00e1n, v priebehu 4 a\u017e 5 t\u00fd\u017ed\u0148ov, ktor\u00e9 v\u00e1m zaberie s\u0165ahovanie do dlhodobej nehnute\u013enosti, sa stane v\u0161etko dos\u0165 klaustrofobick\u00e9. Nemus\u00ed to by\u0165 ani najekonomickej\u0161ia mo\u017enos\u0165.<\/p>\n<p><a href=\"https:\/\/www.airbnb.co.uk\/\" target=\"_blank\" rel=\"noopener\">Airbnb<\/a> m\u00f4\u017ee by\u0165 aj apartm\u00e1n s obsluhou. Obe mo\u017enosti maj\u00fa t\u00fa v\u00fdhodu, \u017ee v\u00e1m poskytn\u00fa priestor a vybavenie, ktor\u00e9 by mohli by\u0165 porovnate\u013en\u00e9 s t\u00fdm, \u010do by ste o\u010dak\u00e1vali vo vlastnom dome. <\/p>\n<p>Pre t\u00fdch, ktor\u00ed o servisovan\u00fdch apartm\u00e1noch nevedia, uv\u00e1dzame, \u017ee s\u00fa ak\u00fdmsi pr\u00edjemn\u00fdm medzistup\u0148om medzi hotelom a dlhodob\u00fdm ubytovan\u00edm. Zvy\u010dajne dostanete niekoho, kto v\u00e1m byt upratuje, mo\u017eno raz t\u00fd\u017edenne. <\/p>\n<p>Vymenia v\u00e1m aj poste\u013en\u00fa bielize\u0148 a uter\u00e1ky. Okrem toho z\u00edskate v\u00fdhodu pobytu v kompletne zariadenom a vybavenom dome so v\u0161etk\u00fdm potrebn\u00fdm kuchynsk\u00fdm vybaven\u00edm a zariadeniami, ako je telev\u00edzia a internet.<\/p>\n<p>Ako v\u0161ak viete, \u010di bude servisovan\u00fd apartm\u00e1n, v ktorom sa chyst\u00e1te ubytova\u0165, dobr\u00fd? Reloka\u010dn\u00e9 spolo\u010dnosti vyu\u017e\u00edvaj\u00fa svojich dod\u00e1vate\u013eov pri mnoh\u00fdch s\u0165ahovaniach, tak\u017ee viete, \u017ee pracujete s niek\u00fdm, komu m\u00f4\u017eete d\u00f4verova\u0165, a v deviatich pr\u00edpadoch z desiatich vzh\u013eadom na ich vz\u0165ahy s poskytovate\u013eom ubytovania, ak by sa vyskytli nejak\u00e9 probl\u00e9my, bud\u00fa poskytovatelia viac motivovan\u00ed pom\u00f4c\u0165!<\/p>\n<h2><span class=\"ez-toc-section\" id=\"4_Finding_A_Home\"><\/span>4. H\u013eadanie domova<span class=\"ez-toc-section-end\"><\/span><\/h2>\n<p><img loading=\"lazy\" decoding=\"async\" width=\"1000\" height=\"665\" src=\"https:\/\/moverdb.com\/wp-content\/uploads\/findding-a-home.jpg\" alt=\"H\u013eadanie domova\" class=\"aligncenter size-full wp-image-3847\" data-wp-pid=\"3847\" srcset=\"https:\/\/moverdb.com\/wp-content\/uploads\/findding-a-home.jpg 1000w, https:\/\/moverdb.com\/wp-content\/uploads\/findding-a-home-300x200.jpg 300w, https:\/\/moverdb.com\/wp-content\/uploads\/findding-a-home-18x12.jpg 18w, https:\/\/moverdb.com\/wp-content\/uploads\/findding-a-home-600x399.jpg 600w\" sizes=\"auto, (max-width: 1000px) 100vw, 1000px\" \/><\/p>\n<p>Ak to rob\u00edte na vlastn\u00fa p\u00e4s\u0165, mo\u017eno budete musie\u0165 prech\u00e1dza\u0165 nekone\u010dn\u00e9 zoznamy na webov\u00fdch str\u00e1nkach, ako napr. <a href=\"https:\/\/www.rightmove.co.uk\/\" target=\"_blank\" rel=\"noopener\">Rightmove<\/a> a <a href=\"https:\/\/www.zoopla.co.uk\/\" target=\"_blank\" rel=\"noopener\">Zoopla<\/a> len aby zistili, \u017ee v\u0161etky nehnute\u013enosti s\u00fa pre\u010d! <\/p>\n<p>Aj ke\u010f n\u00e1jdete nehnute\u013enos\u0165 na pren\u00e1jom, nebudete ma\u0165 \u017eiadne pokyny, ako by v\u0161etko malo fungova\u0165, tak\u017ee sa m\u00f4\u017eete \u013eah\u0161ie necha\u0165 oklama\u0165 alebo sa chyti\u0165 do pasce a podp\u00edsa\u0165 n\u00e1jomn\u00fa zmluvu, ktor\u00e1 pre v\u00e1s nie je v\u00fdhodn\u00e1. Aj ke\u010f ste u\u017e predt\u00fdm prenaj\u00edmali nehnute\u013enos\u0165 vo svojej domovskej krajine, pravidl\u00e1 a normy v inej krajine nemusia by\u0165 rovnak\u00e9. <\/p>\n<p>Ako pr\u00edklad mo\u017eno uvies\u0165 <a href=\"https:\/\/moverdb.com\/sk\/moving-to-the-uk\/\" data-internallinksmanager029f6b8e52c=\"93\" title=\"S\u0165ahujete sa do Spojen\u00e9ho kr\u00e1\u013eovstva? 2022 \u017divotn\u00e9 n\u00e1klady a tipy na pres\u0165ahovanie\">UK<\/a>, je be\u017en\u00e9, \u017ee nehnute\u013enosti, dokonca aj nezariaden\u00e9, maj\u00fa kompletne vybaven\u00fa kuchy\u0148u so v\u0161etk\u00fdmi v\u00e4\u010d\u0161\u00edmi spotrebi\u010dmi, ako je r\u00fara, varn\u00e1 doska a chladni\u010dka s mrazni\u010dkou, ktor\u00e9 s\u00fa s\u00fa\u010das\u0165ou dod\u00e1vky. <\/p>\n<p>Av\u0161ak v <a href=\"https:\/\/moverdb.com\/sk\/moving-to-germany\/\" data-internallinksmanager029f6b8e52c=\"321\" title=\"S\u0165ahovanie do Nemecka? 2026 N\u00e1klady na b\u00fdvanie a tipy na pres\u0165ahovanie\">Nemecko<\/a>, mo\u017eno si budete musie\u0165 pri nas\u0165ahovan\u00ed zaobstara\u0165 vlastn\u00fa kuchy\u0148u! Vo v\u00e4\u010d\u0161ine kraj\u00edn je be\u017en\u00e9, \u017ee agenti overuj\u00fa, \u010di si m\u00f4\u017eete dovoli\u0165 prenaja\u0165 nehnute\u013enos\u0165, ale v <a href=\"https:\/\/moverdb.com\/sk\/moving-to-switzerland\/moving-to-geneva\/\" data-internallinksmanager029f6b8e52c=\"416\" title=\"S\u0165ahovanie do \u017denevy? 2026 N\u00e1klady na b\u00fdvanie a tipy na pres\u0165ahovanie\">\u017deneva<\/a>, existuj\u00fa pr\u00edsne limity na to, ko\u013eko m\u00f4\u017eete min\u00fa\u0165 na n\u00e1jomn\u00e9 v z\u00e1vislosti od v\u00fd\u0161ky v\u00e1\u0161ho platu, pri\u010dom tento syst\u00e9m m\u00e1 zabezpe\u010di\u0165, aby n\u00e1jomn\u00edci neplatili n\u00e1jom pod svoje mo\u017enosti a aby sa lacnej\u0161ie nehnute\u013enosti nedostali k t\u00fdm, ktor\u00ed by si ich mohli dovoli\u0165.<\/p>\n<p>Aj v tomto pr\u00edpade sa oplat\u00ed ma\u0165 agenta pre s\u0165ahovanie, ktor\u00fd m\u00e1 v ter\u00e9ne miestnych poradcov pre vyh\u013ead\u00e1vanie domov. Bud\u00fa pozna\u0165 miestny trh a bud\u00fa pozna\u0165 v\u0161etky zvl\u00e1\u0161tnosti a nuansy, s ktor\u00fdmi sa stretnete. <\/p>\n<p>Urobia za v\u00e1s prieskum, zostavia itiner\u00e1r d\u0148a h\u013eadania b\u00fdvania a potom v\u00e1s sprev\u00e1dzaj\u00fa pri ka\u017edej nehnute\u013enosti. Pri h\u013eadan\u00ed v\u00e1\u0161ho nov\u00e9ho domova sa nebud\u00fa spolieha\u0165 len na webov\u00e9 str\u00e1nky s nehnute\u013enos\u0165ami! <\/p>\n<p>Zvy\u010dajne maj\u00fa kontakty na r\u00f4zne miestne agent\u00fary, s ktor\u00fdmi u\u017e predt\u00fdm spolupracovali, a spolu s nimi zistia, \u010do maj\u00fa agenti k dispoz\u00edcii, \u010do vyhovuje va\u0161im krit\u00e9ri\u00e1m alebo sa aspo\u0148 \u010do najviac pribli\u017euje tomu, \u010do h\u013ead\u00e1te. <\/p>\n<p>V tomto poslednom bode bud\u00fa vedie\u0165, \u010di s\u00fa v\u00e1\u0161 rozpo\u010det a t\u00fa\u017eby realistick\u00e9, a pod\u013ea toho v\u00e1m poradia alebo v\u00e1s nasmeruj\u00fa do oblast\u00ed, kde by ste mohli ma\u0165 v\u00e4\u010d\u0161iu \u0161ancu n\u00e1js\u0165 nehnute\u013enos\u0165 svojich snov.<\/p>\n<p>Samozrejme, m\u00f4\u017eete sa obr\u00e1ti\u0165 priamo na agentov, ale mali by ste ma\u0165 na pam\u00e4ti, \u017ee agenti pracuj\u00fa pre prenaj\u00edmate\u013eov a ich prioritou je chr\u00e1ni\u0165 ich z\u00e1ujmy. Prenaj\u00edmatelia s\u00fa predsa t\u00ed, ktor\u00ed agentov platia. <\/p>\n<p>Na druhej strane, poradcovia pri h\u013eadan\u00ed domova pracuj\u00fa len a len pre v\u00e1s. Nebud\u00fa ma\u0165 z\u00e1ujem tla\u010di\u0165 v\u00e1s k nejakej konkr\u00e9tnej nehnute\u013enosti, ak si nebud\u00fa myslie\u0165, \u017ee to bude vo va\u0161om najlep\u0161om z\u00e1ujme, najm\u00e4 preto, \u017ee nikdy nedostan\u00fa prov\u00edziu. V podstate s\u00fa na va\u0161ej strane a m\u00f4\u017eete sa spo\u013eahn\u00fa\u0165, \u017ee v\u00e1s nasmeruj\u00fa spr\u00e1vnym smerom.<\/p>\n<p>S poradcom pri h\u013eadan\u00ed b\u00fdvania z\u00edskate pomoc a radu pri predkladan\u00ed ponuky a potom pomoc so v\u0161etk\u00fdm, \u010do nasleduje po tom, vr\u00e1tane presk\u00famania n\u00e1jomnej zmluvy, aby ste sa uistili, \u017ee nepodpisujete nie\u010do, \u010do je pre v\u00e1s nef\u00e9rov\u00e9. V podstate budete ma\u0165 po ruke niekoho, kto v\u00e1m bude pom\u00e1ha\u0165, k\u00fdm sa cel\u00fd proces neskon\u010d\u00ed a vy sa neusad\u00edte!<\/p>\n<h2><span class=\"ez-toc-section\" id=\"5_School_Search\"><\/span>5. Vyh\u013ead\u00e1vanie v \u0161kol\u00e1ch<span class=\"ez-toc-section-end\"><\/span><\/h2>\n<p>Ak m\u00e1te \u0161kolopovinn\u00e9 deti, jednou z hlavn\u00fdch pr\u00ed\u010din s\u0165ahovania bude ich vzdel\u00e1vanie. Kde s\u00fa dobr\u00e9 \u0161koly, ako sa o ne uch\u00e1dza\u0165 a bude t\u00e1, ktor\u00fa si vyberiete, schopn\u00e1 uspokoji\u0165 \u0161pecifick\u00e9 potreby v\u00e1\u0161ho die\u0165a\u0165a alebo det\u00ed?<\/p>\n<p>Je to \u010fal\u0161ia z vec\u00ed, ktor\u00e9 m\u00f4\u017eete do ur\u010ditej miery presk\u00fama\u0165 na internete, ale bez odborn\u00edka, ktor\u00fd by interpretoval \u00fadaje a poskytol skuto\u010dn\u00fa sp\u00e4tn\u00fa v\u00e4zbu, je \u00faplne mo\u017en\u00e9 dospie\u0165 k \u00faplne nespr\u00e1vnemu z\u00e1veru o in\u0161tit\u00facii. <\/p>\n<p>Ke\u010f je v st\u00e1vke potenci\u00e1lne \u0161\u0165astie a blaho v\u00e1\u0161ho die\u0165a\u0165a, je ur\u010dite neocenite\u013en\u00e9 ma\u0165 niekoho, kto v\u00e1s odborne prevedie procesom v\u00fdberu a n\u00e1sledn\u00e9ho pod\u00e1vania prihl\u00e1\u0161ok na \u0161koly? <\/p>\n<p>Odborn\u00edci na \u0161kolstvo m\u00f4\u017eu poskytn\u00fa\u0165 nielen d\u00f4le\u017eit\u00e9 inform\u00e1cie, ale aj podporu pri pochopen\u00ed rozdielov v u\u010debn\u00fdch osnov\u00e1ch v jednotliv\u00fdch krajin\u00e1ch, \u00e9tosu ur\u010dit\u00fdch typov vzdel\u00e1vania a in\u0161tit\u00faci\u00ed a v pr\u00edpade potreby aj podporu pre deti, ktor\u00e9 potrebuj\u00fa \u0161pecializovan\u00e9 vzdel\u00e1vanie.<\/p>\n<h2><span class=\"ez-toc-section\" id=\"6_Pet_Travel\"><\/span>6. Cestovanie dom\u00e1cich zvierat<span class=\"ez-toc-section-end\"><\/span><\/h2>\n<p><img loading=\"lazy\" decoding=\"async\" width=\"1000\" height=\"667\" src=\"https:\/\/moverdb.com\/wp-content\/uploads\/pet-travel.jpg\" alt=\"Cestovanie so zvieratami\" class=\"aligncenter size-full wp-image-3848\" data-wp-pid=\"3848\" srcset=\"https:\/\/moverdb.com\/wp-content\/uploads\/pet-travel.jpg 1000w, https:\/\/moverdb.com\/wp-content\/uploads\/pet-travel-300x200.jpg 300w, https:\/\/moverdb.com\/wp-content\/uploads\/pet-travel-18x12.jpg 18w, https:\/\/moverdb.com\/wp-content\/uploads\/pet-travel-600x400.jpg 600w\" sizes=\"auto, (max-width: 1000px) 100vw, 1000px\" \/><\/p>\n<p>Do \u00favahy prich\u00e1dza aj presun ko\u017eu\u0161inov\u00fdch \u010dlenov va\u0161ej rodiny do novej krajiny. V s\u00fa\u010dasnosti \u010doraz menej leteck\u00fdch spolo\u010dnost\u00ed povo\u013euje cestovanie dom\u00e1cich zvierat v kab\u00edne lietadla, tak\u017ee ich \u010doraz \u010dastej\u0161ie budete musie\u0165 prepravova\u0165 v bato\u017einovom priestore. <\/p>\n<p>Predt\u00fdm, ako sa bud\u00fa m\u00f4c\u0165 s vami pres\u0165ahova\u0165 do nov\u00e9ho domova, mo\u017eno budete musie\u0165 vybavi\u0165 r\u00f4zne o\u010dkovania a pr\u00edslu\u0161n\u00e9 dokumenty, ako aj \u010fal\u0161ie byrokratick\u00e9 \u00fakony v z\u00e1vislosti od destin\u00e1cie. <\/p>\n<p>Aj v tomto pr\u00edpade si m\u00f4\u017eete urobi\u0165 prieskum a zorganizova\u0165 si cestu sami, ale \u0161pecializovan\u00e1 agent\u00fara v\u00e1m poskytne istotu, \u017ee v\u00e1\u0161 dom\u00e1ci mil\u00e1\u010dik s vami pricestuje v bezpe\u010d\u00ed. <\/p>\n<p>V cestovn\u00fdch kancel\u00e1ri\u00e1ch pre zvierat\u00e1 pracuj\u00fa milovn\u00edci zvierat, ktor\u00ed sa postaraj\u00fa o to, aby bolo o va\u0161e zviera postaran\u00e9 ako o vlastn\u00e9. Bud\u00fa v\u00e1s priebe\u017ene informova\u0165 o ich stave a \u010dasto v\u00e1m dokonca po\u0161l\u00fa fotografie v\u00e1\u0161ho zviera\u0165a po\u010das jeho nepr\u00edtomnosti, aby ste vedeli, \u017ee sa o\u0148 dobre staraj\u00fa.<\/p>\n<h2><span class=\"ez-toc-section\" id=\"7_And_what_else\"><\/span>7. A \u010do e\u0161te?<span class=\"ez-toc-section-end\"><\/span><\/h2>\n<p>Vy\u0161\u0161ie uveden\u00e9 s\u00fa len niektor\u00e9 z hlavn\u00fdch aspektov s\u0165ahovania, ktor\u00e9 je potrebn\u00e9 zorganizova\u0165. Mo\u017eno budete potrebova\u0165 aj pomoc s da\u0148ovou situ\u00e1ciou alebo mo\u017eno budete potrebova\u0165 n\u00e1bytok z pren\u00e1jmu na preklenutie obdobia medzi za\u010diatkom pren\u00e1jmu a pr\u00edchodom vlastn\u00e9ho n\u00e1bytku. <\/p>\n<p>Ur\u010dite budete potrebova\u0165 imigra\u010dn\u00fa podporu pri vybavovan\u00ed v\u00edz, pracovn\u00fdch povolen\u00ed a miestnych registr\u00e1ci\u00ed. Nevyhnutn\u00e9 bude aj poradenstvo alebo odpor\u00fa\u010danie na otvorenie bankov\u00e9ho \u00fa\u010dtu, aby ste mali kam posiela\u0165 mzdu a odkia\u013e si nech\u00e1va\u0165 strh\u00e1va\u0165 n\u00e1jomn\u00e9 a poplatky za slu\u017eby. <\/p>\n<p>Ke\u010f u\u017e hovor\u00edme o verejn\u00fdch slu\u017eb\u00e1ch, ako si ich v novej krajine nastav\u00edte, ak\u00fdch poskytovate\u013eov by ste mali vyu\u017e\u00edva\u0165 a ako z\u00edska\u0165 najlep\u0161ie ponuky? <\/p>\n<p>V\u0161etky tieto veci m\u00f4\u017eu vies\u0165 k jedn\u00e9mu obrovsk\u00e9mu probl\u00e9mu za druh\u00fdm, ale ak vyu\u017e\u00edvate slu\u017eby agenta pre s\u0165ahovanie, v\u0161etko je jednoduch\u00e9. Niektor\u00e9 z nich v\u00e1m dokonca m\u00f4\u017eu \u00faplne unikn\u00fa\u0165, a preto je sk\u00fasen\u00fd profesion\u00e1l, ktor\u00fd sa postar\u00e1 o v\u0161etky z\u00e1le\u017eitosti, neocenite\u013en\u00fd!<\/p>\n<h2><span class=\"ez-toc-section\" id=\"In_conclusion\"><\/span>Na z\u00e1ver<span class=\"ez-toc-section-end\"><\/span><\/h2>\n<p>Hoci je mo\u017en\u00e9 v\u0161etko zorganizova\u0165 aj bez sprostredkovate\u013ea s\u0165ahovania, je to ove\u013ea stresuj\u00facej\u0161ie, \u010dasovo n\u00e1ro\u010dnej\u0161ie a s ove\u013ea men\u0161ou pravdepodobnos\u0165ou to p\u00f4jde hladko, ako keby ste ho vyu\u017eili. Aj ke\u010f sa \u010dasto zd\u00e1, \u017ee invest\u00edcia do slu\u017eieb s\u0165ahovacej spolo\u010dnosti predstavuje ve\u013ek\u00e9 po\u010diato\u010dn\u00e9 n\u00e1klady, na konci s\u0165ahovania zist\u00edte, \u017ee v\u00e1m u\u0161etr\u00ed \u010das, peniaze a stres!<\/p>\n<p>S\u0165ahovanie do nov\u00e9ho domova v novom meste v novej krajine prirodzene sp\u00f4sob\u00ed ve\u013ea starost\u00ed aj sk\u00fasen\u00e9mu s\u0165ahov\u00e1kovi, tak\u017ee v\u0161etko, \u010do m\u00f4\u017eete urobi\u0165, aby ste ich zn\u00ed\u017eili, nehovoriac o v\u0161etkej pr\u00e1ci a \u010dase, ktor\u00e9 by ste museli vynalo\u017ei\u0165, stoj\u00ed za to. <\/p>\n<p>Jednoducho povedan\u00e9, ak chcete, aby va\u0161e s\u0165ahovanie bolo \u010do najjednoduch\u0161ie, je pre v\u00e1s vhodn\u00e1 s\u0165ahovacia agent\u00fara!<\/p>\n<p><em>Tento \u010dl\u00e1nok poskytla spolo\u010dnos\u0165 Cornerstone so s\u00eddlom v Lond\u00fdne <a href=\"https:\/\/www.cornerstonelondon.com\/\" target=\"_blank\" rel=\"noopener\">Reloka\u010dn\u00e1 agent\u00fara<\/a> pom\u00e1ha pracovn\u00edkom, ktor\u00ed sa s\u0165ahuj\u00fa po celom svete.<\/em><\/p>","protected":false},"excerpt":{"rendered":"<p>You&#8217;ve just signed up for a fantastic new position in a glamourous international location. You&#8217;re looking forward to upping sticks, and moving to a new country seems exciting at first, but once you realise exactly how much you have to do in order to get there, it can all seem quite daunting. Let&#8217;s have a [&hellip;]<\/p>\n","protected":false},"author":1,"featured_media":3845,"parent":0,"menu_order":0,"comment_status":"closed","ping_status":"closed","template":"","meta":{"_genesis_hide_title":false,"_genesis_hide_breadcrumbs":false,"_genesis_hide_singular_image":false,"_genesis_hide_footer_widgets":false,"_genesis_custom_body_class":"","_genesis_custom_post_class":"","_genesis_layout":"","footnotes":""},"class_list":{"0":"post-3842","1":"page","2":"type-page","3":"status-publish","4":"has-post-thumbnail","6":"entry"},"_links":{"self":[{"href":"https:\/\/moverdb.com\/sk\/wp-json\/wp\/v2\/pages\/3842","targetHints":{"allow":["GET"]}}],"collection":[{"href":"https:\/\/moverdb.com\/sk\/wp-json\/wp\/v2\/pages"}],"about":[{"href":"https:\/\/moverdb.com\/sk\/wp-json\/wp\/v2\/types\/page"}],"author":[{"embeddable":true,"href":"https:\/\/moverdb.com\/sk\/wp-json\/wp\/v2\/users\/1"}],"replies":[{"embeddable":true,"href":"https:\/\/moverdb.com\/sk\/wp-json\/wp\/v2\/comments?post=3842"}],"version-history":[{"count":4,"href":"https:\/\/moverdb.com\/sk\/wp-json\/wp\/v2\/pages\/3842\/revisions"}],"predecessor-version":[{"id":3849,"href":"https:\/\/moverdb.com\/sk\/wp-json\/wp\/v2\/pages\/3842\/revisions\/3849"}],"wp:featuredmedia":[{"embeddable":true,"href":"https:\/\/moverdb.com\/sk\/wp-json\/wp\/v2\/media\/3845"}],"wp:attachment":[{"href":"https:\/\/moverdb.com\/sk\/wp-json\/wp\/v2\/media?parent=3842"}],"curies":[{"name":"wp","href":"https:\/\/api.w.org\/{rel}","templated":true}]}}