{"id":384,"date":"2016-05-26T14:06:53","date_gmt":"2016-05-26T14:06:53","guid":{"rendered":"http:\/\/moverdb.com\/?page_id=384"},"modified":"2026-01-08T14:40:17","modified_gmt":"2026-01-08T14:40:17","slug":"recenzie","status":"publish","type":"page","link":"https:\/\/moverdb.com\/sk\/reviews\/","title":{"rendered":"MoverDB Medzin\u00e1rodn\u00e9 s\u0165ahovacie spolo\u010dnosti Recenzie a sk\u00f3re Vysvetlen\u00e9"},"content":{"rendered":"<p>Na str\u00e1nke MoverDB.com je na\u0161\u00edm cie\u013eom prin\u00e1\u0161a\u0165 v\u00e1m objekt\u00edvne inform\u00e1cie a recenzie najv\u00e4\u010d\u0161\u00edch svetov\u00fdch a <a href=\"https:\/\/moverdb.com\/sk\/stahovacie-spolocnosti\/\">najlep\u0161ie medzin\u00e1rodn\u00e9 s\u0165ahovacie spolo\u010dnosti<\/a>. Na tento \u00fa\u010del sme vytvorili profily pre ka\u017ed\u00e9ho prepravcu.<\/p>\n<p>Ka\u017ed\u00fd profil obsahuje tieto inform\u00e1cie:<\/p>\n<ol>\n<li> S\u0165ahovacie slu\u017eby pon\u00fakan\u00e9 spolo\u010dnos\u0165ou.<\/li>\n<li> Profil spolo\u010dnosti: vr\u00e1tane hist\u00f3rie, reput\u00e1cie a <a href=\"https:\/\/moverdb.com\/sk\/organizacie-zdruzenia\/\">organiz\u00e1cie a afili\u00e1cie<\/a> spolu s \u010fal\u0161\u00edmi zauj\u00edmavos\u0165ami.<\/li>\n<li> Recenzie z cel\u00e9ho webu, ktor\u00e9 v\u00e1m pom\u00f4\u017eu vybra\u0165 lep\u0161ieho prepravcu.<\/li>\n<\/ol>\n<p><strong>4. Vysvetlenie presk\u00famania webovej str\u00e1nky<\/strong><\/p>\n<p>Nakoniec MoverDB.com obsahuje aj hodnotenie webov\u00fdch str\u00e1nok pre ka\u017ed\u00e9ho prepravcu. Ide o hodnotenie u\u017eito\u010dnosti webovej str\u00e1nky a <strong>neodr\u00e1\u017ea<\/strong> kvalita samotn\u00e9ho dopravcu. Namiesto toho sa pozer\u00e1 na tieto veci:<\/p>\n<ol>\n<li> Jasn\u00e9 kontaktn\u00e9 inform\u00e1cie<\/li>\n<li> Mo\u017enos\u0165 \u013eahko z\u00edska\u0165 cenov\u00fa ponuku<\/li>\n<li> Jasn\u00e9 a u\u017eito\u010dn\u00e9 inform\u00e1cie na webovej str\u00e1nke<\/li>\n<li> \u010clenstvo v medzin\u00e1rodn\u00fdch organiz\u00e1ci\u00e1ch v oblasti pohybu<\/li>\n<li> Recenzie a posudky<\/li>\n<\/ol>\n<p><em>Pou\u017e\u00edvajte ich na vlastn\u00e9 riziko. MoverDB.com nenesie \u017eiadnu zodpovednos\u0165 za spr\u00e1vnos\u0165 uveden\u00fdch inform\u00e1ci\u00ed. Okrem toho nenesieme \u017eiadnu zodpovednos\u0165 za pou\u017eitie inform\u00e1ci\u00ed a recenzi\u00ed na tejto webovej str\u00e1nke pri v\u00fdbere s\u0165ahovate\u013ea. Jednoducho pon\u00fakame sp\u00f4sob, ako <a href=\"https:\/\/moverdb.com\/sk\/citaty\/\">porovnanie s\u0165ahovate\u013eov s bezplatn\u00fdmi ponukami<\/a>.<\/em><\/p>","protected":false},"excerpt":{"rendered":"<p>At MoverDB.com our goal is to bring you unbiased information and reviews of the world&#8217;s biggest and best international moving companies. To do this we&#8217;ve created profiles for each and every mover. Each profile includes the following information: Moving services offered by the company. Company profile: including history, reputation and organizations &#038; affiliations along with [&hellip;]<\/p>\n","protected":false},"author":1,"featured_media":0,"parent":0,"menu_order":0,"comment_status":"closed","ping_status":"closed","template":"","meta":{"_genesis_hide_title":false,"_genesis_hide_breadcrumbs":false,"_genesis_hide_singular_image":false,"_genesis_hide_footer_widgets":false,"_genesis_custom_body_class":"","_genesis_custom_post_class":"","_genesis_layout":"","footnotes":""},"class_list":{"0":"post-384","1":"page","2":"type-page","3":"status-publish","5":"entry"},"_links":{"self":[{"href":"https:\/\/moverdb.com\/sk\/wp-json\/wp\/v2\/pages\/384","targetHints":{"allow":["GET"]}}],"collection":[{"href":"https:\/\/moverdb.com\/sk\/wp-json\/wp\/v2\/pages"}],"about":[{"href":"https:\/\/moverdb.com\/sk\/wp-json\/wp\/v2\/types\/page"}],"author":[{"embeddable":true,"href":"https:\/\/moverdb.com\/sk\/wp-json\/wp\/v2\/users\/1"}],"replies":[{"embeddable":true,"href":"https:\/\/moverdb.com\/sk\/wp-json\/wp\/v2\/comments?post=384"}],"version-history":[{"count":3,"href":"https:\/\/moverdb.com\/sk\/wp-json\/wp\/v2\/pages\/384\/revisions"}],"predecessor-version":[{"id":387,"href":"https:\/\/moverdb.com\/sk\/wp-json\/wp\/v2\/pages\/384\/revisions\/387"}],"wp:attachment":[{"href":"https:\/\/moverdb.com\/sk\/wp-json\/wp\/v2\/media?parent=384"}],"curies":[{"name":"wp","href":"https:\/\/api.w.org\/{rel}","templated":true}]}}