{"id":366,"date":"2016-05-22T20:25:26","date_gmt":"2016-05-22T20:25:26","guid":{"rendered":"http:\/\/moverdb.com\/?page_id=366"},"modified":"2026-01-08T14:47:18","modified_gmt":"2026-01-08T14:47:18","slug":"organizacie-zdruzenia","status":"publish","type":"page","link":"https:\/\/moverdb.com\/sk\/organizations-associations\/","title":{"rendered":"28 Organiz\u00e1cie a zdru\u017eenia pre medzin\u00e1rodn\u00e9 s\u0165ahovanie a prepravu"},"content":{"rendered":"<p><img loading=\"lazy\" decoding=\"async\" width=\"720\" height=\"486\" src=\"https:\/\/moverdb.com\/wp-content\/uploads\/number-buttons.jpg\" alt=\"Medzin\u00e1rodn\u00e9 organiz\u00e1cie a zdru\u017eenia pre s\u0165ahovanie a prepravu\" class=\"aligncenter size-full wp-image-367\" srcset=\"https:\/\/moverdb.com\/wp-content\/uploads\/number-buttons.jpg 720w, https:\/\/moverdb.com\/wp-content\/uploads\/number-buttons-300x203.jpg 300w, https:\/\/moverdb.com\/wp-content\/uploads\/number-buttons-600x405.jpg 600w\" sizes=\"auto, (max-width: 720px) 100vw, 720px\" \/><\/p>\n<p>Ni\u017e\u0161ie je uveden\u00fd ne\u00fapln\u00fd zoznam najd\u00f4le\u017eitej\u0161\u00edch medzin\u00e1rodn\u00fdch organiz\u00e1ci\u00ed, zdru\u017een\u00ed, syst\u00e9mov, cechov, r\u00e1d at\u010f.   <\/p>\n<ol>\n<li> <a href=\"https:\/\/moverdb.com\/sk\/som\/\">Medzin\u00e1rodn\u00e1 asoci\u00e1cia s\u0165ahovate\u013eov<\/a> (IAM) - <a href=\"https:\/\/moverdb.com\/sk\/iam\/\" data-internallinksmanager029f6b8e52c=\"23\" title=\"Vysvetlenie Medzin\u00e1rodnej asoci\u00e1cie s\u0165ahovate\u013eov (IAM)\">Medzin\u00e1rodn\u00e1 asoci\u00e1cia s\u0165ahovate\u013eov<\/a> (IAM) je celosvetov\u00e1 obchodn\u00e1 organiz\u00e1cia, ktorej \u010dlenovia poskytuj\u00fa s\u0165ahovacie, zasielate\u013esk\u00e9, prepravn\u00e9, logistick\u00e9 a s\u00favisiace slu\u017eby.<\/li>\n<li> <a href=\"https:\/\/moverdb.com\/sk\/fidi-faim\/\">Akreditovan\u00fd medzin\u00e1rodn\u00fd prepravca FIDI a FIDI<\/a> (<a href=\"https:\/\/moverdb.com\/sk\/fidi-faim\/\" data-internallinksmanager029f6b8e52c=\"16\" title=\"Vysvetlenie FIDI a FAIM (FIDI akreditovan\u00fd medzin\u00e1rodn\u00fd prepravca)\">FAIM<\/a>) - FIDI (F\u00e9d\u00e9ration Internationale des D\u00e9m\u00e9nageurs Internationaux; Feder\u00e1cia medzin\u00e1rodn\u00fdch s\u0165ahovate\u013eov) je celosvetov\u00e1 zastre\u0161uj\u00faca organiz\u00e1cia medzin\u00e1rodn\u00fdch s\u0165ahovac\u00edch a premiest\u0148ovac\u00edch spolo\u010dnost\u00ed.<\/li>\n<li> <a href=\"https:\/\/moverdb.com\/sk\/amsa\/\">Americk\u00e1 asoci\u00e1cia pre s\u0165ahovanie a skladovanie<\/a> (AMSA) - <a href=\"https:\/\/moverdb.com\/sk\/amsa\/\" data-internallinksmanager029f6b8e52c=\"5\" title=\"Vysvetlenie Americkej asoci\u00e1cie pre s\u0165ahovanie a skladovanie (AMSA)\">Americk\u00e1 asoci\u00e1cia pre s\u0165ahovanie a skladovanie<\/a> (AMSA) je n\u00e1rodn\u00e9 obchodn\u00e9 zdru\u017eenie pre americk\u00fd s\u0165ahovac\u00ed priemysel.<\/li>\n<li> <a href=\"https:\/\/moverdb.com\/sk\/obruc-promover\/\">Registrovan\u00fd medzin\u00e1rodn\u00fd prepravca (RIM) \/ International ProMover<\/a> - Medzin\u00e1rodn\u00fd <a href=\"https:\/\/moverdb.com\/sk\/rim-promover\/\" data-internallinksmanager029f6b8e52c=\"76\" title=\"Vysvetlenie certifik\u00e1cie RIM International ProMover\">ProMover<\/a> Certifik\u00e1cia je s\u00fa\u010das\u0165ou programu Registered International Mover (RIM), ktor\u00fd vytvorila Americk\u00e1 asoci\u00e1cia pre s\u0165ahovanie a skladovanie (AMSA).<\/li>\n<li> <a href=\"https:\/\/moverdb.com\/sk\/britska-asociacia-vyrobcov\/\">Britsk\u00e1 asoci\u00e1cia s\u0165ahova\u010dov<\/a> (BAR) - <a href=\"https:\/\/moverdb.com\/sk\/british-association-of-removers\/\" data-internallinksmanager029f6b8e52c=\"9\" title=\"Vysvetlenie Britskej asoci\u00e1cie s\u0165ahovate\u013eov (BAR)\">Britsk\u00e1 asoci\u00e1cia s\u0165ahova\u010dov<\/a> (BAR) sa ozna\u010duje za \"uzn\u00e1van\u00fd hlas profesion\u00e1lneho odvetvia s\u0165ahovania\" a je k\u013e\u00fa\u010dov\u00fdm org\u00e1nom v <a href=\"https:\/\/moverdb.com\/sk\/moving-to-the-uk\/\" data-internallinksmanager029f6b8e52c=\"93\" title=\"S\u0165ahujete sa do Spojen\u00e9ho kr\u00e1\u013eovstva? 2022 \u017divotn\u00e9 n\u00e1klady a tipy na pres\u0165ahovanie\">UK<\/a> priemysel pohybu.<\/li>\n<li> <a href=\"https:\/\/moverdb.com\/sk\/bar-overseas\/\">Skupina BAR Overseas<\/a> - <a href=\"https:\/\/moverdb.com\/sk\/bar-overseas\/\" data-internallinksmanager029f6b8e52c=\"10\" title=\"Vysvetlenie skupiny British Association of Removers (BAR) Overseas Group\">BAR Overseas<\/a> Skupina je s\u00fa\u010das\u0165ou Britskej asoci\u00e1cie s\u0165ahova\u010dov (BAR) a jej cie\u013eom je podporova\u0165 profesion\u00e1lnu dokonalos\u0165 v oblasti s\u0165ahovania.<\/li>\n<li> <a href=\"https:\/\/moverdb.com\/sk\/mtc\/\">Movers Trading Club<\/a> (<a href=\"https:\/\/moverdb.com\/sk\/mtc\/\" data-internallinksmanager029f6b8e52c=\"30\" title=\"Vysvetlenie Movers Trading Club (MTC)\">MTC<\/a>) - Pre \u010dlensk\u00e9 spolo\u010dnosti skupiny BAR Overseas Group, aby pomohli zn\u00ed\u017ei\u0165 <a href=\"https:\/\/moverdb.com\/sk\/naklady-na-stahovanie\/\">n\u00e1klady na s\u0165ahovanie<\/a> na <a href=\"https:\/\/moverdb.com\/sk\/moving-to-the-united-states\/\" data-internallinksmanager029f6b8e52c=\"94\" title=\"S\u0165ahujete sa do Spojen\u00fdch \u0161t\u00e1tov? 2022 \u017divotn\u00e9 n\u00e1klady a tipy na pres\u0165ahovanie\">US<\/a> zo Spojen\u00e9ho kr\u00e1\u013eovstva.<\/li>\n<li> <a href=\"https:\/\/moverdb.com\/sk\/kanadska-asociacia-prepravcov\/\">Kanadsk\u00e1 asoci\u00e1cia s\u0165ahovate\u013eov<\/a> (CAM) - <a href=\"https:\/\/moverdb.com\/sk\/canadian-association-of-movers\/\" data-internallinksmanager029f6b8e52c=\"11\" title=\"Vysvetlenie Kanadskej asoci\u00e1cie s\u0165ahovate\u013eov (CAM)\">Kanadsk\u00e1 asoci\u00e1cia s\u0165ahovate\u013eov<\/a> je . <a href=\"https:\/\/moverdb.com\/sk\/moving-to-canada\/\" data-internallinksmanager029f6b8e52c=\"265\" title=\"S\u0165ahovanie do Kanady? 2026 N\u00e1klady na b\u00fdvanie a tipy na pres\u0165ahovanie\">Kanada<\/a>obchodn\u00e9ho zdru\u017eenia zastupuj\u00faceho spolo\u010dnosti zaoberaj\u00face sa s\u0165ahovan\u00edm a skladovan\u00edm. <\/li>\n<li> <a href=\"https:\/\/moverdb.com\/sk\/aima\/\">Austr\u00e1lska asoci\u00e1cia medzin\u00e1rodn\u00fdch s\u0165ahovate\u013eov<\/a> (AIMA) - <a href=\"https:\/\/moverdb.com\/sk\/aima\/\" data-internallinksmanager029f6b8e52c=\"8\" title=\"Vysvetlenie Austr\u00e1lskej asoci\u00e1cie medzin\u00e1rodn\u00fdch s\u0165ahovate\u013eov (AIMA)\">Austr\u00e1lska asoci\u00e1cia medzin\u00e1rodn\u00fdch s\u0165ahovate\u013eov<\/a> (AIMA) sa ozna\u010duje za profesion\u00e1lne f\u00f3rum pre <a href=\"https:\/\/moverdb.com\/sk\/international-removals\/\" data-internallinksmanager029f6b8e52c=\"27\" title=\"36 najlep\u0161\u00edch medzin\u00e1rodn\u00fdch s\u0165ahovac\u00edch spolo\u010dnost\u00ed v Spojenom kr\u00e1\u013eovstve\">medzin\u00e1rodn\u00e9 s\u0165ahovanie<\/a> priemysel.<\/li>\n<li> <a href=\"https:\/\/moverdb.com\/sk\/afra\/\">Austr\u00e1lska asoci\u00e1cia s\u0165ahova\u010dov n\u00e1bytku<\/a> (AFRA) - <a href=\"https:\/\/moverdb.com\/sk\/afra\/\" data-internallinksmanager029f6b8e52c=\"7\" title=\"Vysvetlenie Austr\u00e1lskej asoci\u00e1cie s\u0165ahova\u010dov n\u00e1bytku (AFRA)\">Austr\u00e1lska asoci\u00e1cia s\u0165ahova\u010dov n\u00e1bytku<\/a> (AFRA) sa ozna\u010duje za z\u00e1stupcu a regul\u00e1tora odvetvia s\u0165ahovania v <a href=\"https:\/\/moverdb.com\/sk\/moving-to-australia\/living-in-australia\/\" data-internallinksmanager029f6b8e52c=\"240\" title=\"21 tajomstiev o \u017eivote v Austr\u00e1lii, ktor\u00e9 by ste mali vedie\u0165 pred pres\u0165ahovan\u00edm\">Austr\u00e1lia<\/a>.<\/li>\n<li> <a href=\"https:\/\/moverdb.com\/sk\/hgfaa\/\">Asoci\u00e1cia americk\u00fdch zasielate\u013eov tovaru pre dom\u00e1cnos\u0165<\/a> (HGFAA) - <a href=\"https:\/\/moverdb.com\/sk\/hgfaa\/\" data-internallinksmanager029f6b8e52c=\"21\" title=\"Vysvetlenie Asoci\u00e1cie americk\u00fdch zasielate\u013eov tovaru pre dom\u00e1cnos\u0165 (HGFAA)\">Asoci\u00e1cia americk\u00fdch zasielate\u013eov tovaru pre dom\u00e1cnos\u0165<\/a> (HGFAA) sa ozna\u010duje za celosvetov\u00e9 zdru\u017eenie s\u0165ahovate\u013eov, ktor\u00fdch cie\u013eom je zabezpe\u010di\u0165, aby z\u00e1kazn\u00edci po\u010das s\u0165ahovania dostali tie najlep\u0161ie slu\u017eby.<\/li>\n<li> <a href=\"https:\/\/moverdb.com\/sk\/ncbfaa\/\">N\u00e1rodn\u00e1 asoci\u00e1cia coln\u00fdch makl\u00e9rov a zasielate\u013eov v Amerike<\/a> (NCBFAA) - The <a href=\"https:\/\/moverdb.com\/sk\/ncbfaa\/\" data-internallinksmanager029f6b8e52c=\"73\" title=\"N\u00e1rodn\u00e1 asoci\u00e1cia coln\u00fdch makl\u00e9rov a zasielate\u013eov v Amerike (NCBFAA)\">N\u00e1rodn\u00e1 asoci\u00e1cia coln\u00fdch makl\u00e9rov a zasielate\u013eov v Amerike<\/a> (NCBFAA) je pova\u017eovan\u00e1 za hlas odvetvia dopravnej logistiky v Amerike.<\/li>\n<li> <a href=\"https:\/\/moverdb.com\/sk\/lacma\/\">Zdru\u017eenie medzin\u00e1rodn\u00fdch prepravcov z Latinskej Ameriky a Karibiku<\/a> (LACMA) - <a href=\"https:\/\/moverdb.com\/sk\/lacma\/\" data-internallinksmanager029f6b8e52c=\"28\" title=\"Zdru\u017eenie medzin\u00e1rodn\u00fdch prepravcov z Latinskej Ameriky a Karibiku (LACMA)\">Zdru\u017eenie medzin\u00e1rodn\u00fdch prepravcov z Latinskej Ameriky a Karibiku<\/a> (LACIMA) zastupuje s\u00fabor spolo\u010dnost\u00ed zaoberaj\u00facich sa s\u0165ahovan\u00edm a premiest\u0148ovan\u00edm s cie\u013eom podpori\u0165 integr\u00e1ciu miestnych podnikov, ako aj in\u00fdch podnikov na celom svete.<\/li>\n<li> <a href=\"https:\/\/moverdb.com\/sk\/iata\/\">Medzin\u00e1rodn\u00e9 zdru\u017eenie leteckej dopravy<\/a> (IATA) - <a href=\"https:\/\/moverdb.com\/sk\/iata\/\" data-internallinksmanager029f6b8e52c=\"22\" title=\"Vysvetlenie Medzin\u00e1rodnej asoci\u00e1cie leteck\u00fdch dopravcov (IATA)\">Medzin\u00e1rodn\u00e9 zdru\u017eenie leteckej dopravy<\/a> (IATA) je glob\u00e1lne obchodn\u00e9 zdru\u017eenie svetov\u00fdch leteck\u00fdch spolo\u010dnost\u00ed. Jeho poslan\u00edm je vies\u0165 a sl\u00fa\u017ei\u0165 svojim \u010dlenom, ako aj zastupova\u0165 ich z\u00e1ujmy sp\u00f4sobom, ktor\u00fd podporuje odvetvie letiskovej dopravy.<\/li>\n<li> <a href=\"https:\/\/moverdb.com\/sk\/euromovers\/\">Eur\u00f3pske partnerstvo prepravcov (EUROMOVERS International)<\/a> - <a href=\"https:\/\/moverdb.com\/sk\/euromovers\/\" data-internallinksmanager029f6b8e52c=\"12\" title=\"Vysvetlenie partnerstva eur\u00f3pskych prepravcov (EUROMOVERS International)\">Euromovers<\/a> s\u00eddli v <a href=\"https:\/\/moverdb.com\/sk\/moving-to-luxembourg\/\" data-internallinksmanager029f6b8e52c=\"349\" title=\"S\u0165ahovanie do Luxemburska? 2026 N\u00e1klady na b\u00fdvanie a tipy na pres\u0165ahovanie\">Luxembursko<\/a> a sklad\u00e1 sa z viacer\u00fdch popredn\u00fdch <a href=\"https:\/\/moverdb.com\/sk\/moving-companies\/\" data-internallinksmanager029f6b8e52c=\"79\" title=\"Top 25 medzin\u00e1rodn\u00fdch s\u0165ahovac\u00edch spolo\u010dnost\u00ed online\">medzin\u00e1rodn\u00e9 s\u0165ahovacie spolo\u010dnosti<\/a> ktor\u00ed vytvorili sie\u0165 na z\u00e1klade spolo\u010dn\u00fdch noriem, v\u00edzie a smerovania.<\/li>\n<li> <a href=\"https:\/\/moverdb.com\/sk\/rada-pre-premiestnovanie-zamestnancov\/\">Celosvetov\u00e1 ERC<\/a> (Rada pre pres\u00edd\u013eovanie zamestnancov) - <a href=\"https:\/\/moverdb.com\/sk\/employee-relocation-council\/\" data-internallinksmanager029f6b8e52c=\"83\" title=\"Vysvetlenie celosvetovej Rady pre pres\u00edd\u013eovanie zamestnancov (ERC)\">Celosvetov\u00e1 rada pre premiest\u0148ovanie zamestnancov<\/a> (ERC) sa ozna\u010duje za zdru\u017eenie pre mobilitu pracovnej sily pre odborn\u00edkov, ktor\u00ed dohliadaj\u00fa, riadia alebo podporuj\u00fa dom\u00e1ci a medzin\u00e1rodn\u00fd presun zamestnancov v USA.<\/li>\n<li> <a href=\"https:\/\/moverdb.com\/sk\/harmony-relocation-network\/\">Harmony Relocation Network<\/a> - The <a href=\"https:\/\/moverdb.com\/sk\/harmony-relocation-network\/\" data-internallinksmanager029f6b8e52c=\"20\" title=\"Vysvetlenie siete Harmony Relocation Network (HRN)\">Harmony Relocation Network<\/a> (HRN) je skupina partnersk\u00fdch spolo\u010dnost\u00ed, ktor\u00e1 bola vytvoren\u00e1 s cie\u013eom vybudova\u0165 celoeur\u00f3psku sie\u0165 pre glob\u00e1lne premiest\u0148ovanie.<\/li>\n<li> <a href=\"https:\/\/moverdb.com\/sk\/eura\/\">Eur\u00f3pska asoci\u00e1cia pre relok\u00e1ciu<\/a> (EuRA) - <a href=\"https:\/\/moverdb.com\/sk\/eura\/\" data-internallinksmanager029f6b8e52c=\"13\" title=\"Vysvetlenie Eur\u00f3pskej asoci\u00e1cie pre relok\u00e1ciu (EuRA)\">Eur\u00f3pska asoci\u00e1cia pre relok\u00e1ciu<\/a> (EuRA) propaguje v\u00fdhody profesion\u00e1lne riaden\u00fdch slu\u017eieb pres\u0165ahovania a mobility pre spolo\u010dnosti s glob\u00e1lne mobiln\u00fdmi zamestnancami.<\/li>\n<li> <a href=\"https:\/\/moverdb.com\/sk\/zdruzenie-relocation-professionals\/\">Asoci\u00e1cia odborn\u00edkov na premiest\u0148ovanie<\/a> (ARP) - <a href=\"https:\/\/moverdb.com\/sk\/association-relocation-professionals\/\" data-internallinksmanager029f6b8e52c=\"6\" title=\"Vysvetlenie Asoci\u00e1cie profesion\u00e1lov v oblasti relok\u00e1cie (ARP)\">Asoci\u00e1cia odborn\u00edkov na premiest\u0148ovanie<\/a> (ARP) je profesijn\u00fd org\u00e1n pre odvetvie s\u0165ahovania v Spojenom kr\u00e1\u013eovstve.<\/li>\n<li> <a href=\"https:\/\/moverdb.com\/sk\/rios\/\">Syst\u00e9m ombudsmana pre s\u0165ahovacie slu\u017eby<\/a> (<a href=\"https:\/\/moverdb.com\/sk\/rios\/\" data-internallinksmanager029f6b8e52c=\"75\" title=\"Vysvetlenie syst\u00e9mu RIOS (Removals Industry Ombudsman Scheme)\">RIOS<\/a>) - Syst\u00e9m ombudsmana pre s\u0165ahovacie slu\u017eby (Removal Industry Ombudsman Scheme - RIOS) sa zaober\u00e1 s\u0165a\u017enos\u0165ami na podniky s\u0165ahovacieho priemyslu v Spojenom kr\u00e1\u013eovstve.<\/li>\n<li> <a href=\"https:\/\/moverdb.com\/sk\/fedemac\/\">Feder\u00e1cia eur\u00f3pskych s\u0165ahovate\u013eov<\/a> (FEDEMAC) - <a href=\"https:\/\/moverdb.com\/sk\/fedemac\/\" data-internallinksmanager029f6b8e52c=\"15\" title=\"Vysvetlenie Feder\u00e1cie eur\u00f3pskych s\u0165ahovate\u013eov (FEDEMAC)\">Feder\u00e1cia eur\u00f3pskych s\u0165ahovate\u013eov<\/a> (FEDEMAC) je eur\u00f3psky org\u00e1n, ktor\u00fd bol zalo\u017een\u00fd na podporu odvetvia s\u0165ahovac\u00edch slu\u017eieb na eur\u00f3pskej \u00farovni.<\/li>\n<li> <a href=\"https:\/\/moverdb.com\/sk\/zdruzenie-nakladnej-dopravy\/\">Zdru\u017eenie n\u00e1kladnej dopravy<\/a> (FTA) - <a href=\"https:\/\/moverdb.com\/sk\/freight-transport-association\/\" data-internallinksmanager029f6b8e52c=\"18\" title=\"Vysvetlenie Zdru\u017eenia n\u00e1kladnej dopravy (FTA)\">Zdru\u017eenie n\u00e1kladnej dopravy<\/a> (FTA) bola zalo\u017een\u00e1 s cie\u013eom zastupova\u0165 z\u00e1ujmy logistick\u00fdch spolo\u010dnost\u00ed, \u010di u\u017e ide o n\u00e1morn\u00fa, leteck\u00fa, cestn\u00fa alebo \u017eelezni\u010dn\u00fa prepravu tovaru.<\/li>\n<li> <a href=\"https:\/\/moverdb.com\/sk\/eurovan-movers\/\">Eurovan International Movers Network<\/a> - <a href=\"https:\/\/moverdb.com\/sk\/eurovan-movers\/\" data-internallinksmanager029f6b8e52c=\"14\" title=\"Vysvetlenie siete Eurovan International Movers Network (EM)\">Eurovan International Movers Network<\/a> (EM) je sie\u0165 nez\u00e1visl\u00fdch miestnych prepravcov so s\u00eddlom v <a href=\"https:\/\/moverdb.com\/sk\/moving-to-germany\/\" data-internallinksmanager029f6b8e52c=\"321\" title=\"S\u0165ahovanie do Nemecka? 2026 N\u00e1klady na b\u00fdvanie a tipy na pres\u0165ahovanie\">Nemecko<\/a>. Sie\u0165 je navrhnut\u00e1 tak, aby reagovala na potrebu poskytova\u0165 konzistentn\u00fa \u00farove\u0148 slu\u017eieb pri medzin\u00e1rodn\u00fdch presunoch, ktor\u00e9 m\u00f4\u017eu prech\u00e1dza\u0165 viacer\u00fdmi krajinami.<\/li>\n<li> <a href=\"https:\/\/moverdb.com\/sk\/ngrs\/\">N\u00e1rodn\u00fd cech s\u0165ahov\u00e1kov a skladn\u00edkov<\/a> (NGRS) - <a href=\"https:\/\/moverdb.com\/sk\/ngrs\/\" data-internallinksmanager029f6b8e52c=\"74\" title=\"Vysvetlenie N\u00e1rodn\u00e9ho cechu s\u0165ahovate\u013eov a skladn\u00edkov (NGRS)\">N\u00e1rodn\u00fd cech s\u0165ahov\u00e1kov a skladn\u00edkov<\/a> (NGRS) bola zriaden\u00e1 s cie\u013eom zabezpe\u010di\u0165 ur\u010dit\u00fa regul\u00e1ciu odvetvia s\u0165ahovania a skladovania v Spojenom kr\u00e1\u013eovstve.<\/li>\n<li> <a href=\"https:\/\/moverdb.com\/sk\/medzinarodna-maratonska-organizacia\/\">Medzin\u00e1rodn\u00e1 n\u00e1morn\u00e1 organiz\u00e1cia<\/a> (IMO) - <a href=\"https:\/\/moverdb.com\/sk\/international-maritime-organisation\/\" data-internallinksmanager029f6b8e52c=\"24\" title=\"Vysvetlenie Medzin\u00e1rodnej n\u00e1mornej organiz\u00e1cie (IMO)\">Medzin\u00e1rodn\u00e1 n\u00e1morn\u00e1 organiz\u00e1cia<\/a> (IMO) je agent\u00fara OSN so s\u00eddlom v Spojenom kr\u00e1\u013eovstve, ktor\u00e1 je zodpovedn\u00e1 za regul\u00e1ciu lodnej dopravy.<\/li>\n<li> <a href=\"https:\/\/moverdb.com\/sk\/world-shipping-council\/\">Svetov\u00e1 rada pre n\u00e1morn\u00fa dopravu<\/a> (MS) - <a href=\"https:\/\/moverdb.com\/sk\/world-shipping-council\/\" data-internallinksmanager029f6b8e52c=\"82\" title=\"Vysvetlenie Svetovej n\u00e1mornej rady (WSC)\">Svetov\u00e1 rada pre n\u00e1morn\u00fa dopravu<\/a> (WSC) je hlasom odvetvia lodnej dopravy.<\/li>\n<li> <a href=\"https:\/\/moverdb.com\/sk\/world-customs-organization\/\">Svetov\u00e1 coln\u00e1 organiz\u00e1cia<\/a> (<a href=\"https:\/\/moverdb.com\/sk\/world-customs-organization\/\" data-internallinksmanager029f6b8e52c=\"81\" title=\"Vysvetlenie Svetovej colnej organiz\u00e1cie (WCO)\">WCO<\/a>) - Svetov\u00e1 coln\u00e1 organiz\u00e1cia (WCO) je nez\u00e1visl\u00fd medzivl\u00e1dny org\u00e1n, ktor\u00fd je hlasom coln\u00e9ho spolo\u010denstva. <\/li>\n<li> <a href=\"https:\/\/moverdb.com\/sk\/medzinarodna-lodna-komora\/\">Medzin\u00e1rodn\u00e1 n\u00e1morn\u00e1 komora<\/a> (ICS) -  <a href=\"https:\/\/moverdb.com\/sk\/international-chamber-shipping\/\" data-internallinksmanager029f6b8e52c=\"78\" title=\"Vysvetlenie Medzin\u00e1rodnej n\u00e1mornej komory (ICS)\">Medzin\u00e1rodn\u00e1 n\u00e1morn\u00e1 komora<\/a> (ICS) je obchodn\u00e9 zdru\u017eenie, ktor\u00e9 zastupuje vlastn\u00edkov a prev\u00e1dzkovate\u013eov lod\u00ed prostredn\u00edctvom n\u00e1rodn\u00fdch zdru\u017een\u00ed vlastn\u00edkov lod\u00ed. <\/li>\n<\/ol>","protected":false},"excerpt":{"rendered":"<p>Below is a non-exhaustive list of the most important international moving &#038; shipping organizations, associations, schemes, guilds, councils etc. International Association of Movers (IAM) &#8211; The International Association of Movers (IAM) is a global trade body with members who provide moving, forwarding, shipping, logistics, and related services. FIDI &#038; FIDI Accredited International Mover (FAIM) &#8211; [&hellip;]<\/p>\n","protected":false},"author":1,"featured_media":367,"parent":0,"menu_order":0,"comment_status":"closed","ping_status":"closed","template":"","meta":{"_genesis_hide_title":false,"_genesis_hide_breadcrumbs":false,"_genesis_hide_singular_image":false,"_genesis_hide_footer_widgets":false,"_genesis_custom_body_class":"","_genesis_custom_post_class":"","_genesis_layout":"","footnotes":""},"class_list":{"0":"post-366","1":"page","2":"type-page","3":"status-publish","4":"has-post-thumbnail","6":"entry"},"_links":{"self":[{"href":"https:\/\/moverdb.com\/sk\/wp-json\/wp\/v2\/pages\/366","targetHints":{"allow":["GET"]}}],"collection":[{"href":"https:\/\/moverdb.com\/sk\/wp-json\/wp\/v2\/pages"}],"about":[{"href":"https:\/\/moverdb.com\/sk\/wp-json\/wp\/v2\/types\/page"}],"author":[{"embeddable":true,"href":"https:\/\/moverdb.com\/sk\/wp-json\/wp\/v2\/users\/1"}],"replies":[{"embeddable":true,"href":"https:\/\/moverdb.com\/sk\/wp-json\/wp\/v2\/comments?post=366"}],"version-history":[{"count":29,"href":"https:\/\/moverdb.com\/sk\/wp-json\/wp\/v2\/pages\/366\/revisions"}],"predecessor-version":[{"id":1342,"href":"https:\/\/moverdb.com\/sk\/wp-json\/wp\/v2\/pages\/366\/revisions\/1342"}],"wp:featuredmedia":[{"embeddable":true,"href":"https:\/\/moverdb.com\/sk\/wp-json\/wp\/v2\/media\/367"}],"wp:attachment":[{"href":"https:\/\/moverdb.com\/sk\/wp-json\/wp\/v2\/media?parent=366"}],"curies":[{"name":"wp","href":"https:\/\/api.w.org\/{rel}","templated":true}]}}