{"id":353,"date":"2016-05-22T20:42:36","date_gmt":"2016-05-22T20:42:36","guid":{"rendered":"http:\/\/moverdb.com\/?page_id=353"},"modified":"2026-01-08T15:20:35","modified_gmt":"2026-01-08T15:20:35","slug":"obruc-promover","status":"publish","type":"page","link":"https:\/\/moverdb.com\/sk\/rim-promover\/","title":{"rendered":"Vysvetlenie certifik\u00e1cie RIM International ProMover"},"content":{"rendered":"<p>Certifik\u00e1cia International ProMover je s\u00fa\u010das\u0165ou programu Registered International Mover (RIM), ktor\u00fd vytvorila <a href=\"https:\/\/moverdb.com\/sk\/amsa\/\">Americk\u00e1 asoci\u00e1cia pre s\u0165ahovanie a skladovanie<\/a> (<a href=\"https:\/\/moverdb.com\/sk\/amsa\/\" data-internallinksmanager029f6b8e52c=\"5\" title=\"Vysvetlenie Americkej asoci\u00e1cie pre s\u0165ahovanie a skladovanie (AMSA)\">AMSA<\/a>). <\/p>\n<p>Jej cie\u013eom je pom\u00f4c\u0165 z\u00e1kazn\u00edkom vyu\u017e\u00edvaj\u00facim slu\u017eby medzin\u00e1rodn\u00e9ho s\u0165ahovania tovaru pre dom\u00e1cnos\u0165 a u\u013eah\u010di\u0165 im v\u00fdber, zjednodu\u0161i\u0165 rozli\u0161ovanie medzi mo\u017enos\u0165ami a n\u00e1js\u0165 spr\u00e1vneho prepravcu.<\/p>\n<p><strong>K\u013e\u00fa\u010dov\u00e9 fakty o organiz\u00e1cii:<\/strong><\/p>\n<ol>\n<li> Viac ako 200 spolo\u010dnost\u00ed a viac ako 1000 jednotlivcov je v s\u00fa\u010dasnosti dr\u017eite\u013emi firemnej alebo individu\u00e1lnej certifik\u00e1cie RIM.<\/li>\n<li> Certifik\u00e1t Registrovan\u00fd medzin\u00e1rodn\u00fd prepravca je jedn\u00fdm z radu odborn\u00fdch certifik\u00e1tov pre odborn\u00edkov, ktor\u00e9 spravuje AMSA.<\/li>\n<li> AMSA je n\u00e1rodn\u00e9 obchodn\u00e9 zdru\u017eenie pre americk\u00fd priemysel s\u0165ahovania a skladovania. Certifik\u00e1cia m\u00e1 v\u0161ak celosvetov\u00fd dosah a m\u00f4\u017eu o \u0148u po\u017eiada\u0165 spolo\u010dnosti z cel\u00e9ho sveta.<\/li>\n<li> Program Registrovan\u00fd medzin\u00e1rodn\u00fd prepravca je ur\u010den\u00fd na stanovenie univerz\u00e1lnych \u0161tandardov pre <a href=\"https:\/\/moverdb.com\/sk\/moving-companies\/\" data-internallinksmanager029f6b8e52c=\"79\" title=\"Top 25 medzin\u00e1rodn\u00fdch s\u0165ahovac\u00edch spolo\u010dnost\u00ed online\">medzin\u00e1rodn\u00e9 s\u0165ahovacie spolo\u010dnosti<\/a> a ich zamestnancov.<\/li>\n<li> Spolo\u010dnosti certifikovan\u00e9 RIM, ktor\u00e9 sp\u013a\u0148aj\u00fa po\u017eiadavky ProMover, sa stan\u00fa \"medzin\u00e1rodn\u00fdmi ProMovermi\".<\/li>\n<li> RIM je pomerne jedine\u010dn\u00e1, preto\u017ee ju v roku 1994 zalo\u017eili z\u00e1stupcovia <a href=\"https:\/\/moverdb.com\/sk\/hgfaa\/\">HHGFAA<\/a>, NMSA (AMSA), <a href=\"https:\/\/moverdb.com\/sk\/employee-relocation-council\/\" data-internallinksmanager029f6b8e52c=\"83\" title=\"Vysvetlenie celosvetovej Rady pre pres\u00edd\u013eovanie zamestnancov (ERC)\">ERC<\/a>, OMNI, <a href=\"https:\/\/moverdb.com\/sk\/fidi-faim\/\">FIDI<\/a> a 10 najv\u00e4\u010d\u0161\u00edch prepravn\u00fdch spolo\u010dnost\u00ed, zmes kupuj\u00facich a konkuren\u010dn\u00fdch predajcov.<\/li>\n<p><strong>Profil organiz\u00e1cie RIM<\/strong><\/p>\n<p>Proces z\u00edskania \u010dlenstva v RIM zah\u0155\u0148a pr\u00edsne \u0161kolenia, overovanie a testovanie zameran\u00e9 na to, \u010di s\u00fa zaveden\u00e9 normy manipul\u00e1cie so zariaden\u00edm a \u010di m\u00e1 podnik zdroje na zvl\u00e1dnutie medzin\u00e1rodn\u00e9ho s\u0165ahovania na vysokej \u00farovni. <\/p>\n<p>My\u0161lienka certifik\u00e1cie ProMover spo\u010d\u00edva v tom, \u017ee sa ude\u013euje len t\u00fdm podnikom, ktor\u00e9 m\u00f4\u017eu preuk\u00e1za\u0165, \u017ee sp\u013a\u0148aj\u00fa najvy\u0161\u0161ie etick\u00e9 z\u00e1sady a postupy v odvetv\u00ed s\u0165ahovania a skladovania. <\/p>\n<p>Certifik\u00e1cia ProMover sa l\u00ed\u0161i t\u00fdm, \u017ee poskytuje \u0161tandardizovan\u00fd, nez\u00e1visl\u00fd sp\u00f4sob, ako m\u00f4\u017eu z\u00e1kazn\u00edci rozli\u0161ova\u0165 medzi mo\u017enos\u0165ami a vybra\u0165 si kvalifikovan\u00fa spolo\u010dnos\u0165 pre medzin\u00e1rodn\u00e9 s\u0165ahovanie, nech u\u017e s\u00eddli kdeko\u013evek.<\/p>\n<p><strong>Krit\u00e9ri\u00e1 \u010dlenstva <\/strong><\/p>\n<ul>\n<li> Aspo\u0148 ro\u010dn\u00e1 prax v oblasti medzin\u00e1rodn\u00fdch slu\u017eieb s\u0165ahovania tovaru pre dom\u00e1cnos\u0165<\/li>\n<li> Bezchybn\u00e9 \u010dlenstvo v AMSA najmenej 18 mesiacov<\/li>\n<li> ma\u0165 prev\u00e1dzkov\u00e9 opr\u00e1vnenie potrebn\u00e9 na z\u00e1konn\u00fd v\u00fdkon \u010dinnosti, \u010di u\u017e v <a href=\"https:\/\/moverdb.com\/sk\/moving-to-the-united-states\/\" data-internallinksmanager029f6b8e52c=\"94\" title=\"S\u0165ahujete sa do Spojen\u00fdch \u0161t\u00e1tov? 2022 \u017divotn\u00e9 n\u00e1klady a tipy na pres\u0165ahovanie\">US<\/a> alebo inde.<\/li>\n<li> absolvova\u0165 p\u00edsomn\u00fa sk\u00fa\u0161ku (jednotlivec v mene spolo\u010dnosti)<\/li>\n<li> Sp\u013a\u0148a\u0165 normy RIM pre vybavenie, zariadenia a bezpe\u010dnostn\u00fa dokument\u00e1ciu - tieto sa overuj\u00fa ne\u010dakan\u00fdmi n\u00e1v\u0161tevami na mieste.<\/li>\n<li> Prihl\u00e1ste sa na Medzin\u00e1rodn\u00fd etick\u00fd k\u00f3dex ProMover<\/li>\n<li> Pri op\u00e4tovnej certifik\u00e1cii musia by\u0165 certifikovan\u00ed aspo\u0148 traja zamestnanci (zamestnanci kancel\u00e1rie, bali\u010di alebo \u010dlenovia pos\u00e1dky).<\/li>\n<li> Rating BBB \"C\" alebo lep\u0161\u00ed pre spolo\u010dnosti s ratingom BBB v krajin\u00e1ch, kde je rating BBB k dispoz\u00edcii<\/li>\n<li> Presk\u00famanie v\u0161etk\u00fdch s\u0165a\u017enost\u00ed zamestnancami AMSA<\/li>\n<li> Referencie od obchodn\u00fdch partnerov s\u00fa nevyhnutn\u00e9<\/li>\n<\/ul>\n<p><strong>10 najlep\u0161\u00edch \u010dlensk\u00fdch spolo\u010dnost\u00ed<\/strong> (pod\u013ea ve\u013ekosti)<\/p>\n<ol>\n<li> <a href=\"https:\/\/moverdb.com\/sk\/united-van-lines\/\">Spolo\u010dnos\u0165 United Van Lines<\/a><\/li>\n<li> <a href=\"https:\/\/moverdb.com\/sk\/atlas-van-lines-international\/\">Atlas Van Lines International<\/a><\/li>\n<li> <a href=\"https:\/\/moverdb.com\/sk\/mayflower-transit\/\">Mayflower Transit<\/a><\/li>\n<li> <a href=\"https:\/\/moverdb.com\/sk\/north-american-van-lines\/\">Spolo\u010dnos\u0165 North American Van Lines<\/a><\/li>\n<li> <a href=\"https:\/\/moverdb.com\/sk\/wheaton\/\">Wheaton World Wide Moving<\/a><\/li>\n<li> <a href=\"https:\/\/moverdb.com\/sk\/bekins-van-lines\/\">Spolo\u010dnos\u0165 Bekins Van Lines<\/a><\/li>\n<li> <a href=\"https:\/\/moverdb.com\/sk\/graebel-van-lines\/\">Spolo\u010dnos\u0165 Graebel Van Lines<\/a><\/li>\n<li> <a href=\"https:\/\/moverdb.com\/sk\/arpin-van-lines\/\">Spolo\u010dnos\u0165 Arpin Van Lines<\/a><\/li>\n<li> <a href=\"https:\/\/moverdb.com\/sk\/stevens-worldwide-van-lines\/\">Stevens Worldwide Van Lines<\/a><\/li>\n<li> <a href=\"https:\/\/moverdb.com\/sk\/suddath\/\">Suddath<\/a><\/li>\n<li> <a href=\"https:\/\/moverdb.com\/sk\/vip-transport\/\">VIP doprava<\/a><\/li>\n<li> <a href=\"https:\/\/moverdb.com\/sk\/royal-hawaiian-movers\/\">Kr\u00e1\u013eovsk\u00e9 havajsk\u00e9 s\u0165ahov\u00e1ky<\/a><\/li>\n<\/ol>\n<p><strong>N\u00e1zory na organiz\u00e1ciu<\/strong><\/p>\n<p>Viacer\u00e9 s\u0165ahovacie spolo\u010dnosti uv\u00e1dzaj\u00fa certifik\u00e1t RIM na svojich webov\u00fdch str\u00e1nkach a viacer\u00e9 poradensk\u00e9 str\u00e1nky ho ozna\u010duj\u00fa ako znak profesion\u00e1lnej s\u0165ahovacej organiz\u00e1cie. Ka\u017ed\u00e1 str\u00e1nka, ktor\u00e1 ho uv\u00e1dza, sa odvol\u00e1va na pr\u00edsne \u0161kolenia a overovanie, ktor\u00e9 s\u00fa potrebn\u00e9 na z\u00edskanie certifik\u00e1tu - a jeho udr\u017eanie. <\/p>\n<p>Finan\u010dn\u00e1 spo\u013eahlivos\u0165 a poves\u0165 poskytovate\u013ea vysokokvalitn\u00fdch slu\u017eieb s\u00fa dve z \u010fal\u0161\u00edch vlastnost\u00ed, ktor\u00e9 s certifik\u00e1tom RIM sp\u00e1jaj\u00fa s\u0165ahovacie spolo\u010dnosti, ktor\u00e9 ho uv\u00e1dzaj\u00fa na svojich webov\u00fdch str\u00e1nkach. V\u00e4\u010d\u0161ina z nich zd\u00f4raz\u0148uje, \u017ee certifik\u00e1cia si vy\u017eaduje neust\u00e1lu \u010dinnos\u0165 - priebe\u017en\u00e9 \u0161kolenia a vzdel\u00e1vanie, ako aj schopnos\u0165 absolvova\u0165 n\u00e1hodn\u00e9 n\u00e1v\u0161tevy na mieste. <\/p>\n<p>Spom\u00edna sa aj skuto\u010dnos\u0165, \u017ee sa vy\u017eaduje dodr\u017eiavanie pr\u00edsneho k\u00f3dexu postupov.<\/p>\n<p>Viacer\u00ed s\u0165ahov\u00e1ci uv\u00e1dzaj\u00fa aj kvalifik\u00e1ciu ProMover - t\u00e1 je d\u00f4le\u017eit\u00e1, preto\u017ee \"tento \u00faspech d\u00e1va na\u0161im z\u00e1kazn\u00edkom istotu, \u017ee maj\u00fa do \u010dinenia s legit\u00edmnym, profesion\u00e1lnym s\u0165ahov\u00e1kom, a nie s podvodn\u00edkom, ktor\u00fd ich chce obra\u0165 o peniaze. Z\u00edskanie titulu ProMover je v s\u00falade s dlhoro\u010dnou hist\u00f3riou na\u0161ej spolo\u010dnosti, ktor\u00e1 sa k z\u00e1kazn\u00edkom spr\u00e1va f\u00e9rovo a \u010destne.\" <\/p>\n<p>Zd\u00f4raz\u0148uje sa, \u017ee kvalifik\u00e1cia umo\u017e\u0148uje s\u0165ahovacej spolo\u010dnosti uv\u00e1dza\u0165 vo svojich reklamn\u00fdch a marketingov\u00fdch materi\u00e1loch, ako aj na svojej webovej str\u00e1nke logo s tu\u010dn\u00fdm ve\u013ek\u00fdm p\u00edsmenom \"M\", ktor\u00e9 je znakom spolo\u010dnosti ProMover.<\/p>\n<p>Ako ho vykres\u013euj\u00fa s\u0165ahovatelia:<\/p>\n<blockquote><p>Certifik\u00e1cia agent\u00fary potvrdzuje, \u017ee agent\u00fara m\u00e1 dostato\u010dn\u00e9 vybavenie, zariadenia a person\u00e1l s certifik\u00e1tom RIM\u00ae na splnenie minim\u00e1lnych noriem RIM\u00ae. \u010ealej sa vy\u017eaduje, aby ved\u00faci alebo riadiaci pracovn\u00edk zlo\u017eil sk\u00fa\u0161ku na z\u00e1klade pr\u00edru\u010dky RIM\u00ae a aby mal vedomosti potrebn\u00e9 na vykon\u00e1vanie medzin\u00e1rodn\u00fdch obchodov. Okrem toho mus\u00ed certifikovan\u00fd z\u00e1stupca RIM\u00ae do troch rokov od prvej certifik\u00e1cie zamestna\u0165 in\u0161pektora s certifik\u00e1tom RIM\u00ae, koordin\u00e1tora a najmenej troch certifikovan\u00fdch medzin\u00e1rodn\u00fdch bali\u010dov.<\/p><\/blockquote>\n<p> - <a href=\"http:\/\/www.castinemovers.com\/category\/RIM\/c70\" target=\"_blank\" rel=\"noopener\">Castine Movers<\/a><\/p>\n<blockquote><p>Certifik\u00e1cia registrovan\u00e9ho medzin\u00e1rodn\u00e9ho prepravcu (RIM) je dobrovo\u013en\u00e1. Na z\u00edskanie certifik\u00e1tu mus\u00ed s\u0165ahovacia spolo\u010dnos\u0165 absolvova\u0165 pr\u00edsne \u0161kolenia a testy. Certifik\u00e1cia zaru\u010duje, \u017ee jej dr\u017eite\u013e pozn\u00e1 v\u0161etky aspekty medzin\u00e1rodn\u00e9ho s\u0165ahovania.<\/p><\/blockquote>\n<p> - <a href=\"http:\/\/www.newworldvanlines.com\/international.html\" target=\"_blank\" rel=\"noopener\">Spolo\u010dnos\u0165 New World Van Lines<\/a><\/p>\n<blockquote><p>Ak si chce mana\u017ement a zamestnanci udr\u017ea\u0165 certifik\u00e1t, musia po\u010das troch rokov absolvova\u0165 minim\u00e1lne 15 hod\u00edn \u010fal\u0161ieho vzdel\u00e1vania a \u0161kolenia schv\u00e1len\u00e9ho RIM a zariadenia a vybavenie spolo\u010dnosti musia ka\u017ed\u00e9 tri roky prejs\u0165 op\u00e4tovnou in\u0161pekciou. K dne\u0161n\u00e9mu d\u0148u absolvovalo \u00favodn\u00fa f\u00e1zu programu RIM viac ako 142 spolo\u010dnost\u00ed zaoberaj\u00facich sa s\u0165ahovan\u00edm a skladovan\u00edm.<\/p><\/blockquote>\n<p> - <a href=\"http:\/\/www.movingscam.com\/articles\/planning-an-international-move\" target=\"_blank\" rel=\"noopener\">S\u0165ahovac\u00ed podvod<\/a><\/p>\n<blockquote><p>Na z\u00edskanie certifik\u00e1tu v r\u00e1mci programu RIM (Registered International Mover) mus\u00ed by\u0165 prepravca finan\u010dne spo\u013eahliv\u00fd, ma\u0165 poves\u0165 kvalitn\u00e9ho poskytovate\u013ea slu\u017eieb a mus\u00ed s\u00fahlasi\u0165 s pr\u00edsnym k\u00f3dexom postupov, ktor\u00fd m\u00e1 zabezpe\u010di\u0165 va\u0161u \u00fapln\u00fa spokojnos\u0165.<\/p><\/blockquote>\n<p> - <a href=\"http:\/\/taylorinternational.ca\/international-moving-relocation\" target=\"_blank\" rel=\"noopener\">Taylor International Movers<\/a><\/p>","protected":false},"excerpt":{"rendered":"<p>The International ProMover certification is part of the Registered International Mover (RIM) program created by the American Moving &#038; Storage Association (AMSA). It is aimed to assist customers using international household goods relocation services and is intended to facilitate easier choices, making it simpler to differentiate between the options and find the right mover. Key [&hellip;]<\/p>\n","protected":false},"author":1,"featured_media":0,"parent":0,"menu_order":0,"comment_status":"closed","ping_status":"closed","template":"","meta":{"_genesis_hide_title":false,"_genesis_hide_breadcrumbs":false,"_genesis_hide_singular_image":false,"_genesis_hide_footer_widgets":false,"_genesis_custom_body_class":"","_genesis_custom_post_class":"","_genesis_layout":"","footnotes":""},"class_list":{"0":"post-353","1":"page","2":"type-page","3":"status-publish","5":"entry"},"_links":{"self":[{"href":"https:\/\/moverdb.com\/sk\/wp-json\/wp\/v2\/pages\/353","targetHints":{"allow":["GET"]}}],"collection":[{"href":"https:\/\/moverdb.com\/sk\/wp-json\/wp\/v2\/pages"}],"about":[{"href":"https:\/\/moverdb.com\/sk\/wp-json\/wp\/v2\/types\/page"}],"author":[{"embeddable":true,"href":"https:\/\/moverdb.com\/sk\/wp-json\/wp\/v2\/users\/1"}],"replies":[{"embeddable":true,"href":"https:\/\/moverdb.com\/sk\/wp-json\/wp\/v2\/comments?post=353"}],"version-history":[{"count":22,"href":"https:\/\/moverdb.com\/sk\/wp-json\/wp\/v2\/pages\/353\/revisions"}],"predecessor-version":[{"id":6232,"href":"https:\/\/moverdb.com\/sk\/wp-json\/wp\/v2\/pages\/353\/revisions\/6232"}],"wp:attachment":[{"href":"https:\/\/moverdb.com\/sk\/wp-json\/wp\/v2\/media?parent=353"}],"curies":[{"name":"wp","href":"https:\/\/api.w.org\/{rel}","templated":true}]}}