{"id":349,"date":"2016-05-22T20:51:02","date_gmt":"2016-05-22T20:51:02","guid":{"rendered":"http:\/\/moverdb.com\/?page_id=349"},"modified":"2026-01-08T15:20:48","modified_gmt":"2026-01-08T15:20:48","slug":"team-relocations","status":"publish","type":"page","link":"https:\/\/moverdb.com\/sk\/team-relocations\/","title":{"rendered":"Team Relocations Medzin\u00e1rodn\u00e9 s\u0165ahovanie &amp; S\u0165ahovanie Recenzie"},"content":{"rendered":"<p>Team Relocations pon\u00faka nasleduj\u00face s\u0165ahovacie slu\u017eby pre jednotlivcov a firmy, ktor\u00e9 s\u0165ahuj\u00fa zamestnancov alebo cel\u00e9 kancel\u00e1rie do zahrani\u010dia. Pre\u010d\u00edtajte si profil spolo\u010dnosti Team Locations a jej recenzie ni\u017e\u0161ie.<\/p>\n<p><strong>Osobn\u00e9 a firemn\u00e9 s\u0165ahovanie<\/strong><\/p>\n<ul>\n<li> Poradensk\u00e9 slu\u017eby pon\u00fakaj\u00face individu\u00e1lne rie\u0161enia pre s\u0165ahovanie<\/li>\n<li> Strategick\u00e9 riadenie premiestnenia<\/li>\n<li> Pokro\u010dil\u00e1 technol\u00f3gia webZone<\/li>\n<li> Balenie a preprava<\/li>\n<li> Zriaden\u00e9 poistenie<\/li>\n<\/ul>\n<p><strong>Slu\u017eby v oblasti nehnute\u013enost\u00ed<\/strong><\/p>\n<ul>\n<li> Domov Vyh\u013ead\u00e1vanie<\/li>\n<li> Vyjedn\u00e1vania o pren\u00e1jme a obnovenie n\u00e1jomn\u00fdch zml\u00fav<\/li>\n<li> Kontrola\/v\u00fddaj z\u00e1sob<\/li>\n<li> Pren\u00e1jom n\u00e1bytku a spotrebi\u010dov<\/li>\n<li> Do\u010dasn\u00e9 ubytovanie<\/li>\n<li> Programy odchodu<\/li>\n<li> Spr\u00e1va predaja domov<\/li>\n<li> Spr\u00e1va nehnute\u013enost\u00ed <\/li>\n<li> Program garantovan\u00e9ho predaja domov<\/li>\n<\/ul>\n<p><strong>Usadenie sa<\/strong><\/p>\n<ul>\n<li> Orient\u00e1cia<\/li>\n<li> Inform\u00e1cie o destin\u00e1cii<\/li>\n<li> Kult\u00farne br\u00edfingy<\/li>\n<li> Jazykov\u00e1 pr\u00edprava<\/li>\n<li> Riadenie presunu<\/li>\n<li> Slu\u017eby \u00fadr\u017eb\u00e1ra\/pokojskej<\/li>\n<\/ul>\n<p><strong>Rodinn\u00e9 programy<\/strong><\/p>\n<ul>\n<li> V\u00fdskum a registr\u00e1cia v oblasti vzdel\u00e1vania<\/li>\n<li> Premiestnenie dom\u00e1ceho zviera\u0165a<\/li>\n<li> Podpora partnerov<\/li>\n<\/ul>\n<p><strong>Slu\u017eby skladovania<\/strong><\/p>\n<ul>\n<li> \u0160pecializovan\u00e9 skladovanie<\/li>\n<li> Arch\u00edv a skladovanie dokumentov<\/li>\n<li> Tradi\u010dn\u00e9 ukladanie<\/li>\n<\/ul>\n<p><strong>\u0160pecializovan\u00e9 slu\u017eby<\/strong><\/p>\n<ul>\n<li> Glob\u00e1lne s\u0165ahovanie pre s\u00fakromn\u00fdch odosielate\u013eov<\/li>\n<li> S\u0165ahovanie a premiest\u0148ovanie obchodn\u00fdch a kancel\u00e1rskych priestorov<\/li>\n<li> Pres\u00favanie nemocnice<\/li>\n<li> Dom\u00e1ce skladovanie<\/li>\n<li> Ukladanie dokumentov a arch\u00edvov<\/li>\n<\/ul>\n<p><strong>\u010eal\u0161ie slu\u017eby<\/strong><\/p>\n<ul>\n<li> Rebr\u00edkov\u00e9 v\u00fd\u0165ahy pre s\u0165a\u017een\u00fd pr\u00edstup<\/li>\n<li> Balenie umeleck\u00fdch diel a staro\u017eitnost\u00ed<\/li>\n<li> Slu\u017eby elektrik\u00e1rov vr\u00e1tane<\/li>\n<li> V\u00fdmena z\u00e1str\u010diek na prisp\u00f4sobenie miestnym z\u00e1suvk\u00e1m<\/li>\n<li> Prepojenie svietidiel a spotrebi\u010dov<\/li>\n<li> Poskytovanie transform\u00e1torov<\/li>\n<li> Handyman<\/li>\n<li> Slu\u017eba upratovania<\/li>\n<li> Ladenie klav\u00edra<\/li>\n<li> In\u0161tal\u00e1cia\/odstr\u00e1nenie satelitnej ant\u00e9ny<\/li>\n<li> Upratovacie t\u00edmy<\/li>\n<li> Zber z kancel\u00e1rie<\/li>\n<li> Charitat\u00edvne boxy<\/li>\n<li> <a href=\"https:\/\/moverdb.com\/sk\/automobilova-doprava-a-preprava\/\">Preprava vozidiel<\/a> a skladovanie<\/li>\n<\/ul>\n<h2>Profil spolo\u010dnosti Team Relocation<\/h2>\n<p>Spolo\u010dnos\u0165 Team Relocation bola zalo\u017een\u00e1 v roku 1977 a v s\u00fa\u010dasnosti je jednou z najv\u00e4\u010d\u0161\u00edch spolo\u010dnost\u00ed v oblasti premiest\u0148ovania a <a href=\"https:\/\/moverdb.com\/sk\/international-removals\/\" data-internallinksmanager029f6b8e52c=\"27\" title=\"36 najlep\u0161\u00edch medzin\u00e1rodn\u00fdch s\u0165ahovac\u00edch spolo\u010dnost\u00ed v Spojenom kr\u00e1\u013eovstve\">s\u0165ahovacie spolo\u010dnosti<\/a> na svete. Team Location m\u00e1 pobo\u010dky v 13 krajin\u00e1ch a mnoho v\u00fdznamn\u00fdch jednotlivcov, nadn\u00e1rodn\u00fdch spolo\u010dnost\u00ed a vl\u00e1dnych agent\u00far vyu\u017e\u00edva slu\u017eby tejto spolo\u010dnosti pri premiest\u0148ovan\u00ed zamestnancov a firiem do zahrani\u010dia a na region\u00e1lnej \u00farovni. <\/p>\n<p>Team Relocation bude spolupracova\u0165 len s partnermi, ktor\u00ed vyzn\u00e1vaj\u00fa rovnak\u00e9 z\u00e1kladn\u00e9 hodnoty ako oni; medzi ne patr\u00ed dokonalos\u0165, integrita, zodpovednos\u0165 a bezpe\u010dnos\u0165. Spolo\u010dnos\u0165 sa zameriava na s\u0165ahovanie, s\u0165ahovanie a \u0161pecializovan\u00e9 slu\u017eby. <\/p>\n<p>Spolo\u010dnos\u0165 tie\u017e v\u00fdrazne podporuje medzin\u00e1rodn\u00e9 \u013eudsk\u00e9 pr\u00e1va a podporuje mnoh\u00e9 charitat\u00edvne organiz\u00e1cie po celom svete.<\/p>\n<p>Akredit\u00e1cie a afili\u00e1cie t\u00edmu s\u00fa uveden\u00e9 ni\u017e\u0161ie:<\/p>\n<ul>\n<li> <a href=\"https:\/\/moverdb.com\/sk\/britska-asociacia-vyrobcov\/\">Britsk\u00e1 asoci\u00e1cia s\u0165ahova\u010dov (BAR)<\/a><\/li>\n<li> DBA<\/li>\n<li> Str\u00e1nka <a href=\"https:\/\/moverdb.com\/sk\/mtc\/\">Movers Trading Club<\/a> (<a href=\"https:\/\/moverdb.com\/sk\/mtc\/\" data-internallinksmanager029f6b8e52c=\"30\" title=\"Vysvetlenie Movers Trading Club (MTC)\">MTC<\/a>)<\/li>\n<li> <a href=\"https:\/\/moverdb.com\/sk\/fidi-faim\/\">FAIM<\/a><\/li>\n<li> <a href=\"https:\/\/moverdb.com\/sk\/fidi-faim\/\">FIDI<\/a><\/li>\n<li> Svetov\u00e1 asoci\u00e1cia mobility <\/li>\n<li> <a href=\"https:\/\/moverdb.com\/sk\/som\/\">Medzin\u00e1rodn\u00e1 asoci\u00e1cia s\u0165ahovate\u013eov (IAM)<\/a><\/li>\n<li> OMNI<\/li>\n<\/ul>\n<h2>Recenzie o premiestnen\u00ed t\u00edmu<\/h2>\n<p><em>V tomto \u010dase sme nena\u0161li \u017eiadne recenzie pre Team Relocations zverejnen\u00e9 kdeko\u013evek inde na internete.<\/em><\/p>\n<div itemprop=\"review\" itemscope itemtype=\"http:\/\/schema.org\/Review\">\n<span itemprop=\"author\" itemscope=\"\" itemtype=\"http:\/\/schema.org\/Organization\"><span itemprop=\"name\">MoverDB.com<\/span><\/span> Online preh\u013ead webov\u00fdch str\u00e1nok pre <span itemprop=\"itemreviewed\" itemscope=\"\" itemtype=\"http:\/\/schema.org\/Brand\"><span itemprop=\"name\">Premiestnenie t\u00edmu<\/span><\/span>:<\/p>\n<ol>\n<li> Jasn\u00e9 kontaktn\u00e9 \u00fadaje na webovej str\u00e1nke (vr\u00e1tane telef\u00f3nneho \u010d\u00edsla): <strong>\u00c1no<\/strong><\/li>\n<li> Jednoduch\u00e9 z\u00edskanie <a href=\"https:\/\/moverdb.com\/sk\/citaty\/\">cit\u00e1cie medzin\u00e1rodn\u00fdch s\u0165ahovan\u00ed<\/a>? (Online formul\u00e1r \u017eiadosti o odhad): <strong>\u00c1no<\/strong><\/li>\n<li> Jasn\u00e9 inform\u00e1cie na webovej str\u00e1nke: <strong>\u00c1no<\/strong>. Informat\u00edvna webov\u00e1 str\u00e1nka, ale podrobn\u00e9 inform\u00e1cie si treba vy\u017eiada\u0165 priamo od spolo\u010dnosti.<\/li>\n<li> \u010dlenstvo v medzin\u00e1rodn\u00fdch uzn\u00e1van\u00fdch organiz\u00e1ci\u00e1ch pohybliv\u00fdch zvierat: <strong>\u00c1no<\/strong>, pozri vy\u0161\u0161ie.<\/li>\n<li> Zoznam klientov a\/alebo referencie predch\u00e1dzaj\u00facich z\u00e1kazn\u00edkov: <strong>Nie.<\/strong><\/li>\n<\/ol>\n<div itemprop=\"reviewRating\" itemscope itemtype=\"http:\/\/schema.org\/Rating\"><meta itemprop=\"worstRating\" content = \"0\" \/><meta itemprop=\"bestRating\" content=\"5\" \/><meta itemprop=\"ratingValue\" content=\"4\"><\/div>\n<p><strong>Celkov\u00e9 hodnotenie: 4\/5<\/strong><br \/>\n<strong>D\u00e1tum recenzie:<\/strong> <span itemprop=\"datePublished\" content=\"2016-05-22\">22\/05\/2016<\/span><\/p>\n<\/div>\n<p>Viac o <a href=\"https:\/\/moverdb.com\/sk\/stahovacie-spolocnosti\/\">medzin\u00e1rodn\u00e9 s\u0165ahovacie spolo\u010dnosti<\/a> a na\u0161e <a href=\"https:\/\/moverdb.com\/sk\/recenzie\/\">vysvetlen\u00fd proces presk\u00famania<\/a>.<\/p>\n<p><strong>Webov\u00e1 lokalita:<\/strong> <a href=\"http:\/\/www.teamrelocations.com\/\" target=\"_blank\" rel=\"noopener\">http:\/\/www.teamrelocations.com<\/a><\/p>","protected":false},"excerpt":{"rendered":"<p>Team Relocations offers the following moving services for individuals and corporates moving personnel or whole offices abroad. Read Team Locations&#8217; company profile and reviews below. Personal and Corporate Moves Consultancy service offering individual solutions to moving Strategic relocation management Advanced webZone technology Packing and shipping Insurance arranged Property Services Home Search Tenancy Negotiations &#038; Renewals [&hellip;]<\/p>\n","protected":false},"author":1,"featured_media":0,"parent":0,"menu_order":0,"comment_status":"closed","ping_status":"closed","template":"","meta":{"_genesis_hide_title":false,"_genesis_hide_breadcrumbs":false,"_genesis_hide_singular_image":false,"_genesis_hide_footer_widgets":false,"_genesis_custom_body_class":"","_genesis_custom_post_class":"","_genesis_layout":"","footnotes":""},"class_list":{"0":"post-349","1":"page","2":"type-page","3":"status-publish","5":"entry"},"_links":{"self":[{"href":"https:\/\/moverdb.com\/sk\/wp-json\/wp\/v2\/pages\/349","targetHints":{"allow":["GET"]}}],"collection":[{"href":"https:\/\/moverdb.com\/sk\/wp-json\/wp\/v2\/pages"}],"about":[{"href":"https:\/\/moverdb.com\/sk\/wp-json\/wp\/v2\/types\/page"}],"author":[{"embeddable":true,"href":"https:\/\/moverdb.com\/sk\/wp-json\/wp\/v2\/users\/1"}],"replies":[{"embeddable":true,"href":"https:\/\/moverdb.com\/sk\/wp-json\/wp\/v2\/comments?post=349"}],"version-history":[{"count":12,"href":"https:\/\/moverdb.com\/sk\/wp-json\/wp\/v2\/pages\/349\/revisions"}],"predecessor-version":[{"id":6243,"href":"https:\/\/moverdb.com\/sk\/wp-json\/wp\/v2\/pages\/349\/revisions\/6243"}],"wp:attachment":[{"href":"https:\/\/moverdb.com\/sk\/wp-json\/wp\/v2\/media?parent=349"}],"curies":[{"name":"wp","href":"https:\/\/api.w.org\/{rel}","templated":true}]}}