{"id":348,"date":"2016-05-22T19:54:24","date_gmt":"2016-05-22T19:54:24","guid":{"rendered":"http:\/\/moverdb.com\/?page_id=348"},"modified":"2026-01-08T15:20:45","modified_gmt":"2026-01-08T15:20:45","slug":"sterling-relocation","status":"publish","type":"page","link":"https:\/\/moverdb.com\/sk\/sterling-relocation\/","title":{"rendered":"Sterling Relocation Medzin\u00e1rodn\u00e9 s\u0165ahovanie a s\u0165ahovanie Recenzie"},"content":{"rendered":"<p>Spolo\u010dnos\u0165 Sterling pon\u00faka medzin\u00e1rodn\u00fdm zamestn\u00e1vate\u013eom jednoduch\u00fd sp\u00f4sob presunu ich zamestnancov do cel\u00e9ho sveta. Ich slu\u017eby s\u00fa uveden\u00e9 ni\u017e\u0161ie spolu s recenziami z\u00e1kazn\u00edkov a profilom spolo\u010dnosti.<\/p>\n<p><strong>Slu\u017eby premiestnenia<\/strong><\/p>\n<ul>\n<li> Spr\u00e1va priradenia<\/li>\n<li> \u0160kolenie o r\u00f4znych kult\u00farach<\/li>\n<li> Slu\u017eby pri odchode<\/li>\n<li> Pomoc pri vzdel\u00e1van\u00ed<\/li>\n<li> Spr\u00e1va v\u00fddavkov<\/li>\n<li> Pren\u00e1jom n\u00e1bytku<\/li>\n<li> Zaru\u010den\u00fd predaj domov<\/li>\n<li> Slu\u017eba vyh\u013ead\u00e1vania domov<\/li>\n<li> Imigr\u00e1cia, v\u00edza a pracovn\u00e9 povolenia<\/li>\n<li> Jazykov\u00e1 pr\u00edprava<\/li>\n<li> Riadenie presunu<\/li>\n<li> S\u0165ahovacie slu\u017eby<\/li>\n<li> Orient\u00e1cia<\/li>\n<li> Partnersk\u00e1 pomoc<\/li>\n<li> Politick\u00e9 konzult\u00e1cie<\/li>\n<li> Spr\u00e1va nehnute\u013enost\u00ed<\/li>\n<li> Zara\u010fovacie slu\u017eby<\/li>\n<li> Kr\u00e1tkodob\u00e9 ubytovanie<\/li>\n<li> \u00dalo\u017eisko<\/li>\n<li> Spr\u00e1va n\u00e1jomn\u00fdch zml\u00fav<\/li>\n<li> Tranzitn\u00fd kryt<\/li>\n<\/ul>\n<h2>Sterling Relocation Profil spolo\u010dnosti<\/h2>\n<p>Spolo\u010dnos\u0165 Sterling Relocation bola zalo\u017een\u00e1 v roku 1991 s cie\u013eom sta\u0165 sa \u0161pi\u010dkov\u00fdm poskytovate\u013eom glob\u00e1lnych reloka\u010dn\u00fdch slu\u017eieb pre firemn\u00fd svet. Je vo vlastn\u00edctve spolo\u010dnosti UniGroup, ktor\u00e1 sa zaober\u00e1 premiest\u0148ovan\u00edm \u013eud\u00ed u\u017e viac ako 80 rokov a ktorej hodnota je $1,7 miliardy EUR. <\/p>\n<p>Sie\u0165 UniGroup Relocation Network p\u00f4sob\u00ed vo viac ako 180 krajin\u00e1ch prostredn\u00edctvom 1200 servisn\u00fdch centier.<\/p>\n<p>Mnoh\u00ed zamestnanci spolo\u010dnosti Sterling Relocation \u017eili v zahrani\u010d\u00ed, a preto rozumej\u00fa probl\u00e9mom, ktor\u00fdm \u010delia zamestnanci a ich rodiny pri s\u0165ahovan\u00ed do zahrani\u010dia. Ka\u017ed\u00fd z\u00e1kazn\u00edk m\u00e1 na starosti priamo jedn\u00e9ho zamestnanca, ktor\u00fd zabezpe\u010duje hladk\u00fd priebeh v\u0161etk\u00fdch aspektov s\u0165ahovania. <\/p>\n<p>V roku 2015 bolo 99,63% klientov spolo\u010dnosti Sterling Relocation spokojn\u00fdch so svoj\u00edm s\u0165ahovan\u00edm.<\/p>\n<p>Spolo\u010dnos\u0165 Sterling Relocation uv\u00e1dza, \u017ee medzi jej hodnoty, poslanie a v\u00edziu patr\u00ed v\u00e1\u0161e\u0148 pre svoje odvetvie, \u010destnos\u0165 na v\u0161etk\u00fdch frontoch, starostlivos\u0165 o klientov a zamestnancov a poskytovanie najlep\u0161\u00edch mo\u017en\u00fdch slu\u017eieb.<\/p>\n<p>Zoznam akredit\u00e1ci\u00ed a afili\u00e1ci\u00ed spolo\u010dnosti Sterling Relocation:<\/p>\n<ul>\n<li> <a href=\"https:\/\/moverdb.com\/sk\/fidi-faim\/\">Feder\u00e1cia medzin\u00e1rodn\u00fdch s\u0165ahovate\u013eov<\/a> (<a href=\"https:\/\/moverdb.com\/sk\/fidi-faim\/\" data-internallinksmanager029f6b8e52c=\"16\" title=\"Vysvetlenie FIDI a FAIM (FIDI akreditovan\u00fd medzin\u00e1rodn\u00fd prepravca)\">FIDI<\/a>)<\/li>\n<li> <a href=\"https:\/\/moverdb.com\/sk\/zdruzenie-relocation-professionals\/\">Asoci\u00e1cia odborn\u00edkov na premiest\u0148ovanie<\/a> (<a href=\"https:\/\/moverdb.com\/sk\/association-relocation-professionals\/\" data-internallinksmanager029f6b8e52c=\"6\" title=\"Vysvetlenie Asoci\u00e1cie profesion\u00e1lov v oblasti relok\u00e1cie (ARP)\">ARP<\/a>)<\/li>\n<li> <a href=\"https:\/\/moverdb.com\/sk\/rada-pre-premiestnovanie-zamestnancov\/\">Rada pre pres\u00edd\u013eovanie zamestnancov - celosvetov\u00e1 rada ERC<\/a><\/li>\n<li> <a href=\"https:\/\/moverdb.com\/sk\/eura\/\">Eur\u00f3pska asoci\u00e1cia pre relok\u00e1ciu<\/a> (<a href=\"https:\/\/moverdb.com\/sk\/eura\/\" data-internallinksmanager029f6b8e52c=\"13\" title=\"Vysvetlenie Eur\u00f3pskej asoci\u00e1cie pre relok\u00e1ciu (EuRA)\">EuRA<\/a>)<\/li>\n<li> Overseas Moving Network International (OMNI)<\/li>\n<li> <a href=\"https:\/\/moverdb.com\/sk\/som\/\">Medzin\u00e1rodn\u00e1 asoci\u00e1cia s\u0165ahovate\u013eov (IAM)<\/a><\/li>\n<li> <a href=\"https:\/\/moverdb.com\/sk\/lacma\/\">Asoci\u00e1cia s\u0165ahovate\u013eov Latinskej Ameriky a Karibiku<\/a> (<a href=\"https:\/\/moverdb.com\/sk\/lacma\/\" data-internallinksmanager029f6b8e52c=\"28\" title=\"Zdru\u017eenie medzin\u00e1rodn\u00fdch prepravcov z Latinskej Ameriky a Karibiku (LACMA)\">LACMA<\/a>)<\/li>\n<li> <a href=\"https:\/\/moverdb.com\/sk\/britska-asociacia-vyrobcov\/\">Britsk\u00e1 asoci\u00e1cia s\u0165ahova\u010dov (BAR)<\/a><\/li>\n<\/ul>\n<h2>Sterling Relocation Recenzie<\/h2>\n<p><strong>Pozit\u00edvne<\/strong><\/p>\n<p><em>\"Sterlin ma doj\u00edmal od <a href=\"https:\/\/moverdb.com\/sk\/moving-to-london\/\">Lond\u00fdn<\/a> na <a href=\"https:\/\/moverdb.com\/sk\/moving-to-switzerland\/\" data-internallinksmanager029f6b8e52c=\"327\" title=\"S\u0165ahovanie do \u0160vaj\u010diarska? 2026 N\u00e1klady na b\u00fdvanie a tipy na pres\u0165ahovanie\">\u0160vaj\u010diarsko<\/a> pri s\u0165ahovan\u00ed spolo\u010dnosti pred nieko\u013ek\u00fdmi rokmi. Ke\u010f\u017ee som potom pre\u017eil nieko\u013eko s\u0165ahovan\u00ed, m\u00f4\u017eem ich teraz pos\u00fadi\u0165. A mus\u00edm poveda\u0165, \u017ee zorganizovali jednoducho najlep\u0161ie s\u0165ahovanie, ak\u00e9 som za\u017eil.\"<\/em> - recenzia <a href=\"http:\/\/www.yelp.co.uk\/biz\/sterling-corporate-relocation-london\" target=\"_blank\" rel=\"noopener\">cez Yelp<\/a><\/p>\n<p><strong>Negat\u00edvne<\/strong><\/p>\n<p><em>Nena\u0161li sme \u017eiadne negat\u00edvne recenzie pre Sterling Relocation online<\/em><\/p>\n<div itemprop=\"review\" itemscope itemtype=\"http:\/\/schema.org\/Review\">\n<span itemprop=\"author\" itemscope=\"\" itemtype=\"http:\/\/schema.org\/Organization\"><span itemprop=\"name\">MoverDB.com<\/span><\/span> Online preh\u013ead webov\u00fdch str\u00e1nok pre <span itemprop=\"itemreviewed\" itemscope=\"\" itemtype=\"http:\/\/schema.org\/Brand\"><span itemprop=\"name\">Premiestnenie spolo\u010dnosti Sterling<\/span><\/span>:<\/p>\n<ol>\n<li> Jasn\u00e9 kontaktn\u00e9 \u00fadaje na webovej str\u00e1nke (vr\u00e1tane telef\u00f3nneho \u010d\u00edsla): <strong>\u00c1no<\/strong><\/li>\n<li> Jednoduch\u00e9 z\u00edskanie <a href=\"https:\/\/moverdb.com\/sk\/citaty\/\">cit\u00e1cie medzin\u00e1rodn\u00fdch s\u0165ahovan\u00ed<\/a>? (Online formul\u00e1r \u017eiadosti o odhad): <strong>\u00c1no<\/strong><\/li>\n<li> Jasn\u00e9 inform\u00e1cie na webovej str\u00e1nke: <strong>\u00c1no<\/strong> Webov\u00e1 str\u00e1nka spolo\u010dnosti Sterling Relocation obsahuje komplexn\u00e9 inform\u00e1cie o v\u0161etk\u00fdch aspektoch jej \u010dinnosti. Obsahuje aj u\u017eito\u010dn\u00fa sekciu \"Novinky\", v ktorej n\u00e1jdete aktu\u00e1lne inform\u00e1cie o v\u00edzovej povinnosti a \u017eivote v r\u00f4znych krajin\u00e1ch sveta.<\/li>\n<li> \u010dlenstvo v medzin\u00e1rodn\u00fdch uzn\u00e1van\u00fdch organiz\u00e1ci\u00e1ch pohybliv\u00fdch zvierat: <strong>\u00c1no<\/strong>, pozri vy\u0161\u0161ie.<\/li>\n<li> Zoznam klientov a\/alebo referencie predch\u00e1dzaj\u00facich z\u00e1kazn\u00edkov: <strong>\u010ciasto\u010dn\u00e9<\/strong> Hoci neexistuje \u017eiadny zoznam klientov, na str\u00e1nke s\u00fa rozmiestnen\u00e9 r\u00f4zne posudky z\u00e1kazn\u00edkov.<\/li>\n<\/ol>\n<div itemprop=\"reviewRating\" itemscope itemtype=\"http:\/\/schema.org\/Rating\"><meta itemprop=\"worstRating\" content = \"0\" \/><meta itemprop=\"bestRating\" content=\"5\" \/><meta itemprop=\"ratingValue\" content=\"4.5\"><\/div>\n<p><strong>Celkov\u00e9 hodnotenie: 4,5\/5<\/strong><br \/>\n<strong>D\u00e1tum recenzie:<\/strong> <span itemprop=\"datePublished\" content=\"2016-05-22\">22\/05\/2016<\/span>\n<\/div>\n<p>Viac o <a href=\"https:\/\/moverdb.com\/sk\/medzinarodne-stahovanie\/\">S\u0165ahovacie spolo\u010dnosti v Spojenom kr\u00e1\u013eovstve<\/a> a na\u0161e <a href=\"https:\/\/moverdb.com\/sk\/recenzie\/\">vysvetlen\u00fd proces presk\u00famania<\/a>.<\/p>\n<p><strong>Webov\u00e1 lokalita:<\/strong> <a href=\"http:\/\/www.sterling.com\/\" target=\"_blank\" rel=\"noopener\">http:\/\/www.sterling.com\/<\/a><\/p>","protected":false},"excerpt":{"rendered":"<p>Sterling offers international employers an easy way to relocate their staff worldwide. Their services are listed below, together with customer reviews and a company profile. Relocation Services Assignment Management Cross Culture Training Departure Services Education Assistance Expense Management Furniture Rental Guaranteed Home Sale Home Finding Service Immigration, Visa and Work Permits Language Training Move Management [&hellip;]<\/p>\n","protected":false},"author":1,"featured_media":0,"parent":0,"menu_order":0,"comment_status":"closed","ping_status":"closed","template":"","meta":{"_genesis_hide_title":false,"_genesis_hide_breadcrumbs":false,"_genesis_hide_singular_image":false,"_genesis_hide_footer_widgets":false,"_genesis_custom_body_class":"","_genesis_custom_post_class":"","_genesis_layout":"","footnotes":""},"class_list":{"0":"post-348","1":"page","2":"type-page","3":"status-publish","5":"entry"},"_links":{"self":[{"href":"https:\/\/moverdb.com\/sk\/wp-json\/wp\/v2\/pages\/348","targetHints":{"allow":["GET"]}}],"collection":[{"href":"https:\/\/moverdb.com\/sk\/wp-json\/wp\/v2\/pages"}],"about":[{"href":"https:\/\/moverdb.com\/sk\/wp-json\/wp\/v2\/types\/page"}],"author":[{"embeddable":true,"href":"https:\/\/moverdb.com\/sk\/wp-json\/wp\/v2\/users\/1"}],"replies":[{"embeddable":true,"href":"https:\/\/moverdb.com\/sk\/wp-json\/wp\/v2\/comments?post=348"}],"version-history":[{"count":15,"href":"https:\/\/moverdb.com\/sk\/wp-json\/wp\/v2\/pages\/348\/revisions"}],"predecessor-version":[{"id":6240,"href":"https:\/\/moverdb.com\/sk\/wp-json\/wp\/v2\/pages\/348\/revisions\/6240"}],"wp:attachment":[{"href":"https:\/\/moverdb.com\/sk\/wp-json\/wp\/v2\/media?parent=348"}],"curies":[{"name":"wp","href":"https:\/\/api.w.org\/{rel}","templated":true}]}}