{"id":320,"date":"2016-05-17T21:20:57","date_gmt":"2016-05-17T21:20:57","guid":{"rendered":"http:\/\/moverdb.com\/?page_id=320"},"modified":"2026-01-08T14:40:08","modified_gmt":"2026-01-08T14:40:08","slug":"matthew-james","status":"publish","type":"page","link":"https:\/\/moverdb.com\/sk\/matthew-james\/","title":{"rendered":"Matthew James Global Relocations"},"content":{"rendered":"<p>Matthew James Global Relocations je s\u00fakromn\u00e1 spolo\u010dnos\u0165, ktor\u00e1 pon\u00faka mno\u017estvo slu\u017eieb pre jednotlivcov a spolo\u010dnosti, ktor\u00e9 sa s\u0165ahuj\u00fa do zahrani\u010dia a na miestnej \u00farovni. Jej slu\u017eby s\u00fa uveden\u00e9 ni\u017e\u0161ie spolu s profilom spolo\u010dnosti a recenziami.<\/p>\n<p><strong>Medzin\u00e1rodn\u00e9 premiest\u0148ovanie<\/strong><\/p>\n<ul>\n<li> Kompletn\u00fd servis od dver\u00ed k dver\u00e1m<\/li>\n<li> V\u00fdvozn\u00e9 balenie a baliace slu\u017eby<\/li>\n<li> Slu\u017eby vyba\u013eovania a op\u00e4tovnej mont\u00e1\u017ee<\/li>\n<li> <a href=\"https:\/\/moverdb.com\/sk\/container-shipping\/\" data-internallinksmanager029f6b8e52c=\"3\" title=\"Graf sadzieb medzin\u00e1rodnej kontajnerovej prepravy: Marec 2026\">Medzin\u00e1rodn\u00e1 preprava<\/a> invent\u00e1r<\/li>\n<li> Vyhraden\u00e9 a skupinov\u00e9 z\u00e1sielky<\/li>\n<li> Pomoc pri colnom konan\u00ed<\/li>\n<li> Balenie na mieru pre krehk\u00e9 a ch\u00falostiv\u00e9 predmety<\/li>\n<li> Medzin\u00e1rodn\u00e9 hlbokomorsk\u00e9 poistenie<\/li>\n<li> V\u0161eobecn\u00e9 poistenie<\/li>\n<\/ul>\n<p><strong>Eur\u00f3pske pres\u0165ahovania<\/strong><\/p>\n<ul>\n<li> Kompletn\u00fd servis od dver\u00ed k dver\u00e1m<\/li>\n<li> Balenie, balenie a vyba\u013eovanie<\/li>\n<li> <a href=\"https:\/\/moverdb.com\/sk\/automobilova-doprava-a-preprava\/\">Vozidlo<\/a>, preprava lo\u010fou a na bicykli<\/li>\n<li> Zriaden\u00e9 poistenie<\/li>\n<\/ul>\n<p><strong>S\u0165ahovanie v dom\u00e1cnostiach<\/strong><\/p>\n<ul>\n<li> Kompletn\u00fd servis od dver\u00ed k dver\u00e1m<\/li>\n<li> Balenie, balenie a vyba\u013eovanie<\/li>\n<li> Automatick\u00e9 poistenie a\u017e do v\u00fd\u0161ky 50 000 GBP<\/li>\n<\/ul>\n<p><strong>Skladovanie v Lond\u00fdne a <a href=\"https:\/\/moverdb.com\/sk\/moving-to-spain\/\" data-internallinksmanager029f6b8e52c=\"266\" title=\"S\u0165ahovanie do \u0160panielska? 2026 N\u00e1klady na b\u00fdvanie a tipy na pres\u0165ahovanie\">\u0160panielsko<\/a><\/strong><\/p>\n<ul>\n<li> Skladovanie v kontajneroch<\/li>\n<li> Vlastn\u00e9 skladovanie<\/li>\n<li> Arch\u00edvne \u00falo\u017eisko<\/li>\n<\/ul>\n<h2>Matthew James Profil spolo\u010dnosti<\/h2>\n<p>Spolo\u010dnos\u0165 Matthew James Global Relocations u\u017e tri gener\u00e1cie prepravuje \u013eud\u00ed po celom svete. Prostredn\u00edctvom spo\u013eahliv\u00fdch glob\u00e1lnych partnerstiev pokr\u00fdva viac ako 25 000 destin\u00e1ci\u00ed vo viac ako 300 krajin\u00e1ch. Spolo\u010dnos\u0165 sa \u0161pecializuje na s\u0165ahovanie do \u0160panielska a v krajine m\u00e1 tri pobo\u010dky.<\/p>\n<p>Dne\u0161n\u00fd gener\u00e1lny riadite\u013e Matthew De-Machen m\u00e1 od detstva v\u00e1\u0161e\u0148 pre n\u00e1kladn\u00e9 vozidl\u00e1, ktor\u00e1 sa v spolo\u010dnosti prejavila. <\/p>\n<p>Spolo\u010dnos\u0165 sa presl\u00e1vila svojimi vysokokvalitn\u00fdmi vozidlami na mieru a k dispoz\u00edcii s\u00fa dokonca aj modely vozidiel, ktor\u00e9 si m\u00f4\u017eete k\u00fapi\u0165. V\u00e1\u0161e\u0148 Matthewa De-Machena pre dokonalos\u0165 n\u00e1kladn\u00fdch vozidiel sa preniesla aj do spolo\u010dnosti Matthew James, ktor\u00e1 tvrd\u00ed, \u017ee len dokonalos\u0165 je to, \u010do rob\u00ed.<\/p>\n<p>Pr\u00edslu\u0161nos\u0165 a akredit\u00e1cie spolo\u010dnosti Matthew James Relocation Services:<\/p>\n<ul>\n<li> <a href=\"https:\/\/moverdb.com\/sk\/britska-asociacia-vyrobcov\/\">Britsk\u00e1 asoci\u00e1cia s\u0165ahova\u010dov (BAR)<\/a><\/li>\n<li> <a href=\"https:\/\/moverdb.com\/sk\/som\/\">Medzin\u00e1rodn\u00e1 asoci\u00e1cia s\u0165ahovate\u013eov (IAM)<\/a><\/li>\n<li> <a href=\"https:\/\/moverdb.com\/sk\/bar-overseas\/\">Britsk\u00e1 asoci\u00e1cia s\u0165ahovate\u013eov - medzin\u00e1rodn\u00fd partner<\/a><\/li>\n<li> QAS International<\/li>\n<li> <a href=\"https:\/\/moverdb.com\/sk\/fedemac\/\">Fedemac European Movers<\/a><\/li>\n<li> Syst\u00e9m uzn\u00e1vania prev\u00e1dzkovate\u013eov vozov\u00e9ho parku (FORS) - zlat\u00fd<\/li>\n<li> \u0160tandardn\u00e9 slu\u017eby so zaru\u010denou kvalitou - s\u0165ahovanie n\u00e1bytku a s\u0165ahovacie slu\u017eby v zahrani\u010d\u00ed<\/li>\n<li> In\u0161tit\u00fat obchodn\u00fdch noriem (TSI)<\/li>\n<\/ul>\n<h2>Matthew James Premiestnenie Recenzie<\/h2>\n<p><strong>Pozit\u00edvne<\/strong><\/p>\n<ul>\n<li> <em>\"Ve\u013emi zdvoril\u00fd na oboch koncoch pohybu. Zd\u00e1 sa, \u017ee v\u0161etky na\u0161e veci pre\u017eili cestu\"<\/em> - prostredn\u00edctvom <a href=\"http:\/\/www.referenceline.com\/removers_removals-in-dartford-matthewjamesremovalsstorageltd-14758\" target=\"_blank\" rel=\"noopener\">Referen\u010dn\u00e1 linka<\/a>.<\/li>\n<li> <em>\"profesion\u00e1lne, zdvoril\u00e9, efekt\u00edvne, vesel\u00e9\"<\/em> - prostredn\u00edctvom <a href=\"https:\/\/www.trustedmover.org\/questionnaire\/7167\" target=\"_blank\" rel=\"noopener\">D\u00f4veryhodn\u00fd prepravca<\/a><\/li>\n<li> <em>\"M\u00f4\u017eem len chv\u00e1li\u0165 skvel\u00fd sp\u00f4sob, ak\u00fdm zamestnanci spolo\u010dnosti Mathew James zvl\u00e1dli moje s\u0165ahovanie, od \u00favodnej konzult\u00e1cie, cenovej ponuky a balenia a\u017e po doru\u010denie.\"<\/em> - prostredn\u00edctvom <a href=\"http:\/\/www.reviews.co.uk\/company-reviews\/store\/matthew-james-removals\" target=\"_blank\" rel=\"noopener\">Recenzie.co.uk<\/a><\/li>\n<\/ul>\n<p><strong>Negat\u00edvne<\/strong><\/p>\n<ul>\n<li> <em>\"\u00dapln\u00e1 ignor\u00e1cia z\u00e1kazn\u00edkov a absol\u00fatny nedostatok starostlivosti.\"<\/em> - prostredn\u00edctvom <a href=\"https:\/\/www.yell.com\/biz\/matthew-james-removals-and-storage-dartford-8459632\/\" target=\"_blank\" rel=\"noopener\">Krik<\/a><\/li>\n<\/ul>\n<div itemprop=\"review\" itemscope itemtype=\"http:\/\/schema.org\/Review\">\n<span itemprop=\"author\" itemscope=\"\" itemtype=\"http:\/\/schema.org\/Organization\"><span itemprop=\"name\">MoverDB.com<\/span><\/span> Online preh\u013ead webov\u00fdch str\u00e1nok pre <span itemprop=\"itemreviewed\" itemscope=\"\" itemtype=\"http:\/\/schema.org\/Brand\"><span itemprop=\"name\">Matthew James S\u0165ahovanie<\/span><\/span>:<\/p>\n<ol>\n<li> Jasn\u00e9 kontaktn\u00e9 \u00fadaje na webovej str\u00e1nke (vr\u00e1tane telef\u00f3nneho \u010d\u00edsla): <strong>\u00c1no<\/strong><\/li>\n<li> Jednoduch\u00e9 z\u00edskanie <a href=\"https:\/\/moverdb.com\/sk\/citaty\/\">cit\u00e1cie medzin\u00e1rodn\u00fdch s\u0165ahovan\u00ed<\/a>? (Online formul\u00e1r \u017eiadosti o odhad): <strong>\u00c1no<\/strong><\/li>\n<li> Jasn\u00e9 inform\u00e1cie na webovej str\u00e1nke: <strong>\u010ciasto\u010dn\u00e9.<\/strong> Webov\u00e1 str\u00e1nka neobsahuje ve\u013ea u\u017eito\u010dn\u00fdch inform\u00e1ci\u00ed a odpor\u00fa\u010da v\u00e1m, aby ste sa obr\u00e1tili na spolo\u010dnos\u0165.<\/li>\n<li> \u010dlenstvo v medzin\u00e1rodn\u00fdch uzn\u00e1van\u00fdch organiz\u00e1ci\u00e1ch pohybliv\u00fdch zvierat: <strong>\u00c1no<\/strong>, pozri vy\u0161\u0161ie.<\/li>\n<li> Zoznam klientov a\/alebo referencie predch\u00e1dzaj\u00facich z\u00e1kazn\u00edkov: <strong>\u010ciasto\u010dn\u00e9.<\/strong> Na str\u00e1nke nie je zoznam klientov, ale m\u00f4\u017eete si na nej pozrie\u0165 referencie na ReferenceLine.<\/li>\n<\/ol>\n<div itemprop=\"reviewRating\" itemscope itemtype=\"http:\/\/schema.org\/Rating\"><meta itemprop=\"worstRating\" content = \"0\" \/><meta itemprop=\"bestRating\" content=\"5\" \/><meta itemprop=\"ratingValue\" content=\"4.5\"><\/div>\n<p><strong>Celkov\u00e9 hodnotenie: 4,5\/5<\/strong><br \/>\n<strong>D\u00e1tum recenzie:<\/strong> <span itemprop=\"datePublished\" content=\"2016-05-017\">17\/05\/2016<\/span><\/p>\n<\/div>\n<p>Viac o <a href=\"https:\/\/moverdb.com\/sk\/medzinarodne-stahovanie\/\">S\u0165ahovacie spolo\u010dnosti v Spojenom kr\u00e1\u013eovstve<\/a> a na\u0161e <a href=\"https:\/\/moverdb.com\/sk\/recenzie\/\">vysvetlen\u00fd proces presk\u00famania<\/a>.<\/p>\n<p><strong>Webov\u00e1 lokalita:<\/strong> <a href=\"http:\/\/www.matthewjamesremovals.com\/\" target=\"_blank\" rel=\"noopener\">http:\/\/www.matthewjamesremovals.com\/<\/a><\/p>","protected":false},"excerpt":{"rendered":"<p>Matthew James Global Relocations is a privately owned company which offers many services for individuals and companies moving abroad and locally. Its services are listed below, together with a company profile and reviews. International Relocations Complete door to door service Export packing and wrapping services Unpacking and reassembly services International shipping inventory Dedicated and Groupage [&hellip;]<\/p>\n","protected":false},"author":1,"featured_media":0,"parent":0,"menu_order":0,"comment_status":"closed","ping_status":"closed","template":"","meta":{"_genesis_hide_title":false,"_genesis_hide_breadcrumbs":false,"_genesis_hide_singular_image":false,"_genesis_hide_footer_widgets":false,"_genesis_custom_body_class":"","_genesis_custom_post_class":"","_genesis_layout":"","footnotes":""},"class_list":{"0":"post-320","1":"page","2":"type-page","3":"status-publish","5":"entry"},"_links":{"self":[{"href":"https:\/\/moverdb.com\/sk\/wp-json\/wp\/v2\/pages\/320","targetHints":{"allow":["GET"]}}],"collection":[{"href":"https:\/\/moverdb.com\/sk\/wp-json\/wp\/v2\/pages"}],"about":[{"href":"https:\/\/moverdb.com\/sk\/wp-json\/wp\/v2\/types\/page"}],"author":[{"embeddable":true,"href":"https:\/\/moverdb.com\/sk\/wp-json\/wp\/v2\/users\/1"}],"replies":[{"embeddable":true,"href":"https:\/\/moverdb.com\/sk\/wp-json\/wp\/v2\/comments?post=320"}],"version-history":[{"count":12,"href":"https:\/\/moverdb.com\/sk\/wp-json\/wp\/v2\/pages\/320\/revisions"}],"predecessor-version":[{"id":13173,"href":"https:\/\/moverdb.com\/sk\/wp-json\/wp\/v2\/pages\/320\/revisions\/13173"}],"wp:attachment":[{"href":"https:\/\/moverdb.com\/sk\/wp-json\/wp\/v2\/media?parent=320"}],"curies":[{"name":"wp","href":"https:\/\/api.w.org\/{rel}","templated":true}]}}