{"id":2804,"date":"2018-05-18T20:05:25","date_gmt":"2018-05-18T20:05:25","guid":{"rendered":"https:\/\/moverdb.com\/?page_id=2804"},"modified":"2026-01-08T14:48:10","modified_gmt":"2026-01-08T14:48:10","slug":"data-processing-policy","status":"publish","type":"page","link":"https:\/\/moverdb.com\/sk\/data-processing-policy\/","title":{"rendered":"Politika spracovania \u00fadajov"},"content":{"rendered":"<p>Tieto z\u00e1sady spracovania \u00fadajov vysvet\u013euj\u00fa zrozumite\u013enou angli\u010dtinou, ako spolo\u010dnos\u0165 MoverDB.com spracov\u00e1va \u00fadaje, aby ste sa mohli informovane rozhodn\u00fa\u0165, \u010di chcete vyu\u017e\u00edva\u0165 na\u0161e slu\u017eby. Vytvorili sme ju ako reakciu na nariadenie GDPR. Je to jednoduch\u00fd, podrobn\u00fd, anglick\u00fd dodatok k na\u0161im <a href=\"https:\/\/moverdb.com\/sk\/zasady-ochrany-osobnych-udajov\/\">Z\u00e1sady ochrany osobn\u00fdch \u00fadajov<\/a> a <a href=\"https:\/\/moverdb.com\/sk\/podmienky-pouzivania\/\">Podmienky a pravidl\u00e1<\/a>.<\/p>\n<p>MoverDB.com je bezplatn\u00e1 webov\u00e1 str\u00e1nka a na jej pou\u017e\u00edvanie nie je potrebn\u00e9 sa registrova\u0165 a\/alebo zad\u00e1va\u0165 \u017eiadne osobn\u00e9 \u00fadaje. V\u0161etky inform\u00e1cie s\u00fa pon\u00fakan\u00e9 bezplatne pre ka\u017ed\u00e9ho.<\/p>\n<p>Akt\u00edvne a pas\u00edvne v\u0161ak zhroma\u017e\u010fujeme a sprac\u00favame \u00fadaje, o ktor\u00fdch by ste pod\u013ea n\u00e1\u0161ho n\u00e1zoru mali vedie\u0165. V\u0161etky webov\u00e9 str\u00e1nky a \u00fadaje sa odosielaj\u00fa pomocou zabezpe\u010denej technol\u00f3gie SSL.<\/p>\n<p>V\u0161etky na\u0161e akt\u00edvne \u010dinnosti spracovania \u00fadajov (pozri ni\u017e\u0161ie) sa vykon\u00e1vaj\u00fa na <strong>z\u00e1klad s\u00fahlasu<\/strong> a na\u0161e \u010dinnosti pas\u00edvneho spracovania \u00fadajov (pozri ni\u017e\u0161ie) sa vykon\u00e1vaj\u00fa na <strong>z\u00e1klad opr\u00e1vnen\u00e9ho z\u00e1ujmu<\/strong>. <\/p>\n<p>MoverDB.com sprac\u00fava nieko\u013eko typov \u00fadajov na r\u00f4zne \u00fa\u010dely, pri\u010dom vyu\u017e\u00edva nieko\u013eko partnerov a platforiem tret\u00edch str\u00e1n.<\/p>\n<p><strong>Akt\u00edvne \u010dinnosti spracovania \u00fadajov <\/strong><\/p>\n<p>Na\u0161ou hlavnou \u010dinnos\u0165ou v oblasti spracovania \u00fadajov je pomoc \u013eu\u010fom pri z\u00edskavan\u00ed pon\u00fak na medzin\u00e1rodn\u00e9 s\u0165ahovanie prostredn\u00edctvom bezplatnej a nez\u00e1v\u00e4znej cenovej ponuky. Je ur\u010den\u00e1 pre jednotlivcov v E\u00da aj mimo nej.<\/p>\n<p>Upozor\u0148ujeme tie\u017e, \u017ee MoverDB.com neposkytuje ponuky s\u00e1m, ale spolupracuje s <a href=\"https:\/\/moverdb.com\/sk\/international-removals\/\" data-internallinksmanager029f6b8e52c=\"27\" title=\"36 najlep\u0161\u00edch medzin\u00e1rodn\u00fdch s\u0165ahovac\u00edch spolo\u010dnost\u00ed v Spojenom kr\u00e1\u013eovstve\">Medzin\u00e1rodn\u00e9 s\u0165ahovanie<\/a> Direct, TriGlobal B.V. a MyMovingLoads, aby poskytli cenov\u00e9 ponuky. Ka\u017ed\u00e1 z nich zasa spolupracuje priamo s vlastn\u00fdm s\u00faborom <a href=\"https:\/\/moverdb.com\/sk\/moving-companies\/\" data-internallinksmanager029f6b8e52c=\"79\" title=\"Top 25 medzin\u00e1rodn\u00fdch s\u0165ahovac\u00edch spolo\u010dnost\u00ed online\">s\u0165ahovacie spolo\u010dnosti<\/a>. <\/p>\n<p>Preto vystupujeme ako spr\u00e1vca \u00fadajov (ke\u010f\u017ee im \u00fadaje posielame) aj ako spracovate\u013e \u00fadajov (ke\u010f\u017ee oni informuj\u00fa, ak\u00e9 \u00fadaje potrebuj\u00fa, a rozhoduj\u00fa o tom, ako ich spracova\u0165). V\u0161etky \u00fadaje, ktor\u00e9 zhroma\u017e\u010fujeme v ich mene, s\u00fa potrebn\u00e9 na to, aby sme pomohli vyfiltrova\u0165 dod\u00e1vate\u013eov, ktor\u00ed m\u00f4\u017eu by\u0165 pre v\u00e1s vhodn\u00ed. Ak by ste rad\u0161ej ur\u010dit\u00e9 inform\u00e1cie nezdie\u013eali, m\u00f4\u017eete tak urobi\u0165 a st\u00e1le m\u00f4\u017eete n\u00e1js\u0165 v\u0161eobecn\u00e9 <a href=\"https:\/\/moverdb.com\/sk\/kontajnerova-preprava\/\">inform\u00e1cie o cen\u00e1ch tu<\/a>.<\/p>\n<p>To, s ktorou spolo\u010dnos\u0165ou sa dohodnete na sp\u00f4sobe spracovania va\u0161ich \u00fadajov, z\u00e1vis\u00ed od toho, ak\u00fa formu pou\u017e\u00edvate a odkia\u013e sa pres\u00favate.  <\/p>\n<p><strong>Hlavn\u00fd formul\u00e1r (v hornej \u010dasti str\u00e1nky)<\/strong><\/p>\n<p>N\u00e1\u0161 hlavn\u00fd formul\u00e1r vyzer\u00e1 takto:<\/p>\n<p><img loading=\"lazy\" decoding=\"async\" width=\"833\" height=\"365\" src=\"https:\/\/moverdb.com\/wp-content\/uploads\/Top-page-form.png\" alt=\"\" class=\"aligncenter size-full wp-image-3236\" srcset=\"https:\/\/moverdb.com\/wp-content\/uploads\/Top-page-form.png 833w, https:\/\/moverdb.com\/wp-content\/uploads\/Top-page-form-300x131.png 300w\" sizes=\"auto, (max-width: 833px) 100vw, 833px\" \/><\/p>\n<p>\u00dadaje z tohto formul\u00e1ra zhroma\u017e\u010fujeme sami a potom rozhodujeme o ich odoslan\u00ed.  <\/p>\n<p>Tu s\u00fa uveden\u00e9 \u00fadaje, ktor\u00e9 sa zhroma\u017e\u010fuj\u00fa, a d\u00f4vod ich zhroma\u017e\u010fovania:<\/p>\n<ul>\n<li> Kam sa s\u0165ahujete: To pom\u00e1ha z\u00edska\u0165 presn\u00e9 cenov\u00e9 ponuky a filtruje potenci\u00e1lne s\u0165ahovacie spolo\u010dnosti.<\/li>\n<li> Aktu\u00e1lna adresa\/po\u0161tov\u00e9 smerovacie \u010d\u00edslo\/s\u00eddlo\/mesto\/krajina: To pom\u00e1ha z\u00edska\u0165 presn\u00e9 ponuky a filtruje potenci\u00e1lne s\u0165ahovacie spolo\u010dnosti.<\/li>\n<li> Do ak\u00e9ho mesta sa s\u0165ahujete: To pom\u00e1ha z\u00edska\u0165 presn\u00e9 ponuky a filtruje potenci\u00e1lne s\u0165ahovacie spolo\u010dnosti.<\/li>\n<li> Odhadovan\u00e1 ve\u013ekos\u0165 presunu: Pom\u00e1ha z\u00edska\u0165 presn\u00e9 ponuky a filtruje potenci\u00e1lne s\u0165ahovacie spolo\u010dnosti.<\/li>\n<li> Polo\u017eky, ktor\u00e9 sa maj\u00fa odosla\u0165: Pom\u00f4\u017ee v\u00e1m to z\u00edska\u0165 presn\u00e9 cenov\u00e9 ponuky, vyfiltrova\u0165 potenci\u00e1lne s\u0165ahovacie spolo\u010dnosti a zabezpe\u010di\u0165, aby ste sa nepok\u00fa\u0161ali prepravi\u0165 nie\u010do nez\u00e1konn\u00e9.<\/li>\n<li> Predpokladan\u00fd d\u00e1tum s\u0165ahovania: Upozor\u0148ujeme tie\u017e, \u017ee v\u00e4\u010d\u0161ina spolo\u010dnost\u00ed nem\u00f4\u017ee poskytn\u00fa\u0165 cenov\u00fa ponuku na s\u0165ahovanie viac ako 3 mesiace vopred.<\/li>\n<li> Va\u0161e meno: Aby spolo\u010dnosti vedeli, s k\u00fdm maj\u00fa do \u010dinenia.<\/li>\n<li> Va\u0161a e-mailov\u00e1 adresa: Na t\u00fato adresu je mo\u017en\u00e9 zasiela\u0165 cenov\u00e9 ponuky a kontaktova\u0165 v\u00e1s v s\u00favislosti s va\u0161ou po\u017eiadavkou.<\/li>\n<li> Va\u0161e telef\u00f3nne \u010d\u00edslo: Vy\u017eaduje sa, aby v\u00e1s spolo\u010dnosti mohli kontaktova\u0165 v s\u00favislosti s va\u0161ou cenovou ponukou.<\/li>\n<\/ul>\n<p>Po zadan\u00ed v\u0161etk\u00fdch \u00fadajov a odoslan\u00ed formul\u00e1ra sa vykonaj\u00fa nasleduj\u00face akcie:<\/p>\n<ul>\n<li> Uvid\u00edte na\u0161u \u010fakovn\u00fa spr\u00e1vu, ktor\u00e1 obsahuje aj n\u00e1stroj od <a href=\"https:\/\/moverdb.com\/sk\/international-money-transfer-services\/currencies-direct-review\/\" data-internallinksmanager029f6b8e52c=\"237\" title=\"Medzin\u00e1rodn\u00fd prevod pe\u0148az\u00ed Currencies Direct Review 2026\">Meny Direct<\/a> ktor\u00e9 v\u00e1m pom\u00f4\u017eu zisti\u0165, ako vymeni\u0165 cudziu menu.<\/li>\n<li> \u00dadaje z formul\u00e1ra sa potom odo\u0161l\u00fa prostredn\u00edctvom zabezpe\u010den\u00e9ho webhooku SSL na Zapier.com, ktor\u00fd pom\u00e1ha <a href=\"https:\/\/moverdb.com\/sk\/moving-to-the-united-states\/\" data-internallinksmanager029f6b8e52c=\"94\" title=\"S\u0165ahujete sa do Spojen\u00fdch \u0161t\u00e1tov? 2022 \u017divotn\u00e9 n\u00e1klady a tipy na pres\u0165ahovanie\">n\u00e1s<\/a> na spracovanie \u00fadajov prostredn\u00edctvom tzv. zapu.<\/li>\n<li> Po prijat\u00ed \u00fadajov spolo\u010dnos\u0165ou Zapier.com, Zap filtruje v\u0161etky zozbieran\u00e9 \u00fadaje bu\u010f na International Removals Direct (presun z <a href=\"https:\/\/moverdb.com\/sk\/moving-to-the-uk\/\" data-internallinksmanager029f6b8e52c=\"93\" title=\"S\u0165ahujete sa do Spojen\u00e9ho kr\u00e1\u013eovstva? 2022 \u017divotn\u00e9 n\u00e1klady a tipy na pres\u0165ahovanie\">UK<\/a>) alebo TriGlobal B.V. (presun odkia\u013eko\u013evek na svete) prostredn\u00edctvom zabezpe\u010den\u00e9ho webov\u00e9ho h\u00e1ku SSL. N\u00e1sledne overia va\u0161e \u00fadaje a po\u0161l\u00fa va\u0161u po\u017eiadavku a\u017e 6 pr\u00edslu\u0161n\u00fdm s\u0165ahovac\u00edm spolo\u010dnostiam, ktor\u00e9 v\u00e1s n\u00e1sledne m\u00f4\u017eu kontaktova\u0165 telefonicky a\/alebo e-mailom. Nie ste povinn\u00ed si ni\u010d k\u00fapi\u0165 a m\u00f4\u017eete im ozn\u00e1mi\u0165, \u017ee nechcete pokra\u010dova\u0165. Okrem toho n\u00e1s m\u00f4\u017eete po\u017eiada\u0165 aj o zru\u0161enie va\u0161ej po\u017eiadavky pomocou na\u0161ej <a href=\"https:\/\/moverdb.com\/sk\/kontakt-us\/\">kontaktn\u00fd formul\u00e1r<\/a>.<\/li>\n<li> Po odoslan\u00ed \u00fadajov odo\u0161le Zap e-mailov\u00fa adresu zadan\u00fa vo formul\u00e1ri do slu\u017eby Mailchimp prostredn\u00edctvom integr\u00e1cie Zapier. To potom spust\u00ed automatick\u00fd e-mail, ktor\u00fd potvrd\u00ed va\u0161u \u017eiados\u0165 a op\u00e4\u0165 vysvetl\u00ed, \u010do m\u00f4\u017eete o\u010dak\u00e1va\u0165. Potom odo\u0161le 1 n\u00e1sledn\u00fd e-mail pribli\u017ene 5 dn\u00ed po va\u0161ej \u017eiadosti, v ktorom v\u00e1m poskytne \u010fal\u0161ie inform\u00e1cie o presune pe\u0148az\u00ed do zahrani\u010dia spolu s tovarom. Tento e-mail sa posiela preto, lebo sme zistili, \u017ee mnoho \u013eud\u00ed je zm\u00e4ten\u00fdch z r\u00f4znych mo\u017enost\u00ed, pokia\u013e ide o posielanie pe\u0148az\u00ed do zahrani\u010dia. Zo v\u0161etk\u00fdch e-mailov sa m\u00f4\u017eete \u013eahko odhl\u00e1si\u0165 kliknut\u00edm na odkaz na odhl\u00e1senie v hornej alebo dolnej \u010dasti ka\u017ed\u00e9ho e-mailu, \u010d\u00edm sa zru\u0161ia v\u0161etky bud\u00face e-maily. E-maily tie\u017e be\u017ene odstra\u0148ujeme aspo\u0148 raz ro\u010dne.<\/li>\n<li> V tejto f\u00e1ze je Zap dokon\u010den\u00fd a Zapier automaticky vyma\u017ee v\u0161etky \u00fadaje do 90 dn\u00ed. To n\u00e1m d\u00e1va \u010das na vyrie\u0161enie pr\u00edpadn\u00fdch probl\u00e9mov, ale znamen\u00e1 to, \u017ee \u00fadaje nie s\u00fa ulo\u017een\u00e9 dlh\u0161ie, ako je potrebn\u00e9.<\/li>\n<li> Va\u0161u e-mailov\u00fa adresu (a ni\u010d in\u00e9) uchov\u00e1me a\u017e 1 rok prostredn\u00edctvom slu\u017eby Mailchimp.<\/li>\n<li> Spolo\u010dnosti International Removals Direct a TriGlobal B.V. bud\u00fa uchov\u00e1va\u0165 inform\u00e1cie tak dlho, ako to vy\u017eaduj\u00fa ich intern\u00e9 z\u00e1sady. Ak m\u00e1te ak\u00e9ko\u013evek obavy t\u00fdkaj\u00face sa \u00fadajov, ktor\u00e9 m\u00f4\u017eu uchov\u00e1va\u0165, kontaktujte n\u00e1s a my sa v\u00e1m budeme sna\u017ei\u0165 pom\u00f4c\u0165.<\/li>\n<\/ul>\n<p><strong>Sekund\u00e1rny formul\u00e1r #1 (stred strany)<\/strong><\/p>\n<p>Na\u0161a sekund\u00e1rna forma #1 vyzer\u00e1 takto.<\/p>\n<p><img loading=\"lazy\" decoding=\"async\" width=\"907\" height=\"512\" src=\"https:\/\/moverdb.com\/wp-content\/uploads\/bottom-page-form.png\" alt=\"\" class=\"aligncenter size-full wp-image-3235\" srcset=\"https:\/\/moverdb.com\/wp-content\/uploads\/bottom-page-form.png 907w, https:\/\/moverdb.com\/wp-content\/uploads\/bottom-page-form-300x169.png 300w\" sizes=\"auto, (max-width: 907px) 100vw, 907px\" \/><\/p>\n<p>Tento formul\u00e1r poskytuje spolo\u010dnos\u0165 MyMovingLoads a my nekontrolujeme, ako sa odosiela alebo spracov\u00e1va. <\/p>\n<p>Tu s\u00fa \u00fadaje, ktor\u00e9 zhroma\u017e\u010fuj\u00fa:<\/p>\n<ul>\n<li> Krajina p\u00f4vodu\/mesto a krajina doru\u010denia a mesto doru\u010denia: To pom\u00e1ha z\u00edska\u0165 presn\u00e9 ponuky a filtruje potenci\u00e1lne s\u0165ahovacie spolo\u010dnosti.<\/li>\n<li> D\u00e1tum s\u0165ahovania: Upozor\u0148ujeme tie\u017e, \u017ee v\u00e4\u010d\u0161ina spolo\u010dnost\u00ed nem\u00f4\u017ee poskytn\u00fa\u0165 cenov\u00fa ponuku na s\u0165ahovanie viac ako 3 mesiace vopred.<\/li>\n<li> Vyberte ve\u013ekos\u0165 domova: To pom\u00e1ha z\u00edska\u0165 presn\u00e9 ponuky a filtruje potenci\u00e1lne s\u0165ahovacie spolo\u010dnosti.<<\/li>\n<li> Meno a priezvisko: Aby spolo\u010dnosti vedeli, s k\u00fdm maj\u00fa do \u010dinenia.<\/li>\n<li> V\u00e1\u0161 telef\u00f3n: Vy\u017eaduje sa, aby v\u00e1s spolo\u010dnosti mohli kontaktova\u0165 v s\u00favislosti s va\u0161ou cenovou ponukou.<\/li>\n<li> V\u00e1\u0161 e-mail: Na tento e-mail je mo\u017en\u00e9 zasiela\u0165 cenov\u00e9 ponuky a kontaktova\u0165 v\u00e1s v s\u00favislosti s va\u0161ou po\u017eiadavkou.<\/li>\n<\/ul>\n<p>Po zadan\u00ed v\u0161etk\u00fdch \u00fadajov a odoslan\u00ed formul\u00e1ra sa vykonaj\u00fa nasleduj\u00face akcie:<\/p>\n<ul>\n<li> Zobraz\u00ed sa \u010fakovn\u00e1 spr\u00e1va.<\/li>\n<li> \u00dadaje bud\u00fa odoslan\u00e9 spolo\u010dnosti MyMovingLoads, ktor\u00e1 ich spracuje v s\u00falade so svojimi podmienkami slu\u017eby, s ktor\u00fdmi mus\u00edte s\u00fahlasi\u0165 pri odosielan\u00ed formul\u00e1ra.<\/li>\n<\/ul>\n<p><strong>Sekund\u00e1rny formul\u00e1r #2 (spodn\u00e1 \u010das\u0165 strany)<\/strong><\/p>\n<p>Na\u0161a sekund\u00e1rna forma #2 vyzer\u00e1 takto:<\/p>\n<p><img loading=\"lazy\" decoding=\"async\" src=\"https:\/\/moverdb.com\/wp-content\/uploads\/Triglobal-form.png\" alt=\"\" width=\"597\" height=\"795\" class=\"aligncenter size-full wp-image-3269\" srcset=\"https:\/\/moverdb.com\/wp-content\/uploads\/Triglobal-form.png 597w, https:\/\/moverdb.com\/wp-content\/uploads\/Triglobal-form-225x300.png 225w\" sizes=\"auto, (max-width: 597px) 100vw, 597px\" \/><\/p>\n<p>Tento formul\u00e1r poskytuje spolo\u010dnos\u0165 TriGlobal B.V. a my nekontrolujeme, ako sa odosiela alebo spracov\u00e1va.<\/p>\n<p>Tu s\u00fa \u00fadaje, ktor\u00e9 zhroma\u017e\u010fuj\u00fa:<\/p>\n<ul>\n<li> \u00dadaje t\u00fdkaj\u00face sa aktu\u00e1lnej adresy a adresy doru\u010denia (ulica, PS\u010c, mesto a krajina): To pom\u00e1ha z\u00edska\u0165 presn\u00e9 ponuky a filtruje potenci\u00e1lne s\u0165ahovacie spolo\u010dnosti.<\/li>\n<li> Pohybliv\u00e1 ve\u013ekos\u0165: Pom\u00e1ha generova\u0165 presn\u00e9 ponuky<\/li>\n<li> D\u00e1tum s\u0165ahovania: Upozor\u0148ujeme tie\u017e, \u017ee v\u00e4\u010d\u0161ina spolo\u010dnost\u00ed nem\u00f4\u017ee poskytn\u00fa\u0165 cenov\u00fa ponuku na s\u0165ahovanie viac ako 3 mesiace vopred.<\/li>\n<li> Odhadovan\u00fd objem v ft3 (nepovinn\u00e9): Pom\u00e1ha vygenerova\u0165 presnej\u0161iu cenov\u00fa ponuku<\/li>\n<li> Balenie\/mont\u00e1\u017e (volite\u013en\u00e9): Pom\u00f4\u017ee v\u00e1m poskytn\u00fa\u0165 presnej\u0161iu cenov\u00fa ponuku<\/li>\n<li> Pozn\u00e1mky (nepovinn\u00e9): Tu m\u00f4\u017eete prida\u0165 \u0161peci\u00e1lne po\u017eiadavky, ot\u00e1zky at\u010f.<\/li>\n<li> Typ pohybu: To pom\u00f4\u017ee posla\u0165 va\u0161u cenov\u00fa ponuku spr\u00e1vnemu oddeleniu v s\u0165ahovac\u00edch spolo\u010dnostiach.<\/li>\n<li> Meno a priezvisko: Aby spolo\u010dnosti vedeli, s k\u00fdm maj\u00fa do \u010dinenia.<\/li>\n<li> Telef\u00f3n #1: Vy\u017eaduje sa, aby v\u00e1s spolo\u010dnosti mohli kontaktova\u0165 v s\u00favislosti s va\u0161ou cenovou ponukou.<\/li>\n<li> E-mail: E-mail: kde je mo\u017en\u00e9 zasiela\u0165 cenov\u00e9 ponuky a kontaktova\u0165 v\u00e1s v s\u00favislosti s va\u0161ou po\u017eiadavkou.<\/li>\n<\/ul>\n<p>Po zadan\u00ed v\u0161etk\u00fdch \u00fadajov a odoslan\u00ed formul\u00e1ra sa vykonaj\u00fa nasleduj\u00face akcie:<\/p>\n<ul>\n<li> Zobraz\u00ed sa \u010fakovn\u00e1 spr\u00e1va.<\/li>\n<li> \u00dadaje bud\u00fa odoslan\u00e9 spolo\u010dnosti TriGlobal B.V., ktor\u00e1 ich spracuje v s\u00falade so svojimi podmienkami poskytovania slu\u017eieb.<\/li>\n<\/ul>\n<p><strong>Pas\u00edvne \u010dinnosti spracovania \u00fadajov <\/strong><\/p>\n<p>Pou\u017e\u00edvame nasleduj\u00face n\u00e1stroje tret\u00edch str\u00e1n, ktor\u00e9 n\u00e1m pom\u00e1haj\u00fa prev\u00e1dzkova\u0165 pou\u017eite\u013en\u00e9 webov\u00e9 str\u00e1nky. Neposkytuj\u00fa n\u00e1m o v\u00e1s \u017eiadne osobn\u00e9 \u00fadaje, ale napriek tomu m\u00f4\u017eu zhroma\u017e\u010fova\u0165 inform\u00e1cie o v\u00e1s a\/alebo va\u0161om po\u010d\u00edta\u010di, ktor\u00e9 mo\u017eno pova\u017eova\u0165 za osobn\u00e9 \u00fadaje.<\/p>\n<p>Ni\u017e\u0161ie uv\u00e1dzame, na \u010do jednotliv\u00e9 z nich pou\u017e\u00edvame a kde sa m\u00f4\u017eete dozvedie\u0165 viac o tom, ako m\u00f4\u017eu zhroma\u017e\u010fova\u0165 a pou\u017e\u00edva\u0165 osobn\u00e9 \u00fadaje:<\/p>\n<p><strong>Slu\u017eba Google Analytics:<\/strong> Pou\u017e\u00edvame ich na sledovanie toho, ako \u013eudia pou\u017e\u00edvaj\u00fa na\u0161u webov\u00fa lokalitu v s\u00fahrne. Nepou\u017e\u00edvame ho na sledovanie jednotliv\u00fdch pou\u017e\u00edvate\u013eov. Tu s\u00fa k\u013e\u00fa\u010dov\u00e9 nastavenia, ktor\u00e9 v s\u00fa\u010dasnosti pou\u017e\u00edvame:<\/p>\n<ul>\n<li>Remarketing: OFF<\/li>\n<li>Funkcie reklamn\u00e9ho spravodajstva: OFF<\/li>\n<li>Uchov\u00e1vanie \u00fadajov o pou\u017e\u00edvate\u013eoch a udalostiach: Nastavenie na uplynutie platnosti po 14 mesiacoch (najkrat\u0161ia pon\u00fakan\u00e1 mo\u017enos\u0165)<\/li>\n<li>Obnovenie pri novej aktivite: ON<\/li>\n<li>ID pou\u017e\u00edvate\u013ea: OFF<\/li>\n<li>Prijat\u00e1 zmena nariadenia GDPR o spracovan\u00ed \u00fadajov<\/li>\n<\/ul>\n<p>Spolo\u010dnos\u0165 Google v s\u00fa\u010dasnosti pon\u00faka mo\u017enos\u0165 odhl\u00e1senia zo slu\u017eby Analytics <a href=\"https:\/\/support.google.com\/analytics\/answer\/181881?hl=en\" rel=\"noopener\" target=\"_blank\">tu<\/a> alebo m\u00f4\u017eete pou\u017ei\u0165 n\u00e1stroj tretej strany, ako napr. <a href=\"https:\/\/www.ghostery.com\/\" rel=\"noopener\" target=\"_blank\">Ghostery<\/a>.<\/p>\n<p><strong>Facebook Social Graph:<\/strong> Sl\u00fa\u017ei na u\u013eah\u010denie zdie\u013eania obsahu z na\u0161ej webovej str\u00e1nky a blogu na Facebooku a na to, aby \u013eudia videli, ako \u010dasto bol obsah skartovan\u00fd. Nepou\u017e\u00edvame ho na \u017eiadny remarketing ani retargeting. Pozrite si pravidl\u00e1 spolo\u010dnosti Facebook <a href=\"https:\/\/www.facebook.com\/help\/1701730696756992\/?helpref=hc_fnav\" rel=\"noopener\" target=\"_blank\">Str\u00e1nka s \u00fadajmi<\/a> viac inform\u00e1ci\u00ed o tom, ako pou\u017e\u00edvaj\u00fa va\u0161e \u00fadaje.<\/p>\n<p><strong>Zdie\u013eanie v soci\u00e1lnych m\u00e9di\u00e1ch:<\/strong> Okrem Social Graph na Facebooku m\u00e1me na na\u0161ej str\u00e1nke aj tla\u010didl\u00e1 na zdie\u013eanie G+, Twitter a LinkedIn, ktor\u00e9 u\u013eah\u010duj\u00fa zdie\u013eanie n\u00e1\u0161ho obsahu na t\u00fdchto platform\u00e1ch. M\u00f4\u017eete si pozrie\u0165 <a href=\"https:\/\/policies.google.com\/privacy\" rel=\"noopener\" target=\"_blank\">Z\u00e1sady ochrany osobn\u00fdch \u00fadajov G+ tu<\/a>, Twitter <a href=\"https:\/\/twitter.com\/en\/privacy\" rel=\"noopener\" target=\"_blank\">Z\u00e1sady ochrany osobn\u00fdch \u00fadajov<\/a> tu a <a href=\"https:\/\/www.linkedin.com\/legal\/privacy-policy\" rel=\"noopener\" target=\"_blank\">Z\u00e1sady ochrany osobn\u00fdch \u00fadajov spolo\u010dnosti LinkedIn n\u00e1jdete tu<\/a>.<\/p>\n<p><strong>Extern\u00e9 \/ partnersk\u00e9 odkazy:<\/strong> Extern\u00e9 odkazy niekedy sledujeme prostredn\u00edctvom slu\u017eby Google Analytics a\/alebo platforiem na sledovanie partnersk\u00fdch str\u00e1nok tret\u00edch str\u00e1n. K ak\u00e9muko\u013evek sledovaniu doch\u00e1dza len vtedy, ak kliknete na extern\u00fd odkaz. V spodnej \u010dasti ka\u017edej str\u00e1nky, kde k tomu doch\u00e1dza, uv\u00e1dzame, ktor\u00e9 odkazy s\u00fa partnersk\u00e9, ale ak m\u00e1te obavy, najjednoduch\u0161ou mo\u017enos\u0165ou je neklika\u0165 na extern\u00e9 odkazy z na\u0161ej webovej str\u00e1nky.<\/p>\n<p><strong>Webhosting:<\/strong> Na hos\u0165ovanie na\u0161ich webov\u00fdch str\u00e1nok pou\u017e\u00edvame StudioPress Sites. Podobne ako v\u00e4\u010d\u0161ina webhostingov\u00fdch spolo\u010dnost\u00ed vedie z\u00e1znamy o webov\u00fdch str\u00e1nkach, hoci k nim nem\u00e1me priamy pr\u00edstup. Viac inform\u00e1ci\u00ed o \u00fadajoch, ktor\u00e9 m\u00f4\u017eu ma\u0165, sa dozviete na ich <a href=\"https:\/\/www.studiopress.com\/privacy-policy\/\" rel=\"noopener\" target=\"_blank\">z\u00e1sady ochrany osobn\u00fdch \u00fadajov<\/a>.<\/p>","protected":false},"excerpt":{"rendered":"<p>This Data Processing Policy explains in plain English how MoverDB.com processes data so you can make an informed choice about whether or not you&#8217;d like to use our services. We&#8217;ve created it as a response to GDPR. It is a plain English, detailed, addition to our Privacy Policy and Terms and Conditions. MoverDB.com is a [&hellip;]<\/p>\n","protected":false},"author":1,"featured_media":0,"parent":0,"menu_order":0,"comment_status":"closed","ping_status":"closed","template":"","meta":{"_genesis_hide_title":false,"_genesis_hide_breadcrumbs":false,"_genesis_hide_singular_image":false,"_genesis_hide_footer_widgets":false,"_genesis_custom_body_class":"","_genesis_custom_post_class":"","_genesis_layout":"","footnotes":""},"class_list":{"0":"post-2804","1":"page","2":"type-page","3":"status-publish","5":"entry","6":"has-post-thumbnail"},"_links":{"self":[{"href":"https:\/\/moverdb.com\/sk\/wp-json\/wp\/v2\/pages\/2804","targetHints":{"allow":["GET"]}}],"collection":[{"href":"https:\/\/moverdb.com\/sk\/wp-json\/wp\/v2\/pages"}],"about":[{"href":"https:\/\/moverdb.com\/sk\/wp-json\/wp\/v2\/types\/page"}],"author":[{"embeddable":true,"href":"https:\/\/moverdb.com\/sk\/wp-json\/wp\/v2\/users\/1"}],"replies":[{"embeddable":true,"href":"https:\/\/moverdb.com\/sk\/wp-json\/wp\/v2\/comments?post=2804"}],"version-history":[{"count":16,"href":"https:\/\/moverdb.com\/sk\/wp-json\/wp\/v2\/pages\/2804\/revisions"}],"predecessor-version":[{"id":3270,"href":"https:\/\/moverdb.com\/sk\/wp-json\/wp\/v2\/pages\/2804\/revisions\/3270"}],"wp:attachment":[{"href":"https:\/\/moverdb.com\/sk\/wp-json\/wp\/v2\/media?parent=2804"}],"curies":[{"name":"wp","href":"https:\/\/api.w.org\/{rel}","templated":true}]}}