{"id":2752,"date":"2017-05-09T16:25:21","date_gmt":"2017-05-09T16:25:21","guid":{"rendered":"https:\/\/moverdb.com\/?page_id=2752"},"modified":"2026-01-08T14:47:12","modified_gmt":"2026-01-08T14:47:12","slug":"automobilova-doprava-a-preprava","status":"publish","type":"page","link":"https:\/\/moverdb.com\/sk\/car-transport-shipping\/","title":{"rendered":"2026 Medzin\u00e1rodn\u00e1 preprava \u00e1ut a cit\u00e1cie prepravy vozidiel"},"content":{"rendered":"<p>H\u013ead\u00e1te medzin\u00e1rodn\u00fa prepravu automobilov alebo vozidiel, ale neviete, kde za\u010da\u0165? Pom\u00f4\u017eeme v\u00e1m so v\u0161etk\u00fdm, od spolo\u010dnost\u00ed cez n\u00e1klady a\u017e po cenov\u00e9 ponuky. <\/p>\n<p>M\u00f4\u017eete za\u010da\u0165 ihne\u010f pomocou n\u00e1\u0161ho formul\u00e1ra ponuky vy\u0161\u0161ie alebo si pre\u010d\u00edtajte n\u00e1\u0161ho sprievodcu ni\u017e\u0161ie, kde n\u00e1jdete viac inform\u00e1ci\u00ed.<\/p>\n<p><img loading=\"lazy\" decoding=\"async\" width=\"720\" height=\"480\" src=\"https:\/\/moverdb.com\/wp-content\/uploads\/car-transport-shipping.jpg\" alt=\"2019 Medzin\u00e1rodn\u00e1 preprava \u00e1ut a cit\u00e1cie prepravy vozidiel\" class=\"aligncenter size-full wp-image-2753\" srcset=\"https:\/\/moverdb.com\/wp-content\/uploads\/car-transport-shipping.jpg 720w, https:\/\/moverdb.com\/wp-content\/uploads\/car-transport-shipping-300x200.jpg 300w, https:\/\/moverdb.com\/wp-content\/uploads\/car-transport-shipping-600x400.jpg 600w\" sizes=\"auto, (max-width: 720px) 100vw, 720px\" \/><\/p>\n<div id=\"ez-toc-container\" class=\"ez-toc-v2_0_82_2 ez-toc-wrap-left counter-hierarchy ez-toc-counter ez-toc-transparent ez-toc-container-direction\">\n<div class=\"ez-toc-title-container\">\n<p class=\"ez-toc-title\" style=\"cursor:inherit\">Sekcie<\/p>\n<span class=\"ez-toc-title-toggle\"><a href=\"#\" class=\"ez-toc-pull-right ez-toc-btn ez-toc-btn-xs ez-toc-btn-default ez-toc-toggle\" aria-label=\"Prep\u00ednanie tabu\u013eky obsahu\"><span class=\"ez-toc-js-icon-con\"><span class=\"\"><span class=\"eztoc-hide\" style=\"display:none;\">Prep\u00edna\u010d<\/span><span class=\"ez-toc-icon-toggle-span\"><svg style=\"fill: #999;color:#999\" xmlns=\"http:\/\/www.w3.org\/2000\/svg\" class=\"list-377408\" width=\"20px\" height=\"20px\" viewbox=\"0 0 24 24\" fill=\"none\"><path d=\"M6 6H4v2h2V6zm14 0H8v2h12V6zM4 11h2v2H4v-2zm16 0H8v2h12v-2zM4 16h2v2H4v-2zm16 0H8v2h12v-2z\" fill=\"currentColor\"><\/path><\/svg><svg style=\"fill: #999;color:#999\" class=\"arrow-unsorted-368013\" xmlns=\"http:\/\/www.w3.org\/2000\/svg\" width=\"10px\" height=\"10px\" viewbox=\"0 0 24 24\" version=\"1.2\" baseprofile=\"tiny\"><path d=\"M18.2 9.3l-6.2-6.3-6.2 6.3c-.2.2-.3.4-.3.7s.1.5.3.7c.2.2.4.3.7.3h11c.3 0 .5-.1.7-.3.2-.2.3-.5.3-.7s-.1-.5-.3-.7zM5.8 14.7l6.2 6.3 6.2-6.3c.2-.2.3-.5.3-.7s-.1-.5-.3-.7c-.2-.2-.4-.3-.7-.3h-11c-.3 0-.5.1-.7.3-.2.2-.3.5-.3.7s.1.5.3.7z\"\/><\/svg><\/span><\/span><\/span><\/a><\/span><\/div>\n<nav><ul class='ez-toc-list ez-toc-list-level-1 eztoc-toggle-hide-by-default' ><li class='ez-toc-page-1 ez-toc-heading-level-2'><a class=\"ez-toc-link ez-toc-heading-1\" href=\"https:\/\/moverdb.com\/sk\/car-transport-shipping\/#Auto_Transport_Companies\" >Spolo\u010dnosti zaoberaj\u00face sa automobilovou dopravou<\/a><ul class='ez-toc-list-level-3' ><li class='ez-toc-heading-level-3'><a class=\"ez-toc-link ez-toc-heading-2\" href=\"https:\/\/moverdb.com\/sk\/car-transport-shipping\/#US_Canadian_Auto_Transport_Companies\" >Spolo\u010dnosti pre automobilov\u00fa dopravu v USA a Kanade<\/a><\/li><li class='ez-toc-page-1 ez-toc-heading-level-3'><a class=\"ez-toc-link ez-toc-heading-3\" href=\"https:\/\/moverdb.com\/sk\/car-transport-shipping\/#UK_Car_Transport_Companies\" >Prepravn\u00e9 spolo\u010dnosti v Spojenom kr\u00e1\u013eovstve<\/a><\/li><li class='ez-toc-page-1 ez-toc-heading-level-3'><a class=\"ez-toc-link ez-toc-heading-4\" href=\"https:\/\/moverdb.com\/sk\/car-transport-shipping\/#Australian_Car_Transport_Companies\" >Austr\u00e1lske spolo\u010dnosti na prepravu automobilov<\/a><\/li><\/ul><\/li><li class='ez-toc-page-1 ez-toc-heading-level-2'><a class=\"ez-toc-link ez-toc-heading-5\" href=\"https:\/\/moverdb.com\/sk\/car-transport-shipping\/#International_Car_Transport_Costs\" >N\u00e1klady na medzin\u00e1rodn\u00fa prepravu automobilov<\/a><ul class='ez-toc-list-level-3' ><li class='ez-toc-heading-level-3'><a class=\"ez-toc-link ez-toc-heading-6\" href=\"https:\/\/moverdb.com\/sk\/car-transport-shipping\/#Car_Transport_Taxes\" >Dane z prepravy automobilov<\/a><\/li><\/ul><\/li><li class='ez-toc-page-1 ez-toc-heading-level-2'><a class=\"ez-toc-link ez-toc-heading-7\" href=\"https:\/\/moverdb.com\/sk\/car-transport-shipping\/#International_Vehicle_Shipping_Documentation\" >Medzin\u00e1rodn\u00e1 dokument\u00e1cia prepravy vozidiel<\/a><\/li><li class='ez-toc-page-1 ez-toc-heading-level-2'><a class=\"ez-toc-link ez-toc-heading-8\" href=\"https:\/\/moverdb.com\/sk\/car-transport-shipping\/#Other_Car_Transport_Tips\" >\u010eal\u0161ie tipy na prepravu automobilov<\/a><\/li><li class='ez-toc-page-1 ez-toc-heading-level-2'><a class=\"ez-toc-link ez-toc-heading-9\" href=\"https:\/\/moverdb.com\/sk\/car-transport-shipping\/#Car_Transport_Quotes\" >Cit\u00e1cie prepravy automobilov<\/a><\/li><\/ul><\/nav><\/div>\n<h2><span class=\"ez-toc-section\" id=\"Auto_Transport_Companies\"><\/span>Spolo\u010dnosti zaoberaj\u00face sa automobilovou dopravou<span class=\"ez-toc-section-end\"><\/span><\/h2>\n<p>Trh medzin\u00e1rodnej prepravy automobilov a automobilovej dopravy je ve\u013emi roztrie\u0161ten\u00fd, na celom svete p\u00f4sobia stovky alebo mo\u017eno tis\u00edce mal\u00fdch spolo\u010dnost\u00ed. Ni\u017e\u0161ie uv\u00e1dzame nieko\u013eko najob\u013e\u00fabenej\u0161\u00edch spolo\u010dnost\u00ed \u0161pecializuj\u00facich sa na prepravu automobilov. <\/p>\n<p>Mali by ste sa v\u0161ak uisti\u0165, \u017ee ste si vy\u017eiadali aj ponuky od <a href=\"https:\/\/moverdb.com\/sk\/stahovacie-spolocnosti\/\">top medzin\u00e1rodn\u00e9 s\u0165ahovacie spolo\u010dnosti<\/a> a <a href=\"https:\/\/moverdb.com\/sk\/zasielatelstvo\/\">\u0161pedit\u00e9ri<\/a> aby ste sa uistili, \u017ee dostanete spravodliv\u00fa ponuku.<\/p>\n<p>Pr\u00edpadne m\u00f4\u017eete jednoducho prejs\u0165 na za\u010diatok str\u00e1nky a vyplni\u0165 n\u00e1\u0161 formul\u00e1r ponuky, aby ste r\u00fdchlo na\u0161li spolo\u010dnosti. <\/p>\n<h3><span class=\"ez-toc-section\" id=\"US_Canadian_Auto_Transport_Companies\"><\/span>Spolo\u010dnosti pre automobilov\u00fa dopravu v USA a Kanade<span class=\"ez-toc-section-end\"><\/span><\/h3>\n<ul>\n<li> A-1 Auto Transport<\/li>\n<li> Americk\u00e1 preprava \u00e1ut<\/li>\n<li> AmeriFreight<\/li>\n<li> Spolo\u010dnos\u0165 C.A.R. Transport<\/li>\n<li> Spolo\u010dnos\u0165 Dependable Auto Shippers (DAS)<\/li>\n<li> eShip<\/li>\n<li> V\u00fdkonn\u00ed prepravcovia automobilov<\/li>\n<li> Doprava spolo\u010dnosti Fisher<\/li>\n<li> Kr\u00e1\u013e cestnej dopravy<\/li>\n<li> Montway Auto Transport<\/li>\n<li> Automobilov\u00e1 doprava Prostar<\/li>\n<li> Priame odoslanie vozidla<\/li>\n<li> Odo\u0161lite svoje auto teraz<\/li>\n<li> Autodoprava Stateway<\/li>\n<li> Spo\u013eahliv\u00e1 preprava \u00e1ut<\/li>\n<li> Preprav\u00edme ho<\/li>\n<\/ul>\n<h3><span class=\"ez-toc-section\" id=\"UK_Car_Transport_Companies\"><\/span>Prepravn\u00e9 spolo\u010dnosti v Spojenom kr\u00e1\u013eovstve<span class=\"ez-toc-section-end\"><\/span><\/h3>\n<ul>\n<li> Acumen Automotive Logistics<\/li>\n<li> AutoShippers<\/li>\n<li> Vyh\u013ead\u00e1va\u010d prepravy automobilov<\/li>\n<li> Klasick\u00e9 slu\u017eby premiest\u0148ovania automobilov<\/li>\n<li> Quinns Car Transport<\/li>\n<li> Posun\u00fa\u0165 auto<\/li>\n<li> Preprava vozidiel White's<\/li>\n<li> Woodside Motorfreight<\/li>\n<\/ul>\n<p>Pozrite si tie\u017e na\u0161e <a href=\"https:\/\/moverdb.com\/sk\/medzinarodne-stahovanie\/\">medzin\u00e1rodn\u00e9 s\u0165ahovanie<\/a> strana.<\/p>\n<h3><span class=\"ez-toc-section\" id=\"Australian_Car_Transport_Companies\"><\/span>Austr\u00e1lske spolo\u010dnosti na prepravu automobilov<span class=\"ez-toc-section-end\"><\/span><\/h3>\n<ul>\n<li> ACR <a href=\"https:\/\/moverdb.com\/sk\/moving-to-australia\/living-in-australia\/\" data-internallinksmanager029f6b8e52c=\"240\" title=\"21 tajomstiev o \u017eivote v Austr\u00e1lii, ktor\u00e9 by ste mali vedie\u0165 pred pres\u0165ahovan\u00edm\">Austr\u00e1lia<\/a><\/li>\n<li> Austr\u00e1lska automobilov\u00e1 doprava<\/li>\n<li> Automatick\u00e1 logistika<\/li>\n<li> Automobilov\u00e1 doprava Express<\/li>\n<li> Pren\u00e1\u0161anie od dver\u00ed k dver\u00e1m<\/li>\n<li> CEVA Carrying<\/li>\n<li> S\u0165ahovanie automobilov<\/li>\n<li> PrixCar Transport<\/li>\n<li> SMB Austr\u00e1lia Preprava automobilov<\/li>\n<li> M\u00fdto<\/li>\n<\/ul>\n<h2><span class=\"ez-toc-section\" id=\"International_Car_Transport_Costs\"><\/span>N\u00e1klady na medzin\u00e1rodn\u00fa prepravu automobilov<span class=\"ez-toc-section-end\"><\/span><\/h2>\n<p>N\u00e1klady na prepravu a dopravu automobilov sa zna\u010dne l\u00ed\u0161ia v z\u00e1vislosti od r\u00fdchlosti, v akej vozidlo potrebujete, a sp\u00f4sobu prepravy. Ak sa prepravuje po mori prostredn\u00edctvom prepravn\u00e9ho kontajnera, va\u0161e n\u00e1klady m\u00f4\u017eu by\u0165 len nieko\u013eko sto dol\u00e1rov, ale m\u00f4\u017eu trva\u0165 aj viac ako 1 mesiac. <\/p>\n<p>E\u0161te viac pe\u0148az\u00ed m\u00f4\u017eete u\u0161etri\u0165, ak nepotrebujete slu\u017ebu \"od dver\u00ed k dver\u00e1m\" a namiesto toho sa rozhodnete vyzdvihn\u00fa\u0165 si vozidlo z najbli\u017e\u0161ej <a href=\"https:\/\/moverdb.com\/sk\/top-49-container-ports\/\" data-internallinksmanager029f6b8e52c=\"80\" title=\"49 najv\u00e4\u010d\u0161\u00edch a najvy\u0165a\u017eenej\u0161\u00edch kontajnerov\u00fdch pr\u00edstavov v roku 2025\">pr\u00edstav<\/a> ak sa prepravuje po mori prostredn\u00edctvom z\u00e1sielky RoRo (Roll on Roll off).<\/p>\n<p>Viac inform\u00e1ci\u00ed n\u00e1jdete v na\u0161om sprievodcovi: <a href=\"https:\/\/moverdb.com\/sk\/kontajnerova-preprava\/\">Sadzby a n\u00e1klady na medzin\u00e1rodn\u00fa kontajnerov\u00fa prepravu<\/a><\/p>\n<p>Pri pohyboch v r\u00e1mci kontinentu (napr. <a href=\"https:\/\/moverdb.com\/sk\/moving-to-the-united-states\/\" data-internallinksmanager029f6b8e52c=\"94\" title=\"S\u0165ahujete sa do Spojen\u00fdch \u0161t\u00e1tov? 2022 \u017divotn\u00e9 n\u00e1klady a tipy na pres\u0165ahovanie\">US<\/a> na <a href=\"https:\/\/moverdb.com\/sk\/moving-to-canada\/\" data-internallinksmanager029f6b8e52c=\"265\" title=\"S\u0165ahovanie do Kanady? 2026 N\u00e1klady na b\u00fdvanie a tipy na pres\u0165ahovanie\">Kanada<\/a>, <a href=\"https:\/\/moverdb.com\/sk\/moving-to-the-uk\/\" data-internallinksmanager029f6b8e52c=\"93\" title=\"S\u0165ahujete sa do Spojen\u00e9ho kr\u00e1\u013eovstva? 2022 \u017divotn\u00e9 n\u00e1klady a tipy na pres\u0165ahovanie\">UK<\/a> na <a href=\"https:\/\/moverdb.com\/sk\/moving-to-spain\/\" data-internallinksmanager029f6b8e52c=\"266\" title=\"S\u0165ahovanie do \u0160panielska? 2026 N\u00e1klady na b\u00fdvanie a tipy na pres\u0165ahovanie\">\u0160panielsko<\/a>, at\u010f.) si m\u00f4\u017eete naja\u0165 prepravcu, ktor\u00fd pre v\u00e1s odvezie va\u0161e auto, za predpokladu, \u017ee je va\u0161e auto v prev\u00e1dzkyschopnom stave. \u010casto to stoj\u00ed podstatne viac (a\u017e nieko\u013eko tis\u00edc dol\u00e1rov, libier alebo eur), ale znamen\u00e1 to, \u017ee svoje auto m\u00f4\u017eete dosta\u0165 za nieko\u013eko dn\u00ed a nie t\u00fd\u017ed\u0148ov. <\/p>\n<p>Ak va\u0161e auto nie je v prev\u00e1dzkyschopnom stave, budete ho musie\u0165 prepravi\u0165 pr\u00edvesom alebo in\u00fdm \u0161peci\u00e1lnym n\u00e1kladn\u00fdm vozidlom. <\/p>\n<p>Najdrah\u0161ou mo\u017enos\u0165ou je leteck\u00e1 preprava, ktor\u00e1 sa v\u0161ak vo v\u0161eobecnosti neodpor\u00fa\u010da, preto\u017ee n\u00e1klady s\u00fa ne\u00fanosne vysok\u00e9.<\/p>\n<p><strong>\u010eal\u0161ie veci, ktor\u00e9 ovplyv\u0148uj\u00fa n\u00e1klady:<\/strong><\/p>\n<ul>\n<li> <strong>Vzdialenos\u0165:<\/strong> \u010c\u00edm \u010falej posielate, t\u00fdm drah\u0161ia bude celkov\u00e1 suma, hoci by ste mali zaplati\u0165 podstatne menej za jednu m\u00ed\u013eu.<\/li>\n<li> <strong>Ro\u010dn\u00e9 obdobie:<\/strong> Niektor\u00e9 ro\u010dn\u00e9 obdobia s\u00fa pre dan\u00e9 trasy drah\u0161ie ako in\u00e9.<\/li>\n<li> <strong>Doba realiz\u00e1cie:<\/strong> \u010c\u00edm sk\u00f4r m\u00f4\u017eete za\u010da\u0165 z\u00edskava\u0165 cenov\u00e9 ponuky, t\u00fdm lep\u0161ie, preto\u017ee ceny sa pri r\u00fdchlej\u0161\u00edch term\u00ednoch v\u00fdrazne zvy\u0161uj\u00fa.<\/li>\n<li> <strong>Otvoren\u00e9 a uzavret\u00e9 n\u00e1kladn\u00e9 vozidlo:<\/strong> Otvoren\u00e9 n\u00e1kladn\u00e9 vozidl\u00e1 s\u00fa lacnej\u0161ie, ale v porovnan\u00ed s uzavret\u00fdmi n\u00e1kladn\u00fdmi vozidlami maj\u00fa vo v\u0161eobecnosti vy\u0161\u0161ie riziko po\u0161kodenia. <\/li>\n<\/ul>\n<h3><span class=\"ez-toc-section\" id=\"Car_Transport_Taxes\"><\/span>Dane z prepravy automobilov<span class=\"ez-toc-section-end\"><\/span><\/h3>\n<p>V z\u00e1vislosti od toho, kam vozidlo prepravujete, m\u00f4\u017eete by\u0165 n\u00faten\u00ed zaplati\u0165 vysok\u00e9 dane. Napr\u00edklad aut\u00e1 <a href=\"https:\/\/moverdb.com\/sk\/shipping-to-singapore\/\">odoslan\u00e9 do Singapuru<\/a> bude \u00fa\u010dtovan\u00e1 dovozn\u00e1 da\u0148 20% z colnej hodnoty vozidla. <\/p>\n<p>Mnoh\u00e9 eur\u00f3pske krajiny si \u00fa\u010dtuj\u00fa dovozn\u00e9 clo vo v\u00fd\u0161ke pribli\u017ene 10%, ale okrem toho m\u00f4\u017eu \u00fa\u010dtova\u0165 aj DPH, ktor\u00e1 m\u00f4\u017ee v z\u00e1vislosti od sp\u00f4sobu pou\u017e\u00edvania vozidla predstavova\u0165 \u010fal\u0161\u00edch 20%. <\/p>\n<p>Pri z\u00edskavan\u00ed cenov\u00fdch pon\u00fak a pred samotn\u00fdm odoslan\u00edm vozidla si na to dajte pozor. V niektor\u00fdch pr\u00edpadoch m\u00f4\u017ee by\u0165 lacnej\u0161ie a jednoduch\u0161ie jednoducho k\u00fapi\u0165 nov\u00e9 auto, ne\u017e posiela\u0165 star\u00e9.  <\/p>\n<h2><span class=\"ez-toc-section\" id=\"International_Vehicle_Shipping_Documentation\"><\/span>Medzin\u00e1rodn\u00e1 dokument\u00e1cia prepravy vozidiel<span class=\"ez-toc-section-end\"><\/span><\/h2>\n<p>Na medzin\u00e1rodn\u00fa prepravu auta alebo in\u00fdch vozidiel potrebujete slu\u0161n\u00fa dokument\u00e1ciu. Po\u017eiadavky sa v jednotliv\u00fdch krajin\u00e1ch l\u00ed\u0161ia, preto si ich pred odoslan\u00edm v\u017edy overte. Medzi naj\u010dastej\u0161ie po\u017eadovan\u00e9 dokumenty patria:<\/p>\n<ul>\n<li> P\u00f4vodn\u00fd n\u00e1zov vozidla<\/li>\n<li> Osved\u010denie o p\u00f4vode<\/li>\n<li> N\u00e1kladn\u00fd list<\/li>\n<li> Poistn\u00e9 dokumenty<\/li>\n<\/ul>\n<h2><span class=\"ez-toc-section\" id=\"Other_Car_Transport_Tips\"><\/span>\u010eal\u0161ie tipy na prepravu automobilov<span class=\"ez-toc-section-end\"><\/span><\/h2>\n<ul>\n<li> <strong>Fotografujte:<\/strong> Uistite sa, \u017ee ste si pred odoslan\u00edm vozidla urobili jeho fotografie s \u010dasovou pe\u010diatkou pre pr\u00edpad po\u0161kodenia. Ak d\u00f4jde k nejak\u00e9mu po\u0161kodeniu, nezabudnite si ho ihne\u010f odfoti\u0165, aby ste minimalizovali vznik sporov.<\/li>\n<li> <strong>Poistenie:<\/strong> Uistite sa, \u017ee va\u0161e poistenie pokr\u00fdva cel\u00fa cestu v\u00e1\u0161ho vozidla a v\u0161etk\u00fdch, ktor\u00ed ho m\u00f4\u017eu riadi\u0165.<\/li>\n<li> <strong>Odstr\u00e1\u0148te osobn\u00e9 veci:<\/strong> Pred prepravou sa uistite, \u017ee ste z auta odstr\u00e1nili v\u0161etky osobn\u00e9 veci, aby sa nestratili (alebo neboli ukradnut\u00e9!)<\/li>\n<li> <strong>Vyh\u013eadajte odborn\u00edkov:<\/strong> Ak m\u00e1te klasick\u00e9 alebo trochu neobvykl\u00e9 auto, ktor\u00e9 chcete prepravi\u0165, uistite sa, \u017ee spolo\u010dnos\u0165, ktor\u00fa ste si vybrali, m\u00e1 sk\u00fasenosti s ich prepravou a\/alebo prepravou.<\/li>\n<li> <strong>\u010casov\u00e9 harmonogramy:<\/strong> Uistite sa, \u017ee viete, ako dlho bude trva\u0165 preprava v\u00e1\u0161ho vozidla z bodu A do bodu B.<\/li>\n<li> <strong>Stav chodu:<\/strong> Pred za\u010dat\u00edm prepravy sa uistite, \u017ee ste si u prepravnej spolo\u010dnosti overili inform\u00e1cie o stave benz\u00ednu, kvapal\u00edn, tlaku v pneumatik\u00e1ch, bat\u00e9rii at\u010f. Napr\u00edklad pri medzin\u00e1rodnej preprave prepravn\u00fdm kontajnerom m\u00f4\u017eete chcie\u0165 \u00faplne vypr\u00e1zdni\u0165 n\u00e1dr\u017e na plyn. Na druhej strane, ak si nech\u00e1te od niekoho odviez\u0165 auto, budete sa chcie\u0165 uisti\u0165, \u017ee m\u00e1te pln\u00fa n\u00e1dr\u017e benz\u00ednu.<\/li>\n<\/ul>\n<h2><span class=\"ez-toc-section\" id=\"Car_Transport_Quotes\"><\/span>Cit\u00e1cie prepravy automobilov<span class=\"ez-toc-section-end\"><\/span><\/h2>\n<p>Na z\u00edskanie cenovej ponuky na medzin\u00e1rodn\u00fa prepravu automobilov m\u00f4\u017eete pou\u017ei\u0165 n\u00e1\u0161 formul\u00e1r v hornej \u010dasti str\u00e1nky. Pred prijat\u00edm akejko\u013evek cenovej ponuky sa v\u0161ak uistite, \u017ee plne rozumiete tomu, kto bude va\u0161e vozidlo riadi\u0165 alebo prepravova\u0165 (na ka\u017edom kroku cesty), ako bude va\u0161e vozidlo poisten\u00e9, a pre\u010d\u00edtajte si recenzie spolo\u010dnosti. <\/p>","protected":false},"excerpt":{"rendered":"<p>Looking for international car transport or vehicle shipping, but don&#8217;t know where to start? We can help you with everything from companies to costs to quotes. You can get started right away using our quote form above, or keep reading our guide below for more information. Auto Transport Companies The international car and auto transport [&hellip;]<\/p>\n","protected":false},"author":1,"featured_media":2753,"parent":0,"menu_order":0,"comment_status":"closed","ping_status":"closed","template":"","meta":{"_genesis_hide_title":false,"_genesis_hide_breadcrumbs":false,"_genesis_hide_singular_image":false,"_genesis_hide_footer_widgets":false,"_genesis_custom_body_class":"","_genesis_custom_post_class":"","_genesis_layout":"","footnotes":""},"class_list":{"0":"post-2752","1":"page","2":"type-page","3":"status-publish","4":"has-post-thumbnail","6":"entry"},"_links":{"self":[{"href":"https:\/\/moverdb.com\/sk\/wp-json\/wp\/v2\/pages\/2752","targetHints":{"allow":["GET"]}}],"collection":[{"href":"https:\/\/moverdb.com\/sk\/wp-json\/wp\/v2\/pages"}],"about":[{"href":"https:\/\/moverdb.com\/sk\/wp-json\/wp\/v2\/types\/page"}],"author":[{"embeddable":true,"href":"https:\/\/moverdb.com\/sk\/wp-json\/wp\/v2\/users\/1"}],"replies":[{"embeddable":true,"href":"https:\/\/moverdb.com\/sk\/wp-json\/wp\/v2\/comments?post=2752"}],"version-history":[{"count":18,"href":"https:\/\/moverdb.com\/sk\/wp-json\/wp\/v2\/pages\/2752\/revisions"}],"predecessor-version":[{"id":18593,"href":"https:\/\/moverdb.com\/sk\/wp-json\/wp\/v2\/pages\/2752\/revisions\/18593"}],"wp:featuredmedia":[{"embeddable":true,"href":"https:\/\/moverdb.com\/sk\/wp-json\/wp\/v2\/media\/2753"}],"wp:attachment":[{"href":"https:\/\/moverdb.com\/sk\/wp-json\/wp\/v2\/media?parent=2752"}],"curies":[{"name":"wp","href":"https:\/\/api.w.org\/{rel}","templated":true}]}}