{"id":270,"date":"2016-05-01T17:06:39","date_gmt":"2016-05-01T17:06:39","guid":{"rendered":"http:\/\/moverdb.com\/?page_id=270"},"modified":"2026-01-08T14:47:32","modified_gmt":"2026-01-08T14:47:32","slug":"anglo-pacificka","status":"publish","type":"page","link":"https:\/\/moverdb.com\/sk\/anglo-pacific\/","title":{"rendered":"Anglo Pacific: Medzin\u00e1rodn\u00e9 s\u0165ahovanie a preprava Recenzie"},"content":{"rendered":"<p>Spolo\u010dnos\u0165 Anglo Pacific pon\u00faka r\u00f4zne s\u0165ahovacie slu\u017eby, ktor\u00e9 pom\u00e1haj\u00fa \u013eu\u010fom s\u0165ahova\u0165 sa do zahrani\u010dia. Tu s\u00fa ich hlavn\u00e9 ponuky slu\u017eieb spolu s profilom spolo\u010dnosti a recenziami.<\/p>\n<p><strong>Slu\u017eby<\/strong> <\/p>\n<p><strong>S\u0165ahovacie slu\u017eby<\/strong> <\/p>\n<ul>\n<li> Dovoz<\/li>\n<li> Medzin\u00e1rodn\u00e9 premiestnenie<\/li>\n<li> Poskytovanie <a href=\"https:\/\/moverdb.com\/sk\/kontajnerova-preprava\/\">prepravn\u00e9 kontajnery<\/a><\/li>\n<li> S\u0165ahovanie divadla<\/li>\n<li> <a href=\"https:\/\/moverdb.com\/sk\/uk-removals\/man-and-van-cost\/\" data-internallinksmanager029f6b8e52c=\"380\" title=\"Ko\u013eko stoj\u00ed Man &amp; Van v Spojenom kr\u00e1\u013eovstve? 2026 Sprievodca\">Man and Van<\/a> pren\u00e1jom v <a href=\"https:\/\/moverdb.com\/sk\/moving-to-london\/\">Lond\u00fdn<\/a><\/li>\n<\/ul>\n<p><strong>Prepravn\u00e9 slu\u017eby<\/strong><\/p>\n<ul>\n<li> Bato\u017eina<\/li>\n<li> <a href=\"https:\/\/moverdb.com\/sk\/automobilova-doprava-a-preprava\/\">Aut\u00e1<\/a><\/li>\n<li> V\u00fdtvarn\u00e9 umenie<\/li>\n<li> N\u00e1kladn\u00e1 doprava<\/li>\n<li> Dovoz<\/li>\n<li> Motocykel<\/li>\n<li> Bato\u017eina<\/li>\n<li> Obchod<\/li>\n<li> \u0160tudent<\/li>\n<\/ul>\n<h2>Profil spolo\u010dnosti Anglo Pacific<\/h2>\n<p>Spolo\u010dnos\u0165 Anglo Pacific, ktor\u00e1 vznikla pred viac ako 30 rokmi, je najv\u00e4\u010d\u0161ou prepravnou a s\u0165ahovacou spolo\u010dnos\u0165ou v <a href=\"https:\/\/moverdb.com\/sk\/moving-to-the-uk\/\" data-internallinksmanager029f6b8e52c=\"93\" title=\"S\u0165ahujete sa do Spojen\u00e9ho kr\u00e1\u013eovstva? 2022 \u017divotn\u00e9 n\u00e1klady a tipy na pres\u0165ahovanie\">UK<\/a>, spracovanie viac ako 20 000 jednotliv\u00fdch z\u00e1sielok bato\u017einy a nespo\u010detn\u00e9 mno\u017estvo <a href=\"https:\/\/moverdb.com\/sk\/international-removals\/\" data-internallinksmanager029f6b8e52c=\"27\" title=\"36 najlep\u0161\u00edch medzin\u00e1rodn\u00fdch s\u0165ahovac\u00edch spolo\u010dnost\u00ed v Spojenom kr\u00e1\u013eovstve\">medzin\u00e1rodn\u00e9 s\u0165ahovanie<\/a> ka\u017ed\u00fd rok. <\/p>\n<p>Spolo\u010dnos\u0165 je hrd\u00e1 na to, \u017ee poskytuje prvotriedne, priate\u013esk\u00e9 a profesion\u00e1lne s\u0165ahovacie slu\u017eby, \u010di u\u017e ide o obsah celej nehnute\u013enosti, alebo o ch\u00falostiv\u00e9 predmety, ako je napr\u00edklad v\u00fdtvarn\u00e9 umenie. <\/p>\n<p>Spolo\u010dnos\u0165 Anglo Pacific venuje ve\u013ek\u00fa pozornos\u0165 v\u00fdberu najkvalitnej\u0161\u00edch odborn\u00edkov do svojho t\u00edmu a vymen\u00fava len tak\u00fdch zamestnancov, ktor\u00ed urobia pre z\u00e1kazn\u00edkov nie\u010do navy\u0161e, a tak\u00fdch, ktor\u00ed dok\u00e1\u017eu odborne zvl\u00e1dnu\u0165 bezpe\u010dn\u00fd a efekt\u00edvny presun osobn\u00fdch vec\u00ed. <\/p>\n<p>Okrem toho slu\u017eba sledovania v\u0161etk\u00fdch z\u00e1sielok umo\u017e\u0148uje zamestnancom presne ur\u010di\u0165 presn\u00fa polohu a stav odvozu, tak\u017ee z\u00e1kazn\u00edci si m\u00f4\u017eu by\u0165 ist\u00ed, \u017ee ich tovar je na ceste na ur\u010den\u00e9 miesto.<\/p>\n<p>Anglo Pacific zav\u00e1dza a udr\u017eiava mimoriadne vysok\u00e9 \u0161tandardy a ako \u010dlenovia <a href=\"https:\/\/moverdb.com\/sk\/bar-overseas\/\">Skupina Overseas<\/a> z <a href=\"https:\/\/moverdb.com\/sk\/britska-asociacia-vyrobcov\/\">Britsk\u00e1 asoci\u00e1cia s\u0165ahova\u010dov<\/a> (<a href=\"https:\/\/moverdb.com\/sk\/british-association-of-removers\/\" data-internallinksmanager029f6b8e52c=\"9\" title=\"Vysvetlenie Britskej asoci\u00e1cie s\u0165ahovate\u013eov (BAR)\">BAR<\/a>) sa sna\u017eia poskytova\u0165 len to najlep\u0161ie. <\/p>\n<p>Okrem toho dodr\u017eiavaj\u00fa z\u00e1ruku predbe\u017enej platby spolo\u010dnosti International Movers Mutual Insurance Company Ltd, ktor\u00e1 z\u00e1kazn\u00edkom poskytuje v\u00e4\u010d\u0161iu mieru d\u00f4very. <\/p>\n<h2>Anglo Pacific Recenzie<\/h2>\n<p><strong>Pozit\u00edvne<\/strong><\/p>\n<ul>\n<li> <em>\"V\u0161etk\u00fdm v Anglo Pacific a Keys Brothers patr\u00ed obrovsk\u00e1 v\u010faka. Na\u0161e s\u0165ahovanie z Lond\u00fdna do Perthu prebehlo hladko, ve\u013emi si cen\u00edme v\u0161etku va\u0161u pomoc. Ve\u013emi profesion\u00e1lne a efekt\u00edvne a v\u0161etko za skvel\u00fa cenu!!!\"<\/em> - Prostredn\u00edctvom <a href=\"http:\/\/www.reviewcentre.com\/reviews252735.html?ratingfilter=5#refineYourSearch\" target=\"_blank\" rel=\"noopener\">Recenzn\u00e9 centrum<\/a><\/li>\n<li> <em>\"Potreboval som posla\u0165 nejak\u00fa nadbyto\u010dn\u00fa bato\u017einu do <a href=\"https:\/\/moverdb.com\/sk\/moving-to-australia\/living-in-australia\/\" data-internallinksmanager029f6b8e52c=\"240\" title=\"21 tajomstiev o \u017eivote v Austr\u00e1lii, ktor\u00e9 by ste mali vedie\u0165 pred pres\u0165ahovan\u00edm\">Austr\u00e1lia<\/a>. Kontaktoval som mnoho \u013eud\u00ed na internete a nakoniec som narazil na spolo\u010dnos\u0165 Anglo Pacific. Moja bato\u017eina bola vyzdvihnut\u00e1 na\u010das a po\u010das cesty mi boli poskytnut\u00e9 inform\u00e1cie.\"<\/em> - Prostredn\u00edctvom <a href=\"http:\/\/www.reviewcentre.com\/Removal-Companies\/Anglo-Pacific-Removals-Company-www-anglopacific-co-uk-review_1596555\" target=\"_blank\" rel=\"noopener\">Recenzn\u00e9 centrum<\/a><\/li>\n<li> <em>\"Spolo\u010dnos\u0165 Anglo Pacific by som odporu\u010dil ka\u017ed\u00e9mu, kto chce bezpe\u010dne a efekt\u00edvne prepravi\u0165 svoje veci.\"<\/em> - prostredn\u00edctvom <a href=\"https:\/\/uk.trustpilot.com\/review\/anglopacific.co.uk\" target=\"_blank\" rel=\"noopener\">TrustPilot<\/a><\/li>\n<\/ul>\n<p><strong>Negat\u00edvne<\/strong><\/p>\n<ul>\n<li> <em>\"Pros\u00edm v\u00e1s, aby ste o Anglo Pacific \u010falej neuva\u017eovali!! Moja z\u00e1sielka pri\u0161la s \u00faplne rozbit\u00fdm riadom a krabicou s elektrick\u00fdmi predmetmi, ktor\u00e1 bola doru\u010den\u00e1 hore nohami!\"<\/em> - prostredn\u00edctvom <a href=\"http:\/\/www.reviewcentre.com\/Removal-Companies\/Anglo-Pacific-Removals-Company-www-anglopacific-co-uk-review_3741459\" target=\"_blank\" rel=\"noopener\">Recenzn\u00e9 centrum<\/a><\/li>\n<li> <em>\"\u0164a\u017eko m\u00f4\u017eem vyjadri\u0165 svoje zdesenie, ke\u010f som otvoril posledn\u00fa zo svojich \u0161kat\u00fa\u013e v <a href=\"https:\/\/moverdb.com\/sk\/moving-to-nyc\/\" data-internallinksmanager029f6b8e52c=\"57\" title=\"S\u0165ahujete sa do New Yorku? 2026 N\u00e1klady na b\u00fdvanie v New Yorku a tipy na pres\u0165ahovanie\">NYC<\/a> len aby som zistil, \u017ee moje najcennej\u0161ie veci a v\u00e4\u010d\u0161ina drah\u00e9ho kuchynsk\u00e9ho riadu ch\u00fdbaj\u00fa.\"<\/em> - prostredn\u00edctvom <a href=\"http:\/\/www.mymovingreviews.com\/movers\/anglo-pacific-international-1790\" target=\"_blank\" rel=\"noopener\">Moje s\u0165ahovanie Recenzie<\/a><\/li>\n<li> <em>\"Vyhnite sa - hrozn\u00e1 sk\u00fasenos\u0165 s \u00fapln\u00fdm nedostatkom starostlivosti a najhor\u0161ie po slu\u017ebe\"<\/em> - prostredn\u00edctvom <a href=\"https:\/\/uk.trustpilot.com\/reviews\/56d595280000ff000940e229\" target=\"_blank\" rel=\"noopener\">Trustpilot<\/a><\/li>\n<\/ul>\n<div itemprop=\"review\" itemscope itemtype=\"http:\/\/schema.org\/Review\">\n<span itemprop=\"author\" itemscope=\"\" itemtype=\"http:\/\/schema.org\/Organization\"><span itemprop=\"name\">MoverDB.com<\/span><\/span> Online preh\u013ead webov\u00fdch str\u00e1nok pre <span itemprop=\"itemreviewed\" itemscope=\"\" itemtype=\"http:\/\/schema.org\/Brand\"><span itemprop=\"name\">Anglo Pacific<\/span><\/span>:<\/p>\n<ol>\n<li> Jasn\u00e9 kontaktn\u00e9 \u00fadaje na webovej str\u00e1nke (vr\u00e1tane telef\u00f3nneho \u010d\u00edsla)? <strong>\u00c1no<\/strong><\/li>\n<li> Jednoduch\u00e9 z\u00edskanie <a href=\"https:\/\/moverdb.com\/sk\/citaty\/\">cit\u00e1cie medzin\u00e1rodn\u00fdch s\u0165ahovan\u00ed<\/a>? (Online formul\u00e1r \u017eiadosti o odhad): <strong>\u00c1no<\/strong><\/li>\n<li> Jasn\u00e9 inform\u00e1cie na webovej str\u00e1nke: <strong>\u00c1no<\/strong>, str\u00e1nky s\u00fa preh\u013eadn\u00e9 a je na nich jasne vidie\u0165, ak\u00e9 slu\u017eby pon\u00fakaj\u00fa.<\/li>\n<li> \u010dlenstvo v medzin\u00e1rodn\u00fdch uzn\u00e1van\u00fdch organiz\u00e1ci\u00e1ch pohybliv\u00fdch zvierat: <strong>\u00c1no<\/strong><\/li>\n<li> Zoznam klientov a\/alebo referencie predch\u00e1dzaj\u00facich z\u00e1kazn\u00edkov: <strong>\u00c1no <\/strong><\/li>\n<\/ol>\n<div itemprop=\"reviewRating\" itemscope itemtype=\"http:\/\/schema.org\/Rating\"><meta itemprop=\"worstRating\" content = \"0\" \/><meta itemprop=\"bestRating\" content=\"5\" \/><meta itemprop=\"ratingValue\" content=\"5\"><\/div>\n<p><strong>Celkov\u00e9 hodnotenie: 5\/5<\/strong><br \/>\n<strong>D\u00e1tum recenzie:<\/strong> <span itemprop=\"datePublished\" content=\"2016-05-01\">01\/05\/2016<\/span>\n<\/div>\n<p>Viac o <a href=\"https:\/\/moverdb.com\/sk\/medzinarodne-stahovanie\/\">S\u0165ahovacie spolo\u010dnosti v Spojenom kr\u00e1\u013eovstve<\/a> a na\u0161e <a href=\"https:\/\/moverdb.com\/sk\/recenzie\/\">vysvetlen\u00fd proces presk\u00famania<\/a>.<\/p>\n<p><strong>Webov\u00e1 lokalita:<\/strong> <a href=\"http:\/\/www.anglopacific.co.uk\" target=\"_blank\" rel=\"noopener\">http:\/\/www.anglopacific.co.uk<\/a><\/p>","protected":false},"excerpt":{"rendered":"<p>Anglo Pacific offers a variety of removal services to help people move overseas. Here are their core service offerings along with company profile and reviews. Services Removal Services Imports International Relocation Provision of shipping containers Theatrical removals Man and Van hire in London Shipping Services Baggage Cars Fine Art Freight Imports Motorbike Luggage Trade Student [&hellip;]<\/p>\n","protected":false},"author":1,"featured_media":0,"parent":0,"menu_order":0,"comment_status":"closed","ping_status":"closed","template":"","meta":{"_genesis_hide_title":false,"_genesis_hide_breadcrumbs":false,"_genesis_hide_singular_image":false,"_genesis_hide_footer_widgets":false,"_genesis_custom_body_class":"","_genesis_custom_post_class":"","_genesis_layout":"","footnotes":""},"class_list":{"0":"post-270","1":"page","2":"type-page","3":"status-publish","5":"entry"},"_links":{"self":[{"href":"https:\/\/moverdb.com\/sk\/wp-json\/wp\/v2\/pages\/270","targetHints":{"allow":["GET"]}}],"collection":[{"href":"https:\/\/moverdb.com\/sk\/wp-json\/wp\/v2\/pages"}],"about":[{"href":"https:\/\/moverdb.com\/sk\/wp-json\/wp\/v2\/types\/page"}],"author":[{"embeddable":true,"href":"https:\/\/moverdb.com\/sk\/wp-json\/wp\/v2\/users\/1"}],"replies":[{"embeddable":true,"href":"https:\/\/moverdb.com\/sk\/wp-json\/wp\/v2\/comments?post=270"}],"version-history":[{"count":12,"href":"https:\/\/moverdb.com\/sk\/wp-json\/wp\/v2\/pages\/270\/revisions"}],"predecessor-version":[{"id":6173,"href":"https:\/\/moverdb.com\/sk\/wp-json\/wp\/v2\/pages\/270\/revisions\/6173"}],"wp:attachment":[{"href":"https:\/\/moverdb.com\/sk\/wp-json\/wp\/v2\/media?parent=270"}],"curies":[{"name":"wp","href":"https:\/\/api.w.org\/{rel}","templated":true}]}}