{"id":2675,"date":"2017-05-03T15:16:49","date_gmt":"2017-05-03T15:16:49","guid":{"rendered":"https:\/\/moverdb.com\/?page_id=2675"},"modified":"2026-01-08T15:20:41","modified_gmt":"2026-01-08T15:20:41","slug":"shipping-to-singapore","status":"publish","type":"page","link":"https:\/\/moverdb.com\/sk\/shipping-to-singapore\/","title":{"rendered":"Doprava do Singapuru: \u010co potrebujete vedie\u0165"},"content":{"rendered":"<p><img loading=\"lazy\" decoding=\"async\" width=\"720\" height=\"313\" src=\"https:\/\/moverdb.com\/wp-content\/uploads\/shipping-to-singapore.png\" alt=\"Preprava do Singapuru\" class=\"aligncenter size-full wp-image-2676\" srcset=\"https:\/\/moverdb.com\/wp-content\/uploads\/shipping-to-singapore.png 720w, https:\/\/moverdb.com\/wp-content\/uploads\/shipping-to-singapore-300x130.png 300w, https:\/\/moverdb.com\/wp-content\/uploads\/shipping-to-singapore-600x261.png 600w\" sizes=\"auto, (max-width: 720px) 100vw, 720px\" \/><\/p>\n<p>\u010ci u\u017e ste <a href=\"https:\/\/moverdb.com\/sk\/stahovanie-do-singapuru\/\">s\u0165ahovanie do Singapuru<\/a> alebo len chcete posla\u0165 nieko\u013eko bal\u00edkov, m\u00f4\u017eeme v\u00e1m pom\u00f4c\u0165 n\u00e1js\u0165 najlep\u0161ie ponuky prepravy z <a href=\"https:\/\/moverdb.com\/sk\/moving-to-the-united-states\/\" data-internallinksmanager029f6b8e52c=\"94\" title=\"S\u0165ahujete sa do Spojen\u00fdch \u0161t\u00e1tov? 2022 \u017divotn\u00e9 n\u00e1klady a tipy na pres\u0165ahovanie\">US<\/a>, <a href=\"https:\/\/moverdb.com\/sk\/moving-to-the-uk\/\" data-internallinksmanager029f6b8e52c=\"93\" title=\"S\u0165ahujete sa do Spojen\u00e9ho kr\u00e1\u013eovstva? 2022 \u017divotn\u00e9 n\u00e1klady a tipy na pres\u0165ahovanie\">UK<\/a>, <a href=\"https:\/\/moverdb.com\/sk\/moving-to-australia\/living-in-australia\/\" data-internallinksmanager029f6b8e52c=\"240\" title=\"21 tajomstiev o \u017eivote v Austr\u00e1lii, ktor\u00e9 by ste mali vedie\u0165 pred pres\u0165ahovan\u00edm\">Austr\u00e1lia<\/a>, <a href=\"https:\/\/moverdb.com\/sk\/moving-to-canada\/\" data-internallinksmanager029f6b8e52c=\"265\" title=\"S\u0165ahovanie do Kanady? 2026 N\u00e1klady na b\u00fdvanie a tipy na pres\u0165ahovanie\">Kanada<\/a>, <a href=\"https:\/\/moverdb.com\/sk\/moving-to-france\/\" data-internallinksmanager029f6b8e52c=\"315\" title=\"S\u0165ahovanie do Franc\u00fazska? 2026 N\u00e1klady na \u017eivot a tipy na pres\u0165ahovanie\">Franc\u00fazsko<\/a>, <a href=\"https:\/\/moverdb.com\/sk\/moving-to-hong-kong\/\" data-internallinksmanager029f6b8e52c=\"350\" title=\"S\u0165ahujete sa do Hongkongu? 2026 N\u00e1klady na b\u00fdvanie a tipy na pres\u0165ahovanie\">Hongkong<\/a>, <a href=\"https:\/\/moverdb.com\/sk\/moving-to-new-zealand\/\" data-internallinksmanager029f6b8e52c=\"324\" title=\"S\u0165ahujete sa na Nov\u00fd Z\u00e9land? 2026 N\u00e1klady na \u017eivot a tipy na pres\u0165ahovanie\">Nov\u00fd Z\u00e9land<\/a>, <a href=\"https:\/\/moverdb.com\/sk\/moving-to-the-philippines\/\" data-internallinksmanager029f6b8e52c=\"376\" title=\"S\u0165ahujete sa na Filip\u00edny? 2026 N\u00e1klady na \u017eivot a tipy na pres\u0165ahovanie\">Filip\u00edny<\/a> a vo v\u00e4\u010d\u0161ine ostatn\u00fdch kraj\u00edn sveta. <\/p>\n<p>M\u00f4\u017eete za\u010da\u0165 pomocou vy\u0161\u0161ie uveden\u00e9ho formul\u00e1ra s bezplatnou cenovou ponukou. <\/p>\n<div id=\"ez-toc-container\" class=\"ez-toc-v2_0_82_2 ez-toc-wrap-left counter-hierarchy ez-toc-counter ez-toc-transparent ez-toc-container-direction\">\n<div class=\"ez-toc-title-container\">\n<p class=\"ez-toc-title\" style=\"cursor:inherit\">Sekcie<\/p>\n<span class=\"ez-toc-title-toggle\"><a href=\"#\" class=\"ez-toc-pull-right ez-toc-btn ez-toc-btn-xs ez-toc-btn-default ez-toc-toggle\" aria-label=\"Prep\u00ednanie tabu\u013eky obsahu\"><span class=\"ez-toc-js-icon-con\"><span class=\"\"><span class=\"eztoc-hide\" style=\"display:none;\">Prep\u00edna\u010d<\/span><span class=\"ez-toc-icon-toggle-span\"><svg style=\"fill: #999;color:#999\" xmlns=\"http:\/\/www.w3.org\/2000\/svg\" class=\"list-377408\" width=\"20px\" height=\"20px\" viewbox=\"0 0 24 24\" fill=\"none\"><path d=\"M6 6H4v2h2V6zm14 0H8v2h12V6zM4 11h2v2H4v-2zm16 0H8v2h12v-2zM4 16h2v2H4v-2zm16 0H8v2h12v-2z\" fill=\"currentColor\"><\/path><\/svg><svg style=\"fill: #999;color:#999\" class=\"arrow-unsorted-368013\" xmlns=\"http:\/\/www.w3.org\/2000\/svg\" width=\"10px\" height=\"10px\" viewbox=\"0 0 24 24\" version=\"1.2\" baseprofile=\"tiny\"><path d=\"M18.2 9.3l-6.2-6.3-6.2 6.3c-.2.2-.3.4-.3.7s.1.5.3.7c.2.2.4.3.7.3h11c.3 0 .5-.1.7-.3.2-.2.3-.5.3-.7s-.1-.5-.3-.7zM5.8 14.7l6.2 6.3 6.2-6.3c.2-.2.3-.5.3-.7s-.1-.5-.3-.7c-.2-.2-.4-.3-.7-.3h-11c-.3 0-.5.1-.7.3-.2.2-.3.5-.3.7s.1.5.3.7z\"\/><\/svg><\/span><\/span><\/span><\/a><\/span><\/div>\n<nav><ul class='ez-toc-list ez-toc-list-level-1 eztoc-toggle-hide-by-default' ><li class='ez-toc-page-1 ez-toc-heading-level-2'><a class=\"ez-toc-link ez-toc-heading-1\" href=\"https:\/\/moverdb.com\/sk\/shipping-to-singapore\/#Shipping_to_Singapore_From_The_US\" >Preprava do Singapuru z USA<\/a><\/li><li class='ez-toc-page-1 ez-toc-heading-level-2'><a class=\"ez-toc-link ez-toc-heading-2\" href=\"https:\/\/moverdb.com\/sk\/shipping-to-singapore\/#Shipping_to_Singapore_From_The_UK\" >Preprava do Singapuru zo Spojen\u00e9ho kr\u00e1\u013eovstva<\/a><\/li><li class='ez-toc-page-1 ez-toc-heading-level-2'><a class=\"ez-toc-link ez-toc-heading-3\" href=\"https:\/\/moverdb.com\/sk\/shipping-to-singapore\/#Shipping_to_Singapore_From_Australia\" >Doprava do Singapuru z Austr\u00e1lie<\/a><\/li><li class='ez-toc-page-1 ez-toc-heading-level-2'><a class=\"ez-toc-link ez-toc-heading-4\" href=\"https:\/\/moverdb.com\/sk\/shipping-to-singapore\/#Shipping_to_Singapore_From_Canada\" >Doprava do Singapuru z Kanady<\/a><\/li><li class='ez-toc-page-1 ez-toc-heading-level-2'><a class=\"ez-toc-link ez-toc-heading-5\" href=\"https:\/\/moverdb.com\/sk\/shipping-to-singapore\/#Shipping_to_Singapore_From_France\" >Doprava do Singapuru z Franc\u00fazska<\/a><\/li><li class='ez-toc-page-1 ez-toc-heading-level-2'><a class=\"ez-toc-link ez-toc-heading-6\" href=\"https:\/\/moverdb.com\/sk\/shipping-to-singapore\/#Shipping_to_Singapore_From_Hong_Kong\" >Preprava do Singapuru z Hongkongu<\/a><\/li><li class='ez-toc-page-1 ez-toc-heading-level-2'><a class=\"ez-toc-link ez-toc-heading-7\" href=\"https:\/\/moverdb.com\/sk\/shipping-to-singapore\/#Shipping_to_Singapore_From_New_Zealand\" >Doprava do Singapuru z Nov\u00e9ho Z\u00e9landu<\/a><\/li><li class='ez-toc-page-1 ez-toc-heading-level-2'><a class=\"ez-toc-link ez-toc-heading-8\" href=\"https:\/\/moverdb.com\/sk\/shipping-to-singapore\/#Shipping_to_Singapore_From_the_Philippines\" >Preprava do Singapuru z Filip\u00edn<\/a><\/li><li class='ez-toc-page-1 ez-toc-heading-level-2'><a class=\"ez-toc-link ez-toc-heading-9\" href=\"https:\/\/moverdb.com\/sk\/shipping-to-singapore\/#Singapore_Import_Duties_Taxes\" >Dovozn\u00e9 cl\u00e1 a dane v Singapure<\/a><\/li><li class='ez-toc-page-1 ez-toc-heading-level-2'><a class=\"ez-toc-link ez-toc-heading-10\" href=\"https:\/\/moverdb.com\/sk\/shipping-to-singapore\/#Restricted_Items_in_Singapore\" >Polo\u017eky s obmedzen\u00edm v Singapure<\/a><\/li><li class='ez-toc-page-1 ez-toc-heading-level-2'><a class=\"ez-toc-link ez-toc-heading-11\" href=\"https:\/\/moverdb.com\/sk\/shipping-to-singapore\/#Other_Useful_Guides_to_Singapore\" >\u010eal\u0161ie u\u017eito\u010dn\u00e9 pr\u00edru\u010dky pre Singapur<\/a><\/li><\/ul><\/nav><\/div>\n<h2><span class=\"ez-toc-section\" id=\"Shipping_to_Singapore_From_The_US\"><\/span>Preprava do Singapuru z USA<span class=\"ez-toc-section-end\"><\/span><\/h2>\n<p><strong><a href=\"https:\/\/moverdb.com\/sk\/container-shipping\/\" data-internallinksmanager029f6b8e52c=\"3\" title=\"Graf sadzieb medzin\u00e1rodnej kontajnerovej prepravy: Apr\u00edl 2026\">N\u00e1klady na prepravu kontajnerov<\/a> Z adresy <a href=\"https:\/\/moverdb.com\/sk\/stahovanie-do-los-angeles\/\">Los Angeles<\/a><\/strong><\/p>\n<ul>\n<li> 20 stopov\u00fd kontajner: $750 - $830<\/li>\n<li> 40ft kontajner: $1,120 - $1,235<\/li>\n<\/ul>\n<p><strong>N\u00e1klady na prepravu kontajnerov od <a href=\"https:\/\/moverdb.com\/sk\/stahovanie-do-nc\/\">New York<\/a><\/strong><\/p>\n<ul>\n<li> 20 stopov\u00fd kontajner: $975 - $1,080<\/li>\n<li> 40ft kontajner: $1,460 - $1,610<\/li>\n<\/ul>\n<p><strong>N\u00e1klady na prepravu bal\u00edkov<\/strong><\/p>\n<ul>\n<li> Prv\u00fdch 0,5 kg: $11.80+<\/li>\n<li> Ka\u017ed\u00fdch \u010fal\u0161\u00edch 0,5 kg: $3,25+<\/li>\n<\/ul>\n<p><em>Zdroj:<\/em> <a href=\"http:\/\/comgateway.com\/ship-to-Singapore\/\" target=\"_blank\" rel=\"noopener noreferrer\">comGateway<\/a><\/p>\n<p><strong>\u010cas prepravy<\/strong><\/p>\n<ul>\n<li> <strong>Vzduch:<\/strong> 1-3 dni<\/li>\n<li> <strong>More:<\/strong> Pribli\u017ene 1 mesiac<\/li>\n<\/ul>\n<h2><span class=\"ez-toc-section\" id=\"Shipping_to_Singapore_From_The_UK\"><\/span>Preprava do Singapuru zo Spojen\u00e9ho kr\u00e1\u013eovstva<span class=\"ez-toc-section-end\"><\/span><\/h2>\n<p><strong>N\u00e1klady na prepravu kontajnerov od <a href=\"https:\/\/moverdb.com\/sk\/moving-to-london\/\">Lond\u00fdn<\/a><\/strong><\/p>\n<ul>\n<li> 20 st\u00f4p kontajnera: \u00a3 895 - \u00a3 1,000<\/li>\n<li> 40ft kontajner: 1 340 - 1 480 libier<\/li>\n<\/ul>\n<p><strong>N\u00e1klady na prepravu bal\u00edkov<\/strong><\/p>\n<ul>\n<li> Do 1 kg: \u00a320.12+<\/li>\n<li> Do 20 kg: \u00a387.31+<\/li>\n<\/ul>\n<p><em>Zdroj:<\/em> <a href=\"https:\/\/www.transglobalexpress.co.uk\/parcel-to\/singapore\/\" target=\"_blank\" rel=\"noopener noreferrer\">Transglobal Express<\/a><\/p>\n<p><strong>\u010cas prepravy<\/strong><\/p>\n<ul>\n<li> <strong>Vzduch:<\/strong> 1-3 dni<\/li>\n<li> <strong>More:<\/strong> Pribli\u017ene 1 mesiac<\/li>\n<\/ul>\n<h2><span class=\"ez-toc-section\" id=\"Shipping_to_Singapore_From_Australia\"><\/span>Doprava do Singapuru z Austr\u00e1lie<span class=\"ez-toc-section-end\"><\/span><\/h2>\n<p><strong>N\u00e1klady na prepravu kontajnerov od <a href=\"https:\/\/moverdb.com\/sk\/stahovanie-do-sydney\/\">Sydney<\/a><\/strong><\/p>\n<ul>\n<li> 20 stopov\u00fd kontajner: $980 - $1,080 AUD<\/li>\n<li> 40ft kontajner: $1,470 - $1,620 AUD<\/li>\n<\/ul>\n<p><strong>N\u00e1klady na prepravu bal\u00edkov<\/strong><\/p>\n<ul>\n<li> Mal\u00e1 ta\u0161ka (do 500 g): $22.26+<\/li>\n<li> Krabica (do 5 kg): $81.73+<\/li>\n<\/ul>\n<p><em>Zdroj:<\/em> <a href=\"https:\/\/auspost.com.au\/parcels-mail\/calculate-postage-delivery-times\/#\/\" target=\"_blank\" rel=\"noopener noreferrer\">Austr\u00e1lska po\u0161ta<\/a><\/p>\n<p><strong>\u010cas prepravy<\/strong><\/p>\n<ul>\n<li> <strong>Vzduch:<\/strong> 1-3 dni<\/li>\n<li> <strong>More:<\/strong> Pribli\u017ene 20 dn\u00ed<\/li>\n<\/ul>\n<h2><span class=\"ez-toc-section\" id=\"Shipping_to_Singapore_From_Canada\"><\/span>Doprava do Singapuru z Kanady<span class=\"ez-toc-section-end\"><\/span><\/h2>\n<p><strong>N\u00e1klady na prepravu kontajnerov od <a href=\"https:\/\/moverdb.com\/sk\/moving-to-canada\/moving-to-montreal\/\" data-internallinksmanager029f6b8e52c=\"410\" title=\"S\u0165ahujete sa do Montrealu? 2026 N\u00e1klady na b\u00fdvanie a tipy na pres\u0165ahovanie\">Montreal<\/a><\/strong><\/p>\n<ul>\n<li> 20 st\u00f4p kontajnera: $1,640 - $1,800 CAD<\/li>\n<li> 40ft kontajner: $2,440 - $2,700 CAD<\/li>\n<\/ul>\n<p><strong>N\u00e1klady na prepravu kontajnerov od <a href=\"https:\/\/moverdb.com\/sk\/moving-to-canada\/moving-to-vancouver\/\" data-internallinksmanager029f6b8e52c=\"438\" title=\"S\u0165ahujete sa do Vancouveru? 2026 N\u00e1klady na b\u00fdvanie a tipy na pres\u0165ahovanie\">Vancouver<\/a><\/strong><\/p>\n<ul>\n<li> 20 st\u00f4p kontajnera: $990 - $1,100 CAD<\/li>\n<li> 40ft kontajner: $1,480 - $1,630 CAD<\/li>\n<\/ul>\n<p><strong>N\u00e1klady na prepravu bal\u00edkov<\/strong><\/p>\n<ul>\n<li> 1 kg: $20.29 - $105.44+<\/li>\n<li> 10 kg: $139.85 - $412.93+<\/li>\n<\/ul>\n<p><em>Zdroj:<\/em> <a href=\"https:\/\/www.canadapost.ca\/cpotools\/apps\/far\/personal\/farInt\" target=\"_blank\" rel=\"noopener noreferrer\">Kanadsk\u00e1 po\u0161ta<\/a><\/p>\n<p><strong>\u010cas prepravy<\/strong><\/p>\n<ul>\n<li> <strong>Vzduch:<\/strong> 1-3 dni<\/li>\n<li> <strong>More:<\/strong> Pribli\u017ene 1 mesiac<\/li>\n<\/ul>\n<h2><span class=\"ez-toc-section\" id=\"Shipping_to_Singapore_From_France\"><\/span>Doprava do Singapuru z Franc\u00fazska<span class=\"ez-toc-section-end\"><\/span><\/h2>\n<p><strong>N\u00e1klady na kontajnerov\u00fa prepravu z Marseille<\/strong><\/p>\n<ul>\n<li> 20 st\u00f4p kontajnera: 740 - 820 EUR<\/li>\n<li> 40ft kontajner: 1 100 - 1 220 \u20ac<\/li>\n<\/ul>\n<p><strong>\u010cas prepravy<\/strong><\/p>\n<ul>\n<li> <strong>Vzduch:<\/strong> 1-3 dni<\/li>\n<li> <strong>More:<\/strong> Pribli\u017ene 1 mesiac<\/li>\n<\/ul>\n<h2><span class=\"ez-toc-section\" id=\"Shipping_to_Singapore_From_Hong_Kong\"><\/span>Preprava do Singapuru z Hongkongu<span class=\"ez-toc-section-end\"><\/span><\/h2>\n<p><strong>N\u00e1klady na prepravu kontajnerov<\/strong><\/p>\n<ul>\n<li> 20 stopov\u00fd kontajner: $1,820 - $2,010 HKD<\/li>\n<li> 40ft kontajner: $1,860 - $2,060 HKD<\/li>\n<\/ul>\n<p><strong>\u010cas prepravy<\/strong><\/p>\n<ul>\n<li> <strong>Vzduch:<\/strong> 1-2 dni<\/li>\n<li> <strong>More:<\/strong> Pribli\u017ene 12 dn\u00ed<\/li>\n<\/ul>\n<h2><span class=\"ez-toc-section\" id=\"Shipping_to_Singapore_From_New_Zealand\"><\/span>Doprava do Singapuru z Nov\u00e9ho Z\u00e9landu<span class=\"ez-toc-section-end\"><\/span><\/h2>\n<p><strong>N\u00e1klady na prepravu kontajnerov z Aucklandu<\/strong><\/p>\n<ul>\n<li> 20 st\u00f4p kontajnera: $1,860 - $2,050 NZD<\/li>\n<li> 40ft kontajner: $2,775 - $3,070 NZD<\/li>\n<\/ul>\n<p><strong>\u010cas prepravy<\/strong><\/p>\n<ul>\n<li> <strong>Vzduch:<\/strong> 1-3 dni<\/li>\n<li> <strong>More:<\/strong> Pribli\u017ene 23 dn\u00ed<\/li>\n<\/ul>\n<h2><span class=\"ez-toc-section\" id=\"Shipping_to_Singapore_From_the_Philippines\"><\/span>Preprava do Singapuru z Filip\u00edn<span class=\"ez-toc-section-end\"><\/span><\/h2>\n<p><strong>N\u00e1klady na prepravu kontajnerov z Manily<\/strong><\/p>\n<ul>\n<li> 20 st\u00f4p kontajnera: \u20b118 300 - \u20b120 255<\/li>\n<li> 40ft kontajner: \u20b127,350 - \u20b130,230<\/li>\n<\/ul>\n<p><strong>\u010cas prepravy<\/strong><\/p>\n<ul>\n<li> <strong>Vzduch:<\/strong> 1-3 dni<\/li>\n<li> <strong>More:<\/strong> Pribli\u017ene 12 dn\u00ed<\/li>\n<\/ul>\n<p>\u00dadaje o n\u00e1kladoch na kontajnerov\u00fa prepravu vych\u00e1dzaj\u00fa zo zasielania tovaru po mori a poch\u00e1dzaj\u00fa z na\u0161ej <a href=\"https:\/\/moverdb.com\/sk\/kontajnerova-preprava\/\">sadzby medzin\u00e1rodnej kontajnerovej prepravy<\/a> str\u00e1nku a <a href=\"http:\/\/worldfreightrates.com\" target=\"_blank\" rel=\"noopener noreferrer\">WorldFreightRates.com<\/a>, \u010cas prepravy leteckou dopravou poch\u00e1dza z <a href=\"https:\/\/wwwapps.ups.com\/fctc\/timeandcost\" target=\"_blank\" rel=\"noopener noreferrer\">Kalkula\u010dka \u010dasu a n\u00e1kladov UPS<\/a>a \u010dasy prepravy po mori poch\u00e1dzaj\u00fa z <a href=\"https:\/\/www.searates.com\" target=\"_blank\" rel=\"noopener noreferrer\">SeaRates.com<\/a>.<\/p>\n<h2><span class=\"ez-toc-section\" id=\"Singapore_Import_Duties_Taxes\"><\/span>Dovozn\u00e9 cl\u00e1 a dane v Singapure<span class=\"ez-toc-section-end\"><\/span><\/h2>\n<p>Ak prepravujete tovar pre dom\u00e1cnos\u0165 a osobn\u00e9 veci do <a href=\"https:\/\/moverdb.com\/sk\/moving-to-singapore\/\" data-internallinksmanager029f6b8e52c=\"68\" title=\"S\u0165ahovanie do Singapuru? 2022 \u017divotn\u00e9 n\u00e1klady a tipy na pres\u0165ahovanie\">Singapur<\/a> na tovar v hodnote viac ako 400 SGD sa vz\u0165ahuje da\u0148 z tovaru a slu\u017eieb (GST) vo v\u00fd\u0161ke 7%. M\u00f4\u017eete si v\u0161ak uplatni\u0165 \u00fa\u013eavu, ak platia nasleduj\u00face podmienky:<\/p>\n<blockquote><p>\u00da\u013eavu na GST mo\u017eno poskytn\u00fa\u0165 na dovoz pou\u017eit\u00fdch predmetov pre dom\u00e1cnos\u0165 a osobn\u00fdch predmetov do:<\/p>\n<p>Singapur\u010dania a osoby s trval\u00fdm pobytom v Singapure (PR) s pobytom v zahrani\u010d\u00ed, ktor\u00ed sa vracaj\u00fa na obnovenie pobytu v Singapure<br \/>\nCudzinci, ktor\u00ed menia bydlisko alebo sa s\u0165ahuj\u00fa do Singapuru<\/p>\n<p>\u00da\u013eava na GST podlieha t\u00fdmto podmienkam:<\/p>\n<p>T\u00e1to osoba coln\u00fdm org\u00e1nom preuk\u00e1\u017ee, \u017ee:<\/p>\n<ul>\n<li> Men\u00ed svoje bydlisko na Singapur;<\/li>\n<li> Je vlastn\u00edkom dovezen\u00fdch predmetov, osobn\u00fdch vec\u00ed a osobn\u00fdch dom\u00e1cich zvierat;<\/li>\n<li> predmety a osobn\u00e9 veci boli v jeho vlastn\u00edctve a pou\u017e\u00edvali sa najmenej tri mesiace a<\/li>\n<li> Predmety a osobn\u00e9 veci sa dov\u00e1\u017eaj\u00fa letecky alebo po mori.<\/li>\n<li> Predmety, osobn\u00e9 veci a osobn\u00e9 dom\u00e1ce zvierat\u00e1 sa dov\u00e1\u017eaj\u00fa do 6 mesiacov od jeho prv\u00e9ho pr\u00edchodu do Singapuru.<\/li>\n<li> Predklad\u00e1 sa z\u00e1v\u00e4zok, \u017ee predmety a osobn\u00e9 veci nebud\u00fa zlikvidovan\u00e9 do troch mesiacov od d\u00e1tumu dovozu.<\/li>\n<\/ul>\n<p>V pr\u00edpade ob\u010danov Singapuru a PR, ktor\u00ed sa vracaj\u00fa, musia ma\u0165 pobyt v cudzej krajine dlh\u0161\u00ed ako 6 mesiacov, aby mali n\u00e1rok na t\u00fato \u00fa\u013eavu na GST.<\/p><\/blockquote>\n<p><strong>Zdroj:<\/strong> <a href=\"https:\/\/www.customs.gov.sg\/businesses\/importing-goods\/import-procedures\/importing-used-household-articles-and-personal-effects\" target=\"_blank\" rel=\"noopener noreferrer\">Singapursk\u00e1 colnica<\/a><\/p>\n<p>Upozor\u0148ujeme, \u017ee existuj\u00fa <a href=\"https:\/\/www.customs.gov.sg\/businesses\/valuation-duties-taxes--fees\/duties-and-dutiable-goods\" target=\"_blank\" rel=\"noopener noreferrer\">existuj\u00fa 4 kateg\u00f3rie tovaru podliehaj\u00faceho clu<\/a> (na ktor\u00e9 sa nevz\u0165ahuje \u00fa\u013eava na GST):<\/p>\n<ul>\n<li> Omamn\u00e9 n\u00e1poje: Na z\u00e1klade jedn\u00e9ho z dvoch vzorcov: <em>Splatn\u00e9 clo = celkov\u00e9 mno\u017estvo v litroch x coln\u00e1 a\/alebo spotrebn\u00e1 sadzba x percentu\u00e1lny obsah alkoholu<\/em> <strong>alebo<\/strong><em> Splatn\u00e9 clo = celkov\u00e9 mno\u017estvo podliehaj\u00face clu v kilogramoch x coln\u00e1 sadzba<\/em>.<\/li>\n<li> Tabakov\u00e9 v\u00fdrobky - <em>Cigarety:<\/em> Splatn\u00e9 clo = celkov\u00fd po\u010det ty\u010diniek x hmotnos\u0165 jednotliv\u00fdch ty\u010diniek (ka\u017ed\u00fd gram alebo jeho \u010das\u0165) x sadzba spotrebnej dane - <em>v\u0161etky ostatn\u00e9 tabakov\u00e9 v\u00fdrobky:<\/em> Splatn\u00e9 clo = celkov\u00e1 hmotnos\u0165 (v kilogramoch) x sadzba spotrebnej dane<\/li>\n<li> Aut\u00e1 a motorov\u00e9 vozidl\u00e1 - <em>Splatn\u00e9 clo = coln\u00e1 hodnota x sadzba spotrebnej dane<\/em>; pre osobn\u00e9 a klasick\u00e9 vozidl\u00e1 je sadzba spotrebnej dane <strong>20%<\/strong> a pre motocykle a sk\u00fatre je sadzba spotrebnej dane <strong>12%<\/strong>.<\/li>\n<li> Ropn\u00e9 v\u00fdrobky a zmesi bionafty - Ropn\u00e9 v\u00fdrobky: <em>Splatn\u00e9 clo = celkov\u00fd objem x sadzba spotrebnej dane<\/em>, stla\u010den\u00fd zemn\u00fd plyn (Cng): <em>Splatn\u00e9 clo = celkov\u00e1 hmotnos\u0165 x sadzba spotrebnej dane<\/em>, zmes bionafty splatn\u00e9 clo = <em>Objem nafty x sadzba spotrebnej dane<\/em>.<\/li>\n<\/ul>\n<p>Podrobn\u00e9 inform\u00e1cie n\u00e1jdete na str\u00e1nke Singapursk\u00e9 coln\u00e9 org\u00e1ny <a href=\"https:\/\/www.customs.gov.sg\/businesses\/importing-goods\/import-procedures\" target=\"_blank\" rel=\"noopener noreferrer\">Importn\u00e9 postupy tu<\/a>.<\/p>\n<h2><span class=\"ez-toc-section\" id=\"Restricted_Items_in_Singapore\"><\/span>Polo\u017eky s obmedzen\u00edm v Singapure<span class=\"ez-toc-section-end\"><\/span><\/h2>\n<p>Singapursk\u00e1 coln\u00e1 spr\u00e1va uv\u00e1dza tieto polo\u017eky ako zak\u00e1zan\u00e9 a\/alebo kontrolovan\u00e9 (<a href=\"https:\/\/www.customs.gov.sg\/individuals\/going-through-customs\/arrival\/prohibited-and-controlled-goods\" target=\"_blank\" rel=\"noopener noreferrer\">pozri webov\u00fa str\u00e1nku<\/a> pre \u00fapln\u00e9 inform\u00e1cie):<\/p>\n<ul>\n<li> \u017duva\u010dky (okrem \u00fastnych zubn\u00fdch a lie\u010div\u00fdch \u017euva\u010diek schv\u00e1len\u00fdch \u00daradom pre zdravotn\u00edctvo)<\/li>\n<li> \u017duvac\u00ed tabak a napodobeniny tabakov\u00fdch v\u00fdrobkov (napr\u00edklad elektronick\u00e9 cigarety)<\/li>\n<li> \u0160i\u0161a<\/li>\n<li> Bezdymov\u00e9 cigary, bezdymov\u00e9 cigarky alebo bezdymov\u00e9 cigarety<\/li>\n<li> Rozpustn\u00fd tabak alebo nikot\u00edn<\/li>\n<li> Ak\u00fdko\u013evek v\u00fdrobok obsahuj\u00faci nikot\u00edn alebo tabak, ktor\u00fd sa m\u00f4\u017ee pou\u017e\u00edva\u0165 lok\u00e1lne na aplik\u00e1ciu, implant\u00e1tom alebo injek\u010dne do akejko\u013evek \u010dasti tela.<\/li>\n<li> Ak\u00fdko\u013evek roztok alebo l\u00e1tka, ktorej zlo\u017ekou je tabak alebo nikot\u00edn a ktor\u00e1 je ur\u010den\u00e1 na pou\u017eitie s elektronick\u00fdm syst\u00e9mom dod\u00e1vania nikot\u00ednu alebo odparova\u010dmi.<\/li>\n<li> \u0160\u0148upac\u00ed tabak do nosa (s \u00fa\u010dinnos\u0165ou od 1. augusta 2016)<\/li>\n<li> Peror\u00e1lny tabak (s \u00fa\u010dinnos\u0165ou od 1. augusta 2016)<\/li>\n<li> Gutkha, khaini a zarda (s \u00fa\u010dinnos\u0165ou od 1. augusta 2016)<\/li>\n<li> Zapa\u013eova\u010de cigariet v tvare pi\u0161tole alebo revolvera<\/li>\n<p>Contr<\/p>\n<li> olovan\u00e9 drogy a psychotropn\u00e9 l\u00e1tky<\/li>\n<li> Ohrozen\u00e9 druhy vo\u013ene \u017eij\u00facich \u017eivo\u010d\u00edchov a ich ved\u013eaj\u0161ie produkty<\/li>\n<li> Petardy<\/li>\n<li> Obsc\u00e9nne \u010dl\u00e1nky, publik\u00e1cie a videokazety\/disky<\/li>\n<li> Reprodukcia publik\u00e1ci\u00ed, softv\u00e9ru, videokaziet, videokompaktn\u00fdch diskov, laserov\u00fdch diskov, platn\u00ed alebo kaziet chr\u00e1nen\u00fdch autorsk\u00fdm pr\u00e1vom<\/li>\n<li> Podvratn\u00e9 a vlastizradn\u00e9 materi\u00e1ly<\/li>\n<\/ul>\n<p>Ak si nie ste ist\u00ed in\u00fdm tovarom, pred odoslan\u00edm tovaru sa s nimi pora\u010fte.<\/p>\n<h2><span class=\"ez-toc-section\" id=\"Other_Useful_Guides_to_Singapore\"><\/span>\u010eal\u0161ie u\u017eito\u010dn\u00e9 pr\u00edru\u010dky pre Singapur<span class=\"ez-toc-section-end\"><\/span><\/h2>\n<ul>\n<li> <a href=\"https:\/\/moverdb.com\/sk\/kontajnerova-preprava\/singapur\/\">2024 Ceny n\u00e1mornej n\u00e1kladnej kontajnerovej dopravy do a zo Singapuru<\/a><\/li>\n<li> <a href=\"https:\/\/moverdb.com\/sk\/stahovacie-spolocnosti\/moving-companies-singapore\/\">22 Najlep\u0161ie medzin\u00e1rodn\u00e9 s\u0165ahovacie spolo\u010dnosti v Singapure<\/a><\/li>\n<li> <a href=\"https:\/\/moverdb.com\/sk\/shipping-to-singapore\/\">Doprava do Singapuru: \u010co potrebujete vedie\u0165<\/a><\/li>\n<li> <a href=\"https:\/\/moverdb.com\/sk\/stahovanie-do-singapuru\/\">S\u0165ahujete sa do Singapuru? 2024 N\u00e1klady na b\u00fdvanie a tipy na pres\u0165ahovanie<\/a><\/li>\n<li> <a href=\"https:\/\/moverdb.com\/sk\/stahovanie-do-singapuru\/best-places-to-live-singapore\/\">12 najlep\u0161\u00edch miest na \u017eivot v Singapure<\/a><\/li>\n<li> <a href=\"https:\/\/moverdb.com\/sk\/stahovanie-do-singapuru\/living-in-singapore\/\">21 tajomstiev o \u017eivote v Singapure, ktor\u00e9 treba vedie\u0165 pred pres\u0165ahovan\u00edm<\/a><\/li>\n<li> <a href=\"https:\/\/moverdb.com\/sk\/stahovanie-do-singapuru\/moving-to-singapore-from-the-united-states\/\">S\u0165ahovanie do Singapuru zo Spojen\u00fdch \u0161t\u00e1tov<\/a><\/li>\n<\/ul>","protected":false},"excerpt":{"rendered":"<p>Whether you&#8217;re moving to Singapore or just looking to ship a few parcels, we can help you find the best shipping deals from the US, UK, Australia, Canada, France, Hong Kong, New Zealand, Philippines and most other countries around the world. You can get started by using the free quote form above. Shipping to Singapore [&hellip;]<\/p>\n","protected":false},"author":1,"featured_media":2676,"parent":0,"menu_order":0,"comment_status":"closed","ping_status":"closed","template":"","meta":{"_genesis_hide_title":false,"_genesis_hide_breadcrumbs":false,"_genesis_hide_singular_image":false,"_genesis_hide_footer_widgets":false,"_genesis_custom_body_class":"","_genesis_custom_post_class":"","_genesis_layout":"","footnotes":""},"class_list":{"0":"post-2675","1":"page","2":"type-page","3":"status-publish","4":"has-post-thumbnail","6":"entry"},"_links":{"self":[{"href":"https:\/\/moverdb.com\/sk\/wp-json\/wp\/v2\/pages\/2675","targetHints":{"allow":["GET"]}}],"collection":[{"href":"https:\/\/moverdb.com\/sk\/wp-json\/wp\/v2\/pages"}],"about":[{"href":"https:\/\/moverdb.com\/sk\/wp-json\/wp\/v2\/types\/page"}],"author":[{"embeddable":true,"href":"https:\/\/moverdb.com\/sk\/wp-json\/wp\/v2\/users\/1"}],"replies":[{"embeddable":true,"href":"https:\/\/moverdb.com\/sk\/wp-json\/wp\/v2\/comments?post=2675"}],"version-history":[{"count":17,"href":"https:\/\/moverdb.com\/sk\/wp-json\/wp\/v2\/pages\/2675\/revisions"}],"predecessor-version":[{"id":16941,"href":"https:\/\/moverdb.com\/sk\/wp-json\/wp\/v2\/pages\/2675\/revisions\/16941"}],"wp:featuredmedia":[{"embeddable":true,"href":"https:\/\/moverdb.com\/sk\/wp-json\/wp\/v2\/media\/2676"}],"wp:attachment":[{"href":"https:\/\/moverdb.com\/sk\/wp-json\/wp\/v2\/media?parent=2675"}],"curies":[{"name":"wp","href":"https:\/\/api.w.org\/{rel}","templated":true}]}}